{"id":7667,"date":"2026-05-16T08:59:59","date_gmt":"2026-05-16T01:59:59","guid":{"rendered":"https:\/\/tpenergy.com.vn\/?post_type=product&#038;p=7667"},"modified":"2026-05-16T09:45:30","modified_gmt":"2026-05-16T02:45:30","slug":"pin-luu-tru-anker-solix-solarbank-3-e2700-pro","status":"publish","type":"product","link":"https:\/\/tpenergy.com.vn\/?product=pin-luu-tru-anker-solix-solarbank-3-e2700-pro","title":{"rendered":"Pin l\u01b0u tr\u1eef Anker SOLIX Solarbank 3 E2700 Pro"},"content":{"rendered":"<div class=\"x11i5rnm xat24cr x1mh8g0r x1vvkbs xtlvy1s x126k92a\">\n<h1 data-start=\"50\" data-end=\"281\">Pin l\u01b0u tr\u1eef Anker SOLIX Solarbank 3 E2700 Pro<\/h1>\n<p data-start=\"50\" data-end=\"281\">Anker SOLIX Solarbank 3 E2700 Pro l\u00e0 d\u00f2ng pin l\u01b0u tr\u1eef n\u0103ng l\u01b0\u1ee3ng th\u00f4ng minh cao c\u1ea5p c\u1ee7a Anker SOLIX, \u0111\u01b0\u1ee3c thi\u1ebft k\u1ebf nh\u1eb1m t\u1ed1i \u01b0u h\u00f3a vi\u1ec7c l\u01b0u tr\u1eef \u0111i\u1ec7n t\u1eeb h\u1ec7 th\u1ed1ng \u0111i\u1ec7n m\u1eb7t tr\u1eddi v\u00e0 cung c\u1ea5p ngu\u1ed3n \u0111i\u1ec7n \u1ed5n \u0111\u1ecbnh cho h\u1ed9 gia \u0111\u00ecnh hi\u1ec7n \u0111\u1ea1i.<\/p>\n<p data-start=\"283\" data-end=\"460\">S\u1ea3n ph\u1ea9m n\u1ed5i b\u1eadt v\u1edbi kh\u1ea3 n\u0103ng l\u01b0u tr\u1eef \u0111i\u1ec7n hi\u1ec7u qu\u1ea3, t\u00edch h\u1ee3p inverter hai chi\u1ec1u, qu\u1ea3n l\u00fd n\u0103ng l\u01b0\u1ee3ng b\u1eb1ng AI c\u00f9ng kh\u1ea3 n\u0103ng m\u1edf r\u1ed9ng linh ho\u1ea1t cho nhi\u1ec1u nhu c\u1ea7u s\u1eed d\u1ee5ng kh\u00e1c nhau.<\/p>\n<h2 data-section-id=\"1tg3gng\" data-start=\"467\" data-end=\"523\">\u01afu \u0111i\u1ec3m n\u1ed5i b\u1eadt c\u1ee7a Anker SOLIX Solarbank 3 E2700 Pro<\/h2>\n<h3 data-section-id=\"1pzox3n\" data-start=\"525\" data-end=\"572\">C\u00f4ng ngh\u1ec7 pin LiFePO4 an to\u00e0n, tu\u1ed5i th\u1ecd cao<\/h3>\n<p data-start=\"573\" data-end=\"709\">S\u1eed d\u1ee5ng pin Lithium Iron Phosphate (LFP) c\u00f3 \u0111\u1ed9 b\u1ec1n v\u01b0\u1ee3t tr\u1ed9i, an to\u00e0n trong qu\u00e1 tr\u00ecnh v\u1eadn h\u00e0nh v\u00e0 t\u1ed1i \u01b0u hi\u1ec7u su\u1ea5t l\u01b0u tr\u1eef \u0111i\u1ec7n l\u00e2u d\u00e0i.<\/p>\n<h3 data-section-id=\"13yipyq\" data-start=\"711\" data-end=\"741\">Dung l\u01b0\u1ee3ng l\u01b0u tr\u1eef m\u1ea1nh m\u1ebd<\/h3>\n<p data-start=\"742\" data-end=\"892\">Dung l\u01b0\u1ee3ng pin l\u00ean \u0111\u1ebfn 2.688Wh (2.688 kWh), ph\u00f9 h\u1ee3p cho nhu c\u1ea7u s\u1eed d\u1ee5ng \u0111i\u1ec7n ban \u0111\u00eam, backup \u0111i\u1ec7n ho\u1eb7c t\u1ed1i \u01b0u ti\u00eau th\u1ee5 \u0111i\u1ec7n m\u1eb7t tr\u1eddi cho gia \u0111\u00ecnh.<\/p>\n<h3 data-section-id=\"er1h6l\" data-start=\"894\" data-end=\"922\">H\u1ed7 tr\u1ee3 m\u1edf r\u1ed9ng linh ho\u1ea1t<\/h3>\n<p data-start=\"923\" data-end=\"1063\">Cho ph\u00e9p k\u1ebft n\u1ed1i th\u00eam pin m\u1edf r\u1ed9ng Anker SOLIX BP2700 \u0111\u1ec3 n\u00e2ng t\u1ed5ng dung l\u01b0\u1ee3ng h\u1ec7 th\u1ed1ng l\u00ean m\u1ee9c cao h\u01a1n, \u0111\u00e1p \u1ee9ng nhu c\u1ea7u s\u1eed d\u1ee5ng \u0111i\u1ec7n d\u00e0i h\u1ea1n.<\/p>\n<h3 data-section-id=\"1a4mtcx\" data-start=\"1065\" data-end=\"1104\">C\u00f4ng su\u1ea5t \u0111\u1ea7u v\u00e0o \u0111i\u1ec7n m\u1eb7t tr\u1eddi l\u1edbn<\/h3>\n<p data-start=\"1105\" data-end=\"1281\">H\u1ed7 tr\u1ee3 t\u1ed1i \u0111a 3.600W Solar Input v\u1edbi h\u1ec7 th\u1ed1ng 4 MPPT \u0111\u1ed9c l\u1eadp, gi\u00fap t\u1ed1i \u01b0u hi\u1ec7u su\u1ea5t h\u1ea5p th\u1ee5 \u0111i\u1ec7n t\u1eeb nhi\u1ec1u h\u01b0\u1edbng t\u1ea5m pin kh\u00e1c nhau.<\/p>\n<h3 data-section-id=\"1vtua6u\" data-start=\"1283\" data-end=\"1316\">Inverter hai chi\u1ec1u th\u00f4ng minh<\/h3>\n<p data-start=\"1317\" data-end=\"1487\">T\u00edch h\u1ee3p inverter bidirectional c\u00f4ng su\u1ea5t l\u00ean \u0111\u1ebfn 1.200W, h\u1ed7 tr\u1ee3 qu\u1ea3n l\u00fd \u0111i\u1ec7n n\u0103ng hi\u1ec7u qu\u1ea3 v\u00e0 t\u1ed1i \u01b0u t\u1ef1 ti\u00eau th\u1ee5 \u0111i\u1ec7n m\u1eb7t tr\u1eddi.<\/p>\n<h3 data-section-id=\"1ydziqm\" data-start=\"1489\" data-end=\"1519\">Qu\u1ea3n l\u00fd n\u0103ng l\u01b0\u1ee3ng b\u1eb1ng AI<\/h3>\n<p data-start=\"1520\" data-end=\"1687\">Trang b\u1ecb h\u1ec7 th\u1ed1ng AI Anker Intelligence gi\u00fap t\u1ef1 \u0111\u1ed9ng t\u1ed1i \u01b0u h\u00f3a vi\u1ec7c s\u1ea1c, x\u1ea3 v\u00e0 s\u1eed d\u1ee5ng \u0111i\u1ec7n th\u00f4ng minh theo nhu c\u1ea7u th\u1ef1c t\u1ebf.<\/p>\n<h3 data-section-id=\"1fbyd30\" data-start=\"1689\" data-end=\"1719\">Thi\u1ebft k\u1ebf hi\u1ec7n \u0111\u1ea1i, nh\u1ecf g\u1ecdn<\/h3>\n<p data-start=\"1720\" data-end=\"1830\">Thi\u1ebft k\u1ebf t\u1ed1i \u01b0u v\u1edbi k\u00edch th\u01b0\u1edbc nh\u1ecf g\u1ecdn, d\u1ec5 d\u00e0ng l\u1eafp \u0111\u1eb7t trong nh\u00e0 ho\u1eb7c ngo\u00e0i tr\u1eddi m\u00e0 v\u1eabn \u0111\u1ea3m b\u1ea3o t\u00ednh th\u1ea9m m\u1ef9.<\/p>\n<h3 data-section-id=\"1eu51ak\" data-start=\"1832\" data-end=\"1865\">Kh\u1ea3 n\u0103ng ho\u1ea1t \u0111\u1ed9ng ngo\u00e0i tr\u1eddi<\/h3>\n<p data-start=\"1866\" data-end=\"2013\">\u0110\u1ea1t chu\u1ea9n ch\u1ed1ng n\u01b0\u1edbc v\u00e0 ch\u1ed1ng b\u1ee5i IP65, ph\u00f9 h\u1ee3p v\u1edbi \u0111i\u1ec1u ki\u1ec7n m\u00f4i tr\u01b0\u1eddng n\u00f3ng \u1ea9m ho\u1eb7c l\u1eafp \u0111\u1eb7t ngo\u00e0i tr\u1eddi.<\/p>\n<h3 data-section-id=\"5oyxsi\" data-start=\"2015\" data-end=\"2043\">B\u1ea3o v\u1ec7 an to\u00e0n to\u00e0n di\u1ec7n<\/h3>\n<p data-start=\"2044\" data-end=\"2081\">Trang b\u1ecb \u0111\u1ea7y \u0111\u1ee7 c\u00e1c t\u00ednh n\u0103ng b\u1ea3o v\u1ec7:<\/p>\n<ul data-start=\"2082\" data-end=\"2185\">\n<li data-section-id=\"7698ho\" data-start=\"2082\" data-end=\"2090\">Qu\u00e1 \u00e1p<\/li>\n<li data-section-id=\"1xtcfgy\" data-start=\"2091\" data-end=\"2101\">Qu\u00e1 d\u00f2ng<\/li>\n<li data-section-id=\"1yqwp3\" data-start=\"2102\" data-end=\"2113\">Ng\u1eafn m\u1ea1ch<\/li>\n<li data-section-id=\"usj1qp\" data-start=\"2114\" data-end=\"2125\">Qu\u00e1 nhi\u1ec7t<\/li>\n<li data-section-id=\"1ouq5c8\" data-start=\"2126\" data-end=\"2138\">Qu\u00e1 s\u1ea1c\/x\u1ea3<\/li>\n<li data-section-id=\"181ii3s\" data-start=\"2139\" data-end=\"2155\">Ch\u1ed1ng \u0111\u1ea3o l\u01b0\u1edbi<\/li>\n<li data-section-id=\"1plzfbg\" data-start=\"2156\" data-end=\"2185\">B\u1ea3o v\u1ec7 ch\u1ed1ng s\u00e9t lan truy\u1ec1n<\/li>\n<\/ul>\n<h2 data-section-id=\"jk6sm7\" data-start=\"2231\" data-end=\"2301\">Th\u00f4ng s\u1ed1 k\u1ef9 thu\u1eadt c\u1ee7a pin l\u01b0u tr\u1eef Anker SOLIX Solarbank 3 E2700 Pro<\/h2>\n<div class=\"TyagGW_tableContainer\">\n<div class=\"group TyagGW_tableWrapper flex flex-col-reverse w-fit\">\n<table class=\"w-fit min-w-(--thread-content-width)\" data-start=\"2303\" data-end=\"2980\">\n<thead data-start=\"2303\" data-end=\"2359\">\n<tr data-start=\"2303\" data-end=\"2359\">\n<th class=\"last:pe-10\" data-start=\"2303\" data-end=\"2322\" data-col-size=\"sm\">D\u1eef li\u1ec7u th\u00f4ng s\u1ed1<\/th>\n<th class=\"last:pe-10\" data-start=\"2322\" data-end=\"2359\" data-col-size=\"sm\">Anker SOLIX Solarbank 3 E2700 Pro<\/th>\n<\/tr>\n<\/thead>\n<tbody data-start=\"2370\" data-end=\"2980\">\n<tr data-start=\"2370\" data-end=\"2403\">\n<td data-start=\"2370\" data-end=\"2378\" data-col-size=\"sm\">Model<\/td>\n<td data-col-size=\"sm\" data-start=\"2378\" data-end=\"2403\">Solarbank 3 E2700 Pro<\/td>\n<\/tr>\n<tr data-start=\"2404\" data-end=\"2434\">\n<td data-start=\"2404\" data-end=\"2421\" data-col-size=\"sm\">Dung l\u01b0\u1ee3ng pin<\/td>\n<td data-col-size=\"sm\" data-start=\"2421\" data-end=\"2434\">2.688 kWh<\/td>\n<\/tr>\n<tr data-start=\"2435\" data-end=\"2464\">\n<td data-start=\"2435\" data-end=\"2455\" data-col-size=\"sm\">\u0110i\u1ec7n \u00e1p danh \u0111\u1ecbnh<\/td>\n<td data-col-size=\"sm\" data-start=\"2455\" data-end=\"2464\">25.6V<\/td>\n<\/tr>\n<tr data-start=\"2465\" data-end=\"2490\">\n<td data-start=\"2465\" data-end=\"2481\" data-col-size=\"sm\">Dung l\u01b0\u1ee3ng Ah<\/td>\n<td data-col-size=\"sm\" data-start=\"2481\" data-end=\"2490\">105Ah<\/td>\n<\/tr>\n<tr data-start=\"2491\" data-end=\"2531\">\n<td data-start=\"2491\" data-end=\"2521\" data-col-size=\"sm\">C\u00f4ng su\u1ea5t PV \u0111\u1ea7u v\u00e0o t\u1ed1i \u0111a<\/td>\n<td data-col-size=\"sm\" data-start=\"2521\" data-end=\"2531\">3.600W<\/td>\n<\/tr>\n<tr data-start=\"2532\" data-end=\"2558\">\n<td data-start=\"2532\" data-end=\"2548\" data-col-size=\"sm\">S\u1ed1 l\u01b0\u1ee3ng MPPT<\/td>\n<td data-col-size=\"sm\" data-start=\"2548\" data-end=\"2558\">4 MPPT<\/td>\n<\/tr>\n<tr data-start=\"2559\" data-end=\"2590\">\n<td data-start=\"2559\" data-end=\"2580\" data-col-size=\"sm\">C\u00f4ng su\u1ea5t inverter<\/td>\n<td data-col-size=\"sm\" data-start=\"2580\" data-end=\"2590\">1.200W<\/td>\n<\/tr>\n<tr data-start=\"2591\" data-end=\"2626\">\n<td data-start=\"2591\" data-end=\"2616\" data-col-size=\"sm\">C\u00f4ng su\u1ea5t thi\u1ebft b\u1ecb \u0111\u01a1n<\/td>\n<td data-col-size=\"sm\" data-start=\"2616\" data-end=\"2626\">1.800W<\/td>\n<\/tr>\n<tr data-start=\"2627\" data-end=\"2664\">\n<td data-start=\"2627\" data-end=\"2650\" data-col-size=\"sm\">\u0110i\u1ec7n \u00e1p PV ho\u1ea1t \u0111\u1ed9ng<\/td>\n<td data-col-size=\"sm\" data-start=\"2650\" data-end=\"2664\">16 \u2013 60VDC<\/td>\n<\/tr>\n<tr data-start=\"2665\" data-end=\"2690\">\n<td data-start=\"2665\" data-end=\"2683\" data-col-size=\"sm\">D\u00f2ng s\u1ea1c t\u1ed1i \u0111a<\/td>\n<td data-col-size=\"sm\" data-start=\"2683\" data-end=\"2690\">70A<\/td>\n<\/tr>\n<tr data-start=\"2691\" data-end=\"2715\">\n<td data-start=\"2691\" data-end=\"2708\" data-col-size=\"sm\">D\u00f2ng x\u1ea3 t\u1ed1i \u0111a<\/td>\n<td data-col-size=\"sm\" data-start=\"2708\" data-end=\"2715\">75A<\/td>\n<\/tr>\n<tr data-start=\"2716\" data-end=\"2751\">\n<td data-start=\"2716\" data-end=\"2732\" data-col-size=\"sm\">C\u00f4ng ngh\u1ec7 pin<\/td>\n<td data-col-size=\"sm\" data-start=\"2732\" data-end=\"2751\">Lithium LiFePO4<\/td>\n<\/tr>\n<tr data-start=\"2752\" data-end=\"2775\">\n<td data-start=\"2752\" data-end=\"2767\" data-col-size=\"sm\">Chu\u1ea9n b\u1ea3o v\u1ec7<\/td>\n<td data-col-size=\"sm\" data-start=\"2767\" data-end=\"2775\">IP65<\/td>\n<\/tr>\n<tr data-start=\"2776\" data-end=\"2815\">\n<td data-start=\"2776\" data-end=\"2797\" data-col-size=\"sm\">Nhi\u1ec7t \u0111\u1ed9 ho\u1ea1t \u0111\u1ed9ng<\/td>\n<td data-col-size=\"sm\" data-start=\"2797\" data-end=\"2815\">-20\u00b0C \u0111\u1ebfn 55\u00b0C<\/td>\n<\/tr>\n<tr data-start=\"2816\" data-end=\"2852\">\n<td data-start=\"2816\" data-end=\"2842\" data-col-size=\"sm\">\u0110\u1ed9 cao ho\u1ea1t \u0111\u1ed9ng t\u1ed1i \u0111a<\/td>\n<td data-col-size=\"sm\" data-start=\"2842\" data-end=\"2852\">4.000m<\/td>\n<\/tr>\n<tr data-start=\"2853\" data-end=\"2888\">\n<td data-start=\"2853\" data-end=\"2866\" data-col-size=\"sm\">K\u00edch th\u01b0\u1edbc<\/td>\n<td data-col-size=\"sm\" data-start=\"2866\" data-end=\"2888\">460 \u00d7 254 \u00d7 279 mm<\/td>\n<\/tr>\n<tr data-start=\"2889\" data-end=\"2914\">\n<td data-start=\"2889\" data-end=\"2903\" data-col-size=\"sm\">Tr\u1ecdng l\u01b0\u1ee3ng<\/td>\n<td data-col-size=\"sm\" data-start=\"2903\" data-end=\"2914\">29.2 kg<\/td>\n<\/tr>\n<tr data-start=\"2915\" data-end=\"2958\">\n<td data-start=\"2915\" data-end=\"2933\" data-col-size=\"sm\">K\u1ebft n\u1ed1i qu\u1ea3n l\u00fd<\/td>\n<td data-col-size=\"sm\" data-start=\"2933\" data-end=\"2958\">AI Anker Intelligence<\/td>\n<\/tr>\n<tr data-start=\"2959\" data-end=\"2980\">\n<td data-start=\"2959\" data-end=\"2970\" data-col-size=\"sm\">B\u1ea3o h\u00e0nh<\/td>\n<td data-col-size=\"sm\" data-start=\"2970\" data-end=\"2980\">10 n\u0103m<\/td>\n<\/tr>\n<\/tbody>\n<\/table>\n<\/div>\n<\/div>\n<h2 data-section-id=\"ydwqcm\" data-start=\"2817\" data-end=\"2838\">Cam k\u1ebft ch\u1ea5t l\u01b0\u1ee3ng<\/h2>\n<p data-start=\"2840\" data-end=\"3138\"><a href=\"https:\/\/tpenergy.com.vn\/\">Thu\u1eadn Phong<\/a> cam k\u1ebft cung c\u1ea5p s\u1ea3n ph\u1ea9m ch\u00ednh h\u00e3ng, ch\u1ea5t l\u01b0\u1ee3ng \u0111\u01b0\u1ee3c ki\u1ec3m duy\u1ec7t nghi\u00eam ng\u1eb7t c\u00f9ng ch\u00ednh s\u00e1ch b\u1ea3o h\u00e0nh v\u00e0 h\u1ed7 tr\u1ee3 k\u1ef9 thu\u1eadt t\u1eadn t\u00e2m. S\u1ea3n ph\u1ea9m ph\u00f9 h\u1ee3p cho c\u00e1c gi\u1ea3i ph\u00e1p l\u01b0u tr\u1eef \u0111i\u1ec7n n\u0103ng l\u01b0\u1ee3ng m\u1eb7t tr\u1eddi hi\u1ec7n \u0111\u1ea1i, gi\u00fap t\u1ed1i \u01b0u chi ph\u00ed \u0111i\u1ec7n v\u00e0 n\u00e2ng cao t\u00ednh ch\u1ee7 \u0111\u1ed9ng v\u1ec1 n\u0103ng l\u01b0\u1ee3ng cho gia \u0111\u00ecnh.<\/p>\n<p data-start=\"3140\" data-end=\"3232\" data-is-last-node=\"\" data-is-only-node=\"\">Li\u00ean h\u1ec7 ngay \u0111\u1ec3 \u0111\u01b0\u1ee3c t\u01b0 v\u1ea5n gi\u1ea3i ph\u00e1p l\u01b0u tr\u1eef \u0111i\u1ec7n ph\u00f9 h\u1ee3p nh\u1ea5t cho nhu c\u1ea7u s\u1eed d\u1ee5ng c\u1ee7a b\u1ea1n.<\/p>\n<\/div>\n<div class=\"x11i5rnm xat24cr x1mh8g0r x1vvkbs xtlvy1s x126k92a\">\n<div dir=\"auto\">\n<div dir=\"auto\">\u2014\u2014\u2014\u2014\u2014\u2014\u2014\u2014\u2014\u2014\u2014\u2013<\/div>\n<div dir=\"auto\"><a href=\"https:\/\/www.facebook.com\/DienMatTroi.SolarQuangBinh\">CH\u1eccN THU\u1eacN PHONG \u2013 CH\u1eccN S\u1ef0 AN T\u00c2M<\/a><br \/>\nHotline: 0869.564.567<br \/>\nKinh doanh: 0867.577.357<br \/>\nK\u1ef9 thu\u1eadt: 0899.768.777<br \/>\nService: 0867.118.636<br \/>\nTr\u1ee5 s\u1edf ch\u00ednh: 30 Nguy\u1ec5n H\u1eefu D\u1eadt, ph\u01b0\u1eddng \u0110\u1ed3ng H\u1edbi, t\u1ec9nh Qu\u1ea3ng Tr\u1ecb, Vi\u1ec7t Nam<br \/>\nTr\u1ee5 s\u1edf H\u00e0 N\u1ed9i: Nh\u00e0 ph\u1ed1 th\u01b0\u01a1ng m\u1ea1i Khai S\u01a1n Town s\u1ed1 18 thu\u1ed9c Town 7, khu \u0111\u00f4 th\u1ecb Khai S\u01a1n City, ph\u01b0\u1eddng B\u1ed3 \u0110\u1ec1, Th\u00e0nh ph\u1ed1 H\u00e0 N\u1ed9i<br \/>\nWebsite:\u00a0<a href=\"https:\/\/tpenergy.com.vn\/\">https:\/\/tpenergy.com.vn\/<\/a><br \/>\nShopee:\u00a0<a href=\"https:\/\/shopee.vn\/thuanphongenergy?entryPoint=ShopBySearch&amp;searchKeyword=thu%E1%BA%ADn%20phong%20solar%20energy\">https:\/\/byvn.net\/E1oJ<\/a><br \/>\nLazada:\u00a0<a href=\"https:\/\/byvn.net\/VYPr\">https:\/\/byvn.net\/VYPr<\/a><\/div>\n<\/div>\n<div dir=\"auto\"><\/div>\n<\/div>\n","protected":false},"excerpt":{"rendered":"<p>M\u00f4 t\u1ea3 s\u1ea3n ph\u1ea9m:<\/p>\n<ul>\n<li id=\"input_line_0\"><span id=\"input_part_0\" class=\"\" data-mention=\"Model: Solarbank 3 E2700 Pro\">Model: Solarbank 3 E2700 Pro<\/span><\/li>\n<li id=\"input_line_1\"><span id=\"input_part_0\" class=\"\" data-mention=\"Dung l\u01b0\u1ee3ng: 2.688 kWh\">Dung l\u01b0\u1ee3ng: 2.688 kWh<\/span><\/li>\n<li id=\"input_line_2\"><span id=\"input_part_0\" class=\"\" data-mention=\"\u0110i\u1ec7n \u00e1p: 25.6V \u2013 105Ah\">\u0110i\u1ec7n \u00e1p: 25.6V \u2013 105Ah<\/span><\/li>\n<li id=\"input_line_3\"><span id=\"input_part_0\" class=\"\" data-mention=\"C\u00f4ng su\u1ea5t inverter: 1.200W\">C\u00f4ng su\u1ea5t inverter: 1.200W<\/span><\/li>\n<li id=\"input_line_4\"><span id=\"input_part_0\" class=\"\" data-mention=\"C\u00f4ng su\u1ea5t PV \u0111\u1ea7u v\u00e0o t\u1ed1i \u0111a: 3.600W\">C\u00f4ng su\u1ea5t PV \u0111\u1ea7u v\u00e0o t\u1ed1i \u0111a: 3.600W<\/span><\/li>\n<li id=\"input_line_5\"><span id=\"input_part_0\" class=\"\" data-mention=\"S\u1ed1 MPPT: 4 MPPT\">S\u1ed1 MPPT: 4 MPPT<\/span><\/li>\n<li id=\"input_line_6\"><span id=\"input_part_0\" class=\"\" data-mention=\"Truy\u1ec1n th\u00f4ng: WiFi \/ Bluetooth \/ App\">Truy\u1ec1n th\u00f4ng: WiFi \/ Bluetooth \/ App<\/span><\/li>\n<li id=\"input_line_7\"><span id=\"input_part_0\" class=\"\" data-mention=\"Ti\u00eau chu\u1ea9n: IP65\">Ti\u00eau chu\u1ea9n: IP65<\/span><\/li>\n<li id=\"input_line_8\"><span id=\"input_part_0\" class=\"\" data-mention=\"K\u00edch th\u01b0\u1edbc: 460 \u00d7 254 \u00d7 279 mm\">K\u00edch th\u01b0\u1edbc: 460 \u00d7 254 \u00d7 279 mm<\/span><\/li>\n<li id=\"input_line_9\"><span id=\"input_part_0\" class=\"\" data-mention=\"Tr\u1ecdng l\u01b0\u1ee3ng: 29.2 Kg\">Tr\u1ecdng l\u01b0\u1ee3ng: 29.2 Kg<\/span><\/li>\n<li id=\"input_line_10\"><span id=\"input_part_0\" class=\"\" data-mention=\"C\u00f4ng ngh\u1ec7 pin: Lithium LiFePO4\">C\u00f4ng ngh\u1ec7 pin: Lithium LiFePO4<\/span><\/li>\n<li id=\"input_line_11\"><span id=\"input_part_0\" class=\"\" data-mention=\"Nhi\u1ec7t \u0111\u1ed9 ho\u1ea1t \u0111\u1ed9ng: -20\u00b0C \u0111\u1ebfn 55\u00b0C\">Nhi\u1ec7t \u0111\u1ed9 ho\u1ea1t \u0111\u1ed9ng: -20\u00b0C \u0111\u1ebfn 55\u00b0C<\/span><\/li>\n<\/ul>\n<h3><strong><i class=\"fas fa-download\"><\/i> Download<\/strong><\/h3>\n<ul>\n<li><a href=\"https:\/\/tpenergy.com.vn\/wp-content\/uploads\/2026\/05\/17C5Datasheet-EU_compressed.pdf\">Datasheet<\/a><\/li>\n<li><a href=\"https:\/\/tpenergy.com.vn\/wp-content\/uploads\/2026\/05\/A17C5_VI_UG_V1_20260515.pdf\">User Manual<\/a><\/li>\n<\/ul>\n<p>&nbsp;<\/p>\n","protected":false},"featured_media":7673,"comment_status":"open","ping_status":"closed","template":"","meta":{"_eb_attr":""},"product_cat":[1866],"product_tag":[1872,1873,1867,1743,451,1871,1739,1874,1868,1869,1174,1870,1786,1742],"class_list":{"0":"post-7667","1":"product","2":"type-product","3":"status-publish","4":"has-post-thumbnail","6":"product_cat-anker-solix","7":"product_tag-4-mppt","8":"product_tag-ai-energy-management","9":"product_tag-anker-solix-solarbank-3-e2700-pro","10":"product_tag-battery-storage","11":"product_tag-ess","12":"product_tag-giai-phap-backup-dien","13":"product_tag-he-thong-luu-tru-nang-luong","14":"product_tag-luu-tru-dien-thong-minh","15":"product_tag-pin-lithium-lifepo4","16":"product_tag-pin-luu-dien-gia-dinh","17":"product_tag-pin-luu-tru-dien-mat-troi","18":"product_tag-pin-luu-tru-hybrid","19":"product_tag-pin-luu-tru-ip65","20":"product_tag-solar-battery","21":"pa_gia-khong-lap-dat","22":"pa_gia-lap-dat","24":"first","25":"instock","26":"shipping-taxable","27":"product-type-variable"},"yoast_head":"<!-- This site is optimized with the Yoast SEO plugin v20.9 - https:\/\/yoast.com\/wordpress\/plugins\/seo\/ -->\r\n<title>Anker SOLIX Solarbank 3 E2700 Pro | Thu\u1eadn Phong Energy<\/title>\r\n<meta name=\"description\" content=\"Pin lithium CFE-LUXAR-16 \u2013 gi\u1ea3i ph\u00e1p l\u01b0u tr\u1eef \u0111i\u1ec7n an to\u00e0n, b\u1ec1n b\u1ec9 v\u00e0 hi\u1ec7u su\u1ea5t cao. L\u00fd t\u01b0\u1edfng cho h\u1ec7 th\u1ed1ng MLMT gia \u0111\u00ecnh v\u00e0 doanh nghi\u1ec7p.\" \/>\r\n<meta name=\"robots\" content=\"index, follow, max-snippet:-1, max-image-preview:large, max-video-preview:-1\" \/>\r\n<link rel=\"canonical\" href=\"https:\/\/tpenergy.com.vn\/?product=pin-luu-tru-anker-solix-solarbank-3-e2700-pro\" \/>\r\n<meta property=\"og:locale\" content=\"vi_VN\" \/>\r\n<meta property=\"og:type\" content=\"article\" \/>\r\n<meta property=\"og:title\" content=\"Anker SOLIX Solarbank 3 E2700 Pro | Thu\u1eadn Phong Energy\" \/>\r\n<meta property=\"og:description\" content=\"Pin lithium CFE-LUXAR-16 \u2013 gi\u1ea3i ph\u00e1p l\u01b0u tr\u1eef \u0111i\u1ec7n an to\u00e0n, b\u1ec1n b\u1ec9 v\u00e0 hi\u1ec7u su\u1ea5t cao. L\u00fd t\u01b0\u1edfng cho h\u1ec7 th\u1ed1ng MLMT gia \u0111\u00ecnh v\u00e0 doanh nghi\u1ec7p.\" \/>\r\n<meta property=\"og:url\" content=\"https:\/\/tpenergy.com.vn\/?product=pin-luu-tru-anker-solix-solarbank-3-e2700-pro\" \/>\r\n<meta property=\"og:site_name\" content=\"Thuan Phong Solar Energy\" \/>\r\n<meta property=\"article:modified_time\" content=\"2026-05-16T02:45:30+00:00\" \/>\r\n<meta property=\"og:image\" content=\"https:\/\/tpenergy.com.vn\/wp-content\/uploads\/2026\/05\/Anker-SOLIX-Solarbank-3-E2700-Pro.jpg\" \/>\r\n\t<meta property=\"og:image:width\" content=\"750\" \/>\r\n\t<meta property=\"og:image:height\" content=\"750\" \/>\r\n\t<meta property=\"og:image:type\" content=\"image\/jpeg\" \/>\r\n<meta name=\"twitter:card\" content=\"summary_large_image\" \/>\r\n<meta name=\"twitter:label1\" content=\"\u01af\u1edbc t\u00ednh th\u1eddi gian \u0111\u1ecdc\" \/>\n\t<meta name=\"twitter:data1\" content=\"4 ph\u00fat\" \/>\r\n<script type=\"application\/ld+json\" class=\"yoast-schema-graph\">{\"@context\":\"https:\/\/schema.org\",\"@graph\":[{\"@type\":\"WebPage\",\"@id\":\"https:\/\/tpenergy.com.vn\/?product=pin-luu-tru-anker-solix-solarbank-3-e2700-pro\",\"url\":\"https:\/\/tpenergy.com.vn\/?product=pin-luu-tru-anker-solix-solarbank-3-e2700-pro\",\"name\":\"Anker SOLIX Solarbank 3 E2700 Pro | Thu\u1eadn Phong Energy\",\"isPartOf\":{\"@id\":\"https:\/\/tpenergy.com.vn\/#website\"},\"datePublished\":\"2026-05-16T01:59:59+00:00\",\"dateModified\":\"2026-05-16T02:45:30+00:00\",\"description\":\"Pin lithium CFE-LUXAR-16 \u2013 gi\u1ea3i ph\u00e1p l\u01b0u tr\u1eef \u0111i\u1ec7n an to\u00e0n, b\u1ec1n b\u1ec9 v\u00e0 hi\u1ec7u su\u1ea5t cao. L\u00fd t\u01b0\u1edfng cho h\u1ec7 th\u1ed1ng MLMT gia \u0111\u00ecnh v\u00e0 doanh nghi\u1ec7p.\",\"breadcrumb\":{\"@id\":\"https:\/\/tpenergy.com.vn\/?product=pin-luu-tru-anker-solix-solarbank-3-e2700-pro#breadcrumb\"},\"inLanguage\":\"vi\",\"potentialAction\":[{\"@type\":\"ReadAction\",\"target\":[\"https:\/\/tpenergy.com.vn\/?product=pin-luu-tru-anker-solix-solarbank-3-e2700-pro\"]}]},{\"@type\":\"BreadcrumbList\",\"@id\":\"https:\/\/tpenergy.com.vn\/?product=pin-luu-tru-anker-solix-solarbank-3-e2700-pro#breadcrumb\",\"itemListElement\":[{\"@type\":\"ListItem\",\"position\":1,\"name\":\"Trang ch\u1ee7\",\"item\":\"https:\/\/tpenergy.com.vn\/\"},{\"@type\":\"ListItem\",\"position\":2,\"name\":\"Shop\",\"item\":\"https:\/\/tpenergy.com.vn\/?page_id=5\"},{\"@type\":\"ListItem\",\"position\":3,\"name\":\"PIN L\u01afU TR\u1eee\",\"item\":\"https:\/\/tpenergy.com.vn\/?product_cat=pinluutru\"},{\"@type\":\"ListItem\",\"position\":4,\"name\":\"Anker SOLIX\",\"item\":\"https:\/\/tpenergy.com.vn\/?product_cat=anker-solix\"},{\"@type\":\"ListItem\",\"position\":5,\"name\":\"Pin l\u01b0u tr\u1eef Anker SOLIX Solarbank 3 E2700 Pro\"}]},{\"@type\":\"WebSite\",\"@id\":\"https:\/\/tpenergy.com.vn\/#website\",\"url\":\"https:\/\/tpenergy.com.vn\/\",\"name\":\"Thuan Phong Solar Energy\",\"description\":\"\",\"potentialAction\":[{\"@type\":\"SearchAction\",\"target\":{\"@type\":\"EntryPoint\",\"urlTemplate\":\"https:\/\/tpenergy.com.vn\/?s={search_term_string}\"},\"query-input\":\"required name=search_term_string\"}],\"inLanguage\":\"vi\"}]}<\/script>\r\n<!-- \/ Yoast SEO plugin. -->","yoast_head_json":{"title":"Anker SOLIX Solarbank 3 E2700 Pro | Thu\u1eadn Phong Energy","description":"Pin lithium CFE-LUXAR-16 \u2013 gi\u1ea3i ph\u00e1p l\u01b0u tr\u1eef \u0111i\u1ec7n an to\u00e0n, b\u1ec1n b\u1ec9 v\u00e0 hi\u1ec7u su\u1ea5t cao. L\u00fd t\u01b0\u1edfng cho h\u1ec7 th\u1ed1ng MLMT gia \u0111\u00ecnh v\u00e0 doanh nghi\u1ec7p.","robots":{"index":"index","follow":"follow","max-snippet":"max-snippet:-1","max-image-preview":"max-image-preview:large","max-video-preview":"max-video-preview:-1"},"canonical":"https:\/\/tpenergy.com.vn\/?product=pin-luu-tru-anker-solix-solarbank-3-e2700-pro","og_locale":"vi_VN","og_type":"article","og_title":"Anker SOLIX Solarbank 3 E2700 Pro | Thu\u1eadn Phong Energy","og_description":"Pin lithium CFE-LUXAR-16 \u2013 gi\u1ea3i ph\u00e1p l\u01b0u tr\u1eef \u0111i\u1ec7n an to\u00e0n, b\u1ec1n b\u1ec9 v\u00e0 hi\u1ec7u su\u1ea5t cao. L\u00fd t\u01b0\u1edfng cho h\u1ec7 th\u1ed1ng MLMT gia \u0111\u00ecnh v\u00e0 doanh nghi\u1ec7p.","og_url":"https:\/\/tpenergy.com.vn\/?product=pin-luu-tru-anker-solix-solarbank-3-e2700-pro","og_site_name":"Thuan Phong Solar Energy","article_modified_time":"2026-05-16T02:45:30+00:00","og_image":[{"width":750,"height":750,"url":"https:\/\/tpenergy.com.vn\/wp-content\/uploads\/2026\/05\/Anker-SOLIX-Solarbank-3-E2700-Pro.jpg","type":"image\/jpeg"}],"twitter_card":"summary_large_image","twitter_misc":{"\u01af\u1edbc t\u00ednh th\u1eddi gian \u0111\u1ecdc":"4 ph\u00fat"},"schema":{"@context":"https:\/\/schema.org","@graph":[{"@type":"WebPage","@id":"https:\/\/tpenergy.com.vn\/?product=pin-luu-tru-anker-solix-solarbank-3-e2700-pro","url":"https:\/\/tpenergy.com.vn\/?product=pin-luu-tru-anker-solix-solarbank-3-e2700-pro","name":"Anker SOLIX Solarbank 3 E2700 Pro | Thu\u1eadn Phong Energy","isPartOf":{"@id":"https:\/\/tpenergy.com.vn\/#website"},"datePublished":"2026-05-16T01:59:59+00:00","dateModified":"2026-05-16T02:45:30+00:00","description":"Pin lithium CFE-LUXAR-16 \u2013 gi\u1ea3i ph\u00e1p l\u01b0u tr\u1eef \u0111i\u1ec7n an to\u00e0n, b\u1ec1n b\u1ec9 v\u00e0 hi\u1ec7u su\u1ea5t cao. L\u00fd t\u01b0\u1edfng cho h\u1ec7 th\u1ed1ng MLMT gia \u0111\u00ecnh v\u00e0 doanh nghi\u1ec7p.","breadcrumb":{"@id":"https:\/\/tpenergy.com.vn\/?product=pin-luu-tru-anker-solix-solarbank-3-e2700-pro#breadcrumb"},"inLanguage":"vi","potentialAction":[{"@type":"ReadAction","target":["https:\/\/tpenergy.com.vn\/?product=pin-luu-tru-anker-solix-solarbank-3-e2700-pro"]}]},{"@type":"BreadcrumbList","@id":"https:\/\/tpenergy.com.vn\/?product=pin-luu-tru-anker-solix-solarbank-3-e2700-pro#breadcrumb","itemListElement":[{"@type":"ListItem","position":1,"name":"Trang ch\u1ee7","item":"https:\/\/tpenergy.com.vn\/"},{"@type":"ListItem","position":2,"name":"Shop","item":"https:\/\/tpenergy.com.vn\/?page_id=5"},{"@type":"ListItem","position":3,"name":"PIN L\u01afU TR\u1eee","item":"https:\/\/tpenergy.com.vn\/?product_cat=pinluutru"},{"@type":"ListItem","position":4,"name":"Anker SOLIX","item":"https:\/\/tpenergy.com.vn\/?product_cat=anker-solix"},{"@type":"ListItem","position":5,"name":"Pin l\u01b0u tr\u1eef Anker SOLIX Solarbank 3 E2700 Pro"}]},{"@type":"WebSite","@id":"https:\/\/tpenergy.com.vn\/#website","url":"https:\/\/tpenergy.com.vn\/","name":"Thuan Phong Solar Energy","description":"","potentialAction":[{"@type":"SearchAction","target":{"@type":"EntryPoint","urlTemplate":"https:\/\/tpenergy.com.vn\/?s={search_term_string}"},"query-input":"required name=search_term_string"}],"inLanguage":"vi"}]}},"_links":{"self":[{"href":"https:\/\/tpenergy.com.vn\/index.php?rest_route=\/wp\/v2\/product\/7667"}],"collection":[{"href":"https:\/\/tpenergy.com.vn\/index.php?rest_route=\/wp\/v2\/product"}],"about":[{"href":"https:\/\/tpenergy.com.vn\/index.php?rest_route=\/wp\/v2\/types\/product"}],"replies":[{"embeddable":true,"href":"https:\/\/tpenergy.com.vn\/index.php?rest_route=%2Fwp%2Fv2%2Fcomments&post=7667"}],"wp:featuredmedia":[{"embeddable":true,"href":"https:\/\/tpenergy.com.vn\/index.php?rest_route=\/wp\/v2\/media\/7673"}],"wp:attachment":[{"href":"https:\/\/tpenergy.com.vn\/index.php?rest_route=%2Fwp%2Fv2%2Fmedia&parent=7667"}],"wp:term":[{"taxonomy":"product_cat","embeddable":true,"href":"https:\/\/tpenergy.com.vn\/index.php?rest_route=%2Fwp%2Fv2%2Fproduct_cat&post=7667"},{"taxonomy":"product_tag","embeddable":true,"href":"https:\/\/tpenergy.com.vn\/index.php?rest_route=%2Fwp%2Fv2%2Fproduct_tag&post=7667"}],"curies":[{"name":"wp","href":"https:\/\/api.w.org\/{rel}","templated":true}]}}