{"id":7651,"date":"2026-04-29T10:05:17","date_gmt":"2026-04-29T03:05:17","guid":{"rendered":"https:\/\/tpenergy.com.vn\/?post_type=product&#038;p=7651"},"modified":"2026-04-29T10:23:24","modified_gmt":"2026-04-29T03:23:24","slug":"he-thong-hybrid-bess-cho-microgrid-cong-nghiep-150kw-250kw","status":"publish","type":"product","link":"https:\/\/tpenergy.com.vn\/?product=he-thong-hybrid-bess-cho-microgrid-cong-nghiep-150kw-250kw","title":{"rendered":"H\u1ec7 th\u1ed1ng Hybrid BESS cho microgrid c\u00f4ng nghi\u1ec7p 150kW \/ 250kW"},"content":{"rendered":"<h1 data-start=\"283\" data-end=\"514\">H\u1ec7 th\u1ed1ng Hybrid BESS cho microgrid c\u00f4ng nghi\u1ec7p 150kW \/ 250kW<\/h1>\n<p data-start=\"1032\" data-end=\"1253\">H\u1ec7 th\u1ed1ng Hybrid BESS JA l\u00e0 gi\u1ea3i ph\u00e1p l\u01b0u tr\u1eef n\u0103ng l\u01b0\u1ee3ng d\u1ea1ng t\u00e1ch r\u1eddi (split-type) cho l\u01b0\u1edbi \u0111i\u1ec7n si\u00eau nh\u1ecf (microgrid), t\u00edch h\u1ee3p linh ho\u1ea1t gi\u1eefa \u0111i\u1ec7n m\u1eb7t tr\u1eddi (PV) \u2013 pin l\u01b0u tr\u1eef \u2013 l\u01b0\u1edbi \u0111i\u1ec7n \u2013 m\u00e1y ph\u00e1t \u2013 ph\u1ee5 t\u1ea3i.<\/p>\n<p data-start=\"1255\" data-end=\"1438\">Thi\u1ebft k\u1ebf t\u1ed1i \u01b0u cho c\u00e1c d\u1ef1 \u00e1n c\u1ea7n \u0111\u1ed9c l\u1eadp n\u0103ng l\u01b0\u1ee3ng, v\u1eadn h\u00e0nh \u1ed5n \u0111\u1ecbnh v\u00e0 ti\u1ebft ki\u1ec7m chi ph\u00ed \u0111i\u1ec7n, \u0111\u1eb7c bi\u1ec7t ph\u00f9 h\u1ee3p v\u1edbi nh\u00e0 m\u00e1y, khu c\u00f4ng nghi\u1ec7p v\u00e0 khu v\u1ef1c \u0111i\u1ec7n l\u01b0\u1edbi kh\u00f4ng \u1ed5n \u0111\u1ecbnh.<\/p>\n<h2 data-section-id=\"3rmfnb\" data-start=\"1445\" data-end=\"1465\">T\u00ednh n\u0103ng n\u1ed5i b\u1eadt<\/h2>\n<h3 data-section-id=\"1kmfdw2\" data-start=\"1467\" data-end=\"1494\">\ud83d\udd39 An to\u00e0n &amp; \u0111\u1ed9 tin c\u1eady<\/h3>\n<ul data-start=\"1495\" data-end=\"1628\">\n<li data-section-id=\"qdjs8v\" data-start=\"1495\" data-end=\"1532\">Pin LFP an to\u00e0n cao, tu\u1ed5i th\u1ecd d\u00e0i<\/li>\n<li data-section-id=\"16d2os8\" data-start=\"1533\" data-end=\"1586\">Thi\u1ebft k\u1ebf c\u00e1ch ly nhi\u1ec7t \u2013 h\u1ea1n ch\u1ebf lan truy\u1ec1n nhi\u1ec7t<\/li>\n<li data-section-id=\"1tt5g2c\" data-start=\"1587\" data-end=\"1628\">H\u1ec7 th\u1ed1ng ch\u1eefa ch\u00e1y t\u00edch h\u1ee3p (Aerosol)<\/li>\n<\/ul>\n<h3 data-section-id=\"k3bxlv\" data-start=\"1630\" data-end=\"1660\">\ud83d\udd39 Linh ho\u1ea1t &amp; t\u01b0\u01a1ng th\u00edch<\/h3>\n<ul data-start=\"1661\" data-end=\"1881\">\n<li data-section-id=\"1r49svf\" data-start=\"1661\" data-end=\"1726\">All-in-one Energy Hub: PV \u2013 Battery \u2013 Grid \u2013 Generator \u2013 Load<\/li>\n<li data-section-id=\"1qiwpzy\" data-start=\"1727\" data-end=\"1769\">H\u1ed7 tr\u1ee3 nhi\u1ec1u ch\u1ebf \u0111\u1ed9 v\u1eadn h\u00e0nh t\u00f9y ch\u1ec9nh<\/li>\n<li data-section-id=\"18qkwbu\" data-start=\"1770\" data-end=\"1829\">Chuy\u1ec3n \u0111\u1ed5i l\u01b0\u1edbi \/ \u0111\u1ed9c l\u1eadp &lt; 20ms (kh\u00f4ng gi\u00e1n \u0111o\u1ea1n \u0111i\u1ec7n)<\/li>\n<li data-section-id=\"zesx3j\" data-start=\"1830\" data-end=\"1881\">Ki\u1ebfn tr\u00fac module t\u00e1ch r\u1eddi \u2013 d\u1ec5 m\u1edf r\u1ed9ng h\u1ec7 th\u1ed1ng<\/li>\n<\/ul>\n<h3 data-section-id=\"rgovyr\" data-start=\"1883\" data-end=\"1911\">\ud83d\udd39 Th\u00f4ng minh &amp; hi\u1ec7u qu\u1ea3<\/h3>\n<ul data-start=\"1912\" data-end=\"2095\">\n<li data-section-id=\"gfm1gz\" data-start=\"1912\" data-end=\"1953\">Gi\u00e1m s\u00e1t &amp; \u0111i\u1ec1u khi\u1ec3n t\u1eeb xa qua cloud<\/li>\n<li data-section-id=\"15nnhn0\" data-start=\"1954\" data-end=\"2000\">Thi\u1ebft k\u1ebf plug &amp; play \u2013 l\u1eafp \u0111\u1eb7t nhanh ch\u00f3ng<\/li>\n<li data-section-id=\"56ndrd\" data-start=\"2001\" data-end=\"2045\">BMS th\u00f4ng minh + qu\u1ea3n l\u00fd nhi\u1ec7t to\u00e0n di\u1ec7n<\/li>\n<li data-section-id=\"q208fo\" data-start=\"2046\" data-end=\"2095\">T\u1ed1i \u01b0u hi\u1ec7u su\u1ea5t v\u00e0 k\u00e9o d\u00e0i tu\u1ed5i th\u1ecd h\u1ec7 th\u1ed1ng<\/li>\n<\/ul>\n<h2 data-section-id=\"de7s3w\" data-start=\"2102\" data-end=\"2113\">\u1ee8ng d\u1ee5ng<\/h2>\n<ul data-start=\"2115\" data-end=\"2339\">\n<li data-section-id=\"5v7c6l\" data-start=\"2115\" data-end=\"2149\">Nh\u00e0 m\u00e1y, khu c\u00f4ng nghi\u1ec7p (C&amp;I)<\/li>\n<li data-section-id=\"1szemuw\" data-start=\"2150\" data-end=\"2184\">L\u01b0\u1edbi \u0111i\u1ec7n si\u00eau nh\u1ecf (Microgrid)<\/li>\n<li data-section-id=\"1yic185\" data-start=\"2185\" data-end=\"2220\">K\u1ebft h\u1ee3p \u0111i\u1ec7n m\u1eb7t tr\u1eddi + l\u01b0u tr\u1eef<\/li>\n<li data-section-id=\"1l1cbz0\" data-start=\"2221\" data-end=\"2261\">Khu v\u1ef1c \u0111i\u1ec7n y\u1ebfu, \u0111i\u1ec7n kh\u00f4ng \u1ed5n \u0111\u1ecbnh<\/li>\n<li data-section-id=\"16vrv33\" data-start=\"2262\" data-end=\"2294\">D\u1ef1 ph\u00f2ng \u0111i\u1ec7n (backup power)<\/li>\n<li data-section-id=\"i4j2pd\" data-start=\"2295\" data-end=\"2339\">Gi\u1ea3m ph\u1ee5 t\u1ea3i gi\u1edd cao \u0111i\u1ec3m (Peak shaving)<\/li>\n<\/ul>\n<h2>Th\u00f4ng s\u1ed1 k\u1ef9 thu\u1eadt<\/h2>\n<div class=\"block-bg\">\n<div class=\"table-radius-2\">\n<table>\n<tbody>\n<tr class=\"firstRow\">\n<td><\/td>\n<td><span dir=\"auto\">Th\u00f4ng tin<\/span><\/td>\n<td><span dir=\"auto\">JAP-HS-0150kW-0150kWp-0430kWh-B01<\/span><\/td>\n<td><span dir=\"auto\">JAP-HS-0250kW-0300kWp-0645kWh-B01<\/span><\/td>\n<\/tr>\n<tr>\n<td class=\"border-right border-bottom background-color2\" rowspan=\"8\"><span dir=\"auto\">Ph\u00eda DC<\/span><\/td>\n<td><span dir=\"auto\">Lo\u1ea1i t\u1ebf b\u00e0o<\/span><\/td>\n<td><span dir=\"auto\">3.2V\/280Ah, LFP<\/span><\/td>\n<td><span dir=\"auto\">3.2V\/280Ah, LFP<\/span><\/td>\n<\/tr>\n<tr>\n<td><span dir=\"auto\">\u0110i\u1ec7n \u00e1p danh \u0111\u1ecbnh<\/span><\/td>\n<td><span dir=\"auto\">768V, 2P240S<\/span><\/td>\n<td><span dir=\"auto\">768V, 3P340S<\/span><\/td>\n<\/tr>\n<tr>\n<td><span dir=\"auto\">N\u0103ng l\u01b0\u1ee3ng danh ngh\u0129a<\/span><\/td>\n<td><span dir=\"auto\">430 kWh<\/span><\/td>\n<td><span dir=\"auto\">645 kWh<\/span><\/td>\n<\/tr>\n<tr>\n<td><span dir=\"auto\">K\u00edch th\u01b0\u1edbc (R\u1ed9ng \u00d7 Cao \u00d7 S\u00e2u) tr\u00ean m\u1ed7i c\u1ee5m<\/span><\/td>\n<td><span dir=\"auto\">1010\u00d71560\u00d72455mm<\/span><\/td>\n<td><span dir=\"auto\">1010\u00d71560\u00d72455mm<\/span><\/td>\n<\/tr>\n<tr>\n<td><span dir=\"auto\">Ph\u1ea1m vi \u0111i\u1ec7n \u00e1p ho\u1ea1t \u0111\u1ed9ng<\/span><\/td>\n<td><span dir=\"auto\">672V \u0111\u1ebfn 850V<\/span><\/td>\n<td><span dir=\"auto\">672V \u0111\u1ebfn 850V<\/span><\/td>\n<\/tr>\n<tr>\n<td><span dir=\"auto\">T\u1ed1c \u0111\u1ed9 s\u1ea1c\/x\u1ea3 li\u00ean t\u1ee5c t\u1ed1i \u0111a<\/span><\/td>\n<td><span dir=\"auto\">0,5P @ 25\u2103<\/span><\/td>\n<td><span dir=\"auto\">0,5P @ 25\u2103<\/span><\/td>\n<\/tr>\n<tr>\n<td><span dir=\"auto\">Chu k\u1ef3 s\u1ed1ng<\/span><\/td>\n<td><span dir=\"auto\">\u22656000<\/span><\/td>\n<td><span dir=\"auto\">\u22656000<\/span><\/td>\n<\/tr>\n<tr>\n<td class=\"border-bottom\"><span dir=\"auto\">C\u00e2n n\u1eb7ng<\/span><\/td>\n<td class=\"border-bottom\"><span dir=\"auto\">4800 (14400) kg<\/span><\/td>\n<td class=\"border-bottom\"><span dir=\"auto\">7200 (19200) kg<\/span><\/td>\n<\/tr>\n<tr>\n<td class=\"border-right border-bottom background-color2\" rowspan=\"9\"><span dir=\"auto\">Ph\u00eda AC<\/span><\/td>\n<td><span dir=\"auto\">C\u00f4ng su\u1ea5t \u0111\u1ea7u ra \u0111\u1ecbnh m\u1ee9c<\/span><\/td>\n<td><span dir=\"auto\">150kW<\/span><\/td>\n<td><span dir=\"auto\">250kW<\/span><\/td>\n<\/tr>\n<tr>\n<td><span dir=\"auto\">\u0110i\u1ec7n \u00e1p \u0111\u1ecbnh m\u1ee9c<\/span><\/td>\n<td><span dir=\"auto\">400Vac<\/span><\/td>\n<td><span dir=\"auto\">400Vac<\/span><\/td>\n<\/tr>\n<tr>\n<td><span dir=\"auto\">D\u1ea3i \u0111i\u1ec7n \u00e1p<\/span><\/td>\n<td><span dir=\"auto\">\u0110i\u1ec7n \u00e1p t\u1eeb 320Vac \u0111\u1ebfn 460Vac<\/span><\/td>\n<td><span dir=\"auto\">\u0110i\u1ec7n \u00e1p t\u1eeb 320Vac \u0111\u1ebfn 460Vac<\/span><\/td>\n<\/tr>\n<tr>\n<td><span dir=\"auto\">D\u00f2ng \u0111i\u1ec7n \u0111\u1ecbnh m\u1ee9c<\/span><\/td>\n<td><span dir=\"auto\">216A<\/span><\/td>\n<td><span dir=\"auto\">316A<\/span><\/td>\n<\/tr>\n<tr>\n<td><span dir=\"auto\">T\u1ea7n s\u1ed1 \u0111\u1ecbnh m\u1ee9c<\/span><\/td>\n<td><span dir=\"auto\">50\/60Hz<\/span><\/td>\n<td><span dir=\"auto\">50\/60Hz<\/span><\/td>\n<\/tr>\n<tr>\n<td><span dir=\"auto\">H\u1ec7 s\u1ed1 c\u00f4ng su\u1ea5t<\/span><\/td>\n<td><span dir=\"auto\">1.0 d\u1eabn \u0111\u1ebfn 1.0 b\u1ecb ch\u1eadm l\u1ea1i<\/span><\/td>\n<td><span dir=\"auto\">1.0 d\u1eabn \u0111\u1ebfn 1.0 b\u1ecb ch\u1eadm l\u1ea1i<\/span><\/td>\n<\/tr>\n<tr>\n<td><span dir=\"auto\">Kh\u1ea3 n\u0103ng qu\u00e1 t\u1ea3i<\/span><\/td>\n<td><span dir=\"auto\">110% d\u00e0i h\u1ea1n<\/span><\/td>\n<td><span dir=\"auto\">110% d\u00e0i h\u1ea1n<\/span><\/td>\n<\/tr>\n<tr>\n<td><span dir=\"auto\">\u0110\u1ea7u ra AC<\/span><\/td>\n<td><span dir=\"auto\">3W+N+PE<\/span><\/td>\n<td><span dir=\"auto\">3W+N+PE<\/span><\/td>\n<\/tr>\n<tr>\n<td class=\"border-bottom\"><span dir=\"auto\">Chuy\u1ec3n \u0111\u1ed5i b\u1eadt\/t\u1eaft l\u01b0\u1edbi \u0111i\u1ec7n<\/span><\/td>\n<td class=\"border-bottom\"><span dir=\"auto\">H\u1ed7 tr\u1ee3 (&lt; 20 ms)<\/span><\/td>\n<td class=\"border-bottom\"><span dir=\"auto\">H\u1ed7 tr\u1ee3 (&lt; 20 ms)<\/span><\/td>\n<\/tr>\n<tr>\n<td class=\"border-right border-bottom background-color2\" rowspan=\"3\"><span dir=\"auto\">M\u1eb7t PV<\/span><\/td>\n<td><span dir=\"auto\">\u0110i\u1ec7n \u00e1p \u0111\u1ea7u v\u00e0o PV t\u1ed1i \u0111a<\/span><\/td>\n<td><span dir=\"auto\">1000Vdc<\/span><\/td>\n<td><span dir=\"auto\">1000Vdc<\/span><\/td>\n<\/tr>\n<tr>\n<td><span dir=\"auto\">C\u00f4ng su\u1ea5t PV t\u1ed1i \u0111a<\/span><\/td>\n<td><span dir=\"auto\">165 \/ 247,5 \/ 330kWp<\/span><\/td>\n<td><span dir=\"auto\">330 \/ 412,5kWp<\/span><\/td>\n<\/tr>\n<tr>\n<td class=\"border-bottom\"><span dir=\"auto\">Ph\u1ea1m vi \u0111i\u1ec7n \u00e1p ho\u1ea1t \u0111\u1ed9ng c\u1ee7a MPPT<\/span><\/td>\n<td class=\"border-bottom\"><span dir=\"auto\">T\u1eeb 250Vdc \u0111\u1ebfn 950Vdc<\/span><\/td>\n<td class=\"border-bottom\"><span dir=\"auto\">T\u1eeb 250Vdc \u0111\u1ebfn 950Vdc<\/span><\/td>\n<\/tr>\n<tr>\n<td class=\"border-right border-bottom background-color2\" rowspan=\"2\"><span dir=\"auto\">Th\u00f4ng s\u1ed1 PCS<\/span><\/td>\n<td><span dir=\"auto\">K\u00edch th\u01b0\u1edbc (R\u1ed9ng \u00d7 Cao \u00d7 S\u00e2u)<\/span><\/td>\n<td><span dir=\"auto\">2000\u00d71375\u00d72385mm<\/span><\/td>\n<td><span dir=\"auto\">2735\u00d71370\u00d72385mm<\/span><\/td>\n<\/tr>\n<tr>\n<td class=\"border-bottom\"><span dir=\"auto\">C\u00e2n n\u1eb7ng<\/span><\/td>\n<td class=\"border-bottom\"><span dir=\"auto\">2250(2310)kg<\/span><\/td>\n<td class=\"border-bottom\"><span dir=\"auto\">2250(2310)kg<\/span><\/td>\n<\/tr>\n<tr>\n<td class=\"border-right border-bottom background-color2\" rowspan=\"9\"><span dir=\"auto\">Th\u00f4ng s\u1ed1 h\u1ec7 th\u1ed1ng<\/span><\/td>\n<td><span dir=\"auto\">Nhi\u1ec7t \u0111\u1ed9 ho\u1ea1t \u0111\u1ed9ng<\/span><\/td>\n<td><span dir=\"auto\">0\u2103 \u0111\u1ebfn +45\u2103<\/span><\/td>\n<td><span dir=\"auto\">0\u2103 \u0111\u1ebfn +45\u2103<\/span><\/td>\n<\/tr>\n<tr>\n<td><span dir=\"auto\">\u0110\u1ed9 \u1ea9m<\/span><\/td>\n<td><span dir=\"auto\">\u0110\u1ed9 \u1ea9m t\u01b0\u01a1ng \u0111\u1ed1i t\u1eeb 0 \u0111\u1ebfn 95% (kh\u00f4ng ng\u01b0ng t\u1ee5)<\/span><\/td>\n<td><span dir=\"auto\">\u0110\u1ed9 \u1ea9m t\u01b0\u01a1ng \u0111\u1ed1i t\u1eeb 0 \u0111\u1ebfn 95% (kh\u00f4ng ng\u01b0ng t\u1ee5)<\/span><\/td>\n<\/tr>\n<tr>\n<td><span dir=\"auto\">M\u1ee9c \u0111\u1ed9 b\u1ea3o v\u1ec7<\/span><\/td>\n<td><span dir=\"auto\">IP54<\/span><\/td>\n<td><span dir=\"auto\">IP54<\/span><\/td>\n<\/tr>\n<tr>\n<td><span dir=\"auto\">M\u1ee9c \u0111\u1ed9 ch\u1ed1ng \u0103n m\u00f2n<\/span><\/td>\n<td><span dir=\"auto\">C4M<\/span><\/td>\n<td><span dir=\"auto\">C4M<\/span><\/td>\n<\/tr>\n<tr>\n<td><span dir=\"auto\">M\u1ee9c \u0111\u1ed9 ti\u1ebfng \u1ed3n<\/span><\/td>\n<td><span dir=\"auto\">&lt;75dB<\/span><\/td>\n<td><span dir=\"auto\">&lt;75dB<\/span><\/td>\n<\/tr>\n<tr>\n<td><span dir=\"auto\">\u0110\u1ed9 cao<\/span><\/td>\n<td><span dir=\"auto\">2000m<\/span><\/td>\n<td><span dir=\"auto\">2000m<\/span><\/td>\n<\/tr>\n<tr>\n<td><span dir=\"auto\">Ph\u01b0\u01a1ng ph\u00e1p l\u00e0m m\u00e1t<\/span><\/td>\n<td><span dir=\"auto\">L\u00e0m m\u00e1t b\u1eb1ng kh\u00f4ng kh\u00ed<\/span><\/td>\n<td><span dir=\"auto\">L\u00e0m m\u00e1t b\u1eb1ng kh\u00f4ng kh\u00ed<\/span><\/td>\n<\/tr>\n<tr>\n<td><span dir=\"auto\">H\u1ec7 th\u1ed1ng ch\u1eefa ch\u00e1y<\/span><\/td>\n<td><span dir=\"auto\">B\u00ecnh x\u1ecbt<\/span><\/td>\n<td><span dir=\"auto\">B\u00ecnh x\u1ecbt<\/span><\/td>\n<\/tr>\n<tr>\n<td class=\"border-bottom\"><span dir=\"auto\">Giao ti\u1ebfp<\/span><\/td>\n<td class=\"border-bottom\"><span dir=\"auto\">RS485, TCP\/IP<\/span><\/td>\n<td class=\"border-bottom\"><span dir=\"auto\">RS485, TCP\/IP<\/span><\/td>\n<\/tr>\n<\/tbody>\n<\/table>\n<\/div>\n<\/div>\n<div dir=\"auto\"><\/div>\n<div dir=\"auto\">\u2014\u2014\u2014\u2014\u2014\u2014\u2014\u2014\u2014\u2014\u2014\u2013<\/div>\n<div dir=\"auto\"><a href=\"https:\/\/www.facebook.com\/DienMatTroi.SolarQuangBinh\">CH\u1eccN THU\u1eacN PHONG \u2013 CH\u1eccN S\u1ef0 AN T\u00c2M<\/a><br \/>\nHotline: 0869.564.567<br \/>\nKinh doanh: 0867.577.357<br \/>\nK\u1ef9 thu\u1eadt: 0899.768.777<br \/>\nService: 0867.118.636<br \/>\nTr\u1ee5 s\u1edf ch\u00ednh: 30 Nguy\u1ec5n H\u1eefu D\u1eadt, ph\u01b0\u1eddng \u0110\u1ed3ng H\u1edbi, t\u1ec9nh Qu\u1ea3ng Tr\u1ecb, Vi\u1ec7t Nam<br \/>\nTr\u1ee5 s\u1edf H\u00e0 N\u1ed9i: Nh\u00e0 ph\u1ed1 th\u01b0\u01a1ng m\u1ea1i Khai S\u01a1n Town s\u1ed1 18 thu\u1ed9c Town 7, khu \u0111\u00f4 th\u1ecb Khai S\u01a1n City, ph\u01b0\u1eddng B\u1ed3 \u0110\u1ec1, Th\u00e0nh ph\u1ed1 H\u00e0 N\u1ed9i<br \/>\nWebsite:\u00a0<a href=\"https:\/\/tpenergy.com.vn\/\">https:\/\/tpenergy.com.vn\/<\/a><br \/>\nShopee:\u00a0<a href=\"https:\/\/shopee.vn\/thuanphongenergy?entryPoint=ShopBySearch&amp;searchKeyword=thu%E1%BA%ADn%20phong%20solar%20energy\">https:\/\/byvn.net\/E1oJ<\/a><br \/>\nLazada:\u00a0<a href=\"https:\/\/byvn.net\/VYPr\">https:\/\/byvn.net\/VYPr<\/a><\/div>\n","protected":false},"excerpt":{"rendered":"<h2>V\u1ec1 s\u1ea3n ph\u1ea9m:<\/h2>\n<ul>\n<li data-start=\"173\" data-end=\"565\">Model: JAP-HS-150kW-430kWh \/ JAP-HS-250kW-645kWh<\/li>\n<li data-start=\"173\" data-end=\"565\">Dung l\u01b0\u1ee3ng pin: 430 kWh \/ 645 kWh \u2013 LFP 3.2V \/ 280Ah<\/li>\n<li data-start=\"173\" data-end=\"565\">C\u00f4ng su\u1ea5t \u0111\u1ea7u ra: 150 kW \/ 250 kW<\/li>\n<li data-start=\"173\" data-end=\"565\">\u0110i\u1ec7n \u00e1p DC: 768 VDC (672 \u2013 850 V)<\/li>\n<li data-start=\"173\" data-end=\"565\">\u0110i\u1ec7n \u00e1p AC: 400 Vac | 50\/60 Hz | PF: \u00b11.0<\/li>\n<li data-start=\"173\" data-end=\"565\">C\u00f4ng su\u1ea5t PV t\u1ed1i \u0111a: \u0111\u1ebfn 330 kWp \/ 412.5 kWp<\/li>\n<li data-start=\"173\" data-end=\"565\">T\u1ef7 l\u1ec7 s\u1ea1c\/x\u1ea3: 0.5P | Chu k\u1ef3 pin: \u2265 6000<\/li>\n<li data-start=\"173\" data-end=\"565\">Chuy\u1ec3n m\u1ea1ch on\/off-grid: &lt; 20ms<\/li>\n<li data-start=\"173\" data-end=\"565\">Chu\u1ea9n b\u1ea3o v\u1ec7: IP54 | Giao ti\u1ebfp: RS485, TCP\/IP<\/li>\n<li data-start=\"173\" data-end=\"565\">B\u1ea3o h\u00e0nh: Theo ti\u00eau chu\u1ea9n nh\u00e0 s\u1ea3n xu\u1ea5t<\/li>\n<\/ul>\n<h3><i class=\"fas fa-download\"><\/i> Download<\/h3>\n<ul>\n<li style=\"list-style-type: none\">\n<ul>\n<li><a href=\"https:\/\/tpenergy.com.vn\/wp-content\/uploads\/2026\/04\/JAP-HS-150kW-250kW_202601.pdf\">Datasheet<\/a><\/li>\n<\/ul>\n<\/li>\n<\/ul>\n<p>&nbsp;<\/p>\n","protected":false},"featured_media":7654,"comment_status":"open","ping_status":"closed","template":"","meta":{"_eb_attr":""},"product_cat":[1845],"product_tag":[1864,1857,1863,1829,1865,1856,1861,1854,1855,1858,1850,1860,1862,1837,1859],"class_list":{"0":"post-7651","1":"product","2":"type-product","3":"status-publish","4":"has-post-thumbnail","6":"product_cat-ja-solar","7":"product_tag-backup-dien-nha-may","8":"product_tag-bess-microgrid","9":"product_tag-giai-phap-nang-luong-ci","10":"product_tag-he-thong-luu-tru-dien-doanh-nghiep","11":"product_tag-he-thong-luu-tru-ja","12":"product_tag-he-thong-luu-tru-nang-luong-lai","13":"product_tag-he-thong-pv-luu-tru","14":"product_tag-hybrid-bess-150kw","15":"product_tag-hybrid-bess-250kw","16":"product_tag-luu-tru-dien-cong-nghiep","17":"product_tag-luu-tru-dien-mat-troi","18":"product_tag-microgrid-nang-luong","19":"product_tag-pcs-hybrid","20":"product_tag-peak-shaving-doanh-nghiep","21":"product_tag-pin-lfp-280ah","22":"pa_gia-khong-lap-dat","23":"pa_gia-lap-dat","25":"first","26":"instock","27":"shipping-taxable","28":"product-type-variable"},"yoast_head":"<!-- This site is optimized with the Yoast SEO plugin v20.9 - https:\/\/yoast.com\/wordpress\/plugins\/seo\/ -->\r\n<title>H\u1ec7 th\u1ed1ng Hybrid BESS cho microgrid c\u00f4ng nghi\u1ec7p 150kW \/ 250kW<\/title>\r\n<meta name=\"description\" content=\"H\u1ec7 th\u1ed1ng l\u01b0u tr\u1eef n\u0103ng l\u01b0\u1ee3ng lai 150kW \/ 250kW cho microgrid, t\u00edch h\u1ee3p PV \u2013 pin LFP \u2013 l\u01b0\u1edbi \u0111i\u1ec7n, v\u1eadn h\u00e0nh \u1ed5n \u0111\u1ecbnh, t\u1ed1i \u01b0u chi ph\u00ed cho doanh nghi\u1ec7p.\" \/>\r\n<meta name=\"robots\" content=\"index, follow, max-snippet:-1, max-image-preview:large, max-video-preview:-1\" \/>\r\n<link rel=\"canonical\" href=\"https:\/\/tpenergy.com.vn\/?product=he-thong-hybrid-bess-cho-microgrid-cong-nghiep-150kw-250kw\" \/>\r\n<meta property=\"og:locale\" content=\"vi_VN\" \/>\r\n<meta property=\"og:type\" content=\"article\" \/>\r\n<meta property=\"og:title\" content=\"H\u1ec7 th\u1ed1ng Hybrid BESS cho microgrid c\u00f4ng nghi\u1ec7p 150kW \/ 250kW\" \/>\r\n<meta property=\"og:description\" content=\"H\u1ec7 th\u1ed1ng l\u01b0u tr\u1eef n\u0103ng l\u01b0\u1ee3ng lai 150kW \/ 250kW cho microgrid, t\u00edch h\u1ee3p PV \u2013 pin LFP \u2013 l\u01b0\u1edbi \u0111i\u1ec7n, v\u1eadn h\u00e0nh \u1ed5n \u0111\u1ecbnh, t\u1ed1i \u01b0u chi ph\u00ed cho doanh nghi\u1ec7p.\" \/>\r\n<meta property=\"og:url\" content=\"https:\/\/tpenergy.com.vn\/?product=he-thong-hybrid-bess-cho-microgrid-cong-nghiep-150kw-250kw\" \/>\r\n<meta property=\"og:site_name\" content=\"Thuan Phong Solar Energy\" \/>\r\n<meta property=\"article:modified_time\" content=\"2026-04-29T03:23:24+00:00\" \/>\r\n<meta property=\"og:image\" content=\"https:\/\/tpenergy.com.vn\/wp-content\/uploads\/2026\/04\/JAPlanet-nav03-scaled.jpg\" \/>\r\n\t<meta property=\"og:image:width\" content=\"2048\" \/>\r\n\t<meta property=\"og:image:height\" content=\"2560\" \/>\r\n\t<meta property=\"og:image:type\" content=\"image\/jpeg\" \/>\r\n<meta name=\"twitter:card\" content=\"summary_large_image\" \/>\r\n<meta name=\"twitter:label1\" content=\"\u01af\u1edbc t\u00ednh th\u1eddi gian \u0111\u1ecdc\" \/>\n\t<meta name=\"twitter:data1\" content=\"4 ph\u00fat\" \/>\r\n<script type=\"application\/ld+json\" class=\"yoast-schema-graph\">{\"@context\":\"https:\/\/schema.org\",\"@graph\":[{\"@type\":\"WebPage\",\"@id\":\"https:\/\/tpenergy.com.vn\/?product=he-thong-hybrid-bess-cho-microgrid-cong-nghiep-150kw-250kw\",\"url\":\"https:\/\/tpenergy.com.vn\/?product=he-thong-hybrid-bess-cho-microgrid-cong-nghiep-150kw-250kw\",\"name\":\"H\u1ec7 th\u1ed1ng Hybrid BESS cho microgrid c\u00f4ng nghi\u1ec7p 150kW \/ 250kW\",\"isPartOf\":{\"@id\":\"https:\/\/tpenergy.com.vn\/#website\"},\"datePublished\":\"2026-04-29T03:05:17+00:00\",\"dateModified\":\"2026-04-29T03:23:24+00:00\",\"description\":\"H\u1ec7 th\u1ed1ng l\u01b0u tr\u1eef n\u0103ng l\u01b0\u1ee3ng lai 150kW \/ 250kW cho microgrid, t\u00edch h\u1ee3p PV \u2013 pin LFP \u2013 l\u01b0\u1edbi \u0111i\u1ec7n, v\u1eadn h\u00e0nh \u1ed5n \u0111\u1ecbnh, t\u1ed1i \u01b0u chi ph\u00ed cho doanh nghi\u1ec7p.\",\"breadcrumb\":{\"@id\":\"https:\/\/tpenergy.com.vn\/?product=he-thong-hybrid-bess-cho-microgrid-cong-nghiep-150kw-250kw#breadcrumb\"},\"inLanguage\":\"vi\",\"potentialAction\":[{\"@type\":\"ReadAction\",\"target\":[\"https:\/\/tpenergy.com.vn\/?product=he-thong-hybrid-bess-cho-microgrid-cong-nghiep-150kw-250kw\"]}]},{\"@type\":\"BreadcrumbList\",\"@id\":\"https:\/\/tpenergy.com.vn\/?product=he-thong-hybrid-bess-cho-microgrid-cong-nghiep-150kw-250kw#breadcrumb\",\"itemListElement\":[{\"@type\":\"ListItem\",\"position\":1,\"name\":\"Trang ch\u1ee7\",\"item\":\"https:\/\/tpenergy.com.vn\/\"},{\"@type\":\"ListItem\",\"position\":2,\"name\":\"Shop\",\"item\":\"https:\/\/tpenergy.com.vn\/?page_id=5\"},{\"@type\":\"ListItem\",\"position\":3,\"name\":\"H\u1ec6 TH\u1ed0NG L\u01afU TR\u1eee (BESS C&amp;I)\",\"item\":\"https:\/\/tpenergy.com.vn\/?product_cat=hethongluutru\"},{\"@type\":\"ListItem\",\"position\":4,\"name\":\"JA SOLAR\",\"item\":\"https:\/\/tpenergy.com.vn\/?product_cat=ja-solar\"},{\"@type\":\"ListItem\",\"position\":5,\"name\":\"H\u1ec7 th\u1ed1ng Hybrid BESS cho microgrid c\u00f4ng nghi\u1ec7p 150kW \/ 250kW\"}]},{\"@type\":\"WebSite\",\"@id\":\"https:\/\/tpenergy.com.vn\/#website\",\"url\":\"https:\/\/tpenergy.com.vn\/\",\"name\":\"Thuan Phong Solar Energy\",\"description\":\"\",\"potentialAction\":[{\"@type\":\"SearchAction\",\"target\":{\"@type\":\"EntryPoint\",\"urlTemplate\":\"https:\/\/tpenergy.com.vn\/?s={search_term_string}\"},\"query-input\":\"required name=search_term_string\"}],\"inLanguage\":\"vi\"}]}<\/script>\r\n<!-- \/ Yoast SEO plugin. -->","yoast_head_json":{"title":"H\u1ec7 th\u1ed1ng Hybrid BESS cho microgrid c\u00f4ng nghi\u1ec7p 150kW \/ 250kW","description":"H\u1ec7 th\u1ed1ng l\u01b0u tr\u1eef n\u0103ng l\u01b0\u1ee3ng lai 150kW \/ 250kW cho microgrid, t\u00edch h\u1ee3p PV \u2013 pin LFP \u2013 l\u01b0\u1edbi \u0111i\u1ec7n, v\u1eadn h\u00e0nh \u1ed5n \u0111\u1ecbnh, t\u1ed1i \u01b0u chi ph\u00ed cho doanh nghi\u1ec7p.","robots":{"index":"index","follow":"follow","max-snippet":"max-snippet:-1","max-image-preview":"max-image-preview:large","max-video-preview":"max-video-preview:-1"},"canonical":"https:\/\/tpenergy.com.vn\/?product=he-thong-hybrid-bess-cho-microgrid-cong-nghiep-150kw-250kw","og_locale":"vi_VN","og_type":"article","og_title":"H\u1ec7 th\u1ed1ng Hybrid BESS cho microgrid c\u00f4ng nghi\u1ec7p 150kW \/ 250kW","og_description":"H\u1ec7 th\u1ed1ng l\u01b0u tr\u1eef n\u0103ng l\u01b0\u1ee3ng lai 150kW \/ 250kW cho microgrid, t\u00edch h\u1ee3p PV \u2013 pin LFP \u2013 l\u01b0\u1edbi \u0111i\u1ec7n, v\u1eadn h\u00e0nh \u1ed5n \u0111\u1ecbnh, t\u1ed1i \u01b0u chi ph\u00ed cho doanh nghi\u1ec7p.","og_url":"https:\/\/tpenergy.com.vn\/?product=he-thong-hybrid-bess-cho-microgrid-cong-nghiep-150kw-250kw","og_site_name":"Thuan Phong Solar Energy","article_modified_time":"2026-04-29T03:23:24+00:00","og_image":[{"width":2048,"height":2560,"url":"https:\/\/tpenergy.com.vn\/wp-content\/uploads\/2026\/04\/JAPlanet-nav03-scaled.jpg","type":"image\/jpeg"}],"twitter_card":"summary_large_image","twitter_misc":{"\u01af\u1edbc t\u00ednh th\u1eddi gian \u0111\u1ecdc":"4 ph\u00fat"},"schema":{"@context":"https:\/\/schema.org","@graph":[{"@type":"WebPage","@id":"https:\/\/tpenergy.com.vn\/?product=he-thong-hybrid-bess-cho-microgrid-cong-nghiep-150kw-250kw","url":"https:\/\/tpenergy.com.vn\/?product=he-thong-hybrid-bess-cho-microgrid-cong-nghiep-150kw-250kw","name":"H\u1ec7 th\u1ed1ng Hybrid BESS cho microgrid c\u00f4ng nghi\u1ec7p 150kW \/ 250kW","isPartOf":{"@id":"https:\/\/tpenergy.com.vn\/#website"},"datePublished":"2026-04-29T03:05:17+00:00","dateModified":"2026-04-29T03:23:24+00:00","description":"H\u1ec7 th\u1ed1ng l\u01b0u tr\u1eef n\u0103ng l\u01b0\u1ee3ng lai 150kW \/ 250kW cho microgrid, t\u00edch h\u1ee3p PV \u2013 pin LFP \u2013 l\u01b0\u1edbi \u0111i\u1ec7n, v\u1eadn h\u00e0nh \u1ed5n \u0111\u1ecbnh, t\u1ed1i \u01b0u chi ph\u00ed cho doanh nghi\u1ec7p.","breadcrumb":{"@id":"https:\/\/tpenergy.com.vn\/?product=he-thong-hybrid-bess-cho-microgrid-cong-nghiep-150kw-250kw#breadcrumb"},"inLanguage":"vi","potentialAction":[{"@type":"ReadAction","target":["https:\/\/tpenergy.com.vn\/?product=he-thong-hybrid-bess-cho-microgrid-cong-nghiep-150kw-250kw"]}]},{"@type":"BreadcrumbList","@id":"https:\/\/tpenergy.com.vn\/?product=he-thong-hybrid-bess-cho-microgrid-cong-nghiep-150kw-250kw#breadcrumb","itemListElement":[{"@type":"ListItem","position":1,"name":"Trang ch\u1ee7","item":"https:\/\/tpenergy.com.vn\/"},{"@type":"ListItem","position":2,"name":"Shop","item":"https:\/\/tpenergy.com.vn\/?page_id=5"},{"@type":"ListItem","position":3,"name":"H\u1ec6 TH\u1ed0NG L\u01afU TR\u1eee (BESS C&amp;I)","item":"https:\/\/tpenergy.com.vn\/?product_cat=hethongluutru"},{"@type":"ListItem","position":4,"name":"JA SOLAR","item":"https:\/\/tpenergy.com.vn\/?product_cat=ja-solar"},{"@type":"ListItem","position":5,"name":"H\u1ec7 th\u1ed1ng Hybrid BESS cho microgrid c\u00f4ng nghi\u1ec7p 150kW \/ 250kW"}]},{"@type":"WebSite","@id":"https:\/\/tpenergy.com.vn\/#website","url":"https:\/\/tpenergy.com.vn\/","name":"Thuan Phong Solar Energy","description":"","potentialAction":[{"@type":"SearchAction","target":{"@type":"EntryPoint","urlTemplate":"https:\/\/tpenergy.com.vn\/?s={search_term_string}"},"query-input":"required name=search_term_string"}],"inLanguage":"vi"}]}},"_links":{"self":[{"href":"https:\/\/tpenergy.com.vn\/index.php?rest_route=\/wp\/v2\/product\/7651"}],"collection":[{"href":"https:\/\/tpenergy.com.vn\/index.php?rest_route=\/wp\/v2\/product"}],"about":[{"href":"https:\/\/tpenergy.com.vn\/index.php?rest_route=\/wp\/v2\/types\/product"}],"replies":[{"embeddable":true,"href":"https:\/\/tpenergy.com.vn\/index.php?rest_route=%2Fwp%2Fv2%2Fcomments&post=7651"}],"wp:featuredmedia":[{"embeddable":true,"href":"https:\/\/tpenergy.com.vn\/index.php?rest_route=\/wp\/v2\/media\/7654"}],"wp:attachment":[{"href":"https:\/\/tpenergy.com.vn\/index.php?rest_route=%2Fwp%2Fv2%2Fmedia&parent=7651"}],"wp:term":[{"taxonomy":"product_cat","embeddable":true,"href":"https:\/\/tpenergy.com.vn\/index.php?rest_route=%2Fwp%2Fv2%2Fproduct_cat&post=7651"},{"taxonomy":"product_tag","embeddable":true,"href":"https:\/\/tpenergy.com.vn\/index.php?rest_route=%2Fwp%2Fv2%2Fproduct_tag&post=7651"}],"curies":[{"name":"wp","href":"https:\/\/api.w.org\/{rel}","templated":true}]}}