{"id":7628,"date":"2026-04-28T14:16:05","date_gmt":"2026-04-28T07:16:05","guid":{"rendered":"https:\/\/tpenergy.com.vn\/?post_type=product&#038;p=7628"},"modified":"2026-04-28T15:43:41","modified_gmt":"2026-04-28T08:43:41","slug":"tam-pin-nang-luong-mat-troi-risen-720w","status":"publish","type":"product","link":"https:\/\/tpenergy.com.vn\/?product=tam-pin-nang-luong-mat-troi-risen-720w","title":{"rendered":"T\u1ea5m pin n\u0103ng l\u01b0\u1ee3ng m\u1eb7t tr\u1eddi Risen 720W"},"content":{"rendered":"<div class=\"xdj266r x11i5rnm xat24cr x1mh8g0r x1vvkbs x126k92a\">\n<h1 dir=\"auto\">T\u1ea5m pin n\u0103ng l\u01b0\u1ee3ng m\u1eb7t tr\u1eddi Risen 720W<\/h1>\n<div dir=\"auto\">Risen Solar RSM132-8-720BHDG l\u00e0 t\u1ea5m pin n\u0103ng l\u01b0\u1ee3ng m\u1eb7t tr\u1eddi c\u00f3 c\u00f4ng su\u1ea5t \u0111\u1ecbnh m\u1ee9c 720 Wp, hi\u1ec7u su\u1ea5t m\u00f4-\u0111un 23.2% v\u00e0 s\u1eed d\u1ee5ng c\u00f4ng ngh\u1ec7 t\u1ebf b\u00e0o quang \u0111i\u1ec7n N-type HJT. Model n\u00e0y c\u00f3 \u0111i\u1ec7n \u00e1p h\u1edf m\u1ea1ch 50.18V, \u0111i\u1ec7n \u00e1p t\u1ea1i c\u00f4ng su\u1ea5t c\u1ef1c \u0111\u1ea1i 42.08V, d\u00f2ng \u0111i\u1ec7n t\u1ea1i c\u00f4ng su\u1ea5t c\u1ef1c \u0111\u1ea1i 17.13A v\u00e0 d\u00f2ng ng\u1eafn m\u1ea1ch 18.19A.<\/div>\n<div dir=\"auto\">\n<h3 id=\"cong-nghe\" class=\"md:scroll-mt-[156px] scroll-mt-[168px]\">C\u00f4ng ngh\u1ec7<\/h3>\n<p>Model n\u00e0y s\u1eed d\u1ee5ng t\u1ebf b\u00e0o quang \u0111i\u1ec7n<strong>\u00a0N-type HJT<\/strong>\u00a0v\u1edbi c\u1ea5u h\u00ecnh\u00a0<strong>132 cells (6\u00d711+6\u00d711)<\/strong>. Thi\u1ebft k\u1ebf m\u00f4-\u0111un d\u00f9ng k\u00ednh tr\u01b0\u1edbc truy\u1ec1n s\u00e1ng cao, ph\u1ee7 AR v\u00e0 gia c\u01b0\u1eddng nhi\u1ec7t, k\u1ebft h\u1ee3p k\u00ednh sau gia c\u01b0\u1eddng nhi\u1ec7t d\u00e0y 2.0mm.<\/p>\n<ul>\n<li>Lo\u1ea1i t\u1ebf b\u00e0o quang \u0111i\u1ec7n: N-type HJT<\/li>\n<li>C\u1ea5u h\u00ecnh t\u1ebf b\u00e0o: 132 cells (6\u00d711+6\u00d711)<\/li>\n<li>L\u1edbp k\u00ednh ph\u00eda tr\u01b0\u1edbc: 2.0mm (0.08 in), k\u00ednh truy\u1ec1n s\u00e1ng cao, ph\u1ee7 AR, gia c\u01b0\u1eddng nhi\u1ec7t<\/li>\n<li>L\u1edbp k\u00ednh ph\u00eda sau: 2.0mm (0.08 in), k\u00ednh gia c\u01b0\u1eddng nhi\u1ec7t<\/li>\n<li>Khung: h\u1ee3p kim nh\u00f4m anodized, m\u00e0u b\u1ea1c<\/li>\n<li>H\u1ed9p n\u1ed1i: \u0111\u00fac k\u00edn, IP68, 1500VDC, 3 diode bypass Schottky<\/li>\n<\/ul>\n<\/div>\n<\/div>\n<div dir=\"auto\">\n<p>&nbsp;<\/p>\n<p>Thu\u1eadn Phong Energy hi\u1ec7n l\u00e0\u00a0nh\u00e0 ph\u00e2n ph\u1ed1i ch\u00ednh h\u00e3ng\u00a0c\u00e1c s\u1ea3n ph\u1ea9m mang th\u01b0\u01a1ng hi\u1ec7u<a href=\"https:\/\/en.risenenergy.com\/\">\u00a0Risen Energy<\/a> c\u00f4ng ngh\u1ec7\u00a0 t\u1ea1i Vi\u1ec7t Nam.<\/p>\n<figure id=\"attachment_5454\" aria-describedby=\"caption-attachment-5454\" style=\"width: 2481px\" class=\"wp-caption aligncenter\"><img loading=\"lazy\" decoding=\"async\" class=\"wp-image-5454 size-full\" src=\"https:\/\/tpenergy.com.vn\/wp-content\/uploads\/2024\/12\/chung-nhan-phan-phoi-risen-solar.png\" alt=\"\" width=\"2481\" height=\"3508\" srcset=\"https:\/\/tpenergy.com.vn\/wp-content\/uploads\/2024\/12\/chung-nhan-phan-phoi-risen-solar.png 2481w, https:\/\/tpenergy.com.vn\/wp-content\/uploads\/2024\/12\/chung-nhan-phan-phoi-risen-solar-768x1086.png 768w, https:\/\/tpenergy.com.vn\/wp-content\/uploads\/2024\/12\/chung-nhan-phan-phoi-risen-solar-1086x1536.png 1086w, https:\/\/tpenergy.com.vn\/wp-content\/uploads\/2024\/12\/chung-nhan-phan-phoi-risen-solar-1448x2048.png 1448w, https:\/\/tpenergy.com.vn\/wp-content\/uploads\/2024\/12\/chung-nhan-phan-phoi-risen-solar-247x349.png 247w, https:\/\/tpenergy.com.vn\/wp-content\/uploads\/2024\/12\/chung-nhan-phan-phoi-risen-solar-510x721.png 510w\" sizes=\"(max-width: 2481px) 100vw, 2481px\" \/><figcaption id=\"caption-attachment-5454\" class=\"wp-caption-text\"><strong>Ch\u1ee9ng nh\u1eadn Thu\u1eadn Phong l\u00e0 nh\u00e0 ph\u00e2n ph\u1ed1i Risen Solar t\u1ea1i th\u1ecb tr\u01b0\u1eddng Vi\u1ec7t Nam<\/strong><\/figcaption><\/figure>\n<blockquote><p><strong>Xem th\u00eam danh m\u1ee5c c\u00e1c <a href=\"https:\/\/tpenergy.com.vn\/index.php\/danh-muc-sp\/tam-pin-nang-luong-mat-troi\/\">t\u1ea5m pin n\u0103ng l\u01b0\u1ee3ng m\u1eb7t tr\u1eddi<\/a> Thu\u1eadn Phong \u0111ang ph\u00e2n ph\u1ed1i!<\/strong><\/p><\/blockquote>\n<\/div>\n<div class=\"x11i5rnm xat24cr x1mh8g0r x1vvkbs xtlvy1s x126k92a\">\n<div dir=\"auto\">\n<div dir=\"auto\">\u2014\u2014\u2014\u2014\u2014\u2014\u2014\u2014\u2014\u2014\u2014\u2013<\/div>\n<div dir=\"auto\"><a href=\"https:\/\/www.facebook.com\/DienMatTroi.SolarQuangBinh\">CH\u1eccN THU\u1eacN PHONG \u2013 CH\u1eccN S\u1ef0 AN T\u00c2M<\/a><br \/>\nHotline: 0869.564.567<br \/>\nKinh doanh: 0867.577.357<br \/>\nK\u1ef9 thu\u1eadt: 0899.768.777<br \/>\nService: 0867.118.636<br \/>\nTr\u1ee5 s\u1edf ch\u00ednh: 30 Nguy\u1ec5n H\u1eefu D\u1eadt, ph\u01b0\u1eddng \u0110\u1ed3ng H\u1edbi, t\u1ec9nh Qu\u1ea3ng Tr\u1ecb, Vi\u1ec7t Nam<br \/>\nTr\u1ee5 s\u1edf H\u00e0 N\u1ed9i: Nh\u00e0 ph\u1ed1 th\u01b0\u01a1ng m\u1ea1i Khai S\u01a1n Town s\u1ed1 18 thu\u1ed9c Town 7, khu \u0111\u00f4 th\u1ecb Khai S\u01a1n City, ph\u01b0\u1eddng B\u1ed3 \u0110\u1ec1, Th\u00e0nh ph\u1ed1 H\u00e0 N\u1ed9i<br \/>\nWebsite:\u00a0<a href=\"https:\/\/tpenergy.com.vn\/\">https:\/\/tpenergy.com.vn\/<\/a><br \/>\nShopee:\u00a0<a href=\"https:\/\/shopee.vn\/thuanphongenergy?entryPoint=ShopBySearch&amp;searchKeyword=thu%E1%BA%ADn%20phong%20solar%20energy\">https:\/\/byvn.net\/E1oJ<\/a><br \/>\nLazada:\u00a0<a href=\"https:\/\/byvn.net\/VYPr\">https:\/\/byvn.net\/VYPr<\/a><\/div>\n<\/div>\n<\/div>\n","protected":false},"excerpt":{"rendered":"<h2>M\u00f4 t\u1ea3 s\u1ea3n ph\u1ea9m:<\/h2>\n<ul>\n<li>Th\u01b0\u01a1ng hi\u1ec7u: RISEN SOLAR<\/li>\n<li>Tr\u1ecdng l\u01b0\u1ee3ng: 37.5kg<\/li>\n<li>K\u00edch th\u01b0\u1edbc: 2384\u00d71303\u00d733mm<\/li>\n<li>M\u00e3 s\u1ea3n ph\u1ea9m: RSM132-8-720BHDG<\/li>\n<li>C\u00f4ng su\u1ea5t: 720WP<\/li>\n<li>Xu\u1ea5t x\u1ee9: Trung Qu\u1ed1c<\/li>\n<li>M\u1eb7t k\u00ednh: 2 m\u1eb7t k\u00ednh<\/li>\n<li>C\u00f4ng ngh\u1ec7: Hyper-ion Pro<\/li>\n<li>D\u00f2ng s\u1ea3n ph\u1ea9m: N-type HJT<\/li>\n<li>B\u1ea3o h\u00e0nh hi\u1ec7u su\u1ea5t: 30 n\u0103m<\/li>\n<li>B\u1ea3o h\u00e0nh v\u1eadt l\u00fd: 15 n\u0103m<\/li>\n<\/ul>\n<h3><i class=\"fas fa-download\"><\/i> Download<\/h3>\n<ul>\n<li><a href=\"https:\/\/tpenergy.com.vn\/wp-content\/uploads\/2026\/04\/Datasheet-Thong-so-ky-thuat-Tam-Pin-NLMT-Risen-solar-720Wp.pdf\">Datasheet <\/a><\/li>\n<\/ul>\n","protected":false},"featured_media":7632,"comment_status":"open","ping_status":"closed","template":"","meta":{"_eb_attr":""},"product_cat":[199],"product_tag":[1815,1818,1821,1820,1819,1822,1814,1823,1816,1817,1812,1813,1811,1810,1105],"class_list":{"0":"post-7628","1":"product","2":"type-product","3":"status-publish","4":"has-post-thumbnail","6":"product_cat-risen-solar","7":"product_tag-cong-nghe-hjt","8":"product_tag-dien-mat-troi-nha-xuong","9":"product_tag-gia-pin-risen-720w","10":"product_tag-giai-phap-dien-mat-troi-doanh-nghiep","11":"product_tag-he-thong-dien-mat-troi-ap-mai","12":"product_tag-mua-pin-risen-chinh-hang","13":"product_tag-n-type-hjt","14":"product_tag-nha-phan-phoi-risen-viet-nam","15":"product_tag-pin-hieu-suat-cao-23-2","16":"product_tag-pin-mat-troi-cong-suat-lon","17":"product_tag-pin-nang-luong-mat-troi-720w","18":"product_tag-pin-risen-hjt","19":"product_tag-rsm132-8-720bhdg","20":"product_tag-tam-pin-risen-720w","21":"product_tag-thuan-phong-energy","22":"pa_gia-khong-lap-dat","23":"pa_gia-lap-dat","25":"first","26":"instock","27":"shipping-taxable","28":"purchasable","29":"product-type-variable"},"yoast_head":"<!-- This site is optimized with the Yoast SEO plugin v20.9 - https:\/\/yoast.com\/wordpress\/plugins\/seo\/ -->\r\n<title>T\u1ea5m pin n\u0103ng l\u01b0\u1ee3ng m\u1eb7t tr\u1eddi Risen 720W | Thu\u1eadn Phong Energy<\/title>\r\n<meta name=\"description\" content=\"T\u1ea5m pin n\u0103ng l\u01b0\u1ee3ng m\u1eb7t tr\u1eddi Risen 720W, RSM132-8-720BHDG 2 m\u1eb7t k\u00ednh\u00a0th\u01b0\u01a1ng hi\u1ec7u\u00a0Risen Energy l\u00e0 d\u00f2ng module n\u0103ng l\u01b0\u1ee3ng m\u1eb7t tr\u1eddi \u0111\u01b0\u1ee3c\" \/>\r\n<meta name=\"robots\" content=\"index, follow, max-snippet:-1, max-image-preview:large, max-video-preview:-1\" \/>\r\n<link rel=\"canonical\" href=\"https:\/\/tpenergy.com.vn\/?product=tam-pin-nang-luong-mat-troi-risen-720w\" \/>\r\n<meta property=\"og:locale\" content=\"vi_VN\" \/>\r\n<meta property=\"og:type\" content=\"article\" \/>\r\n<meta property=\"og:title\" content=\"T\u1ea5m pin n\u0103ng l\u01b0\u1ee3ng m\u1eb7t tr\u1eddi Risen 720W | Thu\u1eadn Phong Energy\" \/>\r\n<meta property=\"og:description\" content=\"T\u1ea5m pin n\u0103ng l\u01b0\u1ee3ng m\u1eb7t tr\u1eddi Risen 720W, RSM132-8-720BHDG 2 m\u1eb7t k\u00ednh\u00a0th\u01b0\u01a1ng hi\u1ec7u\u00a0Risen Energy l\u00e0 d\u00f2ng module n\u0103ng l\u01b0\u1ee3ng m\u1eb7t tr\u1eddi \u0111\u01b0\u1ee3c\" \/>\r\n<meta property=\"og:url\" content=\"https:\/\/tpenergy.com.vn\/?product=tam-pin-nang-luong-mat-troi-risen-720w\" \/>\r\n<meta property=\"og:site_name\" content=\"Thuan Phong Solar Energy\" \/>\r\n<meta property=\"article:modified_time\" content=\"2026-04-28T08:43:41+00:00\" \/>\r\n<meta property=\"og:image\" content=\"https:\/\/tpenergy.com.vn\/wp-content\/uploads\/2026\/04\/RISEN-550-224.jpg\" \/>\r\n\t<meta property=\"og:image:width\" content=\"510\" \/>\r\n\t<meta property=\"og:image:height\" content=\"510\" \/>\r\n\t<meta property=\"og:image:type\" content=\"image\/jpeg\" \/>\r\n<meta name=\"twitter:card\" content=\"summary_large_image\" \/>\r\n<meta name=\"twitter:label1\" content=\"\u01af\u1edbc t\u00ednh th\u1eddi gian \u0111\u1ecdc\" \/>\n\t<meta name=\"twitter:data1\" content=\"2 ph\u00fat\" \/>\r\n<script type=\"application\/ld+json\" class=\"yoast-schema-graph\">{\"@context\":\"https:\/\/schema.org\",\"@graph\":[{\"@type\":\"WebPage\",\"@id\":\"https:\/\/tpenergy.com.vn\/?product=tam-pin-nang-luong-mat-troi-risen-720w\",\"url\":\"https:\/\/tpenergy.com.vn\/?product=tam-pin-nang-luong-mat-troi-risen-720w\",\"name\":\"T\u1ea5m pin n\u0103ng l\u01b0\u1ee3ng m\u1eb7t tr\u1eddi Risen 720W | Thu\u1eadn Phong Energy\",\"isPartOf\":{\"@id\":\"https:\/\/tpenergy.com.vn\/#website\"},\"datePublished\":\"2026-04-28T07:16:05+00:00\",\"dateModified\":\"2026-04-28T08:43:41+00:00\",\"description\":\"T\u1ea5m pin n\u0103ng l\u01b0\u1ee3ng m\u1eb7t tr\u1eddi Risen 720W, RSM132-8-720BHDG 2 m\u1eb7t k\u00ednh\u00a0th\u01b0\u01a1ng hi\u1ec7u\u00a0Risen Energy l\u00e0 d\u00f2ng module n\u0103ng l\u01b0\u1ee3ng m\u1eb7t tr\u1eddi \u0111\u01b0\u1ee3c\",\"breadcrumb\":{\"@id\":\"https:\/\/tpenergy.com.vn\/?product=tam-pin-nang-luong-mat-troi-risen-720w#breadcrumb\"},\"inLanguage\":\"vi\",\"potentialAction\":[{\"@type\":\"ReadAction\",\"target\":[\"https:\/\/tpenergy.com.vn\/?product=tam-pin-nang-luong-mat-troi-risen-720w\"]}]},{\"@type\":\"BreadcrumbList\",\"@id\":\"https:\/\/tpenergy.com.vn\/?product=tam-pin-nang-luong-mat-troi-risen-720w#breadcrumb\",\"itemListElement\":[{\"@type\":\"ListItem\",\"position\":1,\"name\":\"Trang ch\u1ee7\",\"item\":\"https:\/\/tpenergy.com.vn\/\"},{\"@type\":\"ListItem\",\"position\":2,\"name\":\"Shop\",\"item\":\"https:\/\/tpenergy.com.vn\/?page_id=5\"},{\"@type\":\"ListItem\",\"position\":3,\"name\":\"T\u1ea4M PIN N\u0102NG L\u01af\u1ee2NG M\u1eb6T TR\u1edcI\",\"item\":\"https:\/\/tpenergy.com.vn\/?product_cat=tam-pin-nang-luong-mat-troi\"},{\"@type\":\"ListItem\",\"position\":4,\"name\":\"RISEN SOLAR\",\"item\":\"https:\/\/tpenergy.com.vn\/?product_cat=risen-solar\"},{\"@type\":\"ListItem\",\"position\":5,\"name\":\"T\u1ea5m pin n\u0103ng l\u01b0\u1ee3ng m\u1eb7t tr\u1eddi Risen 720W\"}]},{\"@type\":\"WebSite\",\"@id\":\"https:\/\/tpenergy.com.vn\/#website\",\"url\":\"https:\/\/tpenergy.com.vn\/\",\"name\":\"Thuan Phong Solar Energy\",\"description\":\"\",\"potentialAction\":[{\"@type\":\"SearchAction\",\"target\":{\"@type\":\"EntryPoint\",\"urlTemplate\":\"https:\/\/tpenergy.com.vn\/?s={search_term_string}\"},\"query-input\":\"required name=search_term_string\"}],\"inLanguage\":\"vi\"}]}<\/script>\r\n<!-- \/ Yoast SEO plugin. -->","yoast_head_json":{"title":"T\u1ea5m pin n\u0103ng l\u01b0\u1ee3ng m\u1eb7t tr\u1eddi Risen 720W | Thu\u1eadn Phong Energy","description":"T\u1ea5m pin n\u0103ng l\u01b0\u1ee3ng m\u1eb7t tr\u1eddi Risen 720W, RSM132-8-720BHDG 2 m\u1eb7t k\u00ednh\u00a0th\u01b0\u01a1ng hi\u1ec7u\u00a0Risen Energy l\u00e0 d\u00f2ng module n\u0103ng l\u01b0\u1ee3ng m\u1eb7t tr\u1eddi \u0111\u01b0\u1ee3c","robots":{"index":"index","follow":"follow","max-snippet":"max-snippet:-1","max-image-preview":"max-image-preview:large","max-video-preview":"max-video-preview:-1"},"canonical":"https:\/\/tpenergy.com.vn\/?product=tam-pin-nang-luong-mat-troi-risen-720w","og_locale":"vi_VN","og_type":"article","og_title":"T\u1ea5m pin n\u0103ng l\u01b0\u1ee3ng m\u1eb7t tr\u1eddi Risen 720W | Thu\u1eadn Phong Energy","og_description":"T\u1ea5m pin n\u0103ng l\u01b0\u1ee3ng m\u1eb7t tr\u1eddi Risen 720W, RSM132-8-720BHDG 2 m\u1eb7t k\u00ednh\u00a0th\u01b0\u01a1ng hi\u1ec7u\u00a0Risen Energy l\u00e0 d\u00f2ng module n\u0103ng l\u01b0\u1ee3ng m\u1eb7t tr\u1eddi \u0111\u01b0\u1ee3c","og_url":"https:\/\/tpenergy.com.vn\/?product=tam-pin-nang-luong-mat-troi-risen-720w","og_site_name":"Thuan Phong Solar Energy","article_modified_time":"2026-04-28T08:43:41+00:00","og_image":[{"width":510,"height":510,"url":"https:\/\/tpenergy.com.vn\/wp-content\/uploads\/2026\/04\/RISEN-550-224.jpg","type":"image\/jpeg"}],"twitter_card":"summary_large_image","twitter_misc":{"\u01af\u1edbc t\u00ednh th\u1eddi gian \u0111\u1ecdc":"2 ph\u00fat"},"schema":{"@context":"https:\/\/schema.org","@graph":[{"@type":"WebPage","@id":"https:\/\/tpenergy.com.vn\/?product=tam-pin-nang-luong-mat-troi-risen-720w","url":"https:\/\/tpenergy.com.vn\/?product=tam-pin-nang-luong-mat-troi-risen-720w","name":"T\u1ea5m pin n\u0103ng l\u01b0\u1ee3ng m\u1eb7t tr\u1eddi Risen 720W | Thu\u1eadn Phong Energy","isPartOf":{"@id":"https:\/\/tpenergy.com.vn\/#website"},"datePublished":"2026-04-28T07:16:05+00:00","dateModified":"2026-04-28T08:43:41+00:00","description":"T\u1ea5m pin n\u0103ng l\u01b0\u1ee3ng m\u1eb7t tr\u1eddi Risen 720W, RSM132-8-720BHDG 2 m\u1eb7t k\u00ednh\u00a0th\u01b0\u01a1ng hi\u1ec7u\u00a0Risen Energy l\u00e0 d\u00f2ng module n\u0103ng l\u01b0\u1ee3ng m\u1eb7t tr\u1eddi \u0111\u01b0\u1ee3c","breadcrumb":{"@id":"https:\/\/tpenergy.com.vn\/?product=tam-pin-nang-luong-mat-troi-risen-720w#breadcrumb"},"inLanguage":"vi","potentialAction":[{"@type":"ReadAction","target":["https:\/\/tpenergy.com.vn\/?product=tam-pin-nang-luong-mat-troi-risen-720w"]}]},{"@type":"BreadcrumbList","@id":"https:\/\/tpenergy.com.vn\/?product=tam-pin-nang-luong-mat-troi-risen-720w#breadcrumb","itemListElement":[{"@type":"ListItem","position":1,"name":"Trang ch\u1ee7","item":"https:\/\/tpenergy.com.vn\/"},{"@type":"ListItem","position":2,"name":"Shop","item":"https:\/\/tpenergy.com.vn\/?page_id=5"},{"@type":"ListItem","position":3,"name":"T\u1ea4M PIN N\u0102NG L\u01af\u1ee2NG M\u1eb6T TR\u1edcI","item":"https:\/\/tpenergy.com.vn\/?product_cat=tam-pin-nang-luong-mat-troi"},{"@type":"ListItem","position":4,"name":"RISEN SOLAR","item":"https:\/\/tpenergy.com.vn\/?product_cat=risen-solar"},{"@type":"ListItem","position":5,"name":"T\u1ea5m pin n\u0103ng l\u01b0\u1ee3ng m\u1eb7t tr\u1eddi Risen 720W"}]},{"@type":"WebSite","@id":"https:\/\/tpenergy.com.vn\/#website","url":"https:\/\/tpenergy.com.vn\/","name":"Thuan Phong Solar Energy","description":"","potentialAction":[{"@type":"SearchAction","target":{"@type":"EntryPoint","urlTemplate":"https:\/\/tpenergy.com.vn\/?s={search_term_string}"},"query-input":"required name=search_term_string"}],"inLanguage":"vi"}]}},"_links":{"self":[{"href":"https:\/\/tpenergy.com.vn\/index.php?rest_route=\/wp\/v2\/product\/7628"}],"collection":[{"href":"https:\/\/tpenergy.com.vn\/index.php?rest_route=\/wp\/v2\/product"}],"about":[{"href":"https:\/\/tpenergy.com.vn\/index.php?rest_route=\/wp\/v2\/types\/product"}],"replies":[{"embeddable":true,"href":"https:\/\/tpenergy.com.vn\/index.php?rest_route=%2Fwp%2Fv2%2Fcomments&post=7628"}],"wp:featuredmedia":[{"embeddable":true,"href":"https:\/\/tpenergy.com.vn\/index.php?rest_route=\/wp\/v2\/media\/7632"}],"wp:attachment":[{"href":"https:\/\/tpenergy.com.vn\/index.php?rest_route=%2Fwp%2Fv2%2Fmedia&parent=7628"}],"wp:term":[{"taxonomy":"product_cat","embeddable":true,"href":"https:\/\/tpenergy.com.vn\/index.php?rest_route=%2Fwp%2Fv2%2Fproduct_cat&post=7628"},{"taxonomy":"product_tag","embeddable":true,"href":"https:\/\/tpenergy.com.vn\/index.php?rest_route=%2Fwp%2Fv2%2Fproduct_tag&post=7628"}],"curies":[{"name":"wp","href":"https:\/\/api.w.org\/{rel}","templated":true}]}}