{"id":7615,"date":"2026-04-24T08:11:21","date_gmt":"2026-04-24T01:11:21","guid":{"rendered":"https:\/\/tpenergy.com.vn\/?post_type=product&#038;p=7615"},"modified":"2026-04-24T08:24:58","modified_gmt":"2026-04-24T01:24:58","slug":"pin-lithium-bettenergy-10-2kwh-plus-eleshell-10-2k-plus","status":"publish","type":"product","link":"https:\/\/tpenergy.com.vn\/?product=pin-lithium-bettenergy-10-2kwh-plus-eleshell-10-2k-plus","title":{"rendered":"PIN LITHIUM BETTENERGY 10.2KWH PLUS | ELESHELL-10.2K-PLUS"},"content":{"rendered":"<h1>PIN LITHIUM BETTENERGY 10.2KWH PLUS | ELESHELL-10.2K-PLUS<\/h1>\n<p>Pin l\u01b0u tr\u1eef Lithium Bettenergy ELESHELL 10.2 Plus l\u00e0 phi\u00ean b\u1ea3n n\u00e2ng c\u1ea5p m\u1edbi nh\u1ea5t \u0111\u01b0\u1ee3c BETTENERGY gi\u1edbi thi\u1ec7u \u0111\u1ebfn ng\u01b0\u1eddi d\u00f9ng Vi\u1ec7t Nam. S\u1edf h\u1eefu ngo\u1ea1i h\u00ecnh cao c\u1ea5p v\u1edbi khung nh\u00f4m nguy\u00ean kh\u1ed1i sang tr\u1ecdng, b\u1ec1n b\u1ec9, Logo t\u00edch h\u1ee3p \u0111\u00e8n LED t\u1ea1o th\u00eam \u0111i\u1ec3m nh\u1ea5n n\u1ed5i b\u1eadt. Ch\u1ea5t l\u01b0\u1ee3ng cell pin Lithium c\u0169ng \u0111\u01b0\u1ee3c c\u1ea3i ti\u1ebfn cho v\u00f2ng \u0111\u1eddi tr\u00ean 10.000 s\u1ea1c\/x\u1ea3. Pin Lithium Bettenergy 16K Plus x\u1ee9ng \u0111\u00e1ng l\u00e0 gi\u1ea3i ph\u00e1p l\u01b0u tr\u1eef n\u0103ng l\u01b0\u1ee3ng m\u1ea1nh m\u1ebd, hi\u1ec7u qu\u1ea3 v\u00e0 an to\u00e0n h\u00e0ng \u0111\u1ea7u cho h\u1ec7 th\u1ed1ng d\u00e2n d\u1ee5ng v\u00e0 th\u01b0\u01a1ng m\u1ea1i.<\/p>\n<h2>Th\u00f4ng s\u1ed1 k\u1ef9 thu\u1eadt c\u1ee7a Pin l\u01b0u tr\u1eef Lithium Bettenergy ELESHELL 10.2kWh Plus<\/h2>\n<div class=\"TyagGW_tableContainer\">\n<div class=\"group TyagGW_tableWrapper flex flex-col-reverse w-fit\">\n<table class=\"w-fit min-w-(--thread-content-width)\" data-start=\"102\" data-end=\"1078\">\n<thead data-start=\"102\" data-end=\"125\">\n<tr data-start=\"102\" data-end=\"125\">\n<th class=\"\" data-start=\"102\" data-end=\"113\" data-col-size=\"sm\">H\u1ea1ng m\u1ee5c<\/th>\n<th class=\"\" data-start=\"113\" data-end=\"125\" data-col-size=\"md\">Th\u00f4ng s\u1ed1<\/th>\n<\/tr>\n<\/thead>\n<tbody data-start=\"148\" data-end=\"1078\">\n<tr data-start=\"148\" data-end=\"179\">\n<td data-start=\"148\" data-end=\"170\" data-col-size=\"sm\">Dung l\u01b0\u1ee3ng pin (Wh)<\/td>\n<td data-col-size=\"md\" data-start=\"170\" data-end=\"179\">10240<\/td>\n<\/tr>\n<tr data-start=\"180\" data-end=\"205\">\n<td data-start=\"180\" data-end=\"196\" data-col-size=\"sm\">S\u1ed1 l\u01b0\u1ee3ng cell<\/td>\n<td data-col-size=\"md\" data-start=\"196\" data-end=\"205\">1P16S<\/td>\n<\/tr>\n<tr data-start=\"206\" data-end=\"249\">\n<td data-start=\"206\" data-end=\"218\" data-col-size=\"sm\">Lo\u1ea1i cell<\/td>\n<td data-col-size=\"md\" data-start=\"218\" data-end=\"249\">LFP (Lithium s\u1eaft phosphate)<\/td>\n<\/tr>\n<tr data-start=\"250\" data-end=\"284\">\n<td data-start=\"250\" data-end=\"276\" data-col-size=\"sm\">\u0110i\u1ec7n \u00e1p danh \u0111\u1ecbnh (VDC)<\/td>\n<td data-col-size=\"md\" data-start=\"276\" data-end=\"284\">51.2<\/td>\n<\/tr>\n<tr data-start=\"285\" data-end=\"330\">\n<td data-start=\"285\" data-end=\"315\" data-col-size=\"sm\">D\u1ea3i \u0111i\u1ec7n \u00e1p ho\u1ea1t \u0111\u1ed9ng (VDC)<\/td>\n<td data-col-size=\"md\" data-start=\"315\" data-end=\"330\">46.4 &#8211; 57.6<\/td>\n<\/tr>\n<tr data-start=\"331\" data-end=\"355\">\n<td data-start=\"331\" data-end=\"347\" data-col-size=\"sm\">Chu k\u00ec s\u1ea1c x\u1ea3<\/td>\n<td data-col-size=\"md\" data-start=\"347\" data-end=\"355\">6000<\/td>\n<\/tr>\n<tr data-start=\"356\" data-end=\"394\">\n<td data-start=\"356\" data-end=\"381\" data-col-size=\"sm\">D\u00f2ng s\u1ea1c\/x\u1ea3 t\u1ed1i \u0111a (A)<\/td>\n<td data-col-size=\"md\" data-start=\"381\" data-end=\"394\">105 \/ 120<\/td>\n<\/tr>\n<tr data-start=\"395\" data-end=\"435\">\n<td data-start=\"395\" data-end=\"422\" data-col-size=\"sm\">D\u00f2ng s\u1ea1c\/x\u1ea3 li\u00ean t\u1ee5c (A)<\/td>\n<td data-col-size=\"md\" data-start=\"422\" data-end=\"435\">100 \/ 110<\/td>\n<\/tr>\n<tr data-start=\"436\" data-end=\"467\">\n<td data-start=\"436\" data-end=\"459\" data-col-size=\"sm\">C\u00f4ng su\u1ea5t t\u1ed1i \u0111a (W)<\/td>\n<td data-col-size=\"md\" data-start=\"459\" data-end=\"467\">6144<\/td>\n<\/tr>\n<tr data-start=\"468\" data-end=\"503\">\n<td data-start=\"468\" data-end=\"495\" data-col-size=\"sm\">C\u00f4ng su\u1ea5t s\u1ea1c t\u1ed1i \u0111a (W)<\/td>\n<td data-col-size=\"md\" data-start=\"495\" data-end=\"503\">5376<\/td>\n<\/tr>\n<tr data-start=\"504\" data-end=\"553\">\n<td data-start=\"504\" data-end=\"534\" data-col-size=\"sm\">K\u00edch th\u01b0\u1edbc (C \u00d7 R \u00d7 S) (mm)<\/td>\n<td data-col-size=\"md\" data-start=\"534\" data-end=\"553\">885 \u00d7 500 \u00d7 130<\/td>\n<\/tr>\n<tr data-start=\"554\" data-end=\"579\">\n<td data-start=\"554\" data-end=\"573\" data-col-size=\"sm\">Tr\u1ecdng l\u01b0\u1ee3ng (kg)<\/td>\n<td data-col-size=\"md\" data-start=\"573\" data-end=\"579\">90<\/td>\n<\/tr>\n<tr data-start=\"580\" data-end=\"615\">\n<td data-start=\"580\" data-end=\"605\" data-col-size=\"sm\">Nhi\u1ec7t \u0111\u1ed9 l\u00e0m vi\u1ec7c (\u00b0C)<\/td>\n<td data-col-size=\"md\" data-start=\"605\" data-end=\"615\">0 &#8211; 55<\/td>\n<\/tr>\n<tr data-start=\"616\" data-end=\"658\">\n<td data-start=\"616\" data-end=\"638\" data-col-size=\"sm\">Ph\u01b0\u01a1ng th\u1ee9c l\u00e0m m\u00e1t<\/td>\n<td data-col-size=\"md\" data-start=\"638\" data-end=\"658\">L\u00e0m m\u00e1t t\u1ef1 nhi\u00ean<\/td>\n<\/tr>\n<tr data-start=\"659\" data-end=\"704\">\n<td data-start=\"659\" data-end=\"695\" data-col-size=\"sm\">S\u1ed1 l\u01b0\u1ee3ng k\u1ebft n\u1ed1i song song t\u1ed1i \u0111a<\/td>\n<td data-col-size=\"md\" data-start=\"695\" data-end=\"704\">15 b\u1ed9<\/td>\n<\/tr>\n<tr data-start=\"705\" data-end=\"760\">\n<td data-start=\"705\" data-end=\"730\" data-col-size=\"sm\">Giao ti\u1ebfp truy\u1ec1n th\u00f4ng<\/td>\n<td data-col-size=\"md\" data-start=\"730\" data-end=\"760\">RS485 \/ CAN \/ RS232 \/ WiFi<\/td>\n<\/tr>\n<tr data-start=\"761\" data-end=\"782\">\n<td data-start=\"761\" data-end=\"774\" data-col-size=\"sm\">C\u1ea5p b\u1ea3o v\u1ec7<\/td>\n<td data-col-size=\"md\" data-start=\"774\" data-end=\"782\">IP54<\/td>\n<\/tr>\n<tr data-start=\"783\" data-end=\"827\">\n<td data-start=\"783\" data-end=\"803\" data-col-size=\"sm\">H\u00ecnh th\u1ee9c l\u1eafp \u0111\u1eb7t<\/td>\n<td data-col-size=\"md\" data-start=\"803\" data-end=\"827\">\u0110\u1eb7t s\u00e0n \/ treo t\u01b0\u1eddng<\/td>\n<\/tr>\n<tr data-start=\"828\" data-end=\"871\">\n<td data-start=\"828\" data-end=\"845\" data-col-size=\"sm\">\u0110\u1ed9 \u1ea9m l\u00e0m vi\u1ec7c<\/td>\n<td data-col-size=\"md\" data-start=\"845\" data-end=\"871\">\u226495%RH, kh\u00f4ng ng\u01b0ng t\u1ee5<\/td>\n<\/tr>\n<tr data-start=\"872\" data-end=\"925\">\n<td data-start=\"872\" data-end=\"899\" data-col-size=\"sm\">\u0110\u1ed9 \u1ea9m m\u00f4i tr\u01b0\u1eddng l\u01b0u tr\u1eef<\/td>\n<td data-col-size=\"md\" data-start=\"899\" data-end=\"925\">\u226495%RH, kh\u00f4ng ng\u01b0ng t\u1ee5<\/td>\n<\/tr>\n<tr data-start=\"926\" data-end=\"963\">\n<td data-start=\"926\" data-end=\"954\" data-col-size=\"sm\">\u0110\u1ed9 cao l\u1eafp \u0111\u1eb7t t\u1ed1i \u0111a (m)<\/td>\n<td data-col-size=\"md\" data-start=\"954\" data-end=\"963\">\u22643000<\/td>\n<\/tr>\n<tr data-start=\"964\" data-end=\"1038\">\n<td data-start=\"964\" data-end=\"983\" data-col-size=\"sm\">Nhi\u1ec7t \u0111\u1ed9 l\u01b0u tr\u1eef<\/td>\n<td data-col-size=\"md\" data-start=\"983\" data-end=\"1038\">\u226425\u00b0C: 12 th\u00e1ng | \u226435\u00b0C: 6 th\u00e1ng | \u226445\u00b0C: 3 th\u00e1ng<\/td>\n<\/tr>\n<tr data-start=\"1039\" data-end=\"1078\">\n<td data-start=\"1039\" data-end=\"1052\" data-col-size=\"sm\">Ch\u1ee9ng nh\u1eadn<\/td>\n<td data-col-size=\"md\" data-start=\"1052\" data-end=\"1078\">UN, CE, IEC62619, MSDS<\/td>\n<\/tr>\n<\/tbody>\n<\/table>\n<\/div>\n<\/div>\n<p data-start=\"1080\" data-end=\"1248\" data-is-last-node=\"\" data-is-only-node=\"\"><span style=\"font-size: 23.04px;color: #333333\">Pin L\u01b0u tr\u1eef BETTENERGY ELESHELL 10.2K Plus b\u1ea3n n\u00e2ng c\u1ea5p \u0111\u00e1ng gi\u00e1<\/span><\/p>\n<p>Phi\u00ean b\u1ea3n Plus \u0111\u01b0\u1ee3c \u0111\u00e1nh gi\u00e1 cao v\u1ec1 m\u1eb7t thi\u1ebft k\u1ebf, d\u1ec5 d\u00e0ng th\u1ea5y, pin s\u1edf h\u1eefu m\u1ed9t ngo\u00e0i h\u00ecnh cu\u1ed1n h\u00fat, v\u1edbi m\u1ed9t \u0111\u1ed9 m\u1ecfng c\u1ef1c k\u1ef3 \u1ea5n t\u01b0\u1ee3ng ch\u1ec9 16cm. \u0110i\u1ec3m nh\u1ea5n th\u1ee9 2 ch\u00ednh l\u00e0 logo B \u0111\u01b0\u1ee3c trang b\u1ecb \u0111\u00e8n LED tr\u00f4ng c\u1ef1c k\u1ef3 b\u1eaft m\u1eaft. Ch\u1ea5t li\u1ec7u nh\u00f4m nguy\u00ean kh\u1ed1i c\u1ef1c k\u1ef3 ch\u1eafc ch\u1eafn v\u00e0 b\u1ec1n b\u1ec9. Kh\u00f4ng ch\u1ec9 l\u00e0 m\u1ed9t vi\u00ean pin l\u01b0u tr\u1eef, Bettenergy 10.2K Plus c\u00f2n bi\u1ebfn ng\u00f4i nh\u00e0 c\u1ee7a b\u1ea1n th\u00eam ph\u1ea7n hi\u1ec7n \u0111\u1ea1i v\u00e0 sang tr\u1ecdng.<\/p>\n<h2>Thu\u1eadn Phong Energy ph\u1ed1i pin l\u01b0u tr\u1eef BETTENERGY CH\u00cdNH H\u00c3NG \u2013 GI\u00c1 T\u1ed0T<\/h2>\n<p>Thu\u1eadn Phong Energy\u00a0l\u00e0 \u0111\u1ed1i t\u00e1c tin c\u1eady, l\u00e2u n\u0103m c\u1ee7a BETTENERGY t\u1ea1i Vi\u1ec7t Nam, chung t\u00f4i h\u00e2n h\u1ea1nh mang \u0111\u1ebfn c\u00e1c gi\u1ea3i ph\u00e1p l\u01b0u tr\u1eef n\u0103ng l\u01b0\u1ee3ng hi\u1ec7n \u0111\u1ea1i h\u00e0ng \u0111\u1ea7u th\u1ebf gi\u1edbi \u0111\u00e1p \u1ee9ng c\u00e1c nhu c\u1ea7u t\u1eeb d\u00e2n d\u1ee5ng, th\u01b0\u01a1ng m\u1ea1i v\u00e0 c\u00f4ng nghi\u1ec7p.<\/p>\n<ul>\n<li>Pin l\u01b0u tr\u1eef Lithium BETTENERGY ch\u00ednh h\u00e3ng, \u0111\u1ea7y \u0111\u1ee7 CO, CQ, VAT<\/li>\n<li>B\u1ea3o h\u00e0nh d\u00e0i h\u1ea1n 7 n\u0103m<\/li>\n<li>S\u1eb5n kho 3 mi\u1ec1n B\u1eafc, Trung, Nam, giao h\u00e0ng nhanh ch\u00f3ng, ti\u1ebft ki\u1ec7m<\/li>\n<li>\u0110\u1ed9i ng\u0169 k\u1ef9 thu\u1eadt chuy\u00ean nghi\u1ec7p, h\u1ed7 tr\u1ee3 t\u1eadn t\u00ecnh<\/li>\n<\/ul>\n<div class=\"x9f619 x1n2onr6 x1ja2u2z\">\n<div class=\"x78zum5 xdt5ytf x1n2onr6 x1ja2u2z\">\n<div class=\"x78zum5 xdt5ytf x1n2onr6 xat3117 xxzkxad\">\n<div class=\"x78zum5 xdt5ytf x1t2pt76 x1n2onr6 x1ja2u2z x10cihs4\">\n<div class=\"x9f619 x2lah0s x1nhvcw1 x1qjc9v5 xozqiw3 x1q0g3np x78zum5 x1iyjqo2 x1t2pt76 x1n2onr6 x1ja2u2z x1h6rjhl\">\n<div class=\"x9f619 x1n2onr6 x1ja2u2z xdt5ytf x193iq5w xeuugli x1r8uery x1iyjqo2 xs83m0k x78zum5 x1t2pt76\" role=\"main\" aria-label=\"temp heading\">\n<div class=\"x78zum5 xdt5ytf x1iyjqo2 x1t2pt76 xeuugli x1n2onr6 x1ja2u2z\">\n<div class=\"x78zum5 xdt5ytf x1t2pt76\">\n<div class=\"x78zum5 xdt5ytf x1iyjqo2 x1t2pt76 xeuugli\">\n<div class=\"x78zum5 xdt5ytf x1t2pt76 x1n2onr6\" role=\"main\">\n<div class=\"x6s0dn4 x78zum5 xdt5ytf x193iq5w\">\n<div class=\"x9f619 x193iq5w x1talbiv x1sltb1f x3fxtfs x1swvt13 x1pi30zi xw7yly9\">\n<div class=\"x9f619 x1n2onr6 x1ja2u2z x2lah0s x1qjc9v5 x78zum5 x1q0g3np x1a02dak xl56j7k x9otpla x1n0m28w x1wsgfga xp7jhwk\">\n<div class=\"x9f619 x1n2onr6 x1ja2u2z xeuugli xs83m0k x1xmf6yo x1emribx x1e56ztr x1i64zmx xjl7jj x19h7ccj xu9j1y6 x7ep2pv\">\n<div class=\"x1yztbdb x1n2onr6 xh8yej3 x1ja2u2z\">\n<div class=\"x1n2onr6 x1ja2u2z\">\n<div class=\"\">\n<div class=\"\">\n<div class=\"x1a2a7pz\" role=\"article\" aria-describedby=\":r6ar: :r6as: :r6at: :r6av: :r6au:\" aria-labelledby=\":r6aq:\">\n<div class=\"x78zum5 xdt5ytf\">\n<div class=\"x9f619 x1n2onr6 x1ja2u2z\">\n<div class=\"x78zum5 x1n2onr6 xh8yej3\">\n<div class=\"x9f619 x1n2onr6 x1ja2u2z x1jx94hy x1qpq9i9 xdney7k xu5ydu1 xt3gfkd xh8yej3 x6ikm8r x10wlt62 xquyuld\">\n<div class=\"html-div xe8uvvx xdj266r x11i5rnm xat24cr x1mh8g0r xexx8yu x4uap5 x18d9i69 xkhd6sd\">\n<div class=\"\" dir=\"auto\">\n<div id=\":r6as:\" class=\"x1iorvi4 x1pi30zi x1l90r2v x1swvt13\" data-ad-comet-preview=\"message\" data-ad-preview=\"message\">\n<div class=\"x78zum5 xdt5ytf xz62fqu x16ldp7u\">\n<div class=\"xu06os2 x1ok221b\">\n<div class=\"x11i5rnm xat24cr x1mh8g0r x1vvkbs xtlvy1s x126k92a\">\n<div dir=\"auto\">\n<div dir=\"auto\">\u2014\u2014\u2014\u2014\u2014\u2014\u2014\u2014\u2014\u2014\u2014\u2013<\/div>\n<div dir=\"auto\"><a href=\"https:\/\/www.facebook.com\/DienMatTroi.SolarQuangBinh\">CH\u1eccN THU\u1eacN PHONG \u2013 CH\u1eccN S\u1ef0 AN T\u00c2M<\/a><br \/>\nHotline: 0869.564.567<br \/>\nKinh doanh: 0867.577.357<br \/>\nK\u1ef9 thu\u1eadt: 0899.768.777<br \/>\nService: 0867.118.636<br \/>\nTr\u1ee5 s\u1edf ch\u00ednh: 30 Nguy\u1ec5n H\u1eefu D\u1eadt, ph\u01b0\u1eddng \u0110\u1ed3ng H\u1edbi, t\u1ec9nh Qu\u1ea3ng Tr\u1ecb, Vi\u1ec7t Nam<br \/>\nTr\u1ee5 s\u1edf H\u00e0 N\u1ed9i: Nh\u00e0 ph\u1ed1 th\u01b0\u01a1ng m\u1ea1i Khai S\u01a1n Town s\u1ed1 18 thu\u1ed9c Town 7, khu \u0111\u00f4 th\u1ecb Khai S\u01a1n City, ph\u01b0\u1eddng B\u1ed3 \u0110\u1ec1, Th\u00e0nh ph\u1ed1 H\u00e0 N\u1ed9i<br \/>\nWebsite:\u00a0<a href=\"https:\/\/tpenergy.com.vn\/\">https:\/\/tpenergy.com.vn\/<\/a><br \/>\nShopee:\u00a0<a href=\"https:\/\/shopee.vn\/thuanphongenergy?entryPoint=ShopBySearch&amp;searchKeyword=thu%E1%BA%ADn%20phong%20solar%20energy\">https:\/\/byvn.net\/E1oJ<\/a><br \/>\nLazada:\u00a0<a href=\"https:\/\/byvn.net\/VYPr\">https:\/\/byvn.net\/VYPr<\/a><\/div>\n<\/div>\n<\/div>\n<\/div>\n<\/div>\n<\/div>\n<\/div>\n<\/div>\n<\/div>\n<\/div>\n<\/div>\n<\/div>\n<\/div>\n<\/div>\n<\/div>\n<\/div>\n<\/div>\n<\/div>\n<\/div>\n<\/div>\n<\/div>\n<\/div>\n<\/div>\n<\/div>\n<\/div>\n<\/div>\n<\/div>\n<\/div>\n<\/div>\n<\/div>\n<\/div>\n","protected":false},"excerpt":{"rendered":"<h3>V\u1ec1 s\u1ea3n ph\u1ea9m:<\/h3>\n<ul>\n<li data-start=\"191\" data-end=\"459\"><strong data-start=\"191\" data-end=\"201\">Model:<\/strong> ELESHELL-10.2K-Plus<\/li>\n<li data-start=\"191\" data-end=\"459\"><strong data-start=\"222\" data-end=\"234\">\u0110i\u1ec7n \u00e1p:<\/strong> 51.2V \u2013 200Ah<\/li>\n<li data-start=\"191\" data-end=\"459\"><strong data-start=\"251\" data-end=\"265\">C\u00f4ng su\u1ea5t:<\/strong> 10.24kWh<\/li>\n<li data-start=\"191\" data-end=\"459\"><strong data-start=\"277\" data-end=\"292\" data-is-only-node=\"\">Dung l\u01b0\u1ee3ng:<\/strong> 200Ah<\/li>\n<li data-start=\"191\" data-end=\"459\"><strong data-start=\"301\" data-end=\"321\">D\u00f2ng s\u1ea1c\/x\u1ea3 max:<\/strong> 105A \/ 120A<\/li>\n<li data-start=\"191\" data-end=\"459\"><strong data-start=\"336\" data-end=\"361\">D\u00f2ng s\u1ea1c\/x\u1ea3 li\u00ean t\u1ee5c:<\/strong> 100A \/ 110A<\/li>\n<li data-start=\"191\" data-end=\"459\"><strong data-start=\"376\" data-end=\"391\">K\u00edch th\u01b0\u1edbc:<\/strong> 885 \u00d7 500 \u00d7 130 mm<\/li>\n<li data-start=\"191\" data-end=\"459\"><strong data-start=\"413\" data-end=\"429\">Tr\u1ecdng l\u01b0\u1ee3ng:<\/strong> 90 kg<\/li>\n<li data-start=\"191\" data-end=\"459\"><strong data-start=\"438\" data-end=\"451\">B\u1ea3o h\u00e0nh:<\/strong> 7 n\u0103m<\/li>\n<\/ul>\n<h3 data-end=\"513\" data-start=\"487\">ad&#8221; prefix=&#8221;fas&#8221;] Download<\/h3>\n<ul>\n<li><a href=\"https:\/\/tpenergy.com.vn\/wp-content\/uploads\/2026\/04\/Pin-luu-tru-BETTENERGY-10.2kw-PLUS-1.pdf\">Datasheet<\/a><\/li>\n<\/ul>\n","protected":false},"featured_media":7614,"comment_status":"open","ping_status":"closed","template":"","meta":{"_eb_attr":""},"product_cat":[1085],"product_tag":[1805,1801,1804,1802,1803,1808,1806,1807,1799,1800],"class_list":{"0":"post-7615","1":"product","2":"type-product","3":"status-publish","4":"has-post-thumbnail","6":"product_cat-pin-lithium-bettenergy","7":"product_tag-dienmattroimainha","8":"product_tag-eleshell10kplus","9":"product_tag-giaiphaptietkiemdien","10":"product_tag-hethonghybrid","11":"product_tag-luutrunangluong","12":"product_tag-nangluongtaitao","13":"product_tag-phanphoichinhhangthuanphong","14":"product_tag-pinlithiumlfp","15":"product_tag-pinluutru10kwh","16":"product_tag-pinluutrudienmattroi","17":"pa_gia-khong-lap-dat","18":"pa_gia-lap-dat","20":"first","21":"instock","22":"shipping-taxable","23":"purchasable","24":"product-type-variable"},"yoast_head":"<!-- This site is optimized with the Yoast SEO plugin v20.9 - https:\/\/yoast.com\/wordpress\/plugins\/seo\/ -->\r\n<title>Pin Lithium Bettenergy 10.2k Plus | Thu\u1eadn Phong Energy<\/title>\r\n<meta name=\"description\" content=\"ELESHELL-10.2K- PLUS \u2013 dung l\u01b0\u1ee3ng l\u1edbn, s\u1ea1c nhanh, tu\u1ed5i th\u1ecd cao. Gi\u1ea3i ph\u00e1p l\u01b0u tr\u1eef \u0111i\u1ec7n n\u0103ng hi\u1ec7u qu\u1ea3 cho xe \u0111i\u1ec7n, h\u1ec7 th\u1ed1ng NLMT v\u00e0 thi\u1ebft b\u1ecb c\u00f4ng nghi\u1ec7p.\" \/>\r\n<meta name=\"robots\" content=\"index, follow, max-snippet:-1, max-image-preview:large, max-video-preview:-1\" \/>\r\n<link rel=\"canonical\" href=\"https:\/\/tpenergy.com.vn\/?product=pin-lithium-bettenergy-10-2kwh-plus-eleshell-10-2k-plus\" \/>\r\n<meta property=\"og:locale\" content=\"vi_VN\" \/>\r\n<meta property=\"og:type\" content=\"article\" \/>\r\n<meta property=\"og:title\" content=\"Pin Lithium Bettenergy 10.2k Plus | Thu\u1eadn Phong Energy\" \/>\r\n<meta property=\"og:description\" content=\"ELESHELL-10.2K- PLUS \u2013 dung l\u01b0\u1ee3ng l\u1edbn, s\u1ea1c nhanh, tu\u1ed5i th\u1ecd cao. Gi\u1ea3i ph\u00e1p l\u01b0u tr\u1eef \u0111i\u1ec7n n\u0103ng hi\u1ec7u qu\u1ea3 cho xe \u0111i\u1ec7n, h\u1ec7 th\u1ed1ng NLMT v\u00e0 thi\u1ebft b\u1ecb c\u00f4ng nghi\u1ec7p.\" \/>\r\n<meta property=\"og:url\" content=\"https:\/\/tpenergy.com.vn\/?product=pin-lithium-bettenergy-10-2kwh-plus-eleshell-10-2k-plus\" \/>\r\n<meta property=\"og:site_name\" content=\"Thuan Phong Solar Energy\" \/>\r\n<meta property=\"article:modified_time\" content=\"2026-04-24T01:24:58+00:00\" \/>\r\n<meta property=\"og:image\" content=\"https:\/\/tpenergy.com.vn\/wp-content\/uploads\/2026\/04\/KHAI-XUAN-LAP-DIEN-MA-TROI.png\" \/>\r\n\t<meta property=\"og:image:width\" content=\"828\" \/>\r\n\t<meta property=\"og:image:height\" content=\"828\" \/>\r\n\t<meta property=\"og:image:type\" content=\"image\/png\" \/>\r\n<meta name=\"twitter:card\" content=\"summary_large_image\" \/>\r\n<meta name=\"twitter:label1\" content=\"\u01af\u1edbc t\u00ednh th\u1eddi gian \u0111\u1ecdc\" \/>\n\t<meta name=\"twitter:data1\" content=\"4 ph\u00fat\" \/>\r\n<script type=\"application\/ld+json\" class=\"yoast-schema-graph\">{\"@context\":\"https:\/\/schema.org\",\"@graph\":[{\"@type\":\"WebPage\",\"@id\":\"https:\/\/tpenergy.com.vn\/?product=pin-lithium-bettenergy-10-2kwh-plus-eleshell-10-2k-plus\",\"url\":\"https:\/\/tpenergy.com.vn\/?product=pin-lithium-bettenergy-10-2kwh-plus-eleshell-10-2k-plus\",\"name\":\"Pin Lithium Bettenergy 10.2k Plus | Thu\u1eadn Phong Energy\",\"isPartOf\":{\"@id\":\"https:\/\/tpenergy.com.vn\/#website\"},\"datePublished\":\"2026-04-24T01:11:21+00:00\",\"dateModified\":\"2026-04-24T01:24:58+00:00\",\"description\":\"ELESHELL-10.2K- PLUS \u2013 dung l\u01b0\u1ee3ng l\u1edbn, s\u1ea1c nhanh, tu\u1ed5i th\u1ecd cao. Gi\u1ea3i ph\u00e1p l\u01b0u tr\u1eef \u0111i\u1ec7n n\u0103ng hi\u1ec7u qu\u1ea3 cho xe \u0111i\u1ec7n, h\u1ec7 th\u1ed1ng NLMT v\u00e0 thi\u1ebft b\u1ecb c\u00f4ng nghi\u1ec7p.\",\"breadcrumb\":{\"@id\":\"https:\/\/tpenergy.com.vn\/?product=pin-lithium-bettenergy-10-2kwh-plus-eleshell-10-2k-plus#breadcrumb\"},\"inLanguage\":\"vi\",\"potentialAction\":[{\"@type\":\"ReadAction\",\"target\":[\"https:\/\/tpenergy.com.vn\/?product=pin-lithium-bettenergy-10-2kwh-plus-eleshell-10-2k-plus\"]}]},{\"@type\":\"BreadcrumbList\",\"@id\":\"https:\/\/tpenergy.com.vn\/?product=pin-lithium-bettenergy-10-2kwh-plus-eleshell-10-2k-plus#breadcrumb\",\"itemListElement\":[{\"@type\":\"ListItem\",\"position\":1,\"name\":\"Trang ch\u1ee7\",\"item\":\"https:\/\/tpenergy.com.vn\/\"},{\"@type\":\"ListItem\",\"position\":2,\"name\":\"Shop\",\"item\":\"https:\/\/tpenergy.com.vn\/?page_id=5\"},{\"@type\":\"ListItem\",\"position\":3,\"name\":\"PIN L\u01afU TR\u1eee\",\"item\":\"https:\/\/tpenergy.com.vn\/?product_cat=pinluutru\"},{\"@type\":\"ListItem\",\"position\":4,\"name\":\"PIN LITHIUM BETTENERGY\",\"item\":\"https:\/\/tpenergy.com.vn\/?product_cat=pin-lithium-bettenergy\"},{\"@type\":\"ListItem\",\"position\":5,\"name\":\"PIN LITHIUM BETTENERGY 10.2KWH PLUS | ELESHELL-10.2K-PLUS\"}]},{\"@type\":\"WebSite\",\"@id\":\"https:\/\/tpenergy.com.vn\/#website\",\"url\":\"https:\/\/tpenergy.com.vn\/\",\"name\":\"Thuan Phong Solar Energy\",\"description\":\"\",\"potentialAction\":[{\"@type\":\"SearchAction\",\"target\":{\"@type\":\"EntryPoint\",\"urlTemplate\":\"https:\/\/tpenergy.com.vn\/?s={search_term_string}\"},\"query-input\":\"required name=search_term_string\"}],\"inLanguage\":\"vi\"}]}<\/script>\r\n<!-- \/ Yoast SEO plugin. -->","yoast_head_json":{"title":"Pin Lithium Bettenergy 10.2k Plus | Thu\u1eadn Phong Energy","description":"ELESHELL-10.2K- PLUS \u2013 dung l\u01b0\u1ee3ng l\u1edbn, s\u1ea1c nhanh, tu\u1ed5i th\u1ecd cao. Gi\u1ea3i ph\u00e1p l\u01b0u tr\u1eef \u0111i\u1ec7n n\u0103ng hi\u1ec7u qu\u1ea3 cho xe \u0111i\u1ec7n, h\u1ec7 th\u1ed1ng NLMT v\u00e0 thi\u1ebft b\u1ecb c\u00f4ng nghi\u1ec7p.","robots":{"index":"index","follow":"follow","max-snippet":"max-snippet:-1","max-image-preview":"max-image-preview:large","max-video-preview":"max-video-preview:-1"},"canonical":"https:\/\/tpenergy.com.vn\/?product=pin-lithium-bettenergy-10-2kwh-plus-eleshell-10-2k-plus","og_locale":"vi_VN","og_type":"article","og_title":"Pin Lithium Bettenergy 10.2k Plus | Thu\u1eadn Phong Energy","og_description":"ELESHELL-10.2K- PLUS \u2013 dung l\u01b0\u1ee3ng l\u1edbn, s\u1ea1c nhanh, tu\u1ed5i th\u1ecd cao. Gi\u1ea3i ph\u00e1p l\u01b0u tr\u1eef \u0111i\u1ec7n n\u0103ng hi\u1ec7u qu\u1ea3 cho xe \u0111i\u1ec7n, h\u1ec7 th\u1ed1ng NLMT v\u00e0 thi\u1ebft b\u1ecb c\u00f4ng nghi\u1ec7p.","og_url":"https:\/\/tpenergy.com.vn\/?product=pin-lithium-bettenergy-10-2kwh-plus-eleshell-10-2k-plus","og_site_name":"Thuan Phong Solar Energy","article_modified_time":"2026-04-24T01:24:58+00:00","og_image":[{"width":828,"height":828,"url":"https:\/\/tpenergy.com.vn\/wp-content\/uploads\/2026\/04\/KHAI-XUAN-LAP-DIEN-MA-TROI.png","type":"image\/png"}],"twitter_card":"summary_large_image","twitter_misc":{"\u01af\u1edbc t\u00ednh th\u1eddi gian \u0111\u1ecdc":"4 ph\u00fat"},"schema":{"@context":"https:\/\/schema.org","@graph":[{"@type":"WebPage","@id":"https:\/\/tpenergy.com.vn\/?product=pin-lithium-bettenergy-10-2kwh-plus-eleshell-10-2k-plus","url":"https:\/\/tpenergy.com.vn\/?product=pin-lithium-bettenergy-10-2kwh-plus-eleshell-10-2k-plus","name":"Pin Lithium Bettenergy 10.2k Plus | Thu\u1eadn Phong Energy","isPartOf":{"@id":"https:\/\/tpenergy.com.vn\/#website"},"datePublished":"2026-04-24T01:11:21+00:00","dateModified":"2026-04-24T01:24:58+00:00","description":"ELESHELL-10.2K- PLUS \u2013 dung l\u01b0\u1ee3ng l\u1edbn, s\u1ea1c nhanh, tu\u1ed5i th\u1ecd cao. Gi\u1ea3i ph\u00e1p l\u01b0u tr\u1eef \u0111i\u1ec7n n\u0103ng hi\u1ec7u qu\u1ea3 cho xe \u0111i\u1ec7n, h\u1ec7 th\u1ed1ng NLMT v\u00e0 thi\u1ebft b\u1ecb c\u00f4ng nghi\u1ec7p.","breadcrumb":{"@id":"https:\/\/tpenergy.com.vn\/?product=pin-lithium-bettenergy-10-2kwh-plus-eleshell-10-2k-plus#breadcrumb"},"inLanguage":"vi","potentialAction":[{"@type":"ReadAction","target":["https:\/\/tpenergy.com.vn\/?product=pin-lithium-bettenergy-10-2kwh-plus-eleshell-10-2k-plus"]}]},{"@type":"BreadcrumbList","@id":"https:\/\/tpenergy.com.vn\/?product=pin-lithium-bettenergy-10-2kwh-plus-eleshell-10-2k-plus#breadcrumb","itemListElement":[{"@type":"ListItem","position":1,"name":"Trang ch\u1ee7","item":"https:\/\/tpenergy.com.vn\/"},{"@type":"ListItem","position":2,"name":"Shop","item":"https:\/\/tpenergy.com.vn\/?page_id=5"},{"@type":"ListItem","position":3,"name":"PIN L\u01afU TR\u1eee","item":"https:\/\/tpenergy.com.vn\/?product_cat=pinluutru"},{"@type":"ListItem","position":4,"name":"PIN LITHIUM BETTENERGY","item":"https:\/\/tpenergy.com.vn\/?product_cat=pin-lithium-bettenergy"},{"@type":"ListItem","position":5,"name":"PIN LITHIUM BETTENERGY 10.2KWH PLUS | ELESHELL-10.2K-PLUS"}]},{"@type":"WebSite","@id":"https:\/\/tpenergy.com.vn\/#website","url":"https:\/\/tpenergy.com.vn\/","name":"Thuan Phong Solar Energy","description":"","potentialAction":[{"@type":"SearchAction","target":{"@type":"EntryPoint","urlTemplate":"https:\/\/tpenergy.com.vn\/?s={search_term_string}"},"query-input":"required name=search_term_string"}],"inLanguage":"vi"}]}},"_links":{"self":[{"href":"https:\/\/tpenergy.com.vn\/index.php?rest_route=\/wp\/v2\/product\/7615"}],"collection":[{"href":"https:\/\/tpenergy.com.vn\/index.php?rest_route=\/wp\/v2\/product"}],"about":[{"href":"https:\/\/tpenergy.com.vn\/index.php?rest_route=\/wp\/v2\/types\/product"}],"replies":[{"embeddable":true,"href":"https:\/\/tpenergy.com.vn\/index.php?rest_route=%2Fwp%2Fv2%2Fcomments&post=7615"}],"wp:featuredmedia":[{"embeddable":true,"href":"https:\/\/tpenergy.com.vn\/index.php?rest_route=\/wp\/v2\/media\/7614"}],"wp:attachment":[{"href":"https:\/\/tpenergy.com.vn\/index.php?rest_route=%2Fwp%2Fv2%2Fmedia&parent=7615"}],"wp:term":[{"taxonomy":"product_cat","embeddable":true,"href":"https:\/\/tpenergy.com.vn\/index.php?rest_route=%2Fwp%2Fv2%2Fproduct_cat&post=7615"},{"taxonomy":"product_tag","embeddable":true,"href":"https:\/\/tpenergy.com.vn\/index.php?rest_route=%2Fwp%2Fv2%2Fproduct_tag&post=7615"}],"curies":[{"name":"wp","href":"https:\/\/api.w.org\/{rel}","templated":true}]}}