{"id":7581,"date":"2026-04-20T15:20:56","date_gmt":"2026-04-20T08:20:56","guid":{"rendered":"https:\/\/tpenergy.com.vn\/?post_type=product&#038;p=7581"},"modified":"2026-04-20T15:33:52","modified_gmt":"2026-04-20T08:33:52","slug":"pin-luu-tru-cfe-16kwh-51-2v-314ah-pin-lithium-cfe-luxar-16","status":"publish","type":"product","link":"https:\/\/tpenergy.com.vn\/?product=pin-luu-tru-cfe-16kwh-51-2v-314ah-pin-lithium-cfe-luxar-16","title":{"rendered":"Pin l\u01b0u tr\u1eef CFE 16kWh 51.2V-314Ah | Pin lithium CFE-LUXAR-16"},"content":{"rendered":"<div class=\"x11i5rnm xat24cr x1mh8g0r x1vvkbs xtlvy1s x126k92a\">\n<h1 class=\"product_title entry-title elementor-heading-title elementor-size-default\">Pin lithium CFE-LUXAR-16<\/h1>\n<p>CFE-LUXAR 16\u00a0l\u00e0 d\u00f2ng pin l\u01b0u tr\u1eef n\u0103ng l\u01b0\u1ee3ng ti\u00ean ti\u1ebfn c\u1ee7a\u00a0CF Energy, \u0111\u01b0\u1ee3c thi\u1ebft k\u1ebf \u0111\u1ec3 t\u1ed1i \u01b0u h\u00f3a vi\u1ec7c l\u01b0u tr\u1eef \u0111i\u1ec7n t\u1eeb h\u1ec7 th\u1ed1ng n\u0103ng l\u01b0\u1ee3ng m\u1eb7t tr\u1eddi v\u00e0 cung c\u1ea5p ngu\u1ed3n \u0111i\u1ec7n \u1ed5n \u0111\u1ecbnh cho h\u1ed9 gia \u0111\u00ecnh ho\u1eb7c c\u00f4ng tr\u00ecnh d\u00e2n d\u1ee5ng hi\u1ec7n \u0111\u1ea1i.<\/p>\n<p>T\u1ea1i Vi\u1ec7t Nam,\u00a0N\u0103ng L\u01b0\u1ee3ng Xanh Nh\u1eadt B\u1ea3n (JGP)\u00a0l\u00e0 nh\u00e0 ph\u00e2n ph\u1ed1i ch\u00ednh th\u1ee9c v\u00e0 trung t\u00e2m b\u1ea3o h\u00e0nh to\u00e0n qu\u1ed1c cho c\u00e1c s\u1ea3n ph\u1ea9m pin l\u01b0u tr\u1eef CFE, \u0111\u1ea3m b\u1ea3o ch\u1ea5t l\u01b0\u1ee3ng, d\u1ecbch v\u1ee5 h\u1eadu m\u00e3i v\u00e0 gi\u00e1 th\u00e0nh c\u1ea1nh tranh.<\/p>\n<h2>\u01afu \u0111i\u1ec3m n\u1ed5i b\u1eadt c\u1ee7a CFE-LUXAR\u201116<\/h2>\n<ul>\n<li>C\u00f4ng ngh\u1ec7 pin LiFePO4 an to\u00e0n, b\u1ec1n b\u1ec9<br \/>\nS\u1eed d\u1ee5ng l\u00f5i pin Lithium Iron Phosphate (LFP) v\u1edbi tu\u1ed5i th\u1ecd thi\u1ebft k\u1ebf\u00a08.000 chu k\u1ef3\u00a0v\u00e0 b\u1ea3o h\u00e0nh\u00a010 n\u0103m, \u0111\u1ea3m b\u1ea3o \u0111\u1ed9 \u1ed5n \u0111\u1ecbnh l\u00e2u d\u00e0i.<\/li>\n<li>Dung l\u01b0\u1ee3ng l\u1edbn, c\u00f4ng su\u1ea5t m\u1ea1nh m\u1ebd<br \/>\nDung l\u01b0\u1ee3ng t\u1ed5ng\u00a016.07 kWh\u00a0(kh\u1ea3 d\u1ee5ng\u00a014.46 kWh) c\u00f9ng c\u00f4ng su\u1ea5t x\u1ea3 t\u1ed1i \u0111a\u00a010 kW, \u0111\u00e1p \u1ee9ng t\u1ed1t nhu c\u1ea7u s\u1eed d\u1ee5ng \u0111i\u1ec7n cho c\u00e1c thi\u1ebft b\u1ecb gia d\u1ee5ng c\u00f4ng su\u1ea5t cao.<\/li>\n<li>Kh\u1ea3 n\u0103ng m\u1edf r\u1ed9ng linh ho\u1ea1t<br \/>\nH\u1ed7 tr\u1ee3 k\u1ebft n\u1ed1i song song t\u1ed1i \u0111a\u00a08 b\u1ed9, n\u00e2ng t\u1ed5ng dung l\u01b0\u1ee3ng l\u00ean h\u01a1n\u00a0115 kWh\u00a0khi m\u1edf r\u1ed9ng \u0111\u1ea7y \u0111\u1ee7.<\/li>\n<li>Thi\u1ebft k\u1ebf si\u00eau m\u1ecfng, ti\u1ebft ki\u1ec7m di\u1ec7n t\u00edch<br \/>\nTh\u00e2n m\u00e1y ch\u1ec9 d\u00e0y\u00a0156 mm, d\u1ec5 d\u00e0ng b\u1ed1 tr\u00ed trong gara, ph\u00f2ng k\u1ef9 thu\u1eadt ho\u1eb7c s\u00e1t t\u01b0\u1eddng, mang l\u1ea1i s\u1ef1 g\u1ecdn g\u00e0ng v\u00e0 hi\u1ec7n \u0111\u1ea1i.<\/li>\n<li>Qu\u1ea3n l\u00fd th\u00f4ng minh, b\u1ea3o v\u1ec7 to\u00e0n di\u1ec7n<br \/>\nTrang b\u1ecb\u00a0Smart BMS\u00a0v\u1edbi c\u00f4ng ngh\u1ec7 h\u1ecdc li\u00ean k\u1ebft (federated learning) gi\u00fap c\u00e2n b\u1eb1ng cell hi\u1ec7u qu\u1ea3, k\u00e8m h\u1ec7 th\u1ed1ng an to\u00e0n ch\u1ee7 \u0111\u1ed9ng b\u1eb1ng\u00a0aerosol fire suppression\u00a0\u0111\u1ed9c l\u1eadp.<\/li>\n<li>Kh\u1ea3 n\u0103ng l\u1eafp \u0111\u1eb7t ngo\u00e0i tr\u1eddi<br \/>\n\u0110\u1ea1t chu\u1ea9n\u00a0IP65 + C5 ch\u1ed1ng \u0103n m\u00f2n (ISO 12944), ch\u1ed1ng b\u1ee5i, ch\u1ed1ng n\u01b0\u1edbc v\u00e0 ch\u1ecbu m\u00f4i tr\u01b0\u1eddng h\u01a1i mu\u1ed1i, ph\u00f9 h\u1ee3p cho khu v\u1ef1c ven bi\u1ec3n ho\u1eb7c c\u00f4ng tr\u00ecnh c\u00f4ng nghi\u1ec7p.<\/li>\n<li>T\u01b0\u01a1ng th\u00edch \u0111a d\u1ea1ng inverter<br \/>\nH\u1ed7 tr\u1ee3 nhi\u1ec1u giao th\u1ee9c ph\u1ed5 bi\u1ebfn:\u00a0Growatt, Deye, GoodWe, Luxpower, Must, SRNE, Sungrow, Pylontech\u2026 gi\u00fap d\u1ec5 d\u00e0ng t\u00edch h\u1ee3p v\u00e0o h\u1ec7 th\u1ed1ng hi\u1ec7n c\u00f3.<\/li>\n<li>Hi\u1ec3n th\u1ecb tr\u1ef1c quan, d\u1ec5 v\u1eadn h\u00e0nh<br \/>\nM\u00e0n h\u00ecnh LCD hi\u1ec3n th\u1ecb tr\u1ea1ng th\u00e1i SoC, cho ph\u00e9p theo d\u00f5i t\u00ecnh tr\u1ea1ng pin v\u00e0 h\u1ec7 th\u1ed1ng m\u1ed9t c\u00e1ch r\u00f5 r\u00e0ng.<\/li>\n<\/ul>\n<h2>Th\u00f4ng s\u1ed1 k\u1ef9 thu\u1eadt c\u1ee7a pin l\u01b0u tr\u1eef CFE LUXAR 16kWh<\/h2>\n<table border=\"1\">\n<tbody>\n<tr>\n<td>D\u1eef li\u1ec7u th\u00f4ng s\u1ed1<\/td>\n<td>CFE-LUXAR-16<\/td>\n<\/tr>\n<tr>\n<td>C\u00f4ng su\u1ea5t n\u0103ng l\u01b0\u1ee3ng danh ngh\u0129a (kWh)<\/td>\n<td>16.07 kWh<\/td>\n<\/tr>\n<tr>\n<td>C\u00f4ng su\u1ea5t kh\u1ea3 d\u1ee5ng(kWh)<\/td>\n<td>14.46 kWh<\/td>\n<\/tr>\n<tr>\n<td>Kh\u1ed1i l\u01b0\u1ee3ng (kg)<\/td>\n<td>128 kg<\/td>\n<\/tr>\n<tr>\n<td>\u0110i\u1ec7n \u00e1p danh \u0111\u1ecbnh (V)<\/td>\n<td>51,2 V<\/td>\n<\/tr>\n<tr>\n<td>Ph\u1ea1m vi \u0111i\u1ec7n \u00e1p ho\u1ea1t \u0111\u1ed9ng (V)<\/td>\n<td>48 \u2013 56 V<\/td>\n<\/tr>\n<tr>\n<td>\u0110\u1ed9 s\u00e2u x\u1ea3 (%)<\/td>\n<td>80 %<\/td>\n<\/tr>\n<tr>\n<td>C\u00f4ng su\u1ea5t x\u1ea3 t\u1ed1i \u0111a (kW)<\/td>\n<td>10 kW<\/td>\n<\/tr>\n<tr>\n<td>C\u1ed5ng giao ti\u1ebfp<\/td>\n<td>RS485 \/ CAN<\/td>\n<\/tr>\n<tr>\n<td>M\u1eafc song song<\/td>\n<td>8 pack<\/td>\n<\/tr>\n<tr>\n<td>V\u1eadt li\u1ec7u pin<\/td>\n<td>Lithium (LiFePO4)<\/td>\n<\/tr>\n<tr>\n<td>C\u00f4ng su\u1ea5t cell<\/td>\n<td>314Ah<\/td>\n<\/tr>\n<tr>\n<td>K\u00edch th\u01b0\u1edbc (RxSXD)<\/td>\n<td>564*156*960 mm<\/td>\n<\/tr>\n<tr>\n<td>Tr\u1ecdng l\u01b0\u1ee3ng (Kgs)<\/td>\n<td>128 kg<\/td>\n<\/tr>\n<tr>\n<td>B\u1ea3o v\u1ec7 IP<\/td>\n<td>IP65 C5<\/td>\n<\/tr>\n<tr>\n<td>Nhi\u1ec7t \u0111\u1ed9 ho\u1ea1t \u0111\u1ed9ng<\/td>\n<td>0 \u0111\u1ebfn 60\u2103<\/td>\n<\/tr>\n<tr>\n<td>Nhi\u1ec7t \u0111\u1ed9 l\u01b0u tr\u1eef<\/td>\n<td>-40 \u0111\u1ebfn 60\u2103<\/td>\n<\/tr>\n<tr>\n<td>Chu k\u1ef3 s\u1ed1ng (80% DoD @0,5C, 25\u2103)<\/td>\n<td>\u2265 8000<\/td>\n<\/tr>\n<tr>\n<td>\u0110\u1ed9 cao ho\u1ea1t \u0111\u1ed9ng (m)<\/td>\n<td>\uff1c2000m<\/td>\n<\/tr>\n<tr>\n<td>\u0110i\u1ec1u ki\u1ec7n \u0111\u1ed9 \u1ea9m (%)<\/td>\n<td>5% \u0111\u1ebfn 95%<\/td>\n<\/tr>\n<tr>\n<td>B\u1ea3o h\u00e0nh (N\u0103m)<\/td>\n<td>10 n\u0103m<\/td>\n<\/tr>\n<tr>\n<td>Ti\u00eau chu\u1ea9n<\/td>\n<td><span class=\"fontstyle0\">UN38.3 (tested); UN3480 as applicable<\/span><\/td>\n<\/tr>\n<\/tbody>\n<\/table>\n<p>&nbsp;<\/p>\n<\/div>\n<div class=\"x11i5rnm xat24cr x1mh8g0r x1vvkbs xtlvy1s x126k92a\">\n<div dir=\"auto\"><span class=\"x3nfvp2 x1j61x8r x1fcty0u xdj266r xhhsvwb xat24cr xgzva0m xxymvpz xlup9mm x1kky2od\"><img loading=\"lazy\" decoding=\"async\" class=\"xz74otr lazy-load-active\" src=\"https:\/\/static.xx.fbcdn.net\/images\/emoji.php\/v9\/t94\/1\/16\/1f947.png\" alt=\"\ud83e\udd47\" width=\"16\" height=\"16\" data-src=\"https:\/\/static.xx.fbcdn.net\/images\/emoji.php\/v9\/t94\/1\/16\/1f947.png\" \/><\/span>\u00a0<a href=\"https:\/\/tpenergy.com.vn\/\">Thu\u1eadn Phong<\/a> cam k\u1ebft ch\u1ea5t l\u01b0\u1ee3ng s\u1ea3n ph\u1ea9m \u0111\u01b0\u1ee3c ki\u1ec3m duy\u1ec7t nghi\u00eam ng\u1eb7t, b\u1ea3o h\u00e0nh nhanh ch\u00f3ng, tr\u1ef1c ti\u1ebfp kh\u00f4ng qua x\u1eed l\u00fd trung gian, th\u1eddi gian b\u1ea3o h\u00e0nh l\u00ean \u0111\u1ebfn 10n\u0103m c\u00f9ng nhi\u1ec1u ch\u00ednh s\u00e1ch h\u1eadu m\u00e3i c\u1ef1c k\u00ec h\u1ea5p d\u1eabn. Li\u00ean h\u1ec7 ch\u00fang t\u00f4i \u0111\u1ec3 \u0111\u01b0\u1ee3c t\u01b0 v\u1ea5n s\u1edbm nh\u1ea5t nh\u00e9!<\/div>\n<div dir=\"auto\">\n<div dir=\"auto\">\u2014\u2014\u2014\u2014\u2014\u2014\u2014\u2014\u2014\u2014\u2014\u2013<\/div>\n<div dir=\"auto\"><a href=\"https:\/\/www.facebook.com\/DienMatTroi.SolarQuangBinh\">CH\u1eccN THU\u1eacN PHONG \u2013 CH\u1eccN S\u1ef0 AN T\u00c2M<\/a><br \/>\nHotline: 0869.564.567<br \/>\nKinh doanh: 0867.577.357<br \/>\nK\u1ef9 thu\u1eadt: 0899.768.777<br \/>\nService: 0867.118.636<br \/>\nTr\u1ee5 s\u1edf ch\u00ednh: 30 Nguy\u1ec5n H\u1eefu D\u1eadt, ph\u01b0\u1eddng \u0110\u1ed3ng H\u1edbi, t\u1ec9nh Qu\u1ea3ng Tr\u1ecb, Vi\u1ec7t Nam<br \/>\nTr\u1ee5 s\u1edf H\u00e0 N\u1ed9i: Nh\u00e0 ph\u1ed1 th\u01b0\u01a1ng m\u1ea1i Khai S\u01a1n Town s\u1ed1 18 thu\u1ed9c Town 7, khu \u0111\u00f4 th\u1ecb Khai S\u01a1n City, ph\u01b0\u1eddng B\u1ed3 \u0110\u1ec1, Th\u00e0nh ph\u1ed1 H\u00e0 N\u1ed9i<br \/>\nWebsite:\u00a0<a href=\"https:\/\/tpenergy.com.vn\/\">https:\/\/tpenergy.com.vn\/<\/a><br \/>\nShopee:\u00a0<a href=\"https:\/\/shopee.vn\/thuanphongenergy?entryPoint=ShopBySearch&amp;searchKeyword=thu%E1%BA%ADn%20phong%20solar%20energy\">https:\/\/byvn.net\/E1oJ<\/a><br \/>\nLazada:\u00a0<a href=\"https:\/\/byvn.net\/VYPr\">https:\/\/byvn.net\/VYPr<\/a><\/div>\n<\/div>\n<div dir=\"auto\"><\/div>\n<\/div>\n","protected":false},"excerpt":{"rendered":"<p>M\u00f4 t\u1ea3 s\u1ea3n ph\u1ea9m:<\/p>\n<ul>\n<li><span class=\"fontstyle0\">Model:\u00a0<strong>CFE-LUXAR-16<\/strong><\/span><\/li>\n<li><span class=\"fontstyle2\">Dung l\u01b0\u1ee3ng: 16.07 kWh<\/span><\/li>\n<li><span class=\"fontstyle2\">\u0110i\u1ec7n \u00e1p: 51,2V \u2013 314Ah<\/span><\/li>\n<li><span class=\"fontstyle2\">C\u00f4ng su\u1ea5t s\u1ea1c, x\u1ea3: 10kW<\/span><\/li>\n<li><span class=\"fontstyle2\">Truy\u1ec1n th\u00f4ng: RS485\/CAN<\/span><\/li>\n<li><span class=\"fontstyle2\">Ti\u00eau chu\u1ea9n IP65<\/span><\/li>\n<li>K\u00edch th\u01b0\u1edbc: 564 x 156 x 960 mm<\/li>\n<li><span class=\"fontstyle2\">Tr\u1ecdng l\u01b0\u1ee3ng: 128 Kg<\/span><\/li>\n<li><span class=\"fontstyle2\">Chu k\u1ef3: &gt; 8000 cycles<\/span><\/li>\n<li><span class=\"fontstyle0\">B\u1ea3o h\u00e0nh: 10 n\u0103m<\/span><\/li>\n<\/ul>\n<h3><strong><i class=\"fas fa-download\"><\/i> Download<\/strong><\/h3>\n<ul>\n<li><a href=\"https:\/\/tpenergy.com.vn\/wp-content\/uploads\/2026\/04\/Datasheet-pin-lithium-16kwh-CFE-LUXAR-16.pdf\">Datasheet<\/a><\/li>\n<\/ul>\n<p>&nbsp;<\/p>\n","protected":false},"featured_media":7585,"comment_status":"open","ping_status":"closed","template":"","meta":{"_eb_attr":""},"product_cat":[936],"product_tag":[1780,1789,1785,1784,1781,1143,1778,1779,1783,1786,1788,870,1787,1782,1105],"class_list":{"0":"post-7581","1":"product","2":"type-product","3":"status-publish","4":"has-post-thumbnail","6":"product_cat-pin-lithium-cfe","7":"product_tag-cfe-luxar-16","8":"product_tag-he-luu-tru-dien","9":"product_tag-pin-cfe-chinh-hang","10":"product_tag-pin-dien-mat-troi","11":"product_tag-pin-hybrid-luu-tru","12":"product_tag-pin-lifepo4","13":"product_tag-pin-lithium-cfe-luxar-16","14":"product_tag-pin-luu-tru-16kwh","15":"product_tag-pin-luu-tru-gia-dinh","16":"product_tag-pin-luu-tru-ip65","17":"product_tag-pin-luu-tru-mo-rong","18":"product_tag-pin-luu-tru-nang-luong-mat-troi","19":"product_tag-pin-nang-luong-51-2v","20":"product_tag-pin-solar-10kw","21":"product_tag-thuan-phong-energy","22":"pa_gia-khong-lap-dat","23":"pa_gia-lap-dat","25":"first","26":"instock","27":"shipping-taxable","28":"purchasable","29":"product-type-variable"},"yoast_head":"<!-- This site is optimized with the Yoast SEO plugin v20.9 - https:\/\/yoast.com\/wordpress\/plugins\/seo\/ -->\r\n<title>Pin lithium CFE-LUXAR-16 | Thu\u1eadn Phong Energy<\/title>\r\n<meta name=\"description\" content=\"Pin lithium CFE-LUXAR-16 \u2013 gi\u1ea3i ph\u00e1p l\u01b0u tr\u1eef \u0111i\u1ec7n an to\u00e0n, b\u1ec1n b\u1ec9 v\u00e0 hi\u1ec7u su\u1ea5t cao. L\u00fd t\u01b0\u1edfng cho h\u1ec7 th\u1ed1ng MLMT gia \u0111\u00ecnh v\u00e0 doanh nghi\u1ec7p.\" \/>\r\n<meta name=\"robots\" content=\"index, follow, max-snippet:-1, max-image-preview:large, max-video-preview:-1\" \/>\r\n<link rel=\"canonical\" href=\"https:\/\/tpenergy.com.vn\/?product=pin-luu-tru-cfe-16kwh-51-2v-314ah-pin-lithium-cfe-luxar-16\" \/>\r\n<meta property=\"og:locale\" content=\"vi_VN\" \/>\r\n<meta property=\"og:type\" content=\"article\" \/>\r\n<meta property=\"og:title\" content=\"Pin lithium CFE-LUXAR-16 | Thu\u1eadn Phong Energy\" \/>\r\n<meta property=\"og:description\" content=\"Pin lithium CFE-LUXAR-16 \u2013 gi\u1ea3i ph\u00e1p l\u01b0u tr\u1eef \u0111i\u1ec7n an to\u00e0n, b\u1ec1n b\u1ec9 v\u00e0 hi\u1ec7u su\u1ea5t cao. L\u00fd t\u01b0\u1edfng cho h\u1ec7 th\u1ed1ng MLMT gia \u0111\u00ecnh v\u00e0 doanh nghi\u1ec7p.\" \/>\r\n<meta property=\"og:url\" content=\"https:\/\/tpenergy.com.vn\/?product=pin-luu-tru-cfe-16kwh-51-2v-314ah-pin-lithium-cfe-luxar-16\" \/>\r\n<meta property=\"og:site_name\" content=\"Thuan Phong Solar Energy\" \/>\r\n<meta property=\"article:modified_time\" content=\"2026-04-20T08:33:52+00:00\" \/>\r\n<meta property=\"og:image\" content=\"https:\/\/tpenergy.com.vn\/wp-content\/uploads\/2026\/04\/cfe-battery-1607kwh-314ah-pin-luu-tru-cfe-luxar-16-4-1767848565.jpg\" \/>\r\n\t<meta property=\"og:image:width\" content=\"534\" \/>\r\n\t<meta property=\"og:image:height\" content=\"798\" \/>\r\n\t<meta property=\"og:image:type\" content=\"image\/jpeg\" \/>\r\n<meta name=\"twitter:card\" content=\"summary_large_image\" \/>\r\n<meta name=\"twitter:label1\" content=\"\u01af\u1edbc t\u00ednh th\u1eddi gian \u0111\u1ecdc\" \/>\n\t<meta name=\"twitter:data1\" content=\"4 ph\u00fat\" \/>\r\n<script type=\"application\/ld+json\" class=\"yoast-schema-graph\">{\"@context\":\"https:\/\/schema.org\",\"@graph\":[{\"@type\":\"WebPage\",\"@id\":\"https:\/\/tpenergy.com.vn\/?product=pin-luu-tru-cfe-16kwh-51-2v-314ah-pin-lithium-cfe-luxar-16\",\"url\":\"https:\/\/tpenergy.com.vn\/?product=pin-luu-tru-cfe-16kwh-51-2v-314ah-pin-lithium-cfe-luxar-16\",\"name\":\"Pin lithium CFE-LUXAR-16 | Thu\u1eadn Phong Energy\",\"isPartOf\":{\"@id\":\"https:\/\/tpenergy.com.vn\/#website\"},\"datePublished\":\"2026-04-20T08:20:56+00:00\",\"dateModified\":\"2026-04-20T08:33:52+00:00\",\"description\":\"Pin lithium CFE-LUXAR-16 \u2013 gi\u1ea3i ph\u00e1p l\u01b0u tr\u1eef \u0111i\u1ec7n an to\u00e0n, b\u1ec1n b\u1ec9 v\u00e0 hi\u1ec7u su\u1ea5t cao. L\u00fd t\u01b0\u1edfng cho h\u1ec7 th\u1ed1ng MLMT gia \u0111\u00ecnh v\u00e0 doanh nghi\u1ec7p.\",\"breadcrumb\":{\"@id\":\"https:\/\/tpenergy.com.vn\/?product=pin-luu-tru-cfe-16kwh-51-2v-314ah-pin-lithium-cfe-luxar-16#breadcrumb\"},\"inLanguage\":\"vi\",\"potentialAction\":[{\"@type\":\"ReadAction\",\"target\":[\"https:\/\/tpenergy.com.vn\/?product=pin-luu-tru-cfe-16kwh-51-2v-314ah-pin-lithium-cfe-luxar-16\"]}]},{\"@type\":\"BreadcrumbList\",\"@id\":\"https:\/\/tpenergy.com.vn\/?product=pin-luu-tru-cfe-16kwh-51-2v-314ah-pin-lithium-cfe-luxar-16#breadcrumb\",\"itemListElement\":[{\"@type\":\"ListItem\",\"position\":1,\"name\":\"Trang ch\u1ee7\",\"item\":\"https:\/\/tpenergy.com.vn\/\"},{\"@type\":\"ListItem\",\"position\":2,\"name\":\"Shop\",\"item\":\"https:\/\/tpenergy.com.vn\/?page_id=5\"},{\"@type\":\"ListItem\",\"position\":3,\"name\":\"PIN L\u01afU TR\u1eee\",\"item\":\"https:\/\/tpenergy.com.vn\/?product_cat=pinluutru\"},{\"@type\":\"ListItem\",\"position\":4,\"name\":\"PIN LITHIUM CFE\",\"item\":\"https:\/\/tpenergy.com.vn\/?product_cat=pin-lithium-cfe\"},{\"@type\":\"ListItem\",\"position\":5,\"name\":\"Pin l\u01b0u tr\u1eef CFE 16kWh 51.2V-314Ah | Pin lithium CFE-LUXAR-16\"}]},{\"@type\":\"WebSite\",\"@id\":\"https:\/\/tpenergy.com.vn\/#website\",\"url\":\"https:\/\/tpenergy.com.vn\/\",\"name\":\"Thuan Phong Solar Energy\",\"description\":\"\",\"potentialAction\":[{\"@type\":\"SearchAction\",\"target\":{\"@type\":\"EntryPoint\",\"urlTemplate\":\"https:\/\/tpenergy.com.vn\/?s={search_term_string}\"},\"query-input\":\"required name=search_term_string\"}],\"inLanguage\":\"vi\"}]}<\/script>\r\n<!-- \/ Yoast SEO plugin. -->","yoast_head_json":{"title":"Pin lithium CFE-LUXAR-16 | Thu\u1eadn Phong Energy","description":"Pin lithium CFE-LUXAR-16 \u2013 gi\u1ea3i ph\u00e1p l\u01b0u tr\u1eef \u0111i\u1ec7n an to\u00e0n, b\u1ec1n b\u1ec9 v\u00e0 hi\u1ec7u su\u1ea5t cao. L\u00fd t\u01b0\u1edfng cho h\u1ec7 th\u1ed1ng MLMT gia \u0111\u00ecnh v\u00e0 doanh nghi\u1ec7p.","robots":{"index":"index","follow":"follow","max-snippet":"max-snippet:-1","max-image-preview":"max-image-preview:large","max-video-preview":"max-video-preview:-1"},"canonical":"https:\/\/tpenergy.com.vn\/?product=pin-luu-tru-cfe-16kwh-51-2v-314ah-pin-lithium-cfe-luxar-16","og_locale":"vi_VN","og_type":"article","og_title":"Pin lithium CFE-LUXAR-16 | Thu\u1eadn Phong Energy","og_description":"Pin lithium CFE-LUXAR-16 \u2013 gi\u1ea3i ph\u00e1p l\u01b0u tr\u1eef \u0111i\u1ec7n an to\u00e0n, b\u1ec1n b\u1ec9 v\u00e0 hi\u1ec7u su\u1ea5t cao. L\u00fd t\u01b0\u1edfng cho h\u1ec7 th\u1ed1ng MLMT gia \u0111\u00ecnh v\u00e0 doanh nghi\u1ec7p.","og_url":"https:\/\/tpenergy.com.vn\/?product=pin-luu-tru-cfe-16kwh-51-2v-314ah-pin-lithium-cfe-luxar-16","og_site_name":"Thuan Phong Solar Energy","article_modified_time":"2026-04-20T08:33:52+00:00","og_image":[{"width":534,"height":798,"url":"https:\/\/tpenergy.com.vn\/wp-content\/uploads\/2026\/04\/cfe-battery-1607kwh-314ah-pin-luu-tru-cfe-luxar-16-4-1767848565.jpg","type":"image\/jpeg"}],"twitter_card":"summary_large_image","twitter_misc":{"\u01af\u1edbc t\u00ednh th\u1eddi gian \u0111\u1ecdc":"4 ph\u00fat"},"schema":{"@context":"https:\/\/schema.org","@graph":[{"@type":"WebPage","@id":"https:\/\/tpenergy.com.vn\/?product=pin-luu-tru-cfe-16kwh-51-2v-314ah-pin-lithium-cfe-luxar-16","url":"https:\/\/tpenergy.com.vn\/?product=pin-luu-tru-cfe-16kwh-51-2v-314ah-pin-lithium-cfe-luxar-16","name":"Pin lithium CFE-LUXAR-16 | Thu\u1eadn Phong Energy","isPartOf":{"@id":"https:\/\/tpenergy.com.vn\/#website"},"datePublished":"2026-04-20T08:20:56+00:00","dateModified":"2026-04-20T08:33:52+00:00","description":"Pin lithium CFE-LUXAR-16 \u2013 gi\u1ea3i ph\u00e1p l\u01b0u tr\u1eef \u0111i\u1ec7n an to\u00e0n, b\u1ec1n b\u1ec9 v\u00e0 hi\u1ec7u su\u1ea5t cao. L\u00fd t\u01b0\u1edfng cho h\u1ec7 th\u1ed1ng MLMT gia \u0111\u00ecnh v\u00e0 doanh nghi\u1ec7p.","breadcrumb":{"@id":"https:\/\/tpenergy.com.vn\/?product=pin-luu-tru-cfe-16kwh-51-2v-314ah-pin-lithium-cfe-luxar-16#breadcrumb"},"inLanguage":"vi","potentialAction":[{"@type":"ReadAction","target":["https:\/\/tpenergy.com.vn\/?product=pin-luu-tru-cfe-16kwh-51-2v-314ah-pin-lithium-cfe-luxar-16"]}]},{"@type":"BreadcrumbList","@id":"https:\/\/tpenergy.com.vn\/?product=pin-luu-tru-cfe-16kwh-51-2v-314ah-pin-lithium-cfe-luxar-16#breadcrumb","itemListElement":[{"@type":"ListItem","position":1,"name":"Trang ch\u1ee7","item":"https:\/\/tpenergy.com.vn\/"},{"@type":"ListItem","position":2,"name":"Shop","item":"https:\/\/tpenergy.com.vn\/?page_id=5"},{"@type":"ListItem","position":3,"name":"PIN L\u01afU TR\u1eee","item":"https:\/\/tpenergy.com.vn\/?product_cat=pinluutru"},{"@type":"ListItem","position":4,"name":"PIN LITHIUM CFE","item":"https:\/\/tpenergy.com.vn\/?product_cat=pin-lithium-cfe"},{"@type":"ListItem","position":5,"name":"Pin l\u01b0u tr\u1eef CFE 16kWh 51.2V-314Ah | Pin lithium CFE-LUXAR-16"}]},{"@type":"WebSite","@id":"https:\/\/tpenergy.com.vn\/#website","url":"https:\/\/tpenergy.com.vn\/","name":"Thuan Phong Solar Energy","description":"","potentialAction":[{"@type":"SearchAction","target":{"@type":"EntryPoint","urlTemplate":"https:\/\/tpenergy.com.vn\/?s={search_term_string}"},"query-input":"required name=search_term_string"}],"inLanguage":"vi"}]}},"_links":{"self":[{"href":"https:\/\/tpenergy.com.vn\/index.php?rest_route=\/wp\/v2\/product\/7581"}],"collection":[{"href":"https:\/\/tpenergy.com.vn\/index.php?rest_route=\/wp\/v2\/product"}],"about":[{"href":"https:\/\/tpenergy.com.vn\/index.php?rest_route=\/wp\/v2\/types\/product"}],"replies":[{"embeddable":true,"href":"https:\/\/tpenergy.com.vn\/index.php?rest_route=%2Fwp%2Fv2%2Fcomments&post=7581"}],"wp:featuredmedia":[{"embeddable":true,"href":"https:\/\/tpenergy.com.vn\/index.php?rest_route=\/wp\/v2\/media\/7585"}],"wp:attachment":[{"href":"https:\/\/tpenergy.com.vn\/index.php?rest_route=%2Fwp%2Fv2%2Fmedia&parent=7581"}],"wp:term":[{"taxonomy":"product_cat","embeddable":true,"href":"https:\/\/tpenergy.com.vn\/index.php?rest_route=%2Fwp%2Fv2%2Fproduct_cat&post=7581"},{"taxonomy":"product_tag","embeddable":true,"href":"https:\/\/tpenergy.com.vn\/index.php?rest_route=%2Fwp%2Fv2%2Fproduct_tag&post=7581"}],"curies":[{"name":"wp","href":"https:\/\/api.w.org\/{rel}","templated":true}]}}