{"id":7575,"date":"2026-04-20T11:15:59","date_gmt":"2026-04-20T04:15:59","guid":{"rendered":"https:\/\/tpenergy.com.vn\/?post_type=product&#038;p=7575"},"modified":"2026-04-20T13:47:41","modified_gmt":"2026-04-20T06:47:41","slug":"tam-pin-nang-luong-mat-troi-panasonic-620w","status":"publish","type":"product","link":"https:\/\/tpenergy.com.vn\/?product=tam-pin-nang-luong-mat-troi-panasonic-620w","title":{"rendered":"T\u1ea5m pin n\u0103ng l\u01b0\u1ee3ng m\u1eb7t tr\u1eddi Panasonic 620W"},"content":{"rendered":"<h1>T\u1ea5m pin n\u0103ng l\u01b0\u1ee3ng m\u1eb7t tr\u1eddi Panasonic 620W<\/h1>\n<p>Panasonic l\u00e0 th\u01b0\u01a1ng hi\u1ec7u \u0111i\u1ec7n t\u1eed h\u00e0ng \u0111\u1ea7u th\u1ebf gi\u1edbi, th\u00e0nh l\u1eadp n\u0103m\u00a01918 t\u1ea1i Nh\u1eadt B\u1ea3n, v\u1edbi l\u1ecbch s\u1eed\u00a0h\u01a1n 50 n\u0103m trong l\u0129nh v\u1ef1c n\u0103ng l\u01b0\u1ee3ng m\u1eb7t tr\u1eddi (t\u1eeb nh\u1eefng n\u0103m 1970). D\u00f2ng s\u1ea3n ph\u1ea9m\u00a0Anchor by Panasonic\u00a0\u0111\u01b0\u1ee3c ph\u00e1t tri\u1ec3n b\u1edfi\u00a0Panasonic Life Solutions India Pvt. Ltd., k\u1ebf th\u1eeba c\u00f4ng ngh\u1ec7\u00a0HIT (Heterojunction)\u00a0n\u1ed5i ti\u1ebfng v\u00e0 chuy\u1ec3n sang\u00a0N-Type TOPCon\u00a0\u0111\u1ec3 \u0111\u00e1p \u1ee9ng nhu c\u1ea7u th\u1ecb tr\u01b0\u1eddng to\u00e0n c\u1ea7u. Th\u01b0\u01a1ng hi\u1ec7u \u0111\u00e3 nh\u1eadn nhi\u1ec1u gi\u1ea3i th\u01b0\u1edfng danh gi\u00e1 nh\u01b0\u00a0IEEE Corporate Innovation Award (2012)\u00a0cho c\u00f4ng ngh\u1ec7 HIT,\u00a0Intersolar\u00a0Award\u00a0cho hi\u1ec7u su\u1ea5t cao, v\u00e0\u00a0Red Dot Design Award\u00a0cho thi\u1ebft k\u1ebf b\u1ec1n v\u1eefng.<\/p>\n<p><img loading=\"lazy\" decoding=\"async\" class=\"aligncenter wp-image-28204 size-full entered lazyloaded\" title=\"T\u1ea5m Pin N\u0103ng L\u01b0\u1ee3ng M\u1eb7t Tr\u1eddi Panasonic 620WP N-type Topcon 2\" src=\"https:\/\/vietnamsolar.vn\/wp-content\/uploads\/2025\/06\/viet-nam-solar-dien-mat-troi-tam-pin-panasonic-620-1.jpeg\" alt=\"viet nam solar dien mat troi tam pin panasonic 620 1\" width=\"2000\" height=\"1334\" data-lazy-srcset=\"https:\/\/vietnamsolar.vn\/wp-content\/uploads\/2025\/06\/viet-nam-solar-dien-mat-troi-tam-pin-panasonic-620-1.jpeg 2000w, https:\/\/vietnamsolar.vn\/wp-content\/uploads\/2025\/06\/viet-nam-solar-dien-mat-troi-tam-pin-panasonic-620-1-300x200.jpeg 300w, https:\/\/vietnamsolar.vn\/wp-content\/uploads\/2025\/06\/viet-nam-solar-dien-mat-troi-tam-pin-panasonic-620-1-1024x683.jpeg 1024w, https:\/\/vietnamsolar.vn\/wp-content\/uploads\/2025\/06\/viet-nam-solar-dien-mat-troi-tam-pin-panasonic-620-1-768x512.jpeg 768w, https:\/\/vietnamsolar.vn\/wp-content\/uploads\/2025\/06\/viet-nam-solar-dien-mat-troi-tam-pin-panasonic-620-1-1536x1025.jpeg 1536w, https:\/\/vietnamsolar.vn\/wp-content\/uploads\/2025\/06\/viet-nam-solar-dien-mat-troi-tam-pin-panasonic-620-1-24x16.jpeg 24w, https:\/\/vietnamsolar.vn\/wp-content\/uploads\/2025\/06\/viet-nam-solar-dien-mat-troi-tam-pin-panasonic-620-1-36x24.jpeg 36w, https:\/\/vietnamsolar.vn\/wp-content\/uploads\/2025\/06\/viet-nam-solar-dien-mat-troi-tam-pin-panasonic-620-1-48x32.jpeg 48w, https:\/\/vietnamsolar.vn\/wp-content\/uploads\/2025\/06\/viet-nam-solar-dien-mat-troi-tam-pin-panasonic-620-1-600x400.jpeg 600w\" data-lazy-sizes=\"(max-width: 2000px) 100vw, 2000px\" data-lazy-src=\"https:\/\/vietnamsolar.vn\/wp-content\/uploads\/2025\/06\/viet-nam-solar-dien-mat-troi-tam-pin-panasonic-620-1.jpeg\" data-ll-status=\"loaded\" \/><\/p>\n<h2>Th\u00f4ng s\u1ed1 k\u1ef9 thu\u1eadt <a href=\"https:\/\/tpenergy.com.vn\/index.php\/danh-muc-sp\/tam-pin-nang-luong-mat-troi\/\">T\u1ea5m pin n\u0103ng l\u01b0\u1ee3ng m\u1eb7t tr\u1eddi<\/a> PANASONIC \u2013 ANCHOR N-TYPE TOPCON (605\u2013625Wp)<\/h2>\n<ul>\n<li>Hi\u1ec7u su\u1ea5t t\u1ed1i \u0111a 23,1%<\/li>\n<li>Suy hao n\u0103m \u0111\u1ea7u \u2264 1%<\/li>\n<li>Suy hao n\u0103m 2\u201330 \u2264 0,4%\/n\u0103m<\/li>\n<li>Bifacial gain 80 \u00b1 5%<\/li>\n<\/ul>\n<section>\n<div>Th\u00f4ng s\u1ed1 \u0111i\u1ec7n (STC) \u2014 AM1.5 \u2022 1000 W\/m\u00b2 \u2022 25 \u00b0C<\/div>\n<div role=\"region\" aria-label=\"B\u1ea3ng STC \u2013 cu\u1ed9n ngang tr\u00ean mobile\">\n<table>\n<thead>\n<tr>\n<th>Model<\/th>\n<th>P<sub>max<\/sub> (W)<\/th>\n<th>V<sub>mp<\/sub>\u00a0(V)<\/th>\n<th>I<sub>mp<\/sub>\u00a0(A)<\/th>\n<th>V<sub>oc<\/sub>\u00a0(V)<\/th>\n<th>I<sub>sc<\/sub>\u00a0(A)<\/th>\n<th>Hi\u1ec7u su\u1ea5t<\/th>\n<\/tr>\n<\/thead>\n<tbody>\n<tr>\n<td>AE13TD605THC16B5<\/td>\n<td>605<\/td>\n<td>40.31<\/td>\n<td>15.01<\/td>\n<td>48.50<\/td>\n<td>15.89<\/td>\n<td>22.4%<\/td>\n<\/tr>\n<tr>\n<td>AE13TD610THC16B5<\/td>\n<td>610<\/td>\n<td>40.52<\/td>\n<td>15.06<\/td>\n<td>48.70<\/td>\n<td>15.95<\/td>\n<td>22.6%<\/td>\n<\/tr>\n<tr>\n<td>AE13TD615THC16B5<\/td>\n<td>615<\/td>\n<td>40.72<\/td>\n<td>15.11<\/td>\n<td>48.90<\/td>\n<td>16.01<\/td>\n<td>22.8%<\/td>\n<\/tr>\n<tr>\n<td>AE13TD620THC16B5<\/td>\n<td>620<\/td>\n<td>40.82<\/td>\n<td>15.19<\/td>\n<td>49.10<\/td>\n<td>16.07<\/td>\n<td>23.0%<\/td>\n<\/tr>\n<tr>\n<td>AE13TD625THC16B5<\/td>\n<td>625<\/td>\n<td>40.98<\/td>\n<td>15.25<\/td>\n<td>49.30<\/td>\n<td>16.13<\/td>\n<td>23.1%<\/td>\n<\/tr>\n<\/tbody>\n<\/table>\n<\/div>\n<\/section>\n<section>\n<div><\/div>\n<div>Th\u00f4ng s\u1ed1 \u0111i\u1ec7n (NMOT) \u2014 800 W\/m\u00b2 \u2022 20 \u00b0C \u2022 Gi\u00f3 1 m\/s<\/div>\n<div role=\"region\" aria-label=\"B\u1ea3ng NMOT \u2013 cu\u1ed9n ngang tr\u00ean mobile\">\n<table>\n<thead>\n<tr>\n<th>Model<\/th>\n<th>P<sub>max<\/sub> (W)<\/th>\n<th>V<sub>mp<\/sub>\u00a0(V)<\/th>\n<th>I<sub>mp<\/sub>\u00a0(A)<\/th>\n<th>V<sub>oc<\/sub>\u00a0(V)<\/th>\n<th>I<sub>sc<\/sub>\u00a0(A)<\/th>\n<\/tr>\n<\/thead>\n<tbody>\n<tr>\n<td>AE13TD620THC16B5<\/td>\n<td>476<\/td>\n<td>37.50<\/td>\n<td>12.69<\/td>\n<td>46.50<\/td>\n<td>13.50<\/td>\n<\/tr>\n<\/tbody>\n<\/table>\n<\/div>\n<\/section>\n<section>\n<div><\/div>\n<div>Th\u00f4ng s\u1ed1 c\u01a1 kh\u00ed \/ Product &amp; Mechanical Specification<\/div>\n<table>\n<tbody>\n<tr>\n<td>Lo\u1ea1i cell<\/td>\n<td>N-Type TOPCon, 182mm x 210mm, 16 busbar (16BB)<\/td>\n<\/tr>\n<tr>\n<td>S\u1ed1 cell<\/td>\n<td>132 (half-cut, 11\u00d76 || 11\u00d76)<\/td>\n<\/tr>\n<tr>\n<td>K\u00ednh<\/td>\n<td>Dual glass 2.0 mm semi-tempered (m\u1eb7t tr\u01b0\u1edbc\/sau)<\/td>\n<\/tr>\n<tr>\n<td>Khung<\/td>\n<td>Nh\u00f4m anodized, \u0111en<\/td>\n<\/tr>\n<tr>\n<td>H\u1ed9p n\u1ed1i d\u00e2y<\/td>\n<td>IP68, 3 bypass diodes<\/td>\n<\/tr>\n<tr>\n<td>C\u00e1p<\/td>\n<td>4 mm\u00b2, d\u00e0i 1400 mm (+\/-), connector MC4 t\u01b0\u01a1ng th\u00edch<\/td>\n<\/tr>\n<tr>\n<td>K\u00edch th\u01b0\u1edbc<\/td>\n<td>2382 \u00d7 1134 \u00d7 30 mm<\/td>\n<\/tr>\n<tr>\n<td>Kh\u1ed1i l\u01b0\u1ee3ng<\/td>\n<td>32.5 kg<\/td>\n<\/tr>\n<tr>\n<td>Quy c\u00e1ch \u0111\u00f3ng g\u00f3i<\/td>\n<td>20 t\u1ea5m\/h\u1ed9p \u2022 36 h\u1ed9p\/pallet \u2022 720 t\u1ea5m\/40\u2019HC<\/td>\n<\/tr>\n<\/tbody>\n<\/table>\n<\/section>\n<section>\n<div><\/div>\n<div>H\u1ec7 s\u1ed1 nhi\u1ec7t (STC) &amp; H\u01b0\u1edbng d\u1eabn l\u1eafp \u0111\u1eb7t<\/div>\n<table>\n<tbody>\n<tr>\n<td>dI<sub>sc<\/sub>\/dT<\/td>\n<td>+0.046 % \/ \u00b0C<\/td>\n<\/tr>\n<tr>\n<td>dV<sub>oc<\/sub>\/dT<\/td>\n<td>\u22120.25 % \/ \u00b0C<\/td>\n<\/tr>\n<tr>\n<td>dP<sub>max<\/sub>\/dT<\/td>\n<td>\u22120.29 % \/ \u00b0C<\/td>\n<\/tr>\n<tr>\n<td>NMOT<\/td>\n<td>42 \u00b1 2 \u00b0C<\/td>\n<\/tr>\n<tr>\n<td>Nhi\u1ec7t \u0111\u1ed9 v\u1eadn h\u00e0nh<\/td>\n<td>\u221240 \u00b0C ~ +85 \u00b0C<\/td>\n<\/tr>\n<tr>\n<td>C\u1ea7u ch\u00ec n\u1ed1i ti\u1ebfp t\u1ed1i \u0111a<\/td>\n<td>35 A<\/td>\n<\/tr>\n<tr>\n<td>\u0110i\u1ec7n \u00e1p h\u1ec7 t\u1ed1i \u0111a<\/td>\n<td>DC 1500 V<\/td>\n<\/tr>\n<tr>\n<td>T\u1ea3i t\u0129nh t\u1ed1i \u0111a<\/td>\n<td>M\u1eb7t tr\u01b0\u1edbc 5400 Pa \u2022 M\u1eb7t sau 2400 Pa<\/td>\n<\/tr>\n<tr>\n<td>Th\u1eed nghi\u1ec7m m\u01b0a \u0111\u00e1<\/td>\n<td>Vi\u00ean 25 mm @ 23 m\/s<\/td>\n<\/tr>\n<tr>\n<td>Ch\u1ed1ng PID<\/td>\n<td>IEC 61701, IEC 62716<\/td>\n<\/tr>\n<tr>\n<td>X\u1ebfp h\u1ea1ng ch\u00e1y<\/td>\n<td>IEC Class C<\/td>\n<\/tr>\n<\/tbody>\n<\/table>\n<div><\/div>\n<\/section>\n<h2>C\u00f4ng ngh\u1ec7 N-Type TOPCon \u2013 L\u1ee3i th\u1ebf kh\u00e1c bi\u1ec7t c\u1ee7a Panasonic Anchor<\/h2>\n<div>\n<section>\n<div>\n<div>\n<p>C\u00f4ng ngh\u1ec7\u00a0N-Type TOPCon (Tunnel Oxide Passivated Contact)\u00a0tr\u00ean n\u1ec1n silicon N-Type mang \u0111\u1ebfn b\u01b0\u1edbc ti\u1ebfn v\u01b0\u1ee3t b\u1eadc so v\u1edbi PERC truy\u1ec1n th\u1ed1ng:\u00a0hi\u1ec7u su\u1ea5t cao &amp; bifacial,\u00a0gi\u1ea3m suy hao,\u00a0ch\u1ecbu nhi\u1ec7t t\u1ed1t,\u00a0\u0111\u1ed9 b\u1ec1n v\u01b0\u1ee3t tr\u1ed9i.<\/p>\n<div>\n<ul>\n<li>Hi\u1ec7u su\u1ea5t cao ph\u00e2n kh\u00fac<\/li>\n<li>Pmax TC: \u22120,29%\/\u00b0C<\/li>\n<li>Bifacial 80 \u00b1 5%<\/li>\n<li>Kh\u00f4ng LID\/LeTID<\/li>\n<\/ul>\n<\/div>\n<\/div>\n<\/div>\n<\/section>\n<section>\n<div>\n<div>\n<h3>Kh\u00e1c bi\u1ec7t c\u00f4ng ngh\u1ec7<\/h3>\n<ul>\n<li>Bifacial: M\u1eb7t sau h\u1ea5p th\u1ee5 th\u00eam 80 \u00b1 5% \u00e1nh s\u00e1ng ph\u1ea3n x\u1ea1, t\u0103ng s\u1ea3n l\u01b0\u1ee3ng 10-30%.<\/li>\n<li>Kh\u00f4ng LID\/LeTID: suy gi\u1ea3m n\u0103m \u0111\u1ea7u \u22641%, h\u00e0ng n\u0103m \u22640.4%, gi\u1eef \u226587.4% sau 30 n\u0103m.<\/li>\n<li>H\u1ec7 s\u1ed1 nhi\u1ec7t Pmax \u22120.29%\/\u00b0C\u00a0\u2192 hi\u1ec7u su\u1ea5t \u1ed5n \u0111\u1ecbnh \u1edf nhi\u1ec7t \u0111\u1ed9 cao.<\/li>\n<li>Half-cut + 16BB: gi\u1ea3m hotspot, t\u1ed1i \u01b0u d\u00f2ng \u0111i\u1ec7n.<\/li>\n<\/ul>\n<\/div>\n<div>\n<h3>Gi\u00e1 tr\u1ecb v\u1eadn h\u00e0nh<\/h3>\n<ul>\n<li>C\u00f4ng su\u1ea5t 605\u2013625W\/t\u1ea5m\u00a0\u2192 gi\u1ea3m s\u1ed1 t\u1ea5m, ti\u1ebft ki\u1ec7m BOS.<\/li>\n<li>Th\u1ea9m m\u1ef9 \u0111en \u0111\u1ed3ng b\u1ed9: ph\u00f9 h\u1ee3p d\u1ef1 \u00e1n C&amp;I \u0111\u00f2i h\u1ecfi h\u00ecnh \u1ea3nh chuy\u00ean nghi\u1ec7p.<\/li>\n<li>Ch\u1ecbu t\u1ea3i 5400\/2400 Pa, dual glass, test m\u01b0a \u0111\u00e1, ch\u1ed1ng PID.<\/li>\n<li>T\u01b0\u01a1ng th\u00edch h\u1ec7 1500V DC\u00a0\u2192 linh ho\u1ea1t c\u1ea5u h\u00ecnh string, gi\u1ea3m t\u1ed5n th\u1ea5t d\u00e2y.<\/li>\n<\/ul>\n<\/div>\n<\/div>\n<\/section>\n<\/div>\n<h2>Thu\u1eadn Phong Energy t\u1ef1 h\u00e0o l\u00e0 nh\u00e0 cung c\u1ea5p t\u1ea5m pin m\u1eb7t tr\u1eddi PANASONIC \u2013 ANCHOR N-TYPE TOPCON &#8211; AE13TD620<br \/>\nTHC16B5 <span style=\"color: #555555\">ch\u00ednh h\u00e3ng v\u1edbi \u0111\u1ea7y \u0111\u1ee7 ch\u1ee9ng nh\u1eadn ch\u1ea5t l\u01b0\u1ee3ng.<\/span><\/h2>\n<p>Cam k\u1ebft khi mua h\u00e0ng t\u1ea1i Thu\u1eadn Phong:<\/p>\n<ul>\n<li>S\u1ea3n ph\u1ea9m ch\u00ednh h\u00e3ng, \u0111\u1ea7y \u0111\u1ee7 CO, CQ, VAT cho d\u1ef1 \u00e1n.<\/li>\n<li>Gi\u00e1 c\u1ea3 c\u1ea1nh tranh, nh\u1eadp kh\u1ea9u tr\u1ef1c ti\u1ebfp kh\u00f4ng qua trung gian.<\/li>\n<li>Ph\u00e2n ph\u1ed1i s\u1ec9 to\u00e0n qu\u1ed1c, h\u1ed7 tr\u1ee3 v\u1eadn chuy\u1ec3n t\u1eadn n\u01a1i.<\/li>\n<li>B\u1ea3o h\u00e0nh hi\u1ec7u su\u1ea5t l\u00ean \u0111\u1ebfn 30 n\u0103m, \u0111\u1ea3m b\u1ea3o ch\u1ea5t l\u01b0\u1ee3ng v\u01b0\u1ee3t tr\u1ed9i.<\/li>\n<\/ul>\n<div dir=\"auto\">\u2014\u2014\u2014\u2014\u2014\u2014\u2014\u2014\u2014\u2014\u2014\u2013<\/div>\n<div dir=\"auto\"><a href=\"https:\/\/www.facebook.com\/DienMatTroi.SolarQuangBinh\">CH\u1eccN THU\u1eacN PHONG \u2013 CH\u1eccN S\u1ef0 AN T\u00c2M<\/a><br \/>\nHotline: 0869.564.567<br \/>\nKinh doanh: 0867.577.357<br \/>\nK\u1ef9 thu\u1eadt: 0899.768.777<br \/>\nService: 0867.118.636<br \/>\nTr\u1ee5 s\u1edf ch\u00ednh: 30 Nguy\u1ec5n H\u1eefu D\u1eadt, ph\u01b0\u1eddng \u0110\u1ed3ng H\u1edbi, t\u1ec9nh Qu\u1ea3ng Tr\u1ecb, Vi\u1ec7t Nam<br \/>\nTr\u1ee5 s\u1edf H\u00e0 N\u1ed9i: Nh\u00e0 ph\u1ed1 th\u01b0\u01a1ng m\u1ea1i Khai S\u01a1n Town s\u1ed1 18 thu\u1ed9c Town 7, khu \u0111\u00f4 th\u1ecb Khai S\u01a1n City, ph\u01b0\u1eddng B\u1ed3 \u0110\u1ec1, Th\u00e0nh ph\u1ed1 H\u00e0 N\u1ed9i<br \/>\nWebsite:\u00a0<a href=\"https:\/\/tpenergy.com.vn\/\">https:\/\/tpenergy.com.vn\/<\/a><br \/>\nShopee:\u00a0<a href=\"https:\/\/shopee.vn\/thuanphongenergy?entryPoint=ShopBySearch&amp;searchKeyword=thu%E1%BA%ADn%20phong%20solar%20energy\">https:\/\/byvn.net\/E1oJ<\/a><br \/>\nLazada:\u00a0<a href=\"https:\/\/byvn.net\/VYPr\">https:\/\/byvn.net\/VYPr<\/a><\/div>\n","protected":false},"excerpt":{"rendered":"<p>M\u00f4 t\u1ea3 s\u1ea3n ph\u1ea9m:<\/p>\n<ul>\n<li><strong>Model: <\/strong>AE13TDXXXTHC16B5<\/li>\n<li><strong>C\u00f4ng su\u1ea5t: <\/strong>620W<\/li>\n<li><strong>C\u00f4ng ngh\u1ec7: <\/strong>N-Type TOPCon<\/li>\n<li><strong>Hi\u1ec7u su\u1ea5t: <\/strong>23.0 %<\/li>\n<li><strong>K\u00edch th\u01b0\u1edbc:<\/strong> 2382 \u00d7 1134 \u00d7 30 mm<\/li>\n<li><strong>Kh\u1ed1i l\u01b0\u1ee3ng: <\/strong>32.5 kg<\/li>\n<li><strong>B\u1ea3o h\u00e0nh: <\/strong>15 n\u0103m<\/li>\n<li><strong>B\u1ea3o h\u00e0nh hi\u1ec7u su\u1ea5t: <\/strong>30 n\u0103m<\/li>\n<\/ul>\n<p><strong><i class=\"fas fa-download\"><\/i> Download<\/strong><\/p>\n<ul>\n<li style=\"list-style-type: none\">\n<ul>\n<li><a href=\"https:\/\/tpenergy.com.vn\/wp-content\/uploads\/2026\/04\/datasheet-TAM-PIN-620WP-PANASONIC.pdf\">Datasheet<\/a><\/li>\n<li><a href=\"https:\/\/tpenergy.com.vn\/wp-content\/uploads\/2026\/04\/Installation-manual_Solar-Modules-Ex_11032025.pdf\">User Manual<\/a><\/li>\n<\/ul>\n<\/li>\n<\/ul>\n<p>&nbsp;<\/p>\n","protected":false},"featured_media":7580,"comment_status":"open","ping_status":"closed","template":"","meta":{"_eb_attr":""},"product_cat":[1767],"product_tag":[1771,1777,1770,1773,1772,1774,1763,1769,1776,1775,1768,1105],"class_list":{"0":"post-7575","1":"product","2":"type-product","3":"status-publish","4":"has-post-thumbnail","6":"product_cat-panasonic","7":"product_tag-ae13td620thc16b5","8":"product_tag-dien-mat-troi-panasonic","9":"product_tag-panasonic-n-type-topcon","10":"product_tag-pin-bifacial-2-mat","11":"product_tag-pin-mat-troi-hieu-suat-cao","12":"product_tag-pin-mono-half-cut-16bb","13":"product_tag-pin-nang-luong-mat-troi-cong-suat-lon","14":"product_tag-pin-panasonic-620w","15":"product_tag-pin-panasonic-anchor","16":"product_tag-pin-solar-chinh-hang","17":"product_tag-tam-pin-nang-luong-mat-troi-panasonic-620w","18":"product_tag-thuan-phong-energy","19":"pa_gia-khong-lap-dat","20":"pa_gia-lap-dat","22":"first","23":"instock","24":"shipping-taxable","25":"purchasable","26":"product-type-variable"},"yoast_head":"<!-- This site is optimized with the Yoast SEO plugin v20.9 - https:\/\/yoast.com\/wordpress\/plugins\/seo\/ -->\r\n<title>T\u1ea5m pin NLMT Panasonic 620W | Thu\u1eadn Phong Energy<\/title>\r\n<meta name=\"description\" content=\"T\u1ea5m pin NLMT Panasonic 620W ch\u00ednh h\u00e3ng, hi\u1ec7u su\u1ea5t cao, \u0111\u1ed9 b\u1ec1n v\u01b0\u1ee3t tr\u1ed9i. Gi\u1ea3i ph\u00e1p \u0111i\u1ec7n m\u1eb7t tr\u1eddi t\u1ed1i \u01b0u cho gia \u0111\u00ecnh v\u00e0 doanh nghi\u1ec7p.\" \/>\r\n<meta name=\"robots\" content=\"index, follow, max-snippet:-1, max-image-preview:large, max-video-preview:-1\" \/>\r\n<link rel=\"canonical\" href=\"https:\/\/tpenergy.com.vn\/?product=tam-pin-nang-luong-mat-troi-panasonic-620w\" \/>\r\n<meta property=\"og:locale\" content=\"vi_VN\" \/>\r\n<meta property=\"og:type\" content=\"article\" \/>\r\n<meta property=\"og:title\" content=\"T\u1ea5m pin NLMT Panasonic 620W | Thu\u1eadn Phong Energy\" \/>\r\n<meta property=\"og:description\" content=\"T\u1ea5m pin NLMT Panasonic 620W ch\u00ednh h\u00e3ng, hi\u1ec7u su\u1ea5t cao, \u0111\u1ed9 b\u1ec1n v\u01b0\u1ee3t tr\u1ed9i. Gi\u1ea3i ph\u00e1p \u0111i\u1ec7n m\u1eb7t tr\u1eddi t\u1ed1i \u01b0u cho gia \u0111\u00ecnh v\u00e0 doanh nghi\u1ec7p.\" \/>\r\n<meta property=\"og:url\" content=\"https:\/\/tpenergy.com.vn\/?product=tam-pin-nang-luong-mat-troi-panasonic-620w\" \/>\r\n<meta property=\"og:site_name\" content=\"Thuan Phong Solar Energy\" \/>\r\n<meta property=\"article:modified_time\" content=\"2026-04-20T06:47:41+00:00\" \/>\r\n<meta property=\"og:image\" content=\"https:\/\/tpenergy.com.vn\/wp-content\/uploads\/2026\/04\/panasomic-620w.png\" \/>\r\n\t<meta property=\"og:image:width\" content=\"485\" \/>\r\n\t<meta property=\"og:image:height\" content=\"460\" \/>\r\n\t<meta property=\"og:image:type\" content=\"image\/png\" \/>\r\n<meta name=\"twitter:card\" content=\"summary_large_image\" \/>\r\n<meta name=\"twitter:label1\" content=\"\u01af\u1edbc t\u00ednh th\u1eddi gian \u0111\u1ecdc\" \/>\n\t<meta name=\"twitter:data1\" content=\"5 ph\u00fat\" \/>\r\n<script type=\"application\/ld+json\" class=\"yoast-schema-graph\">{\"@context\":\"https:\/\/schema.org\",\"@graph\":[{\"@type\":\"WebPage\",\"@id\":\"https:\/\/tpenergy.com.vn\/?product=tam-pin-nang-luong-mat-troi-panasonic-620w\",\"url\":\"https:\/\/tpenergy.com.vn\/?product=tam-pin-nang-luong-mat-troi-panasonic-620w\",\"name\":\"T\u1ea5m pin NLMT Panasonic 620W | Thu\u1eadn Phong Energy\",\"isPartOf\":{\"@id\":\"https:\/\/tpenergy.com.vn\/#website\"},\"datePublished\":\"2026-04-20T04:15:59+00:00\",\"dateModified\":\"2026-04-20T06:47:41+00:00\",\"description\":\"T\u1ea5m pin NLMT Panasonic 620W ch\u00ednh h\u00e3ng, hi\u1ec7u su\u1ea5t cao, \u0111\u1ed9 b\u1ec1n v\u01b0\u1ee3t tr\u1ed9i. Gi\u1ea3i ph\u00e1p \u0111i\u1ec7n m\u1eb7t tr\u1eddi t\u1ed1i \u01b0u cho gia \u0111\u00ecnh v\u00e0 doanh nghi\u1ec7p.\",\"breadcrumb\":{\"@id\":\"https:\/\/tpenergy.com.vn\/?product=tam-pin-nang-luong-mat-troi-panasonic-620w#breadcrumb\"},\"inLanguage\":\"vi\",\"potentialAction\":[{\"@type\":\"ReadAction\",\"target\":[\"https:\/\/tpenergy.com.vn\/?product=tam-pin-nang-luong-mat-troi-panasonic-620w\"]}]},{\"@type\":\"BreadcrumbList\",\"@id\":\"https:\/\/tpenergy.com.vn\/?product=tam-pin-nang-luong-mat-troi-panasonic-620w#breadcrumb\",\"itemListElement\":[{\"@type\":\"ListItem\",\"position\":1,\"name\":\"Trang ch\u1ee7\",\"item\":\"https:\/\/tpenergy.com.vn\/\"},{\"@type\":\"ListItem\",\"position\":2,\"name\":\"Shop\",\"item\":\"https:\/\/tpenergy.com.vn\/?page_id=5\"},{\"@type\":\"ListItem\",\"position\":3,\"name\":\"T\u1ea4M PIN N\u0102NG L\u01af\u1ee2NG M\u1eb6T TR\u1edcI\",\"item\":\"https:\/\/tpenergy.com.vn\/?product_cat=tam-pin-nang-luong-mat-troi\"},{\"@type\":\"ListItem\",\"position\":4,\"name\":\"PANASONIC\",\"item\":\"https:\/\/tpenergy.com.vn\/?product_cat=panasonic\"},{\"@type\":\"ListItem\",\"position\":5,\"name\":\"T\u1ea5m pin n\u0103ng l\u01b0\u1ee3ng m\u1eb7t tr\u1eddi Panasonic 620W\"}]},{\"@type\":\"WebSite\",\"@id\":\"https:\/\/tpenergy.com.vn\/#website\",\"url\":\"https:\/\/tpenergy.com.vn\/\",\"name\":\"Thuan Phong Solar Energy\",\"description\":\"\",\"potentialAction\":[{\"@type\":\"SearchAction\",\"target\":{\"@type\":\"EntryPoint\",\"urlTemplate\":\"https:\/\/tpenergy.com.vn\/?s={search_term_string}\"},\"query-input\":\"required name=search_term_string\"}],\"inLanguage\":\"vi\"}]}<\/script>\r\n<!-- \/ Yoast SEO plugin. -->","yoast_head_json":{"title":"T\u1ea5m pin NLMT Panasonic 620W | Thu\u1eadn Phong Energy","description":"T\u1ea5m pin NLMT Panasonic 620W ch\u00ednh h\u00e3ng, hi\u1ec7u su\u1ea5t cao, \u0111\u1ed9 b\u1ec1n v\u01b0\u1ee3t tr\u1ed9i. Gi\u1ea3i ph\u00e1p \u0111i\u1ec7n m\u1eb7t tr\u1eddi t\u1ed1i \u01b0u cho gia \u0111\u00ecnh v\u00e0 doanh nghi\u1ec7p.","robots":{"index":"index","follow":"follow","max-snippet":"max-snippet:-1","max-image-preview":"max-image-preview:large","max-video-preview":"max-video-preview:-1"},"canonical":"https:\/\/tpenergy.com.vn\/?product=tam-pin-nang-luong-mat-troi-panasonic-620w","og_locale":"vi_VN","og_type":"article","og_title":"T\u1ea5m pin NLMT Panasonic 620W | Thu\u1eadn Phong Energy","og_description":"T\u1ea5m pin NLMT Panasonic 620W ch\u00ednh h\u00e3ng, hi\u1ec7u su\u1ea5t cao, \u0111\u1ed9 b\u1ec1n v\u01b0\u1ee3t tr\u1ed9i. Gi\u1ea3i ph\u00e1p \u0111i\u1ec7n m\u1eb7t tr\u1eddi t\u1ed1i \u01b0u cho gia \u0111\u00ecnh v\u00e0 doanh nghi\u1ec7p.","og_url":"https:\/\/tpenergy.com.vn\/?product=tam-pin-nang-luong-mat-troi-panasonic-620w","og_site_name":"Thuan Phong Solar Energy","article_modified_time":"2026-04-20T06:47:41+00:00","og_image":[{"width":485,"height":460,"url":"https:\/\/tpenergy.com.vn\/wp-content\/uploads\/2026\/04\/panasomic-620w.png","type":"image\/png"}],"twitter_card":"summary_large_image","twitter_misc":{"\u01af\u1edbc t\u00ednh th\u1eddi gian \u0111\u1ecdc":"5 ph\u00fat"},"schema":{"@context":"https:\/\/schema.org","@graph":[{"@type":"WebPage","@id":"https:\/\/tpenergy.com.vn\/?product=tam-pin-nang-luong-mat-troi-panasonic-620w","url":"https:\/\/tpenergy.com.vn\/?product=tam-pin-nang-luong-mat-troi-panasonic-620w","name":"T\u1ea5m pin NLMT Panasonic 620W | Thu\u1eadn Phong Energy","isPartOf":{"@id":"https:\/\/tpenergy.com.vn\/#website"},"datePublished":"2026-04-20T04:15:59+00:00","dateModified":"2026-04-20T06:47:41+00:00","description":"T\u1ea5m pin NLMT Panasonic 620W ch\u00ednh h\u00e3ng, hi\u1ec7u su\u1ea5t cao, \u0111\u1ed9 b\u1ec1n v\u01b0\u1ee3t tr\u1ed9i. Gi\u1ea3i ph\u00e1p \u0111i\u1ec7n m\u1eb7t tr\u1eddi t\u1ed1i \u01b0u cho gia \u0111\u00ecnh v\u00e0 doanh nghi\u1ec7p.","breadcrumb":{"@id":"https:\/\/tpenergy.com.vn\/?product=tam-pin-nang-luong-mat-troi-panasonic-620w#breadcrumb"},"inLanguage":"vi","potentialAction":[{"@type":"ReadAction","target":["https:\/\/tpenergy.com.vn\/?product=tam-pin-nang-luong-mat-troi-panasonic-620w"]}]},{"@type":"BreadcrumbList","@id":"https:\/\/tpenergy.com.vn\/?product=tam-pin-nang-luong-mat-troi-panasonic-620w#breadcrumb","itemListElement":[{"@type":"ListItem","position":1,"name":"Trang ch\u1ee7","item":"https:\/\/tpenergy.com.vn\/"},{"@type":"ListItem","position":2,"name":"Shop","item":"https:\/\/tpenergy.com.vn\/?page_id=5"},{"@type":"ListItem","position":3,"name":"T\u1ea4M PIN N\u0102NG L\u01af\u1ee2NG M\u1eb6T TR\u1edcI","item":"https:\/\/tpenergy.com.vn\/?product_cat=tam-pin-nang-luong-mat-troi"},{"@type":"ListItem","position":4,"name":"PANASONIC","item":"https:\/\/tpenergy.com.vn\/?product_cat=panasonic"},{"@type":"ListItem","position":5,"name":"T\u1ea5m pin n\u0103ng l\u01b0\u1ee3ng m\u1eb7t tr\u1eddi Panasonic 620W"}]},{"@type":"WebSite","@id":"https:\/\/tpenergy.com.vn\/#website","url":"https:\/\/tpenergy.com.vn\/","name":"Thuan Phong Solar Energy","description":"","potentialAction":[{"@type":"SearchAction","target":{"@type":"EntryPoint","urlTemplate":"https:\/\/tpenergy.com.vn\/?s={search_term_string}"},"query-input":"required name=search_term_string"}],"inLanguage":"vi"}]}},"_links":{"self":[{"href":"https:\/\/tpenergy.com.vn\/index.php?rest_route=\/wp\/v2\/product\/7575"}],"collection":[{"href":"https:\/\/tpenergy.com.vn\/index.php?rest_route=\/wp\/v2\/product"}],"about":[{"href":"https:\/\/tpenergy.com.vn\/index.php?rest_route=\/wp\/v2\/types\/product"}],"replies":[{"embeddable":true,"href":"https:\/\/tpenergy.com.vn\/index.php?rest_route=%2Fwp%2Fv2%2Fcomments&post=7575"}],"wp:featuredmedia":[{"embeddable":true,"href":"https:\/\/tpenergy.com.vn\/index.php?rest_route=\/wp\/v2\/media\/7580"}],"wp:attachment":[{"href":"https:\/\/tpenergy.com.vn\/index.php?rest_route=%2Fwp%2Fv2%2Fmedia&parent=7575"}],"wp:term":[{"taxonomy":"product_cat","embeddable":true,"href":"https:\/\/tpenergy.com.vn\/index.php?rest_route=%2Fwp%2Fv2%2Fproduct_cat&post=7575"},{"taxonomy":"product_tag","embeddable":true,"href":"https:\/\/tpenergy.com.vn\/index.php?rest_route=%2Fwp%2Fv2%2Fproduct_tag&post=7575"}],"curies":[{"name":"wp","href":"https:\/\/api.w.org\/{rel}","templated":true}]}}