{"id":7570,"date":"2026-04-20T10:41:50","date_gmt":"2026-04-20T03:41:50","guid":{"rendered":"https:\/\/tpenergy.com.vn\/?post_type=product&#038;p=7570"},"modified":"2026-04-20T11:06:36","modified_gmt":"2026-04-20T04:06:36","slug":"tam-pin-nang-luong-mat-troi-longi-620w","status":"publish","type":"product","link":"https:\/\/tpenergy.com.vn\/?product=tam-pin-nang-luong-mat-troi-longi-620w","title":{"rendered":"T\u1ea5m Pin N\u0103ng L\u01b0\u1ee3ng M\u1eb7t Tr\u1eddi LONGi 620W"},"content":{"rendered":"<h1>T\u1ea5m Pin N\u0103ng L\u01b0\u1ee3ng M\u1eb7t Tr\u1eddi LONGi 620W Hi-MO 7| LR8-66HGD-620M<\/h1>\n<p>LONGi 620W Hi-MO 7 | LR8-66HGD-620M l\u00e0 d\u00f2ng s\u1ea3n ph\u1ea9m cao c\u1ea5p, \u1ee9ng d\u1ee5ng c\u00f4ng ngh\u1ec7 HPDC m\u1edbi nh\u1ea5t hi\u1ec7n nay. V\u1edbi hi\u1ec7u su\u1ea5t 23%, tu\u1ed5i th\u1ecd \u0111\u1ebfn tr\u00ean 30 n\u0103m v\u00e0 thi\u1ebft k\u1ebf bifacial 2 m\u1eb7t k\u00ednh v\u00f4 c\u00f9ng ti\u1ec7n l\u1ee3i. LONGi 620W l\u00e0 l\u1ef1a ch\u1ecdn l\u00fd t\u01b0\u1edfng, cho c\u00e1c h\u1ec7 th\u1ed1ng \u0111i\u1ec7n m\u1eb7t tr\u1eddi quy m\u00f4 l\u1edbn, \u0111\u1eb7c bi\u1ec7t l\u00e0 c\u00e1c solar farm, nh\u00e0 m\u00e1y \u0111i\u1ec7n m\u1eb7t tr\u1eddi th\u01b0\u01a1ng m\u1ea1i \u2013 c\u00f4ng nghi\u1ec7p.<\/p>\n<h2>Th\u00f4ng S\u1ed1 K\u1ef9 Thu\u1eadt LONGi 620W Hi-MO 7<\/h2>\n<ul>\n<li>Th\u00f4ng s\u1ed1 c\u01a1 h\u1ecdc<\/li>\n<li>S\u1ed1 l\u01b0\u1ee3ng t\u1ebf b\u00e0o: 132 (6&#215;22)<\/li>\n<li>H\u1ed9p n\u1ed1i: IP68, three diodes<\/li>\n<li>C\u00e1p \u0111\u1ea7u ra: 4mm , +400, -200mm\/\u00b11400mm (chi\u1ec1u d\u00e0i c\u00f3 th\u1ec3 t\u00f9y ch\u1ec9nh \u0111\u01b0\u1ee3c)<\/li>\n<li>K\u00ednh: K\u00ednh k\u00e9p, k\u00ednh c\u01b0\u1eddng l\u1ef1c d\u00e0y 2.0+2.0mm<\/li>\n<li>Khung: Khung h\u1ee3p kim nh\u00f4m anodized<\/li>\n<li>Tr\u1ecdng l\u01b0\u1ee3ng: 33.5kg<\/li>\n<li>K\u00edch th\u01b0\u1edbc: 2382x1134x30mm<\/li>\n<li>\u0110\u00f3ng g\u00f3i: 36pcs\/pallet; 144pcs\/20\u2019GP; 720pcs\/40\u2019HC<\/li>\n<\/ul>\n<h2>\u0110\u1eb7c t\u00ednh \u0111i\u1ec7n LONGi 620W Hi-MO 7 \u1edf \u0111i\u1ec1u ki\u1ec7n STC<\/h2>\n<ul>\n<li>C\u00f4ng su\u1ea5t t\u1ed1i \u0111a (Pmax\/W): 620<\/li>\n<li>\u0110i\u1ec7n \u00e1p h\u1edf m\u1ea1ch (Voc\/V): 48.78<\/li>\n<li>D\u00f2ng ng\u1eafn m\u1ea1ch (Isc\/A): 16.05<\/li>\n<li>\u0110i\u1ec7n \u00e1p t\u1ea1i c\u00f4ng su\u1ea5t c\u1ef1c \u0111\u1ea1i (Vmp\/V): 40.91<\/li>\n<li>D\u00f2ng \u0111i\u1ec7n t\u1ea1i c\u00f4ng su\u1ea5t c\u1ef1c \u0111\u1ea1i (Imp\/A): 15.16<\/li>\n<li>Hi\u1ec7u su\u1ea5t module (%): 23.0<\/li>\n<\/ul>\n<h2>Th\u00f4ng s\u1ed1 v\u1eadn h\u00e0nh<\/h2>\n<ul>\n<li>Nhi\u1ec7t \u0111\u1ed9 ho\u1ea1t \u0111\u1ed9ng: -40\u2103 ~ +85\u2103<\/li>\n<li>Dung sai c\u00f4ng su\u1ea5t \u0111\u1ea7u ra: 0~3%<\/li>\n<li>\u0110i\u1ec7n \u00e1p h\u1ec7 th\u1ed1ng t\u1ed1i \u0111a: DC1500V (IEC\/UL)<\/li>\n<li>D\u00f2ng \u0111i\u1ec7n c\u1ea7u ch\u00ec t\u1ed1i \u0111a: 35A<\/li>\n<li>Nhi\u1ec7t \u0111\u1ed9 v\u1eadn h\u00e0nh danh \u0111\u1ecbnh (NOCT): 45 \u00b1 2\u00b0C<\/li>\n<li>C\u1ea5p \u0111\u1ed9 b\u1ea3o v\u1ec7: Class II<\/li>\n<li>T\u00ednh hai m\u1eb7t: 80 \u00b1 5%<\/li>\n<li>X\u1ebfp h\u1ea1ng ch\u1ed1ng ch\u00e1y: UL type 29; IEC Class C<\/li>\n<\/ul>\n<h2>\u01afu \u0110i\u1ec3m C\u00f4ng Ngh\u1ec7 N\u1ed5i B\u1eadt C\u1ee7a <strong><a href=\"https:\/\/tpenergy.com.vn\/index.php\/danh-muc-sp\/tam-pin-nang-luong-mat-troi\/\">T\u1ea5m pin n\u0103ng l\u01b0\u1ee3ng m\u1eb7t tr\u1eddi<\/a><\/strong> Longi Hi-Mo 7 620W<\/h2>\n<h3>C\u00f4ng ngh\u1ec7 t\u1ebf b\u00e0o HPDC c\u1ea3i ti\u1ebfn hi\u1ec7u su\u1ea5t v\u01b0\u1ee3t b\u1eadt<\/h3>\n<p>HPDC l\u00e0 c\u00f4ng ngh\u1ec7 \u0111\u1ed9c quy\u1ec1n c\u1ee7a LONGi, gi\u00fap c\u1ea3i thi\u1ec7n \u0111\u00e1ng k\u1ec3 kh\u1ea3 n\u0103ng chuy\u1ec3n \u0111\u1ed5i quang n\u0103ng. T\u1ea5m pin \u0111\u1ea1t hi\u1ec7u su\u1ea5t \u1ea5n t\u01b0\u1ee3ng 23%, cho ph\u00e9p t\u1ea1o ra nhi\u1ec1u \u0111i\u1ec7n n\u0103ng h\u01a1n tr\u00ean c\u00f9ng m\u1ed9t di\u1ec7n t\u00edch l\u1eafp \u0111\u1eb7t, gi\u00fap t\u1ed1i \u01b0u h\u00f3a chi ph\u00ed \u0111\u1ea7u t\u01b0 cho d\u1ef1 \u00e1n.<\/p>\n<h3>C\u00f4ng ngh\u1ec7 Bifacial (hai m\u1eb7t k\u00ednh) &#8211; t\u0103ng s\u1ea3n l\u01b0\u1ee3ng l\u00ean \u0111\u1ebfn 25%<\/h3>\n<p>T\u1ea5m Pin n\u0103ng l\u01b0\u1ee3ng m\u1eb7t tr\u1eddi LONGi 620W Hi-MO 7, \u0111\u01b0\u1ee3c trang b\u1ecb c\u00f4ng ngh\u1ec7 hai m\u1eb7t k\u00ednh (bifacial) v\u1edbi hi\u1ec7u su\u1ea5t m\u1eb7t sau \u0111\u1ea1t 80% \u00b1 5%. \u0110\u1ed3ng th\u1eddi, thi\u1ebft k\u1ebf Half-cell 132 t\u1ebf b\u00e0o, gi\u00fap m\u00f4-\u0111un c\u00f3 kh\u1ea3 n\u0103ng khai th\u00e1c \u00e1nh s\u00e1ng t\u1ed1t h\u01a1n.<\/p>\n<p>V\u1edbi 2 c\u00f4ng ngh\u1ec7 tr\u00ean, cho ph\u00e9p t\u1ea5m pin h\u1ea5p th\u1ee5 \u00e1nh s\u00e1ng ph\u1ea3n x\u1ea1 t\u1eeb m\u1eb7t \u0111\u1ea5t ho\u1eb7c b\u1ec1 m\u1eb7t l\u1eafp \u0111\u1eb7t. T\u1eeb \u0111\u00f3, gi\u00fap t\u0103ng t\u1ed5ng s\u1ea3n l\u01b0\u1ee3ng \u0111i\u1ec7n t\u1eeb 5% &#8211; 25%, t\u00f9y thu\u1ed9c v\u00e0o \u0111i\u1ec1u ki\u1ec7n l\u1eafp \u0111\u1eb7t th\u1ef1c t\u1ebf. \u0110\u00e2y l\u00e0 m\u1ed9t l\u1ee3i th\u1ebf c\u1ef1c l\u1edbn, cho c\u00e1c nh\u00e0 m\u00e1y \u0111i\u1ec7n m\u1eb7t tr\u1eddi m\u1eb7t \u0111\u1ea5t v\u00e0 c\u00e1c h\u1ec7 th\u1ed1ng \u00e1p m\u00e1i c\u00f3 b\u1ec1 m\u1eb7t ph\u1ea3n x\u1ea1 t\u1ed1t.<\/p>\n<p><a href=\"https:\/\/www.facebook.com\/DienMatTroi.SolarQuangBinh\"><strong>Thu\u1eadn Phong Energy<\/strong><\/a><strong> t\u1ef1 h\u00e0o l\u00e0 nh\u00e0 ph\u00e2n ph\u1ed1i ch\u00ednh h\u00e3ng t\u1ea5m pin m\u1eb7t tr\u1eddi T\u1ea5m pin n\u0103ng l\u01b0\u1ee3ng m\u1eb7t tr\u1eddi <\/strong>Longi Hi-Mo 7 620W<\/p>\n<div class=\"x11i5rnm xat24cr x1mh8g0r x1vvkbs xtlvy1s x126k92a\">\n<div dir=\"auto\">S\u1ea3n ph\u1ea9m c\u1ee7a Thu\u1eadn Phong khi \u0111\u1ebfn tay \u0111\u1ea1i l\u00fd lu\u00f4n \u0111\u1ea3m b\u1ea3o:<\/div>\n<ul>\n<li dir=\"auto\">H\u00e0ng h\u00f3a ch\u00ednh h\u00e3ng, \u0111\u1ea7y \u0111\u1ee7 CO, CQ, VAT cho d\u1ef1 \u00e1n<\/li>\n<li dir=\"auto\">Gi\u00e1 lu\u00f4n c\u1ea1nh tranh nh\u1edd nh\u1eadp kh\u1ea9u tr\u1ef1c ti\u1ebfp.<\/li>\n<li dir=\"auto\">C\u1ea5p s\u1ec9 to\u00e0n qu\u1ed1c. V\u1eadn chuy\u1ec3n t\u1eadn n\u01a1i.<\/li>\n<li dir=\"auto\">B\u1ea3o h\u00e0nh hi\u1ec7u su\u1ea5t l\u00ean t\u1edbi 30 n\u0103m<\/li>\n<\/ul>\n<div dir=\"auto\">\n<div dir=\"auto\">\u2014\u2014\u2014\u2014\u2014\u2014\u2014\u2014\u2014\u2014\u2014\u2013<\/div>\n<div dir=\"auto\"><a href=\"https:\/\/www.facebook.com\/DienMatTroi.SolarQuangBinh\">CH\u1eccN THU\u1eacN PHONG \u2013 CH\u1eccN S\u1ef0 AN T\u00c2M<\/a><br \/>\nHotline: 0869.564.567<br \/>\nKinh doanh: 0867.577.357<br \/>\nK\u1ef9 thu\u1eadt: 0899.768.777<br \/>\nService: 0867.118.636<br \/>\nTr\u1ee5 s\u1edf ch\u00ednh: 30 Nguy\u1ec5n H\u1eefu D\u1eadt, ph\u01b0\u1eddng \u0110\u1ed3ng H\u1edbi, t\u1ec9nh Qu\u1ea3ng Tr\u1ecb, Vi\u1ec7t Nam<br \/>\nTr\u1ee5 s\u1edf H\u00e0 N\u1ed9i: Nh\u00e0 ph\u1ed1 th\u01b0\u01a1ng m\u1ea1i Khai S\u01a1n Town s\u1ed1 18 thu\u1ed9c Town 7, khu \u0111\u00f4 th\u1ecb Khai S\u01a1n City, ph\u01b0\u1eddng B\u1ed3 \u0110\u1ec1, Th\u00e0nh ph\u1ed1 H\u00e0 N\u1ed9i<br \/>\nWebsite:\u00a0<a href=\"https:\/\/tpenergy.com.vn\/\">https:\/\/tpenergy.com.vn\/<\/a><br \/>\nShopee:\u00a0<a href=\"https:\/\/shopee.vn\/thuanphongenergy?entryPoint=ShopBySearch&amp;searchKeyword=thu%E1%BA%ADn%20phong%20solar%20energy\">https:\/\/byvn.net\/E1oJ<\/a><br \/>\nLazada:\u00a0<a href=\"https:\/\/byvn.net\/VYPr\">https:\/\/byvn.net\/VYPr<\/a><\/div>\n<\/div>\n<\/div>\n","protected":false},"excerpt":{"rendered":"<p>M\u00f4 t\u1ea3 s\u1ea3n ph\u1ea9m:<\/p>\n<ul>\n<li><strong>C\u00f4ng su\u1ea5t t\u1ed1i \u0111a (Pmax\/W):<\/strong> 620<\/li>\n<li><strong>Hi\u1ec7u su\u1ea5t module (%):<\/strong> 23.0<\/li>\n<li><strong>S\u1ed1 l\u01b0\u1ee3ng t\u1ebf b\u00e0o:<\/strong> 132 (6&#215;22)<\/li>\n<li><strong>H\u1ed9p n\u1ed1i:<\/strong> IP68, three diodes<\/li>\n<li><strong>K\u00ednh:<\/strong> K\u00ednh k\u00e9p, k\u00ednh c\u01b0\u1eddng l\u1ef1c d\u00e0y 2.0+2.0mm<\/li>\n<li><strong>Tr\u1ecdng l\u01b0\u1ee3ng:<\/strong> 33.5kg<\/li>\n<li><strong>K\u00edch th\u01b0\u1edbc:<\/strong> 2382x1134x30mm<\/li>\n<li><strong>B\u1ea3o h\u00e0nh:<\/strong> 12 n\u0103m s\u1ea3n ph\u1ea9m v\u00e0 30 n\u0103m hi\u1ec7u su\u1ea5t<\/li>\n<\/ul>\n<h3><strong><i class=\"fas fa-download\"><\/i> Download<\/strong><\/h3>\n<ul>\n<li style=\"list-style-type: none\">\n<ul>\n<li><a href=\"https:\/\/tpenergy.com.vn\/wp-content\/uploads\/2026\/04\/datasheet-longi-himo7-lr8-66hgd-595-625m-1753495688.pdf\">Datasheet<\/a><\/li>\n<\/ul>\n<\/li>\n<\/ul>\n<p>&nbsp;<\/p>\n","protected":false},"featured_media":7574,"comment_status":"open","ping_status":"closed","template":"","meta":{"_eb_attr":""},"product_cat":[32],"product_tag":[1766,1765,378,1760,1759,1761,1764,1763,1758,1762],"class_list":{"0":"post-7570","1":"product","2":"type-product","3":"status-publish","4":"has-post-thumbnail","6":"product_cat-longi","7":"product_tag-bao-gia-pin-longi-620w","8":"product_tag-cong-nghe-hi-mo-7","9":"product_tag-lap-dat-dien-mat-troi","10":"product_tag-longi-lr8-66hgd-620m","11":"product_tag-pin-longi-hi-mo-7","12":"product_tag-pin-mat-troi-620w-hieu-suat-cao","13":"product_tag-pin-mono-longi","14":"product_tag-pin-nang-luong-mat-troi-cong-suat-lon","15":"product_tag-tam-pin-nang-luong-mat-troi-longi-620w","16":"product_tag-tam-pin-solar-longi-chinh-hang","17":"pa_gia-khong-lap-dat","18":"pa_gia-lap-dat","20":"first","21":"instock","22":"shipping-taxable","23":"purchasable","24":"product-type-variable"},"yoast_head":"<!-- This site is optimized with the Yoast SEO plugin v20.9 - https:\/\/yoast.com\/wordpress\/plugins\/seo\/ -->\r\n<title>T\u1ea5m pin NLMT Longi Hi-Mo 7 620W | Thu\u1eadn Phong Energy<\/title>\r\n<meta name=\"description\" content=\"T\u1ea5m pin NLMT Longi Hi-Mo 7 620W l\u00e0 m\u1ed9t trong nh\u1eefng s\u1ea3n ph\u1ea9m ti\u00ean ti\u1ebfn nh\u1ea5t tr\u00ean th\u1ecb tr\u01b0\u1eddng hi\u1ec7n nay. Ph\u00f9 h\u1ee3p v\u1edbi nhi\u1ec1u d\u1ef1 \u00e1n d\u00e2n d\u1ee5ng v\u00e0 c\u00f4ng nghi\u1ec7p\" \/>\r\n<meta name=\"robots\" content=\"index, follow, max-snippet:-1, max-image-preview:large, max-video-preview:-1\" \/>\r\n<link rel=\"canonical\" href=\"https:\/\/tpenergy.com.vn\/?product=tam-pin-nang-luong-mat-troi-longi-620w\" \/>\r\n<meta property=\"og:locale\" content=\"vi_VN\" \/>\r\n<meta property=\"og:type\" content=\"article\" \/>\r\n<meta property=\"og:title\" content=\"T\u1ea5m pin NLMT Longi Hi-Mo 7 620W | Thu\u1eadn Phong Energy\" \/>\r\n<meta property=\"og:description\" content=\"T\u1ea5m pin NLMT Longi Hi-Mo 7 620W l\u00e0 m\u1ed9t trong nh\u1eefng s\u1ea3n ph\u1ea9m ti\u00ean ti\u1ebfn nh\u1ea5t tr\u00ean th\u1ecb tr\u01b0\u1eddng hi\u1ec7n nay. Ph\u00f9 h\u1ee3p v\u1edbi nhi\u1ec1u d\u1ef1 \u00e1n d\u00e2n d\u1ee5ng v\u00e0 c\u00f4ng nghi\u1ec7p\" \/>\r\n<meta property=\"og:url\" content=\"https:\/\/tpenergy.com.vn\/?product=tam-pin-nang-luong-mat-troi-longi-620w\" \/>\r\n<meta property=\"og:site_name\" content=\"Thuan Phong Solar Energy\" \/>\r\n<meta property=\"article:modified_time\" content=\"2026-04-20T04:06:36+00:00\" \/>\r\n<meta property=\"og:image\" content=\"https:\/\/tpenergy.com.vn\/wp-content\/uploads\/2026\/04\/1-2025-10-27T141718.056-700x700-1.png\" \/>\r\n\t<meta property=\"og:image:width\" content=\"700\" \/>\r\n\t<meta property=\"og:image:height\" content=\"700\" \/>\r\n\t<meta property=\"og:image:type\" content=\"image\/png\" \/>\r\n<meta name=\"twitter:card\" content=\"summary_large_image\" \/>\r\n<meta name=\"twitter:label1\" content=\"\u01af\u1edbc t\u00ednh th\u1eddi gian \u0111\u1ecdc\" \/>\n\t<meta name=\"twitter:data1\" content=\"4 ph\u00fat\" \/>\r\n<script type=\"application\/ld+json\" class=\"yoast-schema-graph\">{\"@context\":\"https:\/\/schema.org\",\"@graph\":[{\"@type\":\"WebPage\",\"@id\":\"https:\/\/tpenergy.com.vn\/?product=tam-pin-nang-luong-mat-troi-longi-620w\",\"url\":\"https:\/\/tpenergy.com.vn\/?product=tam-pin-nang-luong-mat-troi-longi-620w\",\"name\":\"T\u1ea5m pin NLMT Longi Hi-Mo 7 620W | Thu\u1eadn Phong Energy\",\"isPartOf\":{\"@id\":\"https:\/\/tpenergy.com.vn\/#website\"},\"datePublished\":\"2026-04-20T03:41:50+00:00\",\"dateModified\":\"2026-04-20T04:06:36+00:00\",\"description\":\"T\u1ea5m pin NLMT Longi Hi-Mo 7 620W l\u00e0 m\u1ed9t trong nh\u1eefng s\u1ea3n ph\u1ea9m ti\u00ean ti\u1ebfn nh\u1ea5t tr\u00ean th\u1ecb tr\u01b0\u1eddng hi\u1ec7n nay. Ph\u00f9 h\u1ee3p v\u1edbi nhi\u1ec1u d\u1ef1 \u00e1n d\u00e2n d\u1ee5ng v\u00e0 c\u00f4ng nghi\u1ec7p\",\"breadcrumb\":{\"@id\":\"https:\/\/tpenergy.com.vn\/?product=tam-pin-nang-luong-mat-troi-longi-620w#breadcrumb\"},\"inLanguage\":\"vi\",\"potentialAction\":[{\"@type\":\"ReadAction\",\"target\":[\"https:\/\/tpenergy.com.vn\/?product=tam-pin-nang-luong-mat-troi-longi-620w\"]}]},{\"@type\":\"BreadcrumbList\",\"@id\":\"https:\/\/tpenergy.com.vn\/?product=tam-pin-nang-luong-mat-troi-longi-620w#breadcrumb\",\"itemListElement\":[{\"@type\":\"ListItem\",\"position\":1,\"name\":\"Trang ch\u1ee7\",\"item\":\"https:\/\/tpenergy.com.vn\/\"},{\"@type\":\"ListItem\",\"position\":2,\"name\":\"Shop\",\"item\":\"https:\/\/tpenergy.com.vn\/?page_id=5\"},{\"@type\":\"ListItem\",\"position\":3,\"name\":\"T\u1ea4M PIN N\u0102NG L\u01af\u1ee2NG M\u1eb6T TR\u1edcI\",\"item\":\"https:\/\/tpenergy.com.vn\/?product_cat=tam-pin-nang-luong-mat-troi\"},{\"@type\":\"ListItem\",\"position\":4,\"name\":\"LONGI\",\"item\":\"https:\/\/tpenergy.com.vn\/?product_cat=longi\"},{\"@type\":\"ListItem\",\"position\":5,\"name\":\"T\u1ea5m Pin N\u0103ng L\u01b0\u1ee3ng M\u1eb7t Tr\u1eddi LONGi 620W\"}]},{\"@type\":\"WebSite\",\"@id\":\"https:\/\/tpenergy.com.vn\/#website\",\"url\":\"https:\/\/tpenergy.com.vn\/\",\"name\":\"Thuan Phong Solar Energy\",\"description\":\"\",\"potentialAction\":[{\"@type\":\"SearchAction\",\"target\":{\"@type\":\"EntryPoint\",\"urlTemplate\":\"https:\/\/tpenergy.com.vn\/?s={search_term_string}\"},\"query-input\":\"required name=search_term_string\"}],\"inLanguage\":\"vi\"}]}<\/script>\r\n<!-- \/ Yoast SEO plugin. -->","yoast_head_json":{"title":"T\u1ea5m pin NLMT Longi Hi-Mo 7 620W | Thu\u1eadn Phong Energy","description":"T\u1ea5m pin NLMT Longi Hi-Mo 7 620W l\u00e0 m\u1ed9t trong nh\u1eefng s\u1ea3n ph\u1ea9m ti\u00ean ti\u1ebfn nh\u1ea5t tr\u00ean th\u1ecb tr\u01b0\u1eddng hi\u1ec7n nay. Ph\u00f9 h\u1ee3p v\u1edbi nhi\u1ec1u d\u1ef1 \u00e1n d\u00e2n d\u1ee5ng v\u00e0 c\u00f4ng nghi\u1ec7p","robots":{"index":"index","follow":"follow","max-snippet":"max-snippet:-1","max-image-preview":"max-image-preview:large","max-video-preview":"max-video-preview:-1"},"canonical":"https:\/\/tpenergy.com.vn\/?product=tam-pin-nang-luong-mat-troi-longi-620w","og_locale":"vi_VN","og_type":"article","og_title":"T\u1ea5m pin NLMT Longi Hi-Mo 7 620W | Thu\u1eadn Phong Energy","og_description":"T\u1ea5m pin NLMT Longi Hi-Mo 7 620W l\u00e0 m\u1ed9t trong nh\u1eefng s\u1ea3n ph\u1ea9m ti\u00ean ti\u1ebfn nh\u1ea5t tr\u00ean th\u1ecb tr\u01b0\u1eddng hi\u1ec7n nay. Ph\u00f9 h\u1ee3p v\u1edbi nhi\u1ec1u d\u1ef1 \u00e1n d\u00e2n d\u1ee5ng v\u00e0 c\u00f4ng nghi\u1ec7p","og_url":"https:\/\/tpenergy.com.vn\/?product=tam-pin-nang-luong-mat-troi-longi-620w","og_site_name":"Thuan Phong Solar Energy","article_modified_time":"2026-04-20T04:06:36+00:00","og_image":[{"width":700,"height":700,"url":"https:\/\/tpenergy.com.vn\/wp-content\/uploads\/2026\/04\/1-2025-10-27T141718.056-700x700-1.png","type":"image\/png"}],"twitter_card":"summary_large_image","twitter_misc":{"\u01af\u1edbc t\u00ednh th\u1eddi gian \u0111\u1ecdc":"4 ph\u00fat"},"schema":{"@context":"https:\/\/schema.org","@graph":[{"@type":"WebPage","@id":"https:\/\/tpenergy.com.vn\/?product=tam-pin-nang-luong-mat-troi-longi-620w","url":"https:\/\/tpenergy.com.vn\/?product=tam-pin-nang-luong-mat-troi-longi-620w","name":"T\u1ea5m pin NLMT Longi Hi-Mo 7 620W | Thu\u1eadn Phong Energy","isPartOf":{"@id":"https:\/\/tpenergy.com.vn\/#website"},"datePublished":"2026-04-20T03:41:50+00:00","dateModified":"2026-04-20T04:06:36+00:00","description":"T\u1ea5m pin NLMT Longi Hi-Mo 7 620W l\u00e0 m\u1ed9t trong nh\u1eefng s\u1ea3n ph\u1ea9m ti\u00ean ti\u1ebfn nh\u1ea5t tr\u00ean th\u1ecb tr\u01b0\u1eddng hi\u1ec7n nay. Ph\u00f9 h\u1ee3p v\u1edbi nhi\u1ec1u d\u1ef1 \u00e1n d\u00e2n d\u1ee5ng v\u00e0 c\u00f4ng nghi\u1ec7p","breadcrumb":{"@id":"https:\/\/tpenergy.com.vn\/?product=tam-pin-nang-luong-mat-troi-longi-620w#breadcrumb"},"inLanguage":"vi","potentialAction":[{"@type":"ReadAction","target":["https:\/\/tpenergy.com.vn\/?product=tam-pin-nang-luong-mat-troi-longi-620w"]}]},{"@type":"BreadcrumbList","@id":"https:\/\/tpenergy.com.vn\/?product=tam-pin-nang-luong-mat-troi-longi-620w#breadcrumb","itemListElement":[{"@type":"ListItem","position":1,"name":"Trang ch\u1ee7","item":"https:\/\/tpenergy.com.vn\/"},{"@type":"ListItem","position":2,"name":"Shop","item":"https:\/\/tpenergy.com.vn\/?page_id=5"},{"@type":"ListItem","position":3,"name":"T\u1ea4M PIN N\u0102NG L\u01af\u1ee2NG M\u1eb6T TR\u1edcI","item":"https:\/\/tpenergy.com.vn\/?product_cat=tam-pin-nang-luong-mat-troi"},{"@type":"ListItem","position":4,"name":"LONGI","item":"https:\/\/tpenergy.com.vn\/?product_cat=longi"},{"@type":"ListItem","position":5,"name":"T\u1ea5m Pin N\u0103ng L\u01b0\u1ee3ng M\u1eb7t Tr\u1eddi LONGi 620W"}]},{"@type":"WebSite","@id":"https:\/\/tpenergy.com.vn\/#website","url":"https:\/\/tpenergy.com.vn\/","name":"Thuan Phong Solar Energy","description":"","potentialAction":[{"@type":"SearchAction","target":{"@type":"EntryPoint","urlTemplate":"https:\/\/tpenergy.com.vn\/?s={search_term_string}"},"query-input":"required name=search_term_string"}],"inLanguage":"vi"}]}},"_links":{"self":[{"href":"https:\/\/tpenergy.com.vn\/index.php?rest_route=\/wp\/v2\/product\/7570"}],"collection":[{"href":"https:\/\/tpenergy.com.vn\/index.php?rest_route=\/wp\/v2\/product"}],"about":[{"href":"https:\/\/tpenergy.com.vn\/index.php?rest_route=\/wp\/v2\/types\/product"}],"replies":[{"embeddable":true,"href":"https:\/\/tpenergy.com.vn\/index.php?rest_route=%2Fwp%2Fv2%2Fcomments&post=7570"}],"wp:featuredmedia":[{"embeddable":true,"href":"https:\/\/tpenergy.com.vn\/index.php?rest_route=\/wp\/v2\/media\/7574"}],"wp:attachment":[{"href":"https:\/\/tpenergy.com.vn\/index.php?rest_route=%2Fwp%2Fv2%2Fmedia&parent=7570"}],"wp:term":[{"taxonomy":"product_cat","embeddable":true,"href":"https:\/\/tpenergy.com.vn\/index.php?rest_route=%2Fwp%2Fv2%2Fproduct_cat&post=7570"},{"taxonomy":"product_tag","embeddable":true,"href":"https:\/\/tpenergy.com.vn\/index.php?rest_route=%2Fwp%2Fv2%2Fproduct_tag&post=7570"}],"curies":[{"name":"wp","href":"https:\/\/api.w.org\/{rel}","templated":true}]}}