{"id":7521,"date":"2026-03-24T15:07:46","date_gmt":"2026-03-24T08:07:46","guid":{"rendered":"https:\/\/tpenergy.com.vn\/?post_type=product&#038;p=7521"},"modified":"2026-03-24T15:19:48","modified_gmt":"2026-03-24T08:19:48","slug":"battery-ess-ge-f60","status":"publish","type":"product","link":"https:\/\/tpenergy.com.vn\/?product=battery-ess-ge-f60","title":{"rendered":"Battery ESS GE-F60 (AU)"},"content":{"rendered":"<h1>Battery ESS GE-F60<\/h1>\n<p>Kh\u00e1m ph\u00e1 GE-F60 \u2013 H\u1ec7 th\u1ed1ng l\u01b0u tr\u1eef n\u0103ng l\u01b0\u1ee3ng \u0111\u1ed9t ph\u00e1, \u0111\u01b0\u1ee3c thi\u1ebft k\u1ebf \u0111\u1ec3 mang l\u1ea1i hi\u1ec7u su\u1ea5t v\u01b0\u1ee3t tr\u1ed9i, \u0111\u1ed9 an to\u00e0n t\u1ed1i \u0111a v\u00e0 s\u1ef1 linh ho\u1ea1t tuy\u1ec7t \u0111\u1ed1i cho m\u1ecdi nhu c\u1ea7u \u0111i\u1ec7n n\u0103ng c\u1ee7a b\u1ea1n.<\/p>\n<p data-start=\"397\" data-end=\"704\"><strong data-start=\"397\" data-end=\"407\">GE-F60<\/strong> l\u00e0 h\u1ec7 th\u1ed1ng l\u01b0u tr\u1eef n\u0103ng l\u01b0\u1ee3ng ti\u00ean ti\u1ebfn, \u0111\u01b0\u1ee3c thi\u1ebft k\u1ebf \u0111\u1ec3 \u0111\u00e1p \u1ee9ng \u0111a d\u1ea1ng nhu c\u1ea7u \u0111i\u1ec7n n\u0103ng trong c\u00e1c \u1ee9ng d\u1ee5ng d\u00e2n d\u1ee5ng, th\u01b0\u01a1ng m\u1ea1i v\u00e0 c\u00f4ng nghi\u1ec7p. \u1ee8ng d\u1ee5ng c\u00f4ng ngh\u1ec7 <strong data-start=\"576\" data-end=\"616\">pin Lithium Iron Phosphate (LiFePO\u2084)<\/strong> hi\u1ec7n \u0111\u1ea1i, GE-F60 mang \u0111\u1ebfn hi\u1ec7u su\u1ea5t \u1ed5n \u0111\u1ecbnh, \u0111\u1ed9 an to\u00e0n v\u01b0\u1ee3t tr\u1ed9i v\u00e0 tu\u1ed5i th\u1ecd b\u1ec1n b\u1ec9.<\/p>\n<p data-start=\"397\" data-end=\"704\"><img loading=\"lazy\" decoding=\"async\" class=\"wp-image-6413 aligncenter\" src=\"https:\/\/tpenergy.com.vn\/wp-content\/uploads\/2025\/10\/97567a8b9862153c4c73.jpg\" alt=\"\" width=\"592\" height=\"795\" srcset=\"https:\/\/tpenergy.com.vn\/wp-content\/uploads\/2025\/10\/97567a8b9862153c4c73.jpg 1328w, https:\/\/tpenergy.com.vn\/wp-content\/uploads\/2025\/10\/97567a8b9862153c4c73-768x1031.jpg 768w, https:\/\/tpenergy.com.vn\/wp-content\/uploads\/2025\/10\/97567a8b9862153c4c73-1145x1536.jpg 1145w, https:\/\/tpenergy.com.vn\/wp-content\/uploads\/2025\/10\/97567a8b9862153c4c73-247x331.jpg 247w, https:\/\/tpenergy.com.vn\/wp-content\/uploads\/2025\/10\/97567a8b9862153c4c73-510x684.jpg 510w\" sizes=\"(max-width: 592px) 100vw, 592px\" \/><\/p>\n<h3 data-start=\"706\" data-end=\"1092\">M\u1ed7i module pin c\u00f3:<\/h3>\n<ul>\n<li data-start=\"706\" data-end=\"1092\">Dung l\u01b0\u1ee3ng 5.12 kWh<\/li>\n<li data-start=\"706\" data-end=\"1092\">\u0110i\u1ec7n \u00e1p danh \u0111\u1ecbnh 51.2 V<\/li>\n<li data-start=\"706\" data-end=\"1092\">Dung l\u01b0\u1ee3ng 100 Ah.<\/li>\n<li data-start=\"706\" data-end=\"1092\">Khi k\u1ebft h\u1ee3p 12 module n\u1ed1i ti\u1ebfp, h\u1ec7 th\u1ed1ng \u0111\u1ea1t \u0111i\u1ec7n \u00e1p danh \u0111\u1ecbnh 614.4 V, t\u1ed5ng n\u0103ng l\u01b0\u1ee3ng 61.44 kWh (trong \u0111\u00f3 55.29 kWh kh\u1ea3 d\u1ee5ng).<\/li>\n<\/ul>\n<h3>Hi\u1ec7u su\u1ea5t v\u1ee3t tr\u1ed9i:<\/h3>\n<ul>\n<li data-start=\"706\" data-end=\"1092\">\u00a0C\u00f4ng su\u1ea5t DC danh \u0111\u1ecbnh 61.44 kW<\/li>\n<li data-start=\"706\" data-end=\"1092\">Cho ph\u00e9p d\u00f2ng s\u1ea1c\/x\u1ea3 linh ho\u1ea1t, \u0111\u00e1p \u1ee9ng t\u1ed1t c\u00e1c nhu c\u1ea7u c\u00f4ng su\u1ea5t cao trong v\u1eadn h\u00e0nh th\u1ef1c t\u1ebf.<\/li>\n<\/ul>\n<table>\n<thead>\n<tr>\n<th>Parameter<\/th>\n<th>Specification<\/th>\n<\/tr>\n<\/thead>\n<tbody>\n<tr>\n<td>Model<\/td>\n<td>GE \u2013 F60<\/td>\n<\/tr>\n<tr>\n<td>Cell Chemistry<\/td>\n<td>LiFePO\u2084<\/td>\n<\/tr>\n<tr>\n<td>Module Energy (kWh)<\/td>\n<td>5.12<\/td>\n<\/tr>\n<tr>\n<td>Module Nominal Voltage (V)<\/td>\n<td>51.2<\/td>\n<\/tr>\n<tr>\n<td>Module Capacity (Ah)<\/td>\n<td>100<\/td>\n<\/tr>\n<tr>\n<td>Battery Module Qty in Series<\/td>\n<td>12<\/td>\n<\/tr>\n<tr>\n<td>System Nominal Voltage (V)<\/td>\n<td>614.4<\/td>\n<\/tr>\n<tr>\n<td>System Operating Voltage (V)<\/td>\n<td>480 ~ 700<\/td>\n<\/tr>\n<tr>\n<td>System Energy (kWh)<\/td>\n<td>61.44<\/td>\n<\/tr>\n<tr>\n<td>System Usable Energy (kWh)\u00b9<\/td>\n<td>55.29<\/td>\n<\/tr>\n<tr>\n<td>Rated DC Power<\/td>\n<td>61.44<\/td>\n<\/tr>\n<tr>\n<td>Charge\/Discharge\u00b2 Current (A)<\/td>\n<td>Recommend: 50; Nominal: 100; Peak Discharge (2 mins, 25\u00b0C): 125<\/td>\n<\/tr>\n<tr>\n<td>Status Indicator<\/td>\n<td>Yellow: Battery High Voltage Power On; Red: Battery System Alarm<\/td>\n<\/tr>\n<tr>\n<td>Communication Port<\/td>\n<td>CAN2.0 \/ RS485<\/td>\n<\/tr>\n<tr>\n<td>Humidity<\/td>\n<td>5% ~ 85%RH<\/td>\n<\/tr>\n<tr>\n<td>Altitude<\/td>\n<td>\u22642000m<\/td>\n<\/tr>\n<tr>\n<td>IP Rating of Enclosure<\/td>\n<td>IP55<\/td>\n<\/tr>\n<tr>\n<td>Dimension (W \u00d7 D \u00d7 H, mm)<\/td>\n<td>783 \u00d7 1059 \u00d7 2235<\/td>\n<\/tr>\n<tr>\n<td>Weight Approximate (kg)<\/td>\n<td>1070<\/td>\n<\/tr>\n<tr>\n<td>Installation Method<\/td>\n<td>Floor \u2013 Mounted<\/td>\n<\/tr>\n<tr>\n<td>Storage Temperature (\u00b0C)<\/td>\n<td>0 ~ 35<\/td>\n<\/tr>\n<tr>\n<td>Operating Temperature (\u00b0C)<\/td>\n<td>\u2013 30 ~ 60 (&gt;45 derating)<\/td>\n<\/tr>\n<tr>\n<td>Recommend Depth of Discharge<\/td>\n<td>90%<\/td>\n<\/tr>\n<tr>\n<td>Cycle Life<\/td>\n<td>\u22656000 (25\u00b12\u00b0C, 0.5C \/ 0.5C, EOL70%)<\/td>\n<\/tr>\n<tr>\n<td>Warranty\u00b3<\/td>\n<td>10 years<\/td>\n<\/tr>\n<tr>\n<td>Certification<\/td>\n<td>UN38.3 \/ CB \/ CE \/ CEC \/ IEC 62040<\/td>\n<\/tr>\n<\/tbody>\n<\/table>\n<h3 data-start=\"1460\" data-end=\"1714\">V\u1ec1 \u0111\u1ed9 an to\u00e0n:<\/h3>\n<ul>\n<li data-start=\"1460\" data-end=\"1714\">GE-F60 s\u1edf h\u1eefu <strong data-start=\"1486\" data-end=\"1512\">h\u1ec7 th\u1ed1ng b\u1ea3o v\u1ec7 5 t\u1ea7ng<\/strong>, bao g\u1ed3m ph\u00e1t hi\u1ec7n kh\u00ed d\u1ec5 ch\u00e1y, kh\u00f3i v\u00e0 nhi\u1ec7t \u0111\u1ed9, x\u1ea3 kh\u00ed ch\u1ee7 \u0111\u1ed9ng v\u00e0 c\u1ea3nh b\u00e1o ch\u00e1y s\u1edbm.<\/li>\n<li data-start=\"1460\" data-end=\"1714\">C\u00e1c module pin s\u1eed d\u1ee5ng <strong data-start=\"1624\" data-end=\"1654\">c\u00f4ng ngh\u1ec7 d\u1eadp ch\u00e1y aerosol<\/strong>, \u0111\u1ea3m b\u1ea3o an to\u00e0n tuy\u1ec7t \u0111\u1ed1i trong m\u1ecdi t\u00ecnh hu\u1ed1ng v\u1eadn h\u00e0nh.<\/li>\n<\/ul>\n<h3 style=\"font-size: 20.16px\" data-start=\"1460\" data-end=\"1714\"><img loading=\"lazy\" decoding=\"async\" class=\" wp-image-6414 aligncenter\" style=\"font-size: 14.4px;color: #555555\" src=\"https:\/\/tpenergy.com.vn\/wp-content\/uploads\/2025\/10\/Anh-man-hinh-2025-10-23-luc-10.53.17.png\" alt=\"\" width=\"886\" height=\"600\" srcset=\"https:\/\/tpenergy.com.vn\/wp-content\/uploads\/2025\/10\/Anh-man-hinh-2025-10-23-luc-10.53.17.png 2202w, https:\/\/tpenergy.com.vn\/wp-content\/uploads\/2025\/10\/Anh-man-hinh-2025-10-23-luc-10.53.17-768x520.png 768w, https:\/\/tpenergy.com.vn\/wp-content\/uploads\/2025\/10\/Anh-man-hinh-2025-10-23-luc-10.53.17-1536x1041.png 1536w, https:\/\/tpenergy.com.vn\/wp-content\/uploads\/2025\/10\/Anh-man-hinh-2025-10-23-luc-10.53.17-2048x1388.png 2048w, https:\/\/tpenergy.com.vn\/wp-content\/uploads\/2025\/10\/Anh-man-hinh-2025-10-23-luc-10.53.17-247x167.png 247w, https:\/\/tpenergy.com.vn\/wp-content\/uploads\/2025\/10\/Anh-man-hinh-2025-10-23-luc-10.53.17-510x346.png 510w\" sizes=\"(max-width: 886px) 100vw, 886px\" \/><\/h3>\n<h3>V\u1ec1 c\u00f4ng ngh\u1ec7 v\u00e0 t\u00ednh linh ho\u1ea1t:<\/h3>\n<ul>\n<li data-start=\"1716\" data-end=\"2120\">GE-F60 t\u00edch h\u1ee3p EMS, BMS v\u00e0 bi\u1ebfn t\u1ea7n lai (Hybrid Inverter), h\u1ed7 tr\u1ee3 v\u1eadn h\u00e0nh off-grid v\u00e0 kh\u1edfi \u0111\u1ed9ng \u0111en (Black Start).<\/li>\n<li data-start=\"1716\" data-end=\"2120\">H\u1ed7 tr\u1ee3 m\u1edf r\u1ed9ng pin linh ho\u1ea1t l\u00ean t\u1edbi 3600 kWh.<\/li>\n<li data-start=\"1716\" data-end=\"2120\">V\u1edbi tu\u1ed5i th\u1ecd h\u01a1n 6000 chu k\u1ef3, c\u00f4ng su\u1ea5t EOL \u0111\u1ea1t 70% v\u00e0 ch\u00ednh s\u00e1ch b\u1ea3o h\u00e0nh 10 n\u0103m. \u0110\u01b0\u1ee3c ch\u1ee9ng nh\u1eadn b\u1edfi UN38.3\/CB\/CE\/CEC\/IEC 62040, s\u1ea3n ph\u1ea9m ho\u1ea1t \u0111\u1ed9ng trong m\u00f4i tr\u01b0\u1eddng c\u00f3 \u0111\u1ed9 \u1ea9m RH 5% \u2013 85%, \u0111\u1ed9 cao \u22642000m, x\u1ebfp h\u1ea1ng v\u1ecf IP55, nhi\u1ec7t \u0111\u1ed9 l\u01b0u tr\u1eef 0 \u2013 35\u00b0C, nhi\u1ec7t \u0111\u1ed9 ho\u1ea1t \u0111\u1ed9ng -30 \u2013 60\u00b0C (gi\u1ea3m c\u00f4ng su\u1ea5t &gt;45) v\u00e0 khuy\u1ebfn ngh\u1ecb \u0111\u1ed9 s\u00e2u x\u1ea3 90%.<\/li>\n<\/ul>\n<div dir=\"auto\">\u2014\u2014\u2014\u2014\u2014\u2014\u2014\u2014\u2014\u2014\u2014\u2013<\/div>\n<div dir=\"auto\"><a href=\"https:\/\/www.facebook.com\/DienMatTroi.SolarQuangBinh\">CH\u1eccN THU\u1eacN PHONG \u2013 CH\u1eccN S\u1ef0 AN T\u00c2M<\/a><br \/>\nHotline: 0869.564.567<br \/>\nKinh doanh: 0867.577.357<br \/>\nK\u1ef9 thu\u1eadt: 0899.768.777<br \/>\nService: 0867.118.636<br \/>\nTr\u1ee5 s\u1edf ch\u00ednh: 30 Nguy\u1ec5n H\u1eefu D\u1eadt, ph\u01b0\u1eddng \u0110\u1ed3ng H\u1edbi, t\u1ec9nh Qu\u1ea3ng Tr\u1ecb, Vi\u1ec7t Nam<br \/>\nTr\u1ee5 s\u1edf H\u00e0 N\u1ed9i: Nh\u00e0 ph\u1ed1 th\u01b0\u01a1ng m\u1ea1i Khai S\u01a1n Town s\u1ed1 18 thu\u1ed9c Town 7, khu \u0111\u00f4 th\u1ecb Khai S\u01a1n City, ph\u01b0\u1eddng B\u1ed3 \u0110\u1ec1, Th\u00e0nh ph\u1ed1 H\u00e0 N\u1ed9i<br \/>\nWebsite:\u00a0<a href=\"https:\/\/tpenergy.com.vn\/\">https:\/\/tpenergy.com.vn\/<\/a><br \/>\nShopee:\u00a0<a href=\"https:\/\/shopee.vn\/thuanphongenergy?entryPoint=ShopBySearch&amp;searchKeyword=thu%E1%BA%ADn%20phong%20solar%20energy\">https:\/\/byvn.net\/E1oJ<\/a><br \/>\nLazada:\u00a0<a href=\"https:\/\/byvn.net\/VYPr\">https:\/\/byvn.net\/VYPr<\/a><\/div>\n","protected":false},"excerpt":{"rendered":"<h2>V\u1ec1 s\u1ea3n ph\u1ea9m:<\/h2>\n<div id=\"input_line_0\">\n<ul>\n<li><strong><span dir=\"auto\">Th\u00f4ng s\u1ed1 k\u1ef9 thu\u1eadt ch\u00ednh<\/span><\/strong><span dir=\"auto\">\u00a0: Pin LiFePO\u2084, n\u0103ng l\u01b0\u1ee3ng h\u1ec7 th\u1ed1ng 61,44 kWh, n\u0103ng l\u01b0\u1ee3ng s\u1eed d\u1ee5ng \u0111\u01b0\u1ee3c 55,29 kWh.<\/span><\/li>\n<li><strong><span dir=\"auto\">An to\u00e0n &amp; B\u1ea3o v\u1ec7<\/span><\/strong><span dir=\"auto\">\u00a0: B\u1ea3o v\u1ec7 to\u00e0n di\u1ec7n (ph\u00e1t hi\u1ec7n kh\u00ed\/kh\u00f3i\/nhi\u1ec7t \u0111\u1ed9, h\u1ec7 th\u1ed1ng h\u00fat kh\u00ed, b\u00e1o \u0111\u1ed9ng), an to\u00e0n 5 c\u1ea5p \u0111\u1ed9, h\u1ec7 th\u1ed1ng d\u1eadp l\u1eeda b\u1eb1ng kh\u00ed dung cho c\u00e1c b\u1ed9 ph\u1eadn LFP<\/span><\/li>\n<li><strong><span dir=\"auto\">C\u00f4ng ngh\u1ec7 &amp; T\u00ednh linh ho\u1ea1t<\/span><\/strong><span dir=\"auto\">\u00a0: T\u00edch h\u1ee3p EMS\/bi\u1ebfn t\u1ea7n\/BMS, ngu\u1ed3n \u0111i\u1ec7n d\u1ef1 ph\u00f2ng, h\u1ed7 tr\u1ee3 kh\u1edfi \u0111\u1ed9ng l\u1ea1i\/ho\u1ea1t \u0111\u1ed9ng \u0111\u1ed9c l\u1eadp, m\u1edf r\u1ed9ng c\u00f4ng su\u1ea5t ho\u1ea1t \u0111\u1ed9ng \u0111\u1ed9c l\u1eadp l\u00ean \u0111\u1ebfn 3600 kWh.<\/span><\/li>\n<li><strong><span dir=\"auto\">\u0110\u1ed9 b\u1ec1n<\/span><\/strong><span dir=\"auto\">\u00a0: \u22656000 chu k\u1ef3, b\u1ea3o h\u00e0nh 10 n\u0103m, hi\u1ec7u su\u1ea5t c\u00f2n 70% khi k\u1ebft th\u00fac v\u00f2ng \u0111\u1eddi s\u1ea3n ph\u1ea9m.<\/span><\/li>\n<li><strong><span dir=\"auto\">Ch\u1ee9ng nh\u1eadn &amp; M\u00f4i tr\u01b0\u1eddng<\/span><\/strong><span dir=\"auto\">\u00a0: \u0110\u1ea1t ch\u1ee9ng nh\u1eadn UN38.3\/CB\/CE\/CEC\/IEC 62040, th\u00edch \u1ee9ng v\u1edbi nhi\u1ec1u \u0111i\u1ec1u ki\u1ec7n kh\u00e1c nhau.<\/span><\/li>\n<\/ul>\n<\/div>\n<h3><i class=\"fas fa-download\"><\/i> Download<\/h3>\n<ul>\n<li><a href=\"https:\/\/tpenergy.com.vn\/wp-content\/uploads\/2026\/03\/deye-ge-f60-series_brochure20251119_-au.pdf\">Datasheet<\/a><\/li>\n<li><a href=\"https:\/\/tpenergy.com.vn\/wp-content\/uploads\/2026\/03\/deye-ess-user-manual-ge-f60-auen-v04_20260313.pdf\">Manual<\/a><\/li>\n<\/ul>\n<p>&nbsp;<\/p>\n","protected":false},"featured_media":7526,"comment_status":"open","ping_status":"closed","template":"","meta":{"_eb_attr":""},"product_cat":[1109],"product_tag":[1738,1748,1743,370,1740,1058,1062,1061,1744,1739,1747,1741,1746,1745,586,1176,446,1174,1742],"class_list":{"0":"post-7521","1":"product","2":"type-product","3":"status-publish","4":"has-post-thumbnail","6":"product_cat-ci","7":"product_tag-battery-ess","8":"product_tag-battery-ess-ge-f60-au","9":"product_tag-battery-storage","10":"product_tag-dien-mat-troi","11":"product_tag-energy-storage-system","12":"product_tag-ess-battery","13":"product_tag-ge-f60","14":"product_tag-ge-f60-au","15":"product_tag-giai-phap-luu-tru-dien","16":"product_tag-he-thong-luu-tru-nang-luong","17":"product_tag-luu-tru-dien-doanh-nghiep","18":"product_tag-luu-tru-dien-nang","19":"product_tag-luu-tru-nang-luong-gia-dinh","20":"product_tag-pin-cho-he-dien-mat-troi","21":"product_tag-pin-lithium","22":"product_tag-pin-lithium-luu-tru","23":"product_tag-pin-luu-tru","24":"product_tag-pin-luu-tru-dien-mat-troi","25":"product_tag-solar-battery","26":"pa_gia-khong-lap-dat","27":"pa_gia-lap-dat","29":"first","30":"instock","31":"shipping-taxable","32":"purchasable","33":"product-type-variable"},"yoast_head":"<!-- This site is optimized with the Yoast SEO plugin v20.9 - https:\/\/yoast.com\/wordpress\/plugins\/seo\/ -->\r\n<title>Battery ESS GE-F60<\/title>\r\n<meta name=\"description\" content=\"Battery ESS GE-F60 (AU) \u2013 gi\u1ea3i ph\u00e1p pin l\u01b0u tr\u1eef \u0111i\u1ec7n hi\u1ec7u su\u1ea5t cao cho h\u1ec7 th\u1ed1ng \u0111i\u1ec7n m\u1eb7t tr\u1eddi. V\u1eadn h\u00e0nh \u1ed5n \u0111\u1ecbnh, an to\u00e0n, t\u1ed1i \u01b0u n\u0103ng l\u01b0\u1ee3ng cho gia \u0111\u00ecnh v\u00e0 doanh nghi\u1ec7p.\" \/>\r\n<meta name=\"robots\" content=\"index, follow, max-snippet:-1, max-image-preview:large, max-video-preview:-1\" \/>\r\n<link rel=\"canonical\" href=\"https:\/\/tpenergy.com.vn\/?product=battery-ess-ge-f60\" \/>\r\n<meta property=\"og:locale\" content=\"vi_VN\" \/>\r\n<meta property=\"og:type\" content=\"article\" \/>\r\n<meta property=\"og:title\" content=\"Battery ESS GE-F60\" \/>\r\n<meta property=\"og:description\" content=\"Battery ESS GE-F60 (AU) \u2013 gi\u1ea3i ph\u00e1p pin l\u01b0u tr\u1eef \u0111i\u1ec7n hi\u1ec7u su\u1ea5t cao cho h\u1ec7 th\u1ed1ng \u0111i\u1ec7n m\u1eb7t tr\u1eddi. V\u1eadn h\u00e0nh \u1ed5n \u0111\u1ecbnh, an to\u00e0n, t\u1ed1i \u01b0u n\u0103ng l\u01b0\u1ee3ng cho gia \u0111\u00ecnh v\u00e0 doanh nghi\u1ec7p.\" \/>\r\n<meta property=\"og:url\" content=\"https:\/\/tpenergy.com.vn\/?product=battery-ess-ge-f60\" \/>\r\n<meta property=\"og:site_name\" content=\"Thuan Phong Solar Energy\" \/>\r\n<meta property=\"article:modified_time\" content=\"2026-03-24T08:19:48+00:00\" \/>\r\n<meta property=\"og:image\" content=\"https:\/\/tpenergy.com.vn\/wp-content\/uploads\/2026\/03\/GE-F60-EU_0.jpg\" \/>\r\n\t<meta property=\"og:image:width\" content=\"1000\" \/>\r\n\t<meta property=\"og:image:height\" content=\"1000\" \/>\r\n\t<meta property=\"og:image:type\" content=\"image\/jpeg\" \/>\r\n<meta name=\"twitter:card\" content=\"summary_large_image\" \/>\r\n<meta name=\"twitter:label1\" content=\"\u01af\u1edbc t\u00ednh th\u1eddi gian \u0111\u1ecdc\" \/>\n\t<meta name=\"twitter:data1\" content=\"4 ph\u00fat\" \/>\r\n<script type=\"application\/ld+json\" class=\"yoast-schema-graph\">{\"@context\":\"https:\/\/schema.org\",\"@graph\":[{\"@type\":\"WebPage\",\"@id\":\"https:\/\/tpenergy.com.vn\/?product=battery-ess-ge-f60\",\"url\":\"https:\/\/tpenergy.com.vn\/?product=battery-ess-ge-f60\",\"name\":\"Battery ESS GE-F60\",\"isPartOf\":{\"@id\":\"https:\/\/tpenergy.com.vn\/#website\"},\"datePublished\":\"2026-03-24T08:07:46+00:00\",\"dateModified\":\"2026-03-24T08:19:48+00:00\",\"description\":\"Battery ESS GE-F60 (AU) \u2013 gi\u1ea3i ph\u00e1p pin l\u01b0u tr\u1eef \u0111i\u1ec7n hi\u1ec7u su\u1ea5t cao cho h\u1ec7 th\u1ed1ng \u0111i\u1ec7n m\u1eb7t tr\u1eddi. V\u1eadn h\u00e0nh \u1ed5n \u0111\u1ecbnh, an to\u00e0n, t\u1ed1i \u01b0u n\u0103ng l\u01b0\u1ee3ng cho gia \u0111\u00ecnh v\u00e0 doanh nghi\u1ec7p.\",\"breadcrumb\":{\"@id\":\"https:\/\/tpenergy.com.vn\/?product=battery-ess-ge-f60#breadcrumb\"},\"inLanguage\":\"vi\",\"potentialAction\":[{\"@type\":\"ReadAction\",\"target\":[\"https:\/\/tpenergy.com.vn\/?product=battery-ess-ge-f60\"]}]},{\"@type\":\"BreadcrumbList\",\"@id\":\"https:\/\/tpenergy.com.vn\/?product=battery-ess-ge-f60#breadcrumb\",\"itemListElement\":[{\"@type\":\"ListItem\",\"position\":1,\"name\":\"Trang ch\u1ee7\",\"item\":\"https:\/\/tpenergy.com.vn\/\"},{\"@type\":\"ListItem\",\"position\":2,\"name\":\"Shop\",\"item\":\"https:\/\/tpenergy.com.vn\/?page_id=5\"},{\"@type\":\"ListItem\",\"position\":3,\"name\":\"PIN L\u01afU TR\u1eee\",\"item\":\"https:\/\/tpenergy.com.vn\/?product_cat=pinluutru\"},{\"@type\":\"ListItem\",\"position\":4,\"name\":\"PIN LITHIUM DEYE\",\"item\":\"https:\/\/tpenergy.com.vn\/?product_cat=pin-lithium-deye\"},{\"@type\":\"ListItem\",\"position\":5,\"name\":\"DEYE\",\"item\":\"https:\/\/tpenergy.com.vn\/?product_cat=ci\"},{\"@type\":\"ListItem\",\"position\":6,\"name\":\"Battery ESS GE-F60 (AU)\"}]},{\"@type\":\"WebSite\",\"@id\":\"https:\/\/tpenergy.com.vn\/#website\",\"url\":\"https:\/\/tpenergy.com.vn\/\",\"name\":\"Thuan Phong Solar Energy\",\"description\":\"\",\"potentialAction\":[{\"@type\":\"SearchAction\",\"target\":{\"@type\":\"EntryPoint\",\"urlTemplate\":\"https:\/\/tpenergy.com.vn\/?s={search_term_string}\"},\"query-input\":\"required name=search_term_string\"}],\"inLanguage\":\"vi\"}]}<\/script>\r\n<!-- \/ Yoast SEO plugin. -->","yoast_head_json":{"title":"Battery ESS GE-F60","description":"Battery ESS GE-F60 (AU) \u2013 gi\u1ea3i ph\u00e1p pin l\u01b0u tr\u1eef \u0111i\u1ec7n hi\u1ec7u su\u1ea5t cao cho h\u1ec7 th\u1ed1ng \u0111i\u1ec7n m\u1eb7t tr\u1eddi. V\u1eadn h\u00e0nh \u1ed5n \u0111\u1ecbnh, an to\u00e0n, t\u1ed1i \u01b0u n\u0103ng l\u01b0\u1ee3ng cho gia \u0111\u00ecnh v\u00e0 doanh nghi\u1ec7p.","robots":{"index":"index","follow":"follow","max-snippet":"max-snippet:-1","max-image-preview":"max-image-preview:large","max-video-preview":"max-video-preview:-1"},"canonical":"https:\/\/tpenergy.com.vn\/?product=battery-ess-ge-f60","og_locale":"vi_VN","og_type":"article","og_title":"Battery ESS GE-F60","og_description":"Battery ESS GE-F60 (AU) \u2013 gi\u1ea3i ph\u00e1p pin l\u01b0u tr\u1eef \u0111i\u1ec7n hi\u1ec7u su\u1ea5t cao cho h\u1ec7 th\u1ed1ng \u0111i\u1ec7n m\u1eb7t tr\u1eddi. V\u1eadn h\u00e0nh \u1ed5n \u0111\u1ecbnh, an to\u00e0n, t\u1ed1i \u01b0u n\u0103ng l\u01b0\u1ee3ng cho gia \u0111\u00ecnh v\u00e0 doanh nghi\u1ec7p.","og_url":"https:\/\/tpenergy.com.vn\/?product=battery-ess-ge-f60","og_site_name":"Thuan Phong Solar Energy","article_modified_time":"2026-03-24T08:19:48+00:00","og_image":[{"width":1000,"height":1000,"url":"https:\/\/tpenergy.com.vn\/wp-content\/uploads\/2026\/03\/GE-F60-EU_0.jpg","type":"image\/jpeg"}],"twitter_card":"summary_large_image","twitter_misc":{"\u01af\u1edbc t\u00ednh th\u1eddi gian \u0111\u1ecdc":"4 ph\u00fat"},"schema":{"@context":"https:\/\/schema.org","@graph":[{"@type":"WebPage","@id":"https:\/\/tpenergy.com.vn\/?product=battery-ess-ge-f60","url":"https:\/\/tpenergy.com.vn\/?product=battery-ess-ge-f60","name":"Battery ESS GE-F60","isPartOf":{"@id":"https:\/\/tpenergy.com.vn\/#website"},"datePublished":"2026-03-24T08:07:46+00:00","dateModified":"2026-03-24T08:19:48+00:00","description":"Battery ESS GE-F60 (AU) \u2013 gi\u1ea3i ph\u00e1p pin l\u01b0u tr\u1eef \u0111i\u1ec7n hi\u1ec7u su\u1ea5t cao cho h\u1ec7 th\u1ed1ng \u0111i\u1ec7n m\u1eb7t tr\u1eddi. V\u1eadn h\u00e0nh \u1ed5n \u0111\u1ecbnh, an to\u00e0n, t\u1ed1i \u01b0u n\u0103ng l\u01b0\u1ee3ng cho gia \u0111\u00ecnh v\u00e0 doanh nghi\u1ec7p.","breadcrumb":{"@id":"https:\/\/tpenergy.com.vn\/?product=battery-ess-ge-f60#breadcrumb"},"inLanguage":"vi","potentialAction":[{"@type":"ReadAction","target":["https:\/\/tpenergy.com.vn\/?product=battery-ess-ge-f60"]}]},{"@type":"BreadcrumbList","@id":"https:\/\/tpenergy.com.vn\/?product=battery-ess-ge-f60#breadcrumb","itemListElement":[{"@type":"ListItem","position":1,"name":"Trang ch\u1ee7","item":"https:\/\/tpenergy.com.vn\/"},{"@type":"ListItem","position":2,"name":"Shop","item":"https:\/\/tpenergy.com.vn\/?page_id=5"},{"@type":"ListItem","position":3,"name":"PIN L\u01afU TR\u1eee","item":"https:\/\/tpenergy.com.vn\/?product_cat=pinluutru"},{"@type":"ListItem","position":4,"name":"PIN LITHIUM DEYE","item":"https:\/\/tpenergy.com.vn\/?product_cat=pin-lithium-deye"},{"@type":"ListItem","position":5,"name":"DEYE","item":"https:\/\/tpenergy.com.vn\/?product_cat=ci"},{"@type":"ListItem","position":6,"name":"Battery ESS GE-F60 (AU)"}]},{"@type":"WebSite","@id":"https:\/\/tpenergy.com.vn\/#website","url":"https:\/\/tpenergy.com.vn\/","name":"Thuan Phong Solar Energy","description":"","potentialAction":[{"@type":"SearchAction","target":{"@type":"EntryPoint","urlTemplate":"https:\/\/tpenergy.com.vn\/?s={search_term_string}"},"query-input":"required name=search_term_string"}],"inLanguage":"vi"}]}},"_links":{"self":[{"href":"https:\/\/tpenergy.com.vn\/index.php?rest_route=\/wp\/v2\/product\/7521"}],"collection":[{"href":"https:\/\/tpenergy.com.vn\/index.php?rest_route=\/wp\/v2\/product"}],"about":[{"href":"https:\/\/tpenergy.com.vn\/index.php?rest_route=\/wp\/v2\/types\/product"}],"replies":[{"embeddable":true,"href":"https:\/\/tpenergy.com.vn\/index.php?rest_route=%2Fwp%2Fv2%2Fcomments&post=7521"}],"wp:featuredmedia":[{"embeddable":true,"href":"https:\/\/tpenergy.com.vn\/index.php?rest_route=\/wp\/v2\/media\/7526"}],"wp:attachment":[{"href":"https:\/\/tpenergy.com.vn\/index.php?rest_route=%2Fwp%2Fv2%2Fmedia&parent=7521"}],"wp:term":[{"taxonomy":"product_cat","embeddable":true,"href":"https:\/\/tpenergy.com.vn\/index.php?rest_route=%2Fwp%2Fv2%2Fproduct_cat&post=7521"},{"taxonomy":"product_tag","embeddable":true,"href":"https:\/\/tpenergy.com.vn\/index.php?rest_route=%2Fwp%2Fv2%2Fproduct_tag&post=7521"}],"curies":[{"name":"wp","href":"https:\/\/api.w.org\/{rel}","templated":true}]}}