{"id":7489,"date":"2026-03-16T10:55:42","date_gmt":"2026-03-16T03:55:42","guid":{"rendered":"https:\/\/tpenergy.com.vn\/?post_type=product&#038;p=7489"},"modified":"2026-03-24T15:31:35","modified_gmt":"2026-03-24T08:31:35","slug":"sun-sts500l","status":"publish","type":"product","link":"https:\/\/tpenergy.com.vn\/?product=sun-sts500l","title":{"rendered":"B\u1ed9 chuy\u1ec3n ngu\u1ed3n l\u01b0u tr\u1eef Deye | SUN-STS500L"},"content":{"rendered":"<h2 data-section-id=\"1ovwsz\" data-start=\"718\" data-end=\"763\">B\u1ed9 chuy\u1ec3n ngu\u1ed3n l\u01b0u tr\u1eef Deye | SUN-STS500L<\/h2>\n<p data-start=\"765\" data-end=\"1128\">Deye SUN-STS500L l\u00e0 thi\u1ebft b\u1ecb chuy\u1ec3n m\u1ea1ch t\u0129nh (Static Transfer Switch \u2013 STS) \u0111\u01b0\u1ee3c thi\u1ebft k\u1ebf cho c\u00e1c h\u1ec7 th\u1ed1ng l\u01b0u tr\u1eef n\u0103ng l\u01b0\u1ee3ng th\u01b0\u01a1ng m\u1ea1i v\u00e0 c\u00f4ng nghi\u1ec7p (C&amp;I ESS). Thi\u1ebft b\u1ecb c\u00f3 nhi\u1ec7m v\u1ee5 chuy\u1ec3n \u0111\u1ed5i ngu\u1ed3n \u0111i\u1ec7n nhanh ch\u00f3ng gi\u1eefa c\u00e1c ngu\u1ed3n nh\u01b0 l\u01b0\u1edbi \u0111i\u1ec7n, h\u1ec7 th\u1ed1ng l\u01b0u tr\u1eef pin v\u00e0 m\u00e1y ph\u00e1t \u0111i\u1ec7n, \u0111\u1ea3m b\u1ea3o ngu\u1ed3n \u0111i\u1ec7n lu\u00f4n \u1ed5n \u0111\u1ecbnh v\u00e0 li\u00ean t\u1ee5c cho t\u1ea3i quan tr\u1ecdng.<\/p>\n<p data-start=\"1130\" data-end=\"1345\">V\u1edbi c\u00f4ng su\u1ea5t \u0111\u1ecbnh m\u1ee9c l\u00ean \u0111\u1ebfn 500kW, SUN-STS500L ph\u00f9 h\u1ee3p cho c\u00e1c h\u1ec7 th\u1ed1ng l\u01b0u tr\u1eef n\u0103ng l\u01b0\u1ee3ng quy m\u00f4 l\u1edbn trong nh\u00e0 m\u00e1y, khu c\u00f4ng nghi\u1ec7p, trung t\u00e2m d\u1eef li\u1ec7u, t\u00f2a nh\u00e0 th\u01b0\u01a1ng m\u1ea1i v\u00e0 c\u00e1c d\u1ef1 \u00e1n n\u0103ng l\u01b0\u1ee3ng t\u00e1i t\u1ea1o.<\/p>\n<p data-start=\"1347\" data-end=\"1610\">M\u1ed9t trong nh\u1eefng \u0111i\u1ec3m n\u1ed5i b\u1eadt c\u1ee7a thi\u1ebft b\u1ecb l\u00e0 th\u1eddi gian chuy\u1ec3n ngu\u1ed3n c\u1ef1c nhanh d\u01b0\u1edbi 20ms, gi\u00fap h\u1ea1n ch\u1ebf t\u1ed1i \u0111a vi\u1ec7c gi\u00e1n \u0111o\u1ea1n \u0111i\u1ec7n n\u0103ng cho c\u00e1c thi\u1ebft b\u1ecb quan tr\u1ecdng. \u0110i\u1ec1u n\u00e0y \u0111\u1eb7c bi\u1ec7t quan tr\u1ecdng \u0111\u1ed1i v\u1edbi c\u00e1c h\u1ec7 th\u1ed1ng c\u1ea7n \u0111\u1ed9 tin c\u1eady cao v\u00e0 ngu\u1ed3n \u0111i\u1ec7n li\u00ean t\u1ee5c.<\/p>\n<p data-start=\"1612\" data-end=\"1933\">Thi\u1ebft b\u1ecb h\u1ed7 tr\u1ee3 k\u1ebft n\u1ed1i l\u01b0\u1edbi 3 pha (3L\/N\/PE) v\u1edbi \u0111i\u1ec7n \u00e1p danh \u0111\u1ecbnh 220\/380V ho\u1eb7c 230\/400V, t\u01b0\u01a1ng th\u00edch v\u1edbi h\u1ea7u h\u1ebft c\u00e1c h\u1ec7 th\u1ed1ng \u0111i\u1ec7n c\u00f4ng nghi\u1ec7p. \u0110\u1ed3ng th\u1eddi, STS SUN-STS500L c\u00f3 th\u1ec3 ho\u1ea1t \u0111\u1ed9ng linh ho\u1ea1t gi\u1eefa ngu\u1ed3n l\u01b0\u1edbi, PCS v\u00e0 m\u00e1y ph\u00e1t \u0111i\u1ec7n, gi\u00fap t\u1ed1i \u01b0u hi\u1ec7u qu\u1ea3 v\u1eadn h\u00e0nh c\u1ee7a to\u00e0n b\u1ed9 h\u1ec7 th\u1ed1ng l\u01b0u tr\u1eef n\u0103ng l\u01b0\u1ee3ng.<\/p>\n<p data-start=\"1935\" data-end=\"2128\">Ngo\u00e0i ra, thi\u1ebft b\u1ecb \u0111\u01b0\u1ee3c thi\u1ebft k\u1ebf v\u1edbi k\u1ebft c\u1ea5u t\u1ee7 ch\u1eafc ch\u1eafn, h\u1ec7 th\u1ed1ng l\u00e0m m\u00e1t t\u1ef1 nhi\u00ean v\u00e0 chu\u1ea9n b\u1ea3o v\u1ec7 IP20, \u0111\u1ea3m b\u1ea3o v\u1eadn h\u00e0nh \u1ed5n \u0111\u1ecbnh trong m\u00f4i tr\u01b0\u1eddng ph\u00f2ng k\u1ef9 thu\u1eadt ho\u1eb7c t\u1ee7 \u0111i\u1ec7n c\u00f4ng nghi\u1ec7p.<\/p>\n<p data-start=\"2130\" data-end=\"2342\">V\u1edbi vai tr\u00f2 l\u00e0 thi\u1ebft b\u1ecb chuy\u1ec3n ngu\u1ed3n trung t\u00e2m trong h\u1ec7 th\u1ed1ng ESS, SUN-STS500L gi\u00fap n\u00e2ng cao \u0111\u1ed9 \u1ed5n \u0111\u1ecbnh c\u1ee7a h\u1ec7 th\u1ed1ng \u0111i\u1ec7n, t\u1ed1i \u01b0u kh\u1ea3 n\u0103ng khai th\u00e1c n\u0103ng l\u01b0\u1ee3ng v\u00e0 \u0111\u1ea3m b\u1ea3o an to\u00e0n cho to\u00e0n b\u1ed9 h\u1ec7 th\u1ed1ng l\u01b0u tr\u1eef.<\/p>\n<h2 data-start=\"2130\" data-end=\"2342\">Th\u00f4ng s\u1ed1 k\u1ef9 thu\u1eadt<\/h2>\n<table border=\"1\">\n<tbody>\n<tr>\n<td><strong><span dir=\"auto\">M\u00f4-\u0111un STS<\/span><\/strong><\/td>\n<td colspan=\"4\"><strong><span dir=\"auto\">SUN-STS500L<\/span><\/strong><\/td>\n<\/tr>\n<tr>\n<td colspan=\"5\"><strong><span dir=\"auto\">D\u1eef li\u1ec7u ph\u00eda l\u01b0\u1edbi<\/span><\/strong><b><span dir=\"auto\">\u00a0\/PCS<\/span><\/b><\/td>\n<\/tr>\n<tr>\n<td width=\"276\"><span dir=\"auto\">C\u00f4ng su\u1ea5t t\u00e1c d\u1ee5ng \u0111\u1ea7u v\u00e0o\/\u0111\u1ea7u ra AC \u0111\u1ecbnh m\u1ee9c (kW)<\/span><\/td>\n<td colspan=\"4\" width=\"571\"><span dir=\"auto\">500<\/span><\/td>\n<\/tr>\n<tr>\n<td width=\"276\"><span dir=\"auto\">D\u00f2ng \u0111i\u1ec7n xoay chi\u1ec1u \u0111\u1ecbnh m\u1ee9c \u0111\u1ea7u v\u00e0o\/\u0111\u1ea7u ra (A)<\/span><\/td>\n<td colspan=\"4\" width=\"571\"><span dir=\"auto\">758\/725<\/span><\/td>\n<\/tr>\n<tr>\n<td width=\"276\"><span dir=\"auto\">\u0110i\u1ec7n \u00e1p \u0111\u1ea7u v\u00e0o\/\u0111\u1ea7u ra \u0111\u1ecbnh m\u1ee9c (V)<\/span><\/td>\n<td colspan=\"4\" width=\"571\"><span dir=\"auto\">220\/380, 230\/400 (ba pha)<\/span><\/td>\n<\/tr>\n<tr>\n<td width=\"276\"><span dir=\"auto\">M\u1eabu k\u1ebft n\u1ed1i l\u01b0\u1edbi<\/span><\/td>\n<td colspan=\"4\" width=\"571\"><span dir=\"auto\">3L\/N\/PE<\/span><\/td>\n<\/tr>\n<tr>\n<td width=\"276\"><span dir=\"auto\">T\u1ea7n s\u1ed1 l\u01b0\u1edbi \u0111\u1ea7u v\u00e0o\/\u0111\u1ea7u ra \u0111\u1ecbnh m\u1ee9c<\/span><\/td>\n<td colspan=\"4\" width=\"571\"><span dir=\"auto\">50Hz\/60Hz<\/span><\/td>\n<\/tr>\n<tr>\n<td colspan=\"5\"><strong><span dir=\"auto\">D\u1eef li\u1ec7u ph\u00eda t\u1ea3i<\/span><\/strong><\/td>\n<\/tr>\n<tr>\n<td width=\"276\"><span dir=\"auto\">C\u00f4ng su\u1ea5t t\u00e1c d\u1ee5ng \u0111\u1ecbnh m\u1ee9c (kW)<\/span><\/td>\n<td colspan=\"4\" width=\"571\" data-online-value=\"500\"><span dir=\"auto\">\u00a0\u00a0\u00a0500\u00a0<\/span><\/td>\n<\/tr>\n<tr>\n<td width=\"276\"><span dir=\"auto\">D\u00f2ng \u0111i\u1ec7n \u0111\u1ea7u ra \u0111\u1ecbnh m\u1ee9c (A)<\/span><\/td>\n<td colspan=\"4\" width=\"571\"><span dir=\"auto\">758\/725<\/span><\/td>\n<\/tr>\n<tr>\n<td width=\"276\"><span dir=\"auto\">\u0110i\u1ec7n \u00e1p \u0111\u1ea7u ra \u0111\u1ecbnh m\u1ee9c (V)<\/span><\/td>\n<td colspan=\"4\" width=\"571\"><span dir=\"auto\">220\/380, 230\/400 (ba pha)<\/span><\/td>\n<\/tr>\n<tr>\n<td width=\"276\"><span dir=\"auto\">M\u1eabu k\u1ebft n\u1ed1i l\u01b0\u1edbi<\/span><\/td>\n<td colspan=\"4\" width=\"571\"><span dir=\"auto\">3L\/N\/PE<\/span><\/td>\n<\/tr>\n<tr>\n<td width=\"276\"><span dir=\"auto\">T\u1ea7n s\u1ed1 l\u01b0\u1edbi \u0111\u1ea7u ra \u0111\u1ecbnh m\u1ee9c<\/span><\/td>\n<td colspan=\"4\" width=\"571\"><span dir=\"auto\">\u00a0\u00a0\u00a050Hz\/60Hz<\/span><\/td>\n<\/tr>\n<tr>\n<td colspan=\"5\"><strong><span dir=\"auto\">D\u1eef li\u1ec7u ph\u00eda GEN<\/span><\/strong><\/td>\n<\/tr>\n<tr>\n<td width=\"276\"><span dir=\"auto\">C\u00f4ng su\u1ea5t t\u00e1c d\u1ee5ng \u0111\u1ea7u v\u00e0o AC \u0111\u1ecbnh m\u1ee9c (kW)<\/span><\/td>\n<td colspan=\"4\" width=\"571\" data-online-value=\"500\"><span dir=\"auto\">\u00a0\u00a0\u00a0500\u00a0<\/span><\/td>\n<\/tr>\n<tr>\n<td width=\"276\"><span dir=\"auto\">D\u00f2ng \u0111i\u1ec7n xoay chi\u1ec1u \u0111\u1ea7u v\u00e0o \u0111\u1ecbnh m\u1ee9c (A)<\/span><\/td>\n<td colspan=\"4\" width=\"571\"><span dir=\"auto\">758\/725<\/span><\/td>\n<\/tr>\n<tr>\n<td width=\"276\"><span dir=\"auto\">\u0110i\u1ec7n \u00e1p \u0111\u1ea7u v\u00e0o \u0111\u1ecbnh m\u1ee9c (V)<\/span><\/td>\n<td colspan=\"4\" width=\"571\"><span dir=\"auto\">220\/380, 230\/400 (ba pha)<\/span><\/td>\n<\/tr>\n<tr>\n<td width=\"276\"><span dir=\"auto\">M\u1eabu k\u1ebft n\u1ed1i l\u01b0\u1edbi<\/span><\/td>\n<td colspan=\"4\" width=\"571\"><span dir=\"auto\">3L\/N\/PE<\/span><\/td>\n<\/tr>\n<tr>\n<td width=\"276\"><span dir=\"auto\">T\u1ea7n s\u1ed1 l\u01b0\u1edbi \u0111\u1ea7u v\u00e0o \u0111\u1ecbnh m\u1ee9c<\/span><\/td>\n<td colspan=\"4\" width=\"571\"><span dir=\"auto\">\u00a0\u00a0\u00a050Hz\/60Hz<\/span><\/td>\n<\/tr>\n<tr>\n<td colspan=\"5\"><strong><span dir=\"auto\">Th\u00f4ng tin chung<\/span><\/strong><\/td>\n<\/tr>\n<tr>\n<td width=\"276\"><span dir=\"auto\">Th\u1eddi gian chuy\u1ec3n m\u1ea1ch ngo\u00e0i l\u01b0\u1edbi<\/span><\/td>\n<td colspan=\"4\" width=\"571\"><span dir=\"auto\">\u00a0&lt;10ms<\/span><\/td>\n<\/tr>\n<tr>\n<td width=\"276\"><span dir=\"auto\">X\u1ebfp h\u1ea1ng b\u1ea3o v\u1ec7 ch\u1ed1ng x\u00e2m nh\u1eadp (IP)<\/span><\/td>\n<td colspan=\"4\" width=\"571\"><span dir=\"auto\">IP20<\/span><\/td>\n<\/tr>\n<tr>\n<td width=\"276\"><span dir=\"auto\">Lo\u1ea1i qu\u00e1 \u00e1p<\/span><\/td>\n<td colspan=\"4\" width=\"571\"><span dir=\"auto\">OVC III<\/span><\/td>\n<\/tr>\n<tr>\n<td width=\"276\"><span dir=\"auto\">K\u00edch th\u01b0\u1edbc t\u1ee7 [R\u1ed9ng \u00d7 Cao \u00d7 S\u00e2u] (mm)<\/span><\/td>\n<td colspan=\"4\" width=\"571\"><span dir=\"auto\">543x575x671<\/span><\/td>\n<\/tr>\n<tr>\n<td width=\"276\"><span dir=\"auto\">Tr\u1ecdng l\u01b0\u1ee3ng (kg)<\/span><\/td>\n<td colspan=\"4\" width=\"571\"><span dir=\"auto\">108<\/span><\/td>\n<\/tr>\n<tr>\n<td width=\"276\"><span dir=\"auto\">Lo\u1ea1i h\u00ecnh l\u00e0m m\u00e1t<\/span><\/td>\n<td colspan=\"4\" width=\"571\"><span dir=\"auto\">L\u00e0m m\u00e1t t\u1ef1 nhi\u00ean<\/span><\/td>\n<\/tr>\n<tr>\n<td width=\"276\"><span dir=\"auto\">Ti\u00eau chu\u1ea9n an to\u00e0n EMC<\/span><\/td>\n<td colspan=\"4\" width=\"571\"><span dir=\"auto\">IEC\/EN 61439-1\/-2<\/span><\/td>\n<\/tr>\n<\/tbody>\n<\/table>\n<h2 data-section-id=\"qo5dwl\" data-start=\"2349\" data-end=\"2369\">Cam k\u1ebft ch\u1ea5t l\u01b0\u1ee3ng<\/h2>\n<p data-start=\"2371\" data-end=\"2480\">Ch\u00fang t\u00f4i cam k\u1ebft cung c\u1ea5p s\u1ea3n ph\u1ea9m ch\u00ednh h\u00e3ng, \u0111\u01b0\u1ee3c ki\u1ec3m tra k\u1ef9 l\u01b0\u1ee1ng tr\u01b0\u1edbc khi b\u00e0n giao cho kh\u00e1ch h\u00e0ng.<\/p>\n<ul data-start=\"2482\" data-end=\"2614\">\n<li data-section-id=\"98c4pr\" data-start=\"2482\" data-end=\"2515\">\n<p data-start=\"2484\" data-end=\"2515\">B\u1ea3o h\u00e0nh ch\u00ednh h\u00e3ng 5 n\u0103m<\/p>\n<\/li>\n<li data-section-id=\"1135jsw\" data-start=\"2516\" data-end=\"2547\">\n<p data-start=\"2518\" data-end=\"2547\">H\u1ed7 tr\u1ee3 k\u1ef9 thu\u1eadt nhanh ch\u00f3ng<\/p>\n<\/li>\n<li data-section-id=\"1xbep2s\" data-start=\"2548\" data-end=\"2614\">\n<p data-start=\"2550\" data-end=\"2614\">T\u01b0 v\u1ea5n thi\u1ebft k\u1ebf h\u1ec7 th\u1ed1ng l\u01b0u tr\u1eef n\u0103ng l\u01b0\u1ee3ng ph\u00f9 h\u1ee3p t\u1eebng d\u1ef1 \u00e1n<\/p>\n<\/li>\n<\/ul>\n<p data-start=\"2616\" data-end=\"2671\">\ud83d\udcde Li\u00ean h\u1ec7 ngay \u0111\u1ec3 \u0111\u01b0\u1ee3c t\u01b0 v\u1ea5n v\u00e0 b\u00e1o gi\u00e1 t\u1ed1t nh\u1ea5t.<\/p>\n<div dir=\"auto\">\u2014\u2014\u2014\u2014\u2014\u2014\u2014\u2014\u2014\u2014\u2014\u2013<\/div>\n<div dir=\"auto\"><a href=\"https:\/\/www.facebook.com\/DienMatTroi.SolarQuangBinh\">CH\u1eccN THU\u1eacN PHONG \u2013 CH\u1eccN S\u1ef0 AN T\u00c2M<\/a><br \/>\nHotline: 0869.564.567<br \/>\nKinh doanh: 0867.577.357<br \/>\nK\u1ef9 thu\u1eadt: 0899.768.777<br \/>\nService: 0867.118.636<br \/>\nTr\u1ee5 s\u1edf ch\u00ednh: 30 Nguy\u1ec5n H\u1eefu D\u1eadt, ph\u01b0\u1eddng \u0110\u1ed3ng H\u1edbi, t\u1ec9nh Qu\u1ea3ng Tr\u1ecb, Vi\u1ec7t Nam<br \/>\nTr\u1ee5 s\u1edf H\u00e0 N\u1ed9i: Nh\u00e0 ph\u1ed1 th\u01b0\u01a1ng m\u1ea1i Khai S\u01a1n Town s\u1ed1 18 thu\u1ed9c Town 7, khu \u0111\u00f4 th\u1ecb Khai S\u01a1n City, ph\u01b0\u1eddng B\u1ed3 \u0110\u1ec1, Th\u00e0nh ph\u1ed1 H\u00e0 N\u1ed9i<br \/>\nWebsite:\u00a0<a href=\"https:\/\/tpenergy.com.vn\/\">https:\/\/tpenergy.com.vn\/<\/a><br \/>\nShopee:\u00a0<a href=\"https:\/\/shopee.vn\/thuanphongenergy?entryPoint=ShopBySearch&amp;searchKeyword=thu%E1%BA%ADn%20phong%20solar%20energy\">https:\/\/byvn.net\/E1oJ<\/a><br \/>\nLazada:\u00a0<a href=\"https:\/\/byvn.net\/VYPr\">https:\/\/byvn.net\/VYPr<\/a><\/div>\n","protected":false},"excerpt":{"rendered":"<h2>V\u1ec1 s\u1ea3n ph\u1ea9m:<\/h2>\n<ul>\n<li>\n<div id=\"input_line_0\"><span id=\"input_part_0\" class=\"\" data-mention=\"C\u00f4ng su\u1ea5t \u0111\u1ecbnh m\u1ee9c: 500kW\">C\u00f4ng su\u1ea5t \u0111\u1ecbnh m\u1ee9c: 500kW<\/span><\/div>\n<\/li>\n<li>\n<div id=\"input_line_0\"><span id=\"input_part_0\" class=\"\" data-mention=\"C\u00f4ng su\u1ea5t \u0111\u1ecbnh m\u1ee9c: 500kW\"><\/span><span id=\"input_part_0\" class=\"\" data-mention=\"\u0110i\u1ec7n \u00e1p AC \u0111\u1ecbnh m\u1ee9c: 220\/380V, 230\/400V (3 pha)\">\u0110i\u1ec7n \u00e1p AC \u0111\u1ecbnh m\u1ee9c: 220\/380V, 230\/400V (3 pha)<\/span><\/div>\n<\/li>\n<li>\n<div id=\"input_line_0\"><span id=\"input_part_0\" class=\"\" data-mention=\"\u0110i\u1ec7n \u00e1p AC \u0111\u1ecbnh m\u1ee9c: 220\/380V, 230\/400V (3 pha)\"><\/span><span id=\"input_part_0\" class=\"\" data-mention=\"D\u00f2ng \u0111i\u1ec7n \u0111\u1ea7u v\u00e0o\/\u0111\u1ea7u ra \u0111\u1ecbnh m\u1ee9c: 758A \/ 725A\">D\u00f2ng \u0111i\u1ec7n \u0111\u1ea7u v\u00e0o\/\u0111\u1ea7u ra \u0111\u1ecbnh m\u1ee9c: 758A \/ 725A<\/span><\/div>\n<\/li>\n<li>\n<div id=\"input_line_0\"><span id=\"input_part_0\" class=\"\" data-mention=\"D\u00f2ng \u0111i\u1ec7n \u0111\u1ea7u v\u00e0o\/\u0111\u1ea7u ra \u0111\u1ecbnh m\u1ee9c: 758A \/ 725A\"><\/span><span id=\"input_part_0\" class=\"\" data-mention=\"T\u1ea7n s\u1ed1 l\u01b0\u1edbi: 50Hz \/ 60Hz\">T\u1ea7n s\u1ed1 l\u01b0\u1edbi: 50Hz \/ 60Hz<\/span><\/div>\n<\/li>\n<li>\n<div id=\"input_line_0\"><span id=\"input_part_0\" class=\"\" data-mention=\"T\u1ea7n s\u1ed1 l\u01b0\u1edbi: 50Hz \/ 60Hz\"><\/span><span id=\"input_part_0\" class=\"\" data-mention=\"Th\u1eddi gian chuy\u1ec3n ngu\u1ed3n: &lt;20ms\">Th\u1eddi gian chuy\u1ec3n ngu\u1ed3n: &lt;20ms<\/span><\/div>\n<\/li>\n<li>\n<div id=\"input_line_0\"><span id=\"input_part_0\" class=\"\" data-mention=\"Th\u1eddi gian chuy\u1ec3n ngu\u1ed3n: &lt;20ms\"><\/span><span id=\"input_part_0\" class=\"\" data-mention=\"Chu\u1ea9n b\u1ea3o v\u1ec7: IP20\">Chu\u1ea9n b\u1ea3o v\u1ec7: IP20<\/span><\/div>\n<\/li>\n<li>\n<div id=\"input_line_0\"><span id=\"input_part_0\" class=\"\" data-mention=\"Chu\u1ea9n b\u1ea3o v\u1ec7: IP20\"><\/span><span id=\"input_part_0\" class=\"\" data-mention=\"Ph\u01b0\u01a1ng th\u1ee9c l\u00e0m m\u00e1t: L\u00e0m m\u00e1t t\u1ef1 nhi\u00ean\">Ph\u01b0\u01a1ng th\u1ee9c l\u00e0m m\u00e1t: L\u00e0m m\u00e1t t\u1ef1 nhi\u00ean<\/span><\/div>\n<\/li>\n<li>\n<div id=\"input_line_0\"><span id=\"input_part_0\" class=\"\" data-mention=\"Ph\u01b0\u01a1ng th\u1ee9c l\u00e0m m\u00e1t: L\u00e0m m\u00e1t t\u1ef1 nhi\u00ean\"><\/span><span id=\"input_part_0\" class=\"\" data-mention=\"K\u00edch th\u01b0\u1edbc t\u1ee7 (W\u00d7H\u00d7D): 543 \u00d7 575 \u00d7 671 mm\">K\u00edch th\u01b0\u1edbc t\u1ee7 (W\u00d7H\u00d7D): 543 \u00d7 575 \u00d7 671 mm<\/span><\/div>\n<\/li>\n<li>\n<div id=\"input_line_0\"><span id=\"input_part_0\" class=\"\" data-mention=\"K\u00edch th\u01b0\u1edbc t\u1ee7 (W\u00d7H\u00d7D): 543 \u00d7 575 \u00d7 671 mm\"><\/span><span id=\"input_part_0\" class=\"\" data-mention=\"Tr\u1ecdng l\u01b0\u1ee3ng: 108 kg\">Tr\u1ecdng l\u01b0\u1ee3ng: 108 kg<\/span><\/div>\n<\/li>\n<li>B\u1ea3o h\u00e0nh: 5 n\u0103m<\/li>\n<\/ul>\n<h3><i class=\"fas fa-download\"><\/i> Download<\/h3>\n<ul>\n<li style=\"list-style-type: none\">\n<ul>\n<li><a href=\"https:\/\/tpenergy.com.vn\/wp-content\/uploads\/2026\/03\/deye-bos-b-pro-a3-seriesbrochure-1765771375.pdf\">Datasheet<\/a><\/li>\n<\/ul>\n<\/li>\n<\/ul>\n<p>&nbsp;<\/p>\n","protected":false},"featured_media":7493,"comment_status":"open","ping_status":"closed","template":"","meta":{"_eb_attr":""},"product_cat":[1737],"product_tag":[1703,1706,1701,1697,1691,1702,1709,1707,1700,1705,1699,1708,1704,1710,1698],"class_list":{"0":"post-7489","1":"product","2":"type-product","3":"status-publish","4":"has-post-thumbnail","6":"product_cat-ci-deye","7":"product_tag-bo-chuyen-nguon-tinh-500kw","8":"product_tag-chuyen-nguon-luoi-va-pin-luu-tru","9":"product_tag-deye-sun-sts500l","10":"product_tag-giai-phap-luu-tru-nang-luong-doanh-nghiep","11":"product_tag-he-thong-luu-tru-nang-luong-ci","12":"product_tag-static-transfer-switch-ess","13":"product_tag-sts-cho-he-thong-dien-mat-troi","14":"product_tag-sts-cho-inverter-hybrid","15":"product_tag-sts-deye","16":"product_tag-sts-he-thong-luu-tru-nang-luong","17":"product_tag-sts-luu-tru-nang-luong","18":"product_tag-thiet-bi-chuyen-mach-nguon-dien","19":"product_tag-thiet-bi-chuyen-nguon-ess","20":"product_tag-thiet-bi-chuyen-nguon-nang-luong-tai-tao","21":"product_tag-thiet-bi-ess-cong-nghiep","22":"pa_gia-khong-lap-dat","23":"pa_gia-lap-dat","25":"first","26":"instock","27":"shipping-taxable","28":"purchasable","29":"product-type-variable"},"yoast_head":"<!-- This site is optimized with the Yoast SEO plugin v20.9 - https:\/\/yoast.com\/wordpress\/plugins\/seo\/ -->\r\n<title>B\u1ed9 chuy\u1ec3n ngu\u1ed3n l\u01b0u tr\u1eef SUN-STS500L<\/title>\r\n<meta name=\"description\" content=\"B\u1ed9 chuy\u1ec3n ngu\u1ed3n t\u0129nh Deye SUN-STS500L c\u00f4ng su\u1ea5t 500kW, th\u1eddi gian chuy\u1ec3n m\u1ea1ch &lt;20ms, h\u1ed7 tr\u1ee3 h\u1ec7 th\u1ed1ng ESS th\u01b0\u01a1ng m\u1ea1i v\u00e0 c\u00f4ng nghi\u1ec7p.\" \/>\r\n<meta name=\"robots\" content=\"index, follow, max-snippet:-1, max-image-preview:large, max-video-preview:-1\" \/>\r\n<link rel=\"canonical\" href=\"https:\/\/tpenergy.com.vn\/?product=sun-sts500l\" \/>\r\n<meta property=\"og:locale\" content=\"vi_VN\" \/>\r\n<meta property=\"og:type\" content=\"article\" \/>\r\n<meta property=\"og:title\" content=\"B\u1ed9 chuy\u1ec3n ngu\u1ed3n l\u01b0u tr\u1eef SUN-STS500L\" \/>\r\n<meta property=\"og:description\" content=\"B\u1ed9 chuy\u1ec3n ngu\u1ed3n t\u0129nh Deye SUN-STS500L c\u00f4ng su\u1ea5t 500kW, th\u1eddi gian chuy\u1ec3n m\u1ea1ch &lt;20ms, h\u1ed7 tr\u1ee3 h\u1ec7 th\u1ed1ng ESS th\u01b0\u01a1ng m\u1ea1i v\u00e0 c\u00f4ng nghi\u1ec7p.\" \/>\r\n<meta property=\"og:url\" content=\"https:\/\/tpenergy.com.vn\/?product=sun-sts500l\" \/>\r\n<meta property=\"og:site_name\" content=\"Thuan Phong Solar Energy\" \/>\r\n<meta property=\"article:modified_time\" content=\"2026-03-24T08:31:35+00:00\" \/>\r\n<meta property=\"og:image\" content=\"https:\/\/tpenergy.com.vn\/wp-content\/uploads\/2026\/03\/wccsolar_0001_sts-modulo.jpg\" \/>\r\n\t<meta property=\"og:image:width\" content=\"680\" \/>\r\n\t<meta property=\"og:image:height\" content=\"680\" \/>\r\n\t<meta property=\"og:image:type\" content=\"image\/jpeg\" \/>\r\n<meta name=\"twitter:card\" content=\"summary_large_image\" \/>\r\n<meta name=\"twitter:label1\" content=\"\u01af\u1edbc t\u00ednh th\u1eddi gian \u0111\u1ecdc\" \/>\n\t<meta name=\"twitter:data1\" content=\"4 ph\u00fat\" \/>\r\n<script type=\"application\/ld+json\" class=\"yoast-schema-graph\">{\"@context\":\"https:\/\/schema.org\",\"@graph\":[{\"@type\":\"WebPage\",\"@id\":\"https:\/\/tpenergy.com.vn\/?product=sun-sts500l\",\"url\":\"https:\/\/tpenergy.com.vn\/?product=sun-sts500l\",\"name\":\"B\u1ed9 chuy\u1ec3n ngu\u1ed3n l\u01b0u tr\u1eef SUN-STS500L\",\"isPartOf\":{\"@id\":\"https:\/\/tpenergy.com.vn\/#website\"},\"datePublished\":\"2026-03-16T03:55:42+00:00\",\"dateModified\":\"2026-03-24T08:31:35+00:00\",\"description\":\"B\u1ed9 chuy\u1ec3n ngu\u1ed3n t\u0129nh Deye SUN-STS500L c\u00f4ng su\u1ea5t 500kW, th\u1eddi gian chuy\u1ec3n m\u1ea1ch &lt;20ms, h\u1ed7 tr\u1ee3 h\u1ec7 th\u1ed1ng ESS th\u01b0\u01a1ng m\u1ea1i v\u00e0 c\u00f4ng nghi\u1ec7p.\",\"breadcrumb\":{\"@id\":\"https:\/\/tpenergy.com.vn\/?product=sun-sts500l#breadcrumb\"},\"inLanguage\":\"vi\",\"potentialAction\":[{\"@type\":\"ReadAction\",\"target\":[\"https:\/\/tpenergy.com.vn\/?product=sun-sts500l\"]}]},{\"@type\":\"BreadcrumbList\",\"@id\":\"https:\/\/tpenergy.com.vn\/?product=sun-sts500l#breadcrumb\",\"itemListElement\":[{\"@type\":\"ListItem\",\"position\":1,\"name\":\"Trang ch\u1ee7\",\"item\":\"https:\/\/tpenergy.com.vn\/\"},{\"@type\":\"ListItem\",\"position\":2,\"name\":\"Shop\",\"item\":\"https:\/\/tpenergy.com.vn\/?page_id=5\"},{\"@type\":\"ListItem\",\"position\":3,\"name\":\"BI\u1ebeN T\u1ea6N\",\"item\":\"https:\/\/tpenergy.com.vn\/?product_cat=bien-tan\"},{\"@type\":\"ListItem\",\"position\":4,\"name\":\"DEYE\",\"item\":\"https:\/\/tpenergy.com.vn\/?product_cat=inverter-deye\"},{\"@type\":\"ListItem\",\"position\":5,\"name\":\"C&amp;I\",\"item\":\"https:\/\/tpenergy.com.vn\/?product_cat=ci-deye\"},{\"@type\":\"ListItem\",\"position\":6,\"name\":\"B\u1ed9 chuy\u1ec3n ngu\u1ed3n l\u01b0u tr\u1eef Deye | SUN-STS500L\"}]},{\"@type\":\"WebSite\",\"@id\":\"https:\/\/tpenergy.com.vn\/#website\",\"url\":\"https:\/\/tpenergy.com.vn\/\",\"name\":\"Thuan Phong Solar Energy\",\"description\":\"\",\"potentialAction\":[{\"@type\":\"SearchAction\",\"target\":{\"@type\":\"EntryPoint\",\"urlTemplate\":\"https:\/\/tpenergy.com.vn\/?s={search_term_string}\"},\"query-input\":\"required name=search_term_string\"}],\"inLanguage\":\"vi\"}]}<\/script>\r\n<!-- \/ Yoast SEO plugin. -->","yoast_head_json":{"title":"B\u1ed9 chuy\u1ec3n ngu\u1ed3n l\u01b0u tr\u1eef SUN-STS500L","description":"B\u1ed9 chuy\u1ec3n ngu\u1ed3n t\u0129nh Deye SUN-STS500L c\u00f4ng su\u1ea5t 500kW, th\u1eddi gian chuy\u1ec3n m\u1ea1ch &lt;20ms, h\u1ed7 tr\u1ee3 h\u1ec7 th\u1ed1ng ESS th\u01b0\u01a1ng m\u1ea1i v\u00e0 c\u00f4ng nghi\u1ec7p.","robots":{"index":"index","follow":"follow","max-snippet":"max-snippet:-1","max-image-preview":"max-image-preview:large","max-video-preview":"max-video-preview:-1"},"canonical":"https:\/\/tpenergy.com.vn\/?product=sun-sts500l","og_locale":"vi_VN","og_type":"article","og_title":"B\u1ed9 chuy\u1ec3n ngu\u1ed3n l\u01b0u tr\u1eef SUN-STS500L","og_description":"B\u1ed9 chuy\u1ec3n ngu\u1ed3n t\u0129nh Deye SUN-STS500L c\u00f4ng su\u1ea5t 500kW, th\u1eddi gian chuy\u1ec3n m\u1ea1ch &lt;20ms, h\u1ed7 tr\u1ee3 h\u1ec7 th\u1ed1ng ESS th\u01b0\u01a1ng m\u1ea1i v\u00e0 c\u00f4ng nghi\u1ec7p.","og_url":"https:\/\/tpenergy.com.vn\/?product=sun-sts500l","og_site_name":"Thuan Phong Solar Energy","article_modified_time":"2026-03-24T08:31:35+00:00","og_image":[{"width":680,"height":680,"url":"https:\/\/tpenergy.com.vn\/wp-content\/uploads\/2026\/03\/wccsolar_0001_sts-modulo.jpg","type":"image\/jpeg"}],"twitter_card":"summary_large_image","twitter_misc":{"\u01af\u1edbc t\u00ednh th\u1eddi gian \u0111\u1ecdc":"4 ph\u00fat"},"schema":{"@context":"https:\/\/schema.org","@graph":[{"@type":"WebPage","@id":"https:\/\/tpenergy.com.vn\/?product=sun-sts500l","url":"https:\/\/tpenergy.com.vn\/?product=sun-sts500l","name":"B\u1ed9 chuy\u1ec3n ngu\u1ed3n l\u01b0u tr\u1eef SUN-STS500L","isPartOf":{"@id":"https:\/\/tpenergy.com.vn\/#website"},"datePublished":"2026-03-16T03:55:42+00:00","dateModified":"2026-03-24T08:31:35+00:00","description":"B\u1ed9 chuy\u1ec3n ngu\u1ed3n t\u0129nh Deye SUN-STS500L c\u00f4ng su\u1ea5t 500kW, th\u1eddi gian chuy\u1ec3n m\u1ea1ch &lt;20ms, h\u1ed7 tr\u1ee3 h\u1ec7 th\u1ed1ng ESS th\u01b0\u01a1ng m\u1ea1i v\u00e0 c\u00f4ng nghi\u1ec7p.","breadcrumb":{"@id":"https:\/\/tpenergy.com.vn\/?product=sun-sts500l#breadcrumb"},"inLanguage":"vi","potentialAction":[{"@type":"ReadAction","target":["https:\/\/tpenergy.com.vn\/?product=sun-sts500l"]}]},{"@type":"BreadcrumbList","@id":"https:\/\/tpenergy.com.vn\/?product=sun-sts500l#breadcrumb","itemListElement":[{"@type":"ListItem","position":1,"name":"Trang ch\u1ee7","item":"https:\/\/tpenergy.com.vn\/"},{"@type":"ListItem","position":2,"name":"Shop","item":"https:\/\/tpenergy.com.vn\/?page_id=5"},{"@type":"ListItem","position":3,"name":"BI\u1ebeN T\u1ea6N","item":"https:\/\/tpenergy.com.vn\/?product_cat=bien-tan"},{"@type":"ListItem","position":4,"name":"DEYE","item":"https:\/\/tpenergy.com.vn\/?product_cat=inverter-deye"},{"@type":"ListItem","position":5,"name":"C&amp;I","item":"https:\/\/tpenergy.com.vn\/?product_cat=ci-deye"},{"@type":"ListItem","position":6,"name":"B\u1ed9 chuy\u1ec3n ngu\u1ed3n l\u01b0u tr\u1eef Deye | SUN-STS500L"}]},{"@type":"WebSite","@id":"https:\/\/tpenergy.com.vn\/#website","url":"https:\/\/tpenergy.com.vn\/","name":"Thuan Phong Solar Energy","description":"","potentialAction":[{"@type":"SearchAction","target":{"@type":"EntryPoint","urlTemplate":"https:\/\/tpenergy.com.vn\/?s={search_term_string}"},"query-input":"required name=search_term_string"}],"inLanguage":"vi"}]}},"_links":{"self":[{"href":"https:\/\/tpenergy.com.vn\/index.php?rest_route=\/wp\/v2\/product\/7489"}],"collection":[{"href":"https:\/\/tpenergy.com.vn\/index.php?rest_route=\/wp\/v2\/product"}],"about":[{"href":"https:\/\/tpenergy.com.vn\/index.php?rest_route=\/wp\/v2\/types\/product"}],"replies":[{"embeddable":true,"href":"https:\/\/tpenergy.com.vn\/index.php?rest_route=%2Fwp%2Fv2%2Fcomments&post=7489"}],"wp:featuredmedia":[{"embeddable":true,"href":"https:\/\/tpenergy.com.vn\/index.php?rest_route=\/wp\/v2\/media\/7493"}],"wp:attachment":[{"href":"https:\/\/tpenergy.com.vn\/index.php?rest_route=%2Fwp%2Fv2%2Fmedia&parent=7489"}],"wp:term":[{"taxonomy":"product_cat","embeddable":true,"href":"https:\/\/tpenergy.com.vn\/index.php?rest_route=%2Fwp%2Fv2%2Fproduct_cat&post=7489"},{"taxonomy":"product_tag","embeddable":true,"href":"https:\/\/tpenergy.com.vn\/index.php?rest_route=%2Fwp%2Fv2%2Fproduct_tag&post=7489"}],"curies":[{"name":"wp","href":"https:\/\/api.w.org\/{rel}","templated":true}]}}