{"id":7479,"date":"2026-03-16T10:16:35","date_gmt":"2026-03-16T03:16:35","guid":{"rendered":"https:\/\/tpenergy.com.vn\/?post_type=product&#038;p=7479"},"modified":"2026-03-24T14:23:40","modified_gmt":"2026-03-24T07:23:40","slug":"bos-b-pdu-2-a","status":"publish","type":"product","link":"https:\/\/tpenergy.com.vn\/?product=bos-b-pdu-2-a","title":{"rendered":"BMS cho h\u1ec7 \u00e1p cao C&amp;I BOS-B-PDU-2-A"},"content":{"rendered":"<h1 data-start=\"113\" data-end=\"360\">BMS cho h\u1ec7 \u00e1p cao C&amp;I BOS-B-PDU-2-A<\/h1>\n<p data-start=\"778\" data-end=\"1068\">Deye BOS-B-PDU-2-A l\u00e0 b\u1ed9 ph\u00e2n ph\u1ed1i ngu\u1ed3n v\u00e0 qu\u1ea3n l\u00fd pin \u00e1p cao trong h\u1ec7 th\u1ed1ng l\u01b0u tr\u1eef n\u0103ng l\u01b0\u1ee3ng c\u1ee7a Deye. Thi\u1ebft b\u1ecb \u0111\u00f3ng vai tr\u00f2 trung t\u00e2m trong vi\u1ec7c k\u1ebft n\u1ed1i v\u00e0 \u0111i\u1ec1u ph\u1ed1i c\u00e1c module pin BOS-B-Pack16-A3, \u0111\u1ea3m b\u1ea3o h\u1ec7 th\u1ed1ng pin ho\u1ea1t \u0111\u1ed9ng \u1ed5n \u0111\u1ecbnh khi k\u1ebft h\u1ee3p v\u1edbi inverter l\u01b0u tr\u1eef \u00e1p cao.<\/p>\n<p data-start=\"778\" data-end=\"1068\"><img loading=\"lazy\" decoding=\"async\" class=\"aligncenter size-full wp-image-7482\" src=\"https:\/\/tpenergy.com.vn\/wp-content\/uploads\/2026\/03\/deye-bos-b-pro-a3-seriesbrochure-1765771375-hinh-anh-2-scaled.jpg\" alt=\"\" width=\"1886\" height=\"2560\" srcset=\"https:\/\/tpenergy.com.vn\/wp-content\/uploads\/2026\/03\/deye-bos-b-pro-a3-seriesbrochure-1765771375-hinh-anh-2-scaled.jpg 1886w, https:\/\/tpenergy.com.vn\/wp-content\/uploads\/2026\/03\/deye-bos-b-pro-a3-seriesbrochure-1765771375-hinh-anh-2-768x1042.jpg 768w, https:\/\/tpenergy.com.vn\/wp-content\/uploads\/2026\/03\/deye-bos-b-pro-a3-seriesbrochure-1765771375-hinh-anh-2-1132x1536.jpg 1132w, https:\/\/tpenergy.com.vn\/wp-content\/uploads\/2026\/03\/deye-bos-b-pro-a3-seriesbrochure-1765771375-hinh-anh-2-1509x2048.jpg 1509w, https:\/\/tpenergy.com.vn\/wp-content\/uploads\/2026\/03\/deye-bos-b-pro-a3-seriesbrochure-1765771375-hinh-anh-2-247x335.jpg 247w, https:\/\/tpenergy.com.vn\/wp-content\/uploads\/2026\/03\/deye-bos-b-pro-a3-seriesbrochure-1765771375-hinh-anh-2-510x692.jpg 510w\" sizes=\"(max-width: 1886px) 100vw, 1886px\" \/><\/p>\n<p data-start=\"1070\" data-end=\"1378\">Thi\u1ebft b\u1ecb h\u1ed7 tr\u1ee3 d\u1ea3i \u0111i\u1ec7n \u00e1p ho\u1ea1t \u0111\u1ed9ng t\u1eeb 200V \u0111\u1ebfn 1000V DC, ph\u00f9 h\u1ee3p v\u1edbi c\u00e1c h\u1ec7 th\u1ed1ng l\u01b0u tr\u1eef n\u0103ng l\u01b0\u1ee3ng c\u00f4ng su\u1ea5t l\u1edbn trong c\u00e1c d\u1ef1 \u00e1n hybrid d\u00e2n d\u1ee5ng, th\u01b0\u01a1ng m\u1ea1i v\u00e0 c\u00f4ng nghi\u1ec7p. Nh\u1edd kh\u1ea3 n\u0103ng ch\u1ecbu d\u00f2ng s\u1ea1c\/x\u1ea3 l\u00ean t\u1edbi 180A, h\u1ec7 th\u1ed1ng c\u00f3 th\u1ec3 v\u1eadn h\u00e0nh \u1ed5n \u0111\u1ecbnh v\u1edbi t\u1ea3i l\u1edbn m\u00e0 v\u1eabn \u0111\u1ea3m b\u1ea3o hi\u1ec7u su\u1ea5t cao.<\/p>\n<p data-start=\"1380\" data-end=\"1660\">BOS-B-PDU-2-A \u0111\u01b0\u1ee3c t\u00edch h\u1ee3p h\u1ec7 th\u1ed1ng giao ti\u1ebfp th\u00f4ng minh cho ph\u00e9p truy\u1ec1n d\u1eef li\u1ec7u gi\u1eefa c\u00e1c module pin v\u00e0 inverter th\u00f4ng qua c\u00e1c c\u1ed5ng giao ti\u1ebfp chuy\u00ean d\u1ee5ng. Thi\u1ebft b\u1ecb c\u00f2n h\u1ed7 tr\u1ee3 Bluetooth v\u00e0 c\u1ed5ng USB, gi\u00fap vi\u1ec7c gi\u00e1m s\u00e1t, c\u1ea5u h\u00ecnh v\u00e0 n\u00e2ng c\u1ea5p h\u1ec7 th\u1ed1ng tr\u1edf n\u00ean thu\u1eadn ti\u1ec7n h\u01a1n.<\/p>\n<p data-start=\"1662\" data-end=\"2015\">Ngo\u00e0i ra, thi\u1ebft b\u1ecb c\u00f2n \u0111\u01b0\u1ee3c trang b\u1ecb c\u00e1c c\u01a1 ch\u1ebf b\u1ea3o v\u1ec7 v\u00e0 c\u1ea3nh b\u00e1o an to\u00e0n, bao g\u1ed3m \u0111\u00e8n b\u00e1o \u0111i\u1ec7n \u00e1p cao v\u00e0 \u0111\u00e8n c\u1ea3nh b\u00e1o l\u1ed7i, gi\u00fap ng\u01b0\u1eddi v\u1eadn h\u00e0nh d\u1ec5 d\u00e0ng theo d\u00f5i tr\u1ea1ng th\u00e1i ho\u1ea1t \u0111\u1ed9ng c\u1ee7a h\u1ec7 th\u1ed1ng pin. B\u1ed9 ng\u1eaft m\u1ea1ch (breaker) t\u00edch h\u1ee3p cho ph\u00e9p \u0111\u00f3ng\/ng\u1eaft k\u1ebft n\u1ed1i gi\u1eefa rack pin v\u00e0 thi\u1ebft b\u1ecb ngo\u00e0i, \u0111\u1ea3m b\u1ea3o an to\u00e0n trong qu\u00e1 tr\u00ecnh v\u1eadn h\u00e0nh v\u00e0 b\u1ea3o tr\u00ec.<\/p>\n<p data-start=\"2017\" data-end=\"2198\">Nh\u1edd thi\u1ebft k\u1ebf chuy\u00ean d\u1ee5ng cho h\u1ec7 th\u1ed1ng pin \u00e1p cao, BOS-B-PDU-2-A gi\u00fap t\u0103ng \u0111\u1ed9 \u1ed5n \u0111\u1ecbnh, n\u00e2ng cao tu\u1ed5i th\u1ecd pin v\u00e0 t\u1ed1i \u01b0u hi\u1ec7u su\u1ea5t v\u1eadn h\u00e0nh c\u1ee7a to\u00e0n b\u1ed9 h\u1ec7 th\u1ed1ng l\u01b0u tr\u1eef n\u0103ng l\u01b0\u1ee3ng.<\/p>\n<h2 data-section-id=\"qo5dwl\" data-start=\"2205\" data-end=\"2225\">Cam k\u1ebft ch\u1ea5t l\u01b0\u1ee3ng<\/h2>\n<p data-start=\"2227\" data-end=\"2349\">Ch\u00fang t\u00f4i cam k\u1ebft cung c\u1ea5p s\u1ea3n ph\u1ea9m ch\u00ednh h\u00e3ng, \u0111\u01b0\u1ee3c ki\u1ec3m \u0111\u1ecbnh ch\u1ea5t l\u01b0\u1ee3ng nghi\u00eam ng\u1eb7t tr\u01b0\u1edbc khi giao \u0111\u1ebfn kh\u00e1ch h\u00e0ng.<\/p>\n<ul data-start=\"2351\" data-end=\"2502\">\n<li data-section-id=\"3xikrb\" data-start=\"2351\" data-end=\"2392\">\n<p data-start=\"2353\" data-end=\"2392\">B\u1ea3o h\u00e0nh ch\u00ednh h\u00e3ng l\u00ean \u0111\u1ebfn 5 n\u0103m<\/p>\n<\/li>\n<li data-section-id=\"clxdzw\" data-start=\"2393\" data-end=\"2451\">\n<p data-start=\"2395\" data-end=\"2451\">H\u1ed7 tr\u1ee3 k\u1ef9 thu\u1eadt v\u00e0 b\u1ea3o h\u00e0nh tr\u1ef1c ti\u1ebfp, nhanh ch\u00f3ng<\/p>\n<\/li>\n<li data-section-id=\"1igry2p\" data-start=\"2452\" data-end=\"2502\">\n<p data-start=\"2454\" data-end=\"2502\">T\u01b0 v\u1ea5n gi\u1ea3i ph\u00e1p h\u1ec7 th\u1ed1ng ph\u00f9 h\u1ee3p t\u1eebng d\u1ef1 \u00e1n<\/p>\n<\/li>\n<\/ul>\n<p data-start=\"2504\" data-end=\"2573\">\ud83d\udcde Li\u00ean h\u1ec7 ngay \u0111\u1ec3 \u0111\u01b0\u1ee3c t\u01b0 v\u1ea5n chi ti\u1ebft v\u00e0 nh\u1eadn b\u00e1o gi\u00e1 t\u1ed1t nh\u1ea5t.<\/p>\n<div dir=\"auto\">\u2014\u2014\u2014\u2014\u2014\u2014\u2014\u2014\u2014\u2014\u2014\u2013<\/div>\n<div dir=\"auto\"><a href=\"https:\/\/www.facebook.com\/DienMatTroi.SolarQuangBinh\">CH\u1eccN THU\u1eacN PHONG \u2013 CH\u1eccN S\u1ef0 AN T\u00c2M<\/a><br \/>\nHotline: 0869.564.567<br \/>\nKinh doanh: 0867.577.357<br \/>\nK\u1ef9 thu\u1eadt: 0899.768.777<br \/>\nService: 0867.118.636<br \/>\nTr\u1ee5 s\u1edf ch\u00ednh: 30 Nguy\u1ec5n H\u1eefu D\u1eadt, ph\u01b0\u1eddng \u0110\u1ed3ng H\u1edbi, t\u1ec9nh Qu\u1ea3ng Tr\u1ecb, Vi\u1ec7t Nam<br \/>\nTr\u1ee5 s\u1edf H\u00e0 N\u1ed9i: Nh\u00e0 ph\u1ed1 th\u01b0\u01a1ng m\u1ea1i Khai S\u01a1n Town s\u1ed1 18 thu\u1ed9c Town 7, khu \u0111\u00f4 th\u1ecb Khai S\u01a1n City, ph\u01b0\u1eddng B\u1ed3 \u0110\u1ec1, Th\u00e0nh ph\u1ed1 H\u00e0 N\u1ed9i<br \/>\nWebsite:\u00a0<a href=\"https:\/\/tpenergy.com.vn\/\">https:\/\/tpenergy.com.vn\/<\/a><br \/>\nShopee:\u00a0<a href=\"https:\/\/shopee.vn\/thuanphongenergy?entryPoint=ShopBySearch&amp;searchKeyword=thu%E1%BA%ADn%20phong%20solar%20energy\">https:\/\/byvn.net\/E1oJ<\/a><br \/>\nLazada:\u00a0<a href=\"https:\/\/byvn.net\/VYPr\">https:\/\/byvn.net\/VYPr<\/a><\/div>\n","protected":false},"excerpt":{"rendered":"<h2>V\u1ec1 s\u1ea3n ph\u1ea9m:<\/h2>\n<ul>\n<li>\n<div id=\"input_line_0\"><span id=\"input_part_0\" class=\"\" data-mention=\"\u0110i\u1ec7n \u00e1p ho\u1ea1t \u0111\u1ed9ng: 200 ~ 1000Vdc\">\u0110i\u1ec7n \u00e1p ho\u1ea1t \u0111\u1ed9ng: 200 ~ 1000Vdc<\/span><\/div>\n<\/li>\n<li>\n<div id=\"input_line_0\"><span id=\"input_part_0\" class=\"\" data-mention=\"\u0110i\u1ec7n \u00e1p ho\u1ea1t \u0111\u1ed9ng: 200 ~ 1000Vdc\"><\/span><span id=\"input_part_0\" class=\"\" data-mention=\"D\u00f2ng \u0111i\u1ec7n s\u1ea1c\/x\u1ea3 \u0111\u1ecbnh m\u1ee9c: 180A\">D\u00f2ng \u0111i\u1ec7n s\u1ea1c\/x\u1ea3 \u0111\u1ecbnh m\u1ee9c: 180A<\/span><\/div>\n<\/li>\n<li>\n<div id=\"input_line_0\"><span id=\"input_part_0\" class=\"\" data-mention=\"D\u00f2ng \u0111i\u1ec7n s\u1ea1c\/x\u1ea3 \u0111\u1ecbnh m\u1ee9c: 180A\"><\/span><span id=\"input_part_0\" class=\"\" data-mention=\"Nhi\u1ec7t \u0111\u1ed9 ho\u1ea1t \u0111\u1ed9ng: -20 ~ 60\u00b0C\">Nhi\u1ec7t \u0111\u1ed9 ho\u1ea1t \u0111\u1ed9ng: -20 ~ 60\u00b0C<\/span><\/div>\n<\/li>\n<li>\n<div id=\"input_line_0\"><span id=\"input_part_0\" class=\"\" data-mention=\"Nhi\u1ec7t \u0111\u1ed9 ho\u1ea1t \u0111\u1ed9ng: -20 ~ 60\u00b0C\"><\/span><span id=\"input_part_0\" class=\"\" data-mention=\"Ngu\u1ed3n c\u1ea5p ph\u1ee5 tr\u1ee3 AC: 220 \u00b110% VAC \/ 2A\">Ngu\u1ed3n c\u1ea5p ph\u1ee5 tr\u1ee3 AC: 220 \u00b110% VAC \/ 2A<\/span><\/div>\n<\/li>\n<li>\n<div id=\"input_line_0\"><span id=\"input_part_0\" class=\"\" data-mention=\"Ngu\u1ed3n c\u1ea5p ph\u1ee5 tr\u1ee3 AC: 220 \u00b110% VAC \/ 2A\"><\/span><span id=\"input_part_0\" class=\"\" data-mention=\"Ti\u00eau chu\u1ea9n b\u1ea3o v\u1ec7: IP20\">Ti\u00eau chu\u1ea9n b\u1ea3o v\u1ec7: IP20<\/span><\/div>\n<\/li>\n<li>\n<div id=\"input_line_0\"><span id=\"input_part_0\" class=\"\" data-mention=\"Ti\u00eau chu\u1ea9n b\u1ea3o v\u1ec7: IP20\"><\/span><span id=\"input_part_0\" class=\"\" data-mention=\"K\u00edch th\u01b0\u1edbc (W \u00d7 H \u00d7 D): 788.6 \u00d7 526 \u00d7 167.2 mm\">K\u00edch th\u01b0\u1edbc (W \u00d7 H \u00d7 D): 788.6 \u00d7 526 \u00d7 167.2 mm<\/span><\/div>\n<\/li>\n<li>\n<div id=\"input_line_0\"><span id=\"input_part_0\" class=\"\" data-mention=\"K\u00edch th\u01b0\u1edbc (W \u00d7 H \u00d7 D): 788.6 \u00d7 526 \u00d7 167.2 mm\"><\/span><span id=\"input_part_0\" class=\"\" data-mention=\"Tr\u1ecdng l\u01b0\u1ee3ng: 32 kg\">Tr\u1ecdng l\u01b0\u1ee3ng: 32 kg<\/span><\/div>\n<\/li>\n<li>B\u1ea3o h\u00e0nh: 5 n\u0103m<\/li>\n<\/ul>\n<h3><i class=\"fas fa-download\"><\/i> Download<\/h3>\n<ul>\n<li style=\"list-style-type: none\">\n<ul>\n<li><a href=\"https:\/\/tpenergy.com.vn\/wp-content\/uploads\/2026\/03\/deye-bos-b-pro-a3-seriesbrochure-1765771375.pdf\">Datasheet<\/a><\/li>\n<\/ul>\n<\/li>\n<\/ul>\n<p>&nbsp;<\/p>\n","protected":false},"featured_media":7514,"comment_status":"open","ping_status":"closed","template":"","meta":{"_eb_attr":""},"product_cat":[1109],"product_tag":[1253,1680,1681,1675,1671,1261,1679,1674,1678,1672,1676,1673,1683,1677,1682],"class_list":{"0":"post-7479","1":"product","2":"type-product","3":"status-publish","4":"has-post-thumbnail","6":"product_cat-ci","7":"product_tag-bms-deye","8":"product_tag-bms-he-thong-luu-tru-nang-luong","9":"product_tag-bms-inverter-hybrid","10":"product_tag-bms-pin-lithium","11":"product_tag-bms-pin-luu-tru","12":"product_tag-bo-dieu-khien-pin-deye","13":"product_tag-bo-phan-phoi-pin-deye","14":"product_tag-bo-quan-ly-pin-ap-cao","15":"product_tag-bos-b-pdu-2-a","16":"product_tag-deye-bos-b-pdu-2-a","17":"product_tag-he-thong-pin-luu-tru-deye","18":"product_tag-pdu-pin-luu-tru","19":"product_tag-phu-kien-he-thong-luu-tru-dien-mat-troi","20":"product_tag-phu-kien-pin-luu-tru","21":"product_tag-thiet-bi-quan-ly-pin-nang-luong-mat-troi","22":"pa_gia-khong-lap-dat","23":"pa_gia-lap-dat","25":"first","26":"instock","27":"shipping-taxable","28":"purchasable","29":"product-type-variable"},"yoast_head":"<!-- This site is optimized with the Yoast SEO plugin v20.9 - https:\/\/yoast.com\/wordpress\/plugins\/seo\/ -->\r\n<title>BMS cho h\u1ec7 \u00e1p cao C&amp;I BOS-B-PDU-2-A<\/title>\r\n<meta name=\"description\" content=\"BMS h\u1ec7 \u00e1p cao C&amp;I BOS-B-PDU-2-A qu\u1ea3n l\u00fd pin l\u01b0u tr\u1eef an to\u00e0n, \u1ed5n \u0111\u1ecbnh cho h\u1ec7 th\u1ed1ng \u0111i\u1ec7n m\u1eb7t tr\u1eddi th\u01b0\u01a1ng m\u1ea1i &amp; c\u00f4ng nghi\u1ec7p. Gi\u00e1m s\u00e1t th\u00f4ng minh, t\u1ed1i \u01b0u hi\u1ec7u su\u1ea5t, \u0111\u1ed9 b\u1ec1n cao.\" \/>\r\n<meta name=\"robots\" content=\"index, follow, max-snippet:-1, max-image-preview:large, max-video-preview:-1\" \/>\r\n<link rel=\"canonical\" href=\"https:\/\/tpenergy.com.vn\/?product=bos-b-pdu-2-a\" \/>\r\n<meta property=\"og:locale\" content=\"vi_VN\" \/>\r\n<meta property=\"og:type\" content=\"article\" \/>\r\n<meta property=\"og:title\" content=\"BMS cho h\u1ec7 \u00e1p cao C&amp;I BOS-B-PDU-2-A\" \/>\r\n<meta property=\"og:description\" content=\"BMS h\u1ec7 \u00e1p cao C&amp;I BOS-B-PDU-2-A qu\u1ea3n l\u00fd pin l\u01b0u tr\u1eef an to\u00e0n, \u1ed5n \u0111\u1ecbnh cho h\u1ec7 th\u1ed1ng \u0111i\u1ec7n m\u1eb7t tr\u1eddi th\u01b0\u01a1ng m\u1ea1i &amp; c\u00f4ng nghi\u1ec7p. Gi\u00e1m s\u00e1t th\u00f4ng minh, t\u1ed1i \u01b0u hi\u1ec7u su\u1ea5t, \u0111\u1ed9 b\u1ec1n cao.\" \/>\r\n<meta property=\"og:url\" content=\"https:\/\/tpenergy.com.vn\/?product=bos-b-pdu-2-a\" \/>\r\n<meta property=\"og:site_name\" content=\"Thuan Phong Solar Energy\" \/>\r\n<meta property=\"article:modified_time\" content=\"2026-03-24T07:23:40+00:00\" \/>\r\n<meta property=\"og:image\" content=\"https:\/\/tpenergy.com.vn\/wp-content\/uploads\/2026\/03\/bms-dlia-deye-bos-b-bos-b-pdu-2-700x700-preview.png\" \/>\r\n\t<meta property=\"og:image:width\" content=\"696\" \/>\r\n\t<meta property=\"og:image:height\" content=\"850\" \/>\r\n\t<meta property=\"og:image:type\" content=\"image\/png\" \/>\r\n<meta name=\"twitter:card\" content=\"summary_large_image\" \/>\r\n<meta name=\"twitter:label1\" content=\"\u01af\u1edbc t\u00ednh th\u1eddi gian \u0111\u1ecdc\" \/>\n\t<meta name=\"twitter:data1\" content=\"3 ph\u00fat\" \/>\r\n<script type=\"application\/ld+json\" class=\"yoast-schema-graph\">{\"@context\":\"https:\/\/schema.org\",\"@graph\":[{\"@type\":\"WebPage\",\"@id\":\"https:\/\/tpenergy.com.vn\/?product=bos-b-pdu-2-a\",\"url\":\"https:\/\/tpenergy.com.vn\/?product=bos-b-pdu-2-a\",\"name\":\"BMS cho h\u1ec7 \u00e1p cao C&I BOS-B-PDU-2-A\",\"isPartOf\":{\"@id\":\"https:\/\/tpenergy.com.vn\/#website\"},\"datePublished\":\"2026-03-16T03:16:35+00:00\",\"dateModified\":\"2026-03-24T07:23:40+00:00\",\"description\":\"BMS h\u1ec7 \u00e1p cao C&I BOS-B-PDU-2-A qu\u1ea3n l\u00fd pin l\u01b0u tr\u1eef an to\u00e0n, \u1ed5n \u0111\u1ecbnh cho h\u1ec7 th\u1ed1ng \u0111i\u1ec7n m\u1eb7t tr\u1eddi th\u01b0\u01a1ng m\u1ea1i & c\u00f4ng nghi\u1ec7p. Gi\u00e1m s\u00e1t th\u00f4ng minh, t\u1ed1i \u01b0u hi\u1ec7u su\u1ea5t, \u0111\u1ed9 b\u1ec1n cao.\",\"breadcrumb\":{\"@id\":\"https:\/\/tpenergy.com.vn\/?product=bos-b-pdu-2-a#breadcrumb\"},\"inLanguage\":\"vi\",\"potentialAction\":[{\"@type\":\"ReadAction\",\"target\":[\"https:\/\/tpenergy.com.vn\/?product=bos-b-pdu-2-a\"]}]},{\"@type\":\"BreadcrumbList\",\"@id\":\"https:\/\/tpenergy.com.vn\/?product=bos-b-pdu-2-a#breadcrumb\",\"itemListElement\":[{\"@type\":\"ListItem\",\"position\":1,\"name\":\"Trang ch\u1ee7\",\"item\":\"https:\/\/tpenergy.com.vn\/\"},{\"@type\":\"ListItem\",\"position\":2,\"name\":\"Shop\",\"item\":\"https:\/\/tpenergy.com.vn\/?page_id=5\"},{\"@type\":\"ListItem\",\"position\":3,\"name\":\"PIN L\u01afU TR\u1eee\",\"item\":\"https:\/\/tpenergy.com.vn\/?product_cat=pinluutru\"},{\"@type\":\"ListItem\",\"position\":4,\"name\":\"PIN LITHIUM DEYE\",\"item\":\"https:\/\/tpenergy.com.vn\/?product_cat=pin-lithium-deye\"},{\"@type\":\"ListItem\",\"position\":5,\"name\":\"DEYE\",\"item\":\"https:\/\/tpenergy.com.vn\/?product_cat=ci\"},{\"@type\":\"ListItem\",\"position\":6,\"name\":\"BMS cho h\u1ec7 \u00e1p cao C&amp;I BOS-B-PDU-2-A\"}]},{\"@type\":\"WebSite\",\"@id\":\"https:\/\/tpenergy.com.vn\/#website\",\"url\":\"https:\/\/tpenergy.com.vn\/\",\"name\":\"Thuan Phong Solar Energy\",\"description\":\"\",\"potentialAction\":[{\"@type\":\"SearchAction\",\"target\":{\"@type\":\"EntryPoint\",\"urlTemplate\":\"https:\/\/tpenergy.com.vn\/?s={search_term_string}\"},\"query-input\":\"required name=search_term_string\"}],\"inLanguage\":\"vi\"}]}<\/script>\r\n<!-- \/ Yoast SEO plugin. -->","yoast_head_json":{"title":"BMS cho h\u1ec7 \u00e1p cao C&I BOS-B-PDU-2-A","description":"BMS h\u1ec7 \u00e1p cao C&I BOS-B-PDU-2-A qu\u1ea3n l\u00fd pin l\u01b0u tr\u1eef an to\u00e0n, \u1ed5n \u0111\u1ecbnh cho h\u1ec7 th\u1ed1ng \u0111i\u1ec7n m\u1eb7t tr\u1eddi th\u01b0\u01a1ng m\u1ea1i & c\u00f4ng nghi\u1ec7p. Gi\u00e1m s\u00e1t th\u00f4ng minh, t\u1ed1i \u01b0u hi\u1ec7u su\u1ea5t, \u0111\u1ed9 b\u1ec1n cao.","robots":{"index":"index","follow":"follow","max-snippet":"max-snippet:-1","max-image-preview":"max-image-preview:large","max-video-preview":"max-video-preview:-1"},"canonical":"https:\/\/tpenergy.com.vn\/?product=bos-b-pdu-2-a","og_locale":"vi_VN","og_type":"article","og_title":"BMS cho h\u1ec7 \u00e1p cao C&I BOS-B-PDU-2-A","og_description":"BMS h\u1ec7 \u00e1p cao C&I BOS-B-PDU-2-A qu\u1ea3n l\u00fd pin l\u01b0u tr\u1eef an to\u00e0n, \u1ed5n \u0111\u1ecbnh cho h\u1ec7 th\u1ed1ng \u0111i\u1ec7n m\u1eb7t tr\u1eddi th\u01b0\u01a1ng m\u1ea1i & c\u00f4ng nghi\u1ec7p. Gi\u00e1m s\u00e1t th\u00f4ng minh, t\u1ed1i \u01b0u hi\u1ec7u su\u1ea5t, \u0111\u1ed9 b\u1ec1n cao.","og_url":"https:\/\/tpenergy.com.vn\/?product=bos-b-pdu-2-a","og_site_name":"Thuan Phong Solar Energy","article_modified_time":"2026-03-24T07:23:40+00:00","og_image":[{"width":696,"height":850,"url":"https:\/\/tpenergy.com.vn\/wp-content\/uploads\/2026\/03\/bms-dlia-deye-bos-b-bos-b-pdu-2-700x700-preview.png","type":"image\/png"}],"twitter_card":"summary_large_image","twitter_misc":{"\u01af\u1edbc t\u00ednh th\u1eddi gian \u0111\u1ecdc":"3 ph\u00fat"},"schema":{"@context":"https:\/\/schema.org","@graph":[{"@type":"WebPage","@id":"https:\/\/tpenergy.com.vn\/?product=bos-b-pdu-2-a","url":"https:\/\/tpenergy.com.vn\/?product=bos-b-pdu-2-a","name":"BMS cho h\u1ec7 \u00e1p cao C&I BOS-B-PDU-2-A","isPartOf":{"@id":"https:\/\/tpenergy.com.vn\/#website"},"datePublished":"2026-03-16T03:16:35+00:00","dateModified":"2026-03-24T07:23:40+00:00","description":"BMS h\u1ec7 \u00e1p cao C&I BOS-B-PDU-2-A qu\u1ea3n l\u00fd pin l\u01b0u tr\u1eef an to\u00e0n, \u1ed5n \u0111\u1ecbnh cho h\u1ec7 th\u1ed1ng \u0111i\u1ec7n m\u1eb7t tr\u1eddi th\u01b0\u01a1ng m\u1ea1i & c\u00f4ng nghi\u1ec7p. Gi\u00e1m s\u00e1t th\u00f4ng minh, t\u1ed1i \u01b0u hi\u1ec7u su\u1ea5t, \u0111\u1ed9 b\u1ec1n cao.","breadcrumb":{"@id":"https:\/\/tpenergy.com.vn\/?product=bos-b-pdu-2-a#breadcrumb"},"inLanguage":"vi","potentialAction":[{"@type":"ReadAction","target":["https:\/\/tpenergy.com.vn\/?product=bos-b-pdu-2-a"]}]},{"@type":"BreadcrumbList","@id":"https:\/\/tpenergy.com.vn\/?product=bos-b-pdu-2-a#breadcrumb","itemListElement":[{"@type":"ListItem","position":1,"name":"Trang ch\u1ee7","item":"https:\/\/tpenergy.com.vn\/"},{"@type":"ListItem","position":2,"name":"Shop","item":"https:\/\/tpenergy.com.vn\/?page_id=5"},{"@type":"ListItem","position":3,"name":"PIN L\u01afU TR\u1eee","item":"https:\/\/tpenergy.com.vn\/?product_cat=pinluutru"},{"@type":"ListItem","position":4,"name":"PIN LITHIUM DEYE","item":"https:\/\/tpenergy.com.vn\/?product_cat=pin-lithium-deye"},{"@type":"ListItem","position":5,"name":"DEYE","item":"https:\/\/tpenergy.com.vn\/?product_cat=ci"},{"@type":"ListItem","position":6,"name":"BMS cho h\u1ec7 \u00e1p cao C&amp;I BOS-B-PDU-2-A"}]},{"@type":"WebSite","@id":"https:\/\/tpenergy.com.vn\/#website","url":"https:\/\/tpenergy.com.vn\/","name":"Thuan Phong Solar Energy","description":"","potentialAction":[{"@type":"SearchAction","target":{"@type":"EntryPoint","urlTemplate":"https:\/\/tpenergy.com.vn\/?s={search_term_string}"},"query-input":"required name=search_term_string"}],"inLanguage":"vi"}]}},"_links":{"self":[{"href":"https:\/\/tpenergy.com.vn\/index.php?rest_route=\/wp\/v2\/product\/7479"}],"collection":[{"href":"https:\/\/tpenergy.com.vn\/index.php?rest_route=\/wp\/v2\/product"}],"about":[{"href":"https:\/\/tpenergy.com.vn\/index.php?rest_route=\/wp\/v2\/types\/product"}],"replies":[{"embeddable":true,"href":"https:\/\/tpenergy.com.vn\/index.php?rest_route=%2Fwp%2Fv2%2Fcomments&post=7479"}],"wp:featuredmedia":[{"embeddable":true,"href":"https:\/\/tpenergy.com.vn\/index.php?rest_route=\/wp\/v2\/media\/7514"}],"wp:attachment":[{"href":"https:\/\/tpenergy.com.vn\/index.php?rest_route=%2Fwp%2Fv2%2Fmedia&parent=7479"}],"wp:term":[{"taxonomy":"product_cat","embeddable":true,"href":"https:\/\/tpenergy.com.vn\/index.php?rest_route=%2Fwp%2Fv2%2Fproduct_cat&post=7479"},{"taxonomy":"product_tag","embeddable":true,"href":"https:\/\/tpenergy.com.vn\/index.php?rest_route=%2Fwp%2Fv2%2Fproduct_tag&post=7479"}],"curies":[{"name":"wp","href":"https:\/\/api.w.org\/{rel}","templated":true}]}}