{"id":7467,"date":"2026-03-14T15:20:25","date_gmt":"2026-03-14T08:20:25","guid":{"rendered":"https:\/\/tpenergy.com.vn\/?post_type=product&#038;p=7467"},"modified":"2026-03-24T14:28:47","modified_gmt":"2026-03-24T07:28:47","slug":"bos-b-pro-a3","status":"publish","type":"product","link":"https:\/\/tpenergy.com.vn\/?product=bos-b-pro-a3","title":{"rendered":"Pin L\u01b0u Tr\u1eef Deye 16.08kWh 51.2V 314Ah \u00c1p Cao BOS-B Pro-A3"},"content":{"rendered":"<h1 data-start=\"113\" data-end=\"360\">Pin L\u01b0u Tr\u1eef Deye 16.08kWh 51.2V 314Ah \u00c1p Cao BOS-B Pro-A3<\/h1>\n<p data-start=\"113\" data-end=\"360\">Pin l\u01b0u tr\u1eef Deye 16.08kWh s\u1eed d\u1ee5ng c\u00f4ng ngh\u1ec7 LFP ti\u00ean ti\u1ebfn, \u0111\u01b0\u1ee3c ph\u00e1t tri\u1ec3n chuy\u00ean bi\u1ec7t cho c\u00e1c h\u1ec7 th\u1ed1ng l\u01b0u tr\u1eef n\u0103ng l\u01b0\u1ee3ng th\u01b0\u01a1ng m\u1ea1i v\u00e0 c\u00f4ng nghi\u1ec7p (C&amp;I). BOS-B Pro-A3 trang b\u1ecb h\u1ec7 th\u1ed1ng qu\u1ea3n l\u00fd BMS th\u00f4ng minh, v\u00f2ng \u0111\u1eddi \u22656000 chu k\u1ef3 c\u00f9ng DOD 90%. Pin l\u01b0u tr\u1eef Lithium Deye BOS-B Pro-A3 \u0111\u00e1p \u1ee9ng t\u1ed1t nhu c\u1ea7u v\u1ec1 \u0111\u1ed9 an to\u00e0n, \u1ed5n \u0111\u1ecbnh v\u00e0 kh\u1ea3 n\u0103ng v\u1eadn h\u00e0nh li\u00ean t\u1ee5c 24\/7 c\u1ee7a c\u00e1c d\u1ef1 \u00e1n quy m\u00f4 l\u1edbn.<\/p>\n<p>Deye l\u00e0 m\u1ed9t trong nh\u1eefng th\u01b0\u01a1ng hi\u1ec7u h\u00e0ng \u0111\u1ea7u, trong l\u0129nh v\u1ef1c cung c\u1ea5p Inverter v\u00e0 pin l\u01b0u tr\u1eef tr\u00ean th\u1ebf gi\u1edbi. Trong \u0111\u00f3, pin l\u01b0u tr\u1eef \u0111i\u1ec7n m\u1eb7t tr\u1eddi BOS-B Pro-A3 l\u00e0 d\u00f2ng s\u1ea3n ph\u1ea9m m\u1edbi nh\u1ea5t, chuy\u00ean d\u1ee5ng cho c\u00e1c h\u1ec7 th\u1ed1ng C&amp;I \u0111\u01b0\u1ee3c nhi\u1ec1u ch\u1ee7 \u0111\u1ea7u t\u01b0 \u201cs\u0103n \u0111\u00f3n\u201d. Pin l\u01b0u tr\u1eef Deye 16.08kWh \u00e1p cao \u0111\u00f3ng vai tr\u00f2 quan tr\u1ecdng, gi\u00fap cung c\u1ea5p ngu\u1ed3n \u0111i\u1ec7n d\u1ef1 ph\u00f2ng \u1ed5n \u0111\u1ecbnh, khi \u0111i\u1ec7n l\u01b0\u1edbi y\u1ebfu ho\u1eb7c m\u1ea5t \u0111\u1ed9t ng\u1ed9t.<\/p>\n<p data-start=\"113\" data-end=\"360\">M\u1ed7i module pin BOS-B Pro-A3 c\u00f3 dung l\u01b0\u1ee3ng 16.08kWh \u2013 51.2V \u2013 314Ah, cho ph\u00e9p m\u1eafc n\u1ed1i ti\u1ebfp l\u00ean \u0111\u1ebfn 16 module\/rack. T\u1eeb \u0111\u00f3 t\u1ea1o th\u00e0nh c\u1ee5m pin c\u00f3 dung l\u01b0\u1ee3ng \u0111\u1ebfn 241.15kWh, \u1edf m\u1ee9c \u0111i\u1ec7n \u00e1p 768 VDC \u2013 c\u1ea5u h\u00ecnh l\u00fd t\u01b0\u1edfng cho c\u00e1c h\u1ec7 ESS t\u1eeb 100kW \u0111\u1ebfn h\u00e0ng MW. S\u1ea3n ph\u1ea9m \u0111\u01b0\u1ee3c Thu\u1eadn Phong Energy ph\u00e2n ph\u1ed1i ch\u00ednh h\u00e3ng t\u1ea1i Vi\u1ec7t Nam, b\u1ea3o h\u00e0nh 5 n\u0103m theo quy \u0111\u1ecbnh nh\u00e0 s\u1ea3n xu\u1ea5t.<\/p>\n<h2 data-start=\"113\" data-end=\"360\">Th\u00f4ng S\u1ed1 K\u1ef9 Thu\u1eadt BOS-B Pro-A3<\/h2>\n<ul>\n<li data-start=\"113\" data-end=\"360\">N\u0103ng l\u01b0\u1ee3ng Module Pin (kWh): 16.08<\/li>\n<li data-start=\"113\" data-end=\"360\">\u0110i\u1ec7n \u00e1p \u0111\u1ecbnh m\u1ee9c c\u1ee7a Module pin (V): 51.2<\/li>\n<li data-start=\"113\" data-end=\"360\">Dung l\u01b0\u1ee3ng Module pin (Ah): 314Ah<\/li>\n<li data-start=\"113\" data-end=\"360\">Tr\u1ecdng l\u01b0\u1ee3ng (kg): 123<\/li>\n<li data-start=\"113\" data-end=\"360\">S\u1ed1 l\u01b0\u1ee3ng Module pin m\u1eafc n\u1ed1i ti\u1ebfp (T\u00f9y ch\u1ecdn): 15<\/li>\n<li data-start=\"113\" data-end=\"360\">Kh\u1ea3 n\u0103ng m\u1edf r\u1ed9ng:<\/li>\n<li data-start=\"113\" data-end=\"360\">14-16 thi\u1ebft b\u1ecb cho c\u00e1c \u1ee9ng d\u1ee5ng PCS n\u1ed1i l\u01b0\u1edbi<\/li>\n<li data-start=\"113\" data-end=\"360\">15-16 thi\u1ebft b\u1ecb cho c\u00e1c \u1ee9ng d\u1ee5ng PCS ngo\u00e0i l\u01b0\u1edbi \u0111i\u1ec7n;<\/li>\n<li data-start=\"113\" data-end=\"360\">5-15 thi\u1ebft b\u1ecb cho h\u1ec7 th\u1ed1ng Hybrid<\/li>\n<li data-start=\"113\" data-end=\"360\">\u0110i\u1ec7n \u00e1p \u0111\u1ecbnh m\u1ee9c c\u1ee7a h\u1ec7 th\u1ed1ng (V): 768<\/li>\n<li data-start=\"113\" data-end=\"360\">N\u0103ng l\u01b0\u1ee3ng h\u1ec7 th\u1ed1ng (kWh): 241.15<\/li>\n<li data-start=\"113\" data-end=\"360\">N\u0103ng l\u01b0\u1ee3ng kh\u1ea3 d\u1ee5ng c\u1ee7a h\u1ec7 th\u1ed1ng (kWh): 217.04<\/li>\n<li data-start=\"113\" data-end=\"360\">D\u00f2ng \u0111i\u1ec7n s\u1ea1c\/x\u1ea3 t\u1ed1i \u0111a (A): 180<\/li>\n<\/ul>\n<h2>T\u00ednh N\u0103ng N\u1ed5i B\u1eadt Pin L\u01b0u Tr\u1eef \u0110i\u1ec7n M\u1eb7t Tr\u1eddi Deye BOS-B Pro-A3<\/h2>\n<ul>\n<li>Chuy\u1ec3n m\u1ea1ch nhanh &amp; \u1ed5n \u0111\u1ecbnh ngu\u1ed3n \u0111i\u1ec7n<\/li>\n<li>Dung l\u01b0\u1ee3ng l\u01b0u tr\u1eef l\u1edbn<\/li>\n<li>BMS th\u00f4ng minh \u2013 K\u00e9o d\u00e0i tu\u1ed5i th\u1ecd pin<\/li>\n<li>T\u00edch h\u1ee3p EMS \u2013 T\u1ed1i \u01b0u chi ph\u00ed \u0111i\u1ec7n theo bi\u1ec3u gi\u00e1 ToU<\/li>\n<li>Pin l\u01b0u tr\u1eef Deye 16.08kWh d\u1ec5 d\u00e0ng b\u1ea3o tr\u00ec<\/li>\n<\/ul>\n<p><img loading=\"lazy\" decoding=\"async\" class=\"aligncenter size-full wp-image-7465\" src=\"https:\/\/tpenergy.com.vn\/wp-content\/uploads\/2026\/03\/deye-bos-b-pro-a3-seriesbrochure-1765771375-hinh-anh-5-scaled.jpg\" alt=\"\" width=\"1886\" height=\"2560\" srcset=\"https:\/\/tpenergy.com.vn\/wp-content\/uploads\/2026\/03\/deye-bos-b-pro-a3-seriesbrochure-1765771375-hinh-anh-5-scaled.jpg 1886w, https:\/\/tpenergy.com.vn\/wp-content\/uploads\/2026\/03\/deye-bos-b-pro-a3-seriesbrochure-1765771375-hinh-anh-5-768x1042.jpg 768w, https:\/\/tpenergy.com.vn\/wp-content\/uploads\/2026\/03\/deye-bos-b-pro-a3-seriesbrochure-1765771375-hinh-anh-5-1132x1536.jpg 1132w, https:\/\/tpenergy.com.vn\/wp-content\/uploads\/2026\/03\/deye-bos-b-pro-a3-seriesbrochure-1765771375-hinh-anh-5-1509x2048.jpg 1509w, https:\/\/tpenergy.com.vn\/wp-content\/uploads\/2026\/03\/deye-bos-b-pro-a3-seriesbrochure-1765771375-hinh-anh-5-247x335.jpg 247w, https:\/\/tpenergy.com.vn\/wp-content\/uploads\/2026\/03\/deye-bos-b-pro-a3-seriesbrochure-1765771375-hinh-anh-5-510x692.jpg 510w\" sizes=\"(max-width: 1886px) 100vw, 1886px\" \/><\/p>\n<div dir=\"auto\">\u2014\u2014\u2014\u2014\u2014\u2014\u2014\u2014\u2014\u2014\u2014\u2013<\/div>\n<div dir=\"auto\"><a href=\"https:\/\/www.facebook.com\/DienMatTroi.SolarQuangBinh\">CH\u1eccN THU\u1eacN PHONG \u2013 CH\u1eccN S\u1ef0 AN T\u00c2M<\/a><br \/>\nHotline: 0869.564.567<br \/>\nKinh doanh: 0867.577.357<br \/>\nK\u1ef9 thu\u1eadt: 0899.768.777<br \/>\nService: 0867.118.636<br \/>\nTr\u1ee5 s\u1edf ch\u00ednh: 30 Nguy\u1ec5n H\u1eefu D\u1eadt, ph\u01b0\u1eddng \u0110\u1ed3ng H\u1edbi, t\u1ec9nh Qu\u1ea3ng Tr\u1ecb, Vi\u1ec7t Nam<br \/>\nTr\u1ee5 s\u1edf H\u00e0 N\u1ed9i: Nh\u00e0 ph\u1ed1 th\u01b0\u01a1ng m\u1ea1i Khai S\u01a1n Town s\u1ed1 18 thu\u1ed9c Town 7, khu \u0111\u00f4 th\u1ecb Khai S\u01a1n City, ph\u01b0\u1eddng B\u1ed3 \u0110\u1ec1, Th\u00e0nh ph\u1ed1 H\u00e0 N\u1ed9i<br \/>\nWebsite:\u00a0<a href=\"https:\/\/tpenergy.com.vn\/\">https:\/\/tpenergy.com.vn\/<\/a><br \/>\nShopee:\u00a0<a href=\"https:\/\/shopee.vn\/thuanphongenergy?entryPoint=ShopBySearch&amp;searchKeyword=thu%E1%BA%ADn%20phong%20solar%20energy\">https:\/\/byvn.net\/E1oJ<\/a><br \/>\nLazada:\u00a0<a href=\"https:\/\/byvn.net\/VYPr\">https:\/\/byvn.net\/VYPr<\/a><\/div>\n","protected":false},"excerpt":{"rendered":"<h2>V\u1ec1 s\u1ea3n ph\u1ea9m:<\/h2>\n<ul>\n<li>N\u0103ng l\u01b0\u1ee3ng Module Pin (kWh): 16.08<\/li>\n<li>\u0110i\u1ec7n \u00e1p \u0111\u1ecbnh m\u1ee9c c\u1ee7a Module pin (V): 51.2<\/li>\n<li>Dung l\u01b0\u1ee3ng Module pin (Ah): 314Ah<\/li>\n<li>Tr\u1ecdng l\u01b0\u1ee3ng (kg): 123<\/li>\n<li>S\u1ed1 l\u01b0\u1ee3ng Module pin m\u1eafc n\u1ed1i ti\u1ebfp (T\u00f9y ch\u1ecdn): 15<\/li>\n<li>N\u0103ng l\u01b0\u1ee3ng h\u1ec7 th\u1ed1ng (kWh): 241.15<\/li>\n<li>N\u0103ng l\u01b0\u1ee3ng kh\u1ea3 d\u1ee5ng c\u1ee7a h\u1ec7 th\u1ed1ng (kWh): 217.04<\/li>\n<li>D\u00f2ng \u0111i\u1ec7n s\u1ea1c\/x\u1ea3 t\u1ed1i \u0111a (A): 180<\/li>\n<li>V\u00f2ng \u0111\u1eddi: 25\u00b12\u00b0C, 0.5C \/ 0.5C, EOL 70% \u2265 6000, DOD 90%<\/li>\n<li>B\u1ea3o h\u00e0nh: 5 n\u0103m<\/li>\n<\/ul>\n<h3><i class=\"fas fa-download\"><\/i> Download<\/h3>\n<ul>\n<li style=\"list-style-type: none\">\n<ul>\n<li><a href=\"https:\/\/tpenergy.com.vn\/wp-content\/uploads\/2026\/03\/deye-bos-b-pro-a3-seriesbrochure-1765771375.pdf\">Datasheet<\/a><\/li>\n<\/ul>\n<\/li>\n<\/ul>\n<p>&nbsp;<\/p>\n","protected":false},"featured_media":7503,"comment_status":"open","ping_status":"closed","template":"","meta":{"_eb_attr":""},"product_cat":[1109],"product_tag":[1669,1665,1666,872,1667,1668,805,1174,1060,1670],"class_list":{"0":"post-7467","1":"product","2":"type-product","3":"status-publish","4":"has-post-thumbnail","6":"product_cat-ci","7":"product_tag-battery-deye-bos-b","8":"product_tag-pin-deye-16-08kwh","9":"product_tag-pin-deye-bos-b-pro-a3","10":"product_tag-pin-lifepo4-deye","11":"product_tag-pin-lithium-deye-51-2v","12":"product_tag-pin-luu-tru-ci","13":"product_tag-pin-luu-tru-deye","14":"product_tag-pin-luu-tru-dien-mat-troi","15":"product_tag-pin-luu-tru-ess","16":"product_tag-pin-luu-tru-nang-luong","17":"pa_gia-khong-lap-dat","18":"pa_gia-lap-dat","20":"first","21":"instock","22":"shipping-taxable","23":"purchasable","24":"product-type-variable"},"yoast_head":"<!-- This site is optimized with the Yoast SEO plugin v20.9 - https:\/\/yoast.com\/wordpress\/plugins\/seo\/ -->\r\n<title>Pin L\u01b0u Tr\u1eef Deye \u00c1p Cao BOS-B Pro-A3<\/title>\r\n<meta name=\"description\" content=\"Pin l\u01b0u tr\u1eef \u0111i\u1ec7n m\u1eb7t tr\u1eddi Deye 16.08kWh BOS-B Pro-A3 l\u00e0 i\u1ea3i ph\u00e1p l\u01b0u tr\u1eef n\u0103ng l\u01b0\u1ee3ng C&amp;I \u1ed5n \u0111\u1ecbnh, an to\u00e0n cho h\u1ec7 th\u1ed1ng ESS t\u1eeb 100kW \u0111\u1ebfn MW.\" \/>\r\n<meta name=\"robots\" content=\"index, follow, max-snippet:-1, max-image-preview:large, max-video-preview:-1\" \/>\r\n<link rel=\"canonical\" href=\"https:\/\/tpenergy.com.vn\/?product=bos-b-pro-a3\" \/>\r\n<meta property=\"og:locale\" content=\"vi_VN\" \/>\r\n<meta property=\"og:type\" content=\"article\" \/>\r\n<meta property=\"og:title\" content=\"Pin L\u01b0u Tr\u1eef Deye \u00c1p Cao BOS-B Pro-A3\" \/>\r\n<meta property=\"og:description\" content=\"Pin l\u01b0u tr\u1eef \u0111i\u1ec7n m\u1eb7t tr\u1eddi Deye 16.08kWh BOS-B Pro-A3 l\u00e0 i\u1ea3i ph\u00e1p l\u01b0u tr\u1eef n\u0103ng l\u01b0\u1ee3ng C&amp;I \u1ed5n \u0111\u1ecbnh, an to\u00e0n cho h\u1ec7 th\u1ed1ng ESS t\u1eeb 100kW \u0111\u1ebfn MW.\" \/>\r\n<meta property=\"og:url\" content=\"https:\/\/tpenergy.com.vn\/?product=bos-b-pro-a3\" \/>\r\n<meta property=\"og:site_name\" content=\"Thuan Phong Solar Energy\" \/>\r\n<meta property=\"article:modified_time\" content=\"2026-03-24T07:28:47+00:00\" \/>\r\n<meta property=\"og:image\" content=\"https:\/\/tpenergy.com.vn\/wp-content\/uploads\/2026\/03\/bos-b-a3-550x550-1.png\" \/>\r\n\t<meta property=\"og:image:width\" content=\"550\" \/>\r\n\t<meta property=\"og:image:height\" content=\"550\" \/>\r\n\t<meta property=\"og:image:type\" content=\"image\/png\" \/>\r\n<meta name=\"twitter:card\" content=\"summary_large_image\" \/>\r\n<meta name=\"twitter:label1\" content=\"\u01af\u1edbc t\u00ednh th\u1eddi gian \u0111\u1ecdc\" \/>\n\t<meta name=\"twitter:data1\" content=\"3 ph\u00fat\" \/>\r\n<script type=\"application\/ld+json\" class=\"yoast-schema-graph\">{\"@context\":\"https:\/\/schema.org\",\"@graph\":[{\"@type\":\"WebPage\",\"@id\":\"https:\/\/tpenergy.com.vn\/?product=bos-b-pro-a3\",\"url\":\"https:\/\/tpenergy.com.vn\/?product=bos-b-pro-a3\",\"name\":\"Pin L\u01b0u Tr\u1eef Deye \u00c1p Cao BOS-B Pro-A3\",\"isPartOf\":{\"@id\":\"https:\/\/tpenergy.com.vn\/#website\"},\"datePublished\":\"2026-03-14T08:20:25+00:00\",\"dateModified\":\"2026-03-24T07:28:47+00:00\",\"description\":\"Pin l\u01b0u tr\u1eef \u0111i\u1ec7n m\u1eb7t tr\u1eddi Deye 16.08kWh BOS-B Pro-A3 l\u00e0 i\u1ea3i ph\u00e1p l\u01b0u tr\u1eef n\u0103ng l\u01b0\u1ee3ng C&I \u1ed5n \u0111\u1ecbnh, an to\u00e0n cho h\u1ec7 th\u1ed1ng ESS t\u1eeb 100kW \u0111\u1ebfn MW.\",\"breadcrumb\":{\"@id\":\"https:\/\/tpenergy.com.vn\/?product=bos-b-pro-a3#breadcrumb\"},\"inLanguage\":\"vi\",\"potentialAction\":[{\"@type\":\"ReadAction\",\"target\":[\"https:\/\/tpenergy.com.vn\/?product=bos-b-pro-a3\"]}]},{\"@type\":\"BreadcrumbList\",\"@id\":\"https:\/\/tpenergy.com.vn\/?product=bos-b-pro-a3#breadcrumb\",\"itemListElement\":[{\"@type\":\"ListItem\",\"position\":1,\"name\":\"Trang ch\u1ee7\",\"item\":\"https:\/\/tpenergy.com.vn\/\"},{\"@type\":\"ListItem\",\"position\":2,\"name\":\"Shop\",\"item\":\"https:\/\/tpenergy.com.vn\/?page_id=5\"},{\"@type\":\"ListItem\",\"position\":3,\"name\":\"PIN L\u01afU TR\u1eee\",\"item\":\"https:\/\/tpenergy.com.vn\/?product_cat=pinluutru\"},{\"@type\":\"ListItem\",\"position\":4,\"name\":\"PIN LITHIUM DEYE\",\"item\":\"https:\/\/tpenergy.com.vn\/?product_cat=pin-lithium-deye\"},{\"@type\":\"ListItem\",\"position\":5,\"name\":\"DEYE\",\"item\":\"https:\/\/tpenergy.com.vn\/?product_cat=ci\"},{\"@type\":\"ListItem\",\"position\":6,\"name\":\"Pin L\u01b0u Tr\u1eef Deye 16.08kWh 51.2V 314Ah \u00c1p Cao BOS-B Pro-A3\"}]},{\"@type\":\"WebSite\",\"@id\":\"https:\/\/tpenergy.com.vn\/#website\",\"url\":\"https:\/\/tpenergy.com.vn\/\",\"name\":\"Thuan Phong Solar Energy\",\"description\":\"\",\"potentialAction\":[{\"@type\":\"SearchAction\",\"target\":{\"@type\":\"EntryPoint\",\"urlTemplate\":\"https:\/\/tpenergy.com.vn\/?s={search_term_string}\"},\"query-input\":\"required name=search_term_string\"}],\"inLanguage\":\"vi\"}]}<\/script>\r\n<!-- \/ Yoast SEO plugin. -->","yoast_head_json":{"title":"Pin L\u01b0u Tr\u1eef Deye \u00c1p Cao BOS-B Pro-A3","description":"Pin l\u01b0u tr\u1eef \u0111i\u1ec7n m\u1eb7t tr\u1eddi Deye 16.08kWh BOS-B Pro-A3 l\u00e0 i\u1ea3i ph\u00e1p l\u01b0u tr\u1eef n\u0103ng l\u01b0\u1ee3ng C&I \u1ed5n \u0111\u1ecbnh, an to\u00e0n cho h\u1ec7 th\u1ed1ng ESS t\u1eeb 100kW \u0111\u1ebfn MW.","robots":{"index":"index","follow":"follow","max-snippet":"max-snippet:-1","max-image-preview":"max-image-preview:large","max-video-preview":"max-video-preview:-1"},"canonical":"https:\/\/tpenergy.com.vn\/?product=bos-b-pro-a3","og_locale":"vi_VN","og_type":"article","og_title":"Pin L\u01b0u Tr\u1eef Deye \u00c1p Cao BOS-B Pro-A3","og_description":"Pin l\u01b0u tr\u1eef \u0111i\u1ec7n m\u1eb7t tr\u1eddi Deye 16.08kWh BOS-B Pro-A3 l\u00e0 i\u1ea3i ph\u00e1p l\u01b0u tr\u1eef n\u0103ng l\u01b0\u1ee3ng C&I \u1ed5n \u0111\u1ecbnh, an to\u00e0n cho h\u1ec7 th\u1ed1ng ESS t\u1eeb 100kW \u0111\u1ebfn MW.","og_url":"https:\/\/tpenergy.com.vn\/?product=bos-b-pro-a3","og_site_name":"Thuan Phong Solar Energy","article_modified_time":"2026-03-24T07:28:47+00:00","og_image":[{"width":550,"height":550,"url":"https:\/\/tpenergy.com.vn\/wp-content\/uploads\/2026\/03\/bos-b-a3-550x550-1.png","type":"image\/png"}],"twitter_card":"summary_large_image","twitter_misc":{"\u01af\u1edbc t\u00ednh th\u1eddi gian \u0111\u1ecdc":"3 ph\u00fat"},"schema":{"@context":"https:\/\/schema.org","@graph":[{"@type":"WebPage","@id":"https:\/\/tpenergy.com.vn\/?product=bos-b-pro-a3","url":"https:\/\/tpenergy.com.vn\/?product=bos-b-pro-a3","name":"Pin L\u01b0u Tr\u1eef Deye \u00c1p Cao BOS-B Pro-A3","isPartOf":{"@id":"https:\/\/tpenergy.com.vn\/#website"},"datePublished":"2026-03-14T08:20:25+00:00","dateModified":"2026-03-24T07:28:47+00:00","description":"Pin l\u01b0u tr\u1eef \u0111i\u1ec7n m\u1eb7t tr\u1eddi Deye 16.08kWh BOS-B Pro-A3 l\u00e0 i\u1ea3i ph\u00e1p l\u01b0u tr\u1eef n\u0103ng l\u01b0\u1ee3ng C&I \u1ed5n \u0111\u1ecbnh, an to\u00e0n cho h\u1ec7 th\u1ed1ng ESS t\u1eeb 100kW \u0111\u1ebfn MW.","breadcrumb":{"@id":"https:\/\/tpenergy.com.vn\/?product=bos-b-pro-a3#breadcrumb"},"inLanguage":"vi","potentialAction":[{"@type":"ReadAction","target":["https:\/\/tpenergy.com.vn\/?product=bos-b-pro-a3"]}]},{"@type":"BreadcrumbList","@id":"https:\/\/tpenergy.com.vn\/?product=bos-b-pro-a3#breadcrumb","itemListElement":[{"@type":"ListItem","position":1,"name":"Trang ch\u1ee7","item":"https:\/\/tpenergy.com.vn\/"},{"@type":"ListItem","position":2,"name":"Shop","item":"https:\/\/tpenergy.com.vn\/?page_id=5"},{"@type":"ListItem","position":3,"name":"PIN L\u01afU TR\u1eee","item":"https:\/\/tpenergy.com.vn\/?product_cat=pinluutru"},{"@type":"ListItem","position":4,"name":"PIN LITHIUM DEYE","item":"https:\/\/tpenergy.com.vn\/?product_cat=pin-lithium-deye"},{"@type":"ListItem","position":5,"name":"DEYE","item":"https:\/\/tpenergy.com.vn\/?product_cat=ci"},{"@type":"ListItem","position":6,"name":"Pin L\u01b0u Tr\u1eef Deye 16.08kWh 51.2V 314Ah \u00c1p Cao BOS-B Pro-A3"}]},{"@type":"WebSite","@id":"https:\/\/tpenergy.com.vn\/#website","url":"https:\/\/tpenergy.com.vn\/","name":"Thuan Phong Solar Energy","description":"","potentialAction":[{"@type":"SearchAction","target":{"@type":"EntryPoint","urlTemplate":"https:\/\/tpenergy.com.vn\/?s={search_term_string}"},"query-input":"required name=search_term_string"}],"inLanguage":"vi"}]}},"_links":{"self":[{"href":"https:\/\/tpenergy.com.vn\/index.php?rest_route=\/wp\/v2\/product\/7467"}],"collection":[{"href":"https:\/\/tpenergy.com.vn\/index.php?rest_route=\/wp\/v2\/product"}],"about":[{"href":"https:\/\/tpenergy.com.vn\/index.php?rest_route=\/wp\/v2\/types\/product"}],"replies":[{"embeddable":true,"href":"https:\/\/tpenergy.com.vn\/index.php?rest_route=%2Fwp%2Fv2%2Fcomments&post=7467"}],"wp:featuredmedia":[{"embeddable":true,"href":"https:\/\/tpenergy.com.vn\/index.php?rest_route=\/wp\/v2\/media\/7503"}],"wp:attachment":[{"href":"https:\/\/tpenergy.com.vn\/index.php?rest_route=%2Fwp%2Fv2%2Fmedia&parent=7467"}],"wp:term":[{"taxonomy":"product_cat","embeddable":true,"href":"https:\/\/tpenergy.com.vn\/index.php?rest_route=%2Fwp%2Fv2%2Fproduct_cat&post=7467"},{"taxonomy":"product_tag","embeddable":true,"href":"https:\/\/tpenergy.com.vn\/index.php?rest_route=%2Fwp%2Fv2%2Fproduct_tag&post=7467"}],"curies":[{"name":"wp","href":"https:\/\/api.w.org\/{rel}","templated":true}]}}