{"id":7419,"date":"2026-03-02T10:31:08","date_gmt":"2026-03-02T03:31:08","guid":{"rendered":"https:\/\/tpenergy.com.vn\/?post_type=product&#038;p=7419"},"modified":"2026-03-02T10:54:38","modified_gmt":"2026-03-02T03:54:38","slug":"tam-pin-nang-luong-mat-troi-canadian-620w","status":"publish","type":"product","link":"https:\/\/tpenergy.com.vn\/?product=tam-pin-nang-luong-mat-troi-canadian-620w","title":{"rendered":"T\u1ea5m pin n\u0103ng l\u01b0\u1ee3ng m\u1eb7t tr\u1eddi Canadian 620W"},"content":{"rendered":"<h1>T\u1ea5m pin n\u0103ng l\u01b0\u1ee3ng m\u1eb7t tr\u1eddi JA 625W<\/h1>\n<p>Canadian TOPHiBiKu6 620Wp l\u00e0 t\u1ea5m pin n\u0103ng l\u01b0\u1ee3ng m\u1eb7t tr\u1eddi\u00a0\u0111\u1ea1t hi\u1ec7u su\u1ea5t cao 23.3%\u00a0thu\u1ed9c d\u00f2ng TOPHiBiKu6\u00a0c\u00f4ng ngh\u1ec7 N-type 2 m\u1eb7t k\u00ednh, mang l\u1ea1i s\u1ea3n l\u01b0\u1ee3ng cao h\u01a1n t\u1eeb m\u1eb7t sau. \u0110\u00e2y l\u00e0 d\u00f2ng pin t\u1ed1i \u01b0u cho c\u00e1c h\u1ec7 th\u1ed1ng \u0111i\u1ec7n m\u1eb7t tr\u1eddi d\u00e2n d\u1ee5ng v\u00e0 c\u00f4ng nghi\u1ec7p.<\/p>\n<h2>\u01afu \u0111i\u1ec3m c\u1ee7a t\u1ea5m pin Canadian TOPHiBiKu6 620W<\/h2>\n<h3>TOPHiBiKu \u2013 C\u00f4ng ngh\u1ec7 cell pin hi\u1ec7n \u0111\u1ea1i<\/h3>\n<p>T\u1ea5m pin Canadian Solar 620W v\u00e0 625W \u0111\u01b0\u1ee3c s\u1ea3n xu\u1ea5t tr\u00ean d\u00e2y chuy\u1ec1n c\u00f4ng ngh\u1ec7 ti\u00ean ti\u1ebfn\u00a0 mang t\u00ean\u00a0TOPHiBiKu\u00a0do Canadian nghi\u00ean c\u1ee9u v\u00e0 \u1ee9ng d\u1ee5ng cho c\u00e1c module PV c\u1ee7a m\u00ecnh. C\u00e1c cell pin TOPHiBiKu \u0111em \u0111\u1ebfn \u0111\u1ed9 tinh x\u1ea3o cao, ch\u1ecbu l\u1ef1c v\u00e0 nhi\u1ec7t \u0111\u1ed9 cao h\u01a1n.<\/p>\n<h3>Hi\u1ec7u su\u1ea5t v\u01b0\u1ee3t tr\u1ed9i tr\u00ean 23%<\/h3>\n<p>Canadian Solar lu\u00f4n l\u00e0 th\u01b0\u01a1ng hi\u1ec7u d\u1eabn \u0111\u1ea7u v\u1ec1 hi\u1ec7u su\u1ea5t, d\u00f2ng pin TOPHiBiKu6 h\u1ee9a h\u1eb9n mang l\u1ea1i s\u1ea3n l\u01b0\u1ee3ng \u0111i\u1ec7n cao h\u01a1n 40%, \u0111\u1eb7c bi\u1ec7t \u0111i\u1ec1u ki\u1ec7n \u00edt n\u1eafng.<\/p>\n<h3>C\u00f4ng ngh\u1ec7 2 m\u1eb7t k\u00ednh thu v\u1ec1 nhi\u1ec1u \u0111i\u1ec7n h\u01a1n<\/h3>\n<p>T\u1ea5m pin Canadian 620Wp \u0111\u01b0\u1ee3c s\u1ea3n xu\u1ea5t theo c\u00f4ng ngh\u1ec7 2 m\u1eb7t k\u00ednh ti\u00ean ti\u1ebfn nh\u1ea5t hi\u1ec7n nay, t\u1ed1i \u01b0u kh\u1ea3 n\u0103ng h\u1ea5p th\u1ee5 \u00e1nh s\u00e1ng t\u1eeb m\u1eb7t sau. V\u1edbi c\u00f4ng ngh\u1ec7 n\u00e0y, s\u1ea3n l\u01b0\u1ee3ng \u0111i\u1ec7n sinh ra c\u00f3 th\u1ec3 \u0111\u1ea1t th\u00eam 40 \u2013 60% n\u00eau \u0111\u01b0\u1ee3c l\u1eafp \u0111\u1eb7t t\u1ed1i \u01b0u.<\/p>\n<h3>B\u1ec1n b\u1ec9 d\u01b0\u1edbi m\u1ecdi \u0111i\u1ec1u ki\u1ec7n th\u1eddi ti\u1ebft<\/h3>\n<p>\u0110\u1ec3 nh\u1eefng t\u1ea5m pin Canadian 620Wp c\u00f3 th\u1ec3 \u0111\u1ebfn v\u1edbi tay kh\u00e1ch h\u00e0ng th\u00ec ch\u00fang \u0111\u1ec1u tr\u1ea3i qua c\u00e1c b\u00e0i test \u0111\u1ed9 b\u1ec1n k\u1ef9 l\u01b0\u1ee1ng theo ti\u00eau chu\u1ea9n IEC, ch\u1ed1ng \u0111\u01b0\u1ee3c c\u00e1c t\u00e1c \u0111\u1ed9ng t\u1eeb m\u01b0a \u0111\u00e3, b\u00e3o tuy\u1ebft, b\u00e3o c\u00e1t, v\u1eadt th\u1ec3 bay,\u2026V\u1edbi \u0111i\u1ec1u ki\u1ec7n kh\u00ed h\u1eadu n\u01b0\u1edbc ta th\u00ec t\u1ea5m pin Canadian c\u00f3 th\u1ec3 ho\u1ea1t \u0111\u1ed9ng m\u1ed9t c\u00e1ch b\u1ec1n b\u1ec9, an to\u00e0n theo th\u1eddi gian.<\/p>\n<h2>Pin Canadian Solar b\u1ea3o h\u00e0nh 12 n\u0103m<\/h2>\n<p>12 n\u0103m b\u1ea3o h\u00e0nh v\u1eadt l\u00fd l\u00e0 ch\u00ednh s\u00e1ch m\u00e0 Canadian cam k\u1ebft v\u1edbi t\u1ea5t c\u1ea3 c\u00e1c d\u00f2ng pin n\u0103ng l\u01b0\u1ee3ng m\u1eb7t tr\u1eddi t\u1eeb h\u00e3ng. M\u1ecdi l\u1ed7i s\u1ea3n xu\u1ea5t \u0111\u1ec1u \u0111\u01b0\u1ee3c Canadian \u0111\u1ed5i tr\u1ea3 nhanh ch\u00f3ng, kh\u00f4ng g\u00e2y \u1ea3nh h\u01b0\u1edfng nhi\u1ec1u \u0111\u1ebfn kh\u00e1ch h\u00e0ng.<\/p>\n<p>Ch\u00ednh s\u00e1ch b\u1ea3o h\u00e0nh v\u1eadt l\u00fd l\u00ean t\u1edbi 12 n\u0103m v\u00e0 b\u1ea3o h\u00e0nh hi\u1ec7u su\u1ea5t 30 n\u0103m l\u00e0 l\u1eddi cam k\u1ebft c\u1ee7a Canadian Solar<\/p>\n<h2>Th\u00f4ng s\u1ed1 k\u1ef9 thu\u1eadt t\u1ea5m pin Canadian 620Wp<\/h2>\n<table border=\"1\">\n<tbody>\n<tr>\n<td>T\u1ea5m pin Canadian<\/td>\n<td>CS6.2-66TB-620<\/td>\n<td>CS6.2-66TB-620<\/td>\n<\/tr>\n<tr>\n<td>C\u00f4ng su\u1ea5t \u0111\u1ec9nh Watt- Pmax (W)<\/td>\n<td>620Wp<\/td>\n<td>625Wp<\/td>\n<\/tr>\n<tr>\n<td>\u0110i\u1ec7n \u00e1p t\u1ed1i \u0111a \u2013 Vmpp (V)<\/td>\n<td>41.2V<\/td>\n<td>41.4V<\/td>\n<\/tr>\n<tr>\n<td>C\u00f4ng su\u1ea5t t\u1ed1i \u0111a hi\u1ec7n t\u1ea1i- Impp (A)<\/td>\n<td>15.06A<\/td>\n<td>15.11A<\/td>\n<\/tr>\n<tr>\n<td>\u0110i\u1ec7n \u00e1p m\u1ea1ch m\u1edf- Voc (V)<\/td>\n<td>48.4V<\/td>\n<td>48.6V<\/td>\n<\/tr>\n<tr>\n<td>D\u00f2ng ng\u1eafn m\u1ea1ch- Isc (A)<\/td>\n<td>16.08A<\/td>\n<td>16.14A<\/td>\n<\/tr>\n<tr>\n<td>Hi\u1ec7u su\u1ea5t m\u00f4-\u0111un (%)<\/td>\n<td>23%<\/td>\n<td>23.1<\/td>\n<\/tr>\n<tr>\n<td>Dung sai \u0111\u1ea7u ra c\u00f4ng su\u1ea5t (W)<\/td>\n<td>0 ~ +5<\/td>\n<td>0 ~ +5<\/td>\n<\/tr>\n<tr>\n<td colspan=\"3\">STC: Chi\u1ebfu x\u1ea1 1000W \/ m2, Nhi\u1ec7t \u0111\u1ed9 t\u1ebf b\u00e0o 25oC, Kh\u1ed1i l\u01b0\u1ee3ng kh\u00f4ng kh\u00ed AM1.5<\/td>\n<\/tr>\n<tr>\n<td>Nhi\u1ec7t \u0111\u1ed9 ho\u1ea1t \u0111\u1ed9ng<\/td>\n<td>-40 ~ + 85 \u2103<\/td>\n<td>-40 ~ + 85 \u2103<\/td>\n<\/tr>\n<tr>\n<td>\u0110i\u1ec7n \u00e1p h\u1ec7 th\u1ed1ng t\u1ed1i \u0111a<\/td>\n<td>1500VDC (IEC)<\/td>\n<td>1500VDC (IEC)<\/td>\n<\/tr>\n<tr>\n<td>X\u1ebfp h\u1ea1ng c\u1ea7u ch\u00ec Max Series<\/td>\n<td>35A<\/td>\n<td>35A<\/td>\n<\/tr>\n<tr>\n<td>H\u1ec7 s\u1ed1 nhi\u1ec7t \u0111\u1ed9 c\u1ee7a Pmax<\/td>\n<td>-0,29% \/ \u2103<\/td>\n<td>-0,29% \/ \u2103<\/td>\n<\/tr>\n<tr>\n<td>H\u1ec7 s\u1ed1 nhi\u1ec7t \u0111\u1ed9 c\u1ee7a Voc<\/td>\n<td>-0,25% \/ \u2103<\/td>\n<td>-0,25% \/ \u2103<\/td>\n<\/tr>\n<tr>\n<td>H\u1ec7 s\u1ed1 nhi\u1ec7t \u0111\u1ed9 c\u1ee7a Isc<\/td>\n<td>0,005% \/ \u2103<\/td>\n<td>0,005% \/ \u2103<\/td>\n<\/tr>\n<tr>\n<td>B\u1ea3o h\u00e0nh k\u1ef9 thu\u1eadt<\/td>\n<td>12 n\u0103m<\/td>\n<td>12 n\u0103m<\/td>\n<\/tr>\n<tr>\n<td>B\u1ea3o h\u00e0nh Hi\u1ec7u su\u1ea5t<\/td>\n<td>25 n\u0103m<\/td>\n<td>25 n\u0103m<\/td>\n<\/tr>\n<\/tbody>\n<\/table>\n<p><span style=\"font-size: 23.04px;color: #333333\">Datasheet pin m\u1eb7t tr\u1eddi Canadian 620W\u00a0<\/span><\/p>\n<figure id=\"attachment_8197\" class=\"wp-caption aligncenter\" aria-describedby=\"caption-attachment-8197\"><img loading=\"lazy\" decoding=\"async\" class=\"size-full wp-image-8197 entered lazyloaded\" src=\"https:\/\/www.dhcsolar.com\/wp-content\/uploads\/2025\/05\/Datasheet-pin-mat-troi-canadian-620w-625w.jpg\" alt=\"Datasheet pin canadian 620W-625W\" width=\"1241\" height=\"1754\" data-lazy-srcset=\"https:\/\/www.dhcsolar.com\/wp-content\/uploads\/2025\/05\/Datasheet-pin-mat-troi-canadian-620w-625w.jpg 1241w, https:\/\/www.dhcsolar.com\/wp-content\/uploads\/2025\/05\/Datasheet-pin-mat-troi-canadian-620w-625w-768x1085.jpg 768w, https:\/\/www.dhcsolar.com\/wp-content\/uploads\/2025\/05\/Datasheet-pin-mat-troi-canadian-620w-625w-1087x1536.jpg 1087w, https:\/\/www.dhcsolar.com\/wp-content\/uploads\/2025\/05\/Datasheet-pin-mat-troi-canadian-620w-625w-600x848.jpg 600w\" data-lazy-sizes=\"(max-width: 1241px) 100vw, 1241px\" data-lazy-src=\"https:\/\/www.dhcsolar.com\/wp-content\/uploads\/2025\/05\/Datasheet-pin-mat-troi-canadian-620w-625w.jpg\" data-ll-status=\"loaded\" \/><\/figure>\n<p><a href=\"https:\/\/www.facebook.com\/DienMatTroi.SolarQuangBinh\"><strong>Thu\u1eadn Phong Energy<\/strong><\/a><strong> t\u1ef1 h\u00e0o l\u00e0 nh\u00e0 ph\u00e2n ph\u1ed1i ch\u00ednh h\u00e3ng t\u1ea5m pin m\u1eb7t tr\u1eddi T\u1ea5m pin n\u0103ng l\u01b0\u1ee3ng m\u1eb7t tr\u1eddi Canadian 620W<\/strong><\/p>\n<div class=\"x11i5rnm xat24cr x1mh8g0r x1vvkbs xtlvy1s x126k92a\">\n<div dir=\"auto\">S\u1ea3n ph\u1ea9m c\u1ee7a Thu\u1eadn Phong khi \u0111\u1ebfn tay \u0111\u1ea1i l\u00fd lu\u00f4n \u0111\u1ea3m b\u1ea3o:<\/div>\n<ul>\n<li dir=\"auto\">H\u00e0ng h\u00f3a ch\u00ednh h\u00e3ng, \u0111\u1ea7y \u0111\u1ee7 CO, CQ, VAT cho d\u1ef1 \u00e1n<\/li>\n<li dir=\"auto\">Gi\u00e1 lu\u00f4n c\u1ea1nh tranh nh\u1edd nh\u1eadp kh\u1ea9u tr\u1ef1c ti\u1ebfp.<\/li>\n<li dir=\"auto\">C\u1ea5p s\u1ec9 to\u00e0n qu\u1ed1c. V\u1eadn chuy\u1ec3n t\u1eadn n\u01a1i.<\/li>\n<li dir=\"auto\">B\u1ea3o h\u00e0nh hi\u1ec7u su\u1ea5t l\u00ean t\u1edbi 25 n\u0103m<\/li>\n<\/ul>\n<div dir=\"auto\">\n<div dir=\"auto\">\u2014\u2014\u2014\u2014\u2014\u2014\u2014\u2014\u2014\u2014\u2014\u2013<\/div>\n<div dir=\"auto\"><a href=\"https:\/\/www.facebook.com\/DienMatTroi.SolarQuangBinh\">CH\u1eccN THU\u1eacN PHONG \u2013 CH\u1eccN S\u1ef0 AN T\u00c2M<\/a><br \/>\nHotline: 0869.564.567<br \/>\nKinh doanh: 0867.577.357<br \/>\nK\u1ef9 thu\u1eadt: 0899.768.777<br \/>\nService: 0867.118.636<br \/>\nTr\u1ee5 s\u1edf ch\u00ednh: 30 Nguy\u1ec5n H\u1eefu D\u1eadt, ph\u01b0\u1eddng \u0110\u1ed3ng H\u1edbi, t\u1ec9nh Qu\u1ea3ng Tr\u1ecb, Vi\u1ec7t Nam<br \/>\nTr\u1ee5 s\u1edf H\u00e0 N\u1ed9i: Nh\u00e0 ph\u1ed1 th\u01b0\u01a1ng m\u1ea1i Khai S\u01a1n Town s\u1ed1 18 thu\u1ed9c Town 7, khu \u0111\u00f4 th\u1ecb Khai S\u01a1n City, ph\u01b0\u1eddng B\u1ed3 \u0110\u1ec1, Th\u00e0nh ph\u1ed1 H\u00e0 N\u1ed9i<br \/>\nWebsite:\u00a0<a href=\"https:\/\/tpenergy.com.vn\/\">https:\/\/tpenergy.com.vn\/<\/a><br \/>\nShopee:\u00a0<a href=\"https:\/\/shopee.vn\/thuanphongenergy?entryPoint=ShopBySearch&amp;searchKeyword=thu%E1%BA%ADn%20phong%20solar%20energy\">https:\/\/byvn.net\/E1oJ<\/a><br \/>\nLazada:\u00a0<a href=\"https:\/\/byvn.net\/VYPr\">https:\/\/byvn.net\/VYPr<\/a><\/div>\n<\/div>\n<\/div>\n","protected":false},"excerpt":{"rendered":"<p>M\u00f4 t\u1ea3 s\u1ea3n ph\u1ea9m:<\/p>\n<ul>\n<li>Model:\u00a0<b>CS6.2-66TB-620<\/b><\/li>\n<li><b><\/b>C\u00f4ng su\u1ea5t: 620W<\/li>\n<li>Lo\u1ea1i cell: TOPCon Cells<\/li>\n<li>Hi\u1ec7u su\u1ea5t: 23.0%<\/li>\n<li>K\u00edch th\u01b0\u1edbc:\u00a0<span class=\"fontstyle0\">2382 x 1134 x 30 mm<\/span><\/li>\n<li>B\u1ea3o h\u00e0nh: 12 n\u0103m;<\/li>\n<li>B\u1ea3o h\u00e0nh hi\u1ec7u su\u1ea5t: 30 n\u0103m<\/li>\n<\/ul>\n<h3><strong><i class=\"fas fa-download\"><\/i> Download<\/strong><\/h3>\n<ul>\n<li><a href=\"https:\/\/tpenergy.com.vn\/wp-content\/uploads\/2026\/03\/CS-Datasheet-TOPBiHiKu6_CS6.2-66TB_v1.3_EN_D35_Hail.pdf\">Datasheet<\/a><\/li>\n<\/ul>\n","protected":false},"featured_media":7423,"comment_status":"open","ping_status":"closed","template":"","meta":{"_eb_attr":""},"product_cat":[1631],"product_tag":[1633,1632,1644,1642,1638,1640,1643,1636,1639,1634,1645,1637,1635,1641,1646],"class_list":{"0":"post-7419","1":"product","2":"type-product","3":"status-publish","4":"has-post-thumbnail","6":"product_cat-canadian-solar","7":"product_tag-canadian-solar-625wp","8":"product_tag-canadian-tophibiku6-620wp","9":"product_tag-module-pv-canadian-solar","10":"product_tag-pin-canadian-bao-hanh-25-nam","11":"product_tag-pin-canadian-hieu-suat-23","12":"product_tag-pin-mat-troi-cong-suat-lon-620w","13":"product_tag-pin-mat-troi-dan-dung-va-cong-nghiep","14":"product_tag-pin-mat-troi-n-type","15":"product_tag-pin-nang-luong-mat-troi-1500vdc","16":"product_tag-pin-nang-luong-mat-troi-canadian","17":"product_tag-pin-nang-luong-mat-troi-chinh-hang","18":"product_tag-pin-tophibiku6","19":"product_tag-tam-pin-620w-2-mat-kinh","20":"product_tag-tam-pin-solar-625w","21":"product_tag-thuan-phong-energy-phan-phoi-pin-canadian","22":"pa_gia-khong-lap-dat","23":"pa_gia-lap-dat","25":"first","26":"instock","27":"shipping-taxable","28":"purchasable","29":"product-type-variable"},"yoast_head":"<!-- This site is optimized with the Yoast SEO plugin v20.9 - https:\/\/yoast.com\/wordpress\/plugins\/seo\/ -->\r\n<title>T\u1ea5m pin n\u0103ng l\u01b0\u1ee3ng m\u1eb7t tr\u1eddi Canadian 620W<\/title>\r\n<meta name=\"description\" content=\"T\u1ea5m pin n\u0103ng l\u01b0\u1ee3ng m\u1eb7t tr\u1eddi Canadian 620W c\u00f4ng ngh\u1ec7 N-type 2 m\u1eb7t k\u00ednh, hi\u1ec7u su\u1ea5t l\u00ean \u0111\u1ebfn 23.3%, s\u1ea3n l\u01b0\u1ee3ng cao h\u01a1n 40%, b\u1ea3o h\u00e0nh 12 n\u0103m, hi\u1ec7u su\u1ea5t 25 n\u0103m.\" \/>\r\n<meta name=\"robots\" content=\"index, follow, max-snippet:-1, max-image-preview:large, max-video-preview:-1\" \/>\r\n<link rel=\"canonical\" href=\"https:\/\/tpenergy.com.vn\/?product=tam-pin-nang-luong-mat-troi-canadian-620w\" \/>\r\n<meta property=\"og:locale\" content=\"vi_VN\" \/>\r\n<meta property=\"og:type\" content=\"article\" \/>\r\n<meta property=\"og:title\" content=\"T\u1ea5m pin n\u0103ng l\u01b0\u1ee3ng m\u1eb7t tr\u1eddi Canadian 620W\" \/>\r\n<meta property=\"og:description\" content=\"T\u1ea5m pin n\u0103ng l\u01b0\u1ee3ng m\u1eb7t tr\u1eddi Canadian 620W c\u00f4ng ngh\u1ec7 N-type 2 m\u1eb7t k\u00ednh, hi\u1ec7u su\u1ea5t l\u00ean \u0111\u1ebfn 23.3%, s\u1ea3n l\u01b0\u1ee3ng cao h\u01a1n 40%, b\u1ea3o h\u00e0nh 12 n\u0103m, hi\u1ec7u su\u1ea5t 25 n\u0103m.\" \/>\r\n<meta property=\"og:url\" content=\"https:\/\/tpenergy.com.vn\/?product=tam-pin-nang-luong-mat-troi-canadian-620w\" \/>\r\n<meta property=\"og:site_name\" content=\"Thuan Phong Solar Energy\" \/>\r\n<meta property=\"article:modified_time\" content=\"2026-03-02T03:54:38+00:00\" \/>\r\n<meta property=\"og:image\" content=\"https:\/\/tpenergy.com.vn\/wp-content\/uploads\/2026\/03\/Noi-That-Hoan-Hao-\u2013-Don-tai-loc-nang-tam-dang-cap.png\" \/>\r\n\t<meta property=\"og:image:width\" content=\"700\" \/>\r\n\t<meta property=\"og:image:height\" content=\"700\" \/>\r\n\t<meta property=\"og:image:type\" content=\"image\/png\" \/>\r\n<meta name=\"twitter:card\" content=\"summary_large_image\" \/>\r\n<meta name=\"twitter:label1\" content=\"\u01af\u1edbc t\u00ednh th\u1eddi gian \u0111\u1ecdc\" \/>\n\t<meta name=\"twitter:data1\" content=\"4 ph\u00fat\" \/>\r\n<script type=\"application\/ld+json\" class=\"yoast-schema-graph\">{\"@context\":\"https:\/\/schema.org\",\"@graph\":[{\"@type\":\"WebPage\",\"@id\":\"https:\/\/tpenergy.com.vn\/?product=tam-pin-nang-luong-mat-troi-canadian-620w\",\"url\":\"https:\/\/tpenergy.com.vn\/?product=tam-pin-nang-luong-mat-troi-canadian-620w\",\"name\":\"T\u1ea5m pin n\u0103ng l\u01b0\u1ee3ng m\u1eb7t tr\u1eddi Canadian 620W\",\"isPartOf\":{\"@id\":\"https:\/\/tpenergy.com.vn\/#website\"},\"datePublished\":\"2026-03-02T03:31:08+00:00\",\"dateModified\":\"2026-03-02T03:54:38+00:00\",\"description\":\"T\u1ea5m pin n\u0103ng l\u01b0\u1ee3ng m\u1eb7t tr\u1eddi Canadian 620W c\u00f4ng ngh\u1ec7 N-type 2 m\u1eb7t k\u00ednh, hi\u1ec7u su\u1ea5t l\u00ean \u0111\u1ebfn 23.3%, s\u1ea3n l\u01b0\u1ee3ng cao h\u01a1n 40%, b\u1ea3o h\u00e0nh 12 n\u0103m, hi\u1ec7u su\u1ea5t 25 n\u0103m.\",\"breadcrumb\":{\"@id\":\"https:\/\/tpenergy.com.vn\/?product=tam-pin-nang-luong-mat-troi-canadian-620w#breadcrumb\"},\"inLanguage\":\"vi\",\"potentialAction\":[{\"@type\":\"ReadAction\",\"target\":[\"https:\/\/tpenergy.com.vn\/?product=tam-pin-nang-luong-mat-troi-canadian-620w\"]}]},{\"@type\":\"BreadcrumbList\",\"@id\":\"https:\/\/tpenergy.com.vn\/?product=tam-pin-nang-luong-mat-troi-canadian-620w#breadcrumb\",\"itemListElement\":[{\"@type\":\"ListItem\",\"position\":1,\"name\":\"Trang ch\u1ee7\",\"item\":\"https:\/\/tpenergy.com.vn\/\"},{\"@type\":\"ListItem\",\"position\":2,\"name\":\"Shop\",\"item\":\"https:\/\/tpenergy.com.vn\/?page_id=5\"},{\"@type\":\"ListItem\",\"position\":3,\"name\":\"T\u1ea4M PIN N\u0102NG L\u01af\u1ee2NG M\u1eb6T TR\u1edcI\",\"item\":\"https:\/\/tpenergy.com.vn\/?product_cat=tam-pin-nang-luong-mat-troi\"},{\"@type\":\"ListItem\",\"position\":4,\"name\":\"CANADIAN SOLAR\",\"item\":\"https:\/\/tpenergy.com.vn\/?product_cat=canadian-solar\"},{\"@type\":\"ListItem\",\"position\":5,\"name\":\"T\u1ea5m pin n\u0103ng l\u01b0\u1ee3ng m\u1eb7t tr\u1eddi Canadian 620W\"}]},{\"@type\":\"WebSite\",\"@id\":\"https:\/\/tpenergy.com.vn\/#website\",\"url\":\"https:\/\/tpenergy.com.vn\/\",\"name\":\"Thuan Phong Solar Energy\",\"description\":\"\",\"potentialAction\":[{\"@type\":\"SearchAction\",\"target\":{\"@type\":\"EntryPoint\",\"urlTemplate\":\"https:\/\/tpenergy.com.vn\/?s={search_term_string}\"},\"query-input\":\"required name=search_term_string\"}],\"inLanguage\":\"vi\"}]}<\/script>\r\n<!-- \/ Yoast SEO plugin. -->","yoast_head_json":{"title":"T\u1ea5m pin n\u0103ng l\u01b0\u1ee3ng m\u1eb7t tr\u1eddi Canadian 620W","description":"T\u1ea5m pin n\u0103ng l\u01b0\u1ee3ng m\u1eb7t tr\u1eddi Canadian 620W c\u00f4ng ngh\u1ec7 N-type 2 m\u1eb7t k\u00ednh, hi\u1ec7u su\u1ea5t l\u00ean \u0111\u1ebfn 23.3%, s\u1ea3n l\u01b0\u1ee3ng cao h\u01a1n 40%, b\u1ea3o h\u00e0nh 12 n\u0103m, hi\u1ec7u su\u1ea5t 25 n\u0103m.","robots":{"index":"index","follow":"follow","max-snippet":"max-snippet:-1","max-image-preview":"max-image-preview:large","max-video-preview":"max-video-preview:-1"},"canonical":"https:\/\/tpenergy.com.vn\/?product=tam-pin-nang-luong-mat-troi-canadian-620w","og_locale":"vi_VN","og_type":"article","og_title":"T\u1ea5m pin n\u0103ng l\u01b0\u1ee3ng m\u1eb7t tr\u1eddi Canadian 620W","og_description":"T\u1ea5m pin n\u0103ng l\u01b0\u1ee3ng m\u1eb7t tr\u1eddi Canadian 620W c\u00f4ng ngh\u1ec7 N-type 2 m\u1eb7t k\u00ednh, hi\u1ec7u su\u1ea5t l\u00ean \u0111\u1ebfn 23.3%, s\u1ea3n l\u01b0\u1ee3ng cao h\u01a1n 40%, b\u1ea3o h\u00e0nh 12 n\u0103m, hi\u1ec7u su\u1ea5t 25 n\u0103m.","og_url":"https:\/\/tpenergy.com.vn\/?product=tam-pin-nang-luong-mat-troi-canadian-620w","og_site_name":"Thuan Phong Solar Energy","article_modified_time":"2026-03-02T03:54:38+00:00","og_image":[{"width":700,"height":700,"url":"https:\/\/tpenergy.com.vn\/wp-content\/uploads\/2026\/03\/Noi-That-Hoan-Hao-\u2013-Don-tai-loc-nang-tam-dang-cap.png","type":"image\/png"}],"twitter_card":"summary_large_image","twitter_misc":{"\u01af\u1edbc t\u00ednh th\u1eddi gian \u0111\u1ecdc":"4 ph\u00fat"},"schema":{"@context":"https:\/\/schema.org","@graph":[{"@type":"WebPage","@id":"https:\/\/tpenergy.com.vn\/?product=tam-pin-nang-luong-mat-troi-canadian-620w","url":"https:\/\/tpenergy.com.vn\/?product=tam-pin-nang-luong-mat-troi-canadian-620w","name":"T\u1ea5m pin n\u0103ng l\u01b0\u1ee3ng m\u1eb7t tr\u1eddi Canadian 620W","isPartOf":{"@id":"https:\/\/tpenergy.com.vn\/#website"},"datePublished":"2026-03-02T03:31:08+00:00","dateModified":"2026-03-02T03:54:38+00:00","description":"T\u1ea5m pin n\u0103ng l\u01b0\u1ee3ng m\u1eb7t tr\u1eddi Canadian 620W c\u00f4ng ngh\u1ec7 N-type 2 m\u1eb7t k\u00ednh, hi\u1ec7u su\u1ea5t l\u00ean \u0111\u1ebfn 23.3%, s\u1ea3n l\u01b0\u1ee3ng cao h\u01a1n 40%, b\u1ea3o h\u00e0nh 12 n\u0103m, hi\u1ec7u su\u1ea5t 25 n\u0103m.","breadcrumb":{"@id":"https:\/\/tpenergy.com.vn\/?product=tam-pin-nang-luong-mat-troi-canadian-620w#breadcrumb"},"inLanguage":"vi","potentialAction":[{"@type":"ReadAction","target":["https:\/\/tpenergy.com.vn\/?product=tam-pin-nang-luong-mat-troi-canadian-620w"]}]},{"@type":"BreadcrumbList","@id":"https:\/\/tpenergy.com.vn\/?product=tam-pin-nang-luong-mat-troi-canadian-620w#breadcrumb","itemListElement":[{"@type":"ListItem","position":1,"name":"Trang ch\u1ee7","item":"https:\/\/tpenergy.com.vn\/"},{"@type":"ListItem","position":2,"name":"Shop","item":"https:\/\/tpenergy.com.vn\/?page_id=5"},{"@type":"ListItem","position":3,"name":"T\u1ea4M PIN N\u0102NG L\u01af\u1ee2NG M\u1eb6T TR\u1edcI","item":"https:\/\/tpenergy.com.vn\/?product_cat=tam-pin-nang-luong-mat-troi"},{"@type":"ListItem","position":4,"name":"CANADIAN SOLAR","item":"https:\/\/tpenergy.com.vn\/?product_cat=canadian-solar"},{"@type":"ListItem","position":5,"name":"T\u1ea5m pin n\u0103ng l\u01b0\u1ee3ng m\u1eb7t tr\u1eddi Canadian 620W"}]},{"@type":"WebSite","@id":"https:\/\/tpenergy.com.vn\/#website","url":"https:\/\/tpenergy.com.vn\/","name":"Thuan Phong Solar Energy","description":"","potentialAction":[{"@type":"SearchAction","target":{"@type":"EntryPoint","urlTemplate":"https:\/\/tpenergy.com.vn\/?s={search_term_string}"},"query-input":"required name=search_term_string"}],"inLanguage":"vi"}]}},"_links":{"self":[{"href":"https:\/\/tpenergy.com.vn\/index.php?rest_route=\/wp\/v2\/product\/7419"}],"collection":[{"href":"https:\/\/tpenergy.com.vn\/index.php?rest_route=\/wp\/v2\/product"}],"about":[{"href":"https:\/\/tpenergy.com.vn\/index.php?rest_route=\/wp\/v2\/types\/product"}],"replies":[{"embeddable":true,"href":"https:\/\/tpenergy.com.vn\/index.php?rest_route=%2Fwp%2Fv2%2Fcomments&post=7419"}],"wp:featuredmedia":[{"embeddable":true,"href":"https:\/\/tpenergy.com.vn\/index.php?rest_route=\/wp\/v2\/media\/7423"}],"wp:attachment":[{"href":"https:\/\/tpenergy.com.vn\/index.php?rest_route=%2Fwp%2Fv2%2Fmedia&parent=7419"}],"wp:term":[{"taxonomy":"product_cat","embeddable":true,"href":"https:\/\/tpenergy.com.vn\/index.php?rest_route=%2Fwp%2Fv2%2Fproduct_cat&post=7419"},{"taxonomy":"product_tag","embeddable":true,"href":"https:\/\/tpenergy.com.vn\/index.php?rest_route=%2Fwp%2Fv2%2Fproduct_tag&post=7419"}],"curies":[{"name":"wp","href":"https:\/\/api.w.org\/{rel}","templated":true}]}}