{"id":7134,"date":"2025-11-17T15:07:10","date_gmt":"2025-11-17T08:07:10","guid":{"rendered":"https:\/\/tpenergy.com.vn\/?post_type=product&#038;p=7134"},"modified":"2026-03-12T13:46:32","modified_gmt":"2026-03-12T06:46:32","slug":"day-cap-dc-kuka-4mm2-1500vdc-mau-do-den-h1z2z2-k-1x4-mm2","status":"publish","type":"product","link":"https:\/\/tpenergy.com.vn\/?product=day-cap-dc-kuka-4mm2-1500vdc-mau-do-den-h1z2z2-k-1x4-mm2","title":{"rendered":"D\u00e2y c\u00e1p DC KUKA 4mm2 1500VDC, m\u00e0u \u0111\u1ecf\/\u0111en | H1Z2Z2-K 1&#215;4 MM2"},"content":{"rendered":"<div class=\"detail-txt-pic\">\n<div class=\"txt-right\">\n<h1>D\u00e2y c\u00e1p DC KUKA 4mm2 1500VDC, m\u00e0u \u0111\u1ecf\/\u0111en | H1Z2Z2-K 1&#215;4 MM2<\/h1>\n<h2 data-end=\"321\" data-start=\"297\">1. Gi\u1edbi thi\u1ec7u s\u1ea3n ph\u1ea9m<\/h2>\n<p data-end=\"744\" data-start=\"322\"><strong data-end=\"372\" data-start=\"322\">D\u00e2y c\u00e1p \u0111i\u1ec7n m\u1eb7t tr\u1eddi KUKA 4mm\u00b2 H1Z2Z2-K 1500V<\/strong>\u00a0l\u00e0 d\u00f2ng c\u00e1p DC chuy\u00ean d\u1ee5ng cho h\u1ec7 th\u1ed1ng \u0111i\u1ec7n n\u0103ng l\u01b0\u1ee3ng m\u1eb7t tr\u1eddi, \u0111\u01b0\u1ee3c s\u1ea3n xu\u1ea5t theo ti\u00eau chu\u1ea9n qu\u1ed1c t\u1ebf\u00a0<strong data-end=\"499\" data-start=\"477\">EN50618 &amp; IEC62930<\/strong>. V\u1edbi c\u1ea5u t\u1ea1o l\u00f5i \u0111\u1ed3ng thi\u1ebfc linh ho\u1ea1t, l\u1edbp c\u00e1ch \u0111i\u1ec7n v\u00e0 v\u1ecf XLPO ch\u1ecbu nhi\u1ec7t, kh\u00f4ng halogen, c\u00e1p KUKA mang \u0111\u1ebfn\u00a0<strong data-end=\"662\" data-start=\"609\">\u0111\u1ed9 an to\u00e0n, \u0111\u1ed9 b\u1ec1n v\u00e0 hi\u1ec7u su\u1ea5t truy\u1ec1n t\u1ea3i t\u1ed1i \u01b0u<\/strong>\u00a0cho c\u00e1c c\u00f4ng tr\u00ecnh \u0111i\u1ec7n m\u1eb7t tr\u1eddi quy m\u00f4 h\u1ed9 gia \u0111\u00ecnh, th\u01b0\u01a1ng m\u1ea1i v\u00e0 c\u00f4ng nghi\u1ec7p.<\/p>\n<h2 data-end=\"781\" data-start=\"751\">2. C\u1ea5u t\u1ea1o d\u00e2y c\u00e1p KUKA 4mm\u00b2<\/h2>\n<ul data-end=\"1166\" data-start=\"782\">\n<li data-end=\"900\" data-start=\"782\">\n<p data-end=\"900\" data-start=\"784\"><strong data-end=\"809\" data-start=\"784\">Ru\u1ed9t d\u1eabn (Conductor):<\/strong>\u00a0\u0110\u1ed3ng thi\u1ebfc m\u1ec1m (Class 5 \u2013 Tinned Copper) theo IEC 60228, ti\u1ebft di\u1ec7n 4mm\u00b2, g\u1ed3m 56 s\u1ee3i nh\u1ecf.<\/p>\n<\/li>\n<li data-end=\"900\" data-start=\"782\">\n<p data-end=\"900\" data-start=\"784\"><strong data-end=\"934\" data-start=\"903\">L\u1edbp c\u00e1ch \u0111i\u1ec7n (Insulation):<\/strong>\u00a0XLPO (Electron-beam cross-linked polyolefin), kh\u00f4ng halogen, \u00edt kh\u00f3i, m\u00e0u \u0111en.<\/p>\n<\/li>\n<li data-end=\"900\" data-start=\"782\">\n<p data-end=\"900\" data-start=\"784\"><strong data-end=\"1044\" data-start=\"1018\">L\u1edbp v\u1ecf ngo\u00e0i (Jacket):<\/strong>\u00a0XLPO, kh\u00f4ng halogen, ch\u1ecbu tia UV, ozone, ch\u1ed1ng ch\u00e1y lan, m\u00e0u \u0111en ho\u1eb7c \u0111\u1ecf.<\/p>\n<\/li>\n<li data-end=\"1166\" data-start=\"1121\">\n<p data-end=\"1166\" data-start=\"1123\"><strong data-end=\"1150\" data-start=\"1123\">\u0110\u01b0\u1eddng k\u00ednh ngo\u00e0i (O.D):<\/strong>\u00a05.6 \u00b1 0.2 mm.<\/p>\n<\/li>\n<\/ul>\n<h2 data-end=\"1203\" data-start=\"1173\">3. Th\u00f4ng s\u1ed1 k\u1ef9 thu\u1eadt n\u1ed5i b\u1eadt<\/h2>\n<ul data-end=\"1561\" data-start=\"1204\">\n<li data-end=\"1260\" data-start=\"1204\">\n<p data-end=\"1260\" data-start=\"1206\"><strong data-end=\"1227\" data-start=\"1206\">\u0110i\u1ec7n \u00e1p \u0111\u1ecbnh m\u1ee9c:<\/strong>\u00a0DC 1.5\/1.5 kV \u2013 AC 1.0\/1.0 kV.<\/p>\n<\/li>\n<li data-end=\"1304\" data-start=\"1261\">\n<p data-end=\"1304\" data-start=\"1263\"><strong data-end=\"1291\" data-start=\"1263\">\u0110i\u1ec7n \u00e1p cho ph\u00e9p t\u1ed1i \u0111a:<\/strong>\u00a01.8 kV DC.<\/p>\n<\/li>\n<li data-end=\"1379\" data-start=\"1305\">\n<p data-end=\"1379\" data-start=\"1307\"><strong data-end=\"1333\" data-start=\"1307\">D\u1ea3i nhi\u1ec7t \u0111\u1ed9 l\u00e0m vi\u1ec7c:<\/strong>\u00a0-40\u00b0C \u0111\u1ebfn +90\u00b0C, t\u1ed1i \u0111a 120\u00b0C t\u1ea1i ru\u1ed9t d\u1eabn.<\/p>\n<\/li>\n<li data-end=\"1423\" data-start=\"1380\">\n<p data-end=\"1423\" data-start=\"1382\"><strong data-end=\"1405\" data-start=\"1382\">Nhi\u1ec7t \u0111\u1ed9 ng\u1eafn m\u1ea1ch:<\/strong>\u00a0250\u00b0C \/ 5 gi\u00e2y.<\/p>\n<\/li>\n<li data-end=\"1466\" data-start=\"1424\">\n<p data-end=\"1466\" data-start=\"1426\"><strong data-end=\"1464\" data-start=\"1426\">\u0110i\u1ec7n tr\u1edf d\u1eabn \u2264 5.09 \u03a9\/km (\u1edf 20\u00b0C).<\/strong><\/p>\n<\/li>\n<li data-end=\"1518\" data-start=\"1467\">\n<p data-end=\"1518\" data-start=\"1469\"><strong data-end=\"1516\" data-start=\"1469\">Ch\u1ed1ng tia UV, ozone, th\u1eddi ti\u1ebft kh\u1eafc nghi\u1ec7t.<\/strong><\/p>\n<\/li>\n<li data-end=\"1561\" data-start=\"1519\">\n<p data-end=\"1561\" data-start=\"1521\"><strong data-end=\"1543\" data-start=\"1521\">Tu\u1ed5i th\u1ecd thi\u1ebft k\u1ebf:<\/strong>\u00a0l\u00ean t\u1edbi 30 n\u0103m.<\/p>\n<\/li>\n<\/ul>\n<h2 data-end=\"1602\" data-start=\"1568\">4. \u01afu \u0111i\u1ec3m c\u1ee7a d\u00e2y c\u00e1p KUKA 4mm\u00b2<\/h2>\n<p data-end=\"1857\" data-start=\"1603\">\u2705 Hi\u1ec7u su\u1ea5t d\u1eabn \u0111i\u1ec7n cao, gi\u1ea3m t\u1ed5n hao.<br data-end=\"1645\" data-start=\"1642\" \/>\u2705 L\u1edbp XLPO ch\u1ecbu nhi\u1ec7t, ch\u1ed1ng ch\u00e1y lan, \u0111\u1ea3m b\u1ea3o an to\u00e0n.<br data-end=\"1703\" data-start=\"1700\" \/>\u2705 Thi\u1ebft k\u1ebf ch\u1ed1ng tia UV, ozone \u2013 ph\u00f9 h\u1ee3p l\u1eafp \u0111\u1eb7t ngo\u00e0i tr\u1eddi.<br data-end=\"1766\" data-start=\"1763\" \/>\u2705 Tu\u1ed5i th\u1ecd d\u00e0i, b\u1ec1n b\u1ec9 h\u01a1n 25\u201330 n\u0103m.<br data-end=\"1806\" data-start=\"1803\" \/>\u2705 \u0110\u01b0\u1ee3c ch\u1ee9ng nh\u1eadn qu\u1ed1c t\u1ebf T\u00dcV, EN50618, IEC62930.<\/p>\n<\/div>\n<\/div>\n<div class=\"detail-tab\">\n<div dir=\"auto\">\u2014\u2014\u2014\u2014\u2014\u2014\u2014\u2014\u2014\u2014\u2014\u2013<\/div>\n<div dir=\"auto\">\n<div dir=\"auto\">CH\u1eccN THU\u1eacN PHONG &#8211; CH\u1eccN S\u1ef0 AN T\u00c2M<\/div>\n<div dir=\"auto\">Hotline: 0869.564.567<\/div>\n<div dir=\"auto\">Kinh doanh: Mr Ph\u00fac 0867.577.357<\/div>\n<div dir=\"auto\">K\u1ef9 thu\u1eadt: Mr D\u0169ng 0899.768.777<\/div>\n<div dir=\"auto\">Tr\u1ee5 s\u1edf ch\u00ednh: 30 Nguy\u1ec5n H\u1eefu D\u1eadt, ph\u01b0\u1eddng \u0110\u1ed3ng H\u1edbi, t\u1ec9nh Qu\u1ea3ng Tr\u1ecb, Vi\u1ec7t Nam<\/div>\n<div dir=\"auto\">Tr\u1ee5 s\u1edf H\u00e0 N\u1ed9i: Nh\u00e0 ph\u1ed1 th\u01b0\u01a1ng m\u1ea1i Khai S\u01a1n Town s\u1ed1 18 thu\u1ed9c Town 7, khu \u0111\u00f4 th\u1ecb Khai S\u01a1n City, ph\u01b0\u1eddng B\u1ed3 \u0110\u1ec1, Th\u00e0nh ph\u1ed1 H\u00e0 N\u1ed9i<\/div>\n<div dir=\"auto\">Website: <span class=\"html-span xdj266r x14z9mp xat24cr x1lziwak xexx8yu xyri2b x18d9i69 x1c1uobl x1hl2dhg x16tdsg8 x1vvkbs\"><a class=\"x1i10hfl xjbqb8w x1ejq31n x18oe1m7 x1sy0etr xstzfhl x972fbf x10w94by x1qhh985 x14e42zd x9f619 x1ypdohk xt0psk2 x3ct3a4 xdj266r x14z9mp xat24cr x1lziwak xexx8yu xyri2b x18d9i69 x1c1uobl x16tdsg8 x1hl2dhg xggy1nq x1a2a7pz xkrqix3 x1sur9pj x1fey0fg x1s688f\" role=\"link\" href=\"https:\/\/tpenergy.com.vn\/?fbclid=IwZXh0bgNhZW0CMTAAYnJpZBExSVphcW5CaEdIZkNOTXBFRgEe_Luos7EH-kvFTW6S_ZvsDVVvXu17qeXc-Alq70HJ2CTgs8T14TBEP9YVNmg_aem_FPBKYGGZFV5JCUS6CBt9GA\" target=\"_blank\" rel=\"nofollow noopener\">https:\/\/tpenergy.com.vn\/<\/a><\/span><\/div>\n<div dir=\"auto\">Shopee: <span class=\"html-span xdj266r x14z9mp xat24cr x1lziwak xexx8yu xyri2b x18d9i69 x1c1uobl x1hl2dhg x16tdsg8 x1vvkbs\"><a class=\"x1i10hfl xjbqb8w x1ejq31n x18oe1m7 x1sy0etr xstzfhl x972fbf x10w94by x1qhh985 x14e42zd x9f619 x1ypdohk xt0psk2 x3ct3a4 xdj266r x14z9mp xat24cr x1lziwak xexx8yu xyri2b x18d9i69 x1c1uobl x16tdsg8 x1hl2dhg xggy1nq x1a2a7pz xkrqix3 x1sur9pj x1fey0fg x1s688f\" role=\"link\" href=\"https:\/\/l.facebook.com\/l.php?u=https%3A%2F%2Fbyvn.net%2FE1oJ%3Ffbclid%3DIwZXh0bgNhZW0CMTAAYnJpZBExSVphcW5CaEdIZkNOTXBFRgEe5UBvYlbBJP1OV4P31S66kgVoM8KJeiMOvevC7gr1YptX7Plm4Vc7BDfTaD8_aem_CKaH3Hde08bSFrKUKpBLpg&amp;h=AT2zZzo5gnFrIhhIOZc3EYboNZybvJeqz1viPZjNusRxqTKwLJ68cEphFL18oQfL9QRInWa-dpRP1kVHOqURFL47HHC1AD7RI2FmEVb_AuIxjvllE5yIF_vq374eJmFKgpQzQ4Srad52eGL3&amp;__tn__=-UK-R&amp;c[0]=AT2YjrwyJMhn57NsK2odK-orq56Bru6FvbAYhcv0XZHI_7P0rpHKn94UmSB7SGJqcaB-nlD0YgZo4FABsyLW7ArH0BrfNFflCoL0WBUNis0b1GDjZ-g4zDaZHaHFlNPbnN44i7JVv5T2yus0HxMhK9b4E0cORI10bxEe0gj3j-MFJ-pj2iagC6LLZ86uZcfOFW5YxYxA0_1h92nTj55zkj8Wgw\" target=\"_blank\" rel=\"nofollow noopener\">https:\/\/byvn.net\/E1oJ<\/a><\/span><\/div>\n<div dir=\"auto\">Lazada: <span class=\"html-span xdj266r x14z9mp xat24cr x1lziwak xexx8yu xyri2b x18d9i69 x1c1uobl x1hl2dhg x16tdsg8 x1vvkbs\"><a class=\"x1i10hfl xjbqb8w x1ejq31n x18oe1m7 x1sy0etr xstzfhl x972fbf x10w94by x1qhh985 x14e42zd x9f619 x1ypdohk xt0psk2 x3ct3a4 xdj266r x14z9mp xat24cr x1lziwak xexx8yu xyri2b x18d9i69 x1c1uobl x16tdsg8 x1hl2dhg xggy1nq x1a2a7pz xkrqix3 x1sur9pj x1fey0fg x1s688f\" role=\"link\" href=\"https:\/\/l.facebook.com\/l.php?u=https%3A%2F%2Fbyvn.net%2FVYPr%3Ffbclid%3DIwZXh0bgNhZW0CMTAAYnJpZBExSVphcW5CaEdIZkNOTXBFRgEe_Luos7EH-kvFTW6S_ZvsDVVvXu17qeXc-Alq70HJ2CTgs8T14TBEP9YVNmg_aem_FPBKYGGZFV5JCUS6CBt9GA&amp;h=AT3IQ15QghAFPaMC1BxIXmepCOp57UD_Uo5PdNrMhXgkr2zehAfUVpnDH3fvLFk9rerqN_VGnr3CA0xhRZrviMocDHbgBLd6w1iF9_kvFyZJnXrNhkNmIgsNzYjUTVqjRaaNWaMmj6rwpmt_&amp;__tn__=-UK-R&amp;c[0]=AT2YjrwyJMhn57NsK2odK-orq56Bru6FvbAYhcv0XZHI_7P0rpHKn94UmSB7SGJqcaB-nlD0YgZo4FABsyLW7ArH0BrfNFflCoL0WBUNis0b1GDjZ-g4zDaZHaHFlNPbnN44i7JVv5T2yus0HxMhK9b4E0cORI10bxEe0gj3j-MFJ-pj2iagC6LLZ86uZcfOFW5YxYxA0_1h92nTj55zkj8Wgw\" target=\"_blank\" rel=\"nofollow noopener\">https:\/\/byvn.net\/VYPr<\/a><\/span><\/div>\n<\/div>\n<\/div>\n","protected":false},"excerpt":{"rendered":"<h3>V\u1ec1 s\u1ea3n ph\u1ea9m<\/h3>\n<p>&#8211; \u0110i\u1ec7n \u00e1p l\u1eafp \u0111\u1eb7t l\u00ean \u0111\u1ebfn 1500Vdc<br \/>\n&#8211; V\u1eadt li\u1ec7u c\u00e1p XLPO<br \/>\n&#8211; O.D:\u00a05.6 \u00b1 0.2 mm<br \/>\n&#8211; C\u00f3 2 m\u00e0u \u0111en v\u00e0 \u0111\u1ecf<\/p>\n<h3><i class=\"fas fa-download\"><\/i>Download<\/h3>\n<ul>\n<li><a href=\"https:\/\/tpenergy.com.vn\/wp-content\/uploads\/2025\/11\/Datasheet-4mm2-KAKU-Cable-.pdf\">Datasheet<\/a><\/li>\n<li><a href=\"https:\/\/tpenergy.com.vn\/wp-content\/uploads\/2025\/11\/Warranty-Condition-KUKA-CABLE_V25.pdf\">Warranty Condition<\/a><\/li>\n<\/ul>\n","protected":false},"featured_media":7139,"comment_status":"open","ping_status":"closed","template":"","meta":{"_eb_attr":""},"product_cat":[1281],"product_tag":[1027,1026,1028,1021,1024,1023,1022,1025],"class_list":{"0":"post-7134","1":"product","2":"type-product","3":"status-publish","4":"has-post-thumbnail","6":"product_cat-cap-dc-kuka","7":"product_tag-cap-nang-luong-mat-troi","8":"product_tag-cap-nang-luong-mat-troi-dc","9":"product_tag-day-cao-dien-mat-troi","10":"product_tag-day-cap","11":"product_tag-day-cap-dc-sunkean","12":"product_tag-day-cap-dc-sunkean-chinh-hang","13":"product_tag-day-cap-sunkean","14":"product_tag-sunkean","16":"first","17":"instock","18":"shipping-taxable","19":"purchasable","20":"product-type-variable"},"yoast_head":"<!-- This site is optimized with the Yoast SEO plugin v20.9 - https:\/\/yoast.com\/wordpress\/plugins\/seo\/ -->\r\n<title>D\u00e2y c\u00e1p DC KUKA 4mm2 1500VDC | Thu\u1eadn Phong Energy<\/title>\r\n<meta name=\"description\" content=\"D\u00e2y c\u00e1p DC KUKA 4mm\u00b2 1500VDC chu\u1ea9n H1Z2Z2-K d\u00f9ng cho h\u1ec7 th\u1ed1ng \u0111i\u1ec7n m\u1eb7t tr\u1eddi, \u0111\u1ed9 b\u1ec1n cao, ch\u1ecbu nhi\u1ec7t t\u1ed1t, ch\u1ed1ng UV, an to\u00e0n v\u00e0 \u1ed5n \u0111\u1ecbnh trong m\u1ecdi m\u00f4i tr\u01b0\u1eddng.\" \/>\r\n<meta name=\"robots\" content=\"index, follow, max-snippet:-1, max-image-preview:large, max-video-preview:-1\" \/>\r\n<link rel=\"canonical\" href=\"https:\/\/tpenergy.com.vn\/?product=day-cap-dc-kuka-4mm2-1500vdc-mau-do-den-h1z2z2-k-1x4-mm2\" \/>\r\n<meta property=\"og:locale\" content=\"vi_VN\" \/>\r\n<meta property=\"og:type\" content=\"article\" \/>\r\n<meta property=\"og:title\" content=\"D\u00e2y c\u00e1p DC KUKA 4mm2 1500VDC | Thu\u1eadn Phong Energy\" \/>\r\n<meta property=\"og:description\" content=\"D\u00e2y c\u00e1p DC KUKA 4mm\u00b2 1500VDC chu\u1ea9n H1Z2Z2-K d\u00f9ng cho h\u1ec7 th\u1ed1ng \u0111i\u1ec7n m\u1eb7t tr\u1eddi, \u0111\u1ed9 b\u1ec1n cao, ch\u1ecbu nhi\u1ec7t t\u1ed1t, ch\u1ed1ng UV, an to\u00e0n v\u00e0 \u1ed5n \u0111\u1ecbnh trong m\u1ecdi m\u00f4i tr\u01b0\u1eddng.\" \/>\r\n<meta property=\"og:url\" content=\"https:\/\/tpenergy.com.vn\/?product=day-cap-dc-kuka-4mm2-1500vdc-mau-do-den-h1z2z2-k-1x4-mm2\" \/>\r\n<meta property=\"og:site_name\" content=\"Thuan Phong Solar Energy\" \/>\r\n<meta property=\"article:modified_time\" content=\"2026-03-12T06:46:32+00:00\" \/>\r\n<meta property=\"og:image\" content=\"https:\/\/tpenergy.com.vn\/wp-content\/uploads\/2025\/11\/1x4mm.jpg\" \/>\r\n\t<meta property=\"og:image:width\" content=\"1000\" \/>\r\n\t<meta property=\"og:image:height\" content=\"1000\" \/>\r\n\t<meta property=\"og:image:type\" content=\"image\/jpeg\" \/>\r\n<meta name=\"twitter:card\" content=\"summary_large_image\" \/>\r\n<meta name=\"twitter:label1\" content=\"\u01af\u1edbc t\u00ednh th\u1eddi gian \u0111\u1ecdc\" \/>\n\t<meta name=\"twitter:data1\" content=\"3 ph\u00fat\" \/>\r\n<script type=\"application\/ld+json\" class=\"yoast-schema-graph\">{\"@context\":\"https:\/\/schema.org\",\"@graph\":[{\"@type\":\"WebPage\",\"@id\":\"https:\/\/tpenergy.com.vn\/?product=day-cap-dc-kuka-4mm2-1500vdc-mau-do-den-h1z2z2-k-1x4-mm2\",\"url\":\"https:\/\/tpenergy.com.vn\/?product=day-cap-dc-kuka-4mm2-1500vdc-mau-do-den-h1z2z2-k-1x4-mm2\",\"name\":\"D\u00e2y c\u00e1p DC KUKA 4mm2 1500VDC | Thu\u1eadn Phong Energy\",\"isPartOf\":{\"@id\":\"https:\/\/tpenergy.com.vn\/#website\"},\"datePublished\":\"2025-11-17T08:07:10+00:00\",\"dateModified\":\"2026-03-12T06:46:32+00:00\",\"description\":\"D\u00e2y c\u00e1p DC KUKA 4mm\u00b2 1500VDC chu\u1ea9n H1Z2Z2-K d\u00f9ng cho h\u1ec7 th\u1ed1ng \u0111i\u1ec7n m\u1eb7t tr\u1eddi, \u0111\u1ed9 b\u1ec1n cao, ch\u1ecbu nhi\u1ec7t t\u1ed1t, ch\u1ed1ng UV, an to\u00e0n v\u00e0 \u1ed5n \u0111\u1ecbnh trong m\u1ecdi m\u00f4i tr\u01b0\u1eddng.\",\"breadcrumb\":{\"@id\":\"https:\/\/tpenergy.com.vn\/?product=day-cap-dc-kuka-4mm2-1500vdc-mau-do-den-h1z2z2-k-1x4-mm2#breadcrumb\"},\"inLanguage\":\"vi\",\"potentialAction\":[{\"@type\":\"ReadAction\",\"target\":[\"https:\/\/tpenergy.com.vn\/?product=day-cap-dc-kuka-4mm2-1500vdc-mau-do-den-h1z2z2-k-1x4-mm2\"]}]},{\"@type\":\"BreadcrumbList\",\"@id\":\"https:\/\/tpenergy.com.vn\/?product=day-cap-dc-kuka-4mm2-1500vdc-mau-do-den-h1z2z2-k-1x4-mm2#breadcrumb\",\"itemListElement\":[{\"@type\":\"ListItem\",\"position\":1,\"name\":\"Trang ch\u1ee7\",\"item\":\"https:\/\/tpenergy.com.vn\/\"},{\"@type\":\"ListItem\",\"position\":2,\"name\":\"Shop\",\"item\":\"https:\/\/tpenergy.com.vn\/?page_id=5\"},{\"@type\":\"ListItem\",\"position\":3,\"name\":\"C\u00c1P DC SOLAR\",\"item\":\"https:\/\/tpenergy.com.vn\/?product_cat=cap-dc-solar\"},{\"@type\":\"ListItem\",\"position\":4,\"name\":\"C\u00c1P DC KUKA\",\"item\":\"https:\/\/tpenergy.com.vn\/?product_cat=cap-dc-kuka\"},{\"@type\":\"ListItem\",\"position\":5,\"name\":\"D\u00e2y c\u00e1p DC KUKA 4mm2 1500VDC, m\u00e0u \u0111\u1ecf\/\u0111en | H1Z2Z2-K 1&#215;4 MM2\"}]},{\"@type\":\"WebSite\",\"@id\":\"https:\/\/tpenergy.com.vn\/#website\",\"url\":\"https:\/\/tpenergy.com.vn\/\",\"name\":\"Thuan Phong Solar Energy\",\"description\":\"\",\"potentialAction\":[{\"@type\":\"SearchAction\",\"target\":{\"@type\":\"EntryPoint\",\"urlTemplate\":\"https:\/\/tpenergy.com.vn\/?s={search_term_string}\"},\"query-input\":\"required name=search_term_string\"}],\"inLanguage\":\"vi\"}]}<\/script>\r\n<!-- \/ Yoast SEO plugin. -->","yoast_head_json":{"title":"D\u00e2y c\u00e1p DC KUKA 4mm2 1500VDC | Thu\u1eadn Phong Energy","description":"D\u00e2y c\u00e1p DC KUKA 4mm\u00b2 1500VDC chu\u1ea9n H1Z2Z2-K d\u00f9ng cho h\u1ec7 th\u1ed1ng \u0111i\u1ec7n m\u1eb7t tr\u1eddi, \u0111\u1ed9 b\u1ec1n cao, ch\u1ecbu nhi\u1ec7t t\u1ed1t, ch\u1ed1ng UV, an to\u00e0n v\u00e0 \u1ed5n \u0111\u1ecbnh trong m\u1ecdi m\u00f4i tr\u01b0\u1eddng.","robots":{"index":"index","follow":"follow","max-snippet":"max-snippet:-1","max-image-preview":"max-image-preview:large","max-video-preview":"max-video-preview:-1"},"canonical":"https:\/\/tpenergy.com.vn\/?product=day-cap-dc-kuka-4mm2-1500vdc-mau-do-den-h1z2z2-k-1x4-mm2","og_locale":"vi_VN","og_type":"article","og_title":"D\u00e2y c\u00e1p DC KUKA 4mm2 1500VDC | Thu\u1eadn Phong Energy","og_description":"D\u00e2y c\u00e1p DC KUKA 4mm\u00b2 1500VDC chu\u1ea9n H1Z2Z2-K d\u00f9ng cho h\u1ec7 th\u1ed1ng \u0111i\u1ec7n m\u1eb7t tr\u1eddi, \u0111\u1ed9 b\u1ec1n cao, ch\u1ecbu nhi\u1ec7t t\u1ed1t, ch\u1ed1ng UV, an to\u00e0n v\u00e0 \u1ed5n \u0111\u1ecbnh trong m\u1ecdi m\u00f4i tr\u01b0\u1eddng.","og_url":"https:\/\/tpenergy.com.vn\/?product=day-cap-dc-kuka-4mm2-1500vdc-mau-do-den-h1z2z2-k-1x4-mm2","og_site_name":"Thuan Phong Solar Energy","article_modified_time":"2026-03-12T06:46:32+00:00","og_image":[{"width":1000,"height":1000,"url":"https:\/\/tpenergy.com.vn\/wp-content\/uploads\/2025\/11\/1x4mm.jpg","type":"image\/jpeg"}],"twitter_card":"summary_large_image","twitter_misc":{"\u01af\u1edbc t\u00ednh th\u1eddi gian \u0111\u1ecdc":"3 ph\u00fat"},"schema":{"@context":"https:\/\/schema.org","@graph":[{"@type":"WebPage","@id":"https:\/\/tpenergy.com.vn\/?product=day-cap-dc-kuka-4mm2-1500vdc-mau-do-den-h1z2z2-k-1x4-mm2","url":"https:\/\/tpenergy.com.vn\/?product=day-cap-dc-kuka-4mm2-1500vdc-mau-do-den-h1z2z2-k-1x4-mm2","name":"D\u00e2y c\u00e1p DC KUKA 4mm2 1500VDC | Thu\u1eadn Phong Energy","isPartOf":{"@id":"https:\/\/tpenergy.com.vn\/#website"},"datePublished":"2025-11-17T08:07:10+00:00","dateModified":"2026-03-12T06:46:32+00:00","description":"D\u00e2y c\u00e1p DC KUKA 4mm\u00b2 1500VDC chu\u1ea9n H1Z2Z2-K d\u00f9ng cho h\u1ec7 th\u1ed1ng \u0111i\u1ec7n m\u1eb7t tr\u1eddi, \u0111\u1ed9 b\u1ec1n cao, ch\u1ecbu nhi\u1ec7t t\u1ed1t, ch\u1ed1ng UV, an to\u00e0n v\u00e0 \u1ed5n \u0111\u1ecbnh trong m\u1ecdi m\u00f4i tr\u01b0\u1eddng.","breadcrumb":{"@id":"https:\/\/tpenergy.com.vn\/?product=day-cap-dc-kuka-4mm2-1500vdc-mau-do-den-h1z2z2-k-1x4-mm2#breadcrumb"},"inLanguage":"vi","potentialAction":[{"@type":"ReadAction","target":["https:\/\/tpenergy.com.vn\/?product=day-cap-dc-kuka-4mm2-1500vdc-mau-do-den-h1z2z2-k-1x4-mm2"]}]},{"@type":"BreadcrumbList","@id":"https:\/\/tpenergy.com.vn\/?product=day-cap-dc-kuka-4mm2-1500vdc-mau-do-den-h1z2z2-k-1x4-mm2#breadcrumb","itemListElement":[{"@type":"ListItem","position":1,"name":"Trang ch\u1ee7","item":"https:\/\/tpenergy.com.vn\/"},{"@type":"ListItem","position":2,"name":"Shop","item":"https:\/\/tpenergy.com.vn\/?page_id=5"},{"@type":"ListItem","position":3,"name":"C\u00c1P DC SOLAR","item":"https:\/\/tpenergy.com.vn\/?product_cat=cap-dc-solar"},{"@type":"ListItem","position":4,"name":"C\u00c1P DC KUKA","item":"https:\/\/tpenergy.com.vn\/?product_cat=cap-dc-kuka"},{"@type":"ListItem","position":5,"name":"D\u00e2y c\u00e1p DC KUKA 4mm2 1500VDC, m\u00e0u \u0111\u1ecf\/\u0111en | H1Z2Z2-K 1&#215;4 MM2"}]},{"@type":"WebSite","@id":"https:\/\/tpenergy.com.vn\/#website","url":"https:\/\/tpenergy.com.vn\/","name":"Thuan Phong Solar Energy","description":"","potentialAction":[{"@type":"SearchAction","target":{"@type":"EntryPoint","urlTemplate":"https:\/\/tpenergy.com.vn\/?s={search_term_string}"},"query-input":"required name=search_term_string"}],"inLanguage":"vi"}]}},"_links":{"self":[{"href":"https:\/\/tpenergy.com.vn\/index.php?rest_route=\/wp\/v2\/product\/7134"}],"collection":[{"href":"https:\/\/tpenergy.com.vn\/index.php?rest_route=\/wp\/v2\/product"}],"about":[{"href":"https:\/\/tpenergy.com.vn\/index.php?rest_route=\/wp\/v2\/types\/product"}],"replies":[{"embeddable":true,"href":"https:\/\/tpenergy.com.vn\/index.php?rest_route=%2Fwp%2Fv2%2Fcomments&post=7134"}],"wp:featuredmedia":[{"embeddable":true,"href":"https:\/\/tpenergy.com.vn\/index.php?rest_route=\/wp\/v2\/media\/7139"}],"wp:attachment":[{"href":"https:\/\/tpenergy.com.vn\/index.php?rest_route=%2Fwp%2Fv2%2Fmedia&parent=7134"}],"wp:term":[{"taxonomy":"product_cat","embeddable":true,"href":"https:\/\/tpenergy.com.vn\/index.php?rest_route=%2Fwp%2Fv2%2Fproduct_cat&post=7134"},{"taxonomy":"product_tag","embeddable":true,"href":"https:\/\/tpenergy.com.vn\/index.php?rest_route=%2Fwp%2Fv2%2Fproduct_tag&post=7134"}],"curies":[{"name":"wp","href":"https:\/\/api.w.org\/{rel}","templated":true}]}}