{"id":7114,"date":"2025-11-17T11:22:43","date_gmt":"2025-11-17T04:22:43","guid":{"rendered":"https:\/\/tpenergy.com.vn\/?post_type=product&#038;p=7114"},"modified":"2026-02-28T14:21:51","modified_gmt":"2026-02-28T07:21:51","slug":"tam-pin-nang-luong-mat-troi-aiko-600w-2","status":"publish","type":"product","link":"https:\/\/tpenergy.com.vn\/?product=tam-pin-nang-luong-mat-troi-aiko-600w-2","title":{"rendered":"T\u1ea5m pin n\u0103ng l\u01b0\u1ee3ng m\u1eb7t tr\u1eddi AIKO 600W"},"content":{"rendered":"<p><strong><a href=\"https:\/\/tpenergy.com.vn\/index.php\/danh-muc-sp\/tam-pin-nang-luong-mat-troi\/\">T\u1ea5m pin n\u0103ng l\u01b0\u1ee3ng m\u1eb7t tr\u1eddi<\/a> AIKO 600W<\/strong>\u00a0\u0111\u01b0\u1ee3c s\u1ea3n xu\u1ea5t tr\u00ean d\u00e2y chuy\u1ec1n c\u00f4ng ngh\u1ec7 N-type ABC (All Back Contact) m\u1edbi nh\u1ea5t do ch\u00ednh AIKO ph\u00e1t tri\u1ec3n. \u0110\u00e2y l\u00e0 c\u00f4ng ngh\u1ec7 cell pin PV \u0111\u1ea1t hi\u1ec7u su\u1ea5t l\u1edbn nh\u1ea5t hi\u1ec7n nay tr\u00ean 24%. T\u1ea5m pin AIKO 600W h\u1ee9a h\u1eb9n mang \u0111\u1ebfn cho ng\u00f4i nh\u00e0 b\u1ea1n ngu\u1ed3n \u0111i\u1ec7n \u1ed5n \u0111\u1ecbnh c\u1ea3 ng\u00e0y n\u1eafng l\u1eabn ng\u00e0y m\u01b0a.<\/p>\n<p><strong>Th\u00f4ng s\u1ed1 k\u1ef9 thu\u1eadt<\/strong> <strong>T\u1ea5m pin n\u0103ng l\u01b0\u1ee3ng m\u1eb7t tr\u1eddi AIKO 600W<\/strong><\/p>\n<p><img loading=\"lazy\" decoding=\"async\" class=\"alignnone size-full wp-image-5561\" src=\"https:\/\/tpenergy.com.vn\/wp-content\/uploads\/2025\/02\/Datasheet-Aiko-600w_001.png\" alt=\"\" width=\"2480\" height=\"3366\" srcset=\"https:\/\/tpenergy.com.vn\/wp-content\/uploads\/2025\/02\/Datasheet-Aiko-600w_001.png 2480w, https:\/\/tpenergy.com.vn\/wp-content\/uploads\/2025\/02\/Datasheet-Aiko-600w_001-768x1042.png 768w, https:\/\/tpenergy.com.vn\/wp-content\/uploads\/2025\/02\/Datasheet-Aiko-600w_001-1132x1536.png 1132w, https:\/\/tpenergy.com.vn\/wp-content\/uploads\/2025\/02\/Datasheet-Aiko-600w_001-1509x2048.png 1509w, https:\/\/tpenergy.com.vn\/wp-content\/uploads\/2025\/02\/Datasheet-Aiko-600w_001-247x335.png 247w, https:\/\/tpenergy.com.vn\/wp-content\/uploads\/2025\/02\/Datasheet-Aiko-600w_001-510x692.png 510w\" sizes=\"(max-width: 2480px) 100vw, 2480px\" \/><\/p>\n<figure id=\"attachment_5562\" aria-describedby=\"caption-attachment-5562\" style=\"width: 2480px\" class=\"wp-caption aligncenter\"><img loading=\"lazy\" decoding=\"async\" class=\"wp-image-5562 size-full\" src=\"https:\/\/tpenergy.com.vn\/wp-content\/uploads\/2025\/02\/Datasheet-Aiko-600w_002.png\" alt=\"\" width=\"2480\" height=\"3366\" srcset=\"https:\/\/tpenergy.com.vn\/wp-content\/uploads\/2025\/02\/Datasheet-Aiko-600w_002.png 2480w, https:\/\/tpenergy.com.vn\/wp-content\/uploads\/2025\/02\/Datasheet-Aiko-600w_002-768x1042.png 768w, https:\/\/tpenergy.com.vn\/wp-content\/uploads\/2025\/02\/Datasheet-Aiko-600w_002-1132x1536.png 1132w, https:\/\/tpenergy.com.vn\/wp-content\/uploads\/2025\/02\/Datasheet-Aiko-600w_002-1509x2048.png 1509w, https:\/\/tpenergy.com.vn\/wp-content\/uploads\/2025\/02\/Datasheet-Aiko-600w_002-247x335.png 247w, https:\/\/tpenergy.com.vn\/wp-content\/uploads\/2025\/02\/Datasheet-Aiko-600w_002-510x692.png 510w\" sizes=\"(max-width: 2480px) 100vw, 2480px\" \/><figcaption id=\"caption-attachment-5562\" class=\"wp-caption-text\">Th\u00f4ng s\u1ed1 k\u1ef9 thu\u1eadt T\u1ea5m pin n\u0103ng l\u01b0\u1ee3ng m\u1eb7t tr\u1eddi AIKO 600W &#8211; AIKO-A600-MAH72Mw<\/figcaption><\/figure>\n<p data-start=\"0\" data-end=\"43\"><strong data-start=\"0\" data-end=\"41\">\u01afu \u0111i\u1ec3m n\u1ed5i b\u1eadt c\u1ee7a t\u1ea5m pin AIKO 600W &#8211; AIKO-A600-MAH72Mw:<\/strong><\/p>\n<ul data-start=\"45\" data-end=\"868\">\n<li data-start=\"45\" data-end=\"202\"><strong data-start=\"47\" data-end=\"81\">C\u00f4ng ngh\u1ec7 N-type ABC ti\u00ean ti\u1ebfn<\/strong>: S\u1eed d\u1ee5ng silicon lo\u1ea1i N tinh khi\u1ebft, gi\u1ea3m suy hao hi\u1ec7u su\u1ea5t, to\u00e0n b\u1ed9 busbar n\u1eb1m \u1edf m\u1eb7t sau gi\u00fap h\u1ea5p th\u1ee5 \u00e1nh s\u00e1ng t\u1ed1i \u01b0u.<\/li>\n<li data-start=\"203\" data-end=\"354\"><strong data-start=\"205\" data-end=\"228\">Hi\u1ec7u su\u1ea5t v\u01b0\u1ee3t tr\u1ed9i<\/strong>: \u0110\u1ea1t hi\u1ec7u su\u1ea5t 23.2%, cao h\u01a1n so v\u1edbi c\u00e1c c\u00f4ng ngh\u1ec7 TOPCon hay PERC, s\u1ea3n xu\u1ea5t \u0111i\u1ec7n t\u1ed1t ngay c\u1ea3 trong \u0111i\u1ec1u ki\u1ec7n \u00e1nh s\u00e1ng y\u1ebfu.<\/li>\n<li data-start=\"355\" data-end=\"489\"><strong data-start=\"357\" data-end=\"393\">Thi\u1ebft k\u1ebf kh\u00f4ng busbar ph\u00eda tr\u01b0\u1edbc<\/strong>: M\u1eb7t tr\u01b0\u1edbc \u0111en to\u00e0n ph\u1ea7n, t\u0103ng kh\u1ea3 n\u0103ng h\u1ea5p th\u1ee5 \u00e1nh s\u00e1ng, n\u00e2ng cao hi\u1ec7u su\u1ea5t v\u00e0 t\u00ednh th\u1ea9m m\u1ef9.<\/li>\n<li data-start=\"490\" data-end=\"620\"><strong data-start=\"492\" data-end=\"522\">\u0110\u1ed9 suy gi\u1ea3m hi\u1ec7u su\u1ea5t th\u1ea5p<\/strong>: Ch\u1ec9 &lt;1% sau n\u0103m \u0111\u1ea7u ti\u00ean, 0.35% m\u1ed7i n\u0103m ti\u1ebfp theo, ho\u1ea1t \u0111\u1ed9ng t\u1ed1t trong m\u00f4i tr\u01b0\u1eddng kh\u1eafc nghi\u1ec7t.<\/li>\n<li data-start=\"621\" data-end=\"749\"><strong data-start=\"623\" data-end=\"647\">Tu\u1ed5i th\u1ecd cao, b\u1ec1n b\u1ec9<\/strong>: \u0110\u00e1p \u1ee9ng ti\u00eau chu\u1ea9n IEC, ch\u1ed1ng \u0103n m\u00f2n, ch\u1ed1ng va \u0111\u1eadp v\u1edbi k\u00ednh c\u01b0\u1eddng l\u1ef1c d\u00e0y 3.2mm v\u00e0 khung nh\u00f4m cao c\u1ea5p.<\/li>\n<li data-start=\"750\" data-end=\"868\"><strong data-start=\"752\" data-end=\"776\">Chi ph\u00ed b\u1ea3o tr\u00ec th\u1ea5p<\/strong>: H\u1ea1n ch\u1ebf n\u1ee9t vi m\u00f4, kh\u00f4ng c\u00f3 busbar ph\u00eda tr\u01b0\u1edbc gi\u00fap b\u1ea3o v\u1ec7 cell pin, gi\u1ea3m t\u1ef7 l\u1ec7 h\u1ecfng h\u00f3c.<\/li>\n<\/ul>\n<p>Thu\u1eadn Phong Energy t\u1ef1 h\u00e0o l\u00e0 nh\u00e0 cung c\u1ea5p <strong style=\"color: #555555\" data-start=\"124\" data-end=\"170\">t\u1ea5m pin m\u1eb7t tr\u1eddi <strong data-start=\"0\" data-end=\"41\">AIKO 600W &#8211; AIKO-A600-MAH72Mw<\/strong><\/strong><span style=\"color: #555555\">\u00a0ch\u00ednh h\u00e3ng v\u1edbi \u0111\u1ea7y \u0111\u1ee7 ch\u1ee9ng nh\u1eadn ch\u1ea5t l\u01b0\u1ee3ng.<\/span><\/p>\n<p><strong data-start=\"222\" data-end=\"263\">Cam k\u1ebft khi mua h\u00e0ng t\u1ea1i Thu\u1eadn Phong:<\/strong><\/p>\n<ul>\n<li><strong data-start=\"268\" data-end=\"291\">S\u1ea3n ph\u1ea9m ch\u00ednh h\u00e3ng<\/strong>, \u0111\u1ea7y \u0111\u1ee7 CO, CQ, VAT cho d\u1ef1 \u00e1n.<\/li>\n<li><strong data-start=\"327\" data-end=\"348\">Gi\u00e1 c\u1ea3 c\u1ea1nh tranh<\/strong>, nh\u1eadp kh\u1ea9u tr\u1ef1c ti\u1ebfp kh\u00f4ng qua trung gian.<\/li>\n<li><strong data-start=\"396\" data-end=\"422\">Ph\u00e2n ph\u1ed1i s\u1ec9 to\u00e0n qu\u1ed1c<\/strong>, h\u1ed7 tr\u1ee3 v\u1eadn chuy\u1ec3n t\u1eadn n\u01a1i.<\/li>\n<li><strong data-start=\"455\" data-end=\"492\">B\u1ea3o h\u00e0nh hi\u1ec7u su\u1ea5t l\u00ean \u0111\u1ebfn 25 n\u0103m<\/strong>, \u0111\u1ea3m b\u1ea3o ch\u1ea5t l\u01b0\u1ee3ng v\u01b0\u1ee3t tr\u1ed9i.<\/li>\n<\/ul>\n<div dir=\"auto\">\u2014\u2014\u2014\u2014\u2014\u2014\u2014\u2014\u2014\u2014\u2014\u2013<\/div>\n<div dir=\"auto\"><a href=\"https:\/\/www.facebook.com\/DienMatTroi.SolarQuangBinh\">CH\u1eccN THU\u1eacN PHONG \u2013 CH\u1eccN S\u1ef0 AN T\u00c2M<\/a><br \/>\nHotline: 0869.564.567<br \/>\nKinh doanh: 0867.577.357<br \/>\nK\u1ef9 thu\u1eadt: 0899.768.777<br \/>\nService: 0867.118.636<br \/>\nTr\u1ee5 s\u1edf ch\u00ednh: 30 Nguy\u1ec5n H\u1eefu D\u1eadt, ph\u01b0\u1eddng \u0110\u1ed3ng H\u1edbi, t\u1ec9nh Qu\u1ea3ng Tr\u1ecb, Vi\u1ec7t Nam<br \/>\nTr\u1ee5 s\u1edf H\u00e0 N\u1ed9i: Nh\u00e0 ph\u1ed1 th\u01b0\u01a1ng m\u1ea1i Khai S\u01a1n Town s\u1ed1 18 thu\u1ed9c Town 7, khu \u0111\u00f4 th\u1ecb Khai S\u01a1n City, ph\u01b0\u1eddng B\u1ed3 \u0110\u1ec1, Th\u00e0nh ph\u1ed1 H\u00e0 N\u1ed9i<br \/>\nWebsite:\u00a0<a href=\"https:\/\/tpenergy.com.vn\/\">https:\/\/tpenergy.com.vn\/<\/a><br \/>\nShopee:\u00a0<a href=\"https:\/\/shopee.vn\/thuanphongenergy?entryPoint=ShopBySearch&amp;searchKeyword=thu%E1%BA%ADn%20phong%20solar%20energy\">https:\/\/byvn.net\/E1oJ<\/a><br \/>\nLazada:\u00a0<a href=\"https:\/\/byvn.net\/VYPr\">https:\/\/byvn.net\/VYPr<\/a><\/div>\n","protected":false},"excerpt":{"rendered":"<p>M\u00f4 t\u1ea3 s\u1ea3n ph\u1ea9m:<\/p>\n<ul>\n<li><strong>Model:\u00a0<\/strong>AIKO-A600-MAH72Mw<\/li>\n<li><strong>C\u00f4ng su\u1ea5t: <\/strong>600W<\/li>\n<li><strong>C\u00f4ng ngh\u1ec7: <\/strong>N-Type ABC<\/li>\n<li><strong>Hi\u1ec7u su\u1ea5t: <\/strong>23.2%<\/li>\n<li><strong>K\u00edch th\u01b0\u1edbc:<\/strong> 2278 x 1134 x 35\u00a0mm<\/li>\n<li><strong>Kh\u1ed1i l\u01b0\u1ee3ng: <\/strong>28.3 kg<\/li>\n<li><strong>B\u1ea3o h\u00e0nh: <\/strong>15 n\u0103m<\/li>\n<li><strong>B\u1ea3o h\u00e0nh hi\u1ec7u su\u1ea5t: <\/strong>30 n\u0103m<\/li>\n<\/ul>\n<p><strong><i class=\"fas fa-download\"><\/i> Download<\/strong><\/p>\n<ul>\n<li><a href=\"https:\/\/tpenergy.com.vn\/wp-content\/uploads\/2025\/02\/Comet-1N_184-AIKO-A-MAH72Mw-590-615W_2278x1134x30mm_DSDr_EN_2407_V1.3-no-partial-shading-optimisation.pdf\">DATASHEET<\/a><\/li>\n<li><a href=\"https:\/\/tpenergy.com.vn\/wp-content\/uploads\/2025\/02\/huong-dan-lap-pin-aiko.pdf\">USER MANUAL<\/a><\/li>\n<\/ul>\n","protected":false},"featured_media":5564,"comment_status":"open","ping_status":"closed","template":"","meta":{"_eb_attr":""},"product_cat":[772],"product_tag":[770,769,771,768],"class_list":{"0":"post-7114","1":"product","2":"type-product","3":"status-publish","4":"has-post-thumbnail","6":"product_cat-aiko-solar","7":"product_tag-600w","8":"product_tag-aiko","9":"product_tag-aiko-solar","10":"product_tag-tam-pin-nang-luong-mat-troi-aiko-600w","11":"pa_gia-khong-lap-dat","12":"pa_gia-lap-dat","14":"first","15":"instock","16":"shipping-taxable","17":"purchasable","18":"product-type-variable"},"yoast_head":"<!-- This site is optimized with the Yoast SEO plugin v20.9 - https:\/\/yoast.com\/wordpress\/plugins\/seo\/ -->\r\n<title>T\u1ea5m pin n\u0103ng l\u01b0\u1ee3ng m\u1eb7t tr\u1eddi Aiko 600W | Thu\u1eadn Phong Energy<\/title>\r\n<meta name=\"description\" content=\"T\u1ea5m pin n\u0103ng l\u01b0\u1ee3ng m\u1eb7t tr\u1eddi AIKO 600W\u00a0\u0111\u01b0\u1ee3c s\u1ea3n xu\u1ea5t tr\u00ean d\u00e2y chuy\u1ec1n c\u00f4ng ngh\u1ec7 N-type ABC (All Back Contact) m\u1edbi nh\u1ea5t do ch\u00ednh AIKO ph\u00e1t tri\u1ec3n.\" \/>\r\n<meta name=\"robots\" content=\"index, follow, max-snippet:-1, max-image-preview:large, max-video-preview:-1\" \/>\r\n<link rel=\"canonical\" href=\"https:\/\/tpenergy.com.vn\/?product=tam-pin-nang-luong-mat-troi-aiko-600w-2\" \/>\r\n<meta property=\"og:locale\" content=\"vi_VN\" \/>\r\n<meta property=\"og:type\" content=\"article\" \/>\r\n<meta property=\"og:title\" content=\"T\u1ea5m pin n\u0103ng l\u01b0\u1ee3ng m\u1eb7t tr\u1eddi Aiko 600W | Thu\u1eadn Phong Energy\" \/>\r\n<meta property=\"og:description\" content=\"T\u1ea5m pin n\u0103ng l\u01b0\u1ee3ng m\u1eb7t tr\u1eddi AIKO 600W\u00a0\u0111\u01b0\u1ee3c s\u1ea3n xu\u1ea5t tr\u00ean d\u00e2y chuy\u1ec1n c\u00f4ng ngh\u1ec7 N-type ABC (All Back Contact) m\u1edbi nh\u1ea5t do ch\u00ednh AIKO ph\u00e1t tri\u1ec3n.\" \/>\r\n<meta property=\"og:url\" content=\"https:\/\/tpenergy.com.vn\/?product=tam-pin-nang-luong-mat-troi-aiko-600w-2\" \/>\r\n<meta property=\"og:site_name\" content=\"Thuan Phong Solar Energy\" \/>\r\n<meta property=\"article:modified_time\" content=\"2026-02-28T07:21:51+00:00\" \/>\r\n<meta property=\"og:image\" content=\"https:\/\/tpenergy.com.vn\/wp-content\/uploads\/2025\/02\/AIKO-A-MAH72MW-N-TYPE-ABC-SERIES.jpg\" \/>\r\n\t<meta property=\"og:image:width\" content=\"480\" \/>\r\n\t<meta property=\"og:image:height\" content=\"774\" \/>\r\n\t<meta property=\"og:image:type\" content=\"image\/jpeg\" \/>\r\n<meta name=\"twitter:card\" content=\"summary_large_image\" \/>\r\n<meta name=\"twitter:label1\" content=\"\u01af\u1edbc t\u00ednh th\u1eddi gian \u0111\u1ecdc\" \/>\n\t<meta name=\"twitter:data1\" content=\"3 ph\u00fat\" \/>\r\n<script type=\"application\/ld+json\" class=\"yoast-schema-graph\">{\"@context\":\"https:\/\/schema.org\",\"@graph\":[{\"@type\":\"WebPage\",\"@id\":\"https:\/\/tpenergy.com.vn\/?product=tam-pin-nang-luong-mat-troi-aiko-600w-2\",\"url\":\"https:\/\/tpenergy.com.vn\/?product=tam-pin-nang-luong-mat-troi-aiko-600w-2\",\"name\":\"T\u1ea5m pin n\u0103ng l\u01b0\u1ee3ng m\u1eb7t tr\u1eddi Aiko 600W | Thu\u1eadn Phong Energy\",\"isPartOf\":{\"@id\":\"https:\/\/tpenergy.com.vn\/#website\"},\"datePublished\":\"2025-11-17T04:22:43+00:00\",\"dateModified\":\"2026-02-28T07:21:51+00:00\",\"description\":\"T\u1ea5m pin n\u0103ng l\u01b0\u1ee3ng m\u1eb7t tr\u1eddi AIKO 600W\u00a0\u0111\u01b0\u1ee3c s\u1ea3n xu\u1ea5t tr\u00ean d\u00e2y chuy\u1ec1n c\u00f4ng ngh\u1ec7 N-type ABC (All Back Contact) m\u1edbi nh\u1ea5t do ch\u00ednh AIKO ph\u00e1t tri\u1ec3n.\",\"breadcrumb\":{\"@id\":\"https:\/\/tpenergy.com.vn\/?product=tam-pin-nang-luong-mat-troi-aiko-600w-2#breadcrumb\"},\"inLanguage\":\"vi\",\"potentialAction\":[{\"@type\":\"ReadAction\",\"target\":[\"https:\/\/tpenergy.com.vn\/?product=tam-pin-nang-luong-mat-troi-aiko-600w-2\"]}]},{\"@type\":\"BreadcrumbList\",\"@id\":\"https:\/\/tpenergy.com.vn\/?product=tam-pin-nang-luong-mat-troi-aiko-600w-2#breadcrumb\",\"itemListElement\":[{\"@type\":\"ListItem\",\"position\":1,\"name\":\"Trang ch\u1ee7\",\"item\":\"https:\/\/tpenergy.com.vn\/\"},{\"@type\":\"ListItem\",\"position\":2,\"name\":\"Shop\",\"item\":\"https:\/\/tpenergy.com.vn\/?page_id=5\"},{\"@type\":\"ListItem\",\"position\":3,\"name\":\"T\u1ea4M PIN N\u0102NG L\u01af\u1ee2NG M\u1eb6T TR\u1edcI\",\"item\":\"https:\/\/tpenergy.com.vn\/?product_cat=tam-pin-nang-luong-mat-troi\"},{\"@type\":\"ListItem\",\"position\":4,\"name\":\"AIKO SOLAR\",\"item\":\"https:\/\/tpenergy.com.vn\/index.php\/danh-muc-sp\/tam-pin-nang-luong-mat-troi\/aiko-solar\/\"},{\"@type\":\"ListItem\",\"position\":5,\"name\":\"T\u1ea5m pin n\u0103ng l\u01b0\u1ee3ng m\u1eb7t tr\u1eddi AIKO 600W\"}]},{\"@type\":\"WebSite\",\"@id\":\"https:\/\/tpenergy.com.vn\/#website\",\"url\":\"https:\/\/tpenergy.com.vn\/\",\"name\":\"Thuan Phong Solar Energy\",\"description\":\"\",\"potentialAction\":[{\"@type\":\"SearchAction\",\"target\":{\"@type\":\"EntryPoint\",\"urlTemplate\":\"https:\/\/tpenergy.com.vn\/?s={search_term_string}\"},\"query-input\":\"required name=search_term_string\"}],\"inLanguage\":\"vi\"}]}<\/script>\r\n<!-- \/ Yoast SEO plugin. -->","yoast_head_json":{"title":"T\u1ea5m pin n\u0103ng l\u01b0\u1ee3ng m\u1eb7t tr\u1eddi Aiko 600W | Thu\u1eadn Phong Energy","description":"T\u1ea5m pin n\u0103ng l\u01b0\u1ee3ng m\u1eb7t tr\u1eddi AIKO 600W\u00a0\u0111\u01b0\u1ee3c s\u1ea3n xu\u1ea5t tr\u00ean d\u00e2y chuy\u1ec1n c\u00f4ng ngh\u1ec7 N-type ABC (All Back Contact) m\u1edbi nh\u1ea5t do ch\u00ednh AIKO ph\u00e1t tri\u1ec3n.","robots":{"index":"index","follow":"follow","max-snippet":"max-snippet:-1","max-image-preview":"max-image-preview:large","max-video-preview":"max-video-preview:-1"},"canonical":"https:\/\/tpenergy.com.vn\/?product=tam-pin-nang-luong-mat-troi-aiko-600w-2","og_locale":"vi_VN","og_type":"article","og_title":"T\u1ea5m pin n\u0103ng l\u01b0\u1ee3ng m\u1eb7t tr\u1eddi Aiko 600W | Thu\u1eadn Phong Energy","og_description":"T\u1ea5m pin n\u0103ng l\u01b0\u1ee3ng m\u1eb7t tr\u1eddi AIKO 600W\u00a0\u0111\u01b0\u1ee3c s\u1ea3n xu\u1ea5t tr\u00ean d\u00e2y chuy\u1ec1n c\u00f4ng ngh\u1ec7 N-type ABC (All Back Contact) m\u1edbi nh\u1ea5t do ch\u00ednh AIKO ph\u00e1t tri\u1ec3n.","og_url":"https:\/\/tpenergy.com.vn\/?product=tam-pin-nang-luong-mat-troi-aiko-600w-2","og_site_name":"Thuan Phong Solar Energy","article_modified_time":"2026-02-28T07:21:51+00:00","og_image":[{"width":480,"height":774,"url":"https:\/\/tpenergy.com.vn\/wp-content\/uploads\/2025\/02\/AIKO-A-MAH72MW-N-TYPE-ABC-SERIES.jpg","type":"image\/jpeg"}],"twitter_card":"summary_large_image","twitter_misc":{"\u01af\u1edbc t\u00ednh th\u1eddi gian \u0111\u1ecdc":"3 ph\u00fat"},"schema":{"@context":"https:\/\/schema.org","@graph":[{"@type":"WebPage","@id":"https:\/\/tpenergy.com.vn\/?product=tam-pin-nang-luong-mat-troi-aiko-600w-2","url":"https:\/\/tpenergy.com.vn\/?product=tam-pin-nang-luong-mat-troi-aiko-600w-2","name":"T\u1ea5m pin n\u0103ng l\u01b0\u1ee3ng m\u1eb7t tr\u1eddi Aiko 600W | Thu\u1eadn Phong Energy","isPartOf":{"@id":"https:\/\/tpenergy.com.vn\/#website"},"datePublished":"2025-11-17T04:22:43+00:00","dateModified":"2026-02-28T07:21:51+00:00","description":"T\u1ea5m pin n\u0103ng l\u01b0\u1ee3ng m\u1eb7t tr\u1eddi AIKO 600W\u00a0\u0111\u01b0\u1ee3c s\u1ea3n xu\u1ea5t tr\u00ean d\u00e2y chuy\u1ec1n c\u00f4ng ngh\u1ec7 N-type ABC (All Back Contact) m\u1edbi nh\u1ea5t do ch\u00ednh AIKO ph\u00e1t tri\u1ec3n.","breadcrumb":{"@id":"https:\/\/tpenergy.com.vn\/?product=tam-pin-nang-luong-mat-troi-aiko-600w-2#breadcrumb"},"inLanguage":"vi","potentialAction":[{"@type":"ReadAction","target":["https:\/\/tpenergy.com.vn\/?product=tam-pin-nang-luong-mat-troi-aiko-600w-2"]}]},{"@type":"BreadcrumbList","@id":"https:\/\/tpenergy.com.vn\/?product=tam-pin-nang-luong-mat-troi-aiko-600w-2#breadcrumb","itemListElement":[{"@type":"ListItem","position":1,"name":"Trang ch\u1ee7","item":"https:\/\/tpenergy.com.vn\/"},{"@type":"ListItem","position":2,"name":"Shop","item":"https:\/\/tpenergy.com.vn\/?page_id=5"},{"@type":"ListItem","position":3,"name":"T\u1ea4M PIN N\u0102NG L\u01af\u1ee2NG M\u1eb6T TR\u1edcI","item":"https:\/\/tpenergy.com.vn\/?product_cat=tam-pin-nang-luong-mat-troi"},{"@type":"ListItem","position":4,"name":"AIKO SOLAR","item":"https:\/\/tpenergy.com.vn\/index.php\/danh-muc-sp\/tam-pin-nang-luong-mat-troi\/aiko-solar\/"},{"@type":"ListItem","position":5,"name":"T\u1ea5m pin n\u0103ng l\u01b0\u1ee3ng m\u1eb7t tr\u1eddi AIKO 600W"}]},{"@type":"WebSite","@id":"https:\/\/tpenergy.com.vn\/#website","url":"https:\/\/tpenergy.com.vn\/","name":"Thuan Phong Solar Energy","description":"","potentialAction":[{"@type":"SearchAction","target":{"@type":"EntryPoint","urlTemplate":"https:\/\/tpenergy.com.vn\/?s={search_term_string}"},"query-input":"required name=search_term_string"}],"inLanguage":"vi"}]}},"_links":{"self":[{"href":"https:\/\/tpenergy.com.vn\/index.php?rest_route=\/wp\/v2\/product\/7114"}],"collection":[{"href":"https:\/\/tpenergy.com.vn\/index.php?rest_route=\/wp\/v2\/product"}],"about":[{"href":"https:\/\/tpenergy.com.vn\/index.php?rest_route=\/wp\/v2\/types\/product"}],"replies":[{"embeddable":true,"href":"https:\/\/tpenergy.com.vn\/index.php?rest_route=%2Fwp%2Fv2%2Fcomments&post=7114"}],"wp:featuredmedia":[{"embeddable":true,"href":"https:\/\/tpenergy.com.vn\/index.php?rest_route=\/wp\/v2\/media\/5564"}],"wp:attachment":[{"href":"https:\/\/tpenergy.com.vn\/index.php?rest_route=%2Fwp%2Fv2%2Fmedia&parent=7114"}],"wp:term":[{"taxonomy":"product_cat","embeddable":true,"href":"https:\/\/tpenergy.com.vn\/index.php?rest_route=%2Fwp%2Fv2%2Fproduct_cat&post=7114"},{"taxonomy":"product_tag","embeddable":true,"href":"https:\/\/tpenergy.com.vn\/index.php?rest_route=%2Fwp%2Fv2%2Fproduct_tag&post=7114"}],"curies":[{"name":"wp","href":"https:\/\/api.w.org\/{rel}","templated":true}]}}