{"id":7105,"date":"2025-11-17T10:51:36","date_gmt":"2025-11-17T03:51:36","guid":{"rendered":"https:\/\/tpenergy.com.vn\/?post_type=product&#038;p=7105"},"modified":"2026-02-28T15:31:49","modified_gmt":"2026-02-28T08:31:49","slug":"tam-pin-nang-luong-mat-troi-ja-615w","status":"publish","type":"product","link":"https:\/\/tpenergy.com.vn\/?product=tam-pin-nang-luong-mat-troi-ja-615w","title":{"rendered":"T\u1ea5m pin n\u0103ng l\u01b0\u1ee3ng m\u1eb7t tr\u1eddi JA 615W"},"content":{"rendered":"<h1>T\u1ea5m pin n\u0103ng l\u01b0\u1ee3ng m\u1eb7t tr\u1eddi JA 615W<\/h1>\n<p><strong data-start=\"316\" data-end=\"380\">T\u1ea5m pin n\u0103ng l\u01b0\u1ee3ng m\u1eb7t tr\u1eddi JA 615W N-type | JAM66D45-615\/LB<\/strong> l\u00e0 s\u1ea3n ph\u1ea9m thu\u1ed9c d\u00f2ng module 2 m\u1eb7t k\u00ednh cao c\u1ea5p c\u1ee7a JA Solar. V\u1edbi c\u00f4ng ngh\u1ec7 N-type hi\u1ec7n \u0111\u1ea1i, thi\u1ebft k\u1ebf ch\u1eafc ch\u1eafn v\u00e0 hi\u1ec7u su\u1ea5t chuy\u1ec3n \u0111\u1ed5i n\u1ed5i b\u1eadt, t\u1ea5m pin l\u00e0 l\u1ef1a ch\u1ecdn l\u00fd t\u01b0\u1edfng cho c\u1ea3 h\u1ec7 th\u1ed1ng \u0111i\u1ec7n m\u1eb7t tr\u1eddi d\u00e2n d\u1ee5ng v\u00e0 d\u1ef1 \u00e1n quy m\u00f4 l\u1edbn.<\/p>\n<p><strong>\u0110\u1eb7c \u0111i\u1ec3m n\u1ed5i b\u1eadt c\u1ee7a <a href=\"https:\/\/tpenergy.com.vn\/index.php\/danh-muc-sp\/tam-pin-nang-luong-mat-troi\/\">T\u1ea5m pin n\u0103ng l\u01b0\u1ee3ng m\u1eb7t tr\u1eddi<\/a> JA 615W:<\/strong><\/p>\n<p>\ud83d\udd39 <strong data-start=\"674\" data-end=\"700\">C\u00f4ng su\u1ea5t m\u1ea1nh m\u1ebd 615W<br \/>\n<\/strong>Hi\u1ec7u qu\u1ea3 thu n\u0103ng l\u01b0\u1ee3ng v\u01b0\u1ee3t tr\u1ed9i, ph\u00f9 h\u1ee3p cho c\u00e1c d\u1ef1 \u00e1n rooftop v\u00e0 farm, gi\u00fap t\u0103ng s\u1ea3n l\u01b0\u1ee3ng \u0111i\u1ec7n v\u00e0 t\u1ed1i \u01b0u di\u1ec7n t\u00edch l\u1eafp \u0111\u1eb7t.<\/p>\n<p data-start=\"830\" data-end=\"864\">\ud83d\udd39 <strong data-start=\"837\" data-end=\"864\">C\u00f4ng ngh\u1ec7 t\u1ebf b\u00e0o N-type<br \/>\n<\/strong>C\u1ea3i thi\u1ec7n hi\u1ec7u su\u1ea5t chuy\u1ec3n \u0111\u1ed5i, ho\u1ea1t \u0111\u1ed9ng \u1ed5n \u0111\u1ecbnh h\u01a1n trong \u0111i\u1ec1u ki\u1ec7n \u00e1nh s\u00e1ng y\u1ebfu, nhi\u1ec7t \u0111\u1ed9 cao v\u00e0 gi\u1ea3m hi\u1ec7n t\u01b0\u1ee3ng suy hao.<\/p>\n<p data-start=\"991\" data-end=\"1034\">\ud83d\udd39 <strong data-start=\"998\" data-end=\"1034\">Thi\u1ebft k\u1ebf half-cell gi\u1ea3m t\u1ed5n th\u1ea5t<br \/>\n<\/strong>C\u00f4ng ngh\u1ec7 half-cell gi\u00fap h\u1ea1n ch\u1ebf m\u1ea5t m\u00e1t \u0111i\u1ec7n n\u0103ng khi c\u00f3 b\u00f3ng che, b\u1ee5i b\u1ea9n ho\u1eb7c m\u1ed9t ph\u1ea7n t\u1ea5m pin b\u1ecb \u1ea3nh h\u01b0\u1edfng.<\/p>\n<p data-start=\"1148\" data-end=\"1203\">\ud83d\udd39 <strong data-start=\"1155\" data-end=\"1203\">Tu\u1ed5i th\u1ecd l\u00e2u d\u00e0i \u2013 Suy gi\u1ea3m ch\u1ec9 0,4% m\u1ed7i n\u0103m<br \/>\n<\/strong>Hi\u1ec7u su\u1ea5t duy tr\u00ec \u1ed5n \u0111\u1ecbnh theo th\u1eddi gian, \u0111i k\u00e8m:<\/p>\n<ul data-start=\"1254\" data-end=\"1318\">\n<li data-start=\"1254\" data-end=\"1285\"><strong data-start=\"1256\" data-end=\"1285\">B\u1ea3o h\u00e0nh s\u1ea3n ph\u1ea9m: 12 n\u0103m<\/strong><\/li>\n<li data-start=\"1286\" data-end=\"1318\"><strong data-start=\"1288\" data-end=\"1318\">B\u1ea3o h\u00e0nh hi\u1ec7u su\u1ea5t: 25 n\u0103m<\/strong><\/li>\n<\/ul>\n<p data-start=\"1320\" data-end=\"1363\">\ud83d\udd39 <strong data-start=\"1327\" data-end=\"1363\">Hi\u1ec7u su\u1ea5t chuy\u1ec3n \u0111\u1ed5i cao &gt; 22,8%<br \/>\n<\/strong>T\u1ed1i \u01b0u \u0111i\u1ec7n l\u01b0\u1ee3ng v\u00e0 \u0111\u1ea3m b\u1ea3o s\u1ea3n xu\u1ea5t \u0111i\u1ec7n \u1ed5n \u0111\u1ecbnh trong nhi\u1ec1u \u0111i\u1ec1u ki\u1ec7n m\u00f4i tr\u01b0\u1eddng.<\/p>\n<h2><strong>Th\u00f4ng s\u1ed1 k\u1ef9 thu\u1eadt t\u1ea5m pin n\u0103ng l\u01b0\u1ee3ng m\u1eb7t tr\u1eddi JA 615W &#8211; JAM66D45-615\/LB<\/strong><\/h2>\n<p><img loading=\"lazy\" decoding=\"async\" class=\"aligncenter size-medium wp-image-7109\" src=\"https:\/\/tpenergy.com.vn\/wp-content\/uploads\/2025\/11\/JAM66D45-605-630-LB-30-Frame-Standard-Product-Global_EN_20241105A-hinh-anh-1-scaled.jpg\" alt=\"\" width=\"1886\" height=\"2560\" srcset=\"https:\/\/tpenergy.com.vn\/wp-content\/uploads\/2025\/11\/JAM66D45-605-630-LB-30-Frame-Standard-Product-Global_EN_20241105A-hinh-anh-1-scaled.jpg 1886w, https:\/\/tpenergy.com.vn\/wp-content\/uploads\/2025\/11\/JAM66D45-605-630-LB-30-Frame-Standard-Product-Global_EN_20241105A-hinh-anh-1-768x1042.jpg 768w, https:\/\/tpenergy.com.vn\/wp-content\/uploads\/2025\/11\/JAM66D45-605-630-LB-30-Frame-Standard-Product-Global_EN_20241105A-hinh-anh-1-1132x1536.jpg 1132w, https:\/\/tpenergy.com.vn\/wp-content\/uploads\/2025\/11\/JAM66D45-605-630-LB-30-Frame-Standard-Product-Global_EN_20241105A-hinh-anh-1-1509x2048.jpg 1509w, https:\/\/tpenergy.com.vn\/wp-content\/uploads\/2025\/11\/JAM66D45-605-630-LB-30-Frame-Standard-Product-Global_EN_20241105A-hinh-anh-1-247x335.jpg 247w, https:\/\/tpenergy.com.vn\/wp-content\/uploads\/2025\/11\/JAM66D45-605-630-LB-30-Frame-Standard-Product-Global_EN_20241105A-hinh-anh-1-510x692.jpg 510w\" sizes=\"(max-width: 1886px) 100vw, 1886px\" \/><\/p>\n<p><a href=\"https:\/\/www.facebook.com\/DienMatTroi.SolarQuangBinh\"><strong>Thu\u1eadn Phong Energy<\/strong><\/a><strong> t\u1ef1 h\u00e0o l\u00e0 nh\u00e0 ph\u00e2n ph\u1ed1i ch\u00ednh h\u00e3ng t\u1ea5m pin m\u1eb7t tr\u1eddi T\u1ea5m pin n\u0103ng l\u01b0\u1ee3ng m\u1eb7t tr\u1eddi JA 615W &#8211; JAM66D45-615\/LB<\/strong><\/p>\n<div class=\"x11i5rnm xat24cr x1mh8g0r x1vvkbs xtlvy1s x126k92a\">\n<div dir=\"auto\">S\u1ea3n ph\u1ea9m c\u1ee7a Thu\u1eadn Phong khi \u0111\u1ebfn tay \u0111\u1ea1i l\u00fd lu\u00f4n \u0111\u1ea3m b\u1ea3o:<\/div>\n<ul>\n<li dir=\"auto\">H\u00e0ng h\u00f3a ch\u00ednh h\u00e3ng, \u0111\u1ea7y \u0111\u1ee7 CO, CQ, VAT cho d\u1ef1 \u00e1n<\/li>\n<li dir=\"auto\">Gi\u00e1 lu\u00f4n c\u1ea1nh tranh nh\u1edd nh\u1eadp kh\u1ea9u tr\u1ef1c ti\u1ebfp.<\/li>\n<li dir=\"auto\">C\u1ea5p s\u1ec9 to\u00e0n qu\u1ed1c. V\u1eadn chuy\u1ec3n t\u1eadn n\u01a1i.<\/li>\n<li dir=\"auto\">B\u1ea3o h\u00e0nh hi\u1ec7u su\u1ea5t l\u00ean t\u1edbi 25 n\u0103m<\/li>\n<\/ul>\n<div dir=\"auto\">\n<div dir=\"auto\">\u2014\u2014\u2014\u2014\u2014\u2014\u2014\u2014\u2014\u2014\u2014\u2013<\/div>\n<div dir=\"auto\"><a href=\"https:\/\/www.facebook.com\/DienMatTroi.SolarQuangBinh\">CH\u1eccN THU\u1eacN PHONG \u2013 CH\u1eccN S\u1ef0 AN T\u00c2M<\/a><br \/>\nHotline: 0869.564.567<br \/>\nKinh doanh: 0867.577.357<br \/>\nK\u1ef9 thu\u1eadt: 0899.768.777<br \/>\nService: 0867.118.636<br \/>\nTr\u1ee5 s\u1edf ch\u00ednh: 30 Nguy\u1ec5n H\u1eefu D\u1eadt, ph\u01b0\u1eddng \u0110\u1ed3ng H\u1edbi, t\u1ec9nh Qu\u1ea3ng Tr\u1ecb, Vi\u1ec7t Nam<br \/>\nTr\u1ee5 s\u1edf H\u00e0 N\u1ed9i: Nh\u00e0 ph\u1ed1 th\u01b0\u01a1ng m\u1ea1i Khai S\u01a1n Town s\u1ed1 18 thu\u1ed9c Town 7, khu \u0111\u00f4 th\u1ecb Khai S\u01a1n City, ph\u01b0\u1eddng B\u1ed3 \u0110\u1ec1, Th\u00e0nh ph\u1ed1 H\u00e0 N\u1ed9i<br \/>\nWebsite:\u00a0<a href=\"https:\/\/tpenergy.com.vn\/\">https:\/\/tpenergy.com.vn\/<\/a><br \/>\nShopee:\u00a0<a href=\"https:\/\/shopee.vn\/thuanphongenergy?entryPoint=ShopBySearch&amp;searchKeyword=thu%E1%BA%ADn%20phong%20solar%20energy\">https:\/\/byvn.net\/E1oJ<\/a><br \/>\nLazada:\u00a0<a href=\"https:\/\/byvn.net\/VYPr\">https:\/\/byvn.net\/VYPr<\/a><\/div>\n<\/div>\n<\/div>\n","protected":false},"excerpt":{"rendered":"<p>M\u00f4 t\u1ea3 s\u1ea3n ph\u1ea9m:<\/p>\n<ul>\n<li><strong>M\u00e3 s\u1ea3n ph\u1ea9m:<\/strong> JAM66D45615\/LB<\/li>\n<li><strong>C\u00f4ng su\u1ea5t:<\/strong> 615Wp<\/li>\n<li><strong>Lo\u1ea1i:<\/strong> n-type TOPCon Series Bifacial Module<\/li>\n<li><strong>Cell:<\/strong> 132 cells<\/li>\n<li><strong>Hi\u1ec7u su\u1ea5t module:<\/strong> 22.8%<\/li>\n<li><strong>K\u00edch th\u01b0\u1edbc:<\/strong> 2382\u00d71134\u00d730 mm<\/li>\n<li><strong>B\u1ea3o h\u00e0nh v\u1eadt l\u00fd:<\/strong> 12 n\u0103m<\/li>\n<li><strong>B\u1ea3o h\u00e0nh hi\u1ec7u su\u1ea5t:<\/strong> 25 n\u0103m<\/li>\n<\/ul>\n<h3><i class=\"fas fa-download\"><\/i> Download<\/h3>\n<ul>\n<li><strong><a href=\"https:\/\/tpenergy.com.vn\/wp-content\/uploads\/2025\/11\/JAM66D45-605-630-LB-30-Frame-Standard-Product-Global_EN_20241105A.pdf\">Datasheet<\/a><\/strong><\/li>\n<\/ul>\n","protected":false},"featured_media":5546,"comment_status":"open","ping_status":"closed","template":"","meta":{"_eb_attr":""},"product_cat":[209],"product_tag":[1430,1433,1437,1438,1431,1436,1440,1442,1434,1435,1439,1432,1441,1429,1443],"class_list":{"0":"post-7105","1":"product","2":"type-product","3":"status-publish","4":"has-post-thumbnail","6":"product_cat-ja-solar-pin-mat-troi","7":"product_tag-ja-solar-615w","8":"product_tag-ja-solar-deepblue-4-0","9":"product_tag-ja-solar-pv-615w","10":"product_tag-module-ja-615w","11":"product_tag-pin-mat-troi-ja-615w","12":"product_tag-pin-nang-luong-mat-troi-615w","13":"product_tag-pin-nang-luong-mat-troi-hieu-suat-cao","14":"product_tag-solar-module-615w","15":"product_tag-solar-panel-ja-615w","16":"product_tag-tam-pin-615w","17":"product_tag-tam-pin-hieu-suat-cao","18":"product_tag-tam-pin-ja-615w","19":"product_tag-tam-pin-mono-615w","20":"product_tag-tam-pin-nang-luong-mat-troi-ja-615w","21":"product_tag-tam-quang-dien-ja-solar","22":"pa_gia-khong-lap-dat","23":"pa_gia-lap-dat","25":"first","26":"instock","27":"shipping-taxable","28":"purchasable","29":"product-type-variable"},"yoast_head":"<!-- This site is optimized with the Yoast SEO plugin v20.9 - https:\/\/yoast.com\/wordpress\/plugins\/seo\/ -->\r\n<title>T\u1ea5m pin n\u0103ng l\u01b0\u1ee3ng m\u1eb7t tr\u1eddi JA 615W | Thu\u1eadn Phong Energy<\/title>\r\n<meta name=\"description\" content=\"T\u1ea5m pin n\u0103ng l\u01b0\u1ee3ng m\u1eb7t tr\u1eddi JA 615W N-type | JAM66D45-615\/LB l\u00e0 m\u1ed9t trong nh\u1eefng s\u1ea3n ph\u1ea9m d\u00f2ng 2 m\u1eb7t k\u00ednh N-type ti\u00ean ti\u1ebfn nh\u1ea5t tr\u00ean th\u1ecb tr\u01b0\u1eddng hi\u1ec7n nay\" \/>\r\n<meta name=\"robots\" content=\"index, follow, max-snippet:-1, max-image-preview:large, max-video-preview:-1\" \/>\r\n<link rel=\"canonical\" href=\"https:\/\/tpenergy.com.vn\/?product=tam-pin-nang-luong-mat-troi-ja-615w\" \/>\r\n<meta property=\"og:locale\" content=\"vi_VN\" \/>\r\n<meta property=\"og:type\" content=\"article\" \/>\r\n<meta property=\"og:title\" content=\"T\u1ea5m pin n\u0103ng l\u01b0\u1ee3ng m\u1eb7t tr\u1eddi JA 615W | Thu\u1eadn Phong Energy\" \/>\r\n<meta property=\"og:description\" content=\"T\u1ea5m pin n\u0103ng l\u01b0\u1ee3ng m\u1eb7t tr\u1eddi JA 615W N-type | JAM66D45-615\/LB l\u00e0 m\u1ed9t trong nh\u1eefng s\u1ea3n ph\u1ea9m d\u00f2ng 2 m\u1eb7t k\u00ednh N-type ti\u00ean ti\u1ebfn nh\u1ea5t tr\u00ean th\u1ecb tr\u01b0\u1eddng hi\u1ec7n nay\" \/>\r\n<meta property=\"og:url\" content=\"https:\/\/tpenergy.com.vn\/?product=tam-pin-nang-luong-mat-troi-ja-615w\" \/>\r\n<meta property=\"og:site_name\" content=\"Thuan Phong Solar Energy\" \/>\r\n<meta property=\"article:modified_time\" content=\"2026-02-28T08:31:49+00:00\" \/>\r\n<meta property=\"og:image\" content=\"https:\/\/tpenergy.com.vn\/wp-content\/uploads\/2025\/02\/w2uekjthrs1kocegbasm_11zon.png\" \/>\r\n\t<meta property=\"og:image:width\" content=\"600\" \/>\r\n\t<meta property=\"og:image:height\" content=\"600\" \/>\r\n\t<meta property=\"og:image:type\" content=\"image\/png\" \/>\r\n<meta name=\"twitter:card\" content=\"summary_large_image\" \/>\r\n<meta name=\"twitter:label1\" content=\"\u01af\u1edbc t\u00ednh th\u1eddi gian \u0111\u1ecdc\" \/>\n\t<meta name=\"twitter:data1\" content=\"3 ph\u00fat\" \/>\r\n<script type=\"application\/ld+json\" class=\"yoast-schema-graph\">{\"@context\":\"https:\/\/schema.org\",\"@graph\":[{\"@type\":\"WebPage\",\"@id\":\"https:\/\/tpenergy.com.vn\/?product=tam-pin-nang-luong-mat-troi-ja-615w\",\"url\":\"https:\/\/tpenergy.com.vn\/?product=tam-pin-nang-luong-mat-troi-ja-615w\",\"name\":\"T\u1ea5m pin n\u0103ng l\u01b0\u1ee3ng m\u1eb7t tr\u1eddi JA 615W | Thu\u1eadn Phong Energy\",\"isPartOf\":{\"@id\":\"https:\/\/tpenergy.com.vn\/#website\"},\"datePublished\":\"2025-11-17T03:51:36+00:00\",\"dateModified\":\"2026-02-28T08:31:49+00:00\",\"description\":\"T\u1ea5m pin n\u0103ng l\u01b0\u1ee3ng m\u1eb7t tr\u1eddi JA 615W N-type | JAM66D45-615\/LB l\u00e0 m\u1ed9t trong nh\u1eefng s\u1ea3n ph\u1ea9m d\u00f2ng 2 m\u1eb7t k\u00ednh N-type ti\u00ean ti\u1ebfn nh\u1ea5t tr\u00ean th\u1ecb tr\u01b0\u1eddng hi\u1ec7n nay\",\"breadcrumb\":{\"@id\":\"https:\/\/tpenergy.com.vn\/?product=tam-pin-nang-luong-mat-troi-ja-615w#breadcrumb\"},\"inLanguage\":\"vi\",\"potentialAction\":[{\"@type\":\"ReadAction\",\"target\":[\"https:\/\/tpenergy.com.vn\/?product=tam-pin-nang-luong-mat-troi-ja-615w\"]}]},{\"@type\":\"BreadcrumbList\",\"@id\":\"https:\/\/tpenergy.com.vn\/?product=tam-pin-nang-luong-mat-troi-ja-615w#breadcrumb\",\"itemListElement\":[{\"@type\":\"ListItem\",\"position\":1,\"name\":\"Trang ch\u1ee7\",\"item\":\"https:\/\/tpenergy.com.vn\/\"},{\"@type\":\"ListItem\",\"position\":2,\"name\":\"Shop\",\"item\":\"https:\/\/tpenergy.com.vn\/?page_id=5\"},{\"@type\":\"ListItem\",\"position\":3,\"name\":\"T\u1ea4M PIN N\u0102NG L\u01af\u1ee2NG M\u1eb6T TR\u1edcI\",\"item\":\"https:\/\/tpenergy.com.vn\/?product_cat=tam-pin-nang-luong-mat-troi\"},{\"@type\":\"ListItem\",\"position\":4,\"name\":\"JA SOLAR\",\"item\":\"https:\/\/tpenergy.com.vn\/?product_cat=ja-solar-pin-mat-troi\"},{\"@type\":\"ListItem\",\"position\":5,\"name\":\"T\u1ea5m pin n\u0103ng l\u01b0\u1ee3ng m\u1eb7t tr\u1eddi JA 615W\"}]},{\"@type\":\"WebSite\",\"@id\":\"https:\/\/tpenergy.com.vn\/#website\",\"url\":\"https:\/\/tpenergy.com.vn\/\",\"name\":\"Thuan Phong Solar Energy\",\"description\":\"\",\"potentialAction\":[{\"@type\":\"SearchAction\",\"target\":{\"@type\":\"EntryPoint\",\"urlTemplate\":\"https:\/\/tpenergy.com.vn\/?s={search_term_string}\"},\"query-input\":\"required name=search_term_string\"}],\"inLanguage\":\"vi\"}]}<\/script>\r\n<!-- \/ Yoast SEO plugin. -->","yoast_head_json":{"title":"T\u1ea5m pin n\u0103ng l\u01b0\u1ee3ng m\u1eb7t tr\u1eddi JA 615W | Thu\u1eadn Phong Energy","description":"T\u1ea5m pin n\u0103ng l\u01b0\u1ee3ng m\u1eb7t tr\u1eddi JA 615W N-type | JAM66D45-615\/LB l\u00e0 m\u1ed9t trong nh\u1eefng s\u1ea3n ph\u1ea9m d\u00f2ng 2 m\u1eb7t k\u00ednh N-type ti\u00ean ti\u1ebfn nh\u1ea5t tr\u00ean th\u1ecb tr\u01b0\u1eddng hi\u1ec7n nay","robots":{"index":"index","follow":"follow","max-snippet":"max-snippet:-1","max-image-preview":"max-image-preview:large","max-video-preview":"max-video-preview:-1"},"canonical":"https:\/\/tpenergy.com.vn\/?product=tam-pin-nang-luong-mat-troi-ja-615w","og_locale":"vi_VN","og_type":"article","og_title":"T\u1ea5m pin n\u0103ng l\u01b0\u1ee3ng m\u1eb7t tr\u1eddi JA 615W | Thu\u1eadn Phong Energy","og_description":"T\u1ea5m pin n\u0103ng l\u01b0\u1ee3ng m\u1eb7t tr\u1eddi JA 615W N-type | JAM66D45-615\/LB l\u00e0 m\u1ed9t trong nh\u1eefng s\u1ea3n ph\u1ea9m d\u00f2ng 2 m\u1eb7t k\u00ednh N-type ti\u00ean ti\u1ebfn nh\u1ea5t tr\u00ean th\u1ecb tr\u01b0\u1eddng hi\u1ec7n nay","og_url":"https:\/\/tpenergy.com.vn\/?product=tam-pin-nang-luong-mat-troi-ja-615w","og_site_name":"Thuan Phong Solar Energy","article_modified_time":"2026-02-28T08:31:49+00:00","og_image":[{"width":600,"height":600,"url":"https:\/\/tpenergy.com.vn\/wp-content\/uploads\/2025\/02\/w2uekjthrs1kocegbasm_11zon.png","type":"image\/png"}],"twitter_card":"summary_large_image","twitter_misc":{"\u01af\u1edbc t\u00ednh th\u1eddi gian \u0111\u1ecdc":"3 ph\u00fat"},"schema":{"@context":"https:\/\/schema.org","@graph":[{"@type":"WebPage","@id":"https:\/\/tpenergy.com.vn\/?product=tam-pin-nang-luong-mat-troi-ja-615w","url":"https:\/\/tpenergy.com.vn\/?product=tam-pin-nang-luong-mat-troi-ja-615w","name":"T\u1ea5m pin n\u0103ng l\u01b0\u1ee3ng m\u1eb7t tr\u1eddi JA 615W | Thu\u1eadn Phong Energy","isPartOf":{"@id":"https:\/\/tpenergy.com.vn\/#website"},"datePublished":"2025-11-17T03:51:36+00:00","dateModified":"2026-02-28T08:31:49+00:00","description":"T\u1ea5m pin n\u0103ng l\u01b0\u1ee3ng m\u1eb7t tr\u1eddi JA 615W N-type | JAM66D45-615\/LB l\u00e0 m\u1ed9t trong nh\u1eefng s\u1ea3n ph\u1ea9m d\u00f2ng 2 m\u1eb7t k\u00ednh N-type ti\u00ean ti\u1ebfn nh\u1ea5t tr\u00ean th\u1ecb tr\u01b0\u1eddng hi\u1ec7n nay","breadcrumb":{"@id":"https:\/\/tpenergy.com.vn\/?product=tam-pin-nang-luong-mat-troi-ja-615w#breadcrumb"},"inLanguage":"vi","potentialAction":[{"@type":"ReadAction","target":["https:\/\/tpenergy.com.vn\/?product=tam-pin-nang-luong-mat-troi-ja-615w"]}]},{"@type":"BreadcrumbList","@id":"https:\/\/tpenergy.com.vn\/?product=tam-pin-nang-luong-mat-troi-ja-615w#breadcrumb","itemListElement":[{"@type":"ListItem","position":1,"name":"Trang ch\u1ee7","item":"https:\/\/tpenergy.com.vn\/"},{"@type":"ListItem","position":2,"name":"Shop","item":"https:\/\/tpenergy.com.vn\/?page_id=5"},{"@type":"ListItem","position":3,"name":"T\u1ea4M PIN N\u0102NG L\u01af\u1ee2NG M\u1eb6T TR\u1edcI","item":"https:\/\/tpenergy.com.vn\/?product_cat=tam-pin-nang-luong-mat-troi"},{"@type":"ListItem","position":4,"name":"JA SOLAR","item":"https:\/\/tpenergy.com.vn\/?product_cat=ja-solar-pin-mat-troi"},{"@type":"ListItem","position":5,"name":"T\u1ea5m pin n\u0103ng l\u01b0\u1ee3ng m\u1eb7t tr\u1eddi JA 615W"}]},{"@type":"WebSite","@id":"https:\/\/tpenergy.com.vn\/#website","url":"https:\/\/tpenergy.com.vn\/","name":"Thuan Phong Solar Energy","description":"","potentialAction":[{"@type":"SearchAction","target":{"@type":"EntryPoint","urlTemplate":"https:\/\/tpenergy.com.vn\/?s={search_term_string}"},"query-input":"required name=search_term_string"}],"inLanguage":"vi"}]}},"_links":{"self":[{"href":"https:\/\/tpenergy.com.vn\/index.php?rest_route=\/wp\/v2\/product\/7105"}],"collection":[{"href":"https:\/\/tpenergy.com.vn\/index.php?rest_route=\/wp\/v2\/product"}],"about":[{"href":"https:\/\/tpenergy.com.vn\/index.php?rest_route=\/wp\/v2\/types\/product"}],"replies":[{"embeddable":true,"href":"https:\/\/tpenergy.com.vn\/index.php?rest_route=%2Fwp%2Fv2%2Fcomments&post=7105"}],"wp:featuredmedia":[{"embeddable":true,"href":"https:\/\/tpenergy.com.vn\/index.php?rest_route=\/wp\/v2\/media\/5546"}],"wp:attachment":[{"href":"https:\/\/tpenergy.com.vn\/index.php?rest_route=%2Fwp%2Fv2%2Fmedia&parent=7105"}],"wp:term":[{"taxonomy":"product_cat","embeddable":true,"href":"https:\/\/tpenergy.com.vn\/index.php?rest_route=%2Fwp%2Fv2%2Fproduct_cat&post=7105"},{"taxonomy":"product_tag","embeddable":true,"href":"https:\/\/tpenergy.com.vn\/index.php?rest_route=%2Fwp%2Fv2%2Fproduct_tag&post=7105"}],"curies":[{"name":"wp","href":"https:\/\/api.w.org\/{rel}","templated":true}]}}