{"id":6881,"date":"2025-11-13T13:47:40","date_gmt":"2025-11-13T06:47:40","guid":{"rendered":"https:\/\/tpenergy.com.vn\/?post_type=product&#038;p=6881"},"modified":"2025-11-15T15:42:50","modified_gmt":"2025-11-15T08:42:50","slug":"pin-lithium-bettenrgy-eleshell-14-3k512v-280ah-eleshell-14-3k","status":"publish","type":"product","link":"https:\/\/tpenergy.com.vn\/?product=pin-lithium-bettenrgy-eleshell-14-3k512v-280ah-eleshell-14-3k","title":{"rendered":"PIN LITHIUM BETTENERGY ELESHELL- 14.3K(51,2V\u2013280AH) | ELESHELL-14.3K"},"content":{"rendered":"<h1>PIN LITHIUM BETTENERGY ELESHELL- 14.3K(51,2V\u2013280AH) | ELESHELL-14.3K<\/h1>\n<p><strong>Pin Lithium Bettenergy Eleshell- 14.3k<\/strong> l\u00e0 m\u1ed9t trong nh\u1eefng d\u00f2ng pin l\u01b0u tr\u1eef n\u0103ng l\u01b0\u1ee3ng m\u1eb7t tr\u1eddi c\u00f3 dung l\u01b0\u1ee3ng kh\u00e1 l\u1edbn hi\u1ec7n nay, c\u00f4ng ngh\u1ec7 pin cell pin lithium ion cho \u0111\u1ed9 b\u1ec1n v\u00e0 tu\u1ed5i th\u1ecd cao. \u0110\u01b0\u1ee3c b\u1ea3o v\u1ec7 b\u1edfi h\u1ec7 th\u1ed1ng \u0111i\u1ec1u khi\u1ec3n hi\u1ec7n \u0111\u1ea1i v\u00e0 gi\u00e1m s\u00e1t nhi\u1ec7t \u0111\u1ed9 gi\u00fap pin lu\u00f4n v\u1eadn h\u00e0nh \u00eam \u00e1i, kh\u00f4ng b\u1ecb qu\u00e1 t\u1ea3i, an to\u00e0n s\u1eed d\u1ee5ng trong su\u1ed1t v\u00f2ng \u0111\u1eddi.<\/p>\n<h3>Th\u00f4ng s\u1ed1 k\u1ef9 thu\u1eadt:<\/h3>\n<table border=\"1\">\n<tbody>\n<tr>\n<td><strong>D\u1eef li\u1ec7u th\u00f4ng s\u1ed1<\/strong><\/td>\n<td><strong>ELESHELL-14.3K<\/strong><\/td>\n<\/tr>\n<tr>\n<td>K\u00edch th\u01b0\u1edbc (C x R x S)<\/td>\n<td>1169.5*640*197 mm<\/td>\n<\/tr>\n<tr>\n<td>Tr\u1ecdng l\u01b0\u1ee3ng (Kgs)<\/td>\n<td>150<\/td>\n<\/tr>\n<tr>\n<td>B\u1ea3o v\u1ec7 IP<\/td>\n<td>IP65<\/td>\n<\/tr>\n<tr>\n<td>Nhi\u1ec7t \u0111\u1ed9 ho\u1ea1t \u0111\u1ed9ng<\/td>\n<td>0 \u0111\u1ebfn 55\u2103 \/ 0 \u0111\u1ebfn 131\u2109<\/td>\n<\/tr>\n<tr>\n<td>Nhi\u1ec7t \u0111\u1ed9 l\u01b0u tr\u1eef<\/td>\n<td>-40 \u0111\u1ebfn 60\u2103 \/ -104 \u0111\u1ebfn 140\u2109<\/td>\n<\/tr>\n<tr>\n<td>Chu k\u1ef3 s\u1ed1ng (80% DoD @0,5C, 25\u2103)<\/td>\n<td>\u2265 10000<\/td>\n<\/tr>\n<tr>\n<td>C\u1ed5ng giao ti\u1ebfp<\/td>\n<td>RS232 \/ RS485 \/ CAN<\/td>\n<\/tr>\n<tr>\n<td>\u0110\u1ed9 cao ho\u1ea1t \u0111\u1ed9ng (m)<\/td>\n<td>\uff1c3000<\/td>\n<\/tr>\n<tr>\n<td>\u0110i\u1ec1u ki\u1ec7n \u0111\u1ed9 \u1ea9m (%)<\/td>\n<td>5% \u0111\u1ebfn 95%<\/td>\n<\/tr>\n<tr>\n<td>B\u1ea3o h\u00e0nh (N\u0103m)<\/td>\n<td>5\/10 n\u0103m<\/td>\n<\/tr>\n<tr>\n<td>C\u00e0i \u0111\u1eb7t<\/td>\n<td>G\u1eafn tr\u00ean m\u1eb7t \u0111\u1ea5t \/ Treo t\u01b0\u1eddng<\/td>\n<\/tr>\n<tr>\n<td><strong>\u0110\u1eb7c \u0111i\u1ec3m k\u1ef9 thu\u1eadt<\/strong><\/td>\n<td><strong>ELESHELL-14.3K<\/strong><\/td>\n<\/tr>\n<tr>\n<td>C\u00f4ng su\u1ea5t n\u0103ng l\u01b0\u1ee3ng danh ngh\u0129a (kWh)<\/td>\n<td>14.3kWh<\/td>\n<\/tr>\n<tr>\n<td>\u0110i\u1ec7n \u00e1p danh \u0111\u1ecbnh (V)<\/td>\n<td>51,2<\/td>\n<\/tr>\n<tr>\n<td>Ph\u1ea1m vi \u0111i\u1ec7n \u00e1p ho\u1ea1t \u0111\u1ed9ng (V)<\/td>\n<td>48 \u2013 57<\/td>\n<\/tr>\n<tr>\n<td>D\u00f2ng \u0111i\u1ec7n s\u1ea1c t\u1ed1i \u0111a (A)<\/td>\n<td>280<\/td>\n<\/tr>\n<tr>\n<td>D\u00f2ng x\u1ea3 t\u1ed1i \u0111a (A)<\/td>\n<td>280<\/td>\n<\/tr>\n<tr>\n<td>D\u00f2ng \u0111i\u1ec7n s\u1ea1c li\u00ean t\u1ee5c (A)<\/td>\n<td>200<\/td>\n<\/tr>\n<tr>\n<td>D\u00f2ng \u0111i\u1ec7n x\u1ea3 li\u00ean t\u1ee5c (A)<\/td>\n<td>200<\/td>\n<\/tr>\n<tr>\n<td>\u0110\u1ed9 s\u00e2u x\u1ea3 (%)<\/td>\n<td>80<\/td>\n<\/tr>\n<tr>\n<td>V\u1eadt li\u1ec7u pin<\/td>\n<td>Lithium (LiFePO4)<\/td>\n<\/tr>\n<\/tbody>\n<\/table>\n<h3><strong>\u0110\u1eb7c \u0111i\u1ec3m n\u1ed5i b\u1eadt Pin l\u01b0u tr\u1eef Bettenergy ELESHELL-14.3K \u00e1p th\u1ea5p<\/strong><\/h3>\n<p><strong>Dung l\u01b0\u1ee3ng pin kh\u1ee7ng 280Ah:\u00a0<\/strong>Pin l\u01b0u tr\u1eef Bettenergy 14.3kWh \u00e1p th\u1ea5p cung c\u1ea5p dung l\u01b0\u1ee3ng pin kh\u1ee7ng, \u0111\u00e1p \u1ee9ng c\u00e1c nhu c\u1ea7u s\u1eed d\u1ee5ng \u0111i\u1ec7n m\u1ea1nh m\u1ebd, an to\u00e0n v\u00e0 \u0111\u00e1ng tin c\u1eady.<\/p>\n<p><strong>\u0110\u1ed9 an to\u00e0n cao:<\/strong>\u00a0S\u1eed d\u1ee5ng pin l\u01b0u tr\u1eef\u00a0<strong>Bettenergy\u00a051.2V-280Ah<\/strong>\u00a0c\u00f3 \u0111i\u1ec7n \u00e1p l\u00e0m vi\u1ec7c th\u1ea5p ch\u1ec9 51.2V, t\u01b0\u01a1ng th\u00edch v\u1edbi c\u00e1c h\u1ec7 th\u1ed1ng d\u00e2n d\u1ee5ng hi\u1ec7n nay. Pin \u00e1p th\u1ea5p ph\u00f9 h\u1ee3p v\u1edbi c\u00e1c h\u1ec7 th\u1ed1ng \u0111i\u1ec7n n\u0103ng l\u01b0\u1ee3ng m\u1eb7t tr\u1eddi hybrid d\u01b0\u1edbi 10kW. \u0110\u01b0\u1ee3c b\u1ea3o v\u1ec7 b\u1edfi h\u1ec7 th\u1ed1ng gi\u00e1m s\u00e1t nhi\u1ec7t \u0111\u1ed9, m\u1ea1ch b\u1ea3o v\u1ec7 ti\u00ean ti\u1ebfn, ph\u00f2ng ng\u1eeba c\u00e1c t\u00e1c nh\u00e2n g\u00e2y ch\u00e1y n\u1ed5.<\/p>\n<p><strong>Tu\u1ed5i th\u1ecd cao:<\/strong>\u00a0Cell pin Lithium FePO4 cao c\u1ea5p, cho tu\u1ed5i th\u1ecd cao, v\u00f2ng \u0111\u1eddi\u00a0 &gt;10.000 l\u1ea7n, ti\u1ebft ki\u1ec7m chi ph\u00ed b\u1ea3o tr\u00ec, b\u1ea3o d\u01b0\u1ee1ng trong su\u1ed1t v\u00f2ng \u0111\u1eddi.<\/p>\n<p><strong>T\u1ed1c \u0111\u1ed9 s\u1ea1c\/x\u1ea3 cao:<\/strong>\u00a0V\u1edbi d\u00f2ng s\u1ea1c\/x\u1ea3 cao 200A, pin l\u01b0u tr\u1eef Bettenergy 14.3kW tho\u1ea3i m\u00e1i cung c\u1ea5p ngu\u1ed3n \u0111i\u1ec7n d\u1ef1 tr\u1eef l\u1edbn cho c\u00e1c h\u1ec7 th\u1ed1ng \u0111i\u1ec7n m\u00e0 kh\u00f4ng ra qu\u00e1 t\u1ea3i, s\u1eadp ngu\u1ed3n.<\/p>\n<p><strong>C\u00e2n b\u1eb1ng nhi\u1ec7t \u0111\u1ed9 th\u00f4ng minh:<\/strong>\u00a0Nh\u1edd v\u00e0o h\u1ec7 th\u1ed1ng t\u1ea3n nhi\u1ec7t ch\u1ea1y b\u1eb1ng b\u01a1m nhi\u1ec7t b\u00ean trong,\u00a0<strong>pin l\u01b0u tr\u1eef BETTENERGY 51.2V-280Ah<\/strong>\u00a014.3kW \u00e1p th\u1ea5p lu\u00f4n gi\u1eef cho nhi\u1ec7t \u0111\u1ed9 cell pin \u1ed5n \u0111\u1ecbnh trong c\u1ea3 m\u00f9a h\u00e8 v\u00e0 m\u00f9a \u0111\u00f4ng.<\/p>\n<p dir=\"ltr\"><a href=\"https:\/\/www.facebook.com\/DienMatTroi.SolarQuangBinh\">Thu\u1eadn Phong<\/a>\u00a0cung c\u1ea5p l\u1eafp \u0111\u1eb7t tr\u1ecdn g\u00f3i h\u1ec7 th\u1ed1ng \u0111i\u1ec7n m\u1eb7t tr\u1eddi g\u1ed3m:<\/p>\n<p>\u2013 Thi\u1ebft k\u1ebf, l\u1eadp d\u1ef1 \u00e1n \u0111\u1ea7u t\u01b0<br \/>\n\u2013 Cung c\u1ea5p thi\u1ebft b\u1ecb<br \/>\n\u2013 Thi c\u00f4ng c\u00f4ng tr\u00ecnh<br \/>\n\u2013 B\u1ea3o tr\u00ec, b\u1ea3o d\u01b0\u1ee1ng<\/p>\n<p>V\u1edbi s\u1ef1 n\u1ed7 l\u1ef1c, l\u00f2ng nhi\u1ec7t th\u00e0nh c\u1ed1ng hi\u1ebfn c\u1ee7a \u0111\u1ed9i ng\u0169 nh\u00e2n vi\u00ean c\u00f4ng ty, Thu\u1eadn Phong mong mu\u1ed1n \u0111\u01b0a th\u01b0\u01a1ng hi\u1ec7u trong c\u00e1c l\u0129nh v\u1ef1c ph\u00e2n ph\u1ed1i thi\u1ebft b\u1ecb, t\u01b0 v\u1ea5n thi\u1ebft k\u1ebf, l\u1eafp \u0111\u1eb7t v\u00e0 thi c\u00f4ng \u0111i\u1ec7n m\u1eb7t tr\u1eddi t\u1ea1i Vi\u1ec7t Nam, mang l\u1ea1i ni\u1ec1m tin cho nhi\u1ec1u kh\u00e1ch h\u00e0ng v\u00e0 \u0111\u1ed1i t\u00e1c l\u1edbn, truy\u1ec1n t\u1ea3i nh\u1eefng gi\u00e1 tr\u1ecb t\u1ed1t \u0111\u1eb9p v\u1ec1 m\u1ed9t th\u1ebf gi\u1edbi s\u1ea1ch v\u00e0 b\u1ec1n v\u1eefng, \u0111\u1ed3ng th\u1eddi thi\u1ebft l\u1eadp m\u1ed9t h\u1ec7 sinh th\u00e1i an to\u00e0n cho t\u01b0\u01a1ng lai.<\/p>\n<p>V\u00ec v\u1eady, n\u1ebfu b\u1ea1n l\u00e0 ch\u1ee7 d\u1ef1 \u00e1n c\u00f3 nhu c\u1ea7u s\u1eed d\u1ee5ng Pin lithium Bettenrgy Elecube-5K (51.2V\u2013100Ah) ch\u1ea5t l\u01b0\u1ee3ng, h\u00e3y li\u00ean h\u1ec7 v\u1edbi Thu\u1eadn Phong qua hotline 0869.564.567 \u0111\u1ec3 l\u1ef1a ch\u1ecdn d\u00f2ng Pin l\u01b0u tr\u1eef chi ph\u00ed t\u1ed1t v\u00e0 uy t\u00edn t\u1ea1i th\u1ecb tr\u01b0\u1eddng Vi\u1ec7t Nam hi\u1ec7n nay nh\u00e9.<\/p>\n<div class=\"x9f619 x1n2onr6 x1ja2u2z\">\n<div class=\"x78zum5 xdt5ytf x1n2onr6 x1ja2u2z\">\n<div class=\"x78zum5 xdt5ytf x1n2onr6 xat3117 xxzkxad\">\n<div class=\"x78zum5 xdt5ytf x1t2pt76 x1n2onr6 x1ja2u2z x10cihs4\">\n<div class=\"x9f619 x2lah0s x1nhvcw1 x1qjc9v5 xozqiw3 x1q0g3np x78zum5 x1iyjqo2 x1t2pt76 x1n2onr6 x1ja2u2z x1h6rjhl\">\n<div class=\"x9f619 x1n2onr6 x1ja2u2z xdt5ytf x193iq5w xeuugli x1r8uery x1iyjqo2 xs83m0k x78zum5 x1t2pt76\" role=\"main\" aria-label=\"temp heading\">\n<div class=\"x78zum5 xdt5ytf x1iyjqo2 x1t2pt76 xeuugli x1n2onr6 x1ja2u2z\">\n<div class=\"x78zum5 xdt5ytf x1t2pt76\">\n<div class=\"x78zum5 xdt5ytf x1iyjqo2 x1t2pt76 xeuugli\">\n<div class=\"x78zum5 xdt5ytf x1t2pt76 x1n2onr6\" role=\"main\">\n<div class=\"x6s0dn4 x78zum5 xdt5ytf x193iq5w\">\n<div class=\"x9f619 x193iq5w x1talbiv x1sltb1f x3fxtfs x1swvt13 x1pi30zi xw7yly9\">\n<div class=\"x9f619 x1n2onr6 x1ja2u2z x2lah0s x1qjc9v5 x78zum5 x1q0g3np x1a02dak xl56j7k x9otpla x1n0m28w x1wsgfga xp7jhwk\">\n<div class=\"x9f619 x1n2onr6 x1ja2u2z xeuugli xs83m0k x1xmf6yo x1emribx x1e56ztr x1i64zmx xjl7jj x19h7ccj xu9j1y6 x7ep2pv\">\n<div class=\"x1yztbdb x1n2onr6 xh8yej3 x1ja2u2z\">\n<div class=\"x1n2onr6 x1ja2u2z\">\n<div class=\"\">\n<div class=\"\">\n<div class=\"x1a2a7pz\" role=\"article\" aria-describedby=\":r6ar: :r6as: :r6at: :r6av: :r6au:\" aria-labelledby=\":r6aq:\">\n<div class=\"x78zum5 xdt5ytf\">\n<div class=\"x9f619 x1n2onr6 x1ja2u2z\">\n<div class=\"x78zum5 x1n2onr6 xh8yej3\">\n<div class=\"x9f619 x1n2onr6 x1ja2u2z x1jx94hy x1qpq9i9 xdney7k xu5ydu1 xt3gfkd xh8yej3 x6ikm8r x10wlt62 xquyuld\">\n<div class=\"html-div xe8uvvx xdj266r x11i5rnm xat24cr x1mh8g0r xexx8yu x4uap5 x18d9i69 xkhd6sd\">\n<div class=\"\" dir=\"auto\">\n<div id=\":r6as:\" class=\"x1iorvi4 x1pi30zi x1l90r2v x1swvt13\" data-ad-comet-preview=\"message\" data-ad-preview=\"message\">\n<div class=\"x78zum5 xdt5ytf xz62fqu x16ldp7u\">\n<div class=\"xu06os2 x1ok221b\">\n<div class=\"x11i5rnm xat24cr x1mh8g0r x1vvkbs xtlvy1s x126k92a\">\n<div dir=\"auto\">\n<div dir=\"auto\">\u2014\u2014\u2014\u2014\u2014\u2014\u2014\u2014\u2014\u2014\u2014\u2013<\/div>\n<div dir=\"auto\"><a href=\"https:\/\/www.facebook.com\/DienMatTroi.SolarQuangBinh\">CH\u1eccN THU\u1eacN PHONG \u2013 CH\u1eccN S\u1ef0 AN T\u00c2M<\/a><br \/>\nHotline: 0869.564.567<br \/>\nKinh doanh: 0867.577.357<br \/>\nK\u1ef9 thu\u1eadt: 0899.768.777<br \/>\nService: 0867.118.636<br \/>\nTr\u1ee5 s\u1edf ch\u00ednh: 30 Nguy\u1ec5n H\u1eefu D\u1eadt, ph\u01b0\u1eddng \u0110\u1ed3ng H\u1edbi, t\u1ec9nh Qu\u1ea3ng Tr\u1ecb, Vi\u1ec7t Nam<br \/>\nTr\u1ee5 s\u1edf H\u00e0 N\u1ed9i: Nh\u00e0 ph\u1ed1 th\u01b0\u01a1ng m\u1ea1i Khai S\u01a1n Town s\u1ed1 18 thu\u1ed9c Town 7, khu \u0111\u00f4 th\u1ecb Khai S\u01a1n City, ph\u01b0\u1eddng B\u1ed3 \u0110\u1ec1, Th\u00e0nh ph\u1ed1 H\u00e0 N\u1ed9i<br \/>\nWebsite:\u00a0<a href=\"https:\/\/tpenergy.com.vn\/\">https:\/\/tpenergy.com.vn\/<\/a><br \/>\nShopee:\u00a0<a href=\"https:\/\/shopee.vn\/thuanphongenergy?entryPoint=ShopBySearch&amp;searchKeyword=thu%E1%BA%ADn%20phong%20solar%20energy\">https:\/\/byvn.net\/E1oJ<\/a><br \/>\nLazada:\u00a0<a href=\"https:\/\/byvn.net\/VYPr\">https:\/\/byvn.net\/VYPr<\/a><\/div>\n<\/div>\n<\/div>\n<\/div>\n<\/div>\n<\/div>\n<\/div>\n<\/div>\n<\/div>\n<\/div>\n<\/div>\n<\/div>\n<\/div>\n<\/div>\n<\/div>\n<\/div>\n<\/div>\n<\/div>\n<\/div>\n<\/div>\n<\/div>\n<\/div>\n<\/div>\n<\/div>\n<\/div>\n<\/div>\n<\/div>\n<\/div>\n<\/div>\n<\/div>\n<\/div>\n","protected":false},"excerpt":{"rendered":"<h3>V\u1ec1 s\u1ea3n ph\u1ea9m:<\/h3>\n<ul>\n<li>Model:\u00a0<strong>ELESHELL-14.3K<\/strong><\/li>\n<li>\u0110i\u1ec7n \u00e1p: 51.2V-280Ah<\/li>\n<li>C\u00f4ng su\u1ea5t: 14.3kWh<\/li>\n<li>D\u00f2ng s\u1ea1c\/x\u1ea3: 100A<\/li>\n<li>K\u00edch th\u01b0\u1edbc: 1169.5*640*197 mm<\/li>\n<li>Tr\u1ecdng l\u01b0\u1ee3ng: 150 kg<\/li>\n<li>B\u1ea3o h\u00e0nh: 10 n\u0103m<\/li>\n<\/ul>\n<ul>\n<li><\/li>\n<\/ul>\n<h3 data-end=\"513\" data-start=\"487\"><i class=\"fas fa-download\"><\/i> Download<\/h3>\n<ul>\n<li><a href=\"https:\/\/tpenergy.com.vn\/wp-content\/uploads\/2025\/10\/datashet-pin-bettenergy.pdf\">Datashet<\/a><\/li>\n<\/ul>\n","protected":false},"featured_media":6884,"comment_status":"open","ping_status":"closed","template":"","meta":{"_eb_attr":""},"product_cat":[1085],"product_tag":[1180,1177,1181,1179,1176,1169,1182,1174,1183,1175],"class_list":{"0":"post-6881","1":"product","2":"type-product","3":"status-publish","4":"has-post-thumbnail","6":"product_cat-pin-lithium-bettenergy","7":"product_tag-pin-bettenrgy-14-3k","8":"product_tag-pin-bettenrgy-chinh-hang","9":"product_tag-pin-lithium-51-2v-280ah","10":"product_tag-pin-lithium-bettenrgy-eleshell-14-3k","11":"product_tag-pin-lithium-luu-tru","12":"product_tag-pin-luu-tru-bettenrgy","13":"product_tag-pin-luu-tru-dien-14-3kwh","14":"product_tag-pin-luu-tru-dien-mat-troi","15":"product_tag-pin-luu-tru-thuan-phong-energy","16":"product_tag-pin-nang-luong-mat-troi-bettenrgy","17":"pa_gia-khong-lap-dat","18":"pa_gia-lap-dat","20":"first","21":"instock","22":"shipping-taxable","23":"purchasable","24":"product-type-variable"},"yoast_head":"<!-- This site is optimized with the Yoast SEO plugin v20.9 - https:\/\/yoast.com\/wordpress\/plugins\/seo\/ -->\r\n<title>Pin Lithium Bettenergy Eleshell- 14.3k | Thu\u1eadn Phong Energy<\/title>\r\n<meta name=\"description\" content=\"ELESHELL-14.3K \u2013 dung l\u01b0\u1ee3ng l\u1edbn, tu\u1ed5i th\u1ecd cao, an to\u00e0n v\u00e0 hi\u1ec7u su\u1ea5t v\u01b0\u1ee3t tr\u1ed9i. Gi\u1ea3i ph\u00e1p l\u01b0u tr\u1eef \u0111i\u1ec7n NLMT l\u00fd t\u01b0\u1edfng cho h\u1ed9 gia \u0111\u00ecnh v\u00e0 doanh nghi\u1ec7p.\" \/>\r\n<meta name=\"robots\" content=\"index, follow, max-snippet:-1, max-image-preview:large, max-video-preview:-1\" \/>\r\n<link rel=\"canonical\" href=\"https:\/\/tpenergy.com.vn\/?product=pin-lithium-bettenrgy-eleshell-14-3k512v-280ah-eleshell-14-3k\" \/>\r\n<meta property=\"og:locale\" content=\"vi_VN\" \/>\r\n<meta property=\"og:type\" content=\"article\" \/>\r\n<meta property=\"og:title\" content=\"Pin Lithium Bettenergy Eleshell- 14.3k | Thu\u1eadn Phong Energy\" \/>\r\n<meta property=\"og:description\" content=\"ELESHELL-14.3K \u2013 dung l\u01b0\u1ee3ng l\u1edbn, tu\u1ed5i th\u1ecd cao, an to\u00e0n v\u00e0 hi\u1ec7u su\u1ea5t v\u01b0\u1ee3t tr\u1ed9i. Gi\u1ea3i ph\u00e1p l\u01b0u tr\u1eef \u0111i\u1ec7n NLMT l\u00fd t\u01b0\u1edfng cho h\u1ed9 gia \u0111\u00ecnh v\u00e0 doanh nghi\u1ec7p.\" \/>\r\n<meta property=\"og:url\" content=\"https:\/\/tpenergy.com.vn\/?product=pin-lithium-bettenrgy-eleshell-14-3k512v-280ah-eleshell-14-3k\" \/>\r\n<meta property=\"og:site_name\" content=\"Thuan Phong Solar Energy\" \/>\r\n<meta property=\"article:modified_time\" content=\"2025-11-15T08:42:50+00:00\" \/>\r\n<meta property=\"og:image\" content=\"https:\/\/tpenergy.com.vn\/wp-content\/uploads\/2025\/11\/14k-scaled.jpg\" \/>\r\n\t<meta property=\"og:image:width\" content=\"2560\" \/>\r\n\t<meta property=\"og:image:height\" content=\"2146\" \/>\r\n\t<meta property=\"og:image:type\" content=\"image\/jpeg\" \/>\r\n<meta name=\"twitter:card\" content=\"summary_large_image\" \/>\r\n<meta name=\"twitter:label1\" content=\"\u01af\u1edbc t\u00ednh th\u1eddi gian \u0111\u1ecdc\" \/>\n\t<meta name=\"twitter:data1\" content=\"4 ph\u00fat\" \/>\r\n<script type=\"application\/ld+json\" class=\"yoast-schema-graph\">{\"@context\":\"https:\/\/schema.org\",\"@graph\":[{\"@type\":\"WebPage\",\"@id\":\"https:\/\/tpenergy.com.vn\/?product=pin-lithium-bettenrgy-eleshell-14-3k512v-280ah-eleshell-14-3k\",\"url\":\"https:\/\/tpenergy.com.vn\/?product=pin-lithium-bettenrgy-eleshell-14-3k512v-280ah-eleshell-14-3k\",\"name\":\"Pin Lithium Bettenergy Eleshell- 14.3k | Thu\u1eadn Phong Energy\",\"isPartOf\":{\"@id\":\"https:\/\/tpenergy.com.vn\/#website\"},\"datePublished\":\"2025-11-13T06:47:40+00:00\",\"dateModified\":\"2025-11-15T08:42:50+00:00\",\"description\":\"ELESHELL-14.3K \u2013 dung l\u01b0\u1ee3ng l\u1edbn, tu\u1ed5i th\u1ecd cao, an to\u00e0n v\u00e0 hi\u1ec7u su\u1ea5t v\u01b0\u1ee3t tr\u1ed9i. Gi\u1ea3i ph\u00e1p l\u01b0u tr\u1eef \u0111i\u1ec7n NLMT l\u00fd t\u01b0\u1edfng cho h\u1ed9 gia \u0111\u00ecnh v\u00e0 doanh nghi\u1ec7p.\",\"breadcrumb\":{\"@id\":\"https:\/\/tpenergy.com.vn\/?product=pin-lithium-bettenrgy-eleshell-14-3k512v-280ah-eleshell-14-3k#breadcrumb\"},\"inLanguage\":\"vi\",\"potentialAction\":[{\"@type\":\"ReadAction\",\"target\":[\"https:\/\/tpenergy.com.vn\/?product=pin-lithium-bettenrgy-eleshell-14-3k512v-280ah-eleshell-14-3k\"]}]},{\"@type\":\"BreadcrumbList\",\"@id\":\"https:\/\/tpenergy.com.vn\/?product=pin-lithium-bettenrgy-eleshell-14-3k512v-280ah-eleshell-14-3k#breadcrumb\",\"itemListElement\":[{\"@type\":\"ListItem\",\"position\":1,\"name\":\"Trang ch\u1ee7\",\"item\":\"https:\/\/tpenergy.com.vn\/\"},{\"@type\":\"ListItem\",\"position\":2,\"name\":\"Shop\",\"item\":\"https:\/\/tpenergy.com.vn\/?page_id=5\"},{\"@type\":\"ListItem\",\"position\":3,\"name\":\"PIN L\u01afU TR\u1eee\",\"item\":\"https:\/\/tpenergy.com.vn\/?product_cat=pinluutru\"},{\"@type\":\"ListItem\",\"position\":4,\"name\":\"PIN LITHIUM BETTENERGY\",\"item\":\"https:\/\/tpenergy.com.vn\/?product_cat=pin-lithium-bettenergy\"},{\"@type\":\"ListItem\",\"position\":5,\"name\":\"PIN LITHIUM BETTENERGY ELESHELL- 14.3K(51,2V\u2013280AH) | ELESHELL-14.3K\"}]},{\"@type\":\"WebSite\",\"@id\":\"https:\/\/tpenergy.com.vn\/#website\",\"url\":\"https:\/\/tpenergy.com.vn\/\",\"name\":\"Thuan Phong Solar Energy\",\"description\":\"\",\"potentialAction\":[{\"@type\":\"SearchAction\",\"target\":{\"@type\":\"EntryPoint\",\"urlTemplate\":\"https:\/\/tpenergy.com.vn\/?s={search_term_string}\"},\"query-input\":\"required name=search_term_string\"}],\"inLanguage\":\"vi\"}]}<\/script>\r\n<!-- \/ Yoast SEO plugin. -->","yoast_head_json":{"title":"Pin Lithium Bettenergy Eleshell- 14.3k | Thu\u1eadn Phong Energy","description":"ELESHELL-14.3K \u2013 dung l\u01b0\u1ee3ng l\u1edbn, tu\u1ed5i th\u1ecd cao, an to\u00e0n v\u00e0 hi\u1ec7u su\u1ea5t v\u01b0\u1ee3t tr\u1ed9i. Gi\u1ea3i ph\u00e1p l\u01b0u tr\u1eef \u0111i\u1ec7n NLMT l\u00fd t\u01b0\u1edfng cho h\u1ed9 gia \u0111\u00ecnh v\u00e0 doanh nghi\u1ec7p.","robots":{"index":"index","follow":"follow","max-snippet":"max-snippet:-1","max-image-preview":"max-image-preview:large","max-video-preview":"max-video-preview:-1"},"canonical":"https:\/\/tpenergy.com.vn\/?product=pin-lithium-bettenrgy-eleshell-14-3k512v-280ah-eleshell-14-3k","og_locale":"vi_VN","og_type":"article","og_title":"Pin Lithium Bettenergy Eleshell- 14.3k | Thu\u1eadn Phong Energy","og_description":"ELESHELL-14.3K \u2013 dung l\u01b0\u1ee3ng l\u1edbn, tu\u1ed5i th\u1ecd cao, an to\u00e0n v\u00e0 hi\u1ec7u su\u1ea5t v\u01b0\u1ee3t tr\u1ed9i. Gi\u1ea3i ph\u00e1p l\u01b0u tr\u1eef \u0111i\u1ec7n NLMT l\u00fd t\u01b0\u1edfng cho h\u1ed9 gia \u0111\u00ecnh v\u00e0 doanh nghi\u1ec7p.","og_url":"https:\/\/tpenergy.com.vn\/?product=pin-lithium-bettenrgy-eleshell-14-3k512v-280ah-eleshell-14-3k","og_site_name":"Thuan Phong Solar Energy","article_modified_time":"2025-11-15T08:42:50+00:00","og_image":[{"width":2560,"height":2146,"url":"https:\/\/tpenergy.com.vn\/wp-content\/uploads\/2025\/11\/14k-scaled.jpg","type":"image\/jpeg"}],"twitter_card":"summary_large_image","twitter_misc":{"\u01af\u1edbc t\u00ednh th\u1eddi gian \u0111\u1ecdc":"4 ph\u00fat"},"schema":{"@context":"https:\/\/schema.org","@graph":[{"@type":"WebPage","@id":"https:\/\/tpenergy.com.vn\/?product=pin-lithium-bettenrgy-eleshell-14-3k512v-280ah-eleshell-14-3k","url":"https:\/\/tpenergy.com.vn\/?product=pin-lithium-bettenrgy-eleshell-14-3k512v-280ah-eleshell-14-3k","name":"Pin Lithium Bettenergy Eleshell- 14.3k | Thu\u1eadn Phong Energy","isPartOf":{"@id":"https:\/\/tpenergy.com.vn\/#website"},"datePublished":"2025-11-13T06:47:40+00:00","dateModified":"2025-11-15T08:42:50+00:00","description":"ELESHELL-14.3K \u2013 dung l\u01b0\u1ee3ng l\u1edbn, tu\u1ed5i th\u1ecd cao, an to\u00e0n v\u00e0 hi\u1ec7u su\u1ea5t v\u01b0\u1ee3t tr\u1ed9i. Gi\u1ea3i ph\u00e1p l\u01b0u tr\u1eef \u0111i\u1ec7n NLMT l\u00fd t\u01b0\u1edfng cho h\u1ed9 gia \u0111\u00ecnh v\u00e0 doanh nghi\u1ec7p.","breadcrumb":{"@id":"https:\/\/tpenergy.com.vn\/?product=pin-lithium-bettenrgy-eleshell-14-3k512v-280ah-eleshell-14-3k#breadcrumb"},"inLanguage":"vi","potentialAction":[{"@type":"ReadAction","target":["https:\/\/tpenergy.com.vn\/?product=pin-lithium-bettenrgy-eleshell-14-3k512v-280ah-eleshell-14-3k"]}]},{"@type":"BreadcrumbList","@id":"https:\/\/tpenergy.com.vn\/?product=pin-lithium-bettenrgy-eleshell-14-3k512v-280ah-eleshell-14-3k#breadcrumb","itemListElement":[{"@type":"ListItem","position":1,"name":"Trang ch\u1ee7","item":"https:\/\/tpenergy.com.vn\/"},{"@type":"ListItem","position":2,"name":"Shop","item":"https:\/\/tpenergy.com.vn\/?page_id=5"},{"@type":"ListItem","position":3,"name":"PIN L\u01afU TR\u1eee","item":"https:\/\/tpenergy.com.vn\/?product_cat=pinluutru"},{"@type":"ListItem","position":4,"name":"PIN LITHIUM BETTENERGY","item":"https:\/\/tpenergy.com.vn\/?product_cat=pin-lithium-bettenergy"},{"@type":"ListItem","position":5,"name":"PIN LITHIUM BETTENERGY ELESHELL- 14.3K(51,2V\u2013280AH) | ELESHELL-14.3K"}]},{"@type":"WebSite","@id":"https:\/\/tpenergy.com.vn\/#website","url":"https:\/\/tpenergy.com.vn\/","name":"Thuan Phong Solar Energy","description":"","potentialAction":[{"@type":"SearchAction","target":{"@type":"EntryPoint","urlTemplate":"https:\/\/tpenergy.com.vn\/?s={search_term_string}"},"query-input":"required name=search_term_string"}],"inLanguage":"vi"}]}},"_links":{"self":[{"href":"https:\/\/tpenergy.com.vn\/index.php?rest_route=\/wp\/v2\/product\/6881"}],"collection":[{"href":"https:\/\/tpenergy.com.vn\/index.php?rest_route=\/wp\/v2\/product"}],"about":[{"href":"https:\/\/tpenergy.com.vn\/index.php?rest_route=\/wp\/v2\/types\/product"}],"replies":[{"embeddable":true,"href":"https:\/\/tpenergy.com.vn\/index.php?rest_route=%2Fwp%2Fv2%2Fcomments&post=6881"}],"wp:featuredmedia":[{"embeddable":true,"href":"https:\/\/tpenergy.com.vn\/index.php?rest_route=\/wp\/v2\/media\/6884"}],"wp:attachment":[{"href":"https:\/\/tpenergy.com.vn\/index.php?rest_route=%2Fwp%2Fv2%2Fmedia&parent=6881"}],"wp:term":[{"taxonomy":"product_cat","embeddable":true,"href":"https:\/\/tpenergy.com.vn\/index.php?rest_route=%2Fwp%2Fv2%2Fproduct_cat&post=6881"},{"taxonomy":"product_tag","embeddable":true,"href":"https:\/\/tpenergy.com.vn\/index.php?rest_route=%2Fwp%2Fv2%2Fproduct_tag&post=6881"}],"curies":[{"name":"wp","href":"https:\/\/api.w.org\/{rel}","templated":true}]}}