{"id":6862,"date":"2025-11-13T10:36:31","date_gmt":"2025-11-13T03:36:31","guid":{"rendered":"https:\/\/tpenergy.com.vn\/?post_type=product&#038;p=6862"},"modified":"2025-11-13T11:02:23","modified_gmt":"2025-11-13T04:02:23","slug":"pin-luu-tru-ptess-wallmount-51-2v-100ah-pt-ess-w5120","status":"publish","type":"product","link":"https:\/\/tpenergy.com.vn\/?product=pin-luu-tru-ptess-wallmount-51-2v-100ah-pt-ess-w5120","title":{"rendered":"Pin L\u01b0u Tr\u1eef PTESS Wallmount 51.2V\/200Ah \u00c1p Th\u1ea5p | PT-ESS-W10240"},"content":{"rendered":"<div class=\"x11i5rnm xat24cr x1mh8g0r x1vvkbs xtlvy1s x126k92a\">\n<div dir=\"auto\">\n<p>Pin L\u01b0u Tr\u1eef PTESS Wallmount 51.2V\/200Ah \u00c1p Th\u1ea5p<\/p>\n<p>S\u1ea3n ph\u1ea9m \u0111\u01b0\u1ee3c thi\u1ebft k\u1ebf v\u1edbi Cell EVE lo\u1ea1i A, v\u00f2ng \u0111\u1eddi ho\u1ea1t \u0111\u1ed9ng &gt; 6000 chu k\u1ef3, DOD 90% v\u00e0 kh\u1ea3 n\u0103ng m\u1edf r\u1ed9ng h\u1ec7 th\u1ed1ng linh ho\u1ea1t, khi cho ph\u00e9p l\u1eafp \u0111\u1eb7t song song \u0111\u1ebfn 33 thi\u1ebft b\u1ecb. \u0110\u1eb7c bi\u1ec7t, Pin Lithium PTESS 200Ah treo t\u01b0\u1eddng t\u00edch h\u1ee3p WiFi gi\u00fap gi\u00e1m s\u00e1t th\u00f4ng s\u1ed1 d\u1ec5 d\u00e0ng, t\u1ed1i \u01b0u h\u00f3a v\u1eadn<br \/>\nh\u00e0nh.<\/p>\n<p><img loading=\"lazy\" decoding=\"async\" class=\"aligncenter size-full wp-image-6870\" src=\"https:\/\/tpenergy.com.vn\/wp-content\/uploads\/2025\/11\/PT-ESS-W10240-Datasheet-hinh-anh-1-scaled.jpg\" alt=\"\" width=\"1899\" height=\"2560\" srcset=\"https:\/\/tpenergy.com.vn\/wp-content\/uploads\/2025\/11\/PT-ESS-W10240-Datasheet-hinh-anh-1-scaled.jpg 1899w, https:\/\/tpenergy.com.vn\/wp-content\/uploads\/2025\/11\/PT-ESS-W10240-Datasheet-hinh-anh-1-768x1035.jpg 768w, https:\/\/tpenergy.com.vn\/wp-content\/uploads\/2025\/11\/PT-ESS-W10240-Datasheet-hinh-anh-1-1139x1536.jpg 1139w, https:\/\/tpenergy.com.vn\/wp-content\/uploads\/2025\/11\/PT-ESS-W10240-Datasheet-hinh-anh-1-1519x2048.jpg 1519w, https:\/\/tpenergy.com.vn\/wp-content\/uploads\/2025\/11\/PT-ESS-W10240-Datasheet-hinh-anh-1-247x333.jpg 247w, https:\/\/tpenergy.com.vn\/wp-content\/uploads\/2025\/11\/PT-ESS-W10240-Datasheet-hinh-anh-1-510x688.jpg 510w\" sizes=\"(max-width: 1899px) 100vw, 1899px\" \/><\/p>\n<\/div>\n<\/div>\n<div class=\"x11i5rnm xat24cr x1mh8g0r x1vvkbs xtlvy1s x126k92a\">\n<h3 dir=\"auto\">\u01afu \u0110i\u1ec3m N\u1ed5i B\u1eadt C\u1ee7a Pin L\u01b0u Tr\u1eef PTESS Wallmount 51.2V\/200Ah \u00c1p Th\u1ea5p PTESS-W10240<\/h3>\n<ul>\n<li dir=\"auto\">Pin l\u01b0u tr\u1eef PTESS Wallmount 51.2V\/200Ah c\u00f3 v\u00f2ng \u0111\u1eddi \u2265 6000 chu k\u1ef3, hi\u1ec7u su\u1ea5t cao v\u1edbi DOD 90%, \u0111\u1ea3m b\u1ea3o \u0111\u1ed9 b\u1ec1n v\u00e0 tu\u1ed5i th\u1ecd l\u00e2u d\u00e0i.<\/li>\n<li dir=\"auto\">Kh\u1ea3 n\u0103ng m\u1edf r\u1ed9ng linh ho\u1ea1t cho ph\u00e9p l\u1eafp \u0111\u1eb7t song song l\u00ean \u0111\u1ebfn 33 b\u1ed9, d\u1ec5 d\u00e0ng m\u1edf r\u1ed9ng h\u1ec7 th\u1ed1ng l\u01b0u tr\u1eef n\u0103ng l\u01b0\u1ee3ng theo nhu c\u1ea7u.<\/li>\n<li dir=\"auto\">Pin l\u01b0u tr\u1eef \u0111i\u1ec7n m\u1eb7t tr\u1eddi PTESS 200Ah s\u1eed d\u1ee5ng Cell EVE lo\u1ea1i A, ch\u00ednh h\u00e3ng 100% \u0111\u1ea3m b\u1ea3o t\u1ed1i \u01b0u hi\u1ec7u su\u1ea5t hi\u1ec7u qu\u1ea3. \u0110\u1ed3ng th\u1eddi, PT-ESS-W10240 d\u00f9ng Pin Lithium Iron Phosphate, gi\u00fap thi\u1ebft b\u1ecb k\u1ebft n\u1ed1i \u0111i\u1ec7n \u00e1p th\u1ea5p an to\u00e0n.<\/li>\n<li dir=\"auto\">Pin l\u01b0u tr\u1eef PTESS Wallmount 51.2V\/200Ah, c\u00f3 kh\u1ea3 n\u0103ng t\u00edch h\u1ee3p WiFi th\u00f4ng minh. Ng\u01b0\u1eddi d\u00f9ng d\u1ec5 d\u00e0ng ki\u1ec3m tra v\u00e0 gi\u00e1m s\u00e1t c\u00e1c th\u00f4ng s\u1ed1 t\u1eeb xa qua App PTESS Cloud, t\u0103ng t\u00ednh ti\u1ec7n l\u1ee3i cho qu\u00e1 tr\u00ecnh v\u1eadn h\u00e0nh v\u00e0 b\u1ea3o tr\u00ec.<\/li>\n<li dir=\"auto\">Pin d\u1ef1 tr\u1eef n\u0103ng l\u01b0\u1ee3ng m\u1eb7t tr\u1eddi 200Ah PTESS ho\u1ea1t \u0111\u1ed9ng \u0111\u01a1n gi\u1ea3n, v\u00e0 d\u1ec5 d\u00e0ng c\u00e0i \u0111\u1eb7t s\u1eed d\u1ee5ng.<\/li>\n<li dir=\"auto\">Pin Lithium PT-ESS-W10240, c\u00f3 th\u1ec3 d\u00f9ng \u0111\u01b0\u1ee3c cho c\u1ea3 Inverter 1 pha v\u00e0 3 pha.<\/li>\n<\/ul>\n<p><span class=\"x3nfvp2 x1j61x8r x1fcty0u xdj266r xhhsvwb xat24cr xgzva0m xxymvpz xlup9mm x1kky2od\"><img loading=\"lazy\" decoding=\"async\" class=\"xz74otr lazy-load-active\" src=\"https:\/\/static.xx.fbcdn.net\/images\/emoji.php\/v9\/t94\/1\/16\/1f947.png\" alt=\"\ud83e\udd47\" width=\"16\" height=\"16\" data-src=\"https:\/\/static.xx.fbcdn.net\/images\/emoji.php\/v9\/t94\/1\/16\/1f947.png\" \/><\/span>\u00a0<a href=\"https:\/\/tpenergy.com.vn\/\">Thu\u1eadn Phong<\/a>\u00a0cam k\u1ebft ch\u1ea5t l\u01b0\u1ee3ng s\u1ea3n ph\u1ea9m \u0111\u01b0\u1ee3c ki\u1ec3m duy\u1ec7t nghi\u00eam ng\u1eb7t, b\u1ea3o h\u00e0nh nhanh ch\u00f3ng, tr\u1ef1c ti\u1ebfp kh\u00f4ng qua x\u1eed l\u00fd trung gian, th\u1eddi gian b\u1ea3o h\u00e0nh l\u00ean \u0111\u1ebfn 5 n\u0103m c\u00f9ng nhi\u1ec1u ch\u00ednh s\u00e1ch h\u1eadu m\u00e3i c\u1ef1c k\u00ec h\u1ea5p d\u1eabn. Li\u00ean h\u1ec7 ch\u00fang t\u00f4i \u0111\u1ec3 \u0111\u01b0\u1ee3c t\u01b0 v\u1ea5n s\u1edbm nh\u1ea5t nh\u00e9!<\/p>\n<div dir=\"auto\">\u2014\u2014\u2014\u2014\u2014\u2014\u2014\u2014\u2014\u2014\u2014\u2013<\/div>\n<div dir=\"auto\"><a href=\"https:\/\/www.facebook.com\/DienMatTroi.SolarQuangBinh\">CH\u1eccN THU\u1eacN PHONG \u2013 CH\u1eccN S\u1ef0 AN T\u00c2M<\/a><br \/>\nHotline: 0869.564.567<br \/>\nKinh doanh: 0867.577.357<br \/>\nK\u1ef9 thu\u1eadt: 0899.768.777<br \/>\nService: 0867.118.636<br \/>\nTr\u1ee5 s\u1edf ch\u00ednh: 30 Nguy\u1ec5n H\u1eefu D\u1eadt, ph\u01b0\u1eddng \u0110\u1ed3ng H\u1edbi, t\u1ec9nh Qu\u1ea3ng Tr\u1ecb, Vi\u1ec7t Nam<br \/>\nTr\u1ee5 s\u1edf H\u00e0 N\u1ed9i: Nh\u00e0 ph\u1ed1 th\u01b0\u01a1ng m\u1ea1i Khai S\u01a1n Town s\u1ed1 18 thu\u1ed9c Town 7, khu \u0111\u00f4 th\u1ecb Khai S\u01a1n City, ph\u01b0\u1eddng B\u1ed3 \u0110\u1ec1, Th\u00e0nh ph\u1ed1 H\u00e0 N\u1ed9i<br \/>\nWebsite:\u00a0<a href=\"https:\/\/tpenergy.com.vn\/\">https:\/\/tpenergy.com.vn\/<\/a><br \/>\nShopee:\u00a0<a href=\"https:\/\/shopee.vn\/thuanphongenergy?entryPoint=ShopBySearch&amp;searchKeyword=thu%E1%BA%ADn%20phong%20solar%20energy\">https:\/\/byvn.net\/E1oJ<\/a><br \/>\nLazada:\u00a0<a href=\"https:\/\/byvn.net\/VYPr\">https:\/\/byvn.net\/VYPr<\/a><\/div>\n<\/div>\n","protected":false},"excerpt":{"rendered":"<h3>V\u1ec1 s\u1ea3n ph\u1ea9m:<\/h3>\n<p>&#8211; M\u00e3 s\u1ea3n ph\u1ea9m: PT-ESS-W10240<br \/>\n&#8211; Th\u00f4ng s\u1ed1 Module Pin<br \/>\n&#8211; Lo\u1ea1i cell: LFP<br \/>\n&#8211; \u0110i\u1ec7n \u00e1p \u0111\u1ecbnh m\u1ee9c (Vdc) : 51.2 V<br \/>\n&#8211; C\u00f4ng su\u1ea5t \u0111\u1ecbnh m\u1ee9c (Ah): 200Ah<br \/>\n&#8211; T\u1ed5ng n\u0103ng l\u01b0\u1ee3ng (Wh): 10240<br \/>\n&#8211; D\u00f2ng \u0111i\u1ec7n s\u1ea1c\/x\u1ea3 t\u1ed1i \u0111a (A): 120\/150<br \/>\n&#8211; D\u00f2ng \u0111i\u1ec7n s\u1ea1c\/x\u1ea3 khuy\u1ebfn ngh\u1ecb (A): 80<\/p>\n<h3><i class=\"fas fa-download\"><\/i> Download<\/h3>\n<ul>\n<li><a href=\"https:\/\/tpenergy.com.vn\/wp-content\/uploads\/2025\/11\/PT-ESS-W10240-Datasheet.pdf\">Datasheet<\/a><\/li>\n<\/ul>\n","protected":false},"featured_media":6872,"comment_status":"open","ping_status":"closed","template":"","meta":{"_eb_attr":""},"product_cat":[269],"product_tag":[1155,1150,1162,1149,1148,1152,1151,1159,1160,1161],"class_list":{"0":"post-6862","1":"product","2":"type-product","3":"status-publish","4":"has-post-thumbnail","6":"product_cat-pin-lithium-ess-powertech","7":"product_tag-pin-51-2v-200ah","8":"product_tag-pin-lithium-chinh-hang","9":"product_tag-pin-luu-tru-dien-ap-thap","10":"product_tag-pin-luu-tru-dien-doanh-nghiep","11":"product_tag-pin-luu-tru-dien-gia-dinh","12":"product_tag-pin-luu-tru-dien-nang-luong-mat-troi","13":"product_tag-pin-luu-tru-hieu-suat-cao","14":"product_tag-pin-luu-tru-wallmount","15":"product_tag-pin-ptess","16":"product_tag-tpe","17":"pa_gia-khong-lap-dat","18":"pa_gia-lap-dat","20":"first","21":"instock","22":"shipping-taxable","23":"purchasable","24":"product-type-variable"},"yoast_head":"<!-- This site is optimized with the Yoast SEO plugin v20.9 - https:\/\/yoast.com\/wordpress\/plugins\/seo\/ -->\r\n<title>Pin L\u01b0u Tr\u1eef PTESS Wallmount 51.2V\/200Ah \u00c1p Th\u1ea5p | TPE<\/title>\r\n<meta name=\"description\" content=\"Pin L\u01b0u Tr\u1eef PTESS Wallmount 51.2V\/200Ah \u00c1p Th\u1ea5p \u2013 gi\u1ea3i ph\u00e1p l\u01b0u tr\u1eef \u0111i\u1ec7n an to\u00e0n, b\u1ec1n b\u1ec9 v\u00e0 hi\u1ec7u su\u1ea5t cao. L\u00fd t\u01b0\u1edfng cho h\u1ec7 th\u1ed1ng n\u0103ng l\u01b0\u1ee3ng m\u1eb7t tr\u1eddi gia \u0111\u00ecnh v\u00e0 doanh nghi\u1ec7p.\" \/>\r\n<meta name=\"robots\" content=\"index, follow, max-snippet:-1, max-image-preview:large, max-video-preview:-1\" \/>\r\n<link rel=\"canonical\" href=\"https:\/\/tpenergy.com.vn\/?product=pin-luu-tru-ptess-wallmount-51-2v-100ah-pt-ess-w5120\" \/>\r\n<meta property=\"og:locale\" content=\"vi_VN\" \/>\r\n<meta property=\"og:type\" content=\"article\" \/>\r\n<meta property=\"og:title\" content=\"Pin L\u01b0u Tr\u1eef PTESS Wallmount 51.2V\/200Ah \u00c1p Th\u1ea5p | TPE\" \/>\r\n<meta property=\"og:description\" content=\"Pin L\u01b0u Tr\u1eef PTESS Wallmount 51.2V\/200Ah \u00c1p Th\u1ea5p \u2013 gi\u1ea3i ph\u00e1p l\u01b0u tr\u1eef \u0111i\u1ec7n an to\u00e0n, b\u1ec1n b\u1ec9 v\u00e0 hi\u1ec7u su\u1ea5t cao. L\u00fd t\u01b0\u1edfng cho h\u1ec7 th\u1ed1ng n\u0103ng l\u01b0\u1ee3ng m\u1eb7t tr\u1eddi gia \u0111\u00ecnh v\u00e0 doanh nghi\u1ec7p.\" \/>\r\n<meta property=\"og:url\" content=\"https:\/\/tpenergy.com.vn\/?product=pin-luu-tru-ptess-wallmount-51-2v-100ah-pt-ess-w5120\" \/>\r\n<meta property=\"og:site_name\" content=\"Thuan Phong Solar Energy\" \/>\r\n<meta property=\"article:modified_time\" content=\"2025-11-13T04:02:23+00:00\" \/>\r\n<meta property=\"og:image\" content=\"https:\/\/tpenergy.com.vn\/wp-content\/uploads\/2025\/11\/z7218845224327_6ef2876adfb0ba453da03e1c41e15c40.jpg\" \/>\r\n\t<meta property=\"og:image:width\" content=\"595\" \/>\r\n\t<meta property=\"og:image:height\" content=\"645\" \/>\r\n\t<meta property=\"og:image:type\" content=\"image\/jpeg\" \/>\r\n<meta name=\"twitter:card\" content=\"summary_large_image\" \/>\r\n<meta name=\"twitter:label1\" content=\"\u01af\u1edbc t\u00ednh th\u1eddi gian \u0111\u1ecdc\" \/>\n\t<meta name=\"twitter:data1\" content=\"3 ph\u00fat\" \/>\r\n<script type=\"application\/ld+json\" class=\"yoast-schema-graph\">{\"@context\":\"https:\/\/schema.org\",\"@graph\":[{\"@type\":\"WebPage\",\"@id\":\"https:\/\/tpenergy.com.vn\/?product=pin-luu-tru-ptess-wallmount-51-2v-100ah-pt-ess-w5120\",\"url\":\"https:\/\/tpenergy.com.vn\/?product=pin-luu-tru-ptess-wallmount-51-2v-100ah-pt-ess-w5120\",\"name\":\"Pin L\u01b0u Tr\u1eef PTESS Wallmount 51.2V\/200Ah \u00c1p Th\u1ea5p | TPE\",\"isPartOf\":{\"@id\":\"https:\/\/tpenergy.com.vn\/#website\"},\"datePublished\":\"2025-11-13T03:36:31+00:00\",\"dateModified\":\"2025-11-13T04:02:23+00:00\",\"description\":\"Pin L\u01b0u Tr\u1eef PTESS Wallmount 51.2V\/200Ah \u00c1p Th\u1ea5p \u2013 gi\u1ea3i ph\u00e1p l\u01b0u tr\u1eef \u0111i\u1ec7n an to\u00e0n, b\u1ec1n b\u1ec9 v\u00e0 hi\u1ec7u su\u1ea5t cao. L\u00fd t\u01b0\u1edfng cho h\u1ec7 th\u1ed1ng n\u0103ng l\u01b0\u1ee3ng m\u1eb7t tr\u1eddi gia \u0111\u00ecnh v\u00e0 doanh nghi\u1ec7p.\",\"breadcrumb\":{\"@id\":\"https:\/\/tpenergy.com.vn\/?product=pin-luu-tru-ptess-wallmount-51-2v-100ah-pt-ess-w5120#breadcrumb\"},\"inLanguage\":\"vi\",\"potentialAction\":[{\"@type\":\"ReadAction\",\"target\":[\"https:\/\/tpenergy.com.vn\/?product=pin-luu-tru-ptess-wallmount-51-2v-100ah-pt-ess-w5120\"]}]},{\"@type\":\"BreadcrumbList\",\"@id\":\"https:\/\/tpenergy.com.vn\/?product=pin-luu-tru-ptess-wallmount-51-2v-100ah-pt-ess-w5120#breadcrumb\",\"itemListElement\":[{\"@type\":\"ListItem\",\"position\":1,\"name\":\"Trang ch\u1ee7\",\"item\":\"https:\/\/tpenergy.com.vn\/\"},{\"@type\":\"ListItem\",\"position\":2,\"name\":\"Shop\",\"item\":\"https:\/\/tpenergy.com.vn\/?page_id=5\"},{\"@type\":\"ListItem\",\"position\":3,\"name\":\"PIN L\u01afU TR\u1eee\",\"item\":\"https:\/\/tpenergy.com.vn\/?product_cat=pinluutru\"},{\"@type\":\"ListItem\",\"position\":4,\"name\":\"PIN LITHIUM ESS POWERTECH\",\"item\":\"https:\/\/tpenergy.com.vn\/?product_cat=pin-lithium-ess-powertech\"},{\"@type\":\"ListItem\",\"position\":5,\"name\":\"Pin L\u01b0u Tr\u1eef PTESS Wallmount 51.2V\/200Ah \u00c1p Th\u1ea5p | PT-ESS-W10240\"}]},{\"@type\":\"WebSite\",\"@id\":\"https:\/\/tpenergy.com.vn\/#website\",\"url\":\"https:\/\/tpenergy.com.vn\/\",\"name\":\"Thuan Phong Solar Energy\",\"description\":\"\",\"potentialAction\":[{\"@type\":\"SearchAction\",\"target\":{\"@type\":\"EntryPoint\",\"urlTemplate\":\"https:\/\/tpenergy.com.vn\/?s={search_term_string}\"},\"query-input\":\"required name=search_term_string\"}],\"inLanguage\":\"vi\"}]}<\/script>\r\n<!-- \/ Yoast SEO plugin. -->","yoast_head_json":{"title":"Pin L\u01b0u Tr\u1eef PTESS Wallmount 51.2V\/200Ah \u00c1p Th\u1ea5p | TPE","description":"Pin L\u01b0u Tr\u1eef PTESS Wallmount 51.2V\/200Ah \u00c1p Th\u1ea5p \u2013 gi\u1ea3i ph\u00e1p l\u01b0u tr\u1eef \u0111i\u1ec7n an to\u00e0n, b\u1ec1n b\u1ec9 v\u00e0 hi\u1ec7u su\u1ea5t cao. L\u00fd t\u01b0\u1edfng cho h\u1ec7 th\u1ed1ng n\u0103ng l\u01b0\u1ee3ng m\u1eb7t tr\u1eddi gia \u0111\u00ecnh v\u00e0 doanh nghi\u1ec7p.","robots":{"index":"index","follow":"follow","max-snippet":"max-snippet:-1","max-image-preview":"max-image-preview:large","max-video-preview":"max-video-preview:-1"},"canonical":"https:\/\/tpenergy.com.vn\/?product=pin-luu-tru-ptess-wallmount-51-2v-100ah-pt-ess-w5120","og_locale":"vi_VN","og_type":"article","og_title":"Pin L\u01b0u Tr\u1eef PTESS Wallmount 51.2V\/200Ah \u00c1p Th\u1ea5p | TPE","og_description":"Pin L\u01b0u Tr\u1eef PTESS Wallmount 51.2V\/200Ah \u00c1p Th\u1ea5p \u2013 gi\u1ea3i ph\u00e1p l\u01b0u tr\u1eef \u0111i\u1ec7n an to\u00e0n, b\u1ec1n b\u1ec9 v\u00e0 hi\u1ec7u su\u1ea5t cao. L\u00fd t\u01b0\u1edfng cho h\u1ec7 th\u1ed1ng n\u0103ng l\u01b0\u1ee3ng m\u1eb7t tr\u1eddi gia \u0111\u00ecnh v\u00e0 doanh nghi\u1ec7p.","og_url":"https:\/\/tpenergy.com.vn\/?product=pin-luu-tru-ptess-wallmount-51-2v-100ah-pt-ess-w5120","og_site_name":"Thuan Phong Solar Energy","article_modified_time":"2025-11-13T04:02:23+00:00","og_image":[{"width":595,"height":645,"url":"https:\/\/tpenergy.com.vn\/wp-content\/uploads\/2025\/11\/z7218845224327_6ef2876adfb0ba453da03e1c41e15c40.jpg","type":"image\/jpeg"}],"twitter_card":"summary_large_image","twitter_misc":{"\u01af\u1edbc t\u00ednh th\u1eddi gian \u0111\u1ecdc":"3 ph\u00fat"},"schema":{"@context":"https:\/\/schema.org","@graph":[{"@type":"WebPage","@id":"https:\/\/tpenergy.com.vn\/?product=pin-luu-tru-ptess-wallmount-51-2v-100ah-pt-ess-w5120","url":"https:\/\/tpenergy.com.vn\/?product=pin-luu-tru-ptess-wallmount-51-2v-100ah-pt-ess-w5120","name":"Pin L\u01b0u Tr\u1eef PTESS Wallmount 51.2V\/200Ah \u00c1p Th\u1ea5p | TPE","isPartOf":{"@id":"https:\/\/tpenergy.com.vn\/#website"},"datePublished":"2025-11-13T03:36:31+00:00","dateModified":"2025-11-13T04:02:23+00:00","description":"Pin L\u01b0u Tr\u1eef PTESS Wallmount 51.2V\/200Ah \u00c1p Th\u1ea5p \u2013 gi\u1ea3i ph\u00e1p l\u01b0u tr\u1eef \u0111i\u1ec7n an to\u00e0n, b\u1ec1n b\u1ec9 v\u00e0 hi\u1ec7u su\u1ea5t cao. L\u00fd t\u01b0\u1edfng cho h\u1ec7 th\u1ed1ng n\u0103ng l\u01b0\u1ee3ng m\u1eb7t tr\u1eddi gia \u0111\u00ecnh v\u00e0 doanh nghi\u1ec7p.","breadcrumb":{"@id":"https:\/\/tpenergy.com.vn\/?product=pin-luu-tru-ptess-wallmount-51-2v-100ah-pt-ess-w5120#breadcrumb"},"inLanguage":"vi","potentialAction":[{"@type":"ReadAction","target":["https:\/\/tpenergy.com.vn\/?product=pin-luu-tru-ptess-wallmount-51-2v-100ah-pt-ess-w5120"]}]},{"@type":"BreadcrumbList","@id":"https:\/\/tpenergy.com.vn\/?product=pin-luu-tru-ptess-wallmount-51-2v-100ah-pt-ess-w5120#breadcrumb","itemListElement":[{"@type":"ListItem","position":1,"name":"Trang ch\u1ee7","item":"https:\/\/tpenergy.com.vn\/"},{"@type":"ListItem","position":2,"name":"Shop","item":"https:\/\/tpenergy.com.vn\/?page_id=5"},{"@type":"ListItem","position":3,"name":"PIN L\u01afU TR\u1eee","item":"https:\/\/tpenergy.com.vn\/?product_cat=pinluutru"},{"@type":"ListItem","position":4,"name":"PIN LITHIUM ESS POWERTECH","item":"https:\/\/tpenergy.com.vn\/?product_cat=pin-lithium-ess-powertech"},{"@type":"ListItem","position":5,"name":"Pin L\u01b0u Tr\u1eef PTESS Wallmount 51.2V\/200Ah \u00c1p Th\u1ea5p | PT-ESS-W10240"}]},{"@type":"WebSite","@id":"https:\/\/tpenergy.com.vn\/#website","url":"https:\/\/tpenergy.com.vn\/","name":"Thuan Phong Solar Energy","description":"","potentialAction":[{"@type":"SearchAction","target":{"@type":"EntryPoint","urlTemplate":"https:\/\/tpenergy.com.vn\/?s={search_term_string}"},"query-input":"required name=search_term_string"}],"inLanguage":"vi"}]}},"_links":{"self":[{"href":"https:\/\/tpenergy.com.vn\/index.php?rest_route=\/wp\/v2\/product\/6862"}],"collection":[{"href":"https:\/\/tpenergy.com.vn\/index.php?rest_route=\/wp\/v2\/product"}],"about":[{"href":"https:\/\/tpenergy.com.vn\/index.php?rest_route=\/wp\/v2\/types\/product"}],"replies":[{"embeddable":true,"href":"https:\/\/tpenergy.com.vn\/index.php?rest_route=%2Fwp%2Fv2%2Fcomments&post=6862"}],"wp:featuredmedia":[{"embeddable":true,"href":"https:\/\/tpenergy.com.vn\/index.php?rest_route=\/wp\/v2\/media\/6872"}],"wp:attachment":[{"href":"https:\/\/tpenergy.com.vn\/index.php?rest_route=%2Fwp%2Fv2%2Fmedia&parent=6862"}],"wp:term":[{"taxonomy":"product_cat","embeddable":true,"href":"https:\/\/tpenergy.com.vn\/index.php?rest_route=%2Fwp%2Fv2%2Fproduct_cat&post=6862"},{"taxonomy":"product_tag","embeddable":true,"href":"https:\/\/tpenergy.com.vn\/index.php?rest_route=%2Fwp%2Fv2%2Fproduct_tag&post=6862"}],"curies":[{"name":"wp","href":"https:\/\/api.w.org\/{rel}","templated":true}]}}