{"id":6135,"date":"2025-09-09T15:53:28","date_gmt":"2025-09-09T08:53:28","guid":{"rendered":"https:\/\/tpenergy.com.vn\/?post_type=product&#038;p=6135"},"modified":"2025-11-15T08:54:02","modified_gmt":"2025-11-15T01:54:02","slug":"bo-chuyen-doi-nguon-tu-dong-ats-csq-125a-4p","status":"publish","type":"product","link":"https:\/\/tpenergy.com.vn\/?product=bo-chuyen-doi-nguon-tu-dong-ats-csq-125a-4p","title":{"rendered":"B\u1ed8 CHUY\u1ec2N \u0110\u1ed4I NGU\u1ed2N T\u1ef0 \u0110\u1ed8NG ATS CSQ 125A 4P"},"content":{"rendered":"<h1>B\u1ed9 Chuy\u1ec3n Ngu\u1ed3n T\u1ef1 \u0111\u1ed9ng ATS CSQ 123A 4P<\/h1>\n<p>B\u1ea1n \u0111ang t\u00ecm ki\u1ebfm thi\u1ebft b\u1ecb chuy\u1ec3n \u0111\u1ed5i ngu\u1ed3n \u0111i\u1ec7n t\u1ef1 \u0111\u1ed9ng, m\u1ea1nh m\u1ebd v\u00e0 \u0111\u1ea3m b\u1ea3o ho\u1ea1t \u0111\u1ed9ng li\u00ean t\u1ee5c cho to\u00e0n b\u1ed9 h\u1ec7 th\u1ed1ng \u0111i\u1ec7n? B\u1ed9 chuy\u1ec3n \u0111\u1ed5i ngu\u1ed3n t\u1ef1 \u0111\u1ed9ng <strong data-start=\"317\" data-end=\"336\">ATS CSQ 125A 4P <\/strong>l\u00e0 s\u1ef1 l\u1ef1a ch\u1ecdn l\u00fd t\u01b0\u1edfng d\u00e0nh cho b\u1ea1n.\u0110\u00e2y\u00a0l\u00e0 thi\u1ebft b\u1ecb quan tr\u1ecdng trong h\u1ec7 th\u1ed1ng \u0111i\u1ec7n c\u1ee7a doanh nghi\u1ec7p, nh\u00e0 x\u01b0\u1edfng, t\u00f2a nh\u00e0, v\u0103n ph\u00f2ng. S\u1ea3n ph\u1ea9m gi\u00fap t\u1ef1 \u0111\u1ed9ng chuy\u1ec3n \u0111\u1ed5i ngu\u1ed3n \u0111i\u1ec7n gi\u1eefa l\u01b0\u1edbi \u0111i\u1ec7n v\u00e0 m\u00e1y ph\u00e1t \u0111i\u1ec7n (ho\u1eb7c ngu\u1ed3n d\u1ef1 ph\u00f2ng kh\u00e1c) khi x\u1ea3y ra s\u1ef1 c\u1ed1 m\u1ea5t \u0111i\u1ec7n, \u0111\u1ea3m b\u1ea3o h\u1ec7 th\u1ed1ng lu\u00f4n v\u1eadn h\u00e0nh li\u00ean t\u1ee5c v\u00e0 an to\u00e0n.<img loading=\"lazy\" decoding=\"async\" class=\"size-full wp-image-6165 aligncenter\" style=\"color: #333333;font-size: 14.4px\" src=\"https:\/\/tpenergy.com.vn\/wp-content\/uploads\/2025\/09\/2.png\" alt=\"\" width=\"1080\" height=\"667\" srcset=\"https:\/\/tpenergy.com.vn\/wp-content\/uploads\/2025\/09\/2.png 1080w, https:\/\/tpenergy.com.vn\/wp-content\/uploads\/2025\/09\/2-768x474.png 768w, https:\/\/tpenergy.com.vn\/wp-content\/uploads\/2025\/09\/2-247x153.png 247w, https:\/\/tpenergy.com.vn\/wp-content\/uploads\/2025\/09\/2-510x315.png 510w\" sizes=\"(max-width: 1080px) 100vw, 1080px\" \/><\/p>\n<p style=\"text-align: center\">B\u1ed9 chuy\u1ec3n \u0111\u1ed5i ngu\u1ed3n t\u1ef1 \u0111\u1ed9ng HYCQ4-125\/4P<\/p>\n<h2>Th\u00f4ng S\u1ed1 K\u1ef9 Thu\u1eadt:<\/h2>\n<ul>\n<li>D\u00f2ng \u0111i\u1ec7n \u0111\u1ecbnh m\u1ee9c: 125A<\/li>\n<li>\u0110i\u1ec7n \u00e1p \u0111\u1ecbnh m\u1ee9c: 400VAC<\/li>\n<li>S\u1ed1 c\u1ef1c: 4P<\/li>\n<li>\u0110i\u1ec7n \u00e1p c\u00e1ch \u0111i\u1ec7n \u0111\u1ecbnh m\u1ee9c: 800V<\/li>\n<li>\u0110i\u1ec7n \u00e1p ch\u1ecbu xung \u0111\u1ecbnh m\u1ee9c: 8kV<\/li>\n<li>Nhi\u1ec7t \u0111\u1ed9 m\u00f4i tr\u01b0\u1eddng l\u00e0m vi\u1ec7c: -5\u00b0C \u0111\u1ebfn +40\u00b0C<\/li>\n<li>\u0110\u1ed9 cao l\u1eafp \u0111\u1eb7t: \u2264 2000m<\/li>\n<li>\u0110\u1ed9 \u1ea9m t\u01b0\u01a1ng \u0111\u1ed1i: \u2264 95%<\/li>\n<li>Tu\u1ed5i th\u1ecd c\u01a1 h\u1ecdc: 10.000 l\u1ea7n<\/li>\n<li>Lo\u1ea1i s\u1eed d\u1ee5ng AC-33iB (ph\u00f9 h\u1ee3p t\u1ea3i \u0111\u1ed9ng c\u01a1, cu\u1ed9n c\u1ea3m)<img loading=\"lazy\" decoding=\"async\" class=\"size-full wp-image-6167 aligncenter\" src=\"https:\/\/tpenergy.com.vn\/wp-content\/uploads\/2025\/09\/4.png\" alt=\"\" width=\"1076\" height=\"720\" srcset=\"https:\/\/tpenergy.com.vn\/wp-content\/uploads\/2025\/09\/4.png 1076w, https:\/\/tpenergy.com.vn\/wp-content\/uploads\/2025\/09\/4-768x514.png 768w, https:\/\/tpenergy.com.vn\/wp-content\/uploads\/2025\/09\/4-247x165.png 247w, https:\/\/tpenergy.com.vn\/wp-content\/uploads\/2025\/09\/4-510x341.png 510w\" sizes=\"(max-width: 1076px) 100vw, 1076px\" \/><\/li>\n<\/ul>\n<p style=\"text-align: center\">Nhi\u1ec7t \u0111\u1ed9 l\u00e0m vi\u1ec7c 5\u00b0C \u0111\u1ebfn +40\u00b0C<\/p>\n<p>\u00a0<img loading=\"lazy\" decoding=\"async\" class=\"wp-image-6171 aligncenter\" src=\"https:\/\/tpenergy.com.vn\/wp-content\/uploads\/2025\/09\/8.png\" alt=\"\" width=\"702\" height=\"1068\" srcset=\"https:\/\/tpenergy.com.vn\/wp-content\/uploads\/2025\/09\/8.png 710w, https:\/\/tpenergy.com.vn\/wp-content\/uploads\/2025\/09\/8-247x376.png 247w, https:\/\/tpenergy.com.vn\/wp-content\/uploads\/2025\/09\/8-510x776.png 510w\" sizes=\"(max-width: 702px) 100vw, 702px\" \/><\/p>\n<p style=\"text-align: center\">ATS v\u1edbi d\u00f2ng \u0111i\u1ec7n \u0111\u1ecbnh m\u1ee9c 125A<\/p>\n<p style=\"text-align: center\"><img loading=\"lazy\" decoding=\"async\" class=\"size-full wp-image-6165 aligncenter\" style=\"text-align: start\" src=\"https:\/\/tpenergy.com.vn\/wp-content\/uploads\/2025\/09\/2.png\" alt=\"\" width=\"1080\" height=\"667\" srcset=\"https:\/\/tpenergy.com.vn\/wp-content\/uploads\/2025\/09\/2.png 1080w, https:\/\/tpenergy.com.vn\/wp-content\/uploads\/2025\/09\/2-768x474.png 768w, https:\/\/tpenergy.com.vn\/wp-content\/uploads\/2025\/09\/2-247x153.png 247w, https:\/\/tpenergy.com.vn\/wp-content\/uploads\/2025\/09\/2-510x315.png 510w\" sizes=\"(max-width: 1080px) 100vw, 1080px\" \/><\/p>\n<p style=\"text-align: center\">ATS CS1 125A 4P b\u1ea3o h\u00e0nh ch\u00ednh h\u00e3ng 12 th\u00e1ng<\/p>\n<h2>T\u00ednh N\u0103ng N\u1ed5i B\u1eadt<\/h2>\n<p>ATS CS1 125A 4P \u0111\u01b0\u1ee3c ph\u00e1t tri\u1ec3n \u0111\u1ec3 \u0111\u00e1p \u1ee9ng nhu c\u1ea7u c\u1ea5p \u0111i\u1ec7n kh\u1ea9n c\u1ea5p, mang l\u1ea1i s\u1ef1 an t\u00e2m tuy\u1ec7t \u0111\u1ed1i cho ng\u01b0\u1eddi d\u00f9ng:<\/p>\n<ul>\n<li data-start=\"643\" data-end=\"743\"><strong data-start=\"646\" data-end=\"686\">Hi\u1ec7u su\u1ea5t v\u01b0\u1ee3t tr\u1ed9i: <\/strong>v\u1edbi d\u00f2ng \u0111\u1ecbnh m\u1ee9c 125A v\u00e0 \u0111i\u1ec7n \u00e1p \u0111\u1ecbnh m\u1ee9c 400VAC ph\u00f9 h\u1ee3p cho nhi\u1ec1u \u1ee9ng d\u1ee5ng c\u00f4ng nghi\u1ec7p v\u00e0 th\u01b0\u01a1ng m\u1ea1i.<\/li>\n<li data-start=\"744\" data-end=\"861\">\n<p data-start=\"746\" data-end=\"861\"><strong data-start=\"748\" data-end=\"772\">Chuy\u1ec3n ngu\u1ed3n t\u1ef1 \u0111\u1ed9ng<\/strong>: Khi ngu\u1ed3n ch\u00ednh g\u1eb7p s\u1ef1 c\u1ed1, ATS t\u1ef1 \u0111\u1ed9ng chuy\u1ec3n sang ngu\u1ed3n d\u1ef1 ph\u00f2ng ch\u1ec9 trong v\u00e0i gi\u00e2y.<\/p>\n<\/li>\n<li data-start=\"862\" data-end=\"963\">\n<p data-start=\"864\" data-end=\"963\"><strong data-start=\"867\" data-end=\"885\">\u0110\u1ed9 an to\u00e0n cao<\/strong>: Gi\u00e1m s\u00e1t li\u00ean t\u1ee5c tr\u1ea1ng th\u00e1i c\u1ee7a hai ngu\u1ed3n \u0111i\u1ec7n (ch\u00ednh v\u00e0 d\u1ef1 ph\u00f2ng),trang b\u1ecb c\u01a1 ch\u1ebf kh\u00f3a li\u00ean \u0111\u1ed9ng c\u01a1 \u2013 \u0111i\u1ec7n, ng\u0103n ng\u1eeba s\u1ef1 c\u1ed1 do thao t\u00e1c sai. h\u1ed7 tr\u1ee3 t\u1ea3i kh\u00f4ng b\u1ecb ng\u1eaft k\u1ebft n\u1ed1i \u0111\u1ed9t ng\u1ed9t, bao v\u1ec7 c\u00e1c thi\u1ebft b\u1ecb \u0111i\u1ec7n t\u1eed nh\u1ea1y c\u1ea3m.<\/p>\n<\/li>\n<li data-start=\"1057\" data-end=\"1159\">\n<p data-start=\"1059\" data-end=\"1159\"><strong data-start=\"1062\" data-end=\"1088\">Tu\u1ed5i th\u1ecd v\u00e0 \u0111\u1ed9 b\u1ec1n cao<\/strong>: Linh ki\u1ec7n ch\u1ea5t l\u01b0\u1ee3ng, ch\u1ecbu t\u1ea3i \u1ed5n \u0111\u1ecbnh, \u0111\u00e1p \u1ee9ng ti\u00eau chu\u1ea9n qu\u1ed1c t\u1ebf.<\/p>\n<\/li>\n<\/ul>\n<h2 data-start=\"1161\" data-end=\"1174\">B\u1ed9 Chuy\u1ec3n Ngu\u1ed3n T\u1ef1 \u0110\u1ed9ng CSQ HYCQ4-125\/4P Th\u01b0\u1eddng D\u00f9ng \u1ede \u0110\u00e2u?<\/h2>\n<p data-start=\"1175\" data-end=\"1224\">B\u1ed9 ATS CSQ 125A 4P \u0111\u01b0\u1ee3c s\u1eed d\u1ee5ng r\u1ed9ng r\u00e3i trong:<\/p>\n<ul data-start=\"1225\" data-end=\"1479\">\n<li data-start=\"1225\" data-end=\"1279\">\n<p data-start=\"1227\" data-end=\"1279\">Doanh nghi\u1ec7p s\u1ea3n xu\u1ea5t, nh\u00e0 m\u00e1y, x\u01b0\u1edfng c\u00f4ng nghi\u1ec7p.<\/p>\n<\/li>\n<li data-start=\"1280\" data-end=\"1334\">\n<p data-start=\"1282\" data-end=\"1334\">T\u00f2a nh\u00e0 v\u0103n ph\u00f2ng, chung c\u01b0, trung t\u00e2m th\u01b0\u01a1ng m\u1ea1i.<\/p>\n<\/li>\n<li data-start=\"1335\" data-end=\"1387\">\n<p data-start=\"1337\" data-end=\"1387\">B\u1ec7nh vi\u1ec7n, tr\u01b0\u1eddng h\u1ecdc, c\u01a1 s\u1edf h\u1ea1 t\u1ea7ng quan tr\u1ecdng.<\/p>\n<\/li>\n<li data-start=\"1388\" data-end=\"1479\">\n<p data-start=\"1390\" data-end=\"1479\">C\u00e1c h\u1ec7 th\u1ed1ng y\u00eau c\u1ea7u ngu\u1ed3n \u0111i\u1ec7n li\u00ean t\u1ee5c (server, thi\u1ebft b\u1ecb CNTT, h\u1ec7 th\u1ed1ng an ninh).<\/p>\n<p><img loading=\"lazy\" decoding=\"async\" class=\"size-full wp-image-6175 aligncenter\" src=\"https:\/\/tpenergy.com.vn\/wp-content\/uploads\/2025\/09\/Grey-Blue-Modern-Elegant-Electronic-Product-Promotion-Instagram-Post-1.png\" alt=\"\" width=\"1080\" height=\"1080\" srcset=\"https:\/\/tpenergy.com.vn\/wp-content\/uploads\/2025\/09\/Grey-Blue-Modern-Elegant-Electronic-Product-Promotion-Instagram-Post-1.png 1080w, https:\/\/tpenergy.com.vn\/wp-content\/uploads\/2025\/09\/Grey-Blue-Modern-Elegant-Electronic-Product-Promotion-Instagram-Post-1-768x768.png 768w, https:\/\/tpenergy.com.vn\/wp-content\/uploads\/2025\/09\/Grey-Blue-Modern-Elegant-Electronic-Product-Promotion-Instagram-Post-1-247x247.png 247w, https:\/\/tpenergy.com.vn\/wp-content\/uploads\/2025\/09\/Grey-Blue-Modern-Elegant-Electronic-Product-Promotion-Instagram-Post-1-510x510.png 510w, https:\/\/tpenergy.com.vn\/wp-content\/uploads\/2025\/09\/Grey-Blue-Modern-Elegant-Electronic-Product-Promotion-Instagram-Post-1-100x100.png 100w\" sizes=\"(max-width: 1080px) 100vw, 1080px\" \/><\/li>\n<\/ul>\n<h2>T\u1ea1i sao n\u00ean ch\u1ecdn ATS CSQ 123A 4P t\u1ea1i Thu\u1eadn Phong Energy?<\/h2>\n<p>Thu\u1eadn Phong t\u1ef1 h\u00e0o l\u00e0 nh\u00e0 cung c\u1ea5p gi\u1ea3i ph\u00e1p \u0111i\u1ec7n m\u1eb7t tr\u1eddi v\u00e0 thi\u1ebft b\u1ecb h\u00e0ng \u0111\u1ea7u t\u1ea1i Vi\u1ec7t Nam. Khi mua h\u00e0ng t\u1ea1i Thu\u1eadn Phong Energy, qu\u00fd kh\u00e1ch h\u00e0ng s\u1ebd nh\u1eadn \u0111\u01b0\u1ee3c:<\/p>\n<ul>\n<li>H\u00e0ng ch\u00ednh h\u00e3ng, c\u00f3 ch\u1ee9ng nh\u1eadn CO, CQ v\u00e0 ch\u1ebf \u0111\u1ed9 b\u1ea3o h\u00e0nh r\u00f5 r\u00e0ng.<\/li>\n<li>Gi\u00e1 t\u1ed1t nh\u1ea5t th\u1ecb tr\u01b0\u1eddng, \u01b0u \u0111\u00e3i cho \u0111\u1ea1i l\u00fd v\u00e0 k\u1ef9 thu\u1eadt.<\/li>\n<li>T\u01b0 v\u1ea5n k\u1ef9 thu\u1eadt mi\u1ec5n ph\u00ed, t\u1edbi n\u01a1i l\u1eafp \u0111\u1eb7t \u0111\u00fang ti\u00eau chu\u1ea9n<\/li>\n<li>H\u1ed7 tr\u1ee3 giao h\u00e0ng to\u00e0n qu\u1ed1c v\u00e0 thanh to\u00e1n linh ho\u1ea1t<\/li>\n<\/ul>\n<p>N\u1ebfu b\u1ea1n \u0111ang loay hoay t\u00ecm ki\u1ebfm d\u00f2ng s\u1ea3n ph\u1ea9m th\u1ef1c s\u1ef1 ch\u1ea5t l\u01b0\u1ee3ng \u0111\u1ec3 l\u1eafp \u0111\u1eb7t v\u00e0 ph\u00e2n ph\u1ed1i li\u00ean h\u1ec7 v\u1edbi Thu\u1eadn Phong qua hotline: 0869.564.567 ngay nh\u00e9!<\/p>\n<div dir=\"auto\">&#8212;&#8212;&#8212;&#8212;&#8212;&#8212;&#8212;&#8212;&#8212;<\/div>\n<div dir=\"auto\">\n<div dir=\"auto\">CH\u1eccN THU\u1eacN PHONG &#8211; CH\u1eccN S\u1ef0 AN T\u00c2M<\/div>\n<div dir=\"auto\">Hotline: 0869.564.567<\/div>\n<div dir=\"auto\">Kinh doanh: Mr Ph\u00fac 0867.577.357<\/div>\n<div dir=\"auto\">K\u1ef9 thu\u1eadt: Mr D\u0169ng 0899.768.777<\/div>\n<div dir=\"auto\">Tr\u1ee5 s\u1edf ch\u00ednh: 30 Nguy\u1ec5n H\u1eefu D\u1eadt, ph\u01b0\u1eddng \u0110\u1ed3ng H\u1edbi, t\u1ec9nh Qu\u1ea3ng Tr\u1ecb, Vi\u1ec7t Nam<\/div>\n<div dir=\"auto\">Tr\u1ee5 s\u1edf H\u00e0 N\u1ed9i: Nh\u00e0 ph\u1ed1 th\u01b0\u01a1ng m\u1ea1i Khai S\u01a1n Town s\u1ed1 18 thu\u1ed9c Town 7, khu \u0111\u00f4 th\u1ecb Khai S\u01a1n City, ph\u01b0\u1eddng B\u1ed3 \u0110\u1ec1, Th\u00e0nh ph\u1ed1 H\u00e0 N\u1ed9i<\/div>\n<div dir=\"auto\">Website: <span class=\"html-span xdj266r x14z9mp xat24cr x1lziwak xexx8yu xyri2b x18d9i69 x1c1uobl x1hl2dhg x16tdsg8 x1vvkbs\"><a class=\"x1i10hfl xjbqb8w x1ejq31n x18oe1m7 x1sy0etr xstzfhl x972fbf x10w94by x1qhh985 x14e42zd x9f619 x1ypdohk xt0psk2 x3ct3a4 xdj266r x14z9mp xat24cr x1lziwak xexx8yu xyri2b x18d9i69 x1c1uobl x16tdsg8 x1hl2dhg xggy1nq x1a2a7pz xkrqix3 x1sur9pj x1fey0fg x1s688f\" role=\"link\" href=\"https:\/\/tpenergy.com.vn\/?fbclid=IwZXh0bgNhZW0CMTAAYnJpZBExSVphcW5CaEdIZkNOTXBFRgEe_Luos7EH-kvFTW6S_ZvsDVVvXu17qeXc-Alq70HJ2CTgs8T14TBEP9YVNmg_aem_FPBKYGGZFV5JCUS6CBt9GA\" target=\"_blank\" rel=\"nofollow noopener\">https:\/\/tpenergy.com.vn\/<\/a><\/span><\/div>\n<div dir=\"auto\">Shopee: <span class=\"html-span xdj266r x14z9mp xat24cr x1lziwak xexx8yu xyri2b x18d9i69 x1c1uobl x1hl2dhg x16tdsg8 x1vvkbs\"><a class=\"x1i10hfl xjbqb8w x1ejq31n x18oe1m7 x1sy0etr xstzfhl x972fbf x10w94by x1qhh985 x14e42zd x9f619 x1ypdohk xt0psk2 x3ct3a4 xdj266r x14z9mp xat24cr x1lziwak xexx8yu xyri2b x18d9i69 x1c1uobl x16tdsg8 x1hl2dhg xggy1nq x1a2a7pz xkrqix3 x1sur9pj x1fey0fg x1s688f\" role=\"link\" href=\"https:\/\/l.facebook.com\/l.php?u=https%3A%2F%2Fbyvn.net%2FE1oJ%3Ffbclid%3DIwZXh0bgNhZW0CMTAAYnJpZBExSVphcW5CaEdIZkNOTXBFRgEe5UBvYlbBJP1OV4P31S66kgVoM8KJeiMOvevC7gr1YptX7Plm4Vc7BDfTaD8_aem_CKaH3Hde08bSFrKUKpBLpg&amp;h=AT2zZzo5gnFrIhhIOZc3EYboNZybvJeqz1viPZjNusRxqTKwLJ68cEphFL18oQfL9QRInWa-dpRP1kVHOqURFL47HHC1AD7RI2FmEVb_AuIxjvllE5yIF_vq374eJmFKgpQzQ4Srad52eGL3&amp;__tn__=-UK-R&amp;c[0]=AT2YjrwyJMhn57NsK2odK-orq56Bru6FvbAYhcv0XZHI_7P0rpHKn94UmSB7SGJqcaB-nlD0YgZo4FABsyLW7ArH0BrfNFflCoL0WBUNis0b1GDjZ-g4zDaZHaHFlNPbnN44i7JVv5T2yus0HxMhK9b4E0cORI10bxEe0gj3j-MFJ-pj2iagC6LLZ86uZcfOFW5YxYxA0_1h92nTj55zkj8Wgw\" target=\"_blank\" rel=\"nofollow noopener\">https:\/\/byvn.net\/E1oJ<\/a><\/span><\/div>\n<div dir=\"auto\">Lazada: <span class=\"html-span xdj266r x14z9mp xat24cr x1lziwak xexx8yu xyri2b x18d9i69 x1c1uobl x1hl2dhg x16tdsg8 x1vvkbs\"><a class=\"x1i10hfl xjbqb8w x1ejq31n x18oe1m7 x1sy0etr xstzfhl x972fbf x10w94by x1qhh985 x14e42zd x9f619 x1ypdohk xt0psk2 x3ct3a4 xdj266r x14z9mp xat24cr x1lziwak xexx8yu xyri2b x18d9i69 x1c1uobl x16tdsg8 x1hl2dhg xggy1nq x1a2a7pz xkrqix3 x1sur9pj x1fey0fg x1s688f\" role=\"link\" href=\"https:\/\/l.facebook.com\/l.php?u=https%3A%2F%2Fbyvn.net%2FVYPr%3Ffbclid%3DIwZXh0bgNhZW0CMTAAYnJpZBExSVphcW5CaEdIZkNOTXBFRgEe_Luos7EH-kvFTW6S_ZvsDVVvXu17qeXc-Alq70HJ2CTgs8T14TBEP9YVNmg_aem_FPBKYGGZFV5JCUS6CBt9GA&amp;h=AT3IQ15QghAFPaMC1BxIXmepCOp57UD_Uo5PdNrMhXgkr2zehAfUVpnDH3fvLFk9rerqN_VGnr3CA0xhRZrviMocDHbgBLd6w1iF9_kvFyZJnXrNhkNmIgsNzYjUTVqjRaaNWaMmj6rwpmt_&amp;__tn__=-UK-R&amp;c[0]=AT2YjrwyJMhn57NsK2odK-orq56Bru6FvbAYhcv0XZHI_7P0rpHKn94UmSB7SGJqcaB-nlD0YgZo4FABsyLW7ArH0BrfNFflCoL0WBUNis0b1GDjZ-g4zDaZHaHFlNPbnN44i7JVv5T2yus0HxMhK9b4E0cORI10bxEe0gj3j-MFJ-pj2iagC6LLZ86uZcfOFW5YxYxA0_1h92nTj55zkj8Wgw\" target=\"_blank\" rel=\"nofollow noopener\">https:\/\/byvn.net\/VYPr<\/a><\/span><\/div>\n<\/div>\n","protected":false},"excerpt":{"rendered":"<p>M\u00e3 s\u1ea3n ph\u1ea9m: HYCQ4-125\/4P<\/p>\n<ul>\n<li>D\u00f2ng \u0111i\u1ec7n \u0111\u1ecbnh m\u1ee9c: 125A<\/li>\n<li>\u0110i\u1ec7n \u00e1p \u0111\u1ecbnh m\u1ee9c: 400VAC<\/li>\n<li>S\u1ed1 c\u1ef1c: 4P<\/li>\n<li>\u0110i\u1ec7n \u00e1p c\u00e1ch \u0111i\u1ec7n \u0111\u1ecbnh m\u1ee9c: 800V<\/li>\n<li>\u0110i\u1ec7n \u00e1p ch\u1ecbu xung \u0111\u1ecbnh m\u1ee9c: 8kV<\/li>\n<li>Nhi\u1ec7t \u0111\u1ed9 m\u00f4i tr\u01b0\u1eddng l\u00e0m vi\u1ec7c: -5\u00b0C \u0111\u1ebfn +40\u00b0C<\/li>\n<li>\u0110\u1ed9 cao l\u1eafp \u0111\u1eb7t: \u2264 2000m<\/li>\n<li>\u0110\u1ed9 \u1ea9m t\u01b0\u01a1ng \u0111\u1ed1i: \u2264 95%<\/li>\n<li>Tu\u1ed5i th\u1ecd c\u01a1 h\u1ecdc: 10.000 l\u1ea7n<\/li>\n<li>Lo\u1ea1i s\u1eed d\u1ee5ng AC-33iB (ph\u00f9 h\u1ee3p t\u1ea3i \u0111\u1ed9ng c\u01a1, cu\u1ed9n c\u1ea3m)<\/li>\n<\/ul>\n","protected":false},"featured_media":6170,"comment_status":"open","ping_status":"closed","template":"","meta":{"_eb_attr":""},"product_cat":[1278],"product_tag":[595,959,960,730,192],"class_list":{"0":"post-6135","1":"product","2":"type-product","3":"status-publish","4":"has-post-thumbnail","6":"product_cat-csq","7":"product_tag-ats","8":"product_tag-bo-chuyen-doi-nguon-tu-dong","9":"product_tag-csq","10":"product_tag-dien-nang-luong-mat-troi","11":"product_tag-phu-kien","12":"pa_gia-khong-lap-dat","13":"pa_gia-lap-dat","15":"first","16":"instock","17":"shipping-taxable","18":"product-type-variable"},"yoast_head":"<!-- This site is optimized with the Yoast SEO plugin v20.9 - https:\/\/yoast.com\/wordpress\/plugins\/seo\/ -->\r\n<title>B\u1ed8 CHUY\u1ec2N \u0110\u1ed4I NGU\u1ed2N T\u1ef0 \u0110\u1ed8NG ATS CSQ 125A 4P - Thuan Phong Solar Energy<\/title>\r\n<meta name=\"robots\" content=\"index, follow, max-snippet:-1, max-image-preview:large, max-video-preview:-1\" \/>\r\n<link rel=\"canonical\" href=\"https:\/\/tpenergy.com.vn\/?product=bo-chuyen-doi-nguon-tu-dong-ats-csq-125a-4p\" \/>\r\n<meta property=\"og:locale\" content=\"vi_VN\" \/>\r\n<meta property=\"og:type\" content=\"article\" \/>\r\n<meta property=\"og:title\" content=\"B\u1ed8 CHUY\u1ec2N \u0110\u1ed4I NGU\u1ed2N T\u1ef0 \u0110\u1ed8NG ATS CSQ 125A 4P - Thuan Phong Solar Energy\" \/>\r\n<meta property=\"og:description\" content=\"M\u00e3 s\u1ea3n ph\u1ea9m: HYCQ4-125\/4P   D\u00f2ng \u0111i\u1ec7n \u0111\u1ecbnh m\u1ee9c: 125A  \u0110i\u1ec7n \u00e1p \u0111\u1ecbnh m\u1ee9c: 400VAC  S\u1ed1 c\u1ef1c: 4P  \u0110i\u1ec7n \u00e1p c\u00e1ch \u0111i\u1ec7n \u0111\u1ecbnh m\u1ee9c: 800V  \u0110i\u1ec7n \u00e1p ch\u1ecbu xung \u0111\u1ecbnh m\u1ee9c: 8kV  Nhi\u1ec7t \u0111\u1ed9 m\u00f4i tr\u01b0\u1eddng l\u00e0m vi\u1ec7c: -5\u00b0C \u0111\u1ebfn +40\u00b0C  \u0110\u1ed9 cao l\u1eafp \u0111\u1eb7t: \u2264 2000m  \u0110\u1ed9 \u1ea9m t\u01b0\u01a1ng \u0111\u1ed1i: \u2264 95%  Tu\u1ed5i th\u1ecd c\u01a1 h\u1ecdc: 10.000 l\u1ea7n  Lo\u1ea1i s\u1eed d\u1ee5ng AC-33iB (ph\u00f9 h\u1ee3p t\u1ea3i \u0111\u1ed9ng c\u01a1, cu\u1ed9n c\u1ea3m)\" \/>\r\n<meta property=\"og:url\" content=\"https:\/\/tpenergy.com.vn\/?product=bo-chuyen-doi-nguon-tu-dong-ats-csq-125a-4p\" \/>\r\n<meta property=\"og:site_name\" content=\"Thuan Phong Solar Energy\" \/>\r\n<meta property=\"article:modified_time\" content=\"2025-11-15T01:54:02+00:00\" \/>\r\n<meta property=\"og:image\" content=\"https:\/\/tpenergy.com.vn\/wp-content\/uploads\/2025\/09\/7.png\" \/>\r\n\t<meta property=\"og:image:width\" content=\"1080\" \/>\r\n\t<meta property=\"og:image:height\" content=\"712\" \/>\r\n\t<meta property=\"og:image:type\" content=\"image\/png\" \/>\r\n<meta name=\"twitter:card\" content=\"summary_large_image\" \/>\r\n<meta name=\"twitter:label1\" content=\"\u01af\u1edbc t\u00ednh th\u1eddi gian \u0111\u1ecdc\" \/>\n\t<meta name=\"twitter:data1\" content=\"5 ph\u00fat\" \/>\r\n<script type=\"application\/ld+json\" class=\"yoast-schema-graph\">{\"@context\":\"https:\/\/schema.org\",\"@graph\":[{\"@type\":\"WebPage\",\"@id\":\"https:\/\/tpenergy.com.vn\/?product=bo-chuyen-doi-nguon-tu-dong-ats-csq-125a-4p\",\"url\":\"https:\/\/tpenergy.com.vn\/?product=bo-chuyen-doi-nguon-tu-dong-ats-csq-125a-4p\",\"name\":\"B\u1ed8 CHUY\u1ec2N \u0110\u1ed4I NGU\u1ed2N T\u1ef0 \u0110\u1ed8NG ATS CSQ 125A 4P - Thuan Phong Solar Energy\",\"isPartOf\":{\"@id\":\"https:\/\/tpenergy.com.vn\/#website\"},\"datePublished\":\"2025-09-09T08:53:28+00:00\",\"dateModified\":\"2025-11-15T01:54:02+00:00\",\"breadcrumb\":{\"@id\":\"https:\/\/tpenergy.com.vn\/?product=bo-chuyen-doi-nguon-tu-dong-ats-csq-125a-4p#breadcrumb\"},\"inLanguage\":\"vi\",\"potentialAction\":[{\"@type\":\"ReadAction\",\"target\":[\"https:\/\/tpenergy.com.vn\/?product=bo-chuyen-doi-nguon-tu-dong-ats-csq-125a-4p\"]}]},{\"@type\":\"BreadcrumbList\",\"@id\":\"https:\/\/tpenergy.com.vn\/?product=bo-chuyen-doi-nguon-tu-dong-ats-csq-125a-4p#breadcrumb\",\"itemListElement\":[{\"@type\":\"ListItem\",\"position\":1,\"name\":\"Trang ch\u1ee7\",\"item\":\"https:\/\/tpenergy.com.vn\/\"},{\"@type\":\"ListItem\",\"position\":2,\"name\":\"Shop\",\"item\":\"https:\/\/tpenergy.com.vn\/?page_id=5\"},{\"@type\":\"ListItem\",\"position\":3,\"name\":\"PH\u1ee4 KI\u1ec6N\",\"item\":\"https:\/\/tpenergy.com.vn\/danh-muc-sp\/phu-kien\/\"},{\"@type\":\"ListItem\",\"position\":4,\"name\":\"THI\u1ebeT B\u1eca CHUY\u1ec2N \u0110\u1ed4I NGU\u1ed2N T\u1ef0 \u0110\u1ed8NG (ATS)\",\"item\":\"https:\/\/tpenergy.com.vn\/index.php\/danh-muc-sp\/phu-kien\/thiet-bi-chuyen-doi-nguon-tu-dong-ats\/\"},{\"@type\":\"ListItem\",\"position\":5,\"name\":\"CSQ\",\"item\":\"https:\/\/tpenergy.com.vn\/?product_cat=csq\"},{\"@type\":\"ListItem\",\"position\":6,\"name\":\"B\u1ed8 CHUY\u1ec2N \u0110\u1ed4I NGU\u1ed2N T\u1ef0 \u0110\u1ed8NG ATS CSQ 125A 4P\"}]},{\"@type\":\"WebSite\",\"@id\":\"https:\/\/tpenergy.com.vn\/#website\",\"url\":\"https:\/\/tpenergy.com.vn\/\",\"name\":\"Thuan Phong Solar Energy\",\"description\":\"\",\"potentialAction\":[{\"@type\":\"SearchAction\",\"target\":{\"@type\":\"EntryPoint\",\"urlTemplate\":\"https:\/\/tpenergy.com.vn\/?s={search_term_string}\"},\"query-input\":\"required name=search_term_string\"}],\"inLanguage\":\"vi\"}]}<\/script>\r\n<!-- \/ Yoast SEO plugin. -->","yoast_head_json":{"title":"B\u1ed8 CHUY\u1ec2N \u0110\u1ed4I NGU\u1ed2N T\u1ef0 \u0110\u1ed8NG ATS CSQ 125A 4P - Thuan Phong Solar Energy","robots":{"index":"index","follow":"follow","max-snippet":"max-snippet:-1","max-image-preview":"max-image-preview:large","max-video-preview":"max-video-preview:-1"},"canonical":"https:\/\/tpenergy.com.vn\/?product=bo-chuyen-doi-nguon-tu-dong-ats-csq-125a-4p","og_locale":"vi_VN","og_type":"article","og_title":"B\u1ed8 CHUY\u1ec2N \u0110\u1ed4I NGU\u1ed2N T\u1ef0 \u0110\u1ed8NG ATS CSQ 125A 4P - Thuan Phong Solar Energy","og_description":"M\u00e3 s\u1ea3n ph\u1ea9m: HYCQ4-125\/4P   D\u00f2ng \u0111i\u1ec7n \u0111\u1ecbnh m\u1ee9c: 125A  \u0110i\u1ec7n \u00e1p \u0111\u1ecbnh m\u1ee9c: 400VAC  S\u1ed1 c\u1ef1c: 4P  \u0110i\u1ec7n \u00e1p c\u00e1ch \u0111i\u1ec7n \u0111\u1ecbnh m\u1ee9c: 800V  \u0110i\u1ec7n \u00e1p ch\u1ecbu xung \u0111\u1ecbnh m\u1ee9c: 8kV  Nhi\u1ec7t \u0111\u1ed9 m\u00f4i tr\u01b0\u1eddng l\u00e0m vi\u1ec7c: -5\u00b0C \u0111\u1ebfn +40\u00b0C  \u0110\u1ed9 cao l\u1eafp \u0111\u1eb7t: \u2264 2000m  \u0110\u1ed9 \u1ea9m t\u01b0\u01a1ng \u0111\u1ed1i: \u2264 95%  Tu\u1ed5i th\u1ecd c\u01a1 h\u1ecdc: 10.000 l\u1ea7n  Lo\u1ea1i s\u1eed d\u1ee5ng AC-33iB (ph\u00f9 h\u1ee3p t\u1ea3i \u0111\u1ed9ng c\u01a1, cu\u1ed9n c\u1ea3m)","og_url":"https:\/\/tpenergy.com.vn\/?product=bo-chuyen-doi-nguon-tu-dong-ats-csq-125a-4p","og_site_name":"Thuan Phong Solar Energy","article_modified_time":"2025-11-15T01:54:02+00:00","og_image":[{"width":1080,"height":712,"url":"https:\/\/tpenergy.com.vn\/wp-content\/uploads\/2025\/09\/7.png","type":"image\/png"}],"twitter_card":"summary_large_image","twitter_misc":{"\u01af\u1edbc t\u00ednh th\u1eddi gian \u0111\u1ecdc":"5 ph\u00fat"},"schema":{"@context":"https:\/\/schema.org","@graph":[{"@type":"WebPage","@id":"https:\/\/tpenergy.com.vn\/?product=bo-chuyen-doi-nguon-tu-dong-ats-csq-125a-4p","url":"https:\/\/tpenergy.com.vn\/?product=bo-chuyen-doi-nguon-tu-dong-ats-csq-125a-4p","name":"B\u1ed8 CHUY\u1ec2N \u0110\u1ed4I NGU\u1ed2N T\u1ef0 \u0110\u1ed8NG ATS CSQ 125A 4P - Thuan Phong Solar Energy","isPartOf":{"@id":"https:\/\/tpenergy.com.vn\/#website"},"datePublished":"2025-09-09T08:53:28+00:00","dateModified":"2025-11-15T01:54:02+00:00","breadcrumb":{"@id":"https:\/\/tpenergy.com.vn\/?product=bo-chuyen-doi-nguon-tu-dong-ats-csq-125a-4p#breadcrumb"},"inLanguage":"vi","potentialAction":[{"@type":"ReadAction","target":["https:\/\/tpenergy.com.vn\/?product=bo-chuyen-doi-nguon-tu-dong-ats-csq-125a-4p"]}]},{"@type":"BreadcrumbList","@id":"https:\/\/tpenergy.com.vn\/?product=bo-chuyen-doi-nguon-tu-dong-ats-csq-125a-4p#breadcrumb","itemListElement":[{"@type":"ListItem","position":1,"name":"Trang ch\u1ee7","item":"https:\/\/tpenergy.com.vn\/"},{"@type":"ListItem","position":2,"name":"Shop","item":"https:\/\/tpenergy.com.vn\/?page_id=5"},{"@type":"ListItem","position":3,"name":"PH\u1ee4 KI\u1ec6N","item":"https:\/\/tpenergy.com.vn\/danh-muc-sp\/phu-kien\/"},{"@type":"ListItem","position":4,"name":"THI\u1ebeT B\u1eca CHUY\u1ec2N \u0110\u1ed4I NGU\u1ed2N T\u1ef0 \u0110\u1ed8NG (ATS)","item":"https:\/\/tpenergy.com.vn\/index.php\/danh-muc-sp\/phu-kien\/thiet-bi-chuyen-doi-nguon-tu-dong-ats\/"},{"@type":"ListItem","position":5,"name":"CSQ","item":"https:\/\/tpenergy.com.vn\/?product_cat=csq"},{"@type":"ListItem","position":6,"name":"B\u1ed8 CHUY\u1ec2N \u0110\u1ed4I NGU\u1ed2N T\u1ef0 \u0110\u1ed8NG ATS CSQ 125A 4P"}]},{"@type":"WebSite","@id":"https:\/\/tpenergy.com.vn\/#website","url":"https:\/\/tpenergy.com.vn\/","name":"Thuan Phong Solar Energy","description":"","potentialAction":[{"@type":"SearchAction","target":{"@type":"EntryPoint","urlTemplate":"https:\/\/tpenergy.com.vn\/?s={search_term_string}"},"query-input":"required name=search_term_string"}],"inLanguage":"vi"}]}},"_links":{"self":[{"href":"https:\/\/tpenergy.com.vn\/index.php?rest_route=\/wp\/v2\/product\/6135"}],"collection":[{"href":"https:\/\/tpenergy.com.vn\/index.php?rest_route=\/wp\/v2\/product"}],"about":[{"href":"https:\/\/tpenergy.com.vn\/index.php?rest_route=\/wp\/v2\/types\/product"}],"replies":[{"embeddable":true,"href":"https:\/\/tpenergy.com.vn\/index.php?rest_route=%2Fwp%2Fv2%2Fcomments&post=6135"}],"wp:featuredmedia":[{"embeddable":true,"href":"https:\/\/tpenergy.com.vn\/index.php?rest_route=\/wp\/v2\/media\/6170"}],"wp:attachment":[{"href":"https:\/\/tpenergy.com.vn\/index.php?rest_route=%2Fwp%2Fv2%2Fmedia&parent=6135"}],"wp:term":[{"taxonomy":"product_cat","embeddable":true,"href":"https:\/\/tpenergy.com.vn\/index.php?rest_route=%2Fwp%2Fv2%2Fproduct_cat&post=6135"},{"taxonomy":"product_tag","embeddable":true,"href":"https:\/\/tpenergy.com.vn\/index.php?rest_route=%2Fwp%2Fv2%2Fproduct_tag&post=6135"}],"curies":[{"name":"wp","href":"https:\/\/api.w.org\/{rel}","templated":true}]}}