{"id":6097,"date":"2025-08-29T15:10:51","date_gmt":"2025-08-29T08:10:51","guid":{"rendered":"https:\/\/tpenergy.com.vn\/?post_type=product&#038;p=6097"},"modified":"2026-01-07T15:16:08","modified_gmt":"2026-01-07T08:16:08","slug":"pin-luu-tru-lithium-ion-cfe-wl-15","status":"publish","type":"product","link":"https:\/\/tpenergy.com.vn\/?product=pin-luu-tru-lithium-ion-cfe-wl-15","title":{"rendered":"Pin l\u01b0u tr\u1eef Lithium-ion CFE-WL-15"},"content":{"rendered":"<div class=\"x11i5rnm xat24cr x1mh8g0r x1vvkbs xtlvy1s x126k92a\">\n<h1 class=\"product_title entry-title elementor-heading-title elementor-size-default\">Pin l\u01b0u tr\u1eef lithium-ion CFE-WL-15<\/h1>\n<p><strong>TH\u00d4NG S\u1ed0 K\u1ef8 THU\u1eacT:<\/strong><\/p>\n<div class=\"table-responsive\">\n<table width=\"743\">\n<tbody>\n<tr>\n<td width=\"288\">Th\u00f4ng tin<\/td>\n<td width=\"455\">Chi ti\u1ebft<\/td>\n<\/tr>\n<tr>\n<td>Dung l\u01b0\u1ee3ng<\/td>\n<td>15.36 kWh<\/td>\n<\/tr>\n<tr>\n<td>Dung l\u01b0\u1ee3ng Cell<\/td>\n<td>300Ah<\/td>\n<\/tr>\n<tr>\n<td>Dung l\u01b0\u1ee3ng s\u1eed d\u1ee5ng<\/td>\n<td>13.82 kWh<\/td>\n<\/tr>\n<tr>\n<td>K\u00edch th\u01b0\u1edbc (W*D*H)<\/td>\n<td>564*157*974 mm<\/td>\n<\/tr>\n<tr>\n<td>Lo\u1ea1i pin l\u01b0u tr\u1eef<\/td>\n<td>LiFePO4<\/td>\n<\/tr>\n<tr>\n<td>\u0110i\u1ec7n \u00e1p pin<\/td>\n<td>51.2V<\/td>\n<\/tr>\n<tr>\n<td>D\u1ea3i \u0111i\u1ec7n \u00e1p ho\u1ea1t \u0111\u1ed9ng<\/td>\n<td>48-56V<\/td>\n<\/tr>\n<tr>\n<td>C\u00f4ng su\u1ea5t x\u1ea3 t\u1ed1i \u0111a<\/td>\n<td>10 kW\/ Li\u00ean t\u1ee5c 8kW<\/td>\n<\/tr>\n<tr>\n<td>C\u1ea5p \u0111\u1ed9 b\u1ea3o v\u1ec7 IP<\/td>\n<td>IP20<\/td>\n<\/tr>\n<tr>\n<td>Giap ti\u1ebfp<\/td>\n<td>CAN\/ RS485<\/td>\n<\/tr>\n<tr>\n<td>Ch\u1ebf \u0111\u1ed9 b\u1ea3o v\u1ec7<\/td>\n<td>B\u1ea3o v\u1ec7 ph\u1ea7n c\u1ee9ng 3 c\u1ea5p \u0111\u1ed9<\/td>\n<\/tr>\n<tr>\n<td>B\u1ea3o v\u1ec7 pin<\/td>\n<td>Qu\u00e1 d\u00f2ng\/ Qu\u00e1 \u00e1p\/ Ng\u1eafn m\u1ea1ch\/ \u00c1p th\u1ea5p\/ Qu\u00e1 nhi\u1ec7t<\/td>\n<\/tr>\n<tr>\n<td>L\u1eafp song song<\/td>\n<td>8 b\u1ed9 ( t\u1ed1i \u0111a 16 b\u1ed9)<\/td>\n<\/tr>\n<tr>\n<td>C\u1ea5p \u0111\u1ed9 b\u1ea3o v\u1ec7<\/td>\n<td>I<\/td>\n<\/tr>\n<tr>\n<td>D\u1ea3i nhi\u1ec7t \u0111\u1ed9 s\u1ea1c<\/td>\n<td>0~+45<sup>o<\/sup>C<\/td>\n<\/tr>\n<tr>\n<td>D\u1ea3i nhi\u1ec7t \u0111\u1ed9 x\u1ea3<\/td>\n<td>-10~+55<sup>o<\/sup>C<\/td>\n<\/tr>\n<tr>\n<td>\u0110\u1ed9 \u1ea9m<\/td>\n<td>0~95%RH<\/td>\n<\/tr>\n<tr>\n<td>\u0110\u1ed9 cao<\/td>\n<td>\u22642000m<\/td>\n<\/tr>\n<tr>\n<td>C\u00e1ch l\u1eafp \u0111\u1eb7t<\/td>\n<td>D\u1ef1a t\u01b0\u1eddng<\/td>\n<\/tr>\n<tr>\n<td>C\u01a1 ch\u1ebf l\u00e0m m\u00e1t<\/td>\n<td>T\u1ef1 nhi\u00ean<\/td>\n<\/tr>\n<tr>\n<td>Tu\u1ed5i th\u1ecd<\/td>\n<td>\u22656000 cycles (@25\u00b12<sup>o<\/sup>C, 0.5C\/0.5C, 80%DOD)<\/td>\n<\/tr>\n<tr>\n<td>Hi\u1ec3n th\u1ecb<\/td>\n<td>Hi\u1ec3n th\u1ecb LED &#8211; ch\u1ec9 th\u1ecb SOC<\/td>\n<\/tr>\n<tr>\n<td>Ch\u1ee9ng ch\u1ec9<\/td>\n<td>UN3480<\/td>\n<\/tr>\n<tr>\n<td>Giao ti\u1ebfp h\u00e3ng Inverter( &gt;50 h\u00e3ng)<\/td>\n<td>Growatt, Chisage, Deye, Luxpower, Goodwe, SMA,&#8230;<\/td>\n<\/tr>\n<\/tbody>\n<\/table>\n<div class=\"table-responsive\">\n<p><strong>Pin l\u01b0u tr\u1eef lithium-ion CFE-WL-15\u00a0<\/strong>Pin l\u01b0u tr\u1eef \u0111i\u1ec7n m\u1eb7t tr\u1eddi c\u00f4ng su\u1ea5t d\u00e2n d\u1ee5ng<\/p>\n<p><strong>Pin l\u01b0u tr\u1eef lithium-ion CFE-WL-15<\/strong>\u00a0l\u00e0 m\u1ed9t s\u1ea3n ph\u1ea9m pin l\u01b0u tr\u1eef n\u0103ng l\u01b0\u1ee3ng ti\u00ean ti\u1ebfn, thu\u1ed9c d\u00f2ng s\u1ea3n ph\u1ea9m \ud835\udc02\ud835\udc05 \ud835\udc04\ud835\udc27\ud835\udc1e\ud835\udc2b\ud835\udc20\ud835\udc32, \u0111\u01b0\u1ee3c thi\u1ebft k\u1ebf \u0111\u1ec3 l\u01b0u tr\u1eef \u0111i\u1ec7n n\u0103ng t\u1eeb c\u00e1c h\u1ec7 th\u1ed1ng n\u0103ng l\u01b0\u1ee3ng m\u1eb7t tr\u1eddi v\u00e0 cung c\u1ea5p ngu\u1ed3n \u0111i\u1ec7n \u1ed5n \u0111\u1ecbnh cho h\u1ed9 gia \u0111\u00ecnh ho\u1eb7c doanh nghi\u1ec7p nh\u1ecf.<\/p>\n<p><img loading=\"lazy\" decoding=\"async\" class=\"alignnone wp-image-6086\" src=\"https:\/\/tpenergy.com.vn\/wp-content\/uploads\/2023\/12\/anh-CFE-WEB.jpg\" alt=\"\" width=\"1600\" height=\"966\" srcset=\"https:\/\/tpenergy.com.vn\/wp-content\/uploads\/2023\/12\/anh-CFE-WEB.jpg 1600w, https:\/\/tpenergy.com.vn\/wp-content\/uploads\/2023\/12\/anh-CFE-WEB-768x464.jpg 768w, https:\/\/tpenergy.com.vn\/wp-content\/uploads\/2023\/12\/anh-CFE-WEB-1536x927.jpg 1536w, https:\/\/tpenergy.com.vn\/wp-content\/uploads\/2023\/12\/anh-CFE-WEB-247x149.jpg 247w, https:\/\/tpenergy.com.vn\/wp-content\/uploads\/2023\/12\/anh-CFE-WEB-510x308.jpg 510w\" sizes=\"(max-width: 1600px) 100vw, 1600px\" \/><\/p>\n<\/div>\n<\/div>\n<\/div>\n<div class=\"x11i5rnm xat24cr x1mh8g0r x1vvkbs xtlvy1s x126k92a\">\n<div dir=\"auto\">\n<h2 data-start=\"1150\" data-end=\"1206\">\u01afu \u0111i\u1ec3m n\u1ed5i b\u1eadt c\u1ee7a pin l\u01b0u tr\u1eef lithium-ion CFE-WL-15<\/h2>\n<p><img loading=\"lazy\" decoding=\"async\" class=\"alignnone size-full wp-image-6102\" src=\"https:\/\/tpenergy.com.vn\/wp-content\/uploads\/2025\/08\/Gradient-xanh-duong-don-gian-de-thuong-khung-san-pham-dang-Instagram-1-scaled.jpg\" alt=\"\" width=\"2560\" height=\"2560\" srcset=\"https:\/\/tpenergy.com.vn\/wp-content\/uploads\/2025\/08\/Gradient-xanh-duong-don-gian-de-thuong-khung-san-pham-dang-Instagram-1-scaled.jpg 2560w, https:\/\/tpenergy.com.vn\/wp-content\/uploads\/2025\/08\/Gradient-xanh-duong-don-gian-de-thuong-khung-san-pham-dang-Instagram-1-768x768.jpg 768w, https:\/\/tpenergy.com.vn\/wp-content\/uploads\/2025\/08\/Gradient-xanh-duong-don-gian-de-thuong-khung-san-pham-dang-Instagram-1-1536x1536.jpg 1536w, https:\/\/tpenergy.com.vn\/wp-content\/uploads\/2025\/08\/Gradient-xanh-duong-don-gian-de-thuong-khung-san-pham-dang-Instagram-1-2048x2048.jpg 2048w, https:\/\/tpenergy.com.vn\/wp-content\/uploads\/2025\/08\/Gradient-xanh-duong-don-gian-de-thuong-khung-san-pham-dang-Instagram-1-247x247.jpg 247w, https:\/\/tpenergy.com.vn\/wp-content\/uploads\/2025\/08\/Gradient-xanh-duong-don-gian-de-thuong-khung-san-pham-dang-Instagram-1-510x510.jpg 510w, https:\/\/tpenergy.com.vn\/wp-content\/uploads\/2025\/08\/Gradient-xanh-duong-don-gian-de-thuong-khung-san-pham-dang-Instagram-1-100x100.jpg 100w\" sizes=\"(max-width: 2560px) 100vw, 2560px\" \/><\/p>\n<p data-start=\"1208\" data-end=\"1395\"><strong data-start=\"1208\" data-end=\"1245\">Pin l\u01b0u tr\u1eef lithium-ion CFE-WL-15<\/strong>\u00a0\u0111\u01b0\u1ee3c ph\u00e1t tri\u1ec3n v\u1edbi nh\u1eefng c\u1ea3i ti\u1ebfn c\u00f4ng ngh\u1ec7 v\u01b0\u1ee3t tr\u1ed9i, \u0111\u00e1p \u1ee9ng nhu c\u1ea7u l\u01b0u tr\u1eef n\u0103ng l\u01b0\u1ee3ng b\u1ec1n v\u1eefng, an to\u00e0n cho c\u00e1c h\u1ec7 th\u1ed1ng \u0111i\u1ec7n m\u1eb7t tr\u1eddi d\u00e2n d\u1ee5ng:<\/p>\n<p data-start=\"1397\" data-end=\"1646\">\u2705\u00a0<strong data-start=\"1399\" data-end=\"1441\">C\u00f4ng ngh\u1ec7 pin LiFePO4 an to\u00e0n, b\u1ec1n b\u1ec9:<\/strong><br data-start=\"1441\" data-end=\"1444\" \/>S\u1eed d\u1ee5ng l\u00f5i pin Lithium Iron Phosphate (LiFePO4) ch\u1ea5t l\u01b0\u1ee3ng cao \u2013 lo\u1ea1i pin an to\u00e0n nh\u1ea5t hi\u1ec7n nay, \u0111\u1ea3m b\u1ea3o \u0111\u1ed9 \u1ed5n \u0111\u1ecbnh, tu\u1ed5i th\u1ecd cao (\u22656000 chu k\u1ef3 ho\u1eb7c 10 n\u0103m s\u1eed d\u1ee5ng) v\u00e0 an to\u00e0n tuy\u1ec7t \u0111\u1ed1i trong v\u1eadn h\u00e0nh.<\/p>\n<p data-start=\"1648\" data-end=\"1794\">\u2705\u00a0<strong data-start=\"1650\" data-end=\"1681\">Kh\u1ea3 n\u0103ng m\u1edf r\u1ed9ng linh ho\u1ea1t:<\/strong><br data-start=\"1681\" data-end=\"1684\" \/>Pin h\u1ed7 tr\u1ee3 k\u1ebft n\u1ed1i song song l\u00ean \u0111\u1ebfn\u00a0<strong>16\u00a0b\u1ed9<\/strong>, d\u1ec5 d\u00e0ng m\u1edf r\u1ed9ng dung l\u01b0\u1ee3ng l\u01b0u tr\u1eef theo nhu c\u1ea7u c\u1ee7a c\u00f4ng tr\u00ecnh.<\/p>\n<p data-start=\"1796\" data-end=\"1975\">\u2705\u00a0<strong data-start=\"1798\" data-end=\"1829\">Thi\u1ebft k\u1ebf t\u1ed1i gi\u1ea3n, tinh t\u1ebf:<\/strong><br data-start=\"1829\" data-end=\"1832\" \/>Pin d\u1ea1ng pack \u0111\u1ee9ng, c\u00f3 th\u1ec3 g\u1eafn t\u01b0\u1eddng v\u1edbi \u0111\u1ed9 d\u00e0y ch\u1ec9\u00a0<strong data-start=\"1884\" data-end=\"1892\">16cm<\/strong>, thi\u1ebft k\u1ebf hi\u1ec7n \u0111\u1ea1i, ti\u1ebft ki\u1ec7m di\u1ec7n t\u00edch v\u00e0 d\u1ec5 d\u00e0ng h\u00f2a h\u1ee3p v\u1edbi kh\u00f4ng gian l\u1eafp \u0111\u1eb7t.<\/p>\n<p data-start=\"1977\" data-end=\"2158\">\u2705\u00a0<strong data-start=\"1979\" data-end=\"2021\">Dung l\u01b0\u1ee3ng l\u1edbn, m\u1eadt \u0111\u1ed9 n\u0103ng l\u01b0\u1ee3ng cao:<\/strong><br data-start=\"2021\" data-end=\"2024\" \/>V\u1edbi dung l\u01b0\u1ee3ng danh \u0111\u1ecbnh\u00a0<strong data-start=\"2049\" data-end=\"2061\">15.36kWh<\/strong>\u00a0(kh\u1ea3 d\u1ee5ng 13.82kWh), pin \u0111\u00e1p \u1ee9ng t\u1ed1t nhu c\u1ea7u l\u01b0u tr\u1eef \u0111i\u1ec7n n\u0103ng l\u1edbn, cung c\u1ea5p ngu\u1ed3n \u0111i\u1ec7n \u1ed5n \u0111\u1ecbnh.<\/p>\n<p data-start=\"2160\" data-end=\"2409\">\u2705\u00a0<strong data-start=\"2162\" data-end=\"2203\">Qu\u1ea3n l\u00fd th\u00f4ng minh, b\u1ea3o v\u1ec7 to\u00e0n di\u1ec7n:<\/strong><br data-start=\"2203\" data-end=\"2206\" \/>H\u1ec7 th\u1ed1ng qu\u1ea3n l\u00fd pin th\u00f4ng minh (BMS) ti\u00ean ti\u1ebfn gi\u00e1m s\u00e1t tr\u1ea1ng th\u00e1i pin v\u00e0 b\u1ea3o v\u1ec7 qua\u00a0<strong data-start=\"2292\" data-end=\"2313\">14 c\u1ea5p \u0111\u1ed9 an to\u00e0n<\/strong>: ch\u1ed1ng qu\u00e1 d\u00f2ng, qu\u00e1 \u00e1p, ng\u1eafn m\u1ea1ch, th\u1ea5p \u00e1p, qu\u00e1 nhi\u1ec7t\u2026 \u0111\u1ea3m b\u1ea3o pin v\u1eadn h\u00e0nh \u1ed5n \u0111\u1ecbnh v\u00e0 b\u1ec1n b\u1ec9.<\/p>\n<p data-start=\"2411\" data-end=\"2697\">\u2705\u00a0<strong data-start=\"2413\" data-end=\"2453\">T\u01b0\u01a1ng th\u00edch v\u1edbi nhi\u1ec1u d\u00f2ng inverter:<\/strong><br data-start=\"2453\" data-end=\"2456\" \/>CFE-WL-15 t\u01b0\u01a1ng th\u00edch v\u1edbi h\u01a1n\u00a0<strong data-start=\"2486\" data-end=\"2523\">45 model inverter hybrid ph\u1ed5 bi\u1ebfn<\/strong>, bao g\u1ed3m:\u00a0<strong>Growatt<\/strong>, Luxpower, Solis, Sofar, Megarevo, Deye, GoodWe, SRNE, SMA, Sol-Ark, Sunsynk, SAJ, Solplanet, Victron\u2026 gi\u00fap h\u1ec7 th\u1ed1ng d\u1ec5 d\u00e0ng t\u00edch h\u1ee3p v\u00e0 v\u1eadn h\u00e0nh tr\u01a1n tru.<\/p>\n<p data-start=\"2699\" data-end=\"2823\">\u2705\u00a0<strong data-start=\"2701\" data-end=\"2742\">Hi\u1ec3n th\u1ecb tr\u1ef1c quan, v\u1eadn h\u00e0nh d\u1ec5 d\u00e0ng:<\/strong><br data-start=\"2742\" data-end=\"2745\" \/>M\u00e0n h\u00ecnh LED hi\u1ec3n th\u1ecb tr\u1ea1ng th\u00e1i pin (SOC) tr\u1ef1c quan, d\u1ec5 theo d\u00f5i v\u00e0 v\u1eadn h\u00e0nh.<\/p>\n<h2 data-start=\"2830\" data-end=\"2874\">L\u1ef1a ch\u1ecdn ho\u00e0n h\u1ea3o cho c\u00f4ng tr\u00ecnh d\u00e2n d\u1ee5ng<\/h2>\n<p data-start=\"2876\" data-end=\"3121\"><strong data-start=\"2876\" data-end=\"2905\">Pin lithium-ion CFE-WL-15<\/strong>\u00a0l\u00e0 gi\u1ea3i ph\u00e1p l\u01b0u tr\u1eef l\u00fd t\u01b0\u1edfng cho c\u00e1c d\u1ef1 \u00e1n \u0111i\u1ec7n m\u1eb7t tr\u1eddi h\u1ed9 gia \u0111\u00ecnh, h\u1ec7 th\u1ed1ng t\u1ef1 cung t\u1ef1 c\u1ea5p, gi\u00fap t\u1eadn d\u1ee5ng t\u1ed1i \u0111a ngu\u1ed3n n\u0103ng l\u01b0\u1ee3ng t\u00e1i t\u1ea1o, ti\u1ebft ki\u1ec7m chi ph\u00ed \u0111i\u1ec7n v\u00e0 \u0111\u1ea3m b\u1ea3o ngu\u1ed3n \u0111i\u1ec7n \u1ed5n \u0111\u1ecbnh k\u1ec3 c\u1ea3 khi m\u1ea5t l\u01b0\u1edbi.<\/p>\n<\/div>\n<div dir=\"auto\"><span class=\"x3nfvp2 x1j61x8r x1fcty0u xdj266r xhhsvwb xat24cr xgzva0m xxymvpz xlup9mm x1kky2od\"><img loading=\"lazy\" decoding=\"async\" class=\"xz74otr lazy-load-active\" src=\"https:\/\/static.xx.fbcdn.net\/images\/emoji.php\/v9\/t94\/1\/16\/1f947.png\" alt=\"\ud83e\udd47\" width=\"16\" height=\"16\" data-src=\"https:\/\/static.xx.fbcdn.net\/images\/emoji.php\/v9\/t94\/1\/16\/1f947.png\" \/><\/span>\u00a0<a href=\"https:\/\/tpenergy.com.vn\/\">Thu\u1eadn Phong<\/a>\u00a0cam k\u1ebft ch\u1ea5t l\u01b0\u1ee3ng s\u1ea3n ph\u1ea9m \u0111\u01b0\u1ee3c ki\u1ec3m duy\u1ec7t nghi\u00eam ng\u1eb7t, b\u1ea3o h\u00e0nh nhanh ch\u00f3ng, tr\u1ef1c ti\u1ebfp kh\u00f4ng qua x\u1eed l\u00fd trung gian, th\u1eddi gian b\u1ea3o h\u00e0nh l\u00ean \u0111\u1ebfn 5 n\u0103m c\u00f9ng nhi\u1ec1u ch\u00ednh s\u00e1ch h\u1eadu m\u00e3i c\u1ef1c k\u00ec h\u1ea5p d\u1eabn. Li\u00ean h\u1ec7 ch\u00fang t\u00f4i \u0111\u1ec3 \u0111\u01b0\u1ee3c t\u01b0 v\u1ea5n s\u1edbm nh\u1ea5t nh\u00e9!<\/div>\n<div dir=\"auto\">\n<div dir=\"auto\">\u2014\u2014\u2014\u2014\u2014\u2014\u2014\u2014\u2014\u2014\u2014\u2013<\/div>\n<div dir=\"auto\"><a href=\"https:\/\/www.facebook.com\/DienMatTroi.SolarQuangBinh\">CH\u1eccN THU\u1eacN PHONG \u2013 CH\u1eccN S\u1ef0 AN T\u00c2M<\/a><br \/>\nHotline: 0869.564.567<br \/>\nKinh doanh: 0867.577.357<br \/>\nK\u1ef9 thu\u1eadt: 0899.768.777<br \/>\nService: 0867.118.636<br \/>\nTr\u1ee5 s\u1edf ch\u00ednh: 30 Nguy\u1ec5n H\u1eefu D\u1eadt, ph\u01b0\u1eddng \u0110\u1ed3ng H\u1edbi, t\u1ec9nh Qu\u1ea3ng Tr\u1ecb, Vi\u1ec7t Nam<br \/>\nTr\u1ee5 s\u1edf H\u00e0 N\u1ed9i: Nh\u00e0 ph\u1ed1 th\u01b0\u01a1ng m\u1ea1i Khai S\u01a1n Town s\u1ed1 18 thu\u1ed9c Town 7, khu \u0111\u00f4 th\u1ecb Khai S\u01a1n City, ph\u01b0\u1eddng B\u1ed3 \u0110\u1ec1, Th\u00e0nh ph\u1ed1 H\u00e0 N\u1ed9i<br \/>\nWebsite:\u00a0<a href=\"https:\/\/tpenergy.com.vn\/\">https:\/\/tpenergy.com.vn\/<\/a><br \/>\nShopee:\u00a0<a href=\"https:\/\/shopee.vn\/thuanphongenergy?entryPoint=ShopBySearch&amp;searchKeyword=thu%E1%BA%ADn%20phong%20solar%20energy\">https:\/\/byvn.net\/E1oJ<\/a><br \/>\nLazada:\u00a0<a href=\"https:\/\/byvn.net\/VYPr\">https:\/\/byvn.net\/VYPr<\/a><\/div>\n<\/div>\n<div dir=\"auto\"><\/div>\n<\/div>\n","protected":false},"excerpt":{"rendered":"<p>\ud83c\udf1f Model: CFE-WL-15<\/p>\n<p>\ud83c\udf1f \u0110i\u1ec7n \u00e1p danh \u0111\u1ecbnh: 51.2V<\/p>\n<p>\ud83c\udf1f Dung l\u01b0\u1ee3ng danh \u0111\u1ecbnh: 15.36kWh (dung l\u01b0\u1ee3ng kh\u1ea3 d\u1ee5ng: 13.82kWh)<\/p>\n<p>\ud83c\udf1f C\u00f4ng su\u1ea5t x\u1ea3 t\u1ed1i \u0111a: 10kW<\/p>\n<p>\ud83c\udf1f K\u00edch th\u01b0\u1edbc: 564 \u00d7 157 \u00d7 974 mm<\/p>\n<p>\ud83c\udf1f B\u1ea3o h\u00e0nh: 10 n\u0103m &#8211;\u00a0<a href=\"https:\/\/tpenergy.com.vn\/wp-content\/uploads\/2025\/08\/CFE_WL_Chinh-sach-bao-hanh.pdf\">Chinh sach bao hanh<\/a><\/p>\n<p>Thu\u1eadn Phong Energy l\u00e0 \u0111\u01a1n v\u1ecb ph\u00e2n ph\u1ed1i v\u00e0 trung t\u00e2m b\u1ea3o h\u00e0nh ch\u00ednh h\u00e3ng c\u1ee7a pin l\u01b0u tr\u1eef CFE<\/p>\n<p>Li\u00ean h\u1ec7 ngay v\u1edbi s\u1ed1 0869 564 567 \u0111\u1ec3 \u0111\u01b0\u1ee3c t\u01b0 v\u1ea5n, b\u1ea3o h\u00e0nh mi\u1ec5n ph\u00ed!<\/p>\n<p>&nbsp;<\/p>\n","protected":false},"featured_media":6104,"comment_status":"open","ping_status":"closed","template":"","meta":{"_eb_attr":""},"product_cat":[936],"product_tag":[336,937,452,446,938,939],"class_list":{"0":"post-6097","1":"product","2":"type-product","3":"status-publish","4":"has-post-thumbnail","6":"product_cat-pin-lithium-cfe","7":"product_tag-bien-tan-deye-chinh-hang","8":"product_tag-cfe","9":"product_tag-lithium","10":"product_tag-pin-luu-tru","11":"product_tag-pin-luu-tru-cfe","12":"product_tag-pin-luu-tru-lithium-ion-cfe-wl-15","13":"pa_gia-khong-lap-dat","14":"pa_gia-lap-dat","16":"first","17":"instock","18":"shipping-taxable","19":"purchasable","20":"product-type-variable"},"yoast_head":"<!-- This site is optimized with the Yoast SEO plugin v20.9 - https:\/\/yoast.com\/wordpress\/plugins\/seo\/ -->\r\n<title>Pin l\u01b0u tr\u1eef Lithium-ion CFE-WL-15 | Thu\u1eadn Phong Energy<\/title>\r\n<meta name=\"description\" content=\"Pin l\u01b0u tr\u1eef Lithium-ion CFE-WL-15 \u2013 gi\u1ea3i ph\u00e1p l\u01b0u tr\u1eef \u0111i\u1ec7n an to\u00e0n, b\u1ec1n b\u1ec9 v\u00e0 hi\u1ec7u su\u1ea5t cao. L\u00fd t\u01b0\u1edfng cho h\u1ec7 th\u1ed1ng MLMT gia \u0111\u00ecnh v\u00e0 doanh nghi\u1ec7p.\" \/>\r\n<meta name=\"robots\" content=\"index, follow, max-snippet:-1, max-image-preview:large, max-video-preview:-1\" \/>\r\n<link rel=\"canonical\" href=\"https:\/\/tpenergy.com.vn\/?product=pin-luu-tru-lithium-ion-cfe-wl-15\" \/>\r\n<meta property=\"og:locale\" content=\"vi_VN\" \/>\r\n<meta property=\"og:type\" content=\"article\" \/>\r\n<meta property=\"og:title\" content=\"Pin l\u01b0u tr\u1eef Lithium-ion CFE-WL-15 | Thu\u1eadn Phong Energy\" \/>\r\n<meta property=\"og:description\" content=\"Pin l\u01b0u tr\u1eef Lithium-ion CFE-WL-15 \u2013 gi\u1ea3i ph\u00e1p l\u01b0u tr\u1eef \u0111i\u1ec7n an to\u00e0n, b\u1ec1n b\u1ec9 v\u00e0 hi\u1ec7u su\u1ea5t cao. L\u00fd t\u01b0\u1edfng cho h\u1ec7 th\u1ed1ng MLMT gia \u0111\u00ecnh v\u00e0 doanh nghi\u1ec7p.\" \/>\r\n<meta property=\"og:url\" content=\"https:\/\/tpenergy.com.vn\/?product=pin-luu-tru-lithium-ion-cfe-wl-15\" \/>\r\n<meta property=\"og:site_name\" content=\"Thuan Phong Solar Energy\" \/>\r\n<meta property=\"article:modified_time\" content=\"2026-01-07T08:16:08+00:00\" \/>\r\n<meta property=\"og:image\" content=\"https:\/\/tpenergy.com.vn\/wp-content\/uploads\/2025\/08\/xoa-phong.png\" \/>\r\n\t<meta property=\"og:image:width\" content=\"500\" \/>\r\n\t<meta property=\"og:image:height\" content=\"500\" \/>\r\n\t<meta property=\"og:image:type\" content=\"image\/png\" \/>\r\n<meta name=\"twitter:card\" content=\"summary_large_image\" \/>\r\n<meta name=\"twitter:label1\" content=\"\u01af\u1edbc t\u00ednh th\u1eddi gian \u0111\u1ecdc\" \/>\n\t<meta name=\"twitter:data1\" content=\"5 ph\u00fat\" \/>\r\n<script type=\"application\/ld+json\" class=\"yoast-schema-graph\">{\"@context\":\"https:\/\/schema.org\",\"@graph\":[{\"@type\":\"WebPage\",\"@id\":\"https:\/\/tpenergy.com.vn\/?product=pin-luu-tru-lithium-ion-cfe-wl-15\",\"url\":\"https:\/\/tpenergy.com.vn\/?product=pin-luu-tru-lithium-ion-cfe-wl-15\",\"name\":\"Pin l\u01b0u tr\u1eef Lithium-ion CFE-WL-15 | Thu\u1eadn Phong Energy\",\"isPartOf\":{\"@id\":\"https:\/\/tpenergy.com.vn\/#website\"},\"datePublished\":\"2025-08-29T08:10:51+00:00\",\"dateModified\":\"2026-01-07T08:16:08+00:00\",\"description\":\"Pin l\u01b0u tr\u1eef Lithium-ion CFE-WL-15 \u2013 gi\u1ea3i ph\u00e1p l\u01b0u tr\u1eef \u0111i\u1ec7n an to\u00e0n, b\u1ec1n b\u1ec9 v\u00e0 hi\u1ec7u su\u1ea5t cao. L\u00fd t\u01b0\u1edfng cho h\u1ec7 th\u1ed1ng MLMT gia \u0111\u00ecnh v\u00e0 doanh nghi\u1ec7p.\",\"breadcrumb\":{\"@id\":\"https:\/\/tpenergy.com.vn\/?product=pin-luu-tru-lithium-ion-cfe-wl-15#breadcrumb\"},\"inLanguage\":\"vi\",\"potentialAction\":[{\"@type\":\"ReadAction\",\"target\":[\"https:\/\/tpenergy.com.vn\/?product=pin-luu-tru-lithium-ion-cfe-wl-15\"]}]},{\"@type\":\"BreadcrumbList\",\"@id\":\"https:\/\/tpenergy.com.vn\/?product=pin-luu-tru-lithium-ion-cfe-wl-15#breadcrumb\",\"itemListElement\":[{\"@type\":\"ListItem\",\"position\":1,\"name\":\"Trang ch\u1ee7\",\"item\":\"https:\/\/tpenergy.com.vn\/\"},{\"@type\":\"ListItem\",\"position\":2,\"name\":\"Shop\",\"item\":\"https:\/\/tpenergy.com.vn\/?page_id=5\"},{\"@type\":\"ListItem\",\"position\":3,\"name\":\"PIN L\u01afU TR\u1eee\",\"item\":\"https:\/\/tpenergy.com.vn\/?product_cat=pinluutru\"},{\"@type\":\"ListItem\",\"position\":4,\"name\":\"PIN LITHIUM CFE\",\"item\":\"https:\/\/tpenergy.com.vn\/?product_cat=pin-lithium-cfe\"},{\"@type\":\"ListItem\",\"position\":5,\"name\":\"Pin l\u01b0u tr\u1eef Lithium-ion CFE-WL-15\"}]},{\"@type\":\"WebSite\",\"@id\":\"https:\/\/tpenergy.com.vn\/#website\",\"url\":\"https:\/\/tpenergy.com.vn\/\",\"name\":\"Thuan Phong Solar Energy\",\"description\":\"\",\"potentialAction\":[{\"@type\":\"SearchAction\",\"target\":{\"@type\":\"EntryPoint\",\"urlTemplate\":\"https:\/\/tpenergy.com.vn\/?s={search_term_string}\"},\"query-input\":\"required name=search_term_string\"}],\"inLanguage\":\"vi\"}]}<\/script>\r\n<!-- \/ Yoast SEO plugin. -->","yoast_head_json":{"title":"Pin l\u01b0u tr\u1eef Lithium-ion CFE-WL-15 | Thu\u1eadn Phong Energy","description":"Pin l\u01b0u tr\u1eef Lithium-ion CFE-WL-15 \u2013 gi\u1ea3i ph\u00e1p l\u01b0u tr\u1eef \u0111i\u1ec7n an to\u00e0n, b\u1ec1n b\u1ec9 v\u00e0 hi\u1ec7u su\u1ea5t cao. L\u00fd t\u01b0\u1edfng cho h\u1ec7 th\u1ed1ng MLMT gia \u0111\u00ecnh v\u00e0 doanh nghi\u1ec7p.","robots":{"index":"index","follow":"follow","max-snippet":"max-snippet:-1","max-image-preview":"max-image-preview:large","max-video-preview":"max-video-preview:-1"},"canonical":"https:\/\/tpenergy.com.vn\/?product=pin-luu-tru-lithium-ion-cfe-wl-15","og_locale":"vi_VN","og_type":"article","og_title":"Pin l\u01b0u tr\u1eef Lithium-ion CFE-WL-15 | Thu\u1eadn Phong Energy","og_description":"Pin l\u01b0u tr\u1eef Lithium-ion CFE-WL-15 \u2013 gi\u1ea3i ph\u00e1p l\u01b0u tr\u1eef \u0111i\u1ec7n an to\u00e0n, b\u1ec1n b\u1ec9 v\u00e0 hi\u1ec7u su\u1ea5t cao. L\u00fd t\u01b0\u1edfng cho h\u1ec7 th\u1ed1ng MLMT gia \u0111\u00ecnh v\u00e0 doanh nghi\u1ec7p.","og_url":"https:\/\/tpenergy.com.vn\/?product=pin-luu-tru-lithium-ion-cfe-wl-15","og_site_name":"Thuan Phong Solar Energy","article_modified_time":"2026-01-07T08:16:08+00:00","og_image":[{"width":500,"height":500,"url":"https:\/\/tpenergy.com.vn\/wp-content\/uploads\/2025\/08\/xoa-phong.png","type":"image\/png"}],"twitter_card":"summary_large_image","twitter_misc":{"\u01af\u1edbc t\u00ednh th\u1eddi gian \u0111\u1ecdc":"5 ph\u00fat"},"schema":{"@context":"https:\/\/schema.org","@graph":[{"@type":"WebPage","@id":"https:\/\/tpenergy.com.vn\/?product=pin-luu-tru-lithium-ion-cfe-wl-15","url":"https:\/\/tpenergy.com.vn\/?product=pin-luu-tru-lithium-ion-cfe-wl-15","name":"Pin l\u01b0u tr\u1eef Lithium-ion CFE-WL-15 | Thu\u1eadn Phong Energy","isPartOf":{"@id":"https:\/\/tpenergy.com.vn\/#website"},"datePublished":"2025-08-29T08:10:51+00:00","dateModified":"2026-01-07T08:16:08+00:00","description":"Pin l\u01b0u tr\u1eef Lithium-ion CFE-WL-15 \u2013 gi\u1ea3i ph\u00e1p l\u01b0u tr\u1eef \u0111i\u1ec7n an to\u00e0n, b\u1ec1n b\u1ec9 v\u00e0 hi\u1ec7u su\u1ea5t cao. L\u00fd t\u01b0\u1edfng cho h\u1ec7 th\u1ed1ng MLMT gia \u0111\u00ecnh v\u00e0 doanh nghi\u1ec7p.","breadcrumb":{"@id":"https:\/\/tpenergy.com.vn\/?product=pin-luu-tru-lithium-ion-cfe-wl-15#breadcrumb"},"inLanguage":"vi","potentialAction":[{"@type":"ReadAction","target":["https:\/\/tpenergy.com.vn\/?product=pin-luu-tru-lithium-ion-cfe-wl-15"]}]},{"@type":"BreadcrumbList","@id":"https:\/\/tpenergy.com.vn\/?product=pin-luu-tru-lithium-ion-cfe-wl-15#breadcrumb","itemListElement":[{"@type":"ListItem","position":1,"name":"Trang ch\u1ee7","item":"https:\/\/tpenergy.com.vn\/"},{"@type":"ListItem","position":2,"name":"Shop","item":"https:\/\/tpenergy.com.vn\/?page_id=5"},{"@type":"ListItem","position":3,"name":"PIN L\u01afU TR\u1eee","item":"https:\/\/tpenergy.com.vn\/?product_cat=pinluutru"},{"@type":"ListItem","position":4,"name":"PIN LITHIUM CFE","item":"https:\/\/tpenergy.com.vn\/?product_cat=pin-lithium-cfe"},{"@type":"ListItem","position":5,"name":"Pin l\u01b0u tr\u1eef Lithium-ion CFE-WL-15"}]},{"@type":"WebSite","@id":"https:\/\/tpenergy.com.vn\/#website","url":"https:\/\/tpenergy.com.vn\/","name":"Thuan Phong Solar Energy","description":"","potentialAction":[{"@type":"SearchAction","target":{"@type":"EntryPoint","urlTemplate":"https:\/\/tpenergy.com.vn\/?s={search_term_string}"},"query-input":"required name=search_term_string"}],"inLanguage":"vi"}]}},"_links":{"self":[{"href":"https:\/\/tpenergy.com.vn\/index.php?rest_route=\/wp\/v2\/product\/6097"}],"collection":[{"href":"https:\/\/tpenergy.com.vn\/index.php?rest_route=\/wp\/v2\/product"}],"about":[{"href":"https:\/\/tpenergy.com.vn\/index.php?rest_route=\/wp\/v2\/types\/product"}],"replies":[{"embeddable":true,"href":"https:\/\/tpenergy.com.vn\/index.php?rest_route=%2Fwp%2Fv2%2Fcomments&post=6097"}],"wp:featuredmedia":[{"embeddable":true,"href":"https:\/\/tpenergy.com.vn\/index.php?rest_route=\/wp\/v2\/media\/6104"}],"wp:attachment":[{"href":"https:\/\/tpenergy.com.vn\/index.php?rest_route=%2Fwp%2Fv2%2Fmedia&parent=6097"}],"wp:term":[{"taxonomy":"product_cat","embeddable":true,"href":"https:\/\/tpenergy.com.vn\/index.php?rest_route=%2Fwp%2Fv2%2Fproduct_cat&post=6097"},{"taxonomy":"product_tag","embeddable":true,"href":"https:\/\/tpenergy.com.vn\/index.php?rest_route=%2Fwp%2Fv2%2Fproduct_tag&post=6097"}],"curies":[{"name":"wp","href":"https:\/\/api.w.org\/{rel}","templated":true}]}}