{"id":5882,"date":"2025-07-08T14:41:01","date_gmt":"2025-07-08T07:41:01","guid":{"rendered":"https:\/\/tpenergy.com.vn\/?post_type=product&#038;p=5882"},"modified":"2025-11-12T13:50:14","modified_gmt":"2025-11-12T06:50:14","slug":"inverter-deye-hoa-luoi-50kw-3-pha-sun-50k-g04","status":"publish","type":"product","link":"https:\/\/tpenergy.com.vn\/?product=inverter-deye-hoa-luoi-50kw-3-pha-sun-50k-g04","title":{"rendered":"Inverter Deye ho\u00e0 l\u01b0\u1edbi 50kW 3 pha | SUN-50K-G04"},"content":{"rendered":"<p><strong>Gi\u1edbi thi\u1ec7u v\u1ec1 <a href=\"https:\/\/tpenergy.com.vn\/index.php\/danh-muc-sp\/bien-tan\/deye\/\">Inverter DEYE<\/a> ho\u00e0 l\u01b0\u1edbi\u00a0 50kW 3 pha | SUN-50K-G04<\/strong><\/p>\n<p><strong>Inverter Deye ho\u00e0 l\u01b0\u1edbi 50kW 3 pha | SUN-50K-G04<\/strong>\u00a0\u0111\u01b0\u1ee3c thi\u1ebft k\u1ebf th\u00edch h\u1ee3p cho nhi\u1ec1u \u1ee9ng d\u1ee5ng kh\u00e1c nhau, t\u1eeb h\u1ec7 th\u1ed1ng \u0111i\u1ec7n m\u1eb7t tr\u1eddi m\u00e1i nh\u00e0 d\u00e2n d\u1ee5ng \u0111\u1ebfn c\u00e1c d\u1ef1 \u00e1n n\u0103ng l\u01b0\u1ee3ng m\u1eb7t tr\u1eddi quy m\u00f4 l\u1edbn t\u1ea1i c\u00e1c khu c\u00f4ng nghi\u1ec7p, nh\u00e0 m\u00e1y, v\u00e0 c\u01a1 s\u1edf th\u01b0\u01a1ng m\u1ea1i.<\/p>\n<p><strong>C\u00f3 c\u00e1c \u01b0u \u0111i\u1ec3m v\u01b0\u1ee3t tr\u1ed9i\u00a0nh\u01b0:<\/strong><\/p>\n<ul>\n<li>L\u00e0 th\u01b0\u01a1ng hi\u1ec7u Inverter h\u00e0ng \u0111\u1ea7u th\u1ebf gi\u1edbi, s\u1ea3n ph\u1ea9m n\u1ed5i b\u1eadt nh\u01b0 Inverter Hybrid Deye, Pin Deye.<\/li>\n<li>T\u00f9y ch\u1ec9nh \u0111\u01b0\u1ee3c t\u00ednh n\u0103ng b\u00e1m t\u1ea3i: B\u00e1m theo pha nh\u1ecf nh\u1ea5t ho\u1eb7c b\u00e1m t\u1ea3i trung b\u00ecnh pha.<\/li>\n<li>\u0110\u01b0\u1ee3c s\u1eed d\u1ee5ng ph\u1ed5 bi\u1ebfn t\u1ea1i th\u1ecb tr\u01b0\u1eddng Vi\u1ec7t Nam.<\/li>\n<li>H\u1ed7 tr\u1ee3 k\u1ef9 thu\u1eadt nhanh ch\u00f3ng, support 24\/7.<\/li>\n<li>L\u1eafp \u0111\u1eb7t nhanh ch\u00f3ng, c\u00e0i \u0111\u1eb7t v\u00e0 theo d\u00f5i t\u1eeb xa thu\u1eadn ti\u1ec7n.<\/li>\n<li>Thi\u1ebft k\u1ebf IP65, kh\u00f4ng qu\u1ea1t t\u1ea3n nhi\u1ec7t, ho\u1ea1t \u0111\u1ed9ng \u00eam \u00e1i<\/li>\n<li>Thi\u1ebft k\u1ebf 2\u00a0MPPT &#8211; 8\u00a0String, cho ph\u00e9p max PV 33kw.<\/li>\n<li>B\u1ea3o h\u00e0nh 5 n\u0103m, t\u1eb7ng k\u00e8m wifi theo d\u00f5i.<\/li>\n<\/ul>\n<p><strong>Th\u00f4ng s\u1ed1 k\u1ef9 thu\u1eadt c\u1ee7a<\/strong> <strong>Inverter Deye ho\u00e0 l\u01b0\u1edbi 50kW 3 pha | SUN-50K-G04<\/strong><\/p>\n<p><img loading=\"lazy\" decoding=\"async\" class=\"alignnone size-full wp-image-5883\" src=\"https:\/\/tpenergy.com.vn\/wp-content\/uploads\/2025\/07\/43be2f0c563d4b74e27fd8f58fa941bf55KAIhVumw8axJnp-1.png\" alt=\"\" width=\"1654\" height=\"2244\" srcset=\"https:\/\/tpenergy.com.vn\/wp-content\/uploads\/2025\/07\/43be2f0c563d4b74e27fd8f58fa941bf55KAIhVumw8axJnp-1.png 1654w, https:\/\/tpenergy.com.vn\/wp-content\/uploads\/2025\/07\/43be2f0c563d4b74e27fd8f58fa941bf55KAIhVumw8axJnp-1-768x1042.png 768w, https:\/\/tpenergy.com.vn\/wp-content\/uploads\/2025\/07\/43be2f0c563d4b74e27fd8f58fa941bf55KAIhVumw8axJnp-1-1132x1536.png 1132w, https:\/\/tpenergy.com.vn\/wp-content\/uploads\/2025\/07\/43be2f0c563d4b74e27fd8f58fa941bf55KAIhVumw8axJnp-1-1510x2048.png 1510w, https:\/\/tpenergy.com.vn\/wp-content\/uploads\/2025\/07\/43be2f0c563d4b74e27fd8f58fa941bf55KAIhVumw8axJnp-1-247x335.png 247w, https:\/\/tpenergy.com.vn\/wp-content\/uploads\/2025\/07\/43be2f0c563d4b74e27fd8f58fa941bf55KAIhVumw8axJnp-1-510x692.png 510w\" sizes=\"(max-width: 1654px) 100vw, 1654px\" \/><\/p>\n<h2 dir=\"ltr\"><a href=\"https:\/\/www.facebook.com\/DienMatTroi.SolarQuangBinh\">V\u00ec sao n\u00ean l\u1ef1a ch\u1ecdn bi\u1ebfn t\u1ea7n Deye 30kW t\u1ea1i Thu\u1eadn Phong?<\/a><\/h2>\n<p dir=\"ltr\">Thu\u1eadn Phong<a href=\"https:\/\/solartop.vn\/\"><em>\u00a0<\/em><\/a>t\u1ef1 h\u00e0o l\u00e0 m\u1ed9t trong nh\u1eefng nh\u00e0 ph\u00e2n ph\u1ed1i ch\u00ednh th\u1ee9c c\u1ee7a th\u01b0\u01a1ng hi\u1ec7u Deye t\u1ea1i Vi\u1ec7t Nam. Thu\u1eadn Phong lu\u00f4n mong mu\u1ed1n x\u00e2y d\u1ef1ng m\u1ed9t \u0111\u1ed9i ng\u0169 k\u1ef9 s\u01b0, nh\u00e2n vi\u00ean n\u1ed7 l\u1ef1c h\u1ebft m\u00ecnh, \u0111\u1ec3 mang \u0111\u1ebfn nh\u1eefng s\u1ea3n ph\u1ea9m v\u00e0 d\u1ecbch v\u1ee5 t\u1ed1t nh\u1ea5t t\u1edbi tay ng\u01b0\u1eddi ti\u00eau d\u00f9ng.<\/p>\n<p dir=\"ltr\"><img loading=\"lazy\" decoding=\"async\" class=\"alignnone size-full wp-image-5871\" src=\"https:\/\/tpenergy.com.vn\/wp-content\/uploads\/2024\/10\/\u9ec4\u91d1\u6388\u6743\u8bc1\u4e66-\u6bb7\u6d77\u5eb7-Thuan-Phong-Electromechanical-Trading-Service-Co._LTD-Vietnam_\u8d8a\u5357_-Jy8jdqhF_1_-_1_.png\" alt=\"\" width=\"1654\" height=\"2339\" srcset=\"https:\/\/tpenergy.com.vn\/wp-content\/uploads\/2024\/10\/\u9ec4\u91d1\u6388\u6743\u8bc1\u4e66-\u6bb7\u6d77\u5eb7-Thuan-Phong-Electromechanical-Trading-Service-Co._LTD-Vietnam_\u8d8a\u5357_-Jy8jdqhF_1_-_1_.png 1654w, https:\/\/tpenergy.com.vn\/wp-content\/uploads\/2024\/10\/\u9ec4\u91d1\u6388\u6743\u8bc1\u4e66-\u6bb7\u6d77\u5eb7-Thuan-Phong-Electromechanical-Trading-Service-Co._LTD-Vietnam_\u8d8a\u5357_-Jy8jdqhF_1_-_1_-768x1086.png 768w, https:\/\/tpenergy.com.vn\/wp-content\/uploads\/2024\/10\/\u9ec4\u91d1\u6388\u6743\u8bc1\u4e66-\u6bb7\u6d77\u5eb7-Thuan-Phong-Electromechanical-Trading-Service-Co._LTD-Vietnam_\u8d8a\u5357_-Jy8jdqhF_1_-_1_-1086x1536.png 1086w, https:\/\/tpenergy.com.vn\/wp-content\/uploads\/2024\/10\/\u9ec4\u91d1\u6388\u6743\u8bc1\u4e66-\u6bb7\u6d77\u5eb7-Thuan-Phong-Electromechanical-Trading-Service-Co._LTD-Vietnam_\u8d8a\u5357_-Jy8jdqhF_1_-_1_-1448x2048.png 1448w, https:\/\/tpenergy.com.vn\/wp-content\/uploads\/2024\/10\/\u9ec4\u91d1\u6388\u6743\u8bc1\u4e66-\u6bb7\u6d77\u5eb7-Thuan-Phong-Electromechanical-Trading-Service-Co._LTD-Vietnam_\u8d8a\u5357_-Jy8jdqhF_1_-_1_-247x349.png 247w, https:\/\/tpenergy.com.vn\/wp-content\/uploads\/2024\/10\/\u9ec4\u91d1\u6388\u6743\u8bc1\u4e66-\u6bb7\u6d77\u5eb7-Thuan-Phong-Electromechanical-Trading-Service-Co._LTD-Vietnam_\u8d8a\u5357_-Jy8jdqhF_1_-_1_-510x721.png 510w\" sizes=\"(max-width: 1654px) 100vw, 1654px\" \/><\/p>\n<p dir=\"ltr\"><strong><a href=\"https:\/\/www.facebook.com\/DienMatTroi.SolarQuangBinh\">Thu\u1eadn Phong<\/a> cung c\u1ea5p l\u1eafp \u0111\u1eb7t tr\u1ecdn g\u00f3i h\u1ec7 th\u1ed1ng \u0111i\u1ec7n m\u1eb7t tr\u1eddi g\u1ed3m:<\/strong><\/p>\n<p><strong>\u2013 Thi\u1ebft k\u1ebf, l\u1eadp d\u1ef1 \u00e1n \u0111\u1ea7u t\u01b0<\/strong><br \/>\n<strong>\u2013 Cung c\u1ea5p thi\u1ebft b\u1ecb<\/strong><br \/>\n<strong>\u2013 Thi c\u00f4ng c\u00f4ng tr\u00ecnh<\/strong><br \/>\n<strong>\u2013 B\u1ea3o tr\u00ec, b\u1ea3o d\u01b0\u1ee1ng<\/strong><\/p>\n<p><strong>V\u1edbi s\u1ef1 n\u1ed7 l\u1ef1c, l\u00f2ng nhi\u1ec7t th\u00e0nh c\u1ed1ng hi\u1ebfn c\u1ee7a \u0111\u1ed9i ng\u0169 nh\u00e2n vi\u00ean c\u00f4ng ty, Thu\u1eadn Phong mong mu\u1ed1n \u0111\u01b0a th\u01b0\u01a1ng hi\u1ec7u trong c\u00e1c l\u0129nh v\u1ef1c ph\u00e2n ph\u1ed1i thi\u1ebft b\u1ecb, t\u01b0 v\u1ea5n thi\u1ebft k\u1ebf, l\u1eafp \u0111\u1eb7t v\u00e0 thi c\u00f4ng \u0111i\u1ec7n m\u1eb7t tr\u1eddi t\u1ea1i Vi\u1ec7t Nam, mang l\u1ea1i ni\u1ec1m tin cho nhi\u1ec1u kh\u00e1ch h\u00e0ng v\u00e0 \u0111\u1ed1i t\u00e1c l\u1edbn, truy\u1ec1n t\u1ea3i nh\u1eefng gi\u00e1 tr\u1ecb t\u1ed1t \u0111\u1eb9p v\u1ec1 m\u1ed9t th\u1ebf gi\u1edbi s\u1ea1ch v\u00e0 b\u1ec1n v\u1eefng, \u0111\u1ed3ng th\u1eddi thi\u1ebft l\u1eadp m\u1ed9t h\u1ec7 sinh th\u00e1i an to\u00e0n cho t\u01b0\u01a1ng lai.<\/strong><\/p>\n<p><strong>V\u00ec v\u1eady, n\u1ebfu b\u1ea1n l\u00e0 ch\u1ee7 d\u1ef1 \u00e1n c\u00f3 nhu c\u1ea7u s\u1eed d\u1ee5ng bi\u1ebfn t\u1ea7n Deye h\u00f2a l\u01b0\u1edbi ch\u1ea5t l\u01b0\u1ee3ng, h\u00e3y li\u00ean h\u1ec7 v\u1edbi Thu\u1eadn Phong qua hotline 0869.564.567 \u0111\u1ec3 l\u1ef1a ch\u1ecdn d\u00f2ng bi\u1ebfn t\u1ea7n chi ph\u00ed t\u1ed1t v\u00e0 uy t\u00edn nh\u1ea5t t\u1ea1i th\u1ecb tr\u01b0\u1eddng Vi\u1ec7t Nam hi\u1ec7n nay nh\u00e9.<\/strong><\/p>\n<div class=\"x9f619 x1n2onr6 x1ja2u2z\">\n<div class=\"x78zum5 xdt5ytf x1n2onr6 x1ja2u2z\">\n<div class=\"x78zum5 xdt5ytf x1n2onr6 xat3117 xxzkxad\">\n<div class=\"x78zum5 xdt5ytf x1t2pt76 x1n2onr6 x1ja2u2z x10cihs4\">\n<div class=\"x9f619 x2lah0s x1nhvcw1 x1qjc9v5 xozqiw3 x1q0g3np x78zum5 x1iyjqo2 x1t2pt76 x1n2onr6 x1ja2u2z x1h6rjhl\">\n<div class=\"x9f619 x1n2onr6 x1ja2u2z xdt5ytf x193iq5w xeuugli x1r8uery x1iyjqo2 xs83m0k x78zum5 x1t2pt76\" role=\"main\" aria-label=\"temp heading\">\n<div class=\"x78zum5 xdt5ytf x1iyjqo2 x1t2pt76 xeuugli x1n2onr6 x1ja2u2z\">\n<div class=\"x78zum5 xdt5ytf x1t2pt76\">\n<div class=\"x78zum5 xdt5ytf x1iyjqo2 x1t2pt76 xeuugli\">\n<div class=\"x78zum5 xdt5ytf x1t2pt76 x1n2onr6\" role=\"main\">\n<div class=\"x6s0dn4 x78zum5 xdt5ytf x193iq5w\">\n<div class=\"x9f619 x193iq5w x1talbiv x1sltb1f x3fxtfs x1swvt13 x1pi30zi xw7yly9\">\n<div class=\"x9f619 x1n2onr6 x1ja2u2z x2lah0s x1qjc9v5 x78zum5 x1q0g3np x1a02dak xl56j7k x9otpla x1n0m28w x1wsgfga xp7jhwk\">\n<div class=\"x9f619 x1n2onr6 x1ja2u2z xeuugli xs83m0k x1xmf6yo x1emribx x1e56ztr x1i64zmx xjl7jj x19h7ccj xu9j1y6 x7ep2pv\">\n<div class=\"x1yztbdb x1n2onr6 xh8yej3 x1ja2u2z\">\n<div class=\"x1n2onr6 x1ja2u2z\">\n<div class=\"\">\n<div class=\"\">\n<div class=\"x1a2a7pz\" role=\"article\" aria-describedby=\":r6ar: :r6as: :r6at: :r6av: :r6au:\" aria-labelledby=\":r6aq:\">\n<div class=\"x78zum5 xdt5ytf\">\n<div class=\"x9f619 x1n2onr6 x1ja2u2z\">\n<div class=\"x78zum5 x1n2onr6 xh8yej3\">\n<div class=\"x9f619 x1n2onr6 x1ja2u2z x1jx94hy x1qpq9i9 xdney7k xu5ydu1 xt3gfkd xh8yej3 x6ikm8r x10wlt62 xquyuld\">\n<div class=\"html-div xe8uvvx xdj266r x11i5rnm xat24cr x1mh8g0r xexx8yu x4uap5 x18d9i69 xkhd6sd\">\n<div class=\"\" dir=\"auto\">\n<div id=\":r6as:\" class=\"x1iorvi4 x1pi30zi x1l90r2v x1swvt13\" data-ad-comet-preview=\"message\" data-ad-preview=\"message\">\n<div class=\"x78zum5 xdt5ytf xz62fqu x16ldp7u\">\n<div class=\"xu06os2 x1ok221b\">\n<div class=\"x11i5rnm xat24cr x1mh8g0r x1vvkbs xtlvy1s x126k92a\">\n<div dir=\"auto\">\n<div dir=\"auto\">\n<div dir=\"auto\">\u2014\u2014\u2014\u2014\u2014\u2014\u2014\u2014\u2014\u2014\u2014\u2013<\/div>\n<div dir=\"auto\"><a href=\"https:\/\/www.facebook.com\/DienMatTroi.SolarQuangBinh\">CH\u1eccN THU\u1eacN PHONG \u2013 CH\u1eccN S\u1ef0 AN T\u00c2M<\/a><br \/>\nHotline: 0869.564.567<br \/>\nKinh doanh: 0867.577.357<br \/>\nK\u1ef9 thu\u1eadt: 0899.768.777<br \/>\nService: 0867.118.636<br \/>\nTr\u1ee5 s\u1edf ch\u00ednh: 30 Nguy\u1ec5n H\u1eefu D\u1eadt, ph\u01b0\u1eddng \u0110\u1ed3ng H\u1edbi, t\u1ec9nh Qu\u1ea3ng Tr\u1ecb, Vi\u1ec7t Nam<br \/>\nTr\u1ee5 s\u1edf H\u00e0 N\u1ed9i: Nh\u00e0 ph\u1ed1 th\u01b0\u01a1ng m\u1ea1i Khai S\u01a1n Town s\u1ed1 18 thu\u1ed9c Town 7, khu \u0111\u00f4 th\u1ecb Khai S\u01a1n City, ph\u01b0\u1eddng B\u1ed3 \u0110\u1ec1, Th\u00e0nh ph\u1ed1 H\u00e0 N\u1ed9i<br \/>\nWebsite:\u00a0<a href=\"https:\/\/tpenergy.com.vn\/\">https:\/\/tpenergy.com.vn\/<\/a><br \/>\nShopee:\u00a0<a href=\"https:\/\/shopee.vn\/thuanphongenergy?entryPoint=ShopBySearch&amp;searchKeyword=thu%E1%BA%ADn%20phong%20solar%20energy\">https:\/\/byvn.net\/E1oJ<\/a><br \/>\nLazada:\u00a0<a href=\"https:\/\/byvn.net\/VYPr\">https:\/\/byvn.net\/VYPr<\/a><\/div>\n<\/div>\n<\/div>\n<\/div>\n<\/div>\n<\/div>\n<\/div>\n<\/div>\n<\/div>\n<\/div>\n<\/div>\n<\/div>\n<\/div>\n<\/div>\n<\/div>\n<\/div>\n<\/div>\n<\/div>\n<\/div>\n<\/div>\n<\/div>\n<\/div>\n<\/div>\n<\/div>\n<\/div>\n<\/div>\n<\/div>\n<\/div>\n<\/div>\n<\/div>\n<\/div>\n<\/div>\n","protected":false},"excerpt":{"rendered":"<h3>V\u1ec1 s\u1ea3n ph\u1ea9m: Inverter Deye ho\u00e0 l\u01b0\u1edbi 50kW 3 pha<\/h3>\n<ul>\n<li>Model:\u00a0<strong>SUN-50K-G04<\/strong><\/li>\n<li>C\u00f4ng su\u1ea5t: 50kW<\/li>\n<li>Hi\u1ec7u su\u1ea5t ra AC: 50000W<\/li>\n<li>Hi\u1ec7u su\u1ea5t: 98,7%<\/li>\n<li>Ch\u1ed1ng n\u01b0\u1edbc: IP65<\/li>\n<li>Th\u01b0\u01a1ng hi\u1ec7u:\u00a0<strong><a href=\"https:\/\/www.dhcsolar.com\/danh-muc-san-pham\/bien-tan-nang-luong-mat-troi\/deye\/\">DEYE<\/a><\/strong><\/li>\n<li>K\u00edch th\u01b0\u1edbc: 434x570x243(mm)<\/li>\n<li>Kh\u1ed1i l\u01b0\u1ee3ng: 37.1kg<\/li>\n<li>K\u1ebft n\u1ed1i: Wifi, RS485, RS232, LAN<\/li>\n<li>B\u1ea3o h\u00e0nh: 5 n\u0103m<\/li>\n<\/ul>\n<h3><i class=\"fas fa-download\"><\/i>Download<\/h3>\n<ul>\n<li><a href=\"https:\/\/tpenergy.com.vn\/wp-content\/uploads\/2025\/07\/datasheet_sun-40-50k-g04_231121_en.pdf\">Datasheet<\/a><\/li>\n<li><a href=\"https:\/\/tpenergy.com.vn\/wp-content\/uploads\/2025\/07\/instructions_sun-40-50k-g04_241011_en.pdf\">User Manual<\/a><\/li>\n<li><a href=\"https:\/\/tpenergy.com.vn\/wp-content\/uploads\/2025\/07\/Warranty-and-Production-Informaction-1.pdf\">Warranty Condition<\/a><\/li>\n<\/ul>\n","protected":false},"featured_media":6732,"comment_status":"open","ping_status":"closed","template":"","meta":{"_eb_attr":""},"product_cat":[212],"product_tag":[216,336,204,333,370,220,201,881,880,1104],"class_list":{"0":"post-5882","1":"product","2":"type-product","3":"status-publish","4":"has-post-thumbnail","6":"product_cat-ongrid","7":"product_tag-bien-tan-deye","8":"product_tag-bien-tan-deye-chinh-hang","9":"product_tag-bien-tan-deye-hoa-luoi","10":"product_tag-deye","11":"product_tag-dien-mat-troi","12":"product_tag-inverter-deye","13":"product_tag-inverter-deye-hoa-luoi","14":"product_tag-inverter-deye-hoa-luoi-50kw-3-pha","15":"product_tag-sun-50k-g04","16":"product_tag-thuan-phong","17":"pa_gia-khong-lap-dat","18":"pa_gia-lap-dat","20":"first","21":"instock","22":"shipping-taxable","23":"purchasable","24":"product-type-variable"},"yoast_head":"<!-- This site is optimized with the Yoast SEO plugin v20.9 - https:\/\/yoast.com\/wordpress\/plugins\/seo\/ -->\r\n<title>Inverter Deye ho\u00e0 l\u01b0\u1edbi 50kW 3 pha | Thu\u1eadn Phong Energy<\/title>\r\n<meta name=\"description\" content=\"Inverter Deye ho\u00e0 l\u01b0\u1edbi 50kW 3 pha | SUN-50K-G04\u00a0\u0111\u01b0\u1ee3c thi\u1ebft k\u1ebf th\u00edch h\u1ee3p cho nhi\u1ec1u \u1ee9ng d\u1ee5ng kh\u00e1c nhau, t\u1eeb h\u1ec7 th\u1ed1ng \u0111i\u1ec7n m\u1eb7t tr\u1eddi\" \/>\r\n<meta name=\"robots\" content=\"index, follow, max-snippet:-1, max-image-preview:large, max-video-preview:-1\" \/>\r\n<link rel=\"canonical\" href=\"https:\/\/tpenergy.com.vn\/?product=inverter-deye-hoa-luoi-50kw-3-pha-sun-50k-g04\" \/>\r\n<meta property=\"og:locale\" content=\"vi_VN\" \/>\r\n<meta property=\"og:type\" content=\"article\" \/>\r\n<meta property=\"og:title\" content=\"Inverter Deye ho\u00e0 l\u01b0\u1edbi 50kW 3 pha | Thu\u1eadn Phong Energy\" \/>\r\n<meta property=\"og:description\" content=\"Inverter Deye ho\u00e0 l\u01b0\u1edbi 50kW 3 pha | SUN-50K-G04\u00a0\u0111\u01b0\u1ee3c thi\u1ebft k\u1ebf th\u00edch h\u1ee3p cho nhi\u1ec1u \u1ee9ng d\u1ee5ng kh\u00e1c nhau, t\u1eeb h\u1ec7 th\u1ed1ng \u0111i\u1ec7n m\u1eb7t tr\u1eddi\" \/>\r\n<meta property=\"og:url\" content=\"https:\/\/tpenergy.com.vn\/?product=inverter-deye-hoa-luoi-50kw-3-pha-sun-50k-g04\" \/>\r\n<meta property=\"og:site_name\" content=\"Thuan Phong Solar Energy\" \/>\r\n<meta property=\"article:modified_time\" content=\"2025-11-12T06:50:14+00:00\" \/>\r\n<meta property=\"og:image\" content=\"https:\/\/tpenergy.com.vn\/wp-content\/uploads\/2025\/07\/Inverter-Deye-hoa-luoi-50kW-3-pha-G04-1.png\" \/>\r\n\t<meta property=\"og:image:width\" content=\"2000\" \/>\r\n\t<meta property=\"og:image:height\" content=\"2000\" \/>\r\n\t<meta property=\"og:image:type\" content=\"image\/png\" \/>\r\n<meta name=\"twitter:card\" content=\"summary_large_image\" \/>\r\n<meta name=\"twitter:label1\" content=\"\u01af\u1edbc t\u00ednh th\u1eddi gian \u0111\u1ecdc\" \/>\n\t<meta name=\"twitter:data1\" content=\"4 ph\u00fat\" \/>\r\n<script type=\"application\/ld+json\" class=\"yoast-schema-graph\">{\"@context\":\"https:\/\/schema.org\",\"@graph\":[{\"@type\":\"WebPage\",\"@id\":\"https:\/\/tpenergy.com.vn\/?product=inverter-deye-hoa-luoi-50kw-3-pha-sun-50k-g04\",\"url\":\"https:\/\/tpenergy.com.vn\/?product=inverter-deye-hoa-luoi-50kw-3-pha-sun-50k-g04\",\"name\":\"Inverter Deye ho\u00e0 l\u01b0\u1edbi 50kW 3 pha | Thu\u1eadn Phong Energy\",\"isPartOf\":{\"@id\":\"https:\/\/tpenergy.com.vn\/#website\"},\"datePublished\":\"2025-07-08T07:41:01+00:00\",\"dateModified\":\"2025-11-12T06:50:14+00:00\",\"description\":\"Inverter Deye ho\u00e0 l\u01b0\u1edbi 50kW 3 pha | SUN-50K-G04\u00a0\u0111\u01b0\u1ee3c thi\u1ebft k\u1ebf th\u00edch h\u1ee3p cho nhi\u1ec1u \u1ee9ng d\u1ee5ng kh\u00e1c nhau, t\u1eeb h\u1ec7 th\u1ed1ng \u0111i\u1ec7n m\u1eb7t tr\u1eddi\",\"breadcrumb\":{\"@id\":\"https:\/\/tpenergy.com.vn\/?product=inverter-deye-hoa-luoi-50kw-3-pha-sun-50k-g04#breadcrumb\"},\"inLanguage\":\"vi\",\"potentialAction\":[{\"@type\":\"ReadAction\",\"target\":[\"https:\/\/tpenergy.com.vn\/?product=inverter-deye-hoa-luoi-50kw-3-pha-sun-50k-g04\"]}]},{\"@type\":\"BreadcrumbList\",\"@id\":\"https:\/\/tpenergy.com.vn\/?product=inverter-deye-hoa-luoi-50kw-3-pha-sun-50k-g04#breadcrumb\",\"itemListElement\":[{\"@type\":\"ListItem\",\"position\":1,\"name\":\"Trang ch\u1ee7\",\"item\":\"https:\/\/tpenergy.com.vn\/\"},{\"@type\":\"ListItem\",\"position\":2,\"name\":\"Shop\",\"item\":\"https:\/\/tpenergy.com.vn\/?page_id=5\"},{\"@type\":\"ListItem\",\"position\":3,\"name\":\"BI\u1ebeN T\u1ea6N\",\"item\":\"https:\/\/tpenergy.com.vn\/?product_cat=bien-tan\"},{\"@type\":\"ListItem\",\"position\":4,\"name\":\"DEYE\",\"item\":\"https:\/\/tpenergy.com.vn\/?product_cat=deye\"},{\"@type\":\"ListItem\",\"position\":5,\"name\":\"OnGrid\",\"item\":\"https:\/\/tpenergy.com.vn\/?product_cat=ongrid\"},{\"@type\":\"ListItem\",\"position\":6,\"name\":\"Inverter Deye ho\u00e0 l\u01b0\u1edbi 50kW 3 pha | SUN-50K-G04\"}]},{\"@type\":\"WebSite\",\"@id\":\"https:\/\/tpenergy.com.vn\/#website\",\"url\":\"https:\/\/tpenergy.com.vn\/\",\"name\":\"Thuan Phong Solar Energy\",\"description\":\"\",\"potentialAction\":[{\"@type\":\"SearchAction\",\"target\":{\"@type\":\"EntryPoint\",\"urlTemplate\":\"https:\/\/tpenergy.com.vn\/?s={search_term_string}\"},\"query-input\":\"required name=search_term_string\"}],\"inLanguage\":\"vi\"}]}<\/script>\r\n<!-- \/ Yoast SEO plugin. -->","yoast_head_json":{"title":"Inverter Deye ho\u00e0 l\u01b0\u1edbi 50kW 3 pha | Thu\u1eadn Phong Energy","description":"Inverter Deye ho\u00e0 l\u01b0\u1edbi 50kW 3 pha | SUN-50K-G04\u00a0\u0111\u01b0\u1ee3c thi\u1ebft k\u1ebf th\u00edch h\u1ee3p cho nhi\u1ec1u \u1ee9ng d\u1ee5ng kh\u00e1c nhau, t\u1eeb h\u1ec7 th\u1ed1ng \u0111i\u1ec7n m\u1eb7t tr\u1eddi","robots":{"index":"index","follow":"follow","max-snippet":"max-snippet:-1","max-image-preview":"max-image-preview:large","max-video-preview":"max-video-preview:-1"},"canonical":"https:\/\/tpenergy.com.vn\/?product=inverter-deye-hoa-luoi-50kw-3-pha-sun-50k-g04","og_locale":"vi_VN","og_type":"article","og_title":"Inverter Deye ho\u00e0 l\u01b0\u1edbi 50kW 3 pha | Thu\u1eadn Phong Energy","og_description":"Inverter Deye ho\u00e0 l\u01b0\u1edbi 50kW 3 pha | SUN-50K-G04\u00a0\u0111\u01b0\u1ee3c thi\u1ebft k\u1ebf th\u00edch h\u1ee3p cho nhi\u1ec1u \u1ee9ng d\u1ee5ng kh\u00e1c nhau, t\u1eeb h\u1ec7 th\u1ed1ng \u0111i\u1ec7n m\u1eb7t tr\u1eddi","og_url":"https:\/\/tpenergy.com.vn\/?product=inverter-deye-hoa-luoi-50kw-3-pha-sun-50k-g04","og_site_name":"Thuan Phong Solar Energy","article_modified_time":"2025-11-12T06:50:14+00:00","og_image":[{"width":2000,"height":2000,"url":"https:\/\/tpenergy.com.vn\/wp-content\/uploads\/2025\/07\/Inverter-Deye-hoa-luoi-50kW-3-pha-G04-1.png","type":"image\/png"}],"twitter_card":"summary_large_image","twitter_misc":{"\u01af\u1edbc t\u00ednh th\u1eddi gian \u0111\u1ecdc":"4 ph\u00fat"},"schema":{"@context":"https:\/\/schema.org","@graph":[{"@type":"WebPage","@id":"https:\/\/tpenergy.com.vn\/?product=inverter-deye-hoa-luoi-50kw-3-pha-sun-50k-g04","url":"https:\/\/tpenergy.com.vn\/?product=inverter-deye-hoa-luoi-50kw-3-pha-sun-50k-g04","name":"Inverter Deye ho\u00e0 l\u01b0\u1edbi 50kW 3 pha | Thu\u1eadn Phong Energy","isPartOf":{"@id":"https:\/\/tpenergy.com.vn\/#website"},"datePublished":"2025-07-08T07:41:01+00:00","dateModified":"2025-11-12T06:50:14+00:00","description":"Inverter Deye ho\u00e0 l\u01b0\u1edbi 50kW 3 pha | SUN-50K-G04\u00a0\u0111\u01b0\u1ee3c thi\u1ebft k\u1ebf th\u00edch h\u1ee3p cho nhi\u1ec1u \u1ee9ng d\u1ee5ng kh\u00e1c nhau, t\u1eeb h\u1ec7 th\u1ed1ng \u0111i\u1ec7n m\u1eb7t tr\u1eddi","breadcrumb":{"@id":"https:\/\/tpenergy.com.vn\/?product=inverter-deye-hoa-luoi-50kw-3-pha-sun-50k-g04#breadcrumb"},"inLanguage":"vi","potentialAction":[{"@type":"ReadAction","target":["https:\/\/tpenergy.com.vn\/?product=inverter-deye-hoa-luoi-50kw-3-pha-sun-50k-g04"]}]},{"@type":"BreadcrumbList","@id":"https:\/\/tpenergy.com.vn\/?product=inverter-deye-hoa-luoi-50kw-3-pha-sun-50k-g04#breadcrumb","itemListElement":[{"@type":"ListItem","position":1,"name":"Trang ch\u1ee7","item":"https:\/\/tpenergy.com.vn\/"},{"@type":"ListItem","position":2,"name":"Shop","item":"https:\/\/tpenergy.com.vn\/?page_id=5"},{"@type":"ListItem","position":3,"name":"BI\u1ebeN T\u1ea6N","item":"https:\/\/tpenergy.com.vn\/?product_cat=bien-tan"},{"@type":"ListItem","position":4,"name":"DEYE","item":"https:\/\/tpenergy.com.vn\/?product_cat=deye"},{"@type":"ListItem","position":5,"name":"OnGrid","item":"https:\/\/tpenergy.com.vn\/?product_cat=ongrid"},{"@type":"ListItem","position":6,"name":"Inverter Deye ho\u00e0 l\u01b0\u1edbi 50kW 3 pha | SUN-50K-G04"}]},{"@type":"WebSite","@id":"https:\/\/tpenergy.com.vn\/#website","url":"https:\/\/tpenergy.com.vn\/","name":"Thuan Phong Solar Energy","description":"","potentialAction":[{"@type":"SearchAction","target":{"@type":"EntryPoint","urlTemplate":"https:\/\/tpenergy.com.vn\/?s={search_term_string}"},"query-input":"required name=search_term_string"}],"inLanguage":"vi"}]}},"_links":{"self":[{"href":"https:\/\/tpenergy.com.vn\/index.php?rest_route=\/wp\/v2\/product\/5882"}],"collection":[{"href":"https:\/\/tpenergy.com.vn\/index.php?rest_route=\/wp\/v2\/product"}],"about":[{"href":"https:\/\/tpenergy.com.vn\/index.php?rest_route=\/wp\/v2\/types\/product"}],"replies":[{"embeddable":true,"href":"https:\/\/tpenergy.com.vn\/index.php?rest_route=%2Fwp%2Fv2%2Fcomments&post=5882"}],"wp:featuredmedia":[{"embeddable":true,"href":"https:\/\/tpenergy.com.vn\/index.php?rest_route=\/wp\/v2\/media\/6732"}],"wp:attachment":[{"href":"https:\/\/tpenergy.com.vn\/index.php?rest_route=%2Fwp%2Fv2%2Fmedia&parent=5882"}],"wp:term":[{"taxonomy":"product_cat","embeddable":true,"href":"https:\/\/tpenergy.com.vn\/index.php?rest_route=%2Fwp%2Fv2%2Fproduct_cat&post=5882"},{"taxonomy":"product_tag","embeddable":true,"href":"https:\/\/tpenergy.com.vn\/index.php?rest_route=%2Fwp%2Fv2%2Fproduct_tag&post=5882"}],"curies":[{"name":"wp","href":"https:\/\/api.w.org\/{rel}","templated":true}]}}