{"id":5843,"date":"2025-07-04T08:49:16","date_gmt":"2025-07-04T01:49:16","guid":{"rendered":"https:\/\/tpenergy.com.vn\/?post_type=product&#038;p=5843"},"modified":"2025-11-12T10:04:33","modified_gmt":"2025-11-12T03:04:33","slug":"pin-luu-tru-deye-off-grid-se-f5","status":"publish","type":"product","link":"https:\/\/tpenergy.com.vn\/?product=pin-luu-tru-deye-off-grid-se-f5","title":{"rendered":"Pin l\u01b0u tr\u1eef Deye Off-Grid SE-F5"},"content":{"rendered":"<h3 data-start=\"0\" data-end=\"43\">Pin l\u01b0u tr\u1eef n\u0103ng l\u01b0\u1ee3ng <strong data-start=\"27\" data-end=\"41\">Deye\u00a0SE\u2011F5<\/strong><\/h3>\n<p data-start=\"44\" data-end=\"110\"><em data-start=\"44\" data-end=\"110\">Gi\u1ea3i ph\u00e1p d\u1ef1 ph\u00f2ng ngo\u00e0i l\u01b0\u1edbi cho \u1ee9ng d\u1ee5ng d\u00e2n d\u1ee5ng &amp; th\u01b0\u01a1ng m\u1ea1i<\/em><\/p>\n<p data-start=\"112\" data-end=\"402\">Thi\u1ebft k\u1ebf tr\u00ean n\u1ec1n t\u1ea3ng <strong data-start=\"135\" data-end=\"146\">LiFePO\u2084<\/strong> ti\u00ean ti\u1ebfn, Pin l\u01b0u tr\u1eef Deye Off-Grid SE-F5 cung c\u1ea5p kh\u1ea3 n\u0103ng l\u01b0u tr\u1eef b\u1ec1n b\u1ec9, an to\u00e0n v\u00e0 t\u01b0\u01a1ng th\u00edch cao v\u1edbi c\u00e1c h\u1ec7 th\u1ed1ng quang \u0111i\u1ec7n, m\u00e1y ph\u00e1t v\u00e0 t\u1ea3i h\u1ed9 gia \u0111\u00ecnh. C\u1ea5u tr\u00fac module nh\u1ecf g\u1ecdn, cho ph\u00e9p treo t\u01b0\u1eddng ho\u1eb7c x\u1ebfp ch\u1ed3ng, gi\u00fap t\u1ed1i \u01b0u kh\u00f4ng gian v\u00e0 linh ho\u1ea1t khi m\u1edf r\u1ed9ng c\u00f4ng su\u1ea5t.<\/p>\n<p data-start=\"112\" data-end=\"402\"><img loading=\"lazy\" decoding=\"async\" class=\"aligncenter size-full wp-image-6790\" src=\"https:\/\/tpenergy.com.vn\/wp-content\/uploads\/2025\/11\/Deye-SE-F5-F12-F16-hinh-anh-3-scaled.jpg\" alt=\"\" width=\"2560\" height=\"1440\" srcset=\"https:\/\/tpenergy.com.vn\/wp-content\/uploads\/2025\/11\/Deye-SE-F5-F12-F16-hinh-anh-3-scaled.jpg 2560w, https:\/\/tpenergy.com.vn\/wp-content\/uploads\/2025\/11\/Deye-SE-F5-F12-F16-hinh-anh-3-768x432.jpg 768w, https:\/\/tpenergy.com.vn\/wp-content\/uploads\/2025\/11\/Deye-SE-F5-F12-F16-hinh-anh-3-1536x864.jpg 1536w, https:\/\/tpenergy.com.vn\/wp-content\/uploads\/2025\/11\/Deye-SE-F5-F12-F16-hinh-anh-3-2048x1152.jpg 2048w, https:\/\/tpenergy.com.vn\/wp-content\/uploads\/2025\/11\/Deye-SE-F5-F12-F16-hinh-anh-3-247x139.jpg 247w, https:\/\/tpenergy.com.vn\/wp-content\/uploads\/2025\/11\/Deye-SE-F5-F12-F16-hinh-anh-3-510x287.jpg 510w\" sizes=\"(max-width: 2560px) 100vw, 2560px\" \/><\/p>\n<div class=\"_tableContainer_80l1q_1\">\n<div class=\"_tableWrapper_80l1q_14 group flex w-fit flex-col-reverse\">\n<div class=\"sticky end-(--thread-content-margin) h-0 self-end select-none\">\n<div class=\"absolute end-0 flex items-end\"><\/div>\n<\/div>\n<\/div>\n<\/div>\n<h4 data-start=\"1088\" data-end=\"1105\">\u0110i\u1ec3m n\u1ed5i b\u1eadt c\u1ee7a Pin l\u01b0u tr\u1eef Deye Off-Grid SE-F5:<\/h4>\n<ul data-start=\"1107\" data-end=\"2076\">\n<li data-start=\"1107\" data-end=\"1217\">\n<p data-start=\"1109\" data-end=\"1217\"><strong data-start=\"1109\" data-end=\"1131\">C\u00f4ng su\u1ea5t 5,12\u202fkWh<\/strong> \u2013 \u0111\u00e1p \u1ee9ng nhu c\u1ea7u l\u01b0u tr\u1eef thi\u1ebft y\u1ebfu cho h\u1ed9 gia \u0111\u00ecnh v\u00e0 c\u01a1 s\u1edf th\u01b0\u01a1ng m\u1ea1i quy m\u00f4 nh\u1ecf.<\/p>\n<\/li>\n<li data-start=\"1218\" data-end=\"1382\">\n<p data-start=\"1220\" data-end=\"1382\"><strong data-start=\"1220\" data-end=\"1250\">Kh\u1ea3 n\u0103ng m\u1edf r\u1ed9ng v\u01b0\u1ee3t tr\u1ed9i<\/strong> \u2013 song song t\u1ed1i \u0111a <strong data-start=\"1270\" data-end=\"1283\">32\u202fmodule<\/strong>, n\u00e2ng t\u1ed5ng dung l\u01b0\u1ee3ng l\u00ean <strong data-start=\"1310\" data-end=\"1321\">\u2248\u202f8\u202fMWh<\/strong>, ph\u00f9 h\u1ee3p cho c\u00e1c micro\u2011grid ho\u1eb7c v\u1eadn h\u00e0nh d\u1ef1 ph\u00f2ng c\u1ee1 l\u1edbn.<\/p>\n<\/li>\n<li data-start=\"1383\" data-end=\"1490\">\n<p data-start=\"1385\" data-end=\"1490\"><strong data-start=\"1385\" data-end=\"1419\">Hi\u1ec7u su\u1ea5t d\u00f2ng \u0111\u1ec9nh 175\u202fA\/10\u202fs<\/strong> \u2013 \u0111\u1ea3m b\u1ea3o c\u1ea5p \u0111i\u1ec7n \u1ed5n \u0111\u1ecbnh khi t\u1ea3i kh\u1edfi \u0111\u1ed9ng hay \u0111\u1ed9t bi\u1ebfn c\u00f4ng su\u1ea5t.<\/p>\n<\/li>\n<li data-start=\"1491\" data-end=\"1615\">\n<p data-start=\"1493\" data-end=\"1615\"><strong data-start=\"1493\" data-end=\"1514\">K\u1ebft n\u1ed1i linh ho\u1ea1t<\/strong> \u2013 RS\u2011485 &amp;\u202fCAN cho BMS\/EMS, Bluetooth h\u1ed7 tr\u1ee3 gi\u00e1m s\u00e1t v\u00e0 c\u1ea5u h\u00ecnh qua \u1ee9ng d\u1ee5ng <strong data-start=\"1594\" data-end=\"1612\">Deye Smart\u202fESS<\/strong>.<\/p>\n<\/li>\n<li data-start=\"1616\" data-end=\"1745\">\n<p data-start=\"1618\" data-end=\"1745\"><strong data-start=\"1618\" data-end=\"1632\">\u0110\u1ed9 b\u1ec1n cao<\/strong> \u2013 &gt;\u202f6.000\u202fchu k\u1ef3 @\u202f80\u202f%\u202fDoD; nhi\u1ec7t \u0111\u1ed9 l\u00e0m vi\u1ec7c t\u1eeb \u201120\u202f\u00b0C t\u1edbi 55\u202f\u00b0C, th\u00edch h\u1ee3p kh\u00ed h\u1eadu nhi\u1ec7t \u0111\u1edbi &amp; kh\u1eafc nghi\u1ec7t.<\/p>\n<\/li>\n<li data-start=\"1746\" data-end=\"1855\">\n<p data-start=\"1748\" data-end=\"1855\"><strong data-start=\"1748\" data-end=\"1778\">Thi\u1ebft k\u1ebf t\u1ed1i \u01b0u kh\u00f4ng gian<\/strong> \u2013 d\u1ea1ng h\u1ed9p m\u1ecfng, t\u1ea3n nhi\u1ec7t ch\u1ee7 \u0111\u1ed9ng, d\u1ec5 l\u1eafp \u0111\u1eb7t treo t\u01b0\u1eddng ho\u1eb7c x\u1ebfp ch\u1ed3ng.<\/p>\n<\/li>\n<li data-start=\"1856\" data-end=\"1947\">\n<p data-start=\"1858\" data-end=\"1947\"><strong data-start=\"1858\" data-end=\"1880\">\u0110\u00e8n LED tr\u1ea1ng th\u00e1i<\/strong> \u2013 hi\u1ec3n th\u1ecb SoC, ho\u1ea1t \u0111\u1ed9ng v\u00e0 c\u1ea3nh b\u00e1o l\u1ed7i, h\u1ed7 tr\u1ee3 b\u1ea3o tr\u00ec nhanh.<\/p>\n<\/li>\n<li data-start=\"1948\" data-end=\"2076\">\n<p data-start=\"1950\" data-end=\"2076\"><strong data-start=\"1950\" data-end=\"1988\">T\u01b0\u01a1ng th\u00edch ho\u00e0n to\u00e0n v\u1edbi Deye EMS<\/strong> \u2013 tri\u1ec3n khai chi\u1ebfn l\u01b0\u1ee3c s\u1ea1c\/x\u1ea3 th\u00f4ng minh, t\u1ed1i \u01b0u ho\u00e1 t\u1ef1 ti\u00eau th\u1ee5 v\u00e0 gi\u1ea3m chi ph\u00ed \u0111i\u1ec7n.<\/p>\n<\/li>\n<li data-start=\"1948\" data-end=\"2076\"><img loading=\"lazy\" decoding=\"async\" class=\"alignnone size-full wp-image-5853\" src=\"https:\/\/tpenergy.com.vn\/wp-content\/uploads\/2025\/07\/8ea353e9c75f449ddb50f279031b4c43BHWoTESyziXZmGtW-6.png\" alt=\"\" width=\"1654\" height=\"2244\" srcset=\"https:\/\/tpenergy.com.vn\/wp-content\/uploads\/2025\/07\/8ea353e9c75f449ddb50f279031b4c43BHWoTESyziXZmGtW-6.png 1654w, https:\/\/tpenergy.com.vn\/wp-content\/uploads\/2025\/07\/8ea353e9c75f449ddb50f279031b4c43BHWoTESyziXZmGtW-6-768x1042.png 768w, https:\/\/tpenergy.com.vn\/wp-content\/uploads\/2025\/07\/8ea353e9c75f449ddb50f279031b4c43BHWoTESyziXZmGtW-6-1132x1536.png 1132w, https:\/\/tpenergy.com.vn\/wp-content\/uploads\/2025\/07\/8ea353e9c75f449ddb50f279031b4c43BHWoTESyziXZmGtW-6-1510x2048.png 1510w, https:\/\/tpenergy.com.vn\/wp-content\/uploads\/2025\/07\/8ea353e9c75f449ddb50f279031b4c43BHWoTESyziXZmGtW-6-247x335.png 247w, https:\/\/tpenergy.com.vn\/wp-content\/uploads\/2025\/07\/8ea353e9c75f449ddb50f279031b4c43BHWoTESyziXZmGtW-6-510x692.png 510w\" sizes=\"(max-width: 1654px) 100vw, 1654px\" \/><\/li>\n<\/ul>\n<hr data-start=\"2078\" data-end=\"2081\" \/>\n<h3 data-start=\"2083\" data-end=\"2101\">Gi\u00e1 tr\u1ecb \u0111\u1ea7u t\u01b0<\/h3>\n<p data-start=\"2103\" data-end=\"2425\" data-is-last-node=\"\" data-is-only-node=\"\">V\u1edbi <strong data-start=\"2107\" data-end=\"2125\">b\u1ea3o h\u00e0nh 5\u202fn\u0103m<\/strong> (t\u00f9y ch\u1ecdn gia h\u1ea1n <strong data-start=\"2144\" data-end=\"2154\">10\u202fn\u0103m<\/strong>), Pin l\u01b0u tr\u1eef Deye Off-Grid SE-F5 mang l\u1ea1i s\u1ef1 an t\u00e2m v\u00e0 hi\u1ec7u qu\u1ea3 d\u00e0i h\u1ea1n cho ng\u01b0\u1eddi d\u00f9ng t\u00ecm ki\u1ebfm m\u1ed9t gi\u1ea3i ph\u00e1p l\u01b0u tr\u1eef n\u0103ng l\u01b0\u1ee3ng <strong data-start=\"2259\" data-end=\"2309\">\u0111\u00e1ng tin c\u1eady, m\u1edf r\u1ed9ng linh ho\u1ea1t v\u00e0 d\u1ec5 t\u00edch h\u1ee3p<\/strong>. \u0110\u00e2y ch\u00ednh l\u00e0 l\u1ef1a ch\u1ecdn t\u1ed1i \u01b0u \u0111\u1ec3 hi\u1ec7n th\u1ef1c h\u00f3a m\u1ee5c ti\u00eau qu\u1ea3n l\u00fd n\u0103ng l\u01b0\u1ee3ng b\u1ec1n v\u1eefng cho m\u1ecdi h\u1ec7 th\u1ed1ng \u0111i\u1ec7n m\u1eb7t tr\u1eddi.<\/p>\n<p data-start=\"2103\" data-end=\"2425\" data-is-last-node=\"\" data-is-only-node=\"\"><img loading=\"lazy\" decoding=\"async\" class=\"alignnone size-full wp-image-5854\" src=\"https:\/\/tpenergy.com.vn\/wp-content\/uploads\/2025\/07\/SE-F5-01.jpeg\" alt=\"\" width=\"1500\" height=\"889\" srcset=\"https:\/\/tpenergy.com.vn\/wp-content\/uploads\/2025\/07\/SE-F5-01.jpeg 1500w, https:\/\/tpenergy.com.vn\/wp-content\/uploads\/2025\/07\/SE-F5-01-768x455.jpeg 768w, https:\/\/tpenergy.com.vn\/wp-content\/uploads\/2025\/07\/SE-F5-01-247x146.jpeg 247w, https:\/\/tpenergy.com.vn\/wp-content\/uploads\/2025\/07\/SE-F5-01-510x302.jpeg 510w\" sizes=\"(max-width: 1500px) 100vw, 1500px\" \/><\/p>\n<div dir=\"auto\">\n<div dir=\"auto\">\u2014\u2014\u2014\u2014\u2014\u2014\u2014\u2014\u2014\u2014\u2014\u2013<\/div>\n<div dir=\"auto\"><a href=\"https:\/\/www.facebook.com\/DienMatTroi.SolarQuangBinh\">CH\u1eccN THU\u1eacN PHONG \u2013 CH\u1eccN S\u1ef0 AN T\u00c2M<\/a><br \/>\nHotline: 0869.564.567<br \/>\nKinh doanh: 0867.577.357<br \/>\nK\u1ef9 thu\u1eadt: 0899.768.777<br \/>\nService: 0867.118.636<br \/>\nTr\u1ee5 s\u1edf ch\u00ednh: 30 Nguy\u1ec5n H\u1eefu D\u1eadt, ph\u01b0\u1eddng \u0110\u1ed3ng H\u1edbi, t\u1ec9nh Qu\u1ea3ng Tr\u1ecb, Vi\u1ec7t Nam<br \/>\nTr\u1ee5 s\u1edf H\u00e0 N\u1ed9i: Nh\u00e0 ph\u1ed1 th\u01b0\u01a1ng m\u1ea1i Khai S\u01a1n Town s\u1ed1 18 thu\u1ed9c Town 7, khu \u0111\u00f4 th\u1ecb Khai S\u01a1n City, ph\u01b0\u1eddng B\u1ed3 \u0110\u1ec1, Th\u00e0nh ph\u1ed1 H\u00e0 N\u1ed9i<br \/>\nWebsite:\u00a0<a href=\"https:\/\/tpenergy.com.vn\/\">https:\/\/tpenergy.com.vn\/<\/a><br \/>\nShopee:\u00a0<a href=\"https:\/\/shopee.vn\/thuanphongenergy?entryPoint=ShopBySearch&amp;searchKeyword=thu%E1%BA%ADn%20phong%20solar%20energy\">https:\/\/byvn.net\/E1oJ<\/a><br \/>\nLazada:\u00a0<a href=\"https:\/\/byvn.net\/VYPr\">https:\/\/byvn.net\/VYPr<\/a><\/div>\n<\/div>\n<div dir=\"auto\"><\/div>\n","protected":false},"excerpt":{"rendered":"<h1>V\u1ec1 s\u1ea3n ph\u1ea9m:<\/h1>\n<ul>\n<li data-end=\"229\" data-start=\"208\">\n<p data-end=\"229\" data-start=\"210\"><strong data-end=\"220\" data-start=\"210\">Model:<\/strong>\u00a0SE-F5<\/p>\n<\/li>\n<li data-end=\"285\" data-start=\"230\">\n<p data-end=\"285\" data-start=\"232\"><strong data-end=\"250\" data-start=\"232\">Lo\u1ea1i pin:<\/strong>\u00a0Lithium Iron Phosphate (LiFePO\u2084)<\/p>\n<\/li>\n<li data-end=\"322\" data-start=\"286\">\n<p data-end=\"322\" data-start=\"288\"><strong data-end=\"313\" data-start=\"288\">N\u0103ng l\u01b0\u1ee3ng l\u01b0u tr\u1eef:<\/strong>\u00a05.12\u00a0kWh<\/p>\n<\/li>\n<li data-end=\"403\" data-start=\"370\">\n<p data-end=\"403\" data-start=\"372\"><strong data-end=\"394\" data-start=\"372\">\u0110i\u1ec7n \u00e1p danh \u0111\u1ecbnh:<\/strong>\u00a051.2 V<\/p>\n<\/li>\n<li data-end=\"448\" data-start=\"404\">\n<p data-end=\"448\" data-start=\"406\"><strong data-end=\"432\" data-start=\"406\">D\u1ea3i \u0111i\u1ec7n \u00e1p ho\u1ea1t \u0111\u1ed9ng:<\/strong>\u00a044.8 ~ 57.6 V<\/p>\n<\/li>\n<li data-end=\"484\" data-start=\"449\">\n<p data-end=\"484\" data-start=\"451\"><strong data-end=\"475\" data-start=\"451\">Dung l\u01b0\u1ee3ng \u0111\u1ecbnh m\u1ee9c\u00a0(Ah):<\/strong>\u00a0100\u00a0Ah<\/p>\n<\/li>\n<li data-end=\"513\" data-start=\"485\">\n<p data-end=\"513\" data-start=\"487\"><strong>B\u1ea3o h\u00e0nh<\/strong>: 5 n\u0103m<\/p>\n<\/li>\n<\/ul>\n<h3 data-end=\"513\" data-start=\"487\"><i class=\"fas fa-download\"><\/i> Download<\/h3>\n<ul>\n<li data-end=\"513\" data-start=\"487\"><a href=\"https:\/\/tpenergy.com.vn\/wp-content\/uploads\/2025\/07\/Deye-SE-F5-F12-F16.pdf\">Datasheet<\/a><\/li>\n<li data-end=\"513\" data-start=\"487\"><a href=\"https:\/\/tpenergy.com.vn\/wp-content\/uploads\/2025\/07\/25i2gQLhRPspAEzttu2GkZRL8QZIzwUv2Gl4ylEt.pdf\">User Manual<\/a><\/li>\n<\/ul>\n","protected":false},"featured_media":5852,"comment_status":"open","ping_status":"closed","template":"","meta":{"_eb_attr":""},"product_cat":[1107],"product_tag":[874,370,873,872,876,871,870,875,1104],"class_list":{"0":"post-5843","1":"product","2":"type-product","3":"status-publish","4":"has-post-thumbnail","6":"product_cat-ap-thap","7":"product_tag-battery-luu-tru-nang-luong-5kwh","8":"product_tag-dien-mat-troi","9":"product_tag-he-thong-luu-tru-ngoai-luoi","10":"product_tag-pin-lifepo4-deye","11":"product_tag-pin-lithium-cho-dien-mat-troi","12":"product_tag-pin-luu-tru-deye-se-f5","13":"product_tag-pin-luu-tru-nang-luong-mat-troi","14":"product_tag-pin-nang-luong-mat-troi-dan-dung","15":"product_tag-thuan-phong","16":"pa_gia-khong-lap-dat","17":"pa_gia-lap-dat","19":"first","20":"instock","21":"shipping-taxable","22":"purchasable","23":"product-type-variable"},"yoast_head":"<!-- This site is optimized with the Yoast SEO plugin v20.9 - https:\/\/yoast.com\/wordpress\/plugins\/seo\/ -->\r\n<title>Pin l\u01b0u tr\u1eef Deye Off-Grid SE-F5 | Thu\u1eadn Phong Energy<\/title>\r\n<meta name=\"description\" content=\"Thi\u1ebft k\u1ebf tr\u00ean n\u1ec1n t\u1ea3ng LiFePO\u2084 ti\u00ean ti\u1ebfn, Pin l\u01b0u tr\u1eef Deye Off-Grid SE-F5 cung c\u1ea5p kh\u1ea3 n\u0103ng l\u01b0u tr\u1eef b\u1ec1n b\u1ec9, an to\u00e0n v\u00e0 t\u01b0\u01a1ng th\u00edch cao v\u1edbi\" \/>\r\n<meta name=\"robots\" content=\"index, follow, max-snippet:-1, max-image-preview:large, max-video-preview:-1\" \/>\r\n<link rel=\"canonical\" href=\"https:\/\/tpenergy.com.vn\/?product=pin-luu-tru-deye-off-grid-se-f5\" \/>\r\n<meta property=\"og:locale\" content=\"vi_VN\" \/>\r\n<meta property=\"og:type\" content=\"article\" \/>\r\n<meta property=\"og:title\" content=\"Pin l\u01b0u tr\u1eef Deye Off-Grid SE-F5 | Thu\u1eadn Phong Energy\" \/>\r\n<meta property=\"og:description\" content=\"Thi\u1ebft k\u1ebf tr\u00ean n\u1ec1n t\u1ea3ng LiFePO\u2084 ti\u00ean ti\u1ebfn, Pin l\u01b0u tr\u1eef Deye Off-Grid SE-F5 cung c\u1ea5p kh\u1ea3 n\u0103ng l\u01b0u tr\u1eef b\u1ec1n b\u1ec9, an to\u00e0n v\u00e0 t\u01b0\u01a1ng th\u00edch cao v\u1edbi\" \/>\r\n<meta property=\"og:url\" content=\"https:\/\/tpenergy.com.vn\/?product=pin-luu-tru-deye-off-grid-se-f5\" \/>\r\n<meta property=\"og:site_name\" content=\"Thuan Phong Solar Energy\" \/>\r\n<meta property=\"article:modified_time\" content=\"2025-11-12T03:04:33+00:00\" \/>\r\n<meta property=\"og:image\" content=\"https:\/\/tpenergy.com.vn\/wp-content\/uploads\/2025\/07\/SE-F5.jpg\" \/>\r\n\t<meta property=\"og:image:width\" content=\"1000\" \/>\r\n\t<meta property=\"og:image:height\" content=\"1000\" \/>\r\n\t<meta property=\"og:image:type\" content=\"image\/jpeg\" \/>\r\n<meta name=\"twitter:card\" content=\"summary_large_image\" \/>\r\n<meta name=\"twitter:label1\" content=\"\u01af\u1edbc t\u00ednh th\u1eddi gian \u0111\u1ecdc\" \/>\n\t<meta name=\"twitter:data1\" content=\"3 ph\u00fat\" \/>\r\n<script type=\"application\/ld+json\" class=\"yoast-schema-graph\">{\"@context\":\"https:\/\/schema.org\",\"@graph\":[{\"@type\":\"WebPage\",\"@id\":\"https:\/\/tpenergy.com.vn\/?product=pin-luu-tru-deye-off-grid-se-f5\",\"url\":\"https:\/\/tpenergy.com.vn\/?product=pin-luu-tru-deye-off-grid-se-f5\",\"name\":\"Pin l\u01b0u tr\u1eef Deye Off-Grid SE-F5 | Thu\u1eadn Phong Energy\",\"isPartOf\":{\"@id\":\"https:\/\/tpenergy.com.vn\/#website\"},\"datePublished\":\"2025-07-04T01:49:16+00:00\",\"dateModified\":\"2025-11-12T03:04:33+00:00\",\"description\":\"Thi\u1ebft k\u1ebf tr\u00ean n\u1ec1n t\u1ea3ng LiFePO\u2084 ti\u00ean ti\u1ebfn, Pin l\u01b0u tr\u1eef Deye Off-Grid SE-F5 cung c\u1ea5p kh\u1ea3 n\u0103ng l\u01b0u tr\u1eef b\u1ec1n b\u1ec9, an to\u00e0n v\u00e0 t\u01b0\u01a1ng th\u00edch cao v\u1edbi\",\"breadcrumb\":{\"@id\":\"https:\/\/tpenergy.com.vn\/?product=pin-luu-tru-deye-off-grid-se-f5#breadcrumb\"},\"inLanguage\":\"vi\",\"potentialAction\":[{\"@type\":\"ReadAction\",\"target\":[\"https:\/\/tpenergy.com.vn\/?product=pin-luu-tru-deye-off-grid-se-f5\"]}]},{\"@type\":\"BreadcrumbList\",\"@id\":\"https:\/\/tpenergy.com.vn\/?product=pin-luu-tru-deye-off-grid-se-f5#breadcrumb\",\"itemListElement\":[{\"@type\":\"ListItem\",\"position\":1,\"name\":\"Trang ch\u1ee7\",\"item\":\"https:\/\/tpenergy.com.vn\/\"},{\"@type\":\"ListItem\",\"position\":2,\"name\":\"Shop\",\"item\":\"https:\/\/tpenergy.com.vn\/?page_id=5\"},{\"@type\":\"ListItem\",\"position\":3,\"name\":\"PIN L\u01afU TR\u1eee\",\"item\":\"https:\/\/tpenergy.com.vn\/?product_cat=pinluutru\"},{\"@type\":\"ListItem\",\"position\":4,\"name\":\"PIN LITHIUM DEYE\",\"item\":\"https:\/\/tpenergy.com.vn\/?product_cat=pin-lithium-deye\"},{\"@type\":\"ListItem\",\"position\":5,\"name\":\"\u00c1P TH\u1ea4P\",\"item\":\"https:\/\/tpenergy.com.vn\/?product_cat=ap-thap\"},{\"@type\":\"ListItem\",\"position\":6,\"name\":\"Pin l\u01b0u tr\u1eef Deye Off-Grid SE-F5\"}]},{\"@type\":\"WebSite\",\"@id\":\"https:\/\/tpenergy.com.vn\/#website\",\"url\":\"https:\/\/tpenergy.com.vn\/\",\"name\":\"Thuan Phong Solar Energy\",\"description\":\"\",\"potentialAction\":[{\"@type\":\"SearchAction\",\"target\":{\"@type\":\"EntryPoint\",\"urlTemplate\":\"https:\/\/tpenergy.com.vn\/?s={search_term_string}\"},\"query-input\":\"required name=search_term_string\"}],\"inLanguage\":\"vi\"}]}<\/script>\r\n<!-- \/ Yoast SEO plugin. -->","yoast_head_json":{"title":"Pin l\u01b0u tr\u1eef Deye Off-Grid SE-F5 | Thu\u1eadn Phong Energy","description":"Thi\u1ebft k\u1ebf tr\u00ean n\u1ec1n t\u1ea3ng LiFePO\u2084 ti\u00ean ti\u1ebfn, Pin l\u01b0u tr\u1eef Deye Off-Grid SE-F5 cung c\u1ea5p kh\u1ea3 n\u0103ng l\u01b0u tr\u1eef b\u1ec1n b\u1ec9, an to\u00e0n v\u00e0 t\u01b0\u01a1ng th\u00edch cao v\u1edbi","robots":{"index":"index","follow":"follow","max-snippet":"max-snippet:-1","max-image-preview":"max-image-preview:large","max-video-preview":"max-video-preview:-1"},"canonical":"https:\/\/tpenergy.com.vn\/?product=pin-luu-tru-deye-off-grid-se-f5","og_locale":"vi_VN","og_type":"article","og_title":"Pin l\u01b0u tr\u1eef Deye Off-Grid SE-F5 | Thu\u1eadn Phong Energy","og_description":"Thi\u1ebft k\u1ebf tr\u00ean n\u1ec1n t\u1ea3ng LiFePO\u2084 ti\u00ean ti\u1ebfn, Pin l\u01b0u tr\u1eef Deye Off-Grid SE-F5 cung c\u1ea5p kh\u1ea3 n\u0103ng l\u01b0u tr\u1eef b\u1ec1n b\u1ec9, an to\u00e0n v\u00e0 t\u01b0\u01a1ng th\u00edch cao v\u1edbi","og_url":"https:\/\/tpenergy.com.vn\/?product=pin-luu-tru-deye-off-grid-se-f5","og_site_name":"Thuan Phong Solar Energy","article_modified_time":"2025-11-12T03:04:33+00:00","og_image":[{"width":1000,"height":1000,"url":"https:\/\/tpenergy.com.vn\/wp-content\/uploads\/2025\/07\/SE-F5.jpg","type":"image\/jpeg"}],"twitter_card":"summary_large_image","twitter_misc":{"\u01af\u1edbc t\u00ednh th\u1eddi gian \u0111\u1ecdc":"3 ph\u00fat"},"schema":{"@context":"https:\/\/schema.org","@graph":[{"@type":"WebPage","@id":"https:\/\/tpenergy.com.vn\/?product=pin-luu-tru-deye-off-grid-se-f5","url":"https:\/\/tpenergy.com.vn\/?product=pin-luu-tru-deye-off-grid-se-f5","name":"Pin l\u01b0u tr\u1eef Deye Off-Grid SE-F5 | Thu\u1eadn Phong Energy","isPartOf":{"@id":"https:\/\/tpenergy.com.vn\/#website"},"datePublished":"2025-07-04T01:49:16+00:00","dateModified":"2025-11-12T03:04:33+00:00","description":"Thi\u1ebft k\u1ebf tr\u00ean n\u1ec1n t\u1ea3ng LiFePO\u2084 ti\u00ean ti\u1ebfn, Pin l\u01b0u tr\u1eef Deye Off-Grid SE-F5 cung c\u1ea5p kh\u1ea3 n\u0103ng l\u01b0u tr\u1eef b\u1ec1n b\u1ec9, an to\u00e0n v\u00e0 t\u01b0\u01a1ng th\u00edch cao v\u1edbi","breadcrumb":{"@id":"https:\/\/tpenergy.com.vn\/?product=pin-luu-tru-deye-off-grid-se-f5#breadcrumb"},"inLanguage":"vi","potentialAction":[{"@type":"ReadAction","target":["https:\/\/tpenergy.com.vn\/?product=pin-luu-tru-deye-off-grid-se-f5"]}]},{"@type":"BreadcrumbList","@id":"https:\/\/tpenergy.com.vn\/?product=pin-luu-tru-deye-off-grid-se-f5#breadcrumb","itemListElement":[{"@type":"ListItem","position":1,"name":"Trang ch\u1ee7","item":"https:\/\/tpenergy.com.vn\/"},{"@type":"ListItem","position":2,"name":"Shop","item":"https:\/\/tpenergy.com.vn\/?page_id=5"},{"@type":"ListItem","position":3,"name":"PIN L\u01afU TR\u1eee","item":"https:\/\/tpenergy.com.vn\/?product_cat=pinluutru"},{"@type":"ListItem","position":4,"name":"PIN LITHIUM DEYE","item":"https:\/\/tpenergy.com.vn\/?product_cat=pin-lithium-deye"},{"@type":"ListItem","position":5,"name":"\u00c1P TH\u1ea4P","item":"https:\/\/tpenergy.com.vn\/?product_cat=ap-thap"},{"@type":"ListItem","position":6,"name":"Pin l\u01b0u tr\u1eef Deye Off-Grid SE-F5"}]},{"@type":"WebSite","@id":"https:\/\/tpenergy.com.vn\/#website","url":"https:\/\/tpenergy.com.vn\/","name":"Thuan Phong Solar Energy","description":"","potentialAction":[{"@type":"SearchAction","target":{"@type":"EntryPoint","urlTemplate":"https:\/\/tpenergy.com.vn\/?s={search_term_string}"},"query-input":"required name=search_term_string"}],"inLanguage":"vi"}]}},"_links":{"self":[{"href":"https:\/\/tpenergy.com.vn\/index.php?rest_route=\/wp\/v2\/product\/5843"}],"collection":[{"href":"https:\/\/tpenergy.com.vn\/index.php?rest_route=\/wp\/v2\/product"}],"about":[{"href":"https:\/\/tpenergy.com.vn\/index.php?rest_route=\/wp\/v2\/types\/product"}],"replies":[{"embeddable":true,"href":"https:\/\/tpenergy.com.vn\/index.php?rest_route=%2Fwp%2Fv2%2Fcomments&post=5843"}],"wp:featuredmedia":[{"embeddable":true,"href":"https:\/\/tpenergy.com.vn\/index.php?rest_route=\/wp\/v2\/media\/5852"}],"wp:attachment":[{"href":"https:\/\/tpenergy.com.vn\/index.php?rest_route=%2Fwp%2Fv2%2Fmedia&parent=5843"}],"wp:term":[{"taxonomy":"product_cat","embeddable":true,"href":"https:\/\/tpenergy.com.vn\/index.php?rest_route=%2Fwp%2Fv2%2Fproduct_cat&post=5843"},{"taxonomy":"product_tag","embeddable":true,"href":"https:\/\/tpenergy.com.vn\/index.php?rest_route=%2Fwp%2Fv2%2Fproduct_tag&post=5843"}],"curies":[{"name":"wp","href":"https:\/\/api.w.org\/{rel}","templated":true}]}}