{"id":5745,"date":"2025-05-02T14:36:22","date_gmt":"2025-05-02T07:36:22","guid":{"rendered":"https:\/\/tpenergy.com.vn\/?post_type=product&#038;p=5745"},"modified":"2025-11-14T16:31:53","modified_gmt":"2025-11-14T09:31:53","slug":"aptomat-etek-ac-ekm1-63s-2c63","status":"publish","type":"product","link":"https:\/\/tpenergy.com.vn\/?product=aptomat-etek-ac-ekm1-63s-2c63","title":{"rendered":"Aptomat ETEK AC EKM1-63S-2C63"},"content":{"rendered":"<div class=\"flex max-w-full flex-col flex-grow\">\n<div class=\"min-h-8 text-message relative flex w-full flex-col items-end gap-2 whitespace-normal break-words text-start [.text-message+&amp;]:mt-5\" dir=\"auto\" data-message-author-role=\"assistant\" data-message-id=\"b30da147-3cf5-4f77-bfd0-d01854b7514b\" data-message-model-slug=\"gpt-4o\">\n<div class=\"flex w-full flex-col gap-1 empty:hidden first:pt-[3px]\">\n<div class=\"markdown prose w-full break-words dark:prose-invert light\">\n<p class=\"product-title product_title entry-title\"><em>Aptomat ETEK AC EKM1-63S-2C63 \u0111\u01b0\u1ee3c s\u1eed d\u1ee5ng cho d\u00f2ng \u0111i\u1ec7n xoay chi\u1ec1u (AC) 50Hz ho\u1eb7c 60Hz, v\u1edbi \u0111i\u1ec7n \u00e1p \u0111\u1ecbnh m\u1ee9c t\u1ed1i \u0111a 400V v\u00e0 d\u00f2ng \u0111i\u1ec7n ho\u1ea1t \u0111\u1ed9ng l\u00ean \u0111\u1ebfn 63A. Cung c\u1ea5p kh\u1ea3 n\u0103ng b\u1ea3o v\u1ec7 qu\u00e1 t\u1ea3i v\u00e0 hi\u1ec7u qu\u1ea3 m\u1ea1ch ng\u1eafn, aptomat n\u00e0y ph\u00f9 h\u1ee3p cho h\u1ec7 th\u1ed1ng chi\u1ebfu s\u00e1ng, \u0111\u01b0\u1eddng d\u00e2y ph\u00e2n ph\u1ed1i v\u00e0 c\u00e1c thi\u1ebft b\u1ecb \u0111i\u1ec7n trong nh\u00e0 v\u0103n ph\u00f2ng,\u2026.<\/em><\/p>\n<ol>\n<li><strong>D\u1eef li\u1ec7u k\u1ef9 thu\u1eadt:\u00a0<\/strong><\/li>\n<\/ol>\n<table width=\"1214\">\n<tbody>\n<tr>\n<td>Ti\u00eau chu\u1ea9n<\/td>\n<td>Ti\u00eau chu\u1ea9n IEC\/EN60898-1<\/td>\n<\/tr>\n<tr>\n<td>B\u1ea3o v\u1ec7<\/td>\n<td>Qu\u00e1 d\u00f2ng v\u00e0 ng\u1eafn m\u1ea1ch<\/td>\n<\/tr>\n<tr>\n<td>Lo\u1ea1i chuy\u1ebfn \u0111i<\/td>\n<td>Nhi\u1ec7t t\u1eeb<\/td>\n<\/tr>\n<tr>\n<td>D\u00f2ng \u0111i\u1ec7n \u0111\u1ecbnh m\u1ee9c trong<\/td>\n<td>1,2,3,4,5,6,10,16,20,25,32,40,50,63A<\/td>\n<\/tr>\n<tr>\n<td>C\u1ef1c<\/td>\n<td>1P, 1P+N, 2P, 3P, 3P+N, 4P<\/td>\n<\/tr>\n<tr>\n<td>\u0110i\u1ec7n \u00e1p \u0111\u1ecbnh m\u1ee9c Ue<\/td>\n<td>240\/415V~<\/td>\n<\/tr>\n<tr>\n<td>\u0110i\u1ec7n \u00e1p c\u00e1ch \u0111i\u1ec7n Ui<\/td>\n<td>500V<\/td>\n<\/tr>\n<tr>\n<td>T\u1ea7n s\u1ed1 \u0111\u1ecbnh m\u1ee9c<\/td>\n<td>50\/60Hz<\/td>\n<\/tr>\n<tr>\n<td>Kh\u1ea3 n\u0103ng ph\u00e1 v\u1ee1 \u0111\u1ecbnh m\u1ee9c<\/td>\n<td>4.500A<\/td>\n<\/tr>\n<tr>\n<td>\u0110i\u1ec7n \u00e1p ch\u1ecbu xung \u0111\u1ecbnh m\u1ee9c (1.2\/50) Uimp<\/td>\n<td>4.000V<\/td>\n<\/tr>\n<tr>\n<td>\u0110i\u1ec7n \u00e1p th\u1eed nghi\u1ec7m \u0111i\u1ec7n m\u00f4i \u1edf t\u1ea7n s\u1ed1 ind. trong 1 ph\u00fat<\/td>\n<td>2kV<\/td>\n<\/tr>\n<tr>\n<td>\u0110\u1eb7c t\u00ednh gi\u1ea3i ph\u00f3ng nhi\u1ec7t<\/td>\n<td>(1.13-1.45) x Trong<\/td>\n<\/tr>\n<tr>\n<td>\u0110\u1eb7c t\u00ednh gi\u1ea3i ph\u00f3ng t\u1eeb t\u00ednh<\/td>\n<td>B:(3-5) x Trong, C:(5-10) x Trong, D:(10-20) x Trong<\/td>\n<\/tr>\n<tr>\n<td>Cu\u1ed9c s\u1ed1ng \u0111i\u1ec7n<\/td>\n<td>4.000 chu k\u1ef3<\/td>\n<\/tr>\n<tr>\n<td>Cu\u1ed9c s\u1ed1ng c\u01a1 h\u1ecdc<\/td>\n<td>10.000 chu k\u1ef3<\/td>\n<\/tr>\n<tr>\n<td>Ch\u1ec9 b\u00e1o v\u1ecb tr\u00ed ti\u1ebfp x\u00fac<\/td>\n<td>\u0110\u00fang<\/td>\n<\/tr>\n<tr>\n<td>M\u1ee9c \u0111\u1ed9 b\u1ea3o v\u1ec7<\/td>\n<td>IP20<\/td>\n<\/tr>\n<tr>\n<td>Nhi\u1ec7t \u0111\u1ed9 m\u00f4i tr\u01b0\u1eddng (v\u1edbi m\u1ee9c trung b\u00ecnh h\u00e0ng ng\u00e0y\u226435\u2103)<\/td>\n<td>-5\u2103~+40\u2103, \u0110\u1ed9 \u1ea9m t\u1ed1i \u0111a 95%<\/td>\n<\/tr>\n<tr>\n<td>Ki\u1ec3u k\u1ebft n\u1ed1i \u0111\u1ea7u cu\u1ed1i<\/td>\n<td>Thanh c\u00e1i lo\u1ea1i c\u00e1p\/ch\u1ed1t<\/td>\n<\/tr>\n<tr>\n<td>K\u00edch th\u01b0\u1edbc \u0111\u1ea7u cu\u1ed1i t\u1ed1i \u0111a cho c\u00e1p<\/td>\n<td>25mm\u00a0<sup>2<\/sup><\/td>\n<\/tr>\n<tr>\n<td>M\u00f4-men xo\u1eafn si\u1ebft ch\u1eb7t t\u1ed1i \u0111a<\/td>\n<td>2,5Nm<\/td>\n<\/tr>\n<tr>\n<td>C\u00e0i \u0111\u1eb7t<\/td>\n<td>L\u1eafp tr\u00ean thanh ray Din 35mm<\/td>\n<\/tr>\n<tr>\n<td>S\u1ef1 li\u00ean quan<\/td>\n<td>T\u1eeb tr\u00ean xu\u1ed1ng d\u01b0\u1edbi<\/td>\n<\/tr>\n<\/tbody>\n<\/table>\n<\/div>\n<\/div>\n<\/div>\n<\/div>\n<div class=\"mb-2 flex gap-3 -ml-2\">\n<div class=\"flex items-center justify-start rounded-xl p-1\">\n<div class=\"flex items-center transition-opacity group-hover\/turn:opacity-100 opacity-100\">\n<div>\n<p><strong>2. K\u00edch th\u01b0\u1edbc Aptomat ETEK AC EKM1-63S-2C32:<\/strong><\/p>\n<div class=\"box\">\n<p><strong>a) S\u01a1 \u0111\u1ed3 m\u1ea1ch \u0111i\u1ec7n:<\/strong><\/p>\n<p><img loading=\"lazy\" decoding=\"async\" class=\" wp-image-5614 aligncenter\" src=\"https:\/\/tpenergy.com.vn\/wp-content\/uploads\/2025\/03\/Thiet-ke-chua-co-ten-2.png\" alt=\"\" width=\"2022\" height=\"1011\" srcset=\"https:\/\/tpenergy.com.vn\/wp-content\/uploads\/2025\/03\/Thiet-ke-chua-co-ten-2.png 6000w, https:\/\/tpenergy.com.vn\/wp-content\/uploads\/2025\/03\/Thiet-ke-chua-co-ten-2-768x384.png 768w, https:\/\/tpenergy.com.vn\/wp-content\/uploads\/2025\/03\/Thiet-ke-chua-co-ten-2-1536x768.png 1536w, https:\/\/tpenergy.com.vn\/wp-content\/uploads\/2025\/03\/Thiet-ke-chua-co-ten-2-2048x1024.png 2048w, https:\/\/tpenergy.com.vn\/wp-content\/uploads\/2025\/03\/Thiet-ke-chua-co-ten-2-247x124.png 247w, https:\/\/tpenergy.com.vn\/wp-content\/uploads\/2025\/03\/Thiet-ke-chua-co-ten-2-510x255.png 510w\" sizes=\"(max-width: 2022px) 100vw, 2022px\" \/><\/p>\n<p><strong>b) K\u00edch th\u01b0\u1edbc c\u00e0i \u0111\u1eb7t:<\/strong><\/p>\n<p><img loading=\"lazy\" decoding=\"async\" class=\"alignnone size-full wp-image-5615\" src=\"https:\/\/tpenergy.com.vn\/wp-content\/uploads\/2025\/03\/Thiet-ke-chua-co-ten-1-1.png\" alt=\"\" width=\"6000\" height=\"3000\" srcset=\"https:\/\/tpenergy.com.vn\/wp-content\/uploads\/2025\/03\/Thiet-ke-chua-co-ten-1-1.png 6000w, https:\/\/tpenergy.com.vn\/wp-content\/uploads\/2025\/03\/Thiet-ke-chua-co-ten-1-1-768x384.png 768w, https:\/\/tpenergy.com.vn\/wp-content\/uploads\/2025\/03\/Thiet-ke-chua-co-ten-1-1-1536x768.png 1536w, https:\/\/tpenergy.com.vn\/wp-content\/uploads\/2025\/03\/Thiet-ke-chua-co-ten-1-1-2048x1024.png 2048w, https:\/\/tpenergy.com.vn\/wp-content\/uploads\/2025\/03\/Thiet-ke-chua-co-ten-1-1-247x124.png 247w, https:\/\/tpenergy.com.vn\/wp-content\/uploads\/2025\/03\/Thiet-ke-chua-co-ten-1-1-510x255.png 510w\" sizes=\"(max-width: 6000px) 100vw, 6000px\" \/><\/p>\n<\/div>\n<div class=\"box\">\n<p><strong>\u0110\u01a1n v\u1ecb ph\u00e2n ph\u1ed1i\u00a0<a href=\"https:\/\/tpenergy.com.vn\/index.php\/danh-muc-sp\/phu-kien\/thiet-bi-chong-set-lan-truyen\/etek\/\">Aptomat ETEK ch\u00ednh h\u00e3ng<\/a>:<\/strong>C\u00f4ng ty TNHH Th\u01b0\u01a1ng m\u1ea1i D\u1ecbch v\u1ee5 C\u01a1 \u0111i\u1ec7n Thu\u1eadn Phong l\u00e0 \u0111\u1ea1i l\u00fd ph\u00e2n ph\u1ed1i thi\u1ebft b\u1ecb \u0111i\u1ec7n ETEK ch\u00ednh h\u00e3ng t\u1ea1i th\u1ecb tr\u01b0\u1eddng Vi\u1ec7t Nam. M\u1ecdi kh\u00e1ch h\u00e0ng l\u1ef1a ch\u1ecdn tin t\u01b0\u1edfng v\u00e0o d\u1ecbch v\u1ee5, s\u1ea3n ph\u1ea9m do Thu\u1eadn Phong cung c\u1ea5p ch\u1eafc ch\u1eafn s\u1ebd kh\u00f4ng ph\u1ea3i h\u1ed1i h\u1eadn v\u1edbi l\u1ef1a ch\u1ecdn c\u1ee7a m\u00ecnh. D\u1ecbch v\u1ee5 lu\u00f4n t\u1ef1 tin \u0111\u01b0a ra c\u00e1c cam k\u1ebft ch\u1ea5t l\u01b0\u1ee3ng v\u01b0\u1ee3t tr\u1ed9i nh\u1ea5t khi ph\u1ee5c v\u1ee5 qu\u00fd kh\u00e1ch h\u00e0ng.<\/p>\n<\/div>\n<div class=\"box\">\n<div class=\"x11i5rnm xat24cr x1mh8g0r x1vvkbs xtlvy1s x126k92a\">\n<div dir=\"auto\">S\u1ea3n ph\u1ea9m c\u1ee7a Thu\u1eadn Phong khi \u0111\u1ebfn tay \u0111\u1ea1i l\u00fd lu\u00f4n \u0111\u1ea3m b\u1ea3o:<\/div>\n<div dir=\"auto\">\u2013 H\u00e0ng h\u00f3a ch\u00ednh h\u00e3ng, \u0111\u1ea7y \u0111\u1ee7 CO, CQ, VAT cho d\u1ef1 \u00e1n<\/div>\n<div dir=\"auto\"><span class=\"html-span xexx8yu x4uap5 x18d9i69 xkhd6sd x1hl2dhg x16tdsg8 x1vvkbs x3nfvp2 x1j61x8r x1fcty0u xdj266r xat24cr xgzva0m xhhsvwb xxymvpz xlup9mm x1kky2od\">\u2013\u00a0<\/span>Gi\u00e1 lu\u00f4n c\u1ea1nh tranh nh\u1edd nh\u1eadp kh\u1ea9u tr\u1ef1c ti\u1ebfp.<\/div>\n<div dir=\"auto\">\u2013 C\u1ea5p s\u1ec9 to\u00e0n qu\u1ed1c. V\u1eadn chuy\u1ec3n t\u1eadn n\u01a1i.<\/div>\n<blockquote>\n<div dir=\"auto\">N\u1ebfu b\u1ea1n \u0111ang loay hoay t\u00ecm ki\u1ebfm d\u00f2ng s\u1ea3n ph\u1ea9m th\u1ef1c s\u1ef1 ch\u1ea5t l\u01b0\u1ee3ng \u0111\u1ec3 ph\u00e2n ph\u1ed1i li\u00ean h\u1ec7 v\u1edbi Thu\u1eadn Phong qua hotline: 0869.564.567<\/div>\n<\/blockquote>\n<\/div>\n<div class=\"x11i5rnm xat24cr x1mh8g0r x1vvkbs xtlvy1s x126k92a\">\n<div dir=\"auto\">\u2014\u2014\u2014\u2014\u2014\u2014\u2014\u2014\u2014\u2014\u2014\u2013<\/div>\n<div dir=\"auto\">\n<div class=\"html-div xdj266r x11i5rnm xat24cr x1mh8g0r xexx8yu x4uap5 x18d9i69 xkhd6sd\">\n<div class=\"html-div xdj266r x11i5rnm xat24cr x1mh8g0r xexx8yu x4uap5 x18d9i69 xkhd6sd\" dir=\"auto\">\n<div id=\":r8c8:\" class=\"x1iorvi4 x1pi30zi x1l90r2v x1swvt13\" data-ad-comet-preview=\"message\" data-ad-preview=\"message\">\n<div class=\"x78zum5 xdt5ytf xz62fqu x16ldp7u\">\n<div class=\"xu06os2 x1ok221b\">\n<div class=\"x11i5rnm xat24cr x1mh8g0r x1vvkbs xtlvy1s x126k92a\">\n<div dir=\"auto\">\n<div dir=\"auto\">CH\u1eccN THU\u1eacN PHONG &#8211; CH\u1eccN S\u1ef0 AN T\u00c2M<\/div>\n<div dir=\"auto\">Hotline: 0869.564.567<\/div>\n<div dir=\"auto\">Kinh doanh: Mr Ph\u00fac 0867.577.357<\/div>\n<div dir=\"auto\">K\u1ef9 thu\u1eadt: Mr D\u0169ng 0899.768.777<\/div>\n<div dir=\"auto\">Tr\u1ee5 s\u1edf ch\u00ednh: 30 Nguy\u1ec5n H\u1eefu D\u1eadt, ph\u01b0\u1eddng \u0110\u1ed3ng H\u1edbi, t\u1ec9nh Qu\u1ea3ng Tr\u1ecb, Vi\u1ec7t Nam<\/div>\n<div dir=\"auto\">Tr\u1ee5 s\u1edf H\u00e0 N\u1ed9i: Nh\u00e0 ph\u1ed1 th\u01b0\u01a1ng m\u1ea1i Khai S\u01a1n Town s\u1ed1 18 thu\u1ed9c Town 7, khu \u0111\u00f4 th\u1ecb Khai S\u01a1n City, ph\u01b0\u1eddng B\u1ed3 \u0110\u1ec1, Th\u00e0nh ph\u1ed1 H\u00e0 N\u1ed9i<\/div>\n<div dir=\"auto\">Website: <span class=\"html-span xdj266r x14z9mp xat24cr x1lziwak xexx8yu xyri2b x18d9i69 x1c1uobl x1hl2dhg x16tdsg8 x1vvkbs\"><a class=\"x1i10hfl xjbqb8w x1ejq31n x18oe1m7 x1sy0etr xstzfhl x972fbf x10w94by x1qhh985 x14e42zd x9f619 x1ypdohk xt0psk2 x3ct3a4 xdj266r x14z9mp xat24cr x1lziwak xexx8yu xyri2b x18d9i69 x1c1uobl x16tdsg8 x1hl2dhg xggy1nq x1a2a7pz xkrqix3 x1sur9pj x1fey0fg x1s688f\" role=\"link\" href=\"https:\/\/tpenergy.com.vn\/?fbclid=IwZXh0bgNhZW0CMTAAYnJpZBExSVphcW5CaEdIZkNOTXBFRgEe_Luos7EH-kvFTW6S_ZvsDVVvXu17qeXc-Alq70HJ2CTgs8T14TBEP9YVNmg_aem_FPBKYGGZFV5JCUS6CBt9GA\" target=\"_blank\" rel=\"nofollow noopener\">https:\/\/tpenergy.com.vn\/<\/a><\/span><\/div>\n<div dir=\"auto\">Shopee: <span class=\"html-span xdj266r x14z9mp xat24cr x1lziwak xexx8yu xyri2b x18d9i69 x1c1uobl x1hl2dhg x16tdsg8 x1vvkbs\"><a class=\"x1i10hfl xjbqb8w x1ejq31n x18oe1m7 x1sy0etr xstzfhl x972fbf x10w94by x1qhh985 x14e42zd x9f619 x1ypdohk xt0psk2 x3ct3a4 xdj266r x14z9mp xat24cr x1lziwak xexx8yu xyri2b x18d9i69 x1c1uobl x16tdsg8 x1hl2dhg xggy1nq x1a2a7pz xkrqix3 x1sur9pj x1fey0fg x1s688f\" role=\"link\" href=\"https:\/\/l.facebook.com\/l.php?u=https%3A%2F%2Fbyvn.net%2FE1oJ%3Ffbclid%3DIwZXh0bgNhZW0CMTAAYnJpZBExSVphcW5CaEdIZkNOTXBFRgEe5UBvYlbBJP1OV4P31S66kgVoM8KJeiMOvevC7gr1YptX7Plm4Vc7BDfTaD8_aem_CKaH3Hde08bSFrKUKpBLpg&amp;h=AT2zZzo5gnFrIhhIOZc3EYboNZybvJeqz1viPZjNusRxqTKwLJ68cEphFL18oQfL9QRInWa-dpRP1kVHOqURFL47HHC1AD7RI2FmEVb_AuIxjvllE5yIF_vq374eJmFKgpQzQ4Srad52eGL3&amp;__tn__=-UK-R&amp;c[0]=AT2YjrwyJMhn57NsK2odK-orq56Bru6FvbAYhcv0XZHI_7P0rpHKn94UmSB7SGJqcaB-nlD0YgZo4FABsyLW7ArH0BrfNFflCoL0WBUNis0b1GDjZ-g4zDaZHaHFlNPbnN44i7JVv5T2yus0HxMhK9b4E0cORI10bxEe0gj3j-MFJ-pj2iagC6LLZ86uZcfOFW5YxYxA0_1h92nTj55zkj8Wgw\" target=\"_blank\" rel=\"nofollow noopener\">https:\/\/byvn.net\/E1oJ<\/a><\/span><\/div>\n<div dir=\"auto\">Lazada: <span class=\"html-span xdj266r x14z9mp xat24cr x1lziwak xexx8yu xyri2b x18d9i69 x1c1uobl x1hl2dhg x16tdsg8 x1vvkbs\"><a class=\"x1i10hfl xjbqb8w x1ejq31n x18oe1m7 x1sy0etr xstzfhl x972fbf x10w94by x1qhh985 x14e42zd x9f619 x1ypdohk xt0psk2 x3ct3a4 xdj266r x14z9mp xat24cr x1lziwak xexx8yu xyri2b x18d9i69 x1c1uobl x16tdsg8 x1hl2dhg xggy1nq x1a2a7pz xkrqix3 x1sur9pj x1fey0fg x1s688f\" role=\"link\" href=\"https:\/\/l.facebook.com\/l.php?u=https%3A%2F%2Fbyvn.net%2FVYPr%3Ffbclid%3DIwZXh0bgNhZW0CMTAAYnJpZBExSVphcW5CaEdIZkNOTXBFRgEe_Luos7EH-kvFTW6S_ZvsDVVvXu17qeXc-Alq70HJ2CTgs8T14TBEP9YVNmg_aem_FPBKYGGZFV5JCUS6CBt9GA&amp;h=AT3IQ15QghAFPaMC1BxIXmepCOp57UD_Uo5PdNrMhXgkr2zehAfUVpnDH3fvLFk9rerqN_VGnr3CA0xhRZrviMocDHbgBLd6w1iF9_kvFyZJnXrNhkNmIgsNzYjUTVqjRaaNWaMmj6rwpmt_&amp;__tn__=-UK-R&amp;c[0]=AT2YjrwyJMhn57NsK2odK-orq56Bru6FvbAYhcv0XZHI_7P0rpHKn94UmSB7SGJqcaB-nlD0YgZo4FABsyLW7ArH0BrfNFflCoL0WBUNis0b1GDjZ-g4zDaZHaHFlNPbnN44i7JVv5T2yus0HxMhK9b4E0cORI10bxEe0gj3j-MFJ-pj2iagC6LLZ86uZcfOFW5YxYxA0_1h92nTj55zkj8Wgw\" target=\"_blank\" rel=\"nofollow noopener\">https:\/\/byvn.net\/VYPr<\/a><\/span><\/div>\n<\/div>\n<\/div>\n<\/div>\n<\/div>\n<\/div>\n<\/div>\n<\/div>\n<\/div>\n<\/div>\n<\/div>\n<\/div>\n<\/div>\n<\/div>\n<\/div>\n","protected":false},"excerpt":{"rendered":"<p>Th\u00f4ng s\u1ed1 k\u1ef9 thu\u1eadt:<\/p>\n<ul>\n<li id=\"input_line_0\"><span id=\"input_part_0\" class=\"\" data-mention=\"D\u00f2ng \u0111i\u1ec7n \u0111\u1ecbnh m\u1ee9c Trong 1,2,3,4,5,6,8,10,13,16,20,25,32,40,50,63A\">D\u00f2ng \u0111i\u1ec7n \u0111\u1ecbnh m\u1ee9c: 63A<\/span><\/li>\n<li id=\"input_line_1\"><span id=\"input_part_0\" class=\"\" data-mention=\"C\u1ef1c 1P, 2P, 4P\">C\u1ef1c: 2P<\/span><\/li>\n<li id=\"input_line_2\"><span id=\"input_part_0\" class=\"\" data-mention=\"\u0110i\u1ec7n \u00e1p \u0111\u1ecbnh m\u1ee9c Ue 1P(250V), 2P(500V), 4P(1000V)\">\u0110i\u1ec7n \u00e1p \u0111\u1ecbnh m\u1ee9c Ue: 2P(1000V)<\/span><\/li>\n<li id=\"input_line_3\"><span id=\"input_part_0\" class=\"\" data-mention=\"Kh\u1ea3 n\u0103ng ph\u00e1 v\u1ee1 \u0111\u1ecbnh m\u1ee9c 6.000\/10.000A\">Kh\u1ea3 n\u0103ng ph\u00e1 v\u1ee1 \u0111\u1ecbnh m\u1ee9c: 6.000\/10.000A<\/span><\/li>\n<li id=\"input_line_4\"><span id=\"input_part_0\" class=\"\" data-mention=\"\u0110i\u1ec7n \u00e1p ch\u1ecbu \u0111\u01b0\u1ee3c xung \u0111\u1ecbnh m\u1ee9c (1,5\/50) Uimp 4.000V\">\u0110i\u1ec7n \u00e1p ch\u1ecbu \u0111\u01b0\u1ee3c xung \u0111\u1ecbnh m\u1ee9c (1,5\/50) Uimp 4.000V<\/span><\/li>\n<li id=\"input_line_5\"><span id=\"input_part_0\" class=\"\" data-mention=\"\u0110i\u1ec7n \u00e1p th\u1eed nghi\u1ec7m \u0111i\u1ec7n m\u00f4i \u1edf t\u1ea7n s\u1ed1 ind. trong 1 ph\u00fat 2KV\">\u0110i\u1ec7n \u00e1p th\u1eed nghi\u1ec7m \u0111i\u1ec7n m\u00f4i \u1edf t\u1ea7n s\u1ed1 ind. trong 1 ph\u00fat 2KV<\/span><\/li>\n<\/ul>\n","protected":false},"featured_media":5750,"comment_status":"open","ping_status":"closed","template":"","meta":{"_eb_attr":""},"product_cat":[1274],"product_tag":[688,830,828,831,829],"class_list":{"0":"post-5745","1":"product","2":"type-product","3":"status-publish","4":"has-post-thumbnail","6":"product_cat-cb-etek-phu-kien","7":"product_tag-aptomat-etek","8":"product_tag-aptomat-etek-ac-63a","9":"product_tag-aptomat-etek-ac-ekm1-63s-2c63","10":"product_tag-aptomatac-ekm1-63s-2c63","11":"product_tag-ekm1-63s-2c63","12":"pa_gia-khong-lap-dat","13":"pa_gia-lap-dat","15":"first","16":"instock","17":"shipping-taxable","18":"purchasable","19":"product-type-variable"},"yoast_head":"<!-- This site is optimized with the Yoast SEO plugin v20.9 - https:\/\/yoast.com\/wordpress\/plugins\/seo\/ -->\r\n<title>Aptomat ETEK AC EKM1-63S-2C63 - Thuan Phong Solar Energy<\/title>\r\n<meta name=\"description\" content=\"Aptomat\u00a0ETEK AC EKM1-63S-2C63\u00a0s\u1edf h\u1eefu thi\u1ebft k\u1ebf hi\u1ec7n \u0111\u1ea1i, hi\u1ec7u su\u1ea5t \u0111\u00e1ng tin c\u1eady v\u00e0 kh\u1ea3 n\u0103ng c\u1eaft m\u1ea1ch nhanh, \u0111\u1ea3m b\u1ea3o an to\u00e0n cho h\u1ec7 th\u1ed1ng \u0111i\u1ec7n\" \/>\r\n<meta name=\"robots\" content=\"index, follow, max-snippet:-1, max-image-preview:large, max-video-preview:-1\" \/>\r\n<link rel=\"canonical\" href=\"https:\/\/tpenergy.com.vn\/?product=aptomat-etek-ac-ekm1-63s-2c63\" \/>\r\n<meta property=\"og:locale\" content=\"vi_VN\" \/>\r\n<meta property=\"og:type\" content=\"article\" \/>\r\n<meta property=\"og:title\" content=\"Aptomat ETEK AC EKM1-63S-2C63 - Thuan Phong Solar Energy\" \/>\r\n<meta property=\"og:description\" content=\"Aptomat\u00a0ETEK AC EKM1-63S-2C63\u00a0s\u1edf h\u1eefu thi\u1ebft k\u1ebf hi\u1ec7n \u0111\u1ea1i, hi\u1ec7u su\u1ea5t \u0111\u00e1ng tin c\u1eady v\u00e0 kh\u1ea3 n\u0103ng c\u1eaft m\u1ea1ch nhanh, \u0111\u1ea3m b\u1ea3o an to\u00e0n cho h\u1ec7 th\u1ed1ng \u0111i\u1ec7n\" \/>\r\n<meta property=\"og:url\" content=\"https:\/\/tpenergy.com.vn\/?product=aptomat-etek-ac-ekm1-63s-2c63\" \/>\r\n<meta property=\"og:site_name\" content=\"Thuan Phong Solar Energy\" \/>\r\n<meta property=\"article:modified_time\" content=\"2025-11-14T09:31:53+00:00\" \/>\r\n<meta property=\"og:image\" content=\"https:\/\/tpenergy.com.vn\/wp-content\/uploads\/2025\/05\/5.png\" \/>\r\n\t<meta property=\"og:image:width\" content=\"6000\" \/>\r\n\t<meta property=\"og:image:height\" content=\"6000\" \/>\r\n\t<meta property=\"og:image:type\" content=\"image\/png\" \/>\r\n<meta name=\"twitter:card\" content=\"summary_large_image\" \/>\r\n<meta name=\"twitter:label1\" content=\"\u01af\u1edbc t\u00ednh th\u1eddi gian \u0111\u1ecdc\" \/>\n\t<meta name=\"twitter:data1\" content=\"4 ph\u00fat\" \/>\r\n<script type=\"application\/ld+json\" class=\"yoast-schema-graph\">{\"@context\":\"https:\/\/schema.org\",\"@graph\":[{\"@type\":\"WebPage\",\"@id\":\"https:\/\/tpenergy.com.vn\/?product=aptomat-etek-ac-ekm1-63s-2c63\",\"url\":\"https:\/\/tpenergy.com.vn\/?product=aptomat-etek-ac-ekm1-63s-2c63\",\"name\":\"Aptomat ETEK AC EKM1-63S-2C63 - Thuan Phong Solar Energy\",\"isPartOf\":{\"@id\":\"https:\/\/tpenergy.com.vn\/#website\"},\"datePublished\":\"2025-05-02T07:36:22+00:00\",\"dateModified\":\"2025-11-14T09:31:53+00:00\",\"description\":\"Aptomat\u00a0ETEK AC EKM1-63S-2C63\u00a0s\u1edf h\u1eefu thi\u1ebft k\u1ebf hi\u1ec7n \u0111\u1ea1i, hi\u1ec7u su\u1ea5t \u0111\u00e1ng tin c\u1eady v\u00e0 kh\u1ea3 n\u0103ng c\u1eaft m\u1ea1ch nhanh, \u0111\u1ea3m b\u1ea3o an to\u00e0n cho h\u1ec7 th\u1ed1ng \u0111i\u1ec7n\",\"breadcrumb\":{\"@id\":\"https:\/\/tpenergy.com.vn\/?product=aptomat-etek-ac-ekm1-63s-2c63#breadcrumb\"},\"inLanguage\":\"vi\",\"potentialAction\":[{\"@type\":\"ReadAction\",\"target\":[\"https:\/\/tpenergy.com.vn\/?product=aptomat-etek-ac-ekm1-63s-2c63\"]}]},{\"@type\":\"BreadcrumbList\",\"@id\":\"https:\/\/tpenergy.com.vn\/?product=aptomat-etek-ac-ekm1-63s-2c63#breadcrumb\",\"itemListElement\":[{\"@type\":\"ListItem\",\"position\":1,\"name\":\"Trang ch\u1ee7\",\"item\":\"https:\/\/tpenergy.com.vn\/\"},{\"@type\":\"ListItem\",\"position\":2,\"name\":\"Shop\",\"item\":\"https:\/\/tpenergy.com.vn\/?page_id=5\"},{\"@type\":\"ListItem\",\"position\":3,\"name\":\"PH\u1ee4 KI\u1ec6N\",\"item\":\"https:\/\/tpenergy.com.vn\/danh-muc-sp\/phu-kien\/\"},{\"@type\":\"ListItem\",\"position\":4,\"name\":\"ETEK\",\"item\":\"https:\/\/tpenergy.com.vn\/?product_cat=etek-phu-kien\"},{\"@type\":\"ListItem\",\"position\":5,\"name\":\"CB\",\"item\":\"https:\/\/tpenergy.com.vn\/?product_cat=cb-etek-phu-kien\"},{\"@type\":\"ListItem\",\"position\":6,\"name\":\"Aptomat ETEK AC EKM1-63S-2C63\"}]},{\"@type\":\"WebSite\",\"@id\":\"https:\/\/tpenergy.com.vn\/#website\",\"url\":\"https:\/\/tpenergy.com.vn\/\",\"name\":\"Thuan Phong Solar Energy\",\"description\":\"\",\"potentialAction\":[{\"@type\":\"SearchAction\",\"target\":{\"@type\":\"EntryPoint\",\"urlTemplate\":\"https:\/\/tpenergy.com.vn\/?s={search_term_string}\"},\"query-input\":\"required name=search_term_string\"}],\"inLanguage\":\"vi\"}]}<\/script>\r\n<!-- \/ Yoast SEO plugin. -->","yoast_head_json":{"title":"Aptomat ETEK AC EKM1-63S-2C63 - Thuan Phong Solar Energy","description":"Aptomat\u00a0ETEK AC EKM1-63S-2C63\u00a0s\u1edf h\u1eefu thi\u1ebft k\u1ebf hi\u1ec7n \u0111\u1ea1i, hi\u1ec7u su\u1ea5t \u0111\u00e1ng tin c\u1eady v\u00e0 kh\u1ea3 n\u0103ng c\u1eaft m\u1ea1ch nhanh, \u0111\u1ea3m b\u1ea3o an to\u00e0n cho h\u1ec7 th\u1ed1ng \u0111i\u1ec7n","robots":{"index":"index","follow":"follow","max-snippet":"max-snippet:-1","max-image-preview":"max-image-preview:large","max-video-preview":"max-video-preview:-1"},"canonical":"https:\/\/tpenergy.com.vn\/?product=aptomat-etek-ac-ekm1-63s-2c63","og_locale":"vi_VN","og_type":"article","og_title":"Aptomat ETEK AC EKM1-63S-2C63 - Thuan Phong Solar Energy","og_description":"Aptomat\u00a0ETEK AC EKM1-63S-2C63\u00a0s\u1edf h\u1eefu thi\u1ebft k\u1ebf hi\u1ec7n \u0111\u1ea1i, hi\u1ec7u su\u1ea5t \u0111\u00e1ng tin c\u1eady v\u00e0 kh\u1ea3 n\u0103ng c\u1eaft m\u1ea1ch nhanh, \u0111\u1ea3m b\u1ea3o an to\u00e0n cho h\u1ec7 th\u1ed1ng \u0111i\u1ec7n","og_url":"https:\/\/tpenergy.com.vn\/?product=aptomat-etek-ac-ekm1-63s-2c63","og_site_name":"Thuan Phong Solar Energy","article_modified_time":"2025-11-14T09:31:53+00:00","og_image":[{"width":6000,"height":6000,"url":"https:\/\/tpenergy.com.vn\/wp-content\/uploads\/2025\/05\/5.png","type":"image\/png"}],"twitter_card":"summary_large_image","twitter_misc":{"\u01af\u1edbc t\u00ednh th\u1eddi gian \u0111\u1ecdc":"4 ph\u00fat"},"schema":{"@context":"https:\/\/schema.org","@graph":[{"@type":"WebPage","@id":"https:\/\/tpenergy.com.vn\/?product=aptomat-etek-ac-ekm1-63s-2c63","url":"https:\/\/tpenergy.com.vn\/?product=aptomat-etek-ac-ekm1-63s-2c63","name":"Aptomat ETEK AC EKM1-63S-2C63 - Thuan Phong Solar Energy","isPartOf":{"@id":"https:\/\/tpenergy.com.vn\/#website"},"datePublished":"2025-05-02T07:36:22+00:00","dateModified":"2025-11-14T09:31:53+00:00","description":"Aptomat\u00a0ETEK AC EKM1-63S-2C63\u00a0s\u1edf h\u1eefu thi\u1ebft k\u1ebf hi\u1ec7n \u0111\u1ea1i, hi\u1ec7u su\u1ea5t \u0111\u00e1ng tin c\u1eady v\u00e0 kh\u1ea3 n\u0103ng c\u1eaft m\u1ea1ch nhanh, \u0111\u1ea3m b\u1ea3o an to\u00e0n cho h\u1ec7 th\u1ed1ng \u0111i\u1ec7n","breadcrumb":{"@id":"https:\/\/tpenergy.com.vn\/?product=aptomat-etek-ac-ekm1-63s-2c63#breadcrumb"},"inLanguage":"vi","potentialAction":[{"@type":"ReadAction","target":["https:\/\/tpenergy.com.vn\/?product=aptomat-etek-ac-ekm1-63s-2c63"]}]},{"@type":"BreadcrumbList","@id":"https:\/\/tpenergy.com.vn\/?product=aptomat-etek-ac-ekm1-63s-2c63#breadcrumb","itemListElement":[{"@type":"ListItem","position":1,"name":"Trang ch\u1ee7","item":"https:\/\/tpenergy.com.vn\/"},{"@type":"ListItem","position":2,"name":"Shop","item":"https:\/\/tpenergy.com.vn\/?page_id=5"},{"@type":"ListItem","position":3,"name":"PH\u1ee4 KI\u1ec6N","item":"https:\/\/tpenergy.com.vn\/danh-muc-sp\/phu-kien\/"},{"@type":"ListItem","position":4,"name":"ETEK","item":"https:\/\/tpenergy.com.vn\/?product_cat=etek-phu-kien"},{"@type":"ListItem","position":5,"name":"CB","item":"https:\/\/tpenergy.com.vn\/?product_cat=cb-etek-phu-kien"},{"@type":"ListItem","position":6,"name":"Aptomat ETEK AC EKM1-63S-2C63"}]},{"@type":"WebSite","@id":"https:\/\/tpenergy.com.vn\/#website","url":"https:\/\/tpenergy.com.vn\/","name":"Thuan Phong Solar Energy","description":"","potentialAction":[{"@type":"SearchAction","target":{"@type":"EntryPoint","urlTemplate":"https:\/\/tpenergy.com.vn\/?s={search_term_string}"},"query-input":"required name=search_term_string"}],"inLanguage":"vi"}]}},"_links":{"self":[{"href":"https:\/\/tpenergy.com.vn\/index.php?rest_route=\/wp\/v2\/product\/5745"}],"collection":[{"href":"https:\/\/tpenergy.com.vn\/index.php?rest_route=\/wp\/v2\/product"}],"about":[{"href":"https:\/\/tpenergy.com.vn\/index.php?rest_route=\/wp\/v2\/types\/product"}],"replies":[{"embeddable":true,"href":"https:\/\/tpenergy.com.vn\/index.php?rest_route=%2Fwp%2Fv2%2Fcomments&post=5745"}],"wp:featuredmedia":[{"embeddable":true,"href":"https:\/\/tpenergy.com.vn\/index.php?rest_route=\/wp\/v2\/media\/5750"}],"wp:attachment":[{"href":"https:\/\/tpenergy.com.vn\/index.php?rest_route=%2Fwp%2Fv2%2Fmedia&parent=5745"}],"wp:term":[{"taxonomy":"product_cat","embeddable":true,"href":"https:\/\/tpenergy.com.vn\/index.php?rest_route=%2Fwp%2Fv2%2Fproduct_cat&post=5745"},{"taxonomy":"product_tag","embeddable":true,"href":"https:\/\/tpenergy.com.vn\/index.php?rest_route=%2Fwp%2Fv2%2Fproduct_tag&post=5745"}],"curies":[{"name":"wp","href":"https:\/\/api.w.org\/{rel}","templated":true}]}}