{"id":5677,"date":"2025-03-24T14:23:34","date_gmt":"2025-03-24T07:23:34","guid":{"rendered":"https:\/\/tpenergy.com.vn\/?post_type=product&#038;p=5677"},"modified":"2025-11-12T09:21:01","modified_gmt":"2025-11-12T02:21:01","slug":"pin-luu-tru-lithium-deye-51-2v-200ah-se-g10-2","status":"publish","type":"product","link":"https:\/\/tpenergy.com.vn\/?product=pin-luu-tru-lithium-deye-51-2v-200ah-se-g10-2","title":{"rendered":"Pin l\u01b0u tr\u1eef lithium Deye 51.2V 200AH &#8211; SE-G10.2"},"content":{"rendered":"<p><em>Pin l\u01b0u tr\u1eef lithium Deye 51.2V 200AH &#8211; SE-G10.2 l\u00e0 gi\u1ea3i ph\u00e1p l\u01b0u tr\u1eef n\u0103ng l\u01b0\u1ee3ng hi\u1ec7n \u0111\u1ea1i \u0111\u01b0\u1ee3c thi\u1ebft k\u1ebf cho c\u1ea3 \u1ee9ng d\u1ee5ng d\u00e2n d\u1ee5ng v\u00e0 th\u01b0\u01a1ng m\u1ea1i. \u0110\u01b0\u1ee3c thi\u1ebft k\u1ebf v\u1edbi c\u00f4ng ngh\u1ec7 ti\u00ean ti\u1ebfn v\u00e0 c\u00e1c t\u00ednh n\u0103ng an to\u00e0n, pin lithium s\u1eaft phosphate (LFP) n\u00e0y \u0111\u1ea3m b\u1ea3o hi\u1ec7u su\u1ea5t cao, \u0111\u1ed9 tin c\u1eady v\u00e0 tu\u1ed5i th\u1ecd cao.<\/em><\/p>\n<ol>\n<li><strong>C\u00e1c t\u00ednh n\u0103ng v\u01b0\u1ee3t tr\u1ed9i<\/strong><\/li>\n<\/ol>\n<ul>\n<li><strong>Thi\u1ebft k\u1ebf an to\u00e0n h\u01a1n:<\/strong>\u00a0\u00a0SE-G10.2 s\u1eed d\u1ee5ng h\u00f3a ch\u1ea5t lithium iron phosphate (LFP) kh\u00f4ng ch\u1ee9a coban, \u0111\u1ea3m b\u1ea3o an to\u00e0n h\u01a1n, tu\u1ed5i th\u1ecd d\u00e0i h\u01a1n v\u00e0 m\u1eadt \u0111\u1ed9 n\u0103ng l\u01b0\u1ee3ng cao. H\u1ec7 th\u1ed1ng qu\u1ea3n l\u00fd pin th\u00f4ng minh (BMS) cung c\u1ea5p kh\u1ea3 n\u0103ng b\u1ea3o v\u1ec7 to\u00e0n di\u1ec7n ch\u1ed1ng l\u1ea1i c\u00e1c v\u1ea5n \u0111\u1ec1 ti\u1ec1m \u1ea9n.<\/li>\n<li><strong>Hi\u1ec7u su\u1ea5t \u0111\u00e1ng tin c\u1eady:<\/strong>\u00a0\u00a0Model n\u00e0y h\u1ed7 tr\u1ee3 c\u00f4ng su\u1ea5t x\u1ea3 cao v\u00e0 ho\u1ea1t \u0111\u1ed9ng hi\u1ec7u qu\u1ea3 trong ph\u1ea1m vi nhi\u1ec7t \u0111\u1ed9 r\u1ed9ng t\u1eeb -20\u00b0C \u0111\u1ebfn 55\u00b0C. V\u1edbi x\u1ebfp h\u1ea1ng IP20, s\u1ea3n ph\u1ea9m \u0111\u01b0\u1ee3c thi\u1ebft k\u1ebf \u0111\u1ec3 c\u00f3 \u0111\u1ed9 b\u1ec1n v\u00e0 ho\u1ea1t \u0111\u1ed9ng \u0111\u00e1ng tin c\u1eady trong nhi\u1ec1u m\u00f4i tr\u01b0\u1eddng kh\u00e1c nhau.<\/li>\n<li><strong>C\u1ea5u h\u00ecnh linh ho\u1ea1t:<\/strong>\u00a0\u00a0Thi\u1ebft k\u1ebf d\u1ea1ng m\u00f4-\u0111un cho ph\u00e9p m\u1edf r\u1ed9ng d\u1ec5 d\u00e0ng, h\u1ed7 tr\u1ee3 t\u1ed1i \u0111a 64 \u0111\u01a1n v\u1ecb song song, mang \u0111\u1ebfn gi\u1ea3i ph\u00e1p n\u0103ng l\u01b0\u1ee3ng c\u00f3 kh\u1ea3 n\u0103ng m\u1edf r\u1ed9ng ph\u00f9 h\u1ee3p v\u1edbi nhu c\u1ea7u c\u1ee5 th\u1ec3 c\u1ee7a b\u1ea1n.<\/li>\n<li><strong>V\u1eadn h\u00e0nh thu\u1eadn ti\u1ec7n:<\/strong>\u00a0\u00a0V\u1edbi kh\u1ea3 n\u0103ng k\u1ebft n\u1ed1i m\u1ea1ng t\u1ef1 \u0111\u1ed9ng, SE-G10.2 \u0111\u01a1n gi\u1ea3n h\u00f3a vi\u1ec7c b\u1ea3o tr\u00ec v\u00e0 h\u1ed7 tr\u1ee3 gi\u00e1m s\u00e1t t\u1eeb xa c\u0169ng nh\u01b0 n\u00e2ng c\u1ea5p ch\u01b0\u01a1ng tr\u00ecnh c\u01a1 s\u1edf, gi\u00fap ng\u01b0\u1eddi d\u00f9ng gia \u0111\u00ecnh v\u00e0 doanh nghi\u1ec7p d\u1ec5 d\u00e0ng s\u1eed d\u1ee5ng.<\/li>\n<li><strong>K\u1ebft c\u1ea5u th\u00e2n thi\u1ec7n v\u1edbi m\u00f4i tr\u01b0\u1eddng:<\/strong>\u00a0\u00a0SE-G10.2 \u0111\u01b0\u1ee3c ch\u1ebf t\u1ea1o b\u1eb1ng v\u1eadt li\u1ec7u b\u1ea3o v\u1ec7 m\u00f4i tr\u01b0\u1eddng, \u0111\u1ea3m b\u1ea3o to\u00e0n b\u1ed9 m\u00f4-\u0111un kh\u00f4ng \u0111\u1ed9c h\u1ea1i v\u00e0 kh\u00f4ng g\u00e2y \u00f4 nhi\u1ec5m.<\/li>\n<li><strong>T\u00f9y ch\u1ecdn l\u1eafp \u0111\u1eb7t linh ho\u1ea1t:<\/strong>\u00a0\u00a0Pin n\u00e0y c\u00f3 th\u1ec3 \u0111\u01b0\u1ee3c l\u1eafp \u0111\u1eb7t theo ba c\u00e1ch kh\u00e1c nhau\u2014l\u1eafp tr\u00ean gi\u00e1 \u0111\u1ee1, l\u1eafp tr\u00ean t\u01b0\u1eddng ho\u1eb7c x\u1ebfp ch\u1ed3ng\u2014cho ph\u00e9p s\u1eed d\u1ee5ng kh\u00f4ng gian l\u1eafp \u0111\u1eb7t hi\u1ec7u qu\u1ea3.<\/li>\n<\/ul>\n<p><strong>2. Th\u00f4ng s\u1ed1 k\u1ef9 thu\u1eadt:<\/strong><\/p>\n<p><img loading=\"lazy\" decoding=\"async\" class=\"alignnone size-full wp-image-5682\" src=\"https:\/\/tpenergy.com.vn\/wp-content\/uploads\/2025\/03\/e4ae80538e024414d9fe87888628fdc7NBYEXRkKU3h7hh0o-1.png\" alt=\"\" width=\"1700\" height=\"2292\" srcset=\"https:\/\/tpenergy.com.vn\/wp-content\/uploads\/2025\/03\/e4ae80538e024414d9fe87888628fdc7NBYEXRkKU3h7hh0o-1.png 1700w, https:\/\/tpenergy.com.vn\/wp-content\/uploads\/2025\/03\/e4ae80538e024414d9fe87888628fdc7NBYEXRkKU3h7hh0o-1-768x1035.png 768w, https:\/\/tpenergy.com.vn\/wp-content\/uploads\/2025\/03\/e4ae80538e024414d9fe87888628fdc7NBYEXRkKU3h7hh0o-1-1139x1536.png 1139w, https:\/\/tpenergy.com.vn\/wp-content\/uploads\/2025\/03\/e4ae80538e024414d9fe87888628fdc7NBYEXRkKU3h7hh0o-1-1519x2048.png 1519w, https:\/\/tpenergy.com.vn\/wp-content\/uploads\/2025\/03\/e4ae80538e024414d9fe87888628fdc7NBYEXRkKU3h7hh0o-1-247x333.png 247w, https:\/\/tpenergy.com.vn\/wp-content\/uploads\/2025\/03\/e4ae80538e024414d9fe87888628fdc7NBYEXRkKU3h7hh0o-1-510x688.png 510w\" sizes=\"(max-width: 1700px) 100vw, 1700px\" \/><\/p>\n<p>Pin l\u01b0u tr\u1eef lithium Deye 51.2V 200AH &#8211; SE-G10.2 l\u00e0 gi\u1ea3i ph\u00e1p ho\u00e0n h\u1ea3o cho nh\u1eefng ai mu\u1ed1n n\u00e2ng cao t\u00ednh \u0111\u1ed9c l\u1eadp v\u00e0 hi\u1ec7u qu\u1ea3 n\u0103ng l\u01b0\u1ee3ng c\u1ee7a m\u00ecnh trong khi v\u1eabn \u0111\u1ea3m b\u1ea3o an to\u00e0n v\u00e0 \u0111\u1ed9 tin c\u1eady. N\u00e2ng c\u1ea5p h\u1ec7 th\u1ed1ng l\u01b0u tr\u1eef n\u0103ng l\u01b0\u1ee3ng c\u1ee7a b\u1ea1n ngay h\u00f4m nay v\u1edbi Lithium Deye SE-G10.2.<\/p>\n<p><strong>3. Ch\u1ee9ng nh\u1eadn:<\/strong><\/p>\n<p>Pin l\u01b0u tr\u1eef lithium Deye 51.2V 200AH &#8211; SE-G10.2 tu\u00e2n th\u1ee7 c\u00e1c ti\u00eau chu\u1ea9n an to\u00e0n v\u00e0 hi\u1ec7u su\u1ea5t nghi\u00eam ng\u1eb7t, c\u00f3 c\u00e1c ch\u1ee9ng nh\u1eadn nh\u01b0 UN38.3, IEC62619, CE v\u00e0 UL1973, \u0111\u1ea3m b\u1ea3o \u0111\u1ed9 tin c\u1eady v\u00e0 an to\u00e0n cho nhu c\u1ea7u l\u01b0u tr\u1eef n\u0103ng l\u01b0\u1ee3ng c\u1ee7a b\u1ea1n.<\/p>\n<p>Pin l\u01b0u tr\u1eef lithium Deye 51.2V 200AH &#8211; SE-G10.2 l\u00e0 gi\u1ea3i ph\u00e1p l\u01b0u tr\u1eef n\u0103ng l\u01b0\u1ee3ng tuy\u1ec7t v\u1eddi cho nh\u1eefng ch\u1ee7 nh\u00e0 mu\u1ed1n t\u1ed1i \u0111a h\u00f3a hi\u1ec7u qu\u1ea3 c\u1ee7a pin n\u0103ng l\u01b0\u1ee3ng m\u1eb7t tr\u1eddi cho gia \u0111\u00ecnh. Cho d\u00f9 \u0111\u01b0\u1ee3c s\u1eed d\u1ee5ng cho h\u1ec7 th\u1ed1ng ngo\u00e0i l\u01b0\u1edbi \u0111i\u1ec7n hay \u0111\u1ec3 \u0111\u1ea3m b\u1ea3o ngu\u1ed3n \u0111i\u1ec7n d\u1ef1 ph\u00f2ng kh\u1ea9n c\u1ea5p, lo\u1ea1i pin n\u00e0y mang l\u1ea1i gi\u00e1 tr\u1ecb, \u0111\u1ed9 \u1ed5n \u0111\u1ecbnh v\u00e0 \u0111\u1ed9c l\u1eadp v\u1ec1 n\u0103ng l\u01b0\u1ee3ng v\u00f4 song.<\/p>\n<p><img loading=\"lazy\" decoding=\"async\" class=\"alignnone size-full wp-image-5388\" src=\"https:\/\/tpenergy.com.vn\/wp-content\/uploads\/2023\/10\/\u666e\u901a\u6388\u6743\u8bc1\u4e66-\u6bb7\u6d77\u5eb7-Thuan-Phong-Electromechanical-Trading-Service-Co._LTD-Vietnam_\u8d8a\u5357_.png\" alt=\"\" width=\"1654\" height=\"2339\" srcset=\"https:\/\/tpenergy.com.vn\/wp-content\/uploads\/2023\/10\/\u666e\u901a\u6388\u6743\u8bc1\u4e66-\u6bb7\u6d77\u5eb7-Thuan-Phong-Electromechanical-Trading-Service-Co._LTD-Vietnam_\u8d8a\u5357_.png 1654w, https:\/\/tpenergy.com.vn\/wp-content\/uploads\/2023\/10\/\u666e\u901a\u6388\u6743\u8bc1\u4e66-\u6bb7\u6d77\u5eb7-Thuan-Phong-Electromechanical-Trading-Service-Co._LTD-Vietnam_\u8d8a\u5357_-768x1086.png 768w, https:\/\/tpenergy.com.vn\/wp-content\/uploads\/2023\/10\/\u666e\u901a\u6388\u6743\u8bc1\u4e66-\u6bb7\u6d77\u5eb7-Thuan-Phong-Electromechanical-Trading-Service-Co._LTD-Vietnam_\u8d8a\u5357_-1086x1536.png 1086w, https:\/\/tpenergy.com.vn\/wp-content\/uploads\/2023\/10\/\u666e\u901a\u6388\u6743\u8bc1\u4e66-\u6bb7\u6d77\u5eb7-Thuan-Phong-Electromechanical-Trading-Service-Co._LTD-Vietnam_\u8d8a\u5357_-1448x2048.png 1448w, https:\/\/tpenergy.com.vn\/wp-content\/uploads\/2023\/10\/\u666e\u901a\u6388\u6743\u8bc1\u4e66-\u6bb7\u6d77\u5eb7-Thuan-Phong-Electromechanical-Trading-Service-Co._LTD-Vietnam_\u8d8a\u5357_-247x349.png 247w, https:\/\/tpenergy.com.vn\/wp-content\/uploads\/2023\/10\/\u666e\u901a\u6388\u6743\u8bc1\u4e66-\u6bb7\u6d77\u5eb7-Thuan-Phong-Electromechanical-Trading-Service-Co._LTD-Vietnam_\u8d8a\u5357_-510x721.png 510w\" sizes=\"(max-width: 1654px) 100vw, 1654px\" \/><\/p>\n<p><a href=\"https:\/\/tpenergy.com.vn\/\">Thu\u1eadn Phong<\/a> t\u1ef1 h\u00e0o l\u00e0 m\u1ed9t trong nh\u1eefng nh\u00e0 ph\u00e2n ph\u1ed1i ch\u00ednh th\u1ee9c c\u1ee7a th\u01b0\u01a1ng hi\u1ec7u Deye t\u1ea1i Vi\u1ec7t Nam. Thu\u1eadn Phong lu\u00f4n mong mu\u1ed1n x\u00e2y d\u1ef1ng m\u1ed9t \u0111\u1ed9i ng\u0169 k\u1ef9 s\u01b0, nh\u00e2n vi\u00ean n\u1ed7 l\u1ef1c h\u1ebft m\u00ecnh, \u0111\u1ec3 mang \u0111\u1ebfn nh\u1eefng s\u1ea3n ph\u1ea9m v\u00e0 d\u1ecbch v\u1ee5 t\u1ed1t nh\u1ea5t t\u1edbi tay ng\u01b0\u1eddi ti\u00eau d\u00f9ng. Ch\u00fang t\u00f4i cam k\u1ebft ch\u1ea5t l\u01b0\u1ee3ng s\u1ea3n ph\u1ea9m \u0111\u01b0\u1ee3c ki\u1ec3m duy\u1ec7t nghi\u00eam ng\u1eb7t, b\u1ea3o h\u00e0nh nhanh ch\u00f3ng, tr\u1ef1c ti\u1ebfp kh\u00f4ng qua x\u1eed l\u00fd trung gian, th\u1eddi gian b\u1ea3o h\u00e0nh l\u00ean \u0111\u1ebfn 5 n\u0103m c\u00f9ng nhi\u1ec1u ch\u00ednh s\u00e1ch h\u1eadu m\u00e3i c\u1ef1c k\u00ec h\u1ea5p d\u1eabn. Li\u00ean h\u1ec7 ch\u00fang t\u00f4i \u0111\u1ec3 \u0111\u01b0\u1ee3c t\u01b0 v\u1ea5n s\u1edbm nh\u1ea5t nh\u00e9!<\/p>\n<div dir=\"auto\">\n<div dir=\"auto\">\u2014\u2014\u2014\u2014\u2014\u2014\u2014\u2014\u2014\u2014\u2014\u2013<\/div>\n<div dir=\"auto\"><a href=\"https:\/\/www.facebook.com\/DienMatTroi.SolarQuangBinh\">CH\u1eccN THU\u1eacN PHONG \u2013 CH\u1eccN S\u1ef0 AN T\u00c2M<\/a><br \/>\nHotline: 0869.564.567<br \/>\nKinh doanh: 0867.577.357<br \/>\nK\u1ef9 thu\u1eadt: 0899.768.777<br \/>\nService: 0867.118.636<br \/>\nTr\u1ee5 s\u1edf ch\u00ednh: 30 Nguy\u1ec5n H\u1eefu D\u1eadt, ph\u01b0\u1eddng \u0110\u1ed3ng H\u1edbi, t\u1ec9nh Qu\u1ea3ng Tr\u1ecb, Vi\u1ec7t Nam<br \/>\nTr\u1ee5 s\u1edf H\u00e0 N\u1ed9i: Nh\u00e0 ph\u1ed1 th\u01b0\u01a1ng m\u1ea1i Khai S\u01a1n Town s\u1ed1 18 thu\u1ed9c Town 7, khu \u0111\u00f4 th\u1ecb Khai S\u01a1n City, ph\u01b0\u1eddng B\u1ed3 \u0110\u1ec1, Th\u00e0nh ph\u1ed1 H\u00e0 N\u1ed9i<br \/>\nWebsite:\u00a0<a href=\"https:\/\/tpenergy.com.vn\/\">https:\/\/tpenergy.com.vn\/<\/a><br \/>\nShopee:\u00a0<a href=\"https:\/\/shopee.vn\/thuanphongenergy?entryPoint=ShopBySearch&amp;searchKeyword=thu%E1%BA%ADn%20phong%20solar%20energy\">https:\/\/byvn.net\/E1oJ<\/a><br \/>\nLazada:\u00a0<a href=\"https:\/\/byvn.net\/VYPr\">https:\/\/byvn.net\/VYPr<\/a><\/div>\n<\/div>\n","protected":false},"excerpt":{"rendered":"<h3><strong>M\u00f4 t\u1ea3 s\u1ea3n ph\u1ea9m:<\/strong><\/h3>\n<p><strong>&#8211; Dung l\u01b0\u1ee3ng cao:<\/strong>\u00a0\u00a0Dung l\u01b0\u1ee3ng danh \u0111\u1ecbnh 200 Ah v\u1edbi kh\u1ea3 n\u0103ng l\u01b0u tr\u1eef n\u0103ng l\u01b0\u1ee3ng 10,24 kWh.<br \/>\n<strong>&#8211; An to\u00e0n v\u00e0 \u0111\u00e1ng tin c\u1eady:<\/strong>\u00a0H\u00f3a ch\u1ea5t lithium s\u1eaft phosphate (LFP) kh\u00f4ng ch\u1ee9a coban.<br \/>\n<strong>&#8211; Ph\u1ea1m vi ho\u1ea1t \u0111\u1ed9ng r\u1ed9ng:<\/strong>\u00a0\u00a0Ho\u1ea1t \u0111\u1ed9ng hi\u1ec7u qu\u1ea3 \u1edf nhi\u1ec7t \u0111\u1ed9 t\u1eeb -20\u00b0C \u0111\u1ebfn 55\u00b0C.<br \/>\n<strong>&#8211; Thi\u1ebft k\u1ebf m\u00f4-\u0111un:<\/strong>\u00a0\u00a0C\u00f3 th\u1ec3 m\u1edf r\u1ed9ng song song l\u00ean t\u1edbi 64 \u0111\u01a1n v\u1ecb \u0111\u1ec3 t\u1ea1o ra c\u00e1c gi\u1ea3i ph\u00e1p n\u0103ng l\u01b0\u1ee3ng c\u00f3 kh\u1ea3 n\u0103ng m\u1edf r\u1ed9ng.<br \/>\n<strong>&#8211; Th\u00e2n thi\u1ec7n v\u1edbi ng\u01b0\u1eddi d\u00f9ng:<\/strong>\u00a0\u00a0K\u1ebft n\u1ed1i m\u1ea1ng t\u1ef1 \u0111\u1ed9ng, gi\u00e1m s\u00e1t t\u1eeb xa v\u00e0 n\u00e2ng c\u1ea5p ch\u01b0\u01a1ng tr\u00ecnh c\u01a1 s\u1edf d\u1ec5 d\u00e0ng.<br \/>\n<strong>&#8211; Th\u00e2n thi\u1ec7n v\u1edbi m\u00f4i tr\u01b0\u1eddng:<\/strong>\u00a0\u00a0\u0110\u01b0\u1ee3c ch\u1ebf t\u1ea1o b\u1eb1ng v\u1eadt li\u1ec7u kh\u00f4ng \u0111\u1ed9c h\u1ea1i, kh\u00f4ng g\u00e2y \u00f4 nhi\u1ec5m.<br \/>\n<strong>&#8211; T\u00f9y ch\u1ecdn l\u1eafp \u0111\u1eb7t \u0111a n\u0103ng:<\/strong>\u00a0\u00a0H\u1ed7 tr\u1ee3 l\u1eafp \u0111\u1eb7t tr\u00ean gi\u00e1 \u0111\u1ee1, tr\u00ean t\u01b0\u1eddng ho\u1eb7c x\u1ebfp ch\u1ed3ng \u0111\u1ec3 s\u1eed d\u1ee5ng kh\u00f4ng gian hi\u1ec7u qu\u1ea3.<br \/>\n<strong>&#8211; Truy\u1ec1n th\u00f4ng m\u1ea1nh m\u1ebd:<\/strong>\u00a0\u00a0\u0110\u01b0\u1ee3c trang b\u1ecb c\u1ed5ng CAN 2.0 v\u00e0 RS485 \u0111\u1ec3 k\u1ebft n\u1ed1i li\u1ec1n m\u1ea1ch.<br \/>\n<strong>&#8211; Tu\u1ed5i th\u1ecd d\u00e0i:<\/strong>\u00a0\u00a0H\u01a1n 6000 chu k\u1ef3 \u1edf \u0111i\u1ec1u ki\u1ec7n t\u1ed1i \u01b0u, \u0111\u1ea3m b\u1ea3o \u0111\u1ed9 b\u1ec1n v\u00e0 \u0111\u1ed9 tin c\u1eady.<\/p>\n<h3><i class=\"fas fa-download\"><\/i> DOWNLOAD<\/h3>\n<ul>\n<li><a href=\"https:\/\/tpenergy.com.vn\/wp-content\/uploads\/2025\/03\/Deye-Deye-SE-G5.1-SE-G10.2-Series_Brochure-20241112V1.0-2-1.pdf\">Datasheet<\/a><\/li>\n<li><a href=\"https:\/\/tpenergy.com.vn\/wp-content\/uploads\/2025\/03\/User-Manual-SE-G10.2-20241126.pdf\">User Manual<\/a><\/li>\n<\/ul>\n","protected":false},"featured_media":5680,"comment_status":"open","ping_status":"closed","template":"","meta":{"_eb_attr":""},"product_cat":[1107],"product_tag":[370,803,806,814,812,811,813,1104],"class_list":{"0":"post-5677","1":"product","2":"type-product","3":"status-publish","4":"has-post-thumbnail","6":"product_cat-ap-thap","7":"product_tag-dien-mat-troi","8":"product_tag-lithium-deye","9":"product_tag-pin-luu-tru-deye-ap-thap","10":"product_tag-pin-luu-tru-lithium-deye","11":"product_tag-pin-luu-tru-lithium-deye-51-2v-200ah","12":"product_tag-pin-luu-tru-lithium-deye-51-2v-200ah-se-g10-2","13":"product_tag-pin-luu-tru-lithium-deyese-g10-2","14":"product_tag-thuan-phong","15":"pa_gia-khong-lap-dat","16":"pa_gia-lap-dat","18":"first","19":"instock","20":"shipping-taxable","21":"purchasable","22":"product-type-variable"},"yoast_head":"<!-- This site is optimized with the Yoast SEO plugin v20.9 - https:\/\/yoast.com\/wordpress\/plugins\/seo\/ -->\r\n<title>Pin l\u01b0u tr\u1eef lithium Deye SE-G10.2 | Thu\u1eadn Phong Energy<\/title>\r\n<meta name=\"description\" content=\"Pin l\u01b0u tr\u1eef lithium Deye 51.2V 200AH - SE-G10.2 l\u00e0 gi\u1ea3i ph\u00e1p l\u01b0u tr\u1eef n\u0103ng l\u01b0\u1ee3ng hi\u1ec7n \u0111\u1ea1i \u0111\u01b0\u1ee3c thi\u1ebft k\u1ebf cho c\u1ea3 \u1ee9ng d\u1ee5ng d\u00e2n d\u1ee5ng v\u00e0 th\u01b0\u01a1ng m\u1ea1i. \u0110\u01b0\u1ee3c thi\u1ebft k\u1ebf\" \/>\r\n<meta name=\"robots\" content=\"index, follow, max-snippet:-1, max-image-preview:large, max-video-preview:-1\" \/>\r\n<link rel=\"canonical\" href=\"https:\/\/tpenergy.com.vn\/?product=pin-luu-tru-lithium-deye-51-2v-200ah-se-g10-2\" \/>\r\n<meta property=\"og:locale\" content=\"vi_VN\" \/>\r\n<meta property=\"og:type\" content=\"article\" \/>\r\n<meta property=\"og:title\" content=\"Pin l\u01b0u tr\u1eef lithium Deye SE-G10.2 | Thu\u1eadn Phong Energy\" \/>\r\n<meta property=\"og:description\" content=\"Pin l\u01b0u tr\u1eef lithium Deye 51.2V 200AH - SE-G10.2 l\u00e0 gi\u1ea3i ph\u00e1p l\u01b0u tr\u1eef n\u0103ng l\u01b0\u1ee3ng hi\u1ec7n \u0111\u1ea1i \u0111\u01b0\u1ee3c thi\u1ebft k\u1ebf cho c\u1ea3 \u1ee9ng d\u1ee5ng d\u00e2n d\u1ee5ng v\u00e0 th\u01b0\u01a1ng m\u1ea1i. \u0110\u01b0\u1ee3c thi\u1ebft k\u1ebf\" \/>\r\n<meta property=\"og:url\" content=\"https:\/\/tpenergy.com.vn\/?product=pin-luu-tru-lithium-deye-51-2v-200ah-se-g10-2\" \/>\r\n<meta property=\"og:site_name\" content=\"Thuan Phong Solar Energy\" \/>\r\n<meta property=\"article:modified_time\" content=\"2025-11-12T02:21:01+00:00\" \/>\r\n<meta property=\"og:image\" content=\"https:\/\/tpenergy.com.vn\/wp-content\/uploads\/2025\/03\/1-4.png\" \/>\r\n\t<meta property=\"og:image:width\" content=\"3000\" \/>\r\n\t<meta property=\"og:image:height\" content=\"3000\" \/>\r\n\t<meta property=\"og:image:type\" content=\"image\/png\" \/>\r\n<meta name=\"twitter:card\" content=\"summary_large_image\" \/>\r\n<meta name=\"twitter:label1\" content=\"\u01af\u1edbc t\u00ednh th\u1eddi gian \u0111\u1ecdc\" \/>\n\t<meta name=\"twitter:data1\" content=\"5 ph\u00fat\" \/>\r\n<script type=\"application\/ld+json\" class=\"yoast-schema-graph\">{\"@context\":\"https:\/\/schema.org\",\"@graph\":[{\"@type\":\"WebPage\",\"@id\":\"https:\/\/tpenergy.com.vn\/?product=pin-luu-tru-lithium-deye-51-2v-200ah-se-g10-2\",\"url\":\"https:\/\/tpenergy.com.vn\/?product=pin-luu-tru-lithium-deye-51-2v-200ah-se-g10-2\",\"name\":\"Pin l\u01b0u tr\u1eef lithium Deye SE-G10.2 | Thu\u1eadn Phong Energy\",\"isPartOf\":{\"@id\":\"https:\/\/tpenergy.com.vn\/#website\"},\"datePublished\":\"2025-03-24T07:23:34+00:00\",\"dateModified\":\"2025-11-12T02:21:01+00:00\",\"description\":\"Pin l\u01b0u tr\u1eef lithium Deye 51.2V 200AH - SE-G10.2 l\u00e0 gi\u1ea3i ph\u00e1p l\u01b0u tr\u1eef n\u0103ng l\u01b0\u1ee3ng hi\u1ec7n \u0111\u1ea1i \u0111\u01b0\u1ee3c thi\u1ebft k\u1ebf cho c\u1ea3 \u1ee9ng d\u1ee5ng d\u00e2n d\u1ee5ng v\u00e0 th\u01b0\u01a1ng m\u1ea1i. \u0110\u01b0\u1ee3c thi\u1ebft k\u1ebf\",\"breadcrumb\":{\"@id\":\"https:\/\/tpenergy.com.vn\/?product=pin-luu-tru-lithium-deye-51-2v-200ah-se-g10-2#breadcrumb\"},\"inLanguage\":\"vi\",\"potentialAction\":[{\"@type\":\"ReadAction\",\"target\":[\"https:\/\/tpenergy.com.vn\/?product=pin-luu-tru-lithium-deye-51-2v-200ah-se-g10-2\"]}]},{\"@type\":\"BreadcrumbList\",\"@id\":\"https:\/\/tpenergy.com.vn\/?product=pin-luu-tru-lithium-deye-51-2v-200ah-se-g10-2#breadcrumb\",\"itemListElement\":[{\"@type\":\"ListItem\",\"position\":1,\"name\":\"Trang ch\u1ee7\",\"item\":\"https:\/\/tpenergy.com.vn\/\"},{\"@type\":\"ListItem\",\"position\":2,\"name\":\"Shop\",\"item\":\"https:\/\/tpenergy.com.vn\/?page_id=5\"},{\"@type\":\"ListItem\",\"position\":3,\"name\":\"PIN L\u01afU TR\u1eee\",\"item\":\"https:\/\/tpenergy.com.vn\/?product_cat=pinluutru\"},{\"@type\":\"ListItem\",\"position\":4,\"name\":\"PIN LITHIUM DEYE\",\"item\":\"https:\/\/tpenergy.com.vn\/?product_cat=pin-lithium-deye\"},{\"@type\":\"ListItem\",\"position\":5,\"name\":\"\u00c1P TH\u1ea4P\",\"item\":\"https:\/\/tpenergy.com.vn\/?product_cat=ap-thap\"},{\"@type\":\"ListItem\",\"position\":6,\"name\":\"Pin l\u01b0u tr\u1eef lithium Deye 51.2V 200AH &#8211; SE-G10.2\"}]},{\"@type\":\"WebSite\",\"@id\":\"https:\/\/tpenergy.com.vn\/#website\",\"url\":\"https:\/\/tpenergy.com.vn\/\",\"name\":\"Thuan Phong Solar Energy\",\"description\":\"\",\"potentialAction\":[{\"@type\":\"SearchAction\",\"target\":{\"@type\":\"EntryPoint\",\"urlTemplate\":\"https:\/\/tpenergy.com.vn\/?s={search_term_string}\"},\"query-input\":\"required name=search_term_string\"}],\"inLanguage\":\"vi\"}]}<\/script>\r\n<!-- \/ Yoast SEO plugin. -->","yoast_head_json":{"title":"Pin l\u01b0u tr\u1eef lithium Deye SE-G10.2 | Thu\u1eadn Phong Energy","description":"Pin l\u01b0u tr\u1eef lithium Deye 51.2V 200AH - SE-G10.2 l\u00e0 gi\u1ea3i ph\u00e1p l\u01b0u tr\u1eef n\u0103ng l\u01b0\u1ee3ng hi\u1ec7n \u0111\u1ea1i \u0111\u01b0\u1ee3c thi\u1ebft k\u1ebf cho c\u1ea3 \u1ee9ng d\u1ee5ng d\u00e2n d\u1ee5ng v\u00e0 th\u01b0\u01a1ng m\u1ea1i. \u0110\u01b0\u1ee3c thi\u1ebft k\u1ebf","robots":{"index":"index","follow":"follow","max-snippet":"max-snippet:-1","max-image-preview":"max-image-preview:large","max-video-preview":"max-video-preview:-1"},"canonical":"https:\/\/tpenergy.com.vn\/?product=pin-luu-tru-lithium-deye-51-2v-200ah-se-g10-2","og_locale":"vi_VN","og_type":"article","og_title":"Pin l\u01b0u tr\u1eef lithium Deye SE-G10.2 | Thu\u1eadn Phong Energy","og_description":"Pin l\u01b0u tr\u1eef lithium Deye 51.2V 200AH - SE-G10.2 l\u00e0 gi\u1ea3i ph\u00e1p l\u01b0u tr\u1eef n\u0103ng l\u01b0\u1ee3ng hi\u1ec7n \u0111\u1ea1i \u0111\u01b0\u1ee3c thi\u1ebft k\u1ebf cho c\u1ea3 \u1ee9ng d\u1ee5ng d\u00e2n d\u1ee5ng v\u00e0 th\u01b0\u01a1ng m\u1ea1i. \u0110\u01b0\u1ee3c thi\u1ebft k\u1ebf","og_url":"https:\/\/tpenergy.com.vn\/?product=pin-luu-tru-lithium-deye-51-2v-200ah-se-g10-2","og_site_name":"Thuan Phong Solar Energy","article_modified_time":"2025-11-12T02:21:01+00:00","og_image":[{"width":3000,"height":3000,"url":"https:\/\/tpenergy.com.vn\/wp-content\/uploads\/2025\/03\/1-4.png","type":"image\/png"}],"twitter_card":"summary_large_image","twitter_misc":{"\u01af\u1edbc t\u00ednh th\u1eddi gian \u0111\u1ecdc":"5 ph\u00fat"},"schema":{"@context":"https:\/\/schema.org","@graph":[{"@type":"WebPage","@id":"https:\/\/tpenergy.com.vn\/?product=pin-luu-tru-lithium-deye-51-2v-200ah-se-g10-2","url":"https:\/\/tpenergy.com.vn\/?product=pin-luu-tru-lithium-deye-51-2v-200ah-se-g10-2","name":"Pin l\u01b0u tr\u1eef lithium Deye SE-G10.2 | Thu\u1eadn Phong Energy","isPartOf":{"@id":"https:\/\/tpenergy.com.vn\/#website"},"datePublished":"2025-03-24T07:23:34+00:00","dateModified":"2025-11-12T02:21:01+00:00","description":"Pin l\u01b0u tr\u1eef lithium Deye 51.2V 200AH - SE-G10.2 l\u00e0 gi\u1ea3i ph\u00e1p l\u01b0u tr\u1eef n\u0103ng l\u01b0\u1ee3ng hi\u1ec7n \u0111\u1ea1i \u0111\u01b0\u1ee3c thi\u1ebft k\u1ebf cho c\u1ea3 \u1ee9ng d\u1ee5ng d\u00e2n d\u1ee5ng v\u00e0 th\u01b0\u01a1ng m\u1ea1i. \u0110\u01b0\u1ee3c thi\u1ebft k\u1ebf","breadcrumb":{"@id":"https:\/\/tpenergy.com.vn\/?product=pin-luu-tru-lithium-deye-51-2v-200ah-se-g10-2#breadcrumb"},"inLanguage":"vi","potentialAction":[{"@type":"ReadAction","target":["https:\/\/tpenergy.com.vn\/?product=pin-luu-tru-lithium-deye-51-2v-200ah-se-g10-2"]}]},{"@type":"BreadcrumbList","@id":"https:\/\/tpenergy.com.vn\/?product=pin-luu-tru-lithium-deye-51-2v-200ah-se-g10-2#breadcrumb","itemListElement":[{"@type":"ListItem","position":1,"name":"Trang ch\u1ee7","item":"https:\/\/tpenergy.com.vn\/"},{"@type":"ListItem","position":2,"name":"Shop","item":"https:\/\/tpenergy.com.vn\/?page_id=5"},{"@type":"ListItem","position":3,"name":"PIN L\u01afU TR\u1eee","item":"https:\/\/tpenergy.com.vn\/?product_cat=pinluutru"},{"@type":"ListItem","position":4,"name":"PIN LITHIUM DEYE","item":"https:\/\/tpenergy.com.vn\/?product_cat=pin-lithium-deye"},{"@type":"ListItem","position":5,"name":"\u00c1P TH\u1ea4P","item":"https:\/\/tpenergy.com.vn\/?product_cat=ap-thap"},{"@type":"ListItem","position":6,"name":"Pin l\u01b0u tr\u1eef lithium Deye 51.2V 200AH &#8211; SE-G10.2"}]},{"@type":"WebSite","@id":"https:\/\/tpenergy.com.vn\/#website","url":"https:\/\/tpenergy.com.vn\/","name":"Thuan Phong Solar Energy","description":"","potentialAction":[{"@type":"SearchAction","target":{"@type":"EntryPoint","urlTemplate":"https:\/\/tpenergy.com.vn\/?s={search_term_string}"},"query-input":"required name=search_term_string"}],"inLanguage":"vi"}]}},"_links":{"self":[{"href":"https:\/\/tpenergy.com.vn\/index.php?rest_route=\/wp\/v2\/product\/5677"}],"collection":[{"href":"https:\/\/tpenergy.com.vn\/index.php?rest_route=\/wp\/v2\/product"}],"about":[{"href":"https:\/\/tpenergy.com.vn\/index.php?rest_route=\/wp\/v2\/types\/product"}],"replies":[{"embeddable":true,"href":"https:\/\/tpenergy.com.vn\/index.php?rest_route=%2Fwp%2Fv2%2Fcomments&post=5677"}],"wp:featuredmedia":[{"embeddable":true,"href":"https:\/\/tpenergy.com.vn\/index.php?rest_route=\/wp\/v2\/media\/5680"}],"wp:attachment":[{"href":"https:\/\/tpenergy.com.vn\/index.php?rest_route=%2Fwp%2Fv2%2Fmedia&parent=5677"}],"wp:term":[{"taxonomy":"product_cat","embeddable":true,"href":"https:\/\/tpenergy.com.vn\/index.php?rest_route=%2Fwp%2Fv2%2Fproduct_cat&post=5677"},{"taxonomy":"product_tag","embeddable":true,"href":"https:\/\/tpenergy.com.vn\/index.php?rest_route=%2Fwp%2Fv2%2Fproduct_tag&post=5677"}],"curies":[{"name":"wp","href":"https:\/\/api.w.org\/{rel}","templated":true}]}}