{"id":5658,"date":"2025-03-24T11:26:48","date_gmt":"2025-03-24T04:26:48","guid":{"rendered":"https:\/\/tpenergy.com.vn\/?post_type=product&#038;p=5658"},"modified":"2025-11-12T08:46:28","modified_gmt":"2025-11-12T01:46:28","slug":"pin-luu-tru-lithium-deye-51-2v-100ah-se-g5-1-pro-b","status":"publish","type":"product","link":"https:\/\/tpenergy.com.vn\/?product=pin-luu-tru-lithium-deye-51-2v-100ah-se-g5-1-pro-b","title":{"rendered":"Pin l\u01b0u tr\u1eef lithium Deye 51.2V 100AH &#8211; SE-G5.1 Pro-B"},"content":{"rendered":"<p><strong><em>Pin l\u01b0u tr\u1eef lithium Deye 51.2V 100AH &#8211; SE-G5.1 Pro-B t\u1eeb Deye Spring SE Series l\u00e0 l\u1ef1a ch\u1ecdn h\u00e0ng \u0111\u1ea7u cho pin n\u0103ng l\u01b0\u1ee3ng m\u1eb7t tr\u1eddi cho gia \u0111\u00ecnh, cung c\u1ea5p kh\u1ea3 n\u0103ng l\u01b0u tr\u1eef n\u0103ng l\u01b0\u1ee3ng, hi\u1ec7u qu\u1ea3 v\u00e0 an to\u00e0n v\u01b0\u1ee3t tr\u1ed9i. \u0110\u01b0\u1ee3c thi\u1ebft k\u1ebf \u0111\u1ec3 \u0111\u00e1p \u1ee9ng nhu c\u1ea7u n\u0103ng l\u01b0\u1ee3ng c\u1ee7a c\u00e1c h\u1ed9 gia \u0111\u00ecnh hi\u1ec7n \u0111\u1ea1i, pin g\u1eafn tr\u00ean gi\u00e1 \u0111\u1ee1 n\u00e0y \u0111\u1ea3m b\u1ea3o ngu\u1ed3n \u0111i\u1ec7n kh\u00f4ng b\u1ecb gi\u00e1n \u0111o\u1ea1n v\u00e0 cu\u1ed9c s\u1ed1ng b\u1ec1n v\u1eefng.<\/em><\/strong><\/p>\n<ol>\n<li><strong>C\u00e1c t\u00ednh n\u0103ng ch\u00ednh:<\/strong><\/li>\n<\/ol>\n<ul>\n<li><strong>An to\u00e0n v\u00e0 tu\u1ed5i th\u1ecd:<\/strong> \u00a0SE-G5.1 Pro \u2013 B s\u1eed d\u1ee5ng h\u00f3a ch\u1ea5t lithium s\u1eaft phosphate ( kh\u00f4ng ch\u1ee9a coban, n\u1ed5i ti\u1ebfng v\u1ec1 \u0111\u1ed9 an to\u00e0n v\u00e0 \u1ed5n \u0111\u1ecbnh. H\u1ec7 th\u1ed1ng qu\u1ea3n l\u00fd pin th\u00f4ng minh (BMS) li\u00ean t\u1ee5c theo d\u00f5i \u0111i\u1ec7n \u00e1p, d\u00f2ng \u0111i\u1ec7n v\u00e0 nhi\u1ec7t \u0111\u1ed9 \u0111\u1ec3 \u0111\u1ea3m b\u1ea3o ho\u1ea1t \u0111\u1ed9ng an to\u00e0n trong c\u00e1c \u0111i\u1ec1u ki\u1ec7n kh\u00e1c nhau.<\/li>\n<li><strong>Hi\u1ec7u su\u1ea5t cao:<\/strong>\u00a0V\u1edbi \u0111i\u1ec7n \u00e1p danh \u0111\u1ecbnh 51,2V v\u00e0 dung l\u01b0\u1ee3ng 100Ah, lo\u1ea1i pin n\u00e0y cung c\u1ea5p c\u00f4ng su\u1ea5t \u0111\u1ea7u ra danh \u0111\u1ecbnh l\u00e0 5,12kWh v\u00e0 dung l\u01b0\u1ee3ng n\u0103ng l\u01b0\u1ee3ng kh\u1ea3 d\u1ee5ng l\u00e0 4,6kWh.<\/li>\n<li><strong>Kh\u1ea3 n\u0103ng m\u1edf r\u1ed9ng linh ho\u1ea1t:<\/strong>\u00a0M\u1edf r\u1ed9ng kh\u1ea3 n\u0103ng n\u0103ng l\u01b0\u1ee3ng c\u1ee7a b\u1ea1n m\u1ed9t c\u00e1ch d\u1ec5 d\u00e0ng v\u1edbi SE-G5.1 Pro \u2013 B. K\u1ebft n\u1ed1i t\u1ed1i \u0111a 64 thi\u1ebft b\u1ecb song song \u0111\u1ec3 c\u00f3 t\u1ed5ng c\u00f4ng su\u1ea5t \u0111\u00e1ng kinh ng\u1ea1c l\u00e0 327kWh.<\/li>\n<li><strong>Thi\u1ebft k\u1ebf m\u1ea1nh m\u1ebd:<\/strong>\u00a0\u00a0\u0110\u01b0\u1ee3c ch\u1ebf t\u1ea1o \u0111\u1ec3 ch\u1ecbu \u0111\u01b0\u1ee3c ph\u1ea1m vi nhi\u1ec7t \u0111\u1ed9 r\u1ed9ng t\u1eeb -20\u00b0C \u0111\u1ebfn 55\u00b0C, SE-G5.1 Pro \u2013 B ho\u1ea1t \u0111\u1ed9ng hi\u1ec7u qu\u1ea3 trong nhi\u1ec1u m\u00f4i tr\u01b0\u1eddng kh\u00e1c nhau. X\u1ebfp h\u1ea1ng IP20 \u0111\u1ea3m b\u1ea3o \u0111\u1ed9 b\u1ec1n, ph\u00f9 h\u1ee3p v\u1edbi nhi\u1ec1u \u1ee9ng d\u1ee5ng kh\u00e1c nhau.<\/li>\n<li><strong>B\u1ea3o tr\u00ec v\u00e0 n\u00e2ng c\u1ea5p thu\u1eadn ti\u1ec7n:<\/strong>\u00a0\u00a0\u0110\u01b0\u1ee3c thi\u1ebft k\u1ebf h\u01b0\u1edbng \u0111\u1ebfn s\u1ef1 ti\u1ec7n l\u1ee3i c\u1ee7a ng\u01b0\u1eddi d\u00f9ng, m\u00f4-\u0111un pin n\u00e0y c\u00f3 kh\u1ea3 n\u0103ng k\u1ebft n\u1ed1i m\u1ea1ng t\u1ef1 \u0111\u1ed9ng \u0111\u1ec3 b\u1ea3o tr\u00ec v\u00e0 kh\u1eafc ph\u1ee5c s\u1ef1 c\u1ed1 d\u1ec5 d\u00e0ng. Gi\u00e1m s\u00e1t t\u1eeb xa theo th\u1eddi gian th\u1ef1c cho ph\u00e9p qu\u1ea3n l\u00fd hi\u1ec7u su\u1ea5t ch\u1ee7 \u0111\u1ed9ng.<\/li>\n<li><strong>C\u1ea5u tr\u00fac th\u00e2n thi\u1ec7n v\u1edbi m\u00f4i tr\u01b0\u1eddng:<\/strong>\u00a0\u00a0T\u1ea1i Deye, t\u00ednh b\u1ec1n v\u1eefng l\u00e0 \u01b0u ti\u00ean h\u00e0ng \u0111\u1ea7u. SE-G5.1 Pro \u2013 B \u0111\u01b0\u1ee3c ch\u1ebf t\u1ea1o t\u1eeb v\u1eadt li\u1ec7u kh\u00f4ng \u0111\u1ed9c h\u1ea1i, th\u00e2n thi\u1ec7n v\u1edbi m\u00f4i tr\u01b0\u1eddng, \u0111\u1ea3m b\u1ea3o s\u1ef1 l\u1ef1a ch\u1ecdn c\u00f3 tr\u00e1ch nhi\u1ec7m cho ng\u01b0\u1eddi ti\u00eau d\u00f9ng coi tr\u1ecdng vi\u1ec7c b\u1ea3o v\u1ec7 m\u00f4i tr\u01b0\u1eddng.<\/li>\n<li><strong>T\u00f9y ch\u1ecdn l\u1eafp \u0111\u1eb7t linh ho\u1ea1t:<\/strong>\u00a0C\u00f3 th\u1ec3 th\u00edch \u1ee9ng v\u1edbi kh\u00f4ng gian c\u1ee7a b\u1ea1n, SE-G5.1 Pro \u2013 B c\u00f3 th\u1ec3 \u0111\u01b0\u1ee3c l\u1eafp \u0111\u1eb7t theo ba c\u00e1ch: g\u1eafn t\u01b0\u1eddng, g\u1eafn s\u00e0n ho\u1eb7c g\u1eafn tr\u00ean gi\u00e1 \u0111\u1ee1.<\/li>\n<\/ul>\n<p><strong>2. Th\u00f4ng s\u1ed1 k\u1ef9 thu\u1eadt:<\/strong><\/p>\n<p><img loading=\"lazy\" decoding=\"async\" class=\"aligncenter size-full wp-image-6758\" src=\"https:\/\/tpenergy.com.vn\/wp-content\/uploads\/2025\/03\/New-Batt-Datasheet-A-LV-3U-Battery-SE-G5.1-Pro-B-V2.1-hinh-anh-1-scaled.jpg\" alt=\"\" width=\"1899\" height=\"2560\" srcset=\"https:\/\/tpenergy.com.vn\/wp-content\/uploads\/2025\/03\/New-Batt-Datasheet-A-LV-3U-Battery-SE-G5.1-Pro-B-V2.1-hinh-anh-1-scaled.jpg 1899w, https:\/\/tpenergy.com.vn\/wp-content\/uploads\/2025\/03\/New-Batt-Datasheet-A-LV-3U-Battery-SE-G5.1-Pro-B-V2.1-hinh-anh-1-768x1035.jpg 768w, https:\/\/tpenergy.com.vn\/wp-content\/uploads\/2025\/03\/New-Batt-Datasheet-A-LV-3U-Battery-SE-G5.1-Pro-B-V2.1-hinh-anh-1-1139x1536.jpg 1139w, https:\/\/tpenergy.com.vn\/wp-content\/uploads\/2025\/03\/New-Batt-Datasheet-A-LV-3U-Battery-SE-G5.1-Pro-B-V2.1-hinh-anh-1-1519x2048.jpg 1519w, https:\/\/tpenergy.com.vn\/wp-content\/uploads\/2025\/03\/New-Batt-Datasheet-A-LV-3U-Battery-SE-G5.1-Pro-B-V2.1-hinh-anh-1-247x333.jpg 247w, https:\/\/tpenergy.com.vn\/wp-content\/uploads\/2025\/03\/New-Batt-Datasheet-A-LV-3U-Battery-SE-G5.1-Pro-B-V2.1-hinh-anh-1-510x688.jpg 510w\" sizes=\"(max-width: 1899px) 100vw, 1899px\" \/><\/p>\n<p><strong>3. Ch\u1ee9ng nh\u1eadn:<\/strong><\/p>\n<p>Pin l\u01b0u tr\u1eef lithium Deye SE-G5.1 Pro \u2013 B tu\u00e2n th\u1ee7 c\u00e1c ti\u00eau chu\u1ea9n an to\u00e0n v\u00e0 hi\u1ec7u su\u1ea5t nghi\u00eam ng\u1eb7t, c\u00f3 c\u00e1c ch\u1ee9ng nh\u1eadn nh\u01b0 UN38.3, IEC62619, CE v\u00e0 UL1973, \u0111\u1ea3m b\u1ea3o \u0111\u1ed9 tin c\u1eady v\u00e0 an to\u00e0n cho nhu c\u1ea7u l\u01b0u tr\u1eef n\u0103ng l\u01b0\u1ee3ng c\u1ee7a b\u1ea1n.<\/p>\n<p>Pin l\u01b0u tr\u1eef lithium Deye SE-G5.1 Pro-B l\u00e0 gi\u1ea3i ph\u00e1p l\u01b0u tr\u1eef n\u0103ng l\u01b0\u1ee3ng tuy\u1ec7t v\u1eddi cho nh\u1eefng ch\u1ee7 nh\u00e0 mu\u1ed1n t\u1ed1i \u0111a h\u00f3a hi\u1ec7u qu\u1ea3 c\u1ee7a pin n\u0103ng l\u01b0\u1ee3ng m\u1eb7t tr\u1eddi cho gia \u0111\u00ecnh. Cho d\u00f9 \u0111\u01b0\u1ee3c s\u1eed d\u1ee5ng cho h\u1ec7 th\u1ed1ng ngo\u00e0i l\u01b0\u1edbi \u0111i\u1ec7n hay \u0111\u1ec3 \u0111\u1ea3m b\u1ea3o ngu\u1ed3n \u0111i\u1ec7n d\u1ef1 ph\u00f2ng kh\u1ea9n c\u1ea5p, lo\u1ea1i pin n\u00e0y mang l\u1ea1i gi\u00e1 tr\u1ecb, \u0111\u1ed9 \u1ed5n \u0111\u1ecbnh v\u00e0 \u0111\u1ed9c l\u1eadp v\u1ec1 n\u0103ng l\u01b0\u1ee3ng v\u00f4 song.<\/p>\n<p><img loading=\"lazy\" decoding=\"async\" class=\"alignnone size-full wp-image-5388\" src=\"https:\/\/tpenergy.com.vn\/wp-content\/uploads\/2023\/10\/\u666e\u901a\u6388\u6743\u8bc1\u4e66-\u6bb7\u6d77\u5eb7-Thuan-Phong-Electromechanical-Trading-Service-Co._LTD-Vietnam_\u8d8a\u5357_.png\" alt=\"\" width=\"1654\" height=\"2339\" srcset=\"https:\/\/tpenergy.com.vn\/wp-content\/uploads\/2023\/10\/\u666e\u901a\u6388\u6743\u8bc1\u4e66-\u6bb7\u6d77\u5eb7-Thuan-Phong-Electromechanical-Trading-Service-Co._LTD-Vietnam_\u8d8a\u5357_.png 1654w, https:\/\/tpenergy.com.vn\/wp-content\/uploads\/2023\/10\/\u666e\u901a\u6388\u6743\u8bc1\u4e66-\u6bb7\u6d77\u5eb7-Thuan-Phong-Electromechanical-Trading-Service-Co._LTD-Vietnam_\u8d8a\u5357_-768x1086.png 768w, https:\/\/tpenergy.com.vn\/wp-content\/uploads\/2023\/10\/\u666e\u901a\u6388\u6743\u8bc1\u4e66-\u6bb7\u6d77\u5eb7-Thuan-Phong-Electromechanical-Trading-Service-Co._LTD-Vietnam_\u8d8a\u5357_-1086x1536.png 1086w, https:\/\/tpenergy.com.vn\/wp-content\/uploads\/2023\/10\/\u666e\u901a\u6388\u6743\u8bc1\u4e66-\u6bb7\u6d77\u5eb7-Thuan-Phong-Electromechanical-Trading-Service-Co._LTD-Vietnam_\u8d8a\u5357_-1448x2048.png 1448w, https:\/\/tpenergy.com.vn\/wp-content\/uploads\/2023\/10\/\u666e\u901a\u6388\u6743\u8bc1\u4e66-\u6bb7\u6d77\u5eb7-Thuan-Phong-Electromechanical-Trading-Service-Co._LTD-Vietnam_\u8d8a\u5357_-247x349.png 247w, https:\/\/tpenergy.com.vn\/wp-content\/uploads\/2023\/10\/\u666e\u901a\u6388\u6743\u8bc1\u4e66-\u6bb7\u6d77\u5eb7-Thuan-Phong-Electromechanical-Trading-Service-Co._LTD-Vietnam_\u8d8a\u5357_-510x721.png 510w\" sizes=\"(max-width: 1654px) 100vw, 1654px\" \/><\/p>\n<p><a href=\"https:\/\/tpenergy.com.vn\/\">Thu\u1eadn Phong<\/a> t\u1ef1 h\u00e0o l\u00e0 m\u1ed9t trong nh\u1eefng nh\u00e0 ph\u00e2n ph\u1ed1i ch\u00ednh th\u1ee9c c\u1ee7a th\u01b0\u01a1ng hi\u1ec7u Deye t\u1ea1i Vi\u1ec7t Nam. Thu\u1eadn Phong lu\u00f4n mong mu\u1ed1n x\u00e2y d\u1ef1ng m\u1ed9t \u0111\u1ed9i ng\u0169 k\u1ef9 s\u01b0, nh\u00e2n vi\u00ean n\u1ed7 l\u1ef1c h\u1ebft m\u00ecnh, \u0111\u1ec3 mang \u0111\u1ebfn nh\u1eefng s\u1ea3n ph\u1ea9m v\u00e0 d\u1ecbch v\u1ee5 t\u1ed1t nh\u1ea5t t\u1edbi tay ng\u01b0\u1eddi ti\u00eau d\u00f9ng. Ch\u00fang t\u00f4i cam k\u1ebft ch\u1ea5t l\u01b0\u1ee3ng s\u1ea3n ph\u1ea9m \u0111\u01b0\u1ee3c ki\u1ec3m duy\u1ec7t nghi\u00eam ng\u1eb7t, b\u1ea3o h\u00e0nh nhanh ch\u00f3ng, tr\u1ef1c ti\u1ebfp kh\u00f4ng qua x\u1eed l\u00fd trung gian, th\u1eddi gian b\u1ea3o h\u00e0nh l\u00ean \u0111\u1ebfn 5 n\u0103m c\u00f9ng nhi\u1ec1u ch\u00ednh s\u00e1ch h\u1eadu m\u00e3i c\u1ef1c k\u00ec h\u1ea5p d\u1eabn. Li\u00ean h\u1ec7 ch\u00fang t\u00f4i \u0111\u1ec3 \u0111\u01b0\u1ee3c t\u01b0 v\u1ea5n s\u1edbm nh\u1ea5t nh\u00e9!<\/p>\n<div dir=\"auto\">\n<div dir=\"auto\">\u2014\u2014\u2014\u2014\u2014\u2014\u2014\u2014\u2014\u2014\u2014\u2013<\/div>\n<div dir=\"auto\"><a href=\"https:\/\/www.facebook.com\/DienMatTroi.SolarQuangBinh\">CH\u1eccN THU\u1eacN PHONG \u2013 CH\u1eccN S\u1ef0 AN T\u00c2M<\/a><br \/>\nHotline: 0869.564.567<br \/>\nKinh doanh: 0867.577.357<br \/>\nK\u1ef9 thu\u1eadt: 0899.768.777<br \/>\nService: 0867.118.636<br \/>\nTr\u1ee5 s\u1edf ch\u00ednh: 30 Nguy\u1ec5n H\u1eefu D\u1eadt, ph\u01b0\u1eddng \u0110\u1ed3ng H\u1edbi, t\u1ec9nh Qu\u1ea3ng Tr\u1ecb, Vi\u1ec7t Nam<br \/>\nTr\u1ee5 s\u1edf H\u00e0 N\u1ed9i: Nh\u00e0 ph\u1ed1 th\u01b0\u01a1ng m\u1ea1i Khai S\u01a1n Town s\u1ed1 18 thu\u1ed9c Town 7, khu \u0111\u00f4 th\u1ecb Khai S\u01a1n City, ph\u01b0\u1eddng B\u1ed3 \u0110\u1ec1, Th\u00e0nh ph\u1ed1 H\u00e0 N\u1ed9i<br \/>\nWebsite:\u00a0<a href=\"https:\/\/tpenergy.com.vn\/\">https:\/\/tpenergy.com.vn\/<\/a><br \/>\nShopee:\u00a0<a href=\"https:\/\/shopee.vn\/thuanphongenergy?entryPoint=ShopBySearch&amp;searchKeyword=thu%E1%BA%ADn%20phong%20solar%20energy\">https:\/\/byvn.net\/E1oJ<\/a><br \/>\nLazada:\u00a0<a href=\"https:\/\/byvn.net\/VYPr\">https:\/\/byvn.net\/VYPr<\/a><\/div>\n<\/div>\n","protected":false},"excerpt":{"rendered":"<p><strong>M\u00f4 t\u1ea3 s\u1ea3n ph\u1ea9m:<\/strong><\/p>\n<ul>\n<li><strong class=\"font-serif text-lg font-medium\">An to\u00e0n:<\/strong>\u00a0\u00a0H\u00f3a ch\u1ea5t LFP + gi\u00e1m s\u00e1t BMS ti\u00ean ti\u1ebfn<\/li>\n<li class=\"my-1\"><strong class=\"font-serif text-lg font-medium\">C\u00f4ng su\u1ea5t:<\/strong>\u00a0\u00a051,2V | 100Ah | C\u00f4ng su\u1ea5t \u0111\u1ea7u ra 5,12kWh<\/li>\n<li class=\"my-1\"><strong class=\"font-serif text-lg font-medium\">Kh\u1ea3 n\u0103ng m\u1edf r\u1ed9ng:<\/strong>\u00a0\u00a0L\u00ean \u0111\u1ebfn 64 \u0111\u01a1n v\u1ecb (t\u1ed5ng c\u1ed9ng 327kWh)<\/li>\n<li class=\"my-1\"><strong class=\"font-serif text-lg font-medium\">Ph\u1ea1m vi nhi\u1ec7t \u0111\u1ed9:<\/strong>\u00a0\u00a0-20\u00b0C \u0111\u1ebfn 55\u00b0C<\/li>\n<li class=\"my-1\"><strong class=\"font-serif text-lg font-medium\">B\u1ea3o v\u1ec7:<\/strong>\u00a0\u00a0V\u1ecf b\u1ecdc \u0111\u1ea1t chu\u1ea9n IP20<\/li>\n<li class=\"my-1\"><strong class=\"font-serif text-lg font-medium\">L\u1eafp \u0111\u1eb7t:<\/strong>\u00a0\u00a0T\u00f9y ch\u1ecdn g\u1eafn t\u01b0\u1eddng, s\u00e0n ho\u1eb7c gi\u00e1 \u0111\u1ee1<\/li>\n<\/ul>\n<i class=\"fas fa-download\"><\/i> DOWNLOAD<\/p>\n<ul>\n<li><a href=\"https:\/\/tpenergy.com.vn\/wp-content\/uploads\/2025\/03\/New-Batt-Datasheet-A-LV-3U-Battery-SE-G5.1-Pro-B-V2.1.pdf\">Datasheet<\/a><\/li>\n<li><a href=\"https:\/\/tpenergy.com.vn\/wp-content\/uploads\/2025\/03\/SE-G5.1PRO-B-_142.5210MM.pdf\">User Manual<\/a><\/li>\n<\/ul>\n","protected":false},"featured_media":5660,"comment_status":"open","ping_status":"closed","template":"","meta":{"_eb_attr":""},"product_cat":[1107],"product_tag":[370,803,804,805,806,802,800,801,1104],"class_list":{"0":"post-5658","1":"product","2":"type-product","3":"status-publish","4":"has-post-thumbnail","6":"product_cat-ap-thap","7":"product_tag-dien-mat-troi","8":"product_tag-lithium-deye","9":"product_tag-lithium-deye-ap-thap","10":"product_tag-pin-luu-tru-deye","11":"product_tag-pin-luu-tru-deye-ap-thap","12":"product_tag-pin-luu-tru-lithium-deye-51-2v-100ah","13":"product_tag-pin-luu-tru-lithium-deye-51-2v-100ah-se-g5-1-pro-b","14":"product_tag-se-g5-1-pro-b","15":"product_tag-thuan-phong","16":"pa_gia-khong-lap-dat","17":"pa_gia-lap-dat","19":"first","20":"instock","21":"shipping-taxable","22":"purchasable","23":"product-type-variable"},"yoast_head":"<!-- This site is optimized with the Yoast SEO plugin v20.9 - https:\/\/yoast.com\/wordpress\/plugins\/seo\/ -->\r\n<title>Pin l\u01b0u tr\u1eef lithium Deye 51.2V 100AH | Thu\u1eadn Phong Energy<\/title>\r\n<meta name=\"description\" content=\"Pin l\u01b0u tr\u1eef lithium Deye 51.2V 100AH - SE-G5.1 Pro-B t\u1eeb Deye Spring SE Series l\u00e0 l\u1ef1a ch\u1ecdn h\u00e0ng \u0111\u1ea7u cho pin n\u0103ng l\u01b0\u1ee3ng m\u1eb7t tr\u1eddi cho gia \u0111\u00ecnh\" \/>\r\n<meta name=\"robots\" content=\"index, follow, max-snippet:-1, max-image-preview:large, max-video-preview:-1\" \/>\r\n<link rel=\"canonical\" href=\"https:\/\/tpenergy.com.vn\/?product=pin-luu-tru-lithium-deye-51-2v-100ah-se-g5-1-pro-b\" \/>\r\n<meta property=\"og:locale\" content=\"vi_VN\" \/>\r\n<meta property=\"og:type\" content=\"article\" \/>\r\n<meta property=\"og:title\" content=\"Pin l\u01b0u tr\u1eef lithium Deye 51.2V 100AH | Thu\u1eadn Phong Energy\" \/>\r\n<meta property=\"og:description\" content=\"Pin l\u01b0u tr\u1eef lithium Deye 51.2V 100AH - SE-G5.1 Pro-B t\u1eeb Deye Spring SE Series l\u00e0 l\u1ef1a ch\u1ecdn h\u00e0ng \u0111\u1ea7u cho pin n\u0103ng l\u01b0\u1ee3ng m\u1eb7t tr\u1eddi cho gia \u0111\u00ecnh\" \/>\r\n<meta property=\"og:url\" content=\"https:\/\/tpenergy.com.vn\/?product=pin-luu-tru-lithium-deye-51-2v-100ah-se-g5-1-pro-b\" \/>\r\n<meta property=\"og:site_name\" content=\"Thuan Phong Solar Energy\" \/>\r\n<meta property=\"article:modified_time\" content=\"2025-11-12T01:46:28+00:00\" \/>\r\n<meta property=\"og:image\" content=\"https:\/\/tpenergy.com.vn\/wp-content\/uploads\/2025\/03\/logo-1.png\" \/>\r\n\t<meta property=\"og:image:width\" content=\"3750\" \/>\r\n\t<meta property=\"og:image:height\" content=\"3750\" \/>\r\n\t<meta property=\"og:image:type\" content=\"image\/png\" \/>\r\n<meta name=\"twitter:card\" content=\"summary_large_image\" \/>\r\n<meta name=\"twitter:label1\" content=\"\u01af\u1edbc t\u00ednh th\u1eddi gian \u0111\u1ecdc\" \/>\n\t<meta name=\"twitter:data1\" content=\"5 ph\u00fat\" \/>\r\n<script type=\"application\/ld+json\" class=\"yoast-schema-graph\">{\"@context\":\"https:\/\/schema.org\",\"@graph\":[{\"@type\":\"WebPage\",\"@id\":\"https:\/\/tpenergy.com.vn\/?product=pin-luu-tru-lithium-deye-51-2v-100ah-se-g5-1-pro-b\",\"url\":\"https:\/\/tpenergy.com.vn\/?product=pin-luu-tru-lithium-deye-51-2v-100ah-se-g5-1-pro-b\",\"name\":\"Pin l\u01b0u tr\u1eef lithium Deye 51.2V 100AH | Thu\u1eadn Phong Energy\",\"isPartOf\":{\"@id\":\"https:\/\/tpenergy.com.vn\/#website\"},\"datePublished\":\"2025-03-24T04:26:48+00:00\",\"dateModified\":\"2025-11-12T01:46:28+00:00\",\"description\":\"Pin l\u01b0u tr\u1eef lithium Deye 51.2V 100AH - SE-G5.1 Pro-B t\u1eeb Deye Spring SE Series l\u00e0 l\u1ef1a ch\u1ecdn h\u00e0ng \u0111\u1ea7u cho pin n\u0103ng l\u01b0\u1ee3ng m\u1eb7t tr\u1eddi cho gia \u0111\u00ecnh\",\"breadcrumb\":{\"@id\":\"https:\/\/tpenergy.com.vn\/?product=pin-luu-tru-lithium-deye-51-2v-100ah-se-g5-1-pro-b#breadcrumb\"},\"inLanguage\":\"vi\",\"potentialAction\":[{\"@type\":\"ReadAction\",\"target\":[\"https:\/\/tpenergy.com.vn\/?product=pin-luu-tru-lithium-deye-51-2v-100ah-se-g5-1-pro-b\"]}]},{\"@type\":\"BreadcrumbList\",\"@id\":\"https:\/\/tpenergy.com.vn\/?product=pin-luu-tru-lithium-deye-51-2v-100ah-se-g5-1-pro-b#breadcrumb\",\"itemListElement\":[{\"@type\":\"ListItem\",\"position\":1,\"name\":\"Trang ch\u1ee7\",\"item\":\"https:\/\/tpenergy.com.vn\/\"},{\"@type\":\"ListItem\",\"position\":2,\"name\":\"Shop\",\"item\":\"https:\/\/tpenergy.com.vn\/?page_id=5\"},{\"@type\":\"ListItem\",\"position\":3,\"name\":\"PIN L\u01afU TR\u1eee\",\"item\":\"https:\/\/tpenergy.com.vn\/?product_cat=pinluutru\"},{\"@type\":\"ListItem\",\"position\":4,\"name\":\"PIN LITHIUM DEYE\",\"item\":\"https:\/\/tpenergy.com.vn\/?product_cat=pin-lithium-deye\"},{\"@type\":\"ListItem\",\"position\":5,\"name\":\"\u00c1P TH\u1ea4P\",\"item\":\"https:\/\/tpenergy.com.vn\/?product_cat=ap-thap\"},{\"@type\":\"ListItem\",\"position\":6,\"name\":\"Pin l\u01b0u tr\u1eef lithium Deye 51.2V 100AH &#8211; SE-G5.1 Pro-B\"}]},{\"@type\":\"WebSite\",\"@id\":\"https:\/\/tpenergy.com.vn\/#website\",\"url\":\"https:\/\/tpenergy.com.vn\/\",\"name\":\"Thuan Phong Solar Energy\",\"description\":\"\",\"potentialAction\":[{\"@type\":\"SearchAction\",\"target\":{\"@type\":\"EntryPoint\",\"urlTemplate\":\"https:\/\/tpenergy.com.vn\/?s={search_term_string}\"},\"query-input\":\"required name=search_term_string\"}],\"inLanguage\":\"vi\"}]}<\/script>\r\n<!-- \/ Yoast SEO plugin. -->","yoast_head_json":{"title":"Pin l\u01b0u tr\u1eef lithium Deye 51.2V 100AH | Thu\u1eadn Phong Energy","description":"Pin l\u01b0u tr\u1eef lithium Deye 51.2V 100AH - SE-G5.1 Pro-B t\u1eeb Deye Spring SE Series l\u00e0 l\u1ef1a ch\u1ecdn h\u00e0ng \u0111\u1ea7u cho pin n\u0103ng l\u01b0\u1ee3ng m\u1eb7t tr\u1eddi cho gia \u0111\u00ecnh","robots":{"index":"index","follow":"follow","max-snippet":"max-snippet:-1","max-image-preview":"max-image-preview:large","max-video-preview":"max-video-preview:-1"},"canonical":"https:\/\/tpenergy.com.vn\/?product=pin-luu-tru-lithium-deye-51-2v-100ah-se-g5-1-pro-b","og_locale":"vi_VN","og_type":"article","og_title":"Pin l\u01b0u tr\u1eef lithium Deye 51.2V 100AH | Thu\u1eadn Phong Energy","og_description":"Pin l\u01b0u tr\u1eef lithium Deye 51.2V 100AH - SE-G5.1 Pro-B t\u1eeb Deye Spring SE Series l\u00e0 l\u1ef1a ch\u1ecdn h\u00e0ng \u0111\u1ea7u cho pin n\u0103ng l\u01b0\u1ee3ng m\u1eb7t tr\u1eddi cho gia \u0111\u00ecnh","og_url":"https:\/\/tpenergy.com.vn\/?product=pin-luu-tru-lithium-deye-51-2v-100ah-se-g5-1-pro-b","og_site_name":"Thuan Phong Solar Energy","article_modified_time":"2025-11-12T01:46:28+00:00","og_image":[{"width":3750,"height":3750,"url":"https:\/\/tpenergy.com.vn\/wp-content\/uploads\/2025\/03\/logo-1.png","type":"image\/png"}],"twitter_card":"summary_large_image","twitter_misc":{"\u01af\u1edbc t\u00ednh th\u1eddi gian \u0111\u1ecdc":"5 ph\u00fat"},"schema":{"@context":"https:\/\/schema.org","@graph":[{"@type":"WebPage","@id":"https:\/\/tpenergy.com.vn\/?product=pin-luu-tru-lithium-deye-51-2v-100ah-se-g5-1-pro-b","url":"https:\/\/tpenergy.com.vn\/?product=pin-luu-tru-lithium-deye-51-2v-100ah-se-g5-1-pro-b","name":"Pin l\u01b0u tr\u1eef lithium Deye 51.2V 100AH | Thu\u1eadn Phong Energy","isPartOf":{"@id":"https:\/\/tpenergy.com.vn\/#website"},"datePublished":"2025-03-24T04:26:48+00:00","dateModified":"2025-11-12T01:46:28+00:00","description":"Pin l\u01b0u tr\u1eef lithium Deye 51.2V 100AH - SE-G5.1 Pro-B t\u1eeb Deye Spring SE Series l\u00e0 l\u1ef1a ch\u1ecdn h\u00e0ng \u0111\u1ea7u cho pin n\u0103ng l\u01b0\u1ee3ng m\u1eb7t tr\u1eddi cho gia \u0111\u00ecnh","breadcrumb":{"@id":"https:\/\/tpenergy.com.vn\/?product=pin-luu-tru-lithium-deye-51-2v-100ah-se-g5-1-pro-b#breadcrumb"},"inLanguage":"vi","potentialAction":[{"@type":"ReadAction","target":["https:\/\/tpenergy.com.vn\/?product=pin-luu-tru-lithium-deye-51-2v-100ah-se-g5-1-pro-b"]}]},{"@type":"BreadcrumbList","@id":"https:\/\/tpenergy.com.vn\/?product=pin-luu-tru-lithium-deye-51-2v-100ah-se-g5-1-pro-b#breadcrumb","itemListElement":[{"@type":"ListItem","position":1,"name":"Trang ch\u1ee7","item":"https:\/\/tpenergy.com.vn\/"},{"@type":"ListItem","position":2,"name":"Shop","item":"https:\/\/tpenergy.com.vn\/?page_id=5"},{"@type":"ListItem","position":3,"name":"PIN L\u01afU TR\u1eee","item":"https:\/\/tpenergy.com.vn\/?product_cat=pinluutru"},{"@type":"ListItem","position":4,"name":"PIN LITHIUM DEYE","item":"https:\/\/tpenergy.com.vn\/?product_cat=pin-lithium-deye"},{"@type":"ListItem","position":5,"name":"\u00c1P TH\u1ea4P","item":"https:\/\/tpenergy.com.vn\/?product_cat=ap-thap"},{"@type":"ListItem","position":6,"name":"Pin l\u01b0u tr\u1eef lithium Deye 51.2V 100AH &#8211; SE-G5.1 Pro-B"}]},{"@type":"WebSite","@id":"https:\/\/tpenergy.com.vn\/#website","url":"https:\/\/tpenergy.com.vn\/","name":"Thuan Phong Solar Energy","description":"","potentialAction":[{"@type":"SearchAction","target":{"@type":"EntryPoint","urlTemplate":"https:\/\/tpenergy.com.vn\/?s={search_term_string}"},"query-input":"required name=search_term_string"}],"inLanguage":"vi"}]}},"_links":{"self":[{"href":"https:\/\/tpenergy.com.vn\/index.php?rest_route=\/wp\/v2\/product\/5658"}],"collection":[{"href":"https:\/\/tpenergy.com.vn\/index.php?rest_route=\/wp\/v2\/product"}],"about":[{"href":"https:\/\/tpenergy.com.vn\/index.php?rest_route=\/wp\/v2\/types\/product"}],"replies":[{"embeddable":true,"href":"https:\/\/tpenergy.com.vn\/index.php?rest_route=%2Fwp%2Fv2%2Fcomments&post=5658"}],"wp:featuredmedia":[{"embeddable":true,"href":"https:\/\/tpenergy.com.vn\/index.php?rest_route=\/wp\/v2\/media\/5660"}],"wp:attachment":[{"href":"https:\/\/tpenergy.com.vn\/index.php?rest_route=%2Fwp%2Fv2%2Fmedia&parent=5658"}],"wp:term":[{"taxonomy":"product_cat","embeddable":true,"href":"https:\/\/tpenergy.com.vn\/index.php?rest_route=%2Fwp%2Fv2%2Fproduct_cat&post=5658"},{"taxonomy":"product_tag","embeddable":true,"href":"https:\/\/tpenergy.com.vn\/index.php?rest_route=%2Fwp%2Fv2%2Fproduct_tag&post=5658"}],"curies":[{"name":"wp","href":"https:\/\/api.w.org\/{rel}","templated":true}]}}