{"id":5300,"date":"2024-10-11T15:14:41","date_gmt":"2024-10-11T08:14:41","guid":{"rendered":"https:\/\/tpenergy.com.vn\/?post_type=product&#038;p=5300"},"modified":"2025-10-23T13:55:56","modified_gmt":"2025-10-23T06:55:56","slug":"vo-tu-dien-mat-troi-etek-ha-4way","status":"publish","type":"product","link":"https:\/\/tpenergy.com.vn\/?product=vo-tu-dien-mat-troi-etek-ha-4way","title":{"rendered":"V\u1ecf t\u1ee7 \u0111i\u1ec7n m\u1eb7t tr\u1eddi ETEK HA-4WAY"},"content":{"rendered":"<h2><strong>\u0110\u1eb7c \u0111i\u1ec3m n\u1ed5i b\u1eadt c\u1ee7a t\u1ee7 \u0111i\u1ec7n m\u1eb7t tr\u1eddi ETEK HA-4WAY:<\/strong><\/h2>\n<ol>\n<li>\n<h3><strong>\u00a0Thi\u1ebft k\u1ebf nh\u1ecf g\u1ecdn<\/strong><\/h3>\n<\/li>\n<\/ol>\n<p>V\u1edbi k\u00edch th\u01b0\u1edbc nh\u1ecf g\u1ecdn,<strong>\u00a0t\u1ee7 \u0111i\u1ec7n 4 way<\/strong>\u00a0thu\u1eadn ti\u1ec7n cho vi\u1ec7c s\u1eed d\u1ee5ng v\u00e0 l\u1eafp \u0111\u1eb7t. Ki\u1ec3u d\u00e1ng h\u00ecnh ch\u1eef nh\u1eadt hi\u1ec7n \u0111\u1ea1i, chi\u1ebfc\u00a0<strong>t\u1ee7 \u0111i\u1ec7n n\u0103ng l\u01b0\u1ee3ng m\u1eb7t tr\u1eddi HA 4 \u0111\u01b0\u1eddng<\/strong>\u00a0\u0111em \u0111\u1ebfn cho ng\u01b0\u1eddi s\u1eed d\u1ee5ng c\u1ea3m gi\u00e1c h\u00e0i l\u00f2ng nh\u1ea5t. Kh\u1ea3 n\u0103ng ch\u1ee9a t\u1ed1i \u0111a c\u1ee7a t\u1ee7 \u0111i\u1ec7n l\u00e0 4 MCB, ph\u00f9 h\u1ee3p v\u1edbi\u00a0<strong>d\u1ef1 \u00e1n \u0111i\u1ec7n m\u1eb7t tr\u1eddi 3kW, 5kW, 10kW.<\/strong>..<\/p>\n<p><img loading=\"lazy\" decoding=\"async\" class=\"size-full wp-image-5301 aligncenter\" src=\"https:\/\/tpenergy.com.vn\/wp-content\/uploads\/2024\/10\/HA4WAY.jpg\" alt=\"\" width=\"702\" height=\"702\" srcset=\"https:\/\/tpenergy.com.vn\/wp-content\/uploads\/2024\/10\/HA4WAY.jpg 702w, https:\/\/tpenergy.com.vn\/wp-content\/uploads\/2024\/10\/HA4WAY-247x247.jpg 247w, https:\/\/tpenergy.com.vn\/wp-content\/uploads\/2024\/10\/HA4WAY-510x510.jpg 510w, https:\/\/tpenergy.com.vn\/wp-content\/uploads\/2024\/10\/HA4WAY-100x100.jpg 100w\" sizes=\"(max-width: 702px) 100vw, 702px\" \/><\/p>\n<h3><strong>2.\u00a0 Gi\u00e1 th\u00e0nh r\u1ebb<\/strong><\/h3>\n<p>Nh\u1edd \u0111\u01b0\u1ee3c thi\u1ebft k\u1ebf nh\u1ecf g\u1ecdn, \u0111\u01b0\u1ee3c s\u1ea3n xu\u1ea5t tr\u00ean d\u00e2y chuy\u1ec1n s\u1ed1 l\u01b0\u1ee3ng l\u1edbn, nguy\u00ean li\u1ec7u s\u1ea3n ph\u1ea9m gi\u00e1 th\u00e0nh th\u1ea5p. N\u00ean \u0111\u1ec3 s\u1edf h\u1eefu 01 chi\u1ebfc<strong>\u00a0t\u1ee7 \u0111i\u1ec7n n\u0103ng l\u01b0\u1ee3ng m\u1eb7t tr\u1eddi<\/strong> c\u00f3 \u0111\u1ea7y \u0111\u1ee7 ch\u1ee9c n\u0103ng v\u00e0 nhi\u1ec1u \u01b0u \u0111i\u1ec3m th\u00ec Qu\u00fd kh\u00e1ch h\u00e0ng kh\u00f4ng c\u1ea7n b\u1ecf ra s\u1ed1 ti\u1ec1n qu\u00e1 l\u1edbn.<\/p>\n<h3><strong>3. Ch\u1ea5t li\u1ec7u b\u1ec1n, tu\u1ed5i th\u1ecd l\u00e2u d\u00e0i<\/strong><\/h3>\n<p><strong>V\u1ecf t\u1ee7 \u0111i\u1ec7n m\u1eb7t tr\u1eddi ETEK HA-4Way <\/strong>\u0111\u01b0\u1ee3c l\u00e0m b\u1eb1ng nh\u1ef1a ABS n\u00ean c\u00f3 \u0111\u1ed9 b\u1ec1n cao. Nh\u1ef1a ABS l\u00e0 ch\u1ea5t li\u1ec7u \u0111\u01b0\u1ee3c s\u1eed d\u1ee5ng ph\u1ed5 bi\u1ebfn hi\u1ec7n nay b\u1edfi v\u00ec ch\u00fang c\u1ef1c k\u00ec b\u1ec1n v\u00e0 gi\u00e1 th\u00e0nh r\u1ebb. Khi s\u1eed d\u1ee5ng<strong>\u00a0t\u1ee7 \u0111i\u1ec7n Solar 4 way<\/strong>\u00a0Qu\u00fd kh\u00e1ch h\u00e0ng kh\u00f4ng lo b\u1ecb va \u0111\u1eadp, bi\u1ebfn \u0111\u1ed5i h\u00ecnh d\u1ea1ng do \u0111i\u1ec1u ki\u1ec7n b\u00ean ngo\u00e0i t\u00e1c \u0111\u1ed9ng.\u00a0<strong>T\u1ee7 \u0111i\u1ec7n n\u0103ng l\u01b0\u1ee3ng m\u1eb7t tr\u1eddi HA-4Way<\/strong>\u00a0c\u00f3 th\u1ec3 s\u1eed d\u1ee5ng \u1edf nhi\u1ec1u m\u00f4i tr\u01b0\u1eddng kh\u00e1c nhau, b\u1ec1 m\u1eb7t n\u1eafp \u0111\u01b0\u1ee3c l\u00e0m b\u1eb1ng ch\u1ea5t li\u1ec7u nh\u1ef1a PC trong su\u1ed1t d\u1ec5 d\u00e0ng theo d\u00f5i v\u00e0 b\u1ea3o d\u01b0\u1ee1ng.<\/p>\n<h3><strong>4. Kh\u1ea3 n\u0103ng ch\u1ed1ng n\u01b0\u1edbc, b\u1ee5i t\u1ed1t<\/strong><\/h3>\n<p>\u0110\u1ec3 \u0111\u1ea1t \u0111\u01b0\u1ee3c hi\u1ec7u su\u1ea5t t\u1ed1i \u0111a v\u1ec1 nhi\u1ec7m v\u1ee5 b\u1ea3o v\u1ec7 thi\u1ebft b\u1ecb c\u1ee7a m\u00ecnh,<strong>\u00a0t\u1ee7 \u0111i\u1ec7n Solar HA 4 way<\/strong>\u00a0\u0111\u01b0\u1ee3c trang b\u1ecb cho m\u00ecnh c\u1ea5p b\u1ea3o v\u1ec7 IP65 c\u00f3 kh\u1ea3 n\u0103ng ch\u1ed1ng b\u1ee5i, ch\u1ed1ng n\u01b0\u1edbc c\u1ef1c k\u00ec t\u1ed1t. Qu\u00fd kh\u00e1ch h\u00e0ng khi s\u1eed d\u1ee5ng c\u00f3 th\u1ec3 l\u1eafp \u0111\u1eb7t t\u1ee7 \u0111i\u1ec7n m\u1eb7t tr\u1eddi \u1edf nhi\u1ec1u m\u00f4i tr\u01b0\u1eddng kh\u00e1c nhau.<\/p>\n<p><img loading=\"lazy\" decoding=\"async\" class=\"size-full wp-image-5302 aligncenter\" src=\"https:\/\/tpenergy.com.vn\/wp-content\/uploads\/2024\/10\/HA-4-WAY.jpg\" alt=\"\" width=\"354\" height=\"341\" srcset=\"https:\/\/tpenergy.com.vn\/wp-content\/uploads\/2024\/10\/HA-4-WAY.jpg 354w, https:\/\/tpenergy.com.vn\/wp-content\/uploads\/2024\/10\/HA-4-WAY-247x238.jpg 247w\" sizes=\"(max-width: 354px) 100vw, 354px\" \/><\/p>\n<h4><strong>T\u1ee7 \u0111i\u1ec7n n\u0103ng l\u01b0\u1ee3ng m\u1eb7t tr\u1eddi<\/strong>\u00a0l\u00e0 thi\u1ebft b\u1ecb ph\u1ee5 ki\u1ec7n kh\u00f4ng th\u1ec3 thi\u1ebfu trong qu\u00e1 tr\u00ecnh thi c\u00f4ng h\u1ec7 th\u1ed1ng \u0111i\u1ec7n m\u1eb7t tr\u1eddi. Khi s\u1eed d\u1ee5ng<strong> v\u1ecf t\u1ee7 \u0111i\u1ec7n m\u1eb7t tr\u1eddi ETEK HA-4WAY<\/strong>\u00a0Qu\u00fd kh\u00e1ch h\u00e0ng s\u1ebd \u0111\u01b0\u1ee3c:<\/h4>\n<ul>\n<li>B\u1ea3o v\u1ec7 c\u00e1c thi\u1ebft b\u1ecb quan tr\u1ecdng kh\u1ecfi m\u00f4i tr\u01b0\u1eddng b\u00ean ngo\u00e0i<\/li>\n<li>T\u0103ng t\u00ednh th\u1ea9m m\u1ef9 v\u00e0 chuy\u00ean nghi\u1ec7p cho d\u1ef1 \u00e1n<\/li>\n<li>Ti\u1ebft ki\u1ec7m \u0111\u01b0\u1ee3c ti\u1ec1n b\u1ea1c<\/li>\n<li>Ch\u1ea5t li\u1ec7u b\u1ec1n, c\u00f3 tu\u1ed5i th\u1ecd l\u00e2u<\/li>\n<li>D\u1ec5 d\u00e0ng theo d\u00f5i v\u00e0 b\u1ea3o d\u01b0\u1ee1ng<\/li>\n<\/ul>\n<div class=\"box\">\n<p><strong>\u0110\u01a1n v\u1ecb ph\u00e2n ph\u1ed1i <a href=\"https:\/\/tpenergy.com.vn\/index.php\/danh-muc-sp\/phu-kien\/thiet-bi-chong-set-lan-truyen\/etek\/\">V\u1ecf t\u1ee7 \u0111i\u1ec7n ETEK ch\u00ednh h\u00e3ng<\/a>:<\/strong>C\u00f4ng ty TNHH Th\u01b0\u01a1ng m\u1ea1i D\u1ecbch v\u1ee5 C\u01a1 \u0111i\u1ec7n Thu\u1eadn Phong l\u00e0 \u0111\u1ea1i l\u00fd ph\u00e2n ph\u1ed1i thi\u1ebft b\u1ecb \u0111i\u1ec7n ETEK ch\u00ednh h\u00e3ng t\u1ea1i th\u1ecb tr\u01b0\u1eddng Vi\u1ec7t Nam.<\/p>\n<\/div>\n<div class=\"box\">\n<div class=\"x11i5rnm xat24cr x1mh8g0r x1vvkbs xtlvy1s x126k92a\">\n<h4 dir=\"auto\">S\u1ea3n ph\u1ea9m c\u1ee7a Thu\u1eadn Phong khi \u0111\u1ebfn tay \u0111\u1ea1i l\u00fd lu\u00f4n \u0111\u1ea3m b\u1ea3o:<\/h4>\n<ul>\n<li dir=\"auto\">H\u00e0ng h\u00f3a ch\u00ednh h\u00e3ng, \u0111\u1ea7y \u0111\u1ee7 CO, CQ, VAT cho d\u1ef1 \u00e1n<\/li>\n<li dir=\"auto\">Gi\u00e1 lu\u00f4n c\u1ea1nh tranh nh\u1edd nh\u1eadp kh\u1ea9u tr\u1ef1c ti\u1ebfp.<\/li>\n<li dir=\"auto\">C\u1ea5p s\u1ec9 to\u00e0n qu\u1ed1c. V\u1eadn chuy\u1ec3n t\u1eadn n\u01a1i.<\/li>\n<\/ul>\n<\/div>\n<div class=\"x11i5rnm xat24cr x1mh8g0r x1vvkbs xtlvy1s x126k92a\">\n<div dir=\"auto\">\u00a0N\u1ebfu b\u1ea1n \u0111ang loay hoay t\u00ecm ki\u1ebfm d\u00f2ng s\u1ea3n ph\u1ea9m th\u1ef1c s\u1ef1 ch\u1ea5t l\u01b0\u1ee3ng \u0111\u1ec3 ph\u00e2n ph\u1ed1i li\u00ean h\u1ec7 v\u1edbi Thu\u1eadn Phong qua hotline: <strong>0869.564.567<\/strong><\/div>\n<div dir=\"auto\">\n<div dir=\"auto\">&#8212;&#8212;&#8212;&#8212;&#8212;&#8212;&#8212;&#8212;&#8212;&#8212;-<\/div>\n<div dir=\"auto\">CH\u1eccN THU\u1eacN PHONG &#8211; CH\u1eccN S\u1ef0 AN T\u00c2M<br \/>\nHotline: 0869.564.567<br \/>\nKinh doanh: 0867.577.357<br \/>\nK\u1ef9 thu\u1eadt: 0899.768.777<br \/>\nTr\u1ee5 s\u1edf ch\u00ednh: 30 Nguy\u1ec5n H\u1eefu D\u1eadt, ph\u01b0\u1eddng \u0110\u1ed3ng H\u1edbi, t\u1ec9nh Qu\u1ea3ng Tr\u1ecb, Vi\u1ec7t Nam<br \/>\nTr\u1ee5 s\u1edf H\u00e0 N\u1ed9i: Nh\u00e0 ph\u1ed1 th\u01b0\u01a1ng m\u1ea1i Khai S\u01a1n Town s\u1ed1 18 thu\u1ed9c Town 7, khu \u0111\u00f4 th\u1ecb Khai S\u01a1n City, ph\u01b0\u1eddng B\u1ed3 \u0110\u1ec1, Th\u00e0nh ph\u1ed1 H\u00e0 N\u1ed9i<br \/>\nWebsite: https:\/\/tpenergy.com.vn\/<br \/>\nShopee: https:\/\/byvn.net\/E1oJ<br \/>\nLazada: https:\/\/byvn.net\/VYPr<\/div>\n<\/div>\n<\/div>\n<\/div>\n","protected":false},"excerpt":{"rendered":"<div class=\"line_h22 c-s\">\n<p>Th\u00f4ng s\u1ed1 s\u1ea3n ph\u1ea9m:<\/p>\n<ul>\n<li class=\"pctemp line_h22\">C\u1ea5p \u0111\u1ed9 b\u1ea3o v\u1ec7 : IP65 Ch\u1ea5t li\u1ec7u v\u1ecf: ABS<\/li>\n<li class=\"pctemp line_h22\">C\u1eeda: PC trong su\u1ed1t Mothod c\u1ee7a c\u00e0i \u0111\u1eb7t b\u1ec1 m\u1eb7t g\u1eafn k\u1ebft<\/li>\n<li class=\"pctemp line_h22\">K\u00edch th\u01b0\u1edbc: 140mm*210mm*100mm<\/li>\n<li class=\"pctemp line_h22\">Tr\u1ecdng l\u01b0\u1ee3ng: 0.52Kg<\/li>\n<li class=\"pctemp line_h22\">M\u00e3 h\u00e0ng:<span style=\"font-size: 14.4px;\"> HA-4<\/span><\/li>\n<li class=\"pctemp line_h22\">Th\u01b0\u01a1ng hi\u1ec7u:<span style=\"font-size: 14.4px;\">\u00a0ETEK<\/span><\/li>\n<\/ul>\n<\/div>\n","protected":false},"featured_media":5302,"comment_status":"open","ping_status":"closed","template":"","meta":{"_eb_attr":""},"product_cat":[733],"product_tag":[677,699,700,698,697],"class_list":{"0":"post-5300","1":"product","2":"type-product","3":"status-publish","4":"has-post-thumbnail","6":"product_cat-vo-tu-dien-mat-troi-etek","7":"product_tag-etek","8":"product_tag-ha-4","9":"product_tag-ha-4way","10":"product_tag-vo-tu-dien","11":"product_tag-vo-tu-dien-mat-troi-etek-ha-4way","12":"pa_gia-khong-lap-dat","13":"pa_gia-lap-dat","15":"first","16":"instock","17":"shipping-taxable","18":"purchasable","19":"product-type-variable"},"yoast_head":"<!-- This site is optimized with the Yoast SEO plugin v20.9 - https:\/\/yoast.com\/wordpress\/plugins\/seo\/ -->\r\n<title>V\u1ecf t\u1ee7 \u0111i\u1ec7n m\u1eb7t tr\u1eddi ETEK HA-4WAY - Thuan Phong Solar Energy<\/title>\r\n<meta name=\"description\" content=\"T\u1ee7 \u0111i\u1ec7n n\u0103ng l\u01b0\u1ee3ng m\u1eb7t tr\u1eddi\u00a0l\u00e0 thi\u1ebft b\u1ecb ph\u1ee5 ki\u1ec7n kh\u00f4ng th\u1ec3 thi\u1ebfu trong thi c\u00f4ng h\u1ec7 th\u1ed1ng \u0111i\u1ec7n m\u1eb7t tr\u1eddi. Khi s\u1eed d\u1ee5ng v\u1ecf t\u1ee7 \u0111i\u1ec7n m\u1eb7t tr\u1eddi ETEK HA-4WAY\" \/>\r\n<meta name=\"robots\" content=\"index, follow, max-snippet:-1, max-image-preview:large, max-video-preview:-1\" \/>\r\n<link rel=\"canonical\" href=\"https:\/\/tpenergy.com.vn\/?product=vo-tu-dien-mat-troi-etek-ha-4way\" \/>\r\n<meta property=\"og:locale\" content=\"vi_VN\" \/>\r\n<meta property=\"og:type\" content=\"article\" \/>\r\n<meta property=\"og:title\" content=\"V\u1ecf t\u1ee7 \u0111i\u1ec7n m\u1eb7t tr\u1eddi ETEK HA-4WAY - Thuan Phong Solar Energy\" \/>\r\n<meta property=\"og:description\" content=\"T\u1ee7 \u0111i\u1ec7n n\u0103ng l\u01b0\u1ee3ng m\u1eb7t tr\u1eddi\u00a0l\u00e0 thi\u1ebft b\u1ecb ph\u1ee5 ki\u1ec7n kh\u00f4ng th\u1ec3 thi\u1ebfu trong thi c\u00f4ng h\u1ec7 th\u1ed1ng \u0111i\u1ec7n m\u1eb7t tr\u1eddi. Khi s\u1eed d\u1ee5ng v\u1ecf t\u1ee7 \u0111i\u1ec7n m\u1eb7t tr\u1eddi ETEK HA-4WAY\" \/>\r\n<meta property=\"og:url\" content=\"https:\/\/tpenergy.com.vn\/?product=vo-tu-dien-mat-troi-etek-ha-4way\" \/>\r\n<meta property=\"og:site_name\" content=\"Thuan Phong Solar Energy\" \/>\r\n<meta property=\"article:modified_time\" content=\"2025-10-23T06:55:56+00:00\" \/>\r\n<meta property=\"og:image\" content=\"https:\/\/tpenergy.com.vn\/wp-content\/uploads\/2024\/10\/HA-4-WAY.jpg\" \/>\r\n\t<meta property=\"og:image:width\" content=\"354\" \/>\r\n\t<meta property=\"og:image:height\" content=\"341\" \/>\r\n\t<meta property=\"og:image:type\" content=\"image\/jpeg\" \/>\r\n<meta name=\"twitter:card\" content=\"summary_large_image\" \/>\r\n<meta name=\"twitter:label1\" content=\"\u01af\u1edbc t\u00ednh th\u1eddi gian \u0111\u1ecdc\" \/>\n\t<meta name=\"twitter:data1\" content=\"4 ph\u00fat\" \/>\r\n<script type=\"application\/ld+json\" class=\"yoast-schema-graph\">{\"@context\":\"https:\/\/schema.org\",\"@graph\":[{\"@type\":\"WebPage\",\"@id\":\"https:\/\/tpenergy.com.vn\/?product=vo-tu-dien-mat-troi-etek-ha-4way\",\"url\":\"https:\/\/tpenergy.com.vn\/?product=vo-tu-dien-mat-troi-etek-ha-4way\",\"name\":\"V\u1ecf t\u1ee7 \u0111i\u1ec7n m\u1eb7t tr\u1eddi ETEK HA-4WAY - Thuan Phong Solar Energy\",\"isPartOf\":{\"@id\":\"https:\/\/tpenergy.com.vn\/#website\"},\"datePublished\":\"2024-10-11T08:14:41+00:00\",\"dateModified\":\"2025-10-23T06:55:56+00:00\",\"description\":\"T\u1ee7 \u0111i\u1ec7n n\u0103ng l\u01b0\u1ee3ng m\u1eb7t tr\u1eddi\u00a0l\u00e0 thi\u1ebft b\u1ecb ph\u1ee5 ki\u1ec7n kh\u00f4ng th\u1ec3 thi\u1ebfu trong thi c\u00f4ng h\u1ec7 th\u1ed1ng \u0111i\u1ec7n m\u1eb7t tr\u1eddi. Khi s\u1eed d\u1ee5ng v\u1ecf t\u1ee7 \u0111i\u1ec7n m\u1eb7t tr\u1eddi ETEK HA-4WAY\",\"breadcrumb\":{\"@id\":\"https:\/\/tpenergy.com.vn\/?product=vo-tu-dien-mat-troi-etek-ha-4way#breadcrumb\"},\"inLanguage\":\"vi\",\"potentialAction\":[{\"@type\":\"ReadAction\",\"target\":[\"https:\/\/tpenergy.com.vn\/?product=vo-tu-dien-mat-troi-etek-ha-4way\"]}]},{\"@type\":\"BreadcrumbList\",\"@id\":\"https:\/\/tpenergy.com.vn\/?product=vo-tu-dien-mat-troi-etek-ha-4way#breadcrumb\",\"itemListElement\":[{\"@type\":\"ListItem\",\"position\":1,\"name\":\"Trang ch\u1ee7\",\"item\":\"https:\/\/tpenergy.com.vn\/\"},{\"@type\":\"ListItem\",\"position\":2,\"name\":\"Shop\",\"item\":\"https:\/\/tpenergy.com.vn\/?page_id=5\"},{\"@type\":\"ListItem\",\"position\":3,\"name\":\"PH\u1ee4 KI\u1ec6N\",\"item\":\"https:\/\/tpenergy.com.vn\/danh-muc-sp\/phu-kien\/\"},{\"@type\":\"ListItem\",\"position\":4,\"name\":\"V\u1ece T\u1ee6 \u0110I\u1ec6N M\u1eb6T TR\u1edcI ETEK\",\"item\":\"https:\/\/tpenergy.com.vn\/index.php\/danh-muc-sp\/phu-kien\/vo-tu-dien-mat-troi-etek\/\"},{\"@type\":\"ListItem\",\"position\":5,\"name\":\"V\u1ecf t\u1ee7 \u0111i\u1ec7n m\u1eb7t tr\u1eddi ETEK HA-4WAY\"}]},{\"@type\":\"WebSite\",\"@id\":\"https:\/\/tpenergy.com.vn\/#website\",\"url\":\"https:\/\/tpenergy.com.vn\/\",\"name\":\"Thuan Phong Solar Energy\",\"description\":\"\",\"potentialAction\":[{\"@type\":\"SearchAction\",\"target\":{\"@type\":\"EntryPoint\",\"urlTemplate\":\"https:\/\/tpenergy.com.vn\/?s={search_term_string}\"},\"query-input\":\"required name=search_term_string\"}],\"inLanguage\":\"vi\"}]}<\/script>\r\n<!-- \/ Yoast SEO plugin. -->","yoast_head_json":{"title":"V\u1ecf t\u1ee7 \u0111i\u1ec7n m\u1eb7t tr\u1eddi ETEK HA-4WAY - Thuan Phong Solar Energy","description":"T\u1ee7 \u0111i\u1ec7n n\u0103ng l\u01b0\u1ee3ng m\u1eb7t tr\u1eddi\u00a0l\u00e0 thi\u1ebft b\u1ecb ph\u1ee5 ki\u1ec7n kh\u00f4ng th\u1ec3 thi\u1ebfu trong thi c\u00f4ng h\u1ec7 th\u1ed1ng \u0111i\u1ec7n m\u1eb7t tr\u1eddi. Khi s\u1eed d\u1ee5ng v\u1ecf t\u1ee7 \u0111i\u1ec7n m\u1eb7t tr\u1eddi ETEK HA-4WAY","robots":{"index":"index","follow":"follow","max-snippet":"max-snippet:-1","max-image-preview":"max-image-preview:large","max-video-preview":"max-video-preview:-1"},"canonical":"https:\/\/tpenergy.com.vn\/?product=vo-tu-dien-mat-troi-etek-ha-4way","og_locale":"vi_VN","og_type":"article","og_title":"V\u1ecf t\u1ee7 \u0111i\u1ec7n m\u1eb7t tr\u1eddi ETEK HA-4WAY - Thuan Phong Solar Energy","og_description":"T\u1ee7 \u0111i\u1ec7n n\u0103ng l\u01b0\u1ee3ng m\u1eb7t tr\u1eddi\u00a0l\u00e0 thi\u1ebft b\u1ecb ph\u1ee5 ki\u1ec7n kh\u00f4ng th\u1ec3 thi\u1ebfu trong thi c\u00f4ng h\u1ec7 th\u1ed1ng \u0111i\u1ec7n m\u1eb7t tr\u1eddi. Khi s\u1eed d\u1ee5ng v\u1ecf t\u1ee7 \u0111i\u1ec7n m\u1eb7t tr\u1eddi ETEK HA-4WAY","og_url":"https:\/\/tpenergy.com.vn\/?product=vo-tu-dien-mat-troi-etek-ha-4way","og_site_name":"Thuan Phong Solar Energy","article_modified_time":"2025-10-23T06:55:56+00:00","og_image":[{"width":354,"height":341,"url":"https:\/\/tpenergy.com.vn\/wp-content\/uploads\/2024\/10\/HA-4-WAY.jpg","type":"image\/jpeg"}],"twitter_card":"summary_large_image","twitter_misc":{"\u01af\u1edbc t\u00ednh th\u1eddi gian \u0111\u1ecdc":"4 ph\u00fat"},"schema":{"@context":"https:\/\/schema.org","@graph":[{"@type":"WebPage","@id":"https:\/\/tpenergy.com.vn\/?product=vo-tu-dien-mat-troi-etek-ha-4way","url":"https:\/\/tpenergy.com.vn\/?product=vo-tu-dien-mat-troi-etek-ha-4way","name":"V\u1ecf t\u1ee7 \u0111i\u1ec7n m\u1eb7t tr\u1eddi ETEK HA-4WAY - Thuan Phong Solar Energy","isPartOf":{"@id":"https:\/\/tpenergy.com.vn\/#website"},"datePublished":"2024-10-11T08:14:41+00:00","dateModified":"2025-10-23T06:55:56+00:00","description":"T\u1ee7 \u0111i\u1ec7n n\u0103ng l\u01b0\u1ee3ng m\u1eb7t tr\u1eddi\u00a0l\u00e0 thi\u1ebft b\u1ecb ph\u1ee5 ki\u1ec7n kh\u00f4ng th\u1ec3 thi\u1ebfu trong thi c\u00f4ng h\u1ec7 th\u1ed1ng \u0111i\u1ec7n m\u1eb7t tr\u1eddi. Khi s\u1eed d\u1ee5ng v\u1ecf t\u1ee7 \u0111i\u1ec7n m\u1eb7t tr\u1eddi ETEK HA-4WAY","breadcrumb":{"@id":"https:\/\/tpenergy.com.vn\/?product=vo-tu-dien-mat-troi-etek-ha-4way#breadcrumb"},"inLanguage":"vi","potentialAction":[{"@type":"ReadAction","target":["https:\/\/tpenergy.com.vn\/?product=vo-tu-dien-mat-troi-etek-ha-4way"]}]},{"@type":"BreadcrumbList","@id":"https:\/\/tpenergy.com.vn\/?product=vo-tu-dien-mat-troi-etek-ha-4way#breadcrumb","itemListElement":[{"@type":"ListItem","position":1,"name":"Trang ch\u1ee7","item":"https:\/\/tpenergy.com.vn\/"},{"@type":"ListItem","position":2,"name":"Shop","item":"https:\/\/tpenergy.com.vn\/?page_id=5"},{"@type":"ListItem","position":3,"name":"PH\u1ee4 KI\u1ec6N","item":"https:\/\/tpenergy.com.vn\/danh-muc-sp\/phu-kien\/"},{"@type":"ListItem","position":4,"name":"V\u1ece T\u1ee6 \u0110I\u1ec6N M\u1eb6T TR\u1edcI ETEK","item":"https:\/\/tpenergy.com.vn\/index.php\/danh-muc-sp\/phu-kien\/vo-tu-dien-mat-troi-etek\/"},{"@type":"ListItem","position":5,"name":"V\u1ecf t\u1ee7 \u0111i\u1ec7n m\u1eb7t tr\u1eddi ETEK HA-4WAY"}]},{"@type":"WebSite","@id":"https:\/\/tpenergy.com.vn\/#website","url":"https:\/\/tpenergy.com.vn\/","name":"Thuan Phong Solar Energy","description":"","potentialAction":[{"@type":"SearchAction","target":{"@type":"EntryPoint","urlTemplate":"https:\/\/tpenergy.com.vn\/?s={search_term_string}"},"query-input":"required name=search_term_string"}],"inLanguage":"vi"}]}},"_links":{"self":[{"href":"https:\/\/tpenergy.com.vn\/index.php?rest_route=\/wp\/v2\/product\/5300"}],"collection":[{"href":"https:\/\/tpenergy.com.vn\/index.php?rest_route=\/wp\/v2\/product"}],"about":[{"href":"https:\/\/tpenergy.com.vn\/index.php?rest_route=\/wp\/v2\/types\/product"}],"replies":[{"embeddable":true,"href":"https:\/\/tpenergy.com.vn\/index.php?rest_route=%2Fwp%2Fv2%2Fcomments&post=5300"}],"wp:featuredmedia":[{"embeddable":true,"href":"https:\/\/tpenergy.com.vn\/index.php?rest_route=\/wp\/v2\/media\/5302"}],"wp:attachment":[{"href":"https:\/\/tpenergy.com.vn\/index.php?rest_route=%2Fwp%2Fv2%2Fmedia&parent=5300"}],"wp:term":[{"taxonomy":"product_cat","embeddable":true,"href":"https:\/\/tpenergy.com.vn\/index.php?rest_route=%2Fwp%2Fv2%2Fproduct_cat&post=5300"},{"taxonomy":"product_tag","embeddable":true,"href":"https:\/\/tpenergy.com.vn\/index.php?rest_route=%2Fwp%2Fv2%2Fproduct_tag&post=5300"}],"curies":[{"name":"wp","href":"https:\/\/api.w.org\/{rel}","templated":true}]}}