{"id":5280,"date":"2024-10-02T11:16:15","date_gmt":"2024-10-02T04:16:15","guid":{"rendered":"https:\/\/tpenergy.com.vn\/?post_type=product&#038;p=5280"},"modified":"2025-10-23T14:08:06","modified_gmt":"2025-10-23T07:08:06","slug":"vo-tu-dien-chong-nuoc-etek-ht-24way","status":"publish","type":"product","link":"https:\/\/tpenergy.com.vn\/?product=vo-tu-dien-chong-nuoc-etek-ht-24way","title":{"rendered":"V\u1ecf t\u1ee7 \u0111i\u1ec7n ch\u1ed1ng n\u01b0\u1edbc ETEK HT-24WAY"},"content":{"rendered":"<h1><strong>Gi\u1edbi thi\u1ec7u v\u1ec1 v\u1ecf t\u1ee7 \u0111i\u1ec7n ch\u1ed1ng n\u01b0\u1edbc ETEK HT-24WAY<\/strong><\/h1>\n<figure id=\"attachment_5281\" aria-describedby=\"caption-attachment-5281\" style=\"width: 790px\" class=\"wp-caption aligncenter\"><img loading=\"lazy\" decoding=\"async\" class=\"wp-image-5281 size-full\" src=\"https:\/\/tpenergy.com.vn\/wp-content\/uploads\/2024\/10\/Vo-tu-dien-cao-cap-chong-nuoc-ETEK-HT-12WAY-HT-18WAY-HT-24WAY.jpg\" alt=\"\" width=\"790\" height=\"505\" srcset=\"https:\/\/tpenergy.com.vn\/wp-content\/uploads\/2024\/10\/Vo-tu-dien-cao-cap-chong-nuoc-ETEK-HT-12WAY-HT-18WAY-HT-24WAY.jpg 790w, https:\/\/tpenergy.com.vn\/wp-content\/uploads\/2024\/10\/Vo-tu-dien-cao-cap-chong-nuoc-ETEK-HT-12WAY-HT-18WAY-HT-24WAY-768x491.jpg 768w, https:\/\/tpenergy.com.vn\/wp-content\/uploads\/2024\/10\/Vo-tu-dien-cao-cap-chong-nuoc-ETEK-HT-12WAY-HT-18WAY-HT-24WAY-247x158.jpg 247w, https:\/\/tpenergy.com.vn\/wp-content\/uploads\/2024\/10\/Vo-tu-dien-cao-cap-chong-nuoc-ETEK-HT-12WAY-HT-18WAY-HT-24WAY-510x326.jpg 510w\" sizes=\"(max-width: 790px) 100vw, 790px\" \/><figcaption id=\"caption-attachment-5281\" class=\"wp-caption-text\">\u00a0 \u00a0 \u00a0 \u00a0 \u00a0 \u00a0 \u00a0 \u00a0 \u00a0 \u00a0 \u00a0 \u00a0 \u00a0 \u00a0 \u00a0 \u00a0 \u00a0 \u00a0 \u00a0 \u00a0 \u00a0 \u00a0 \u00a0 \u00a0 \u00a0V\u1ecf t\u1ee7 \u0111i\u1ec7n cao c\u1ea5p ETEK 12\/18\/24 \u0111\u01b0\u1eddng chu\u1ea9n IP65 ch\u1ed1ng n\u01b0\u1edbc<\/figcaption><\/figure>\n<p>&nbsp;<\/p>\n<p>V\u1edbi s\u1ef1 ti\u00ean ti\u1ebfn trong c\u00f4ng ngh\u1ec7 v\u00e0 ch\u1ea5t l\u01b0\u1ee3ng v\u01b0\u1ee3t tr\u1ed9i, v\u1ecf t\u1ee7 \u0111i\u1ec7n cao c\u1ea5p ETEK HT-24WAY kh\u00f4ng ch\u1ec9 l\u00e0 l\u1ef1a ch\u1ecdn l\u00fd t\u01b0\u1edfng m\u00e0 c\u00f2n l\u00e0 s\u1ef1 \u0111\u1ea3m b\u1ea3o an to\u00e0n v\u00e0 tin c\u1eady cho h\u1ec7 th\u1ed1ng \u0111i\u1ec7n c\u1ee7a b\u1ea1n:<\/p>\n<ul>\n<li>T\u1ee7 \u0111i\u1ec7n c\u00f3 2 thanh c\u00e0i Din-rail 35mm<\/li>\n<li>X\u1ebfp h\u1ea1ng \u0111i\u1ec7n 100A \/ m\u1ed9t pha, 63A \/ ba pha, 240 \/ 415V AC 50 \/ 60Hz<\/li>\n<li>T\u1ee7 \u0111\u00e3 \u0111\u01b0\u1ee3c \u0111\u1ecbnh h\u00ecnh l\u1ed7 s\u1eb5n<\/li>\n<li>Ch\u1ea5t li\u1ec7u v\u1ecf: ABS cao c\u1ea5p<\/li>\n<li>C\u1ea5p \u0111\u1ed9 b\u1ea3o v\u1ec7 : IP65<\/li>\n<li>K\u00edch th\u01b0\u1edbc: 280x360x110 (mm)<\/li>\n<li>Kh\u1ed1i l\u01b0\u1ee3ng: 1.5 Kg<\/li>\n<\/ul>\n<figure id=\"attachment_5282\" aria-describedby=\"caption-attachment-5282\" style=\"width: 790px\" class=\"wp-caption aligncenter\"><img loading=\"lazy\" decoding=\"async\" class=\"wp-image-5282 size-full\" src=\"https:\/\/tpenergy.com.vn\/wp-content\/uploads\/2024\/10\/Vo-tu-dien-cao-cap-chong-nuoc-ETEK-voi-thiet-ke-chong-nuoc-cap-do-IP65.jpg\" alt=\"\" width=\"790\" height=\"637\" srcset=\"https:\/\/tpenergy.com.vn\/wp-content\/uploads\/2024\/10\/Vo-tu-dien-cao-cap-chong-nuoc-ETEK-voi-thiet-ke-chong-nuoc-cap-do-IP65.jpg 790w, https:\/\/tpenergy.com.vn\/wp-content\/uploads\/2024\/10\/Vo-tu-dien-cao-cap-chong-nuoc-ETEK-voi-thiet-ke-chong-nuoc-cap-do-IP65-768x619.jpg 768w, https:\/\/tpenergy.com.vn\/wp-content\/uploads\/2024\/10\/Vo-tu-dien-cao-cap-chong-nuoc-ETEK-voi-thiet-ke-chong-nuoc-cap-do-IP65-247x199.jpg 247w, https:\/\/tpenergy.com.vn\/wp-content\/uploads\/2024\/10\/Vo-tu-dien-cao-cap-chong-nuoc-ETEK-voi-thiet-ke-chong-nuoc-cap-do-IP65-510x411.jpg 510w\" sizes=\"(max-width: 790px) 100vw, 790px\" \/><figcaption id=\"caption-attachment-5282\" class=\"wp-caption-text\">V\u1ecf t\u1ee7 \u0111i\u1ec7n cao c\u1ea5p ch\u1ed1ng n\u01b0\u1edbc ETEK v\u1edbi thi\u1ebft k\u1ebf ch\u1ed1ng n\u01b0\u1edbc c\u1ea5p \u0111\u1ed9 IP65<\/figcaption><\/figure>\n<h2><strong>T\u00ednh n\u0103ng v\u00e0 \u01b0u \u0111i\u1ec3m c\u1ee7a v\u1ecf t\u1ee7 \u0111i\u1ec7n ETEK HT-24WAY<\/strong><\/h2>\n<ul>\n<li>Ch\u1ed1ng n\u01b0\u1edbc-ch\u1ed1ng b\u1ee5i chu\u1ea9n IP65: \u0110\u01b0\u1ee3c thi\u1ebft k\u1ebf \u0111\u1eb7c bi\u1ec7t \u0111\u1ec3 ch\u1ed1ng n\u01b0\u1edbc \u0111\u1ea3m b\u1ea3o ho\u1ea1t \u0111\u1ed9ng \u1ed5n \u0111\u1ecbnh trong m\u00f4i tr\u01b0\u1eddng kh\u1eafc nghi\u1ec7t.<\/li>\n<li>Ch\u1ea5t l\u01b0\u1ee3ng \u0111\u1ea3m b\u1ea3o: S\u1ea3n xu\u1ea5t t\u1eeb v\u1eadt li\u1ec7u ch\u1ea5t l\u01b0\u1ee3ng cao v\u00e0 c\u00f4ng ngh\u1ec7 ti\u00ean ti\u1ebfn, mang l\u1ea1i \u0111\u1ed9 b\u1ec1n v\u00e0 hi\u1ec7u su\u1ea5t t\u1ed1i \u01b0u.<\/li>\n<li>Thi\u1ebft k\u1ebf linh ho\u1ea1t: Thi\u1ebft k\u1ebf \u0111a d\u1ea1ng v\u1edbi c\u00e1c t\u00ednh n\u0103ng linh ho\u1ea1t gi\u00fap d\u1ec5 d\u00e0ng l\u1eafp \u0111\u1eb7t v\u00e0 s\u1eed d\u1ee5ng trong nhi\u1ec1u \u1ee9ng d\u1ee5ng kh\u00e1c nhau.<\/li>\n<li>An to\u00e0n v\u00e0 tin c\u1eady: \u0110\u01b0\u1ee3c ki\u1ec3m \u0111\u1ecbnh v\u00e0 th\u1eed nghi\u1ec7m \u0111\u1ea7y \u0111\u1ee7 \u0111\u1ec3 \u0111\u1ea3m b\u1ea3o tu\u00e2n th\u1ee7 c\u00e1c ti\u00eau chu\u1ea9n an to\u00e0n v\u00e0 tin c\u1eady cao nh\u1ea5t.<\/li>\n<li>Hi\u1ec7u su\u1ea5t t\u1ed1i uuu: Thi\u1ebft k\u1ebf th\u00f4ng minh v\u00e0 ch\u1ea5t l\u01b0\u1ee3ng v\u01b0\u1ee3t tr\u1ed9i gi\u00fap t\u1ed1i \u01b0u h\u00f3a hi\u1ec7u su\u1ea5t h\u1ec7 th\u1ed1ng \u0111i\u1ec7n c\u1ee7a b\u1ea1n.<\/li>\n<\/ul>\n<figure id=\"attachment_5283\" aria-describedby=\"caption-attachment-5283\" style=\"width: 602px\" class=\"wp-caption aligncenter\"><img loading=\"lazy\" decoding=\"async\" class=\"wp-image-5283 size-full\" src=\"https:\/\/tpenergy.com.vn\/wp-content\/uploads\/2024\/10\/Vo-tu-dien-cao-cap-chong-nuoc-ETEK-HT-24WAY-e1713233619606.jpg\" alt=\"\" width=\"602\" height=\"716\" srcset=\"https:\/\/tpenergy.com.vn\/wp-content\/uploads\/2024\/10\/Vo-tu-dien-cao-cap-chong-nuoc-ETEK-HT-24WAY-e1713233619606.jpg 602w, https:\/\/tpenergy.com.vn\/wp-content\/uploads\/2024\/10\/Vo-tu-dien-cao-cap-chong-nuoc-ETEK-HT-24WAY-e1713233619606-247x294.jpg 247w, https:\/\/tpenergy.com.vn\/wp-content\/uploads\/2024\/10\/Vo-tu-dien-cao-cap-chong-nuoc-ETEK-HT-24WAY-e1713233619606-510x607.jpg 510w\" sizes=\"(max-width: 602px) 100vw, 602px\" \/><figcaption id=\"caption-attachment-5283\" class=\"wp-caption-text\">K\u00edch th\u01b0\u1edbc v\u1ecf t\u1ee7 \u0111i\u1ec7n cao c\u1ea5p ch\u1ed1ng n\u01b0\u1edbc ETEK HT-24WAY<\/figcaption><\/figure>\n<h2><strong>\u1ee8ng d\u1ee5ng c\u1ee7a V\u1ecf t\u1ee7 \u0111i\u1ec7n ch\u1ed1ng n\u01b0\u1edbc ETEK HT-24WAY<\/strong><\/h2>\n<h3>V\u1ecf t\u1ee7 \u0111i\u1ec7n cao c\u1ea5p ETEK HT-24WAY \u0111\u01b0\u1ee3c s\u1eed d\u1ee5ng r\u1ed9ng r\u00e3i trong c\u00e1c ng\u00e0nh c\u00f4ng nghi\u1ec7p, nh\u00e0 m\u00e1y s\u1ea3n xu\u1ea5t, c\u01a1 s\u1edf h\u1ea1 t\u1ea7ng, v\u00e0 nhi\u1ec1u \u1ee9ng d\u1ee5ng kh\u00e1c:<\/h3>\n<div class=\"box\">\n<ul>\n<li><a href=\"https:\/\/tpenergy.com.vn\/index.php\/san-pham\/thiet-bi-chong-set-lan-truyen-etek-t2-20-275\/\">Thi\u1ebft b\u1ecb ch\u1ed1ng s\u00e9t lan truy\u1ec1n ETEK EKU5-T2-20-2P-275<\/a><\/li>\n<li>Thi\u1ebft b\u1ecb ch\u1ed1ng s\u00e9t lan truy\u1ec1n ETEK T2-40KA-440V<\/li>\n<\/ul>\n<\/div>\n<div class=\"box\">\n<ul>\n<li>Thi\u1ebft b\u1ecb ch\u1ed1ng s\u00e9t lan truy\u1ec1n ETEK EKU5-T2-40PV-2M-1000<\/li>\n<li>Thi\u1ebft b\u1ecb ch\u1ed1ng s\u00e9t lan truy\u1ec1n ETEK EKU5-T2-40PV-3M-1000<\/li>\n<\/ul>\n<div class=\"x11i5rnm xat24cr x1mh8g0r x1vvkbs xtlvy1s x126k92a\">\n<h2 dir=\"auto\">S\u1ea3n ph\u1ea9m c\u1ee7a Thu\u1eadn Phong khi \u0111\u1ebfn tay \u0111\u1ea1i l\u00fd lu\u00f4n \u0111\u1ea3m b\u1ea3o:<\/h2>\n<ul>\n<li dir=\"auto\">H\u00e0ng h\u00f3a ch\u00ednh h\u00e3ng, \u0111\u1ea7y \u0111\u1ee7 CO, CQ, VAT cho d\u1ef1 \u00e1n<\/li>\n<li dir=\"auto\">Gi\u00e1 lu\u00f4n c\u1ea1nh tranh nh\u1edd nh\u1eadp kh\u1ea9u tr\u1ef1c ti\u1ebfp.<\/li>\n<li dir=\"auto\">C\u1ea5p s\u1ec9 to\u00e0n qu\u1ed1c. V\u1eadn chuy\u1ec3n t\u1eadn n\u01a1i.<\/li>\n<\/ul>\n<div dir=\"auto\"><\/div>\n<\/div>\n<div dir=\"auto\"><strong>\u0110\u01a1n v\u1ecb ph\u00e2n ph\u1ed1i <a href=\"https:\/\/tpenergy.com.vn\/index.php\/danh-muc-sp\/phu-kien\/thiet-bi-chong-set-lan-truyen\/etek\/\">V\u1ecf t\u1ee7 \u0111i\u1ec7n ETEK ch\u00ednh h\u00e3ng<\/a>:<\/strong>C\u00f4ng ty TNHH Th\u01b0\u01a1ng m\u1ea1i D\u1ecbch v\u1ee5 C\u01a1 \u0111i\u1ec7n Thu\u1eadn Phong l\u00e0 \u0111\u1ea1i l\u00fd ph\u00e2n ph\u1ed1i thi\u1ebft b\u1ecb \u0111i\u1ec7n ETEK ch\u00ednh h\u00e3ng t\u1ea1i th\u1ecb tr\u01b0\u1eddng Vi\u1ec7t Nam. M\u1ecdi kh\u00e1ch h\u00e0ng l\u1ef1a ch\u1ecdn tin t\u01b0\u1edfng v\u00e0o d\u1ecbch v\u1ee5, s\u1ea3n ph\u1ea9m do Thu\u1eadn Phong cung c\u1ea5p ch\u1eafc ch\u1eafn s\u1ebd kh\u00f4ng ph\u1ea3i h\u1ed1i h\u1eadn v\u1edbi l\u1ef1a ch\u1ecdn c\u1ee7a m\u00ecnh.<\/div>\n<div class=\"x11i5rnm xat24cr x1mh8g0r x1vvkbs xtlvy1s x126k92a\">\n<div dir=\"auto\">\n<div dir=\"auto\">&#8212;&#8212;&#8212;&#8212;&#8212;&#8212;&#8212;&#8212;&#8212;&#8212;-<\/div>\n<div dir=\"auto\">CH\u1eccN THU\u1eacN PHONG &#8211; CH\u1eccN S\u1ef0 AN T\u00c2M<br \/>\nHotline: 0869.564.567<br \/>\nKinh doanh: 0867.577.357<br \/>\nK\u1ef9 thu\u1eadt: 0899.768.777<br \/>\nTr\u1ee5 s\u1edf ch\u00ednh: 30 Nguy\u1ec5n H\u1eefu D\u1eadt, ph\u01b0\u1eddng \u0110\u1ed3ng H\u1edbi, t\u1ec9nh Qu\u1ea3ng Tr\u1ecb, Vi\u1ec7t Nam<br \/>\nTr\u1ee5 s\u1edf H\u00e0 N\u1ed9i: Nh\u00e0 ph\u1ed1 th\u01b0\u01a1ng m\u1ea1i Khai S\u01a1n Town s\u1ed1 18 thu\u1ed9c Town 7, khu \u0111\u00f4 th\u1ecb Khai S\u01a1n City, ph\u01b0\u1eddng B\u1ed3 \u0110\u1ec1, Th\u00e0nh ph\u1ed1 H\u00e0 N\u1ed9i<br \/>\nWebsite: https:\/\/tpenergy.com.vn\/<br \/>\nShopee: https:\/\/byvn.net\/E1oJ<br \/>\nLazada: https:\/\/byvn.net\/VYPr<\/div>\n<\/div>\n<\/div>\n<\/div>\n","protected":false},"excerpt":{"rendered":"<p>Th\u00f4ng s\u1ed1 s\u1ea3n ph\u1ea9m:<\/p>\n<ul>\n<li>T\u1ee7 \u0111i\u1ec7n \u0111\u01b0\u1ee3c s\u1eed d\u1ee5ng cho h\u1ec7 th\u1ed1ng \u0111i\u1ec1u khi\u1ec3n c\u00f3 th\u1ec3 g\u1eafn \u0111\u01b0\u1ee3c 12 aptomat 2P<\/li>\n<li>T\u1ee7 \u0111i\u1ec7n c\u00f3 2 thanh c\u00e0i Din-rail 35mm<\/li>\n<li>X\u1ebfp h\u1ea1ng \u0111i\u1ec7n 100A \/ m\u1ed9t pha, 63A \/ ba pha, 240 \/ 415V AC 50 \/ 60Hz<\/li>\n<li>T\u1ee7 \u0111\u00e3 \u0111\u01b0\u1ee3c \u0111\u1ecbnh h\u00ecnh l\u1ed7 s\u1eb5n<\/li>\n<li>Ch\u1ea5t li\u1ec7u v\u1ecf: ABS cao c\u1ea5p<\/li>\n<li>C\u1ea5p \u0111\u1ed9 b\u1ea3o v\u1ec7 : IP65<\/li>\n<li>K\u00edch th\u01b0\u1edbc: 280x360x110 (mm)<\/li>\n<li>Kh\u1ed1i l\u01b0\u1ee3ng: 1.5 Kg<\/li>\n<\/ul>\n","protected":false},"featured_media":5286,"comment_status":"open","ping_status":"closed","template":"","meta":{"_eb_attr":""},"product_cat":[733],"product_tag":[694,695,693],"class_list":{"0":"post-5280","1":"product","2":"type-product","3":"status-publish","4":"has-post-thumbnail","6":"product_cat-vo-tu-dien-mat-troi-etek","7":"product_tag-vo-tu-dien-cao-cap","8":"product_tag-vo-tu-dien-chong-nuoc","9":"product_tag-vo-tu-dien-chong-nuoc-etek-ht-24way","10":"pa_gia-khong-lap-dat","11":"pa_gia-lap-dat","13":"first","14":"instock","15":"shipping-taxable","16":"purchasable","17":"product-type-variable"},"yoast_head":"<!-- This site is optimized with the Yoast SEO plugin v20.9 - https:\/\/yoast.com\/wordpress\/plugins\/seo\/ -->\r\n<title>V\u1ecf t\u1ee7 \u0111i\u1ec7n ch\u1ed1ng n\u01b0\u1edbc ETEK HT-24WAY - Thuan Phong Solar Energy<\/title>\r\n<meta name=\"description\" content=\"V\u1ecf t\u1ee7 \u0111i\u1ec7n ch\u1ed1ng n\u01b0\u1edbc cao c\u1ea5p ETEK HT-24WAY \u0111\u01b0\u1ee3c s\u1eed d\u1ee5ng r\u1ed9ng r\u00e3i trong c\u00e1c ng\u00e0nh c\u00f4ng nghi\u1ec7p, nh\u00e0 m\u00e1y s\u1ea3n xu\u1ea5t, c\u01a1 s\u1edf h\u1ea1 t\u1ea7ng, v\u00e0 nhi\u1ec1u \u1ee9ng d\u1ee5ng kh\u00e1c.\" \/>\r\n<meta name=\"robots\" content=\"index, follow, max-snippet:-1, max-image-preview:large, max-video-preview:-1\" \/>\r\n<link rel=\"canonical\" href=\"https:\/\/tpenergy.com.vn\/?product=vo-tu-dien-chong-nuoc-etek-ht-24way\" \/>\r\n<meta property=\"og:locale\" content=\"vi_VN\" \/>\r\n<meta property=\"og:type\" content=\"article\" \/>\r\n<meta property=\"og:title\" content=\"V\u1ecf t\u1ee7 \u0111i\u1ec7n ch\u1ed1ng n\u01b0\u1edbc ETEK HT-24WAY - Thuan Phong Solar Energy\" \/>\r\n<meta property=\"og:description\" content=\"V\u1ecf t\u1ee7 \u0111i\u1ec7n ch\u1ed1ng n\u01b0\u1edbc cao c\u1ea5p ETEK HT-24WAY \u0111\u01b0\u1ee3c s\u1eed d\u1ee5ng r\u1ed9ng r\u00e3i trong c\u00e1c ng\u00e0nh c\u00f4ng nghi\u1ec7p, nh\u00e0 m\u00e1y s\u1ea3n xu\u1ea5t, c\u01a1 s\u1edf h\u1ea1 t\u1ea7ng, v\u00e0 nhi\u1ec1u \u1ee9ng d\u1ee5ng kh\u00e1c.\" \/>\r\n<meta property=\"og:url\" content=\"https:\/\/tpenergy.com.vn\/?product=vo-tu-dien-chong-nuoc-etek-ht-24way\" \/>\r\n<meta property=\"og:site_name\" content=\"Thuan Phong Solar Energy\" \/>\r\n<meta property=\"article:modified_time\" content=\"2025-10-23T07:08:06+00:00\" \/>\r\n<meta property=\"og:image\" content=\"https:\/\/tpenergy.com.vn\/wp-content\/uploads\/2024\/10\/Vo-tu-dien-cao-cap-chong-nuoc-ETEK-HT-24WAY-510x510-1.jpg\" \/>\r\n\t<meta property=\"og:image:width\" content=\"510\" \/>\r\n\t<meta property=\"og:image:height\" content=\"510\" \/>\r\n\t<meta property=\"og:image:type\" content=\"image\/jpeg\" \/>\r\n<meta name=\"twitter:card\" content=\"summary_large_image\" \/>\r\n<meta name=\"twitter:label1\" content=\"\u01af\u1edbc t\u00ednh th\u1eddi gian \u0111\u1ecdc\" \/>\n\t<meta name=\"twitter:data1\" content=\"4 ph\u00fat\" \/>\r\n<script type=\"application\/ld+json\" class=\"yoast-schema-graph\">{\"@context\":\"https:\/\/schema.org\",\"@graph\":[{\"@type\":\"WebPage\",\"@id\":\"https:\/\/tpenergy.com.vn\/?product=vo-tu-dien-chong-nuoc-etek-ht-24way\",\"url\":\"https:\/\/tpenergy.com.vn\/?product=vo-tu-dien-chong-nuoc-etek-ht-24way\",\"name\":\"V\u1ecf t\u1ee7 \u0111i\u1ec7n ch\u1ed1ng n\u01b0\u1edbc ETEK HT-24WAY - Thuan Phong Solar Energy\",\"isPartOf\":{\"@id\":\"https:\/\/tpenergy.com.vn\/#website\"},\"datePublished\":\"2024-10-02T04:16:15+00:00\",\"dateModified\":\"2025-10-23T07:08:06+00:00\",\"description\":\"V\u1ecf t\u1ee7 \u0111i\u1ec7n ch\u1ed1ng n\u01b0\u1edbc cao c\u1ea5p ETEK HT-24WAY \u0111\u01b0\u1ee3c s\u1eed d\u1ee5ng r\u1ed9ng r\u00e3i trong c\u00e1c ng\u00e0nh c\u00f4ng nghi\u1ec7p, nh\u00e0 m\u00e1y s\u1ea3n xu\u1ea5t, c\u01a1 s\u1edf h\u1ea1 t\u1ea7ng, v\u00e0 nhi\u1ec1u \u1ee9ng d\u1ee5ng kh\u00e1c.\",\"breadcrumb\":{\"@id\":\"https:\/\/tpenergy.com.vn\/?product=vo-tu-dien-chong-nuoc-etek-ht-24way#breadcrumb\"},\"inLanguage\":\"vi\",\"potentialAction\":[{\"@type\":\"ReadAction\",\"target\":[\"https:\/\/tpenergy.com.vn\/?product=vo-tu-dien-chong-nuoc-etek-ht-24way\"]}]},{\"@type\":\"BreadcrumbList\",\"@id\":\"https:\/\/tpenergy.com.vn\/?product=vo-tu-dien-chong-nuoc-etek-ht-24way#breadcrumb\",\"itemListElement\":[{\"@type\":\"ListItem\",\"position\":1,\"name\":\"Trang ch\u1ee7\",\"item\":\"https:\/\/tpenergy.com.vn\/\"},{\"@type\":\"ListItem\",\"position\":2,\"name\":\"Shop\",\"item\":\"https:\/\/tpenergy.com.vn\/?page_id=5\"},{\"@type\":\"ListItem\",\"position\":3,\"name\":\"PH\u1ee4 KI\u1ec6N\",\"item\":\"https:\/\/tpenergy.com.vn\/danh-muc-sp\/phu-kien\/\"},{\"@type\":\"ListItem\",\"position\":4,\"name\":\"V\u1ece T\u1ee6 \u0110I\u1ec6N M\u1eb6T TR\u1edcI ETEK\",\"item\":\"https:\/\/tpenergy.com.vn\/index.php\/danh-muc-sp\/phu-kien\/vo-tu-dien-mat-troi-etek\/\"},{\"@type\":\"ListItem\",\"position\":5,\"name\":\"V\u1ecf t\u1ee7 \u0111i\u1ec7n ch\u1ed1ng n\u01b0\u1edbc ETEK HT-24WAY\"}]},{\"@type\":\"WebSite\",\"@id\":\"https:\/\/tpenergy.com.vn\/#website\",\"url\":\"https:\/\/tpenergy.com.vn\/\",\"name\":\"Thuan Phong Solar Energy\",\"description\":\"\",\"potentialAction\":[{\"@type\":\"SearchAction\",\"target\":{\"@type\":\"EntryPoint\",\"urlTemplate\":\"https:\/\/tpenergy.com.vn\/?s={search_term_string}\"},\"query-input\":\"required name=search_term_string\"}],\"inLanguage\":\"vi\"}]}<\/script>\r\n<!-- \/ Yoast SEO plugin. -->","yoast_head_json":{"title":"V\u1ecf t\u1ee7 \u0111i\u1ec7n ch\u1ed1ng n\u01b0\u1edbc ETEK HT-24WAY - Thuan Phong Solar Energy","description":"V\u1ecf t\u1ee7 \u0111i\u1ec7n ch\u1ed1ng n\u01b0\u1edbc cao c\u1ea5p ETEK HT-24WAY \u0111\u01b0\u1ee3c s\u1eed d\u1ee5ng r\u1ed9ng r\u00e3i trong c\u00e1c ng\u00e0nh c\u00f4ng nghi\u1ec7p, nh\u00e0 m\u00e1y s\u1ea3n xu\u1ea5t, c\u01a1 s\u1edf h\u1ea1 t\u1ea7ng, v\u00e0 nhi\u1ec1u \u1ee9ng d\u1ee5ng kh\u00e1c.","robots":{"index":"index","follow":"follow","max-snippet":"max-snippet:-1","max-image-preview":"max-image-preview:large","max-video-preview":"max-video-preview:-1"},"canonical":"https:\/\/tpenergy.com.vn\/?product=vo-tu-dien-chong-nuoc-etek-ht-24way","og_locale":"vi_VN","og_type":"article","og_title":"V\u1ecf t\u1ee7 \u0111i\u1ec7n ch\u1ed1ng n\u01b0\u1edbc ETEK HT-24WAY - Thuan Phong Solar Energy","og_description":"V\u1ecf t\u1ee7 \u0111i\u1ec7n ch\u1ed1ng n\u01b0\u1edbc cao c\u1ea5p ETEK HT-24WAY \u0111\u01b0\u1ee3c s\u1eed d\u1ee5ng r\u1ed9ng r\u00e3i trong c\u00e1c ng\u00e0nh c\u00f4ng nghi\u1ec7p, nh\u00e0 m\u00e1y s\u1ea3n xu\u1ea5t, c\u01a1 s\u1edf h\u1ea1 t\u1ea7ng, v\u00e0 nhi\u1ec1u \u1ee9ng d\u1ee5ng kh\u00e1c.","og_url":"https:\/\/tpenergy.com.vn\/?product=vo-tu-dien-chong-nuoc-etek-ht-24way","og_site_name":"Thuan Phong Solar Energy","article_modified_time":"2025-10-23T07:08:06+00:00","og_image":[{"width":510,"height":510,"url":"https:\/\/tpenergy.com.vn\/wp-content\/uploads\/2024\/10\/Vo-tu-dien-cao-cap-chong-nuoc-ETEK-HT-24WAY-510x510-1.jpg","type":"image\/jpeg"}],"twitter_card":"summary_large_image","twitter_misc":{"\u01af\u1edbc t\u00ednh th\u1eddi gian \u0111\u1ecdc":"4 ph\u00fat"},"schema":{"@context":"https:\/\/schema.org","@graph":[{"@type":"WebPage","@id":"https:\/\/tpenergy.com.vn\/?product=vo-tu-dien-chong-nuoc-etek-ht-24way","url":"https:\/\/tpenergy.com.vn\/?product=vo-tu-dien-chong-nuoc-etek-ht-24way","name":"V\u1ecf t\u1ee7 \u0111i\u1ec7n ch\u1ed1ng n\u01b0\u1edbc ETEK HT-24WAY - Thuan Phong Solar Energy","isPartOf":{"@id":"https:\/\/tpenergy.com.vn\/#website"},"datePublished":"2024-10-02T04:16:15+00:00","dateModified":"2025-10-23T07:08:06+00:00","description":"V\u1ecf t\u1ee7 \u0111i\u1ec7n ch\u1ed1ng n\u01b0\u1edbc cao c\u1ea5p ETEK HT-24WAY \u0111\u01b0\u1ee3c s\u1eed d\u1ee5ng r\u1ed9ng r\u00e3i trong c\u00e1c ng\u00e0nh c\u00f4ng nghi\u1ec7p, nh\u00e0 m\u00e1y s\u1ea3n xu\u1ea5t, c\u01a1 s\u1edf h\u1ea1 t\u1ea7ng, v\u00e0 nhi\u1ec1u \u1ee9ng d\u1ee5ng kh\u00e1c.","breadcrumb":{"@id":"https:\/\/tpenergy.com.vn\/?product=vo-tu-dien-chong-nuoc-etek-ht-24way#breadcrumb"},"inLanguage":"vi","potentialAction":[{"@type":"ReadAction","target":["https:\/\/tpenergy.com.vn\/?product=vo-tu-dien-chong-nuoc-etek-ht-24way"]}]},{"@type":"BreadcrumbList","@id":"https:\/\/tpenergy.com.vn\/?product=vo-tu-dien-chong-nuoc-etek-ht-24way#breadcrumb","itemListElement":[{"@type":"ListItem","position":1,"name":"Trang ch\u1ee7","item":"https:\/\/tpenergy.com.vn\/"},{"@type":"ListItem","position":2,"name":"Shop","item":"https:\/\/tpenergy.com.vn\/?page_id=5"},{"@type":"ListItem","position":3,"name":"PH\u1ee4 KI\u1ec6N","item":"https:\/\/tpenergy.com.vn\/danh-muc-sp\/phu-kien\/"},{"@type":"ListItem","position":4,"name":"V\u1ece T\u1ee6 \u0110I\u1ec6N M\u1eb6T TR\u1edcI ETEK","item":"https:\/\/tpenergy.com.vn\/index.php\/danh-muc-sp\/phu-kien\/vo-tu-dien-mat-troi-etek\/"},{"@type":"ListItem","position":5,"name":"V\u1ecf t\u1ee7 \u0111i\u1ec7n ch\u1ed1ng n\u01b0\u1edbc ETEK HT-24WAY"}]},{"@type":"WebSite","@id":"https:\/\/tpenergy.com.vn\/#website","url":"https:\/\/tpenergy.com.vn\/","name":"Thuan Phong Solar Energy","description":"","potentialAction":[{"@type":"SearchAction","target":{"@type":"EntryPoint","urlTemplate":"https:\/\/tpenergy.com.vn\/?s={search_term_string}"},"query-input":"required name=search_term_string"}],"inLanguage":"vi"}]}},"_links":{"self":[{"href":"https:\/\/tpenergy.com.vn\/index.php?rest_route=\/wp\/v2\/product\/5280"}],"collection":[{"href":"https:\/\/tpenergy.com.vn\/index.php?rest_route=\/wp\/v2\/product"}],"about":[{"href":"https:\/\/tpenergy.com.vn\/index.php?rest_route=\/wp\/v2\/types\/product"}],"replies":[{"embeddable":true,"href":"https:\/\/tpenergy.com.vn\/index.php?rest_route=%2Fwp%2Fv2%2Fcomments&post=5280"}],"wp:featuredmedia":[{"embeddable":true,"href":"https:\/\/tpenergy.com.vn\/index.php?rest_route=\/wp\/v2\/media\/5286"}],"wp:attachment":[{"href":"https:\/\/tpenergy.com.vn\/index.php?rest_route=%2Fwp%2Fv2%2Fmedia&parent=5280"}],"wp:term":[{"taxonomy":"product_cat","embeddable":true,"href":"https:\/\/tpenergy.com.vn\/index.php?rest_route=%2Fwp%2Fv2%2Fproduct_cat&post=5280"},{"taxonomy":"product_tag","embeddable":true,"href":"https:\/\/tpenergy.com.vn\/index.php?rest_route=%2Fwp%2Fv2%2Fproduct_tag&post=5280"}],"curies":[{"name":"wp","href":"https:\/\/api.w.org\/{rel}","templated":true}]}}