{"id":5271,"date":"2024-10-01T16:58:32","date_gmt":"2024-10-01T09:58:32","guid":{"rendered":"https:\/\/tpenergy.com.vn\/?post_type=product&#038;p=5271"},"modified":"2025-11-14T16:39:25","modified_gmt":"2025-11-14T09:39:25","slug":"aptomat-etek-dc-mcb-ekm1-125dc-2c125","status":"publish","type":"product","link":"https:\/\/tpenergy.com.vn\/?product=aptomat-etek-dc-mcb-ekm1-125dc-2c125","title":{"rendered":"Aptomat ETEK DC MCB EKM1-125DC-2C125"},"content":{"rendered":"<div id=\"content1\" class=\"nr\">\n<div class=\"box\">\n<p><strong>M\u00f4 t\u1ea3 s\u1ea3n ph\u1ea9m:<\/strong><\/p>\n<p>Aptomat ETEK DC MCB EKM1-125DC-2C125 ph\u00f9 h\u1ee3p v\u1edbi c\u00e1c \u0111\u01b0\u1eddng d\u00e2y c\u00f3 d\u00f2ng \u0111i\u1ec7n \u0111\u1ecbnh m\u1ee9c 125A tr\u1edf xu\u1ed1ng \u0111i\u1ec7n \u00e1p \u0111\u1ecbnh m\u1ee9c DC 250V ho\u1eb7c 500V v\u00e0 1000V. N\u00f3 \u0111\u01b0\u1ee3c s\u1eed d\u1ee5ng \u0111\u1ec3 b\u1ea3o v\u1ec7 qu\u00e1 t\u1ea3i v\u00e0 ng\u1eafn m\u1ea1ch cho c\u00e1c c\u01a1 s\u1edf v\u00e0 thi\u1ebft b\u1ecb \u0111i\u1ec7n c\u1ee7a h\u1ec7 th\u1ed1ng ph\u00e2n ph\u1ed1i \u0111i\u1ec7n DC, v\u00e0 c\u00f3 th\u1ec3 \u0111\u01b0\u1ee3c s\u1eed d\u1ee5ng r\u1ed9ng r\u00e3i trong c\u00e1c doanh nghi\u1ec7p \u0111i\u1ec7n l\u1ef1c, b\u01b0u ch\u00ednh vi\u1ec5n th\u00f4ng, truy\u1ec1n th\u00f4ng, c\u00f4ng nghi\u1ec7p v\u00e0 khai th\u00e1c m\u1ecf v\u00e0 c\u00e1c ng\u00e0nh c\u00f4ng nghi\u1ec7p kh\u00e1c. S\u1ea3n ph\u1ea9m n\u00e0y \u0111\u00e1p \u1ee9ng c\u00e1c y\u00eau c\u1ea7u c\u1ee7a IEC60947-2.<\/p>\n<p><strong>\u01afu \u0111i\u1ec3m:<\/strong><\/p>\n<ul>\n<li>Ch\u1ee9c n\u0103ng b\u1ea3o v\u1ec7: qu\u00e1 t\u1ea3i, ng\u1eafn m\u1ea1ch<\/li>\n<li>Kh\u1ea3 n\u0103ng ng\u1eaft m\u1ea1ch \u0111\u1ecbnh m\u1ee9c icu l\u00ean \u0111\u1ebfn 10kA<\/li>\n<li>Kh\u00f4ng ph\u00e2n c\u1ef1c, d\u1ec5 \u0111\u1ea5u d\u00e2y<\/li>\n<li>D\u00f2ng \u0111i\u1ec7n \u0111\u1ecbnh m\u1ee9c l\u00ean \u0111\u1ebfn 125A<\/li>\n<li>\u0110i\u1ec7n \u00e1p \u0111\u1ecbnh m\u1ee9c l\u00ean \u0111\u1ebfn 1000V<\/li>\n<li>\u0110\u01b0\u1ee3c thi\u1ebft k\u1ebf cho PV, l\u01b0u tr\u1eef n\u0103ng l\u01b0\u1ee3ng v\u00e0 c\u00e1c \u1ee9ng d\u1ee5ng dc kh\u00e1c<\/li>\n<\/ul>\n<\/div>\n<\/div>\n<div id=\"content2\" class=\"nr\">\n<p>D\u1eef li\u1ec7u k\u1ef9 thu\u1eadt<\/p>\n<div class=\"box\">\n<table style=\"height: 913px\" width=\"1018\">\n<tbody>\n<tr>\n<td colspan=\"2\" rowspan=\"1\">Model: Aptomat ETEK DC MCB EKM1-125DC-2C125<\/td>\n<\/tr>\n<tr>\n<td>D\u00f2ng \u0111i\u1ec7n \u0111\u1ecbnh m\u1ee9c trong<\/td>\n<td>125A<\/td>\n<\/tr>\n<tr>\n<td>C\u1ef1c<\/td>\n<td>2P<\/td>\n<\/tr>\n<tr>\n<td>\u0110i\u1ec7n \u00e1p \u0111\u1ecbnh m\u1ee9c Ue<\/td>\n<td>2P(500V)<\/td>\n<\/tr>\n<tr>\n<td>Kh\u1ea3 n\u0103ng ph\u00e1 v\u1ee1 \u0111\u1ecbnh m\u1ee9c<\/td>\n<td>10.000A<\/td>\n<\/tr>\n<tr>\n<td>\u0110i\u1ec7n \u00e1p ch\u1ecbu \u0111\u01b0\u1ee3c xung \u0111\u1ecbnh m\u1ee9c (1,5\/50) Uimp<\/td>\n<td>4.000V<\/td>\n<\/tr>\n<tr>\n<td>\u0110i\u1ec7n \u00e1p th\u1eed nghi\u1ec7m \u0111i\u1ec7n m\u00f4i \u1edf t\u1ea7n s\u1ed1 ind. trong 1 ph\u00fat<\/td>\n<td>2kV<\/td>\n<\/tr>\n<tr>\n<td>M\u1ee9c \u0111\u1ed9 \u00f4 nhi\u1ec5m<\/td>\n<td>2<\/td>\n<\/tr>\n<tr>\n<td>\u0110\u1eb7c t\u00ednh gi\u1ea3i ph\u00f3ng nhi\u1ec7t t\u1eeb<\/td>\n<td>8~12<\/td>\n<\/tr>\n<tr>\n<td colspan=\"2\" rowspan=\"1\">\n<h5><strong>T\u00ednh n\u0103ng c\u01a1 h\u1ecdc<\/strong><\/h5>\n<\/td>\n<\/tr>\n<tr>\n<td>Cu\u1ed9c s\u1ed1ng \u0111i\u1ec7n<\/td>\n<td>4.000 chu k\u1ef3<\/td>\n<\/tr>\n<tr>\n<td>Cu\u1ed9c s\u1ed1ng c\u01a1 h\u1ecdc<\/td>\n<td>10.000 chu k\u1ef3<\/td>\n<\/tr>\n<tr>\n<td>Ch\u1ec9 b\u00e1o v\u1ecb tr\u00ed ti\u1ebfp x\u00fac<\/td>\n<td>\u0110\u00fang<\/td>\n<\/tr>\n<tr>\n<td>M\u1ee9c \u0111\u1ed9 b\u1ea3o v\u1ec7<\/td>\n<td>IP20<\/td>\n<\/tr>\n<tr>\n<td>Nhi\u1ec7t \u0111\u1ed9 tham chi\u1ebfu \u0111\u1ec3 thi\u1ebft l\u1eadp c\u00e1c th\u00e0nh ph\u1ea7n nhi\u1ec7t<\/td>\n<td>30\u2103<\/td>\n<\/tr>\n<tr>\n<td>Nhi\u1ec7t \u0111\u1ed9 m\u00f4i tr\u01b0\u1eddng (v\u1edbi m\u1ee9c trung b\u00ecnh h\u00e0ng ng\u00e0y\u226435\u2103)<\/td>\n<td>-5\u2103~+40\u2103<\/td>\n<\/tr>\n<tr>\n<td>Nhi\u1ec7t \u0111\u1ed9 l\u01b0u tr\u1eef<\/td>\n<td>-25\u2103~+70\u2103<\/td>\n<\/tr>\n<tr>\n<td colspan=\"2\" rowspan=\"1\">\n<h5><strong>C\u00e0i \u0111\u1eb7t<\/strong><\/h5>\n<\/td>\n<\/tr>\n<tr>\n<td>\n<div>Ki\u1ec3u k\u1ebft n\u1ed1i \u0111\u1ea7u cu\u1ed1i<\/div>\n<\/td>\n<td>Thanh c\u00e1i c\u00e1p\/Thanh c\u00e1i d\u1ea1ng ch\u1ed1t\/Thanh c\u00e1i d\u1ea1ng ch\u1eef U<\/td>\n<\/tr>\n<tr>\n<td>\n<div>K\u00edch th\u01b0\u1edbc \u0111\u1ea7u cu\u1ed1i tr\u00ean\/d\u01b0\u1edbi cho c\u00e1p<\/div>\n<\/td>\n<td>50mm\u00b2\u00a018-2AWG<\/td>\n<\/tr>\n<tr>\n<td>\n<div>K\u00edch th\u01b0\u1edbc \u0111\u1ea7u cu\u1ed1i tr\u00ean\/d\u01b0\u1edbi cho thanh c\u00e1i<\/div>\n<\/td>\n<td>50mm\u00b2\u00a018-2AWG<\/td>\n<\/tr>\n<tr>\n<td>\n<div>M\u00f4-men xo\u1eafn si\u1ebft ch\u1eb7t<\/div>\n<\/td>\n<td>\n<div>3,5Nm 30In-Ibs<\/div>\n<\/td>\n<\/tr>\n<tr>\n<td>L\u1eafp r\u00e1p<\/td>\n<td>\n<div>Tr\u00ean thanh ray DIN EN60715 (35mm) b\u1eb1ng thi\u1ebft b\u1ecb k\u1eb9p nhanh<\/div>\n<\/td>\n<\/tr>\n<tr>\n<td>S\u1ef1 li\u00ean quan<\/td>\n<td>Ngu\u1ed3n \u0111i\u1ec7n cung c\u1ea5p theo c\u1ea3 hai h\u01b0\u1edbng<\/td>\n<\/tr>\n<tr>\n<td colspan=\"2\" rowspan=\"1\">\n<h5><strong>K\u1ebft h\u1ee3p v\u1edbi ph\u1ee5 ki\u1ec7n<\/strong><\/h5>\n<\/td>\n<\/tr>\n<tr>\n<td>Ti\u1ebfp \u0111i\u1ec3m ph\u1ee5<\/td>\n<td>EKM1H-C\u1ee6A<\/td>\n<\/tr>\n<tr>\n<td>Ti\u1ebfp \u0111i\u1ec3m b\u00e1o \u0111\u1ed9ng<\/td>\n<td>EKM1H-FB<\/td>\n<\/tr>\n<\/tbody>\n<\/table>\n<\/div>\n<\/div>\n<div id=\"content3\" class=\"nr\">\n<p><strong>K\u00edch th\u01b0\u1edbc<\/strong><\/p>\n<div class=\"box\">\n<p><strong>S\u01a1 \u0111\u1ed3 m\u1ea1ch \u0111i\u1ec7n<\/strong><\/p>\n<p><strong><img decoding=\"async\" src=\"https:\/\/www.etek-electric.com\/uploads\/2m\/2205\/EKM1-125DC-circuit-diagram.png\" alt=\"\" \/><\/strong><\/p>\n<p><strong>K\u00edch th\u01b0\u1edbc t\u1ed5ng th\u1ec3 v\u00e0 l\u1eafp \u0111\u1eb7t (mm)<\/strong><\/p>\n<p><img decoding=\"async\" src=\"https:\/\/www.etek-electric.com\/uploads\/2m\/2205\/EKM1-125DC-dc-mcb-size.png\" alt=\"\" \/><\/p>\n<div class=\"box\">\n<p><strong>\u0110\u01a1n v\u1ecb ph\u00e2n ph\u1ed1i\u00a0<a href=\"https:\/\/tpenergy.com.vn\/index.php\/danh-muc-sp\/phu-kien\/thiet-bi-chong-set-lan-truyen\/etek\/\">Aptomat ETEK ch\u00ednh h\u00e3ng<\/a>:<\/strong>C\u00f4ng ty TNHH Th\u01b0\u01a1ng m\u1ea1i D\u1ecbch v\u1ee5 C\u01a1 \u0111i\u1ec7n Thu\u1eadn Phong l\u00e0 \u0111\u1ea1i l\u00fd ph\u00e2n ph\u1ed1i thi\u1ebft b\u1ecb \u0111i\u1ec7n ETEK ch\u00ednh h\u00e3ng t\u1ea1i th\u1ecb tr\u01b0\u1eddng Vi\u1ec7t Nam. M\u1ecdi kh\u00e1ch h\u00e0ng l\u1ef1a ch\u1ecdn tin t\u01b0\u1edfng v\u00e0o d\u1ecbch v\u1ee5, s\u1ea3n ph\u1ea9m do Thu\u1eadn Phong cung c\u1ea5p ch\u1eafc ch\u1eafn s\u1ebd kh\u00f4ng ph\u1ea3i h\u1ed1i h\u1eadn v\u1edbi l\u1ef1a ch\u1ecdn c\u1ee7a m\u00ecnh. D\u1ecbch v\u1ee5 lu\u00f4n t\u1ef1 tin \u0111\u01b0a ra c\u00e1c cam k\u1ebft ch\u1ea5t l\u01b0\u1ee3ng v\u01b0\u1ee3t tr\u1ed9i nh\u1ea5t khi ph\u1ee5c v\u1ee5 qu\u00fd kh\u00e1ch h\u00e0ng.M\u1ed9t s\u1ed1n d\u00f2ng s\u1ea3n ph\u1ea9m thi\u1ebft b\u1ecb ETEK Thu\u1eadn Phong \u0111ang ph\u00e2n ph\u1ed1i:<\/p>\n<ul>\n<li><a href=\"https:\/\/tpenergy.com.vn\/index.php\/san-pham\/thiet-bi-chong-set-lan-truyen-etek-t2-20-275\/\">Thi\u1ebft b\u1ecb ch\u1ed1ng s\u00e9t lan truy\u1ec1n ETEK EKU5-T2-20-2P-275<\/a><\/li>\n<li>Thi\u1ebft b\u1ecb ch\u1ed1ng s\u00e9t lan truy\u1ec1n ETEK T2-40KA-440V<\/li>\n<\/ul>\n<\/div>\n<div class=\"box\">\n<ul>\n<li>Thi\u1ebft b\u1ecb ch\u1ed1ng s\u00e9t lan truy\u1ec1n ETEK EKU5-T2-40PV-2M-1000<\/li>\n<li>Thi\u1ebft b\u1ecb ch\u1ed1ng s\u00e9t lan truy\u1ec1n ETEK EKU5-T2-40PV-3M-1000<\/li>\n<li>Aptomat ETEK DC MCB EKM1-125DC-2C125<\/li>\n<\/ul>\n<div class=\"x11i5rnm xat24cr x1mh8g0r x1vvkbs xtlvy1s x126k92a\">\n<div dir=\"auto\">S\u1ea3n ph\u1ea9m c\u1ee7a Thu\u1eadn Phong khi \u0111\u1ebfn tay \u0111\u1ea1i l\u00fd lu\u00f4n \u0111\u1ea3m b\u1ea3o:<\/div>\n<div dir=\"auto\">\u2014 H\u00e0ng h\u00f3a ch\u00ednh h\u00e3ng, \u0111\u1ea7y \u0111\u1ee7 CO, CQ, VAT cho d\u1ef1 \u00e1n<\/div>\n<div dir=\"auto\"><span class=\"html-span xexx8yu x4uap5 x18d9i69 xkhd6sd x1hl2dhg x16tdsg8 x1vvkbs x3nfvp2 x1j61x8r x1fcty0u xdj266r xat24cr xgzva0m xhhsvwb xxymvpz xlup9mm x1kky2od\">\u2014\u00a0<\/span>Gi\u00e1 lu\u00f4n c\u1ea1nh tranh nh\u1edd nh\u1eadp kh\u1ea9u tr\u1ef1c ti\u1ebfp.<\/div>\n<div dir=\"auto\">\u2014 C\u1ea5p s\u1ec9 to\u00e0n qu\u1ed1c. V\u1eadn chuy\u1ec3n t\u1eadn n\u01a1i.<\/div>\n<\/div>\n<div class=\"x11i5rnm xat24cr x1mh8g0r x1vvkbs xtlvy1s x126k92a\">\n<div dir=\"auto\">\u00a0N\u1ebfu b\u1ea1n \u0111ang loay hoay t\u00ecm ki\u1ebfm d\u00f2ng s\u1ea3n ph\u1ea9m th\u1ef1c s\u1ef1 ch\u1ea5t l\u01b0\u1ee3ng \u0111\u1ec3 ph\u00e2n ph\u1ed1i li\u00ean h\u1ec7 v\u1edbi Thu\u1eadn Phong qua hotline: 0869.564.567<\/div>\n<div dir=\"auto\">\u2014\u2014\u2014\u2014\u2014\u2014\u2014\u2014\u2014\u2014\u2014\u2013<\/div>\n<div dir=\"auto\">\n<div class=\"html-div xdj266r x11i5rnm xat24cr x1mh8g0r xexx8yu x4uap5 x18d9i69 xkhd6sd\">\n<div class=\"html-div xdj266r x11i5rnm xat24cr x1mh8g0r xexx8yu x4uap5 x18d9i69 xkhd6sd\" dir=\"auto\">\n<div id=\":r8c8:\" class=\"x1iorvi4 x1pi30zi x1l90r2v x1swvt13\" data-ad-comet-preview=\"message\" data-ad-preview=\"message\">\n<div class=\"x78zum5 xdt5ytf xz62fqu x16ldp7u\">\n<div class=\"xu06os2 x1ok221b\">\n<div class=\"x11i5rnm xat24cr x1mh8g0r x1vvkbs xtlvy1s x126k92a\">\n<div dir=\"auto\">CH\u1eccN THU\u1eacN PHONG &#8211; CH\u1eccN S\u1ef0 AN T\u00c2M<br \/>\nHotline: 0869.564.567<br \/>\nKinh doanh: 0867.577.357<br \/>\nK\u1ef9 thu\u1eadt: 0899.768.777<br \/>\nTr\u1ee5 s\u1edf ch\u00ednh: 30 Nguy\u1ec5n H\u1eefu D\u1eadt, ph\u01b0\u1eddng \u0110\u1ed3ng H\u1edbi, t\u1ec9nh Qu\u1ea3ng Tr\u1ecb, Vi\u1ec7t Nam<br \/>\nTr\u1ee5 s\u1edf H\u00e0 N\u1ed9i: Nh\u00e0 ph\u1ed1 th\u01b0\u01a1ng m\u1ea1i Khai S\u01a1n Town s\u1ed1 18 thu\u1ed9c Town 7, khu \u0111\u00f4 th\u1ecb Khai S\u01a1n City, ph\u01b0\u1eddng B\u1ed3 \u0110\u1ec1, Th\u00e0nh ph\u1ed1 H\u00e0 N\u1ed9i<br \/>\nWebsite: https:\/\/tpenergy.com.vn\/<br \/>\nShopee: https:\/\/byvn.net\/E1oJ<br \/>\nLazada: https:\/\/byvn.net\/VYPr<\/div>\n<\/div>\n<\/div>\n<\/div>\n<\/div>\n<\/div>\n<\/div>\n<\/div>\n<\/div>\n<\/div>\n<\/div>\n<\/div>\n","protected":false},"excerpt":{"rendered":"<p>M\u00f4 t\u1ea3 s\u1ea3n ph\u1ea9m:<\/p>\n<table>\n<tbody>\n<tr>\n<td>D\u00f2ng \u0111i\u1ec7n \u0111\u1ecbnh m\u1ee9c trong<\/td>\n<td>125A<\/td>\n<\/tr>\n<tr>\n<td>C\u1ef1c<\/td>\n<td>2P<\/td>\n<\/tr>\n<tr>\n<td>\u0110i\u1ec7n \u00e1p \u0111\u1ecbnh m\u1ee9c Ue<\/td>\n<td>2P(500V)<\/td>\n<\/tr>\n<tr>\n<td>Kh\u1ea3 n\u0103ng ph\u00e1 v\u1ee1 \u0111\u1ecbnh m\u1ee9c<\/td>\n<td>10.000A<\/td>\n<\/tr>\n<tr>\n<td>\u0110i\u1ec7n \u00e1p ch\u1ecbu \u0111\u01b0\u1ee3c xung \u0111\u1ecbnh m\u1ee9c (1,5\/50) Uimp<\/td>\n<td>4.000V<\/td>\n<\/tr>\n<tr>\n<td>\u0110i\u1ec7n \u00e1p th\u1eed nghi\u1ec7m \u0111i\u1ec7n m\u00f4i \u1edf t\u1ea7n s\u1ed1 ind. trong 1 ph\u00fat<\/td>\n<td>2kV<\/td>\n<\/tr>\n<tr>\n<td>M\u1ee9c \u0111\u1ed9 \u00f4 nhi\u1ec5m<\/td>\n<td>2<\/td>\n<\/tr>\n<tr>\n<td>\u0110\u1eb7c t\u00ednh gi\u1ea3i ph\u00f3ng nhi\u1ec7t t\u1eeb<\/td>\n<td>8~12<\/td>\n<\/tr>\n<\/tbody>\n<\/table>\n<h3><i class=\"fas fa-download\"><\/i> Download<\/h3>\n<ul>\n<li><a href=\"https:\/\/tpenergy.com.vn\/wp-content\/uploads\/2024\/10\/EKM1-125DC-125A-PV-Solar-DC-MCB.pdf\">DATASHEET<\/a><\/li>\n<\/ul>\n","protected":false},"featured_media":5278,"comment_status":"open","ping_status":"closed","template":"","meta":{"_eb_attr":""},"product_cat":[1274],"product_tag":[688,691,692],"class_list":{"0":"post-5271","1":"product","2":"type-product","3":"status-publish","4":"has-post-thumbnail","6":"product_cat-cb-etek-phu-kien","7":"product_tag-aptomat-etek","8":"product_tag-aptomat-etek-dc-mcb-ekm1-125dc-2c125","9":"product_tag-ekm1-125dc-2c125","10":"pa_gia-khong-lap-dat","11":"pa_gia-lap-dat","13":"first","14":"instock","15":"shipping-taxable","16":"purchasable","17":"product-type-variable"},"yoast_head":"<!-- This site is optimized with the Yoast SEO plugin v20.9 - https:\/\/yoast.com\/wordpress\/plugins\/seo\/ -->\r\n<title>Aptomat ETEK DC MCB EKM1-125DC-2C125 - Thuan Phong Solar Energy<\/title>\r\n<meta name=\"description\" content=\"Aptomat ETEK DC MCB EKM1-125DC-2C125 ph\u00f9 h\u1ee3p v\u1edbi c\u00e1c \u0111\u01b0\u1eddng d\u00e2y c\u00f3 d\u00f2ng \u0111i\u1ec7n \u0111\u1ecbnh m\u1ee9c 125A tr\u1edf xu\u1ed1ng \u0111i\u1ec7n \u00e1p \u0111\u1ecbnh m\u1ee9c DC 250V\" \/>\r\n<meta name=\"robots\" content=\"index, follow, max-snippet:-1, max-image-preview:large, max-video-preview:-1\" \/>\r\n<link rel=\"canonical\" href=\"https:\/\/tpenergy.com.vn\/?product=aptomat-etek-dc-mcb-ekm1-125dc-2c125\" \/>\r\n<meta property=\"og:locale\" content=\"vi_VN\" \/>\r\n<meta property=\"og:type\" content=\"article\" \/>\r\n<meta property=\"og:title\" content=\"Aptomat ETEK DC MCB EKM1-125DC-2C125 - Thuan Phong Solar Energy\" \/>\r\n<meta property=\"og:description\" content=\"Aptomat ETEK DC MCB EKM1-125DC-2C125 ph\u00f9 h\u1ee3p v\u1edbi c\u00e1c \u0111\u01b0\u1eddng d\u00e2y c\u00f3 d\u00f2ng \u0111i\u1ec7n \u0111\u1ecbnh m\u1ee9c 125A tr\u1edf xu\u1ed1ng \u0111i\u1ec7n \u00e1p \u0111\u1ecbnh m\u1ee9c DC 250V\" \/>\r\n<meta property=\"og:url\" content=\"https:\/\/tpenergy.com.vn\/?product=aptomat-etek-dc-mcb-ekm1-125dc-2c125\" \/>\r\n<meta property=\"og:site_name\" content=\"Thuan Phong Solar Energy\" \/>\r\n<meta property=\"article:modified_time\" content=\"2025-11-14T09:39:25+00:00\" \/>\r\n<meta property=\"og:image\" content=\"https:\/\/tpenergy.com.vn\/wp-content\/uploads\/2024\/10\/EKM1-125-2p-dc-mcb.jpg\" \/>\r\n\t<meta property=\"og:image:width\" content=\"800\" \/>\r\n\t<meta property=\"og:image:height\" content=\"800\" \/>\r\n\t<meta property=\"og:image:type\" content=\"image\/jpeg\" \/>\r\n<meta name=\"twitter:card\" content=\"summary_large_image\" \/>\r\n<meta name=\"twitter:label1\" content=\"\u01af\u1edbc t\u00ednh th\u1eddi gian \u0111\u1ecdc\" \/>\n\t<meta name=\"twitter:data1\" content=\"4 ph\u00fat\" \/>\r\n<script type=\"application\/ld+json\" class=\"yoast-schema-graph\">{\"@context\":\"https:\/\/schema.org\",\"@graph\":[{\"@type\":\"WebPage\",\"@id\":\"https:\/\/tpenergy.com.vn\/?product=aptomat-etek-dc-mcb-ekm1-125dc-2c125\",\"url\":\"https:\/\/tpenergy.com.vn\/?product=aptomat-etek-dc-mcb-ekm1-125dc-2c125\",\"name\":\"Aptomat ETEK DC MCB EKM1-125DC-2C125 - Thuan Phong Solar Energy\",\"isPartOf\":{\"@id\":\"https:\/\/tpenergy.com.vn\/#website\"},\"datePublished\":\"2024-10-01T09:58:32+00:00\",\"dateModified\":\"2025-11-14T09:39:25+00:00\",\"description\":\"Aptomat ETEK DC MCB EKM1-125DC-2C125 ph\u00f9 h\u1ee3p v\u1edbi c\u00e1c \u0111\u01b0\u1eddng d\u00e2y c\u00f3 d\u00f2ng \u0111i\u1ec7n \u0111\u1ecbnh m\u1ee9c 125A tr\u1edf xu\u1ed1ng \u0111i\u1ec7n \u00e1p \u0111\u1ecbnh m\u1ee9c DC 250V\",\"breadcrumb\":{\"@id\":\"https:\/\/tpenergy.com.vn\/?product=aptomat-etek-dc-mcb-ekm1-125dc-2c125#breadcrumb\"},\"inLanguage\":\"vi\",\"potentialAction\":[{\"@type\":\"ReadAction\",\"target\":[\"https:\/\/tpenergy.com.vn\/?product=aptomat-etek-dc-mcb-ekm1-125dc-2c125\"]}]},{\"@type\":\"BreadcrumbList\",\"@id\":\"https:\/\/tpenergy.com.vn\/?product=aptomat-etek-dc-mcb-ekm1-125dc-2c125#breadcrumb\",\"itemListElement\":[{\"@type\":\"ListItem\",\"position\":1,\"name\":\"Trang ch\u1ee7\",\"item\":\"https:\/\/tpenergy.com.vn\/\"},{\"@type\":\"ListItem\",\"position\":2,\"name\":\"Shop\",\"item\":\"https:\/\/tpenergy.com.vn\/?page_id=5\"},{\"@type\":\"ListItem\",\"position\":3,\"name\":\"PH\u1ee4 KI\u1ec6N\",\"item\":\"https:\/\/tpenergy.com.vn\/danh-muc-sp\/phu-kien\/\"},{\"@type\":\"ListItem\",\"position\":4,\"name\":\"ETEK\",\"item\":\"https:\/\/tpenergy.com.vn\/?product_cat=etek-phu-kien\"},{\"@type\":\"ListItem\",\"position\":5,\"name\":\"CB\",\"item\":\"https:\/\/tpenergy.com.vn\/?product_cat=cb-etek-phu-kien\"},{\"@type\":\"ListItem\",\"position\":6,\"name\":\"Aptomat ETEK DC MCB EKM1-125DC-2C125\"}]},{\"@type\":\"WebSite\",\"@id\":\"https:\/\/tpenergy.com.vn\/#website\",\"url\":\"https:\/\/tpenergy.com.vn\/\",\"name\":\"Thuan Phong Solar Energy\",\"description\":\"\",\"potentialAction\":[{\"@type\":\"SearchAction\",\"target\":{\"@type\":\"EntryPoint\",\"urlTemplate\":\"https:\/\/tpenergy.com.vn\/?s={search_term_string}\"},\"query-input\":\"required name=search_term_string\"}],\"inLanguage\":\"vi\"}]}<\/script>\r\n<!-- \/ Yoast SEO plugin. -->","yoast_head_json":{"title":"Aptomat ETEK DC MCB EKM1-125DC-2C125 - Thuan Phong Solar Energy","description":"Aptomat ETEK DC MCB EKM1-125DC-2C125 ph\u00f9 h\u1ee3p v\u1edbi c\u00e1c \u0111\u01b0\u1eddng d\u00e2y c\u00f3 d\u00f2ng \u0111i\u1ec7n \u0111\u1ecbnh m\u1ee9c 125A tr\u1edf xu\u1ed1ng \u0111i\u1ec7n \u00e1p \u0111\u1ecbnh m\u1ee9c DC 250V","robots":{"index":"index","follow":"follow","max-snippet":"max-snippet:-1","max-image-preview":"max-image-preview:large","max-video-preview":"max-video-preview:-1"},"canonical":"https:\/\/tpenergy.com.vn\/?product=aptomat-etek-dc-mcb-ekm1-125dc-2c125","og_locale":"vi_VN","og_type":"article","og_title":"Aptomat ETEK DC MCB EKM1-125DC-2C125 - Thuan Phong Solar Energy","og_description":"Aptomat ETEK DC MCB EKM1-125DC-2C125 ph\u00f9 h\u1ee3p v\u1edbi c\u00e1c \u0111\u01b0\u1eddng d\u00e2y c\u00f3 d\u00f2ng \u0111i\u1ec7n \u0111\u1ecbnh m\u1ee9c 125A tr\u1edf xu\u1ed1ng \u0111i\u1ec7n \u00e1p \u0111\u1ecbnh m\u1ee9c DC 250V","og_url":"https:\/\/tpenergy.com.vn\/?product=aptomat-etek-dc-mcb-ekm1-125dc-2c125","og_site_name":"Thuan Phong Solar Energy","article_modified_time":"2025-11-14T09:39:25+00:00","og_image":[{"width":800,"height":800,"url":"https:\/\/tpenergy.com.vn\/wp-content\/uploads\/2024\/10\/EKM1-125-2p-dc-mcb.jpg","type":"image\/jpeg"}],"twitter_card":"summary_large_image","twitter_misc":{"\u01af\u1edbc t\u00ednh th\u1eddi gian \u0111\u1ecdc":"4 ph\u00fat"},"schema":{"@context":"https:\/\/schema.org","@graph":[{"@type":"WebPage","@id":"https:\/\/tpenergy.com.vn\/?product=aptomat-etek-dc-mcb-ekm1-125dc-2c125","url":"https:\/\/tpenergy.com.vn\/?product=aptomat-etek-dc-mcb-ekm1-125dc-2c125","name":"Aptomat ETEK DC MCB EKM1-125DC-2C125 - Thuan Phong Solar Energy","isPartOf":{"@id":"https:\/\/tpenergy.com.vn\/#website"},"datePublished":"2024-10-01T09:58:32+00:00","dateModified":"2025-11-14T09:39:25+00:00","description":"Aptomat ETEK DC MCB EKM1-125DC-2C125 ph\u00f9 h\u1ee3p v\u1edbi c\u00e1c \u0111\u01b0\u1eddng d\u00e2y c\u00f3 d\u00f2ng \u0111i\u1ec7n \u0111\u1ecbnh m\u1ee9c 125A tr\u1edf xu\u1ed1ng \u0111i\u1ec7n \u00e1p \u0111\u1ecbnh m\u1ee9c DC 250V","breadcrumb":{"@id":"https:\/\/tpenergy.com.vn\/?product=aptomat-etek-dc-mcb-ekm1-125dc-2c125#breadcrumb"},"inLanguage":"vi","potentialAction":[{"@type":"ReadAction","target":["https:\/\/tpenergy.com.vn\/?product=aptomat-etek-dc-mcb-ekm1-125dc-2c125"]}]},{"@type":"BreadcrumbList","@id":"https:\/\/tpenergy.com.vn\/?product=aptomat-etek-dc-mcb-ekm1-125dc-2c125#breadcrumb","itemListElement":[{"@type":"ListItem","position":1,"name":"Trang ch\u1ee7","item":"https:\/\/tpenergy.com.vn\/"},{"@type":"ListItem","position":2,"name":"Shop","item":"https:\/\/tpenergy.com.vn\/?page_id=5"},{"@type":"ListItem","position":3,"name":"PH\u1ee4 KI\u1ec6N","item":"https:\/\/tpenergy.com.vn\/danh-muc-sp\/phu-kien\/"},{"@type":"ListItem","position":4,"name":"ETEK","item":"https:\/\/tpenergy.com.vn\/?product_cat=etek-phu-kien"},{"@type":"ListItem","position":5,"name":"CB","item":"https:\/\/tpenergy.com.vn\/?product_cat=cb-etek-phu-kien"},{"@type":"ListItem","position":6,"name":"Aptomat ETEK DC MCB EKM1-125DC-2C125"}]},{"@type":"WebSite","@id":"https:\/\/tpenergy.com.vn\/#website","url":"https:\/\/tpenergy.com.vn\/","name":"Thuan Phong Solar Energy","description":"","potentialAction":[{"@type":"SearchAction","target":{"@type":"EntryPoint","urlTemplate":"https:\/\/tpenergy.com.vn\/?s={search_term_string}"},"query-input":"required name=search_term_string"}],"inLanguage":"vi"}]}},"_links":{"self":[{"href":"https:\/\/tpenergy.com.vn\/index.php?rest_route=\/wp\/v2\/product\/5271"}],"collection":[{"href":"https:\/\/tpenergy.com.vn\/index.php?rest_route=\/wp\/v2\/product"}],"about":[{"href":"https:\/\/tpenergy.com.vn\/index.php?rest_route=\/wp\/v2\/types\/product"}],"replies":[{"embeddable":true,"href":"https:\/\/tpenergy.com.vn\/index.php?rest_route=%2Fwp%2Fv2%2Fcomments&post=5271"}],"wp:featuredmedia":[{"embeddable":true,"href":"https:\/\/tpenergy.com.vn\/index.php?rest_route=\/wp\/v2\/media\/5278"}],"wp:attachment":[{"href":"https:\/\/tpenergy.com.vn\/index.php?rest_route=%2Fwp%2Fv2%2Fmedia&parent=5271"}],"wp:term":[{"taxonomy":"product_cat","embeddable":true,"href":"https:\/\/tpenergy.com.vn\/index.php?rest_route=%2Fwp%2Fv2%2Fproduct_cat&post=5271"},{"taxonomy":"product_tag","embeddable":true,"href":"https:\/\/tpenergy.com.vn\/index.php?rest_route=%2Fwp%2Fv2%2Fproduct_tag&post=5271"}],"curies":[{"name":"wp","href":"https:\/\/api.w.org\/{rel}","templated":true}]}}