{"id":5133,"date":"2024-08-24T15:37:45","date_gmt":"2024-08-24T08:37:45","guid":{"rendered":"https:\/\/tpenergy.com.vn\/?post_type=product&#038;p=5133"},"modified":"2025-11-17T13:51:17","modified_gmt":"2025-11-17T06:51:17","slug":"aptomat-chint-mcb-2-pha-63a-6ka","status":"publish","type":"product","link":"https:\/\/tpenergy.com.vn\/?product=aptomat-chint-mcb-2-pha-63a-6ka","title":{"rendered":"Aptomat Chint MCB 2 pha 63A 6kA | NXB-63 2P C63 6kA"},"content":{"rendered":"<h1><strong>Aptomat Chint MCB 2 pha 63A 6kA &#8211; NXB-63 2P C63 6kA<\/strong><\/h1>\n<h2><b>Gi\u1edbi thi\u1ec7u t\u1ed5ng qu\u00e1t s\u1ea3n ph\u1ea9m:<\/b><\/h2>\n<ul>\n<li>D\u00f2ng \u0111i\u1ec7n \u0111\u1ecbnh m\u1ee9c r\u1ed9ng:\u00a01A, 2A, 3A, 4A, 6A, 10A, 16A, 20A, 25A, 32A, 40A, 50A, 63A;<\/li>\n<li>\u0110i\u1ec7n \u00e1p ho\u1ea1t \u0111\u1ed9ng \u0111\u1ecbnh m\u1ee9c:\u00a0220V~\/230V~\/240V ~ (1P, 1P+N), 380V~\/400V~\/415V ~ (2 ~ 4P, 3P+N)<\/li>\n<li>T\u1ea7n s\u1ed1 :\u00a050\/60Hz<\/li>\n<\/ul>\n<h2><b>Th\u00f4ng s\u1ed1 k\u1ef9 thu\u1eadt s\u1ea3n ph\u1ea9m:<\/b><\/h2>\n<table class=\"Table\" style=\"height: 543px\" width=\"1419\">\n<tbody>\n<tr>\n<td width=\"259\"><b>M\u00e3 h\u00e0ng<\/b><\/td>\n<td width=\"315\">\n<p align=\"center\"><b>NXB2-25<\/b><\/p>\n<\/td>\n<\/tr>\n<tr>\n<td width=\"259\">\u0110i\u1ec7n \u00e1p ho\u1ea1t \u0111\u1ed9ng \u0111\u1ecbnh m\u1ee9c<\/td>\n<td width=\"315\">\n<p align=\"center\">220\/230\/240V, 400\/415V<\/p>\n<\/td>\n<\/tr>\n<tr>\n<td width=\"259\">T\u1ea7n S\u1ed1<\/td>\n<td width=\"315\">\n<p align=\"center\">50Hz<\/p>\n<\/td>\n<\/tr>\n<tr>\n<td width=\"259\">\u0110i\u1ec7n \u00e1p ch\u1ecbu xung \u0111\u1ecbnh m\u1ee9c Uimp (kV)<\/td>\n<td width=\"315\">\n<p align=\"center\">4KV<\/p>\n<\/td>\n<\/tr>\n<tr>\n<td width=\"259\">D\u00f2ng \u0111i\u1ec7n \u0111\u1ecbnh m\u1ee9c<\/td>\n<td width=\"315\">\n<p align=\"center\">63A<\/p>\n<\/td>\n<\/tr>\n<tr>\n<td width=\"259\">D\u00f2ng c\u1eaft<\/td>\n<td width=\"315\">\n<p align=\"center\">6KA<\/p>\n<\/td>\n<\/tr>\n<tr>\n<td width=\"259\">Tu\u1ed5i th\u1ecd \u0111\u00f3ng ng\u1eaft c\u01a1 kh\u00ed<\/td>\n<td width=\"315\">\n<p align=\"center\">20.000 l\u1ea7n<\/p>\n<\/td>\n<\/tr>\n<tr>\n<td width=\"259\">Tu\u1ed5i th\u1ecd \u0111\u00f3ng ng\u1eaft ti\u1ebfp \u0111i\u1ec3m \u0111i\u1ec7n<\/td>\n<td width=\"315\">\n<p align=\"center\">10.000 l\u1ea7n<\/p>\n<\/td>\n<\/tr>\n<tr>\n<td width=\"259\">Nhi\u1ec7t \u0111\u1ed9 m\u00f4i tr\u01b0\u1eddng xung quanh<\/td>\n<td width=\"315\">\n<p align=\"center\">-5\u2103 ~ 40\u2103<\/p>\n<\/td>\n<\/tr>\n<\/tbody>\n<\/table>\n<h2><b>K\u00edch th\u01b0\u1edbc s\u1ea3n ph\u1ea9m:<\/b><\/h2>\n<figure style=\"width: 1415px\" class=\"wp-caption aligncenter\"><img loading=\"lazy\" decoding=\"async\" src=\"https:\/\/amazen.com.vn\/images\/img\/images\/NXB2_kt.png\" alt=\"\" width=\"1415\" height=\"837\" \/><figcaption class=\"wp-caption-text\">M\u00f4 t\u1ea3 k\u00edch th\u01b0\u1edbc Aptomat Chint<\/figcaption><\/figure>\n<p><b>\u1ee8ng d\u1ee5ng :<\/b>\u00a0l\u00e0 thi\u1ebft b\u1ecb \u0111i\u1ec7n c\u00f4ng nghi\u1ec7p \u0111\u01b0\u1ee3c s\u1eed d\u1ee5ng r\u1ed9ng r\u00e3i \u1edf c\u00e1c c\u00f4ng tr\u00ecnh c\u00f4ng nghi\u1ec7p v\u00e0 c\u00f4ng tr\u00ecnh d\u00e2n d\u1ee5ng.. Ch\u00fang \u0111\u1eb7c bi\u1ec7t \u0111\u01b0\u1ee3c s\u1eed d\u1ee5ng trong c\u00e1c m\u1ea1ng \u0111i\u1ec7n h\u1ea1 th\u1ebf. Thi\u1ebft b\u1ecb n\u00e0y \u0111\u01b0\u1ee3c d\u00f9ng \u0111\u1ec3 \u0111\u00f3ng ng\u1eaft m\u1ea1ch \u0111i\u1ec7n tr\u00e1nh kh\u1ecfi c\u00e1c s\u1ef1 c\u1ed1 qu\u00e1 t\u1ea3i, ng\u1eafn m\u1ea1ch b\u1ea3o v\u1ec7 an to\u00e0n cho con ng\u01b0\u1eddi v\u00e0 cho c\u00e1c thi\u1ebft b\u1ecb kh\u00e1c trong m\u1ea1ng \u0111i\u1ec7n.<\/p>\n<div class=\"x11i5rnm xat24cr x1mh8g0r x1vvkbs xtlvy1s x126k92a\">\n<div dir=\"auto\">\n<div class=\"html-div xdj266r x11i5rnm xat24cr x1mh8g0r xexx8yu x4uap5 x18d9i69 xkhd6sd\">\n<div class=\"html-div xdj266r x11i5rnm xat24cr x1mh8g0r xexx8yu x4uap5 x18d9i69 xkhd6sd\" dir=\"auto\">\n<div id=\":r8c8:\" class=\"x1iorvi4 x1pi30zi x1l90r2v x1swvt13\" data-ad-comet-preview=\"message\" data-ad-preview=\"message\">\n<div class=\"x78zum5 xdt5ytf xz62fqu x16ldp7u\">\n<div class=\"xu06os2 x1ok221b\">\n<div class=\"x11i5rnm xat24cr x1mh8g0r x1vvkbs xtlvy1s x126k92a\">\n<div dir=\"auto\">\n<p><a href=\"https:\/\/tpenergy.com.vn\/index.php\/danh-muc-sp\/phu-kien\/aptomat\/chint\/\"><strong>\u0110\u01a1n v\u1ecb ph\u00e2n ph\u1ed1i Aptomat Chint ch\u00ednh h\u00e3ng:<\/strong><\/a><\/p>\n<p>C\u00f4ng ty TNHH Th\u01b0\u01a1ng m\u1ea1i D\u1ecbch v\u1ee5 C\u01a1 \u0111i\u1ec7n Thu\u1eadn Phong l\u00e0 \u0111\u1ea1i l\u00fd ph\u00e2n ph\u1ed1i thi\u1ebft b\u1ecb \u0111i\u1ec7n Chint ch\u00ednh h\u00e3ng t\u1ea1i th\u1ecb tr\u01b0\u1eddng Vi\u1ec7t Nam. M\u1ecdi kh\u00e1ch h\u00e0ng l\u1ef1a ch\u1ecdn tin t\u01b0\u1edfng v\u00e0o d\u1ecbch v\u1ee5, s\u1ea3n ph\u1ea9m do Thu\u1eadn Phong cung c\u1ea5p ch\u1eafc ch\u1eafn s\u1ebd kh\u00f4ng ph\u1ea3i h\u1ed1i h\u1eadn v\u1edbi l\u1ef1a ch\u1ecdn c\u1ee7a m\u00ecnh. D\u1ecbch v\u1ee5 lu\u00f4n t\u1ef1 tin \u0111\u01b0a ra c\u00e1c cam k\u1ebft ch\u1ea5t l\u01b0\u1ee3ng v\u01b0\u1ee3t tr\u1ed9i nh\u1ea5t khi ph\u1ee5c v\u1ee5 qu\u00fd kh\u00e1ch h\u00e0ng.<\/p>\n<div class=\"x11i5rnm xat24cr x1mh8g0r x1vvkbs xtlvy1s x126k92a\">\n<h3 dir=\"auto\">S\u1ea3n ph\u1ea9m c\u1ee7a Thu\u1eadn Phong khi \u0111\u1ebfn tay \u0111\u1ea1i l\u00fd lu\u00f4n \u0111\u1ea3m b\u1ea3o:<\/h3>\n<div dir=\"auto\">\u2014 H\u00e0ng h\u00f3a ch\u00ednh h\u00e3ng, \u0111\u1ea7y \u0111\u1ee7 CO, CQ, VAT cho d\u1ef1 \u00e1n<\/div>\n<div dir=\"auto\"><span class=\"html-span xexx8yu x4uap5 x18d9i69 xkhd6sd x1hl2dhg x16tdsg8 x1vvkbs x3nfvp2 x1j61x8r x1fcty0u xdj266r xat24cr xgzva0m xhhsvwb xxymvpz xlup9mm x1kky2od\">\u2014\u00a0<\/span>Gi\u00e1 lu\u00f4n c\u1ea1nh tranh nh\u1edd nh\u1eadp kh\u1ea9u tr\u1ef1c ti\u1ebfp.<\/div>\n<div dir=\"auto\">\u2014 C\u1ea5p s\u1ec9 to\u00e0n qu\u1ed1c. V\u1eadn chuy\u1ec3n t\u1eadn n\u01a1i.<\/div>\n<\/div>\n<div class=\"x11i5rnm xat24cr x1mh8g0r x1vvkbs xtlvy1s x126k92a\">\n<div dir=\"auto\">\u00a0N\u1ebfu b\u1ea1n \u0111ang loay hoay t\u00ecm ki\u1ebfm d\u00f2ng s\u1ea3n ph\u1ea9m th\u1ef1c s\u1ef1 ch\u1ea5t l\u01b0\u1ee3ng \u0111\u1ec3 ph\u00e2n ph\u1ed1i li\u00ean h\u1ec7 v\u1edbi Thu\u1eadn Phong qua hotline: 0869.564.567<\/div>\n<div dir=\"auto\">\n<div dir=\"auto\">\u2014\u2014\u2014\u2014\u2014\u2014\u2014\u2014\u2014\u2014\u2014\u2013<\/div>\n<div dir=\"auto\"><a href=\"https:\/\/www.facebook.com\/DienMatTroi.SolarQuangBinh\">CH\u1eccN THU\u1eacN PHONG \u2013 CH\u1eccN S\u1ef0 AN T\u00c2M<\/a><br \/>\nHotline: 0869.564.567<br \/>\nKinh doanh: 0867.577.357<br \/>\nK\u1ef9 thu\u1eadt: 0899.768.777<br \/>\nService: 0867.118.636<br \/>\nTr\u1ee5 s\u1edf ch\u00ednh: 30 Nguy\u1ec5n H\u1eefu D\u1eadt, ph\u01b0\u1eddng \u0110\u1ed3ng H\u1edbi, t\u1ec9nh Qu\u1ea3ng Tr\u1ecb, Vi\u1ec7t Nam<br \/>\nTr\u1ee5 s\u1edf H\u00e0 N\u1ed9i: Nh\u00e0 ph\u1ed1 th\u01b0\u01a1ng m\u1ea1i Khai S\u01a1n Town s\u1ed1 18 thu\u1ed9c Town 7, khu \u0111\u00f4 th\u1ecb Khai S\u01a1n City, ph\u01b0\u1eddng B\u1ed3 \u0110\u1ec1, Th\u00e0nh ph\u1ed1 H\u00e0 N\u1ed9i<br \/>\nWebsite:\u00a0<a href=\"https:\/\/tpenergy.com.vn\/\">https:\/\/tpenergy.com.vn\/<\/a><br \/>\nShopee:\u00a0<a href=\"https:\/\/shopee.vn\/thuanphongenergy?entryPoint=ShopBySearch&amp;searchKeyword=thu%E1%BA%ADn%20phong%20solar%20energy\">https:\/\/byvn.net\/E1oJ<\/a><br \/>\nLazada:\u00a0<a href=\"https:\/\/byvn.net\/VYPr\">https:\/\/byvn.net\/VYPr<\/a><\/div>\n<\/div>\n<\/div>\n<\/div>\n<\/div>\n<\/div>\n<\/div>\n<\/div>\n<\/div>\n<\/div>\n<\/div>\n<\/div>\n","protected":false},"excerpt":{"rendered":"<ul>\n<li>M\u00e3 s\u1ea3n ph\u1ea9m:\u00a0NXB-63 2P C63 6kA<\/li>\n<li>D\u00f2ng series:\u00a0NXB-63 CHINT Series<\/li>\n<li>Xu\u1ea5t x\u1ee9:\u00a0Trung Qu\u1ed1c<\/li>\n<li>Th\u1eddi gian b\u1ea3o h\u00e0nh:\u00a012 th\u00e1ng<\/li>\n<li>T\u00ecnh tr\u1ea1ng:\u00a0M\u1edbi 100%<\/li>\n<li>D\u00f2ng c\u1eaft:\u00a06kA<\/li>\n<li>D\u00f2ng \u0111i\u1ec7n \u0111\u1ecbnh m\u1ee9c:\u00a063A<\/li>\n<li>H\u00e3ng s\u1ea3n xu\u1ea5t:\u00a0CHINT<\/li>\n<li>Pha:\u00a02 pha<\/li>\n<\/ul>\n<h3><i class=\"fas fa-download\"><\/i> Download<\/h3>\n<ul>\n<li><a href=\"https:\/\/tpenergy.com.vn\/wp-content\/uploads\/2024\/08\/CATALOGUE.pdf\">CATALOGUE<\/a><\/li>\n<li><a href=\"https:\/\/tpenergy.com.vn\/wp-content\/uploads\/2024\/08\/Chint-Drive-Product-Training.pdf\">Chint Drive Product Training<\/a><\/li>\n<\/ul>\n","protected":false},"featured_media":5164,"comment_status":"open","ping_status":"closed","template":"","meta":{"_eb_attr":""},"product_cat":[1276],"product_tag":[625,659,660,661],"class_list":{"0":"post-5133","1":"product","2":"type-product","3":"status-publish","4":"has-post-thumbnail","6":"product_cat-cb-chint-phu-kien","7":"product_tag-aptomat-chint","8":"product_tag-aptomat-chint-mcb-2-pha-63a-6ka","9":"product_tag-aptomat-chint-mcb-2-pha-63a-6ka-nxb-63-2p-c63-6ka","10":"product_tag-nxb-63-2p-c63-6ka","11":"pa_gia-khong-lap-dat","12":"pa_gia-lap-dat","14":"first","15":"instock","16":"shipping-taxable","17":"purchasable","18":"product-type-variable"},"yoast_head":"<!-- This site is optimized with the Yoast SEO plugin v20.9 - https:\/\/yoast.com\/wordpress\/plugins\/seo\/ -->\r\n<title>Aptomat Chint MCB 2 pha 63A 6kA | Thu\u1eadn Phong Energy<\/title>\r\n<meta name=\"description\" content=\"Thu\u1eadn Phong l\u00e0 \u0111\u1ea1i l\u00fd ph\u00e2n ph\u1ed1i thi\u1ebft b\u1ecb \u0111i\u1ec7n Chint ch\u00ednh h\u00e3ng t\u1ea1i th\u1ecb tr\u01b0\u1eddng Vi\u1ec7t Nam. Aptomat Chint MCB 2 pha 63A 6kA - NXB-63 2P C63 6kA\" \/>\r\n<meta name=\"robots\" content=\"index, follow, max-snippet:-1, max-image-preview:large, max-video-preview:-1\" \/>\r\n<link rel=\"canonical\" href=\"https:\/\/tpenergy.com.vn\/?product=aptomat-chint-mcb-2-pha-63a-6ka\" \/>\r\n<meta property=\"og:locale\" content=\"vi_VN\" \/>\r\n<meta property=\"og:type\" content=\"article\" \/>\r\n<meta property=\"og:title\" content=\"Aptomat Chint MCB 2 pha 63A 6kA | Thu\u1eadn Phong Energy\" \/>\r\n<meta property=\"og:description\" content=\"Thu\u1eadn Phong l\u00e0 \u0111\u1ea1i l\u00fd ph\u00e2n ph\u1ed1i thi\u1ebft b\u1ecb \u0111i\u1ec7n Chint ch\u00ednh h\u00e3ng t\u1ea1i th\u1ecb tr\u01b0\u1eddng Vi\u1ec7t Nam. Aptomat Chint MCB 2 pha 63A 6kA - NXB-63 2P C63 6kA\" \/>\r\n<meta property=\"og:url\" content=\"https:\/\/tpenergy.com.vn\/?product=aptomat-chint-mcb-2-pha-63a-6ka\" \/>\r\n<meta property=\"og:site_name\" content=\"Thuan Phong Solar Energy\" \/>\r\n<meta property=\"article:modified_time\" content=\"2025-11-17T06:51:17+00:00\" \/>\r\n<meta property=\"og:image\" content=\"https:\/\/tpenergy.com.vn\/wp-content\/uploads\/2024\/08\/nxb-63-2p-c63-ap-to-mat-cai-co-nho-chint-nxb-63-series.jpg\" \/>\r\n\t<meta property=\"og:image:width\" content=\"300\" \/>\r\n\t<meta property=\"og:image:height\" content=\"300\" \/>\r\n\t<meta property=\"og:image:type\" content=\"image\/jpeg\" \/>\r\n<meta name=\"twitter:card\" content=\"summary_large_image\" \/>\r\n<meta name=\"twitter:label1\" content=\"\u01af\u1edbc t\u00ednh th\u1eddi gian \u0111\u1ecdc\" \/>\n\t<meta name=\"twitter:data1\" content=\"3 ph\u00fat\" \/>\r\n<script type=\"application\/ld+json\" class=\"yoast-schema-graph\">{\"@context\":\"https:\/\/schema.org\",\"@graph\":[{\"@type\":\"WebPage\",\"@id\":\"https:\/\/tpenergy.com.vn\/?product=aptomat-chint-mcb-2-pha-63a-6ka\",\"url\":\"https:\/\/tpenergy.com.vn\/?product=aptomat-chint-mcb-2-pha-63a-6ka\",\"name\":\"Aptomat Chint MCB 2 pha 63A 6kA | Thu\u1eadn Phong Energy\",\"isPartOf\":{\"@id\":\"https:\/\/tpenergy.com.vn\/#website\"},\"datePublished\":\"2024-08-24T08:37:45+00:00\",\"dateModified\":\"2025-11-17T06:51:17+00:00\",\"description\":\"Thu\u1eadn Phong l\u00e0 \u0111\u1ea1i l\u00fd ph\u00e2n ph\u1ed1i thi\u1ebft b\u1ecb \u0111i\u1ec7n Chint ch\u00ednh h\u00e3ng t\u1ea1i th\u1ecb tr\u01b0\u1eddng Vi\u1ec7t Nam. Aptomat Chint MCB 2 pha 63A 6kA - NXB-63 2P C63 6kA\",\"breadcrumb\":{\"@id\":\"https:\/\/tpenergy.com.vn\/?product=aptomat-chint-mcb-2-pha-63a-6ka#breadcrumb\"},\"inLanguage\":\"vi\",\"potentialAction\":[{\"@type\":\"ReadAction\",\"target\":[\"https:\/\/tpenergy.com.vn\/?product=aptomat-chint-mcb-2-pha-63a-6ka\"]}]},{\"@type\":\"BreadcrumbList\",\"@id\":\"https:\/\/tpenergy.com.vn\/?product=aptomat-chint-mcb-2-pha-63a-6ka#breadcrumb\",\"itemListElement\":[{\"@type\":\"ListItem\",\"position\":1,\"name\":\"Trang ch\u1ee7\",\"item\":\"https:\/\/tpenergy.com.vn\/\"},{\"@type\":\"ListItem\",\"position\":2,\"name\":\"Shop\",\"item\":\"https:\/\/tpenergy.com.vn\/?page_id=5\"},{\"@type\":\"ListItem\",\"position\":3,\"name\":\"PH\u1ee4 KI\u1ec6N\",\"item\":\"https:\/\/tpenergy.com.vn\/danh-muc-sp\/phu-kien\/\"},{\"@type\":\"ListItem\",\"position\":4,\"name\":\"CHINT\",\"item\":\"https:\/\/tpenergy.com.vn\/?product_cat=chint-phu-kien\"},{\"@type\":\"ListItem\",\"position\":5,\"name\":\"CB\",\"item\":\"https:\/\/tpenergy.com.vn\/?product_cat=cb-chint-phu-kien\"},{\"@type\":\"ListItem\",\"position\":6,\"name\":\"Aptomat Chint MCB 2 pha 63A 6kA | NXB-63 2P C63 6kA\"}]},{\"@type\":\"WebSite\",\"@id\":\"https:\/\/tpenergy.com.vn\/#website\",\"url\":\"https:\/\/tpenergy.com.vn\/\",\"name\":\"Thuan Phong Solar Energy\",\"description\":\"\",\"potentialAction\":[{\"@type\":\"SearchAction\",\"target\":{\"@type\":\"EntryPoint\",\"urlTemplate\":\"https:\/\/tpenergy.com.vn\/?s={search_term_string}\"},\"query-input\":\"required name=search_term_string\"}],\"inLanguage\":\"vi\"}]}<\/script>\r\n<!-- \/ Yoast SEO plugin. -->","yoast_head_json":{"title":"Aptomat Chint MCB 2 pha 63A 6kA | Thu\u1eadn Phong Energy","description":"Thu\u1eadn Phong l\u00e0 \u0111\u1ea1i l\u00fd ph\u00e2n ph\u1ed1i thi\u1ebft b\u1ecb \u0111i\u1ec7n Chint ch\u00ednh h\u00e3ng t\u1ea1i th\u1ecb tr\u01b0\u1eddng Vi\u1ec7t Nam. Aptomat Chint MCB 2 pha 63A 6kA - NXB-63 2P C63 6kA","robots":{"index":"index","follow":"follow","max-snippet":"max-snippet:-1","max-image-preview":"max-image-preview:large","max-video-preview":"max-video-preview:-1"},"canonical":"https:\/\/tpenergy.com.vn\/?product=aptomat-chint-mcb-2-pha-63a-6ka","og_locale":"vi_VN","og_type":"article","og_title":"Aptomat Chint MCB 2 pha 63A 6kA | Thu\u1eadn Phong Energy","og_description":"Thu\u1eadn Phong l\u00e0 \u0111\u1ea1i l\u00fd ph\u00e2n ph\u1ed1i thi\u1ebft b\u1ecb \u0111i\u1ec7n Chint ch\u00ednh h\u00e3ng t\u1ea1i th\u1ecb tr\u01b0\u1eddng Vi\u1ec7t Nam. Aptomat Chint MCB 2 pha 63A 6kA - NXB-63 2P C63 6kA","og_url":"https:\/\/tpenergy.com.vn\/?product=aptomat-chint-mcb-2-pha-63a-6ka","og_site_name":"Thuan Phong Solar Energy","article_modified_time":"2025-11-17T06:51:17+00:00","og_image":[{"width":300,"height":300,"url":"https:\/\/tpenergy.com.vn\/wp-content\/uploads\/2024\/08\/nxb-63-2p-c63-ap-to-mat-cai-co-nho-chint-nxb-63-series.jpg","type":"image\/jpeg"}],"twitter_card":"summary_large_image","twitter_misc":{"\u01af\u1edbc t\u00ednh th\u1eddi gian \u0111\u1ecdc":"3 ph\u00fat"},"schema":{"@context":"https:\/\/schema.org","@graph":[{"@type":"WebPage","@id":"https:\/\/tpenergy.com.vn\/?product=aptomat-chint-mcb-2-pha-63a-6ka","url":"https:\/\/tpenergy.com.vn\/?product=aptomat-chint-mcb-2-pha-63a-6ka","name":"Aptomat Chint MCB 2 pha 63A 6kA | Thu\u1eadn Phong Energy","isPartOf":{"@id":"https:\/\/tpenergy.com.vn\/#website"},"datePublished":"2024-08-24T08:37:45+00:00","dateModified":"2025-11-17T06:51:17+00:00","description":"Thu\u1eadn Phong l\u00e0 \u0111\u1ea1i l\u00fd ph\u00e2n ph\u1ed1i thi\u1ebft b\u1ecb \u0111i\u1ec7n Chint ch\u00ednh h\u00e3ng t\u1ea1i th\u1ecb tr\u01b0\u1eddng Vi\u1ec7t Nam. Aptomat Chint MCB 2 pha 63A 6kA - NXB-63 2P C63 6kA","breadcrumb":{"@id":"https:\/\/tpenergy.com.vn\/?product=aptomat-chint-mcb-2-pha-63a-6ka#breadcrumb"},"inLanguage":"vi","potentialAction":[{"@type":"ReadAction","target":["https:\/\/tpenergy.com.vn\/?product=aptomat-chint-mcb-2-pha-63a-6ka"]}]},{"@type":"BreadcrumbList","@id":"https:\/\/tpenergy.com.vn\/?product=aptomat-chint-mcb-2-pha-63a-6ka#breadcrumb","itemListElement":[{"@type":"ListItem","position":1,"name":"Trang ch\u1ee7","item":"https:\/\/tpenergy.com.vn\/"},{"@type":"ListItem","position":2,"name":"Shop","item":"https:\/\/tpenergy.com.vn\/?page_id=5"},{"@type":"ListItem","position":3,"name":"PH\u1ee4 KI\u1ec6N","item":"https:\/\/tpenergy.com.vn\/danh-muc-sp\/phu-kien\/"},{"@type":"ListItem","position":4,"name":"CHINT","item":"https:\/\/tpenergy.com.vn\/?product_cat=chint-phu-kien"},{"@type":"ListItem","position":5,"name":"CB","item":"https:\/\/tpenergy.com.vn\/?product_cat=cb-chint-phu-kien"},{"@type":"ListItem","position":6,"name":"Aptomat Chint MCB 2 pha 63A 6kA | NXB-63 2P C63 6kA"}]},{"@type":"WebSite","@id":"https:\/\/tpenergy.com.vn\/#website","url":"https:\/\/tpenergy.com.vn\/","name":"Thuan Phong Solar Energy","description":"","potentialAction":[{"@type":"SearchAction","target":{"@type":"EntryPoint","urlTemplate":"https:\/\/tpenergy.com.vn\/?s={search_term_string}"},"query-input":"required name=search_term_string"}],"inLanguage":"vi"}]}},"_links":{"self":[{"href":"https:\/\/tpenergy.com.vn\/index.php?rest_route=\/wp\/v2\/product\/5133"}],"collection":[{"href":"https:\/\/tpenergy.com.vn\/index.php?rest_route=\/wp\/v2\/product"}],"about":[{"href":"https:\/\/tpenergy.com.vn\/index.php?rest_route=\/wp\/v2\/types\/product"}],"replies":[{"embeddable":true,"href":"https:\/\/tpenergy.com.vn\/index.php?rest_route=%2Fwp%2Fv2%2Fcomments&post=5133"}],"wp:featuredmedia":[{"embeddable":true,"href":"https:\/\/tpenergy.com.vn\/index.php?rest_route=\/wp\/v2\/media\/5164"}],"wp:attachment":[{"href":"https:\/\/tpenergy.com.vn\/index.php?rest_route=%2Fwp%2Fv2%2Fmedia&parent=5133"}],"wp:term":[{"taxonomy":"product_cat","embeddable":true,"href":"https:\/\/tpenergy.com.vn\/index.php?rest_route=%2Fwp%2Fv2%2Fproduct_cat&post=5133"},{"taxonomy":"product_tag","embeddable":true,"href":"https:\/\/tpenergy.com.vn\/index.php?rest_route=%2Fwp%2Fv2%2Fproduct_tag&post=5133"}],"curies":[{"name":"wp","href":"https:\/\/api.w.org\/{rel}","templated":true}]}}