{"id":5056,"date":"2024-08-06T16:43:33","date_gmt":"2024-08-06T09:43:33","guid":{"rendered":"https:\/\/tpenergy.com.vn\/?post_type=product&#038;p=5056"},"modified":"2025-10-23T15:06:07","modified_gmt":"2025-10-23T08:06:07","slug":"bo-chuyen-nguon-tu-dong-ats-100a-380v","status":"publish","type":"product","link":"https:\/\/tpenergy.com.vn\/?product=bo-chuyen-nguon-tu-dong-ats-100a-380v","title":{"rendered":"B\u1ed9 chuy\u1ec3n ngu\u1ed3n t\u1ef1 \u0111\u1ed9ng ATS 100A 380V"},"content":{"rendered":"<p>Khi x\u1ea3y ra s\u1ef1 c\u1ed1 (nh\u01b0 m\u1ea5t pha, m\u1ea5t ngu\u1ed3n, th\u1ea5p \u00e1p, cao \u00e1p) tr\u00ean ngu\u1ed3n \u0111i\u1ec7n ch\u00ednh m\u00e0 kh\u00f4ng c\u00f3 s\u1eb5n nh\u00e2n l\u1ef1c \u0111\u1ec3 k\u1ecbp th\u1eddi chuy\u1ec3n \u0111\u1ed5i sang ngu\u1ed3n d\u1ef1 ph\u00f2ng, l\u00e0m gi\u00e1n \u0111o\u1ea1n ho\u1ea1t \u0111\u1ed9ng c\u1ee7a to\u00e0n b\u1ed9 c\u00e1c thi\u1ebft b\u1ecb v\u00e0 h\u1ec7 th\u1ed1ng. Kh\u1eafc ph\u1ee5c ngay t\u00ecnh tr\u1ea1ng n\u00e0y v\u1edbi b\u1ed9 chuy\u1ec3n ngu\u1ed3n t\u1ef1 \u0111\u1ed9ng ATS 100A 380V:<\/p>\n<ul>\n<li>D\u00f2ng \u0111i\u1ec7n \u0111\u1ecbnh m\u1ee9c : 100A<\/li>\n<li>S\u1ed1 c\u1ef1c : 4P<\/li>\n<li>\u0110i\u1ec7n \u00e1p : 3 Pha(380V), 1 pha (220V)<\/li>\n<li>B\u1ea3o h\u00e0nh: 1 n\u0103m<\/li>\n<\/ul>\n<p>D\u00f2ng c\u00f4ng t\u1eafc chuy\u1ec3n t\u1ef1 \u0111\u1ed9ng CEMIG (SMGQ2) ch\u1ee7 y\u1ebfu \u0111\u01b0\u1ee3c s\u1eed d\u1ee5ng cho m\u1ea1ng ph\u00e2n ph\u1ed1i \u0111i\u1ec7n ho\u1eb7c m\u1ea1ng \u0111\u1ed9ng c\u01a1 c\u00f3 \u0111i\u1ec7n \u00e1p \u0111\u1ecbnh m\u1ee9c 380V, 220V, d\u00f2ng \u0111i\u1ec7n \u0111\u1ecbnh m\u1ee9c 16A \u0111\u1ebfn 3200A, chuy\u1ec3n \u0111\u1ed5i gi\u1eefa ngu\u1ed3n \u0111i\u1ec7n ch\u00ednh v\u00e0 h\u1ec7 th\u1ed1ng \u0111i\u1ec7n d\u1ef1 ph\u00f2ng, h\u1ec7 th\u1ed1ng \u0111i\u1ec7n n\u0103ng l\u01b0\u1ee3ng m\u1eb7t tr\u1eddi ho\u00e0 l\u01b0\u1edbi l\u01b0u tr\u1eef v\u00e0 m\u00e1y ph\u00e1t \u0111i\u1ec7n.<\/p>\n<p>B\u1ed9 chuy\u1ec3n ngu\u1ed3n t\u1ef1 \u0111\u1ed9ng ATS 100A 380V c\u00f3 th\u1ec3 \u0111\u01b0\u1ee3c s\u1eed d\u1ee5ng \u0111\u1ec3 c\u00e1ch ly m\u1ea1ch t\u1ea1o v\u00e0 ng\u1eaft kh\u00f4ng t\u1ea7n s\u1ed1. \u0110\u01b0\u1ee3c s\u1eed d\u1ee5ng r\u1ed9ng r\u00e3i trong h\u1ec7 th\u1ed1ng truy\u1ec1n t\u1ea3i, ph\u00e2n ph\u1ed1i v\u00e0 h\u1ec7 th\u1ed1ng t\u1ef1 \u0111\u1ed9ng h\u00f3a c\u1ee7a nh\u1eefng n\u01a1i quan tr\u1ecdng kh\u00f4ng cho ph\u00e9p c\u1eaft \u0111i\u1ec7n nh\u01b0 ch\u1eefa ch\u00e1y, b\u1ec7nh vi\u1ec7n, ng\u00e2n h\u00e0ng, nh\u00e0 cao t\u1ea7ng\u2026<\/p>\n<h3>S\u1ea3n ph\u1ea9m c\u1ee7a <a href=\"https:\/\/tpenergy.com.vn\/\">Thu\u1eadn Phong<\/a> khi \u0111\u1ebfn tay kh\u00e1ch h\u00e0ng lu\u00f4n \u0111\u1ea3m b\u1ea3o:<\/h3>\n<ul>\n<li>H\u00e0ng h\u00f3a ch\u00ednh h\u00e3ng, \u0111\u1ea7y \u0111\u1ee7 CO, CQ, VAT cho d\u1ef1 \u00e1n<\/li>\n<li>Gi\u00e1 lu\u00f4n c\u1ea1nh tranh nh\u1edd nh\u1eadp kh\u1ea9u tr\u1ef1c ti\u1ebfp.<\/li>\n<li>C\u1ea5p s\u1ec9 to\u00e0n qu\u1ed1c. V\u1eadn chuy\u1ec3n t\u1eadn n\u01a1i.<\/li>\n<\/ul>\n<p>N\u1ebfu b\u1ea1n \u0111ang loay hoay t\u00ecm ki\u1ebfm b\u1ed9 chuy\u1ec3n ngu\u1ed3n t\u1ef1 \u0111\u1ed9ng ATS 100A 380V th\u1ef1c s\u1ef1 ch\u1ea5t l\u01b0\u1ee3ng \u0111\u1ec3 l\u1eafp \u0111\u1eb7t v\u00e0 ph\u00e2n ph\u1ed1i li\u00ean h\u1ec7 v\u1edbi Thu\u1eadn Phong qua hotline: 0869.564.567 ngay nh\u00e9!<\/p>\n<div dir=\"auto\">&#8212;&#8212;&#8212;&#8212;&#8212;&#8212;&#8212;&#8212;&#8212;<\/div>\n<div dir=\"auto\">CH\u1eccN THU\u1eacN PHONG &#8211; CH\u1eccN S\u1ef0 AN T\u00c2M<br \/>\nHotline: 0869.564.567<br \/>\nKinh doanh: 0867.577.357<br \/>\nK\u1ef9 thu\u1eadt: 0899.768.777<br \/>\nTr\u1ee5 s\u1edf ch\u00ednh: 30 Nguy\u1ec5n H\u1eefu D\u1eadt, ph\u01b0\u1eddng \u0110\u1ed3ng H\u1edbi, t\u1ec9nh Qu\u1ea3ng Tr\u1ecb, Vi\u1ec7t Nam<br \/>\nTr\u1ee5 s\u1edf H\u00e0 N\u1ed9i: Nh\u00e0 ph\u1ed1 th\u01b0\u01a1ng m\u1ea1i Khai S\u01a1n Town s\u1ed1 18 thu\u1ed9c Town 7, khu \u0111\u00f4 th\u1ecb Khai S\u01a1n City, ph\u01b0\u1eddng B\u1ed3 \u0110\u1ec1, Th\u00e0nh ph\u1ed1 H\u00e0 N\u1ed9i<br \/>\nWebsite: https:\/\/tpenergy.com.vn\/<br \/>\nShopee: https:\/\/byvn.net\/E1oJ<br \/>\nLazada: https:\/\/byvn.net\/VYPr<\/div>\n","protected":false},"excerpt":{"rendered":"<p>Th\u00f4ng s\u1ed1 k\u1ef9 thu\u1eadt:<\/p>\n<ul>\n<li>D\u00f2ng \u0111i\u1ec7n \u0111\u1ecbnh m\u1ee9c : 100A<\/li>\n<li>S\u1ed1 c\u1ef1c : 4P<\/li>\n<li>\u0110i\u1ec7n \u00e1p : 3 Pha(380V), 1 pha (220V)<\/li>\n<li>B\u1ea3o h\u00e0nh: 1 n\u0103m<\/li>\n<\/ul>\n","protected":false},"featured_media":5059,"comment_status":"open","ping_status":"closed","template":"","meta":{"_eb_attr":""},"product_cat":[592],"product_tag":[595,596,598,594,593,597],"class_list":{"0":"post-5056","1":"product","2":"type-product","3":"status-publish","4":"has-post-thumbnail","6":"product_cat-cemig","7":"product_tag-ats","8":"product_tag-ats-100a","9":"product_tag-ats-cemig","10":"product_tag-bo-chuyen-nguon","11":"product_tag-bo-chuyen-nguon-tu-dong-ats-100a-380v","12":"product_tag-cemig","13":"pa_gia-khong-lap-dat","14":"pa_gia-lap-dat","16":"first","17":"instock","18":"shipping-taxable","19":"purchasable","20":"product-type-variable"},"yoast_head":"<!-- This site is optimized with the Yoast SEO plugin v20.9 - https:\/\/yoast.com\/wordpress\/plugins\/seo\/ -->\r\n<title>B\u1ed9 chuy\u1ec3n ngu\u1ed3n t\u1ef1 \u0111\u1ed9ng ATS 100A 380V - Thuan Phong Solar Energy<\/title>\r\n<meta name=\"description\" content=\"Khi x\u1ea3y ra s\u1ef1 c\u1ed1 (nh\u01b0 m\u1ea5t pha, m\u1ea5t ngu\u1ed3n, th\u1ea5p \u00e1p, cao \u00e1p).......Kh\u1eafc ph\u1ee5c ngay t\u00ecnh tr\u1ea1ng n\u00e0y v\u1edbi b\u1ed9 chuy\u1ec3n ngu\u1ed3n t\u1ef1 \u0111\u1ed9ng (ATS) CEMIG 3 pha 100A\/4P\" \/>\r\n<meta name=\"robots\" content=\"index, follow, max-snippet:-1, max-image-preview:large, max-video-preview:-1\" \/>\r\n<link rel=\"canonical\" href=\"https:\/\/tpenergy.com.vn\/?product=bo-chuyen-nguon-tu-dong-ats-100a-380v\" \/>\r\n<meta property=\"og:locale\" content=\"vi_VN\" \/>\r\n<meta property=\"og:type\" content=\"article\" \/>\r\n<meta property=\"og:title\" content=\"B\u1ed9 chuy\u1ec3n ngu\u1ed3n t\u1ef1 \u0111\u1ed9ng ATS 100A 380V - Thuan Phong Solar Energy\" \/>\r\n<meta property=\"og:description\" content=\"Khi x\u1ea3y ra s\u1ef1 c\u1ed1 (nh\u01b0 m\u1ea5t pha, m\u1ea5t ngu\u1ed3n, th\u1ea5p \u00e1p, cao \u00e1p).......Kh\u1eafc ph\u1ee5c ngay t\u00ecnh tr\u1ea1ng n\u00e0y v\u1edbi b\u1ed9 chuy\u1ec3n ngu\u1ed3n t\u1ef1 \u0111\u1ed9ng (ATS) CEMIG 3 pha 100A\/4P\" \/>\r\n<meta property=\"og:url\" content=\"https:\/\/tpenergy.com.vn\/?product=bo-chuyen-nguon-tu-dong-ats-100a-380v\" \/>\r\n<meta property=\"og:site_name\" content=\"Thuan Phong Solar Energy\" \/>\r\n<meta property=\"article:modified_time\" content=\"2025-10-23T08:06:07+00:00\" \/>\r\n<meta property=\"og:image\" content=\"https:\/\/tpenergy.com.vn\/wp-content\/uploads\/2024\/08\/vn-11134207-7r98o-llfwhxymqt2udd.jpg\" \/>\r\n\t<meta property=\"og:image:width\" content=\"800\" \/>\r\n\t<meta property=\"og:image:height\" content=\"800\" \/>\r\n\t<meta property=\"og:image:type\" content=\"image\/jpeg\" \/>\r\n<meta name=\"twitter:card\" content=\"summary_large_image\" \/>\r\n<meta name=\"twitter:label1\" content=\"\u01af\u1edbc t\u00ednh th\u1eddi gian \u0111\u1ecdc\" \/>\n\t<meta name=\"twitter:data1\" content=\"2 ph\u00fat\" \/>\r\n<script type=\"application\/ld+json\" class=\"yoast-schema-graph\">{\"@context\":\"https:\/\/schema.org\",\"@graph\":[{\"@type\":\"WebPage\",\"@id\":\"https:\/\/tpenergy.com.vn\/?product=bo-chuyen-nguon-tu-dong-ats-100a-380v\",\"url\":\"https:\/\/tpenergy.com.vn\/?product=bo-chuyen-nguon-tu-dong-ats-100a-380v\",\"name\":\"B\u1ed9 chuy\u1ec3n ngu\u1ed3n t\u1ef1 \u0111\u1ed9ng ATS 100A 380V - Thuan Phong Solar Energy\",\"isPartOf\":{\"@id\":\"https:\/\/tpenergy.com.vn\/#website\"},\"datePublished\":\"2024-08-06T09:43:33+00:00\",\"dateModified\":\"2025-10-23T08:06:07+00:00\",\"description\":\"Khi x\u1ea3y ra s\u1ef1 c\u1ed1 (nh\u01b0 m\u1ea5t pha, m\u1ea5t ngu\u1ed3n, th\u1ea5p \u00e1p, cao \u00e1p).......Kh\u1eafc ph\u1ee5c ngay t\u00ecnh tr\u1ea1ng n\u00e0y v\u1edbi b\u1ed9 chuy\u1ec3n ngu\u1ed3n t\u1ef1 \u0111\u1ed9ng (ATS) CEMIG 3 pha 100A\/4P\",\"breadcrumb\":{\"@id\":\"https:\/\/tpenergy.com.vn\/?product=bo-chuyen-nguon-tu-dong-ats-100a-380v#breadcrumb\"},\"inLanguage\":\"vi\",\"potentialAction\":[{\"@type\":\"ReadAction\",\"target\":[\"https:\/\/tpenergy.com.vn\/?product=bo-chuyen-nguon-tu-dong-ats-100a-380v\"]}]},{\"@type\":\"BreadcrumbList\",\"@id\":\"https:\/\/tpenergy.com.vn\/?product=bo-chuyen-nguon-tu-dong-ats-100a-380v#breadcrumb\",\"itemListElement\":[{\"@type\":\"ListItem\",\"position\":1,\"name\":\"Trang ch\u1ee7\",\"item\":\"https:\/\/tpenergy.com.vn\/\"},{\"@type\":\"ListItem\",\"position\":2,\"name\":\"Shop\",\"item\":\"https:\/\/tpenergy.com.vn\/?page_id=5\"},{\"@type\":\"ListItem\",\"position\":3,\"name\":\"PH\u1ee4 KI\u1ec6N\",\"item\":\"https:\/\/tpenergy.com.vn\/danh-muc-sp\/phu-kien\/\"},{\"@type\":\"ListItem\",\"position\":4,\"name\":\"THI\u1ebeT B\u1eca CHUY\u1ec2N \u0110\u1ed4I NGU\u1ed2N T\u1ef0 \u0110\u1ed8NG (ATS)\",\"item\":\"https:\/\/tpenergy.com.vn\/index.php\/danh-muc-sp\/phu-kien\/thiet-bi-chuyen-doi-nguon-tu-dong-ats\/\"},{\"@type\":\"ListItem\",\"position\":5,\"name\":\"CEMIG\",\"item\":\"https:\/\/tpenergy.com.vn\/index.php\/danh-muc-sp\/phu-kien\/thiet-bi-chuyen-doi-nguon-tu-dong-ats\/cemig\/\"},{\"@type\":\"ListItem\",\"position\":6,\"name\":\"B\u1ed9 chuy\u1ec3n ngu\u1ed3n t\u1ef1 \u0111\u1ed9ng ATS 100A 380V\"}]},{\"@type\":\"WebSite\",\"@id\":\"https:\/\/tpenergy.com.vn\/#website\",\"url\":\"https:\/\/tpenergy.com.vn\/\",\"name\":\"Thuan Phong Solar Energy\",\"description\":\"\",\"potentialAction\":[{\"@type\":\"SearchAction\",\"target\":{\"@type\":\"EntryPoint\",\"urlTemplate\":\"https:\/\/tpenergy.com.vn\/?s={search_term_string}\"},\"query-input\":\"required name=search_term_string\"}],\"inLanguage\":\"vi\"}]}<\/script>\r\n<!-- \/ Yoast SEO plugin. -->","yoast_head_json":{"title":"B\u1ed9 chuy\u1ec3n ngu\u1ed3n t\u1ef1 \u0111\u1ed9ng ATS 100A 380V - Thuan Phong Solar Energy","description":"Khi x\u1ea3y ra s\u1ef1 c\u1ed1 (nh\u01b0 m\u1ea5t pha, m\u1ea5t ngu\u1ed3n, th\u1ea5p \u00e1p, cao \u00e1p).......Kh\u1eafc ph\u1ee5c ngay t\u00ecnh tr\u1ea1ng n\u00e0y v\u1edbi b\u1ed9 chuy\u1ec3n ngu\u1ed3n t\u1ef1 \u0111\u1ed9ng (ATS) CEMIG 3 pha 100A\/4P","robots":{"index":"index","follow":"follow","max-snippet":"max-snippet:-1","max-image-preview":"max-image-preview:large","max-video-preview":"max-video-preview:-1"},"canonical":"https:\/\/tpenergy.com.vn\/?product=bo-chuyen-nguon-tu-dong-ats-100a-380v","og_locale":"vi_VN","og_type":"article","og_title":"B\u1ed9 chuy\u1ec3n ngu\u1ed3n t\u1ef1 \u0111\u1ed9ng ATS 100A 380V - Thuan Phong Solar Energy","og_description":"Khi x\u1ea3y ra s\u1ef1 c\u1ed1 (nh\u01b0 m\u1ea5t pha, m\u1ea5t ngu\u1ed3n, th\u1ea5p \u00e1p, cao \u00e1p).......Kh\u1eafc ph\u1ee5c ngay t\u00ecnh tr\u1ea1ng n\u00e0y v\u1edbi b\u1ed9 chuy\u1ec3n ngu\u1ed3n t\u1ef1 \u0111\u1ed9ng (ATS) CEMIG 3 pha 100A\/4P","og_url":"https:\/\/tpenergy.com.vn\/?product=bo-chuyen-nguon-tu-dong-ats-100a-380v","og_site_name":"Thuan Phong Solar Energy","article_modified_time":"2025-10-23T08:06:07+00:00","og_image":[{"width":800,"height":800,"url":"https:\/\/tpenergy.com.vn\/wp-content\/uploads\/2024\/08\/vn-11134207-7r98o-llfwhxymqt2udd.jpg","type":"image\/jpeg"}],"twitter_card":"summary_large_image","twitter_misc":{"\u01af\u1edbc t\u00ednh th\u1eddi gian \u0111\u1ecdc":"2 ph\u00fat"},"schema":{"@context":"https:\/\/schema.org","@graph":[{"@type":"WebPage","@id":"https:\/\/tpenergy.com.vn\/?product=bo-chuyen-nguon-tu-dong-ats-100a-380v","url":"https:\/\/tpenergy.com.vn\/?product=bo-chuyen-nguon-tu-dong-ats-100a-380v","name":"B\u1ed9 chuy\u1ec3n ngu\u1ed3n t\u1ef1 \u0111\u1ed9ng ATS 100A 380V - Thuan Phong Solar Energy","isPartOf":{"@id":"https:\/\/tpenergy.com.vn\/#website"},"datePublished":"2024-08-06T09:43:33+00:00","dateModified":"2025-10-23T08:06:07+00:00","description":"Khi x\u1ea3y ra s\u1ef1 c\u1ed1 (nh\u01b0 m\u1ea5t pha, m\u1ea5t ngu\u1ed3n, th\u1ea5p \u00e1p, cao \u00e1p).......Kh\u1eafc ph\u1ee5c ngay t\u00ecnh tr\u1ea1ng n\u00e0y v\u1edbi b\u1ed9 chuy\u1ec3n ngu\u1ed3n t\u1ef1 \u0111\u1ed9ng (ATS) CEMIG 3 pha 100A\/4P","breadcrumb":{"@id":"https:\/\/tpenergy.com.vn\/?product=bo-chuyen-nguon-tu-dong-ats-100a-380v#breadcrumb"},"inLanguage":"vi","potentialAction":[{"@type":"ReadAction","target":["https:\/\/tpenergy.com.vn\/?product=bo-chuyen-nguon-tu-dong-ats-100a-380v"]}]},{"@type":"BreadcrumbList","@id":"https:\/\/tpenergy.com.vn\/?product=bo-chuyen-nguon-tu-dong-ats-100a-380v#breadcrumb","itemListElement":[{"@type":"ListItem","position":1,"name":"Trang ch\u1ee7","item":"https:\/\/tpenergy.com.vn\/"},{"@type":"ListItem","position":2,"name":"Shop","item":"https:\/\/tpenergy.com.vn\/?page_id=5"},{"@type":"ListItem","position":3,"name":"PH\u1ee4 KI\u1ec6N","item":"https:\/\/tpenergy.com.vn\/danh-muc-sp\/phu-kien\/"},{"@type":"ListItem","position":4,"name":"THI\u1ebeT B\u1eca CHUY\u1ec2N \u0110\u1ed4I NGU\u1ed2N T\u1ef0 \u0110\u1ed8NG (ATS)","item":"https:\/\/tpenergy.com.vn\/index.php\/danh-muc-sp\/phu-kien\/thiet-bi-chuyen-doi-nguon-tu-dong-ats\/"},{"@type":"ListItem","position":5,"name":"CEMIG","item":"https:\/\/tpenergy.com.vn\/index.php\/danh-muc-sp\/phu-kien\/thiet-bi-chuyen-doi-nguon-tu-dong-ats\/cemig\/"},{"@type":"ListItem","position":6,"name":"B\u1ed9 chuy\u1ec3n ngu\u1ed3n t\u1ef1 \u0111\u1ed9ng ATS 100A 380V"}]},{"@type":"WebSite","@id":"https:\/\/tpenergy.com.vn\/#website","url":"https:\/\/tpenergy.com.vn\/","name":"Thuan Phong Solar Energy","description":"","potentialAction":[{"@type":"SearchAction","target":{"@type":"EntryPoint","urlTemplate":"https:\/\/tpenergy.com.vn\/?s={search_term_string}"},"query-input":"required name=search_term_string"}],"inLanguage":"vi"}]}},"_links":{"self":[{"href":"https:\/\/tpenergy.com.vn\/index.php?rest_route=\/wp\/v2\/product\/5056"}],"collection":[{"href":"https:\/\/tpenergy.com.vn\/index.php?rest_route=\/wp\/v2\/product"}],"about":[{"href":"https:\/\/tpenergy.com.vn\/index.php?rest_route=\/wp\/v2\/types\/product"}],"replies":[{"embeddable":true,"href":"https:\/\/tpenergy.com.vn\/index.php?rest_route=%2Fwp%2Fv2%2Fcomments&post=5056"}],"wp:featuredmedia":[{"embeddable":true,"href":"https:\/\/tpenergy.com.vn\/index.php?rest_route=\/wp\/v2\/media\/5059"}],"wp:attachment":[{"href":"https:\/\/tpenergy.com.vn\/index.php?rest_route=%2Fwp%2Fv2%2Fmedia&parent=5056"}],"wp:term":[{"taxonomy":"product_cat","embeddable":true,"href":"https:\/\/tpenergy.com.vn\/index.php?rest_route=%2Fwp%2Fv2%2Fproduct_cat&post=5056"},{"taxonomy":"product_tag","embeddable":true,"href":"https:\/\/tpenergy.com.vn\/index.php?rest_route=%2Fwp%2Fv2%2Fproduct_tag&post=5056"}],"curies":[{"name":"wp","href":"https:\/\/api.w.org\/{rel}","templated":true}]}}