{"id":5017,"date":"2025-10-23T15:10:37","date_gmt":"2025-10-23T08:10:37","guid":{"rendered":"https:\/\/tpenergy.com.vn\/?post_type=product&#038;p=5017"},"modified":"2025-11-17T14:13:10","modified_gmt":"2025-11-17T07:13:10","slug":"pin-lithium-bettenrgy-elecube-5k-51-2v-100ah","status":"publish","type":"product","link":"https:\/\/tpenergy.com.vn\/?product=pin-lithium-bettenrgy-elecube-5k-51-2v-100ah","title":{"rendered":"PIN LITHIUM BETTENERGY ELESHELL-5K (51,2V\u2013100AH) | ELESHELL-5K"},"content":{"rendered":"<h1>PIN LITHIUM BETTENERGY ELESHELL-5K (51,2V\u2013100AH) | ELESHELL-5K<\/h1>\n<p><strong>Pin l\u01b0u tr\u1eef Bettenergy 5.12 kWh (51.2-100Ah)<\/strong> \u00e1p th\u1ea5p ch\u00ednh l\u00e0 c\u00e2u tr\u1ea3 l\u1eddi m\u00e0 b\u1ea1n \u0111ang t\u00ecm ki\u1ebfm. C\u00f4ng ngh\u1ec7 cell pin Lithium FePO4 ti\u1ebfn ti\u1ebfn, v\u1edbi nhi\u1ec1u l\u1edbp b\u1ea3o v\u1ec7 ch\u00e1y n\u1ed5, \u0111\u1ea3m b\u1ea3o ho\u1ea1t \u0111\u1ed9ng \u1ed5n \u0111\u1ecbnh, an to\u00e0n cho ng\u01b0\u1eddi d\u00f9ng.<\/p>\n<h2><b>\u0110\u1eb7c \u0111i\u1ec3m n\u1ed5i b\u1eadt pin l\u01b0u tr\u1eef\u00a0<\/b><strong>BETTENERGY<\/strong><\/h2>\n<p><b>An to\u00e0n, \u0111\u00e1ng tin c\u1eady<\/b>: Pin l\u01b0u tr\u1eef 5kW Bettenergy s\u1eed d\u1ee5ng cell pin Lithium ion S\u1eaft Photphat ch\u1ea5t l\u01b0\u1ee3ng cao, an to\u00e0n tuy\u1ec7t \u0111\u1ed1i. Chu k\u1ef3 s\u1ea1c x\u1ea3 &gt;6000 l\u1ea7n, tu\u1ed5i th\u1ecd c\u00f3 th\u1ec3 l\u00ean \u0111\u1ebfn 10 n\u0103m. Ti\u1ebft ki\u1ec7m chi ph\u00ed b\u1ea3o d\u01b0\u1ee1ng h\u00e0ng n\u0103m.<\/p>\n<p><b>M\u1edf r\u1ed9ng dung l\u01b0\u1ee3ng linh ho\u1ea1t:<\/b>\u00a0C\u00e1c module pin l\u01b0u tr\u1eef Bettenergy 5kW c\u00f3 th\u1ec3 m\u1eafc song song v\u1edbi nhau \u0111\u1ec3 m\u1edf r\u1ed9ng dung l\u01b0\u1ee3ng l\u01b0u tr\u1eef v\u00e0 c\u00f4ng su\u1ea5t h\u1ec7 th\u1ed1ng.<\/p>\n<p><b>T\u01b0\u01a1ng th\u00edch cao v\u1edbi nhi\u1ec1u bi\u1ebfn t\u1ea7n:<\/b>\u00a0L\u1ee3i th\u1ebf c\u1ee7a pin l\u01b0u tr\u1eef Bettenergy 5kW \u00e1p th\u1ea5p l\u00e0 c\u00f3 th\u1ec3 t\u01b0\u01a1ng th\u00edch v\u00e0 giao ti\u1ebfp t\u1ed1t v\u1edbi h\u1ea7u h\u1ebft c\u00e1c bi\u1ebfn t\u1ea7n n\u0103ng l\u01b0\u1ee3ng hi\u1ec7n nay nh\u01b0:\u00a0<strong><a href=\"https:\/\/www.dhcsolar.com\/danh-muc-san-pham\/bien-tan-nang-luong-mat-troi\/inverter-growatt\/\">Growatt<\/a><\/strong>,\u00a0<strong><a href=\"https:\/\/www.dhcsolar.com\/danh-muc-san-pham\/bien-tan-nang-luong-mat-troi\/deye\/\">DEYE<\/a><\/strong>, Goodwe,\u00a0<strong><a href=\"https:\/\/www.dhcsolar.com\/danh-muc-san-pham\/bien-tan-nang-luong-mat-troi\/inverter-solis\/\">SOLIS<\/a><\/strong>, Luxpower, SMA,\u00a0<strong><a href=\"https:\/\/www.dhcsolar.com\/danh-muc-san-pham\/bien-tan-nang-luong-mat-troi\/inverter-sungrow\/\">Sungrow<\/a><\/strong>,\u2026\u0111\u1ea3m b\u1ea3o t\u1eadn d\u1ee5ng t\u1ed1i \u0111a hi\u1ec7u su\u1ea5t c\u1ee7a pin, cung c\u1ea5p cho gia \u0111\u00ecnh b\u1ea1n ngu\u1ed3n \u0111i\u1ec7n \u1ed5n \u0111\u1ecbnh v\u00e0o ban \u0111\u00eam c\u0169ng nh\u01b0 nh\u1eefng khi m\u1ea5t \u0111i\u1ec7n.<\/p>\n<p><b>Th\u00e2n thi\u1ec7n v\u1edbi m\u00f4i tr\u01b0\u1eddng:<\/b>\u00a0Thi\u1ebft k\u1ebf nh\u1ecf g\u1ecdn v\u1edbi khung v\u1ecf nh\u00f4m cao c\u1ea5p, pin l\u01b0u tr\u1eef Bettenergy 5kW \u00e1p th\u1ea5p c\u00f3 th\u1ec3 treo t\u01b0\u1eddng ho\u1eb7c \u0111\u1eb7t s\u00e0n m\u1ed9t c\u00e1ch thu\u1eadn ti\u1ec7n. Th\u00e0nh ph\u1ea7n cell pin LiFePO4 an to\u00e0n v\u1edbi m\u00f4i tr\u01b0\u1eddng, kh\u00f4ng ph\u00e1t sinh ch\u1ea5t \u0111\u1ed9c h\u1ea1i v\u00e0 c\u00f3 th\u1ec3 t\u00e1i ch\u1ebf s\u1eed d\u1ee5ng.<\/p>\n<h2><strong>Th\u00f4ng s\u1ed1 k\u1ef9 thu\u1eadt PIN LITHIUM BETTENERGY<\/strong><\/h2>\n<table border=\"1\">\n<tbody>\n<tr>\n<td><b>D\u1eef li\u1ec7u th\u00f4ng s\u1ed1<\/b><\/td>\n<td><b>ELECUBE-5K<\/b><\/td>\n<\/tr>\n<tr>\n<td>K\u00edch th\u01b0\u1edbc (C x R x S)<\/td>\n<td>674*420*173 mm<\/td>\n<\/tr>\n<tr>\n<td>Tr\u1ecdng l\u01b0\u1ee3ng (Kgs)<\/td>\n<td>58<\/td>\n<\/tr>\n<tr>\n<td>B\u1ea3o v\u1ec7 IP<\/td>\n<td>IP65<\/td>\n<\/tr>\n<tr>\n<td>Nhi\u1ec7t \u0111\u1ed9 ho\u1ea1t \u0111\u1ed9ng<\/td>\n<td>0 \u0111\u1ebfn 55\u2103\u00a0\/ 0 \u0111\u1ebfn 131\u2109<\/td>\n<\/tr>\n<tr>\n<td>Nhi\u1ec7t \u0111\u1ed9 l\u01b0u tr\u1eef<\/td>\n<td>-40 \u0111\u1ebfn 60\u2103\u00a0\/ -104 \u0111\u1ebfn 140\u2109<\/td>\n<\/tr>\n<tr>\n<td>Chu k\u1ef3 s\u1ed1ng (80% DoD @0,5C, 25\u2103)<\/td>\n<td>\u2265 6000<\/td>\n<\/tr>\n<tr>\n<td>C\u1ed5ng giao ti\u1ebfp<\/td>\n<td>RS232 \/ RS485 \/ CAN<\/td>\n<\/tr>\n<tr>\n<td>\u0110\u1ed9 cao ho\u1ea1t \u0111\u1ed9ng (m)<\/td>\n<td>\uff1c3000<\/td>\n<\/tr>\n<tr>\n<td>\u0110i\u1ec1u ki\u1ec7n \u0111\u1ed9 \u1ea9m (%)<\/td>\n<td>5% \u0111\u1ebfn 95%<\/td>\n<\/tr>\n<tr>\n<td>B\u1ea3o h\u00e0nh (N\u0103m)<\/td>\n<td>5\/10 n\u0103m<\/td>\n<\/tr>\n<tr>\n<td>C\u00e0i \u0111\u1eb7t<\/td>\n<td>G\u1eafn tr\u00ean m\u1eb7t \u0111\u1ea5t \/ Treo t\u01b0\u1eddng<\/td>\n<\/tr>\n<tr>\n<td><strong>\u0110\u1eb7c \u0111i\u1ec3m k\u1ef9 thu\u1eadt<\/strong><\/td>\n<td><strong>BETTENERGY 5.12 kWh<\/strong><\/td>\n<\/tr>\n<tr>\n<td>C\u00f4ng su\u1ea5t n\u0103ng l\u01b0\u1ee3ng danh ngh\u0129a (Wh)<\/td>\n<td>5100<\/td>\n<\/tr>\n<tr>\n<td>\u0110i\u1ec7n \u00e1p danh \u0111\u1ecbnh (V)<\/td>\n<td>51,2<\/td>\n<\/tr>\n<tr>\n<td>Ph\u1ea1m vi \u0111i\u1ec7n \u00e1p ho\u1ea1t \u0111\u1ed9ng (V)<\/td>\n<td>48 \u2013 57<\/td>\n<\/tr>\n<tr>\n<td>D\u00f2ng \u0111i\u1ec7n s\u1ea1c t\u1ed1i \u0111a (A)<\/td>\n<td>100<\/td>\n<\/tr>\n<tr>\n<td>D\u00f2ng x\u1ea3 t\u1ed1i \u0111a (A)<\/td>\n<td>100<\/td>\n<\/tr>\n<tr>\n<td>D\u00f2ng \u0111i\u1ec7n s\u1ea1c li\u00ean t\u1ee5c (A)<\/td>\n<td>50<\/td>\n<\/tr>\n<tr>\n<td>D\u00f2ng \u0111i\u1ec7n x\u1ea3 li\u00ean t\u1ee5c (A)<\/td>\n<td>50<\/td>\n<\/tr>\n<tr>\n<td>\u0110\u1ed9 s\u00e2u x\u1ea3 (%)<\/td>\n<td>80<\/td>\n<\/tr>\n<tr>\n<td>V\u1eadt li\u1ec7u pin<\/td>\n<td>Lithium (LiFePO4)<\/td>\n<\/tr>\n<\/tbody>\n<\/table>\n<p dir=\"ltr\"><a href=\"https:\/\/www.facebook.com\/DienMatTroi.SolarQuangBinh\">Thu\u1eadn Phong<\/a>\u00a0cung c\u1ea5p l\u1eafp \u0111\u1eb7t tr\u1ecdn g\u00f3i h\u1ec7 th\u1ed1ng \u0111i\u1ec7n m\u1eb7t tr\u1eddi g\u1ed3m:<\/p>\n<p>\u2013 Thi\u1ebft k\u1ebf, l\u1eadp d\u1ef1 \u00e1n \u0111\u1ea7u t\u01b0<br \/>\n\u2013 Cung c\u1ea5p thi\u1ebft b\u1ecb<br \/>\n\u2013 Thi c\u00f4ng c\u00f4ng tr\u00ecnh<br \/>\n\u2013 B\u1ea3o tr\u00ec, b\u1ea3o d\u01b0\u1ee1ng<\/p>\n<p>V\u1edbi s\u1ef1 n\u1ed7 l\u1ef1c, l\u00f2ng nhi\u1ec7t th\u00e0nh c\u1ed1ng hi\u1ebfn c\u1ee7a \u0111\u1ed9i ng\u0169 nh\u00e2n vi\u00ean c\u00f4ng ty, Thu\u1eadn Phong mong mu\u1ed1n \u0111\u01b0a th\u01b0\u01a1ng hi\u1ec7u trong c\u00e1c l\u0129nh v\u1ef1c ph\u00e2n ph\u1ed1i thi\u1ebft b\u1ecb, t\u01b0 v\u1ea5n thi\u1ebft k\u1ebf, l\u1eafp \u0111\u1eb7t v\u00e0 thi c\u00f4ng \u0111i\u1ec7n m\u1eb7t tr\u1eddi t\u1ea1i Vi\u1ec7t Nam, mang l\u1ea1i ni\u1ec1m tin cho nhi\u1ec1u kh\u00e1ch h\u00e0ng v\u00e0 \u0111\u1ed1i t\u00e1c l\u1edbn, truy\u1ec1n t\u1ea3i nh\u1eefng gi\u00e1 tr\u1ecb t\u1ed1t \u0111\u1eb9p v\u1ec1 m\u1ed9t th\u1ebf gi\u1edbi s\u1ea1ch v\u00e0 b\u1ec1n v\u1eefng, \u0111\u1ed3ng th\u1eddi thi\u1ebft l\u1eadp m\u1ed9t h\u1ec7 sinh th\u00e1i an to\u00e0n cho t\u01b0\u01a1ng lai.<\/p>\n<p>V\u00ec v\u1eady, n\u1ebfu b\u1ea1n l\u00e0 ch\u1ee7 d\u1ef1 \u00e1n c\u00f3 nhu c\u1ea7u s\u1eed d\u1ee5ng Pin lithium Bettenrgy Elecube-5K (51.2V\u2013100Ah) ch\u1ea5t l\u01b0\u1ee3ng, h\u00e3y li\u00ean h\u1ec7 v\u1edbi Thu\u1eadn Phong qua hotline 0869.564.567 \u0111\u1ec3 l\u1ef1a ch\u1ecdn d\u00f2ng Pin l\u01b0u tr\u1eef chi ph\u00ed t\u1ed1t v\u00e0 uy t\u00edn t\u1ea1i th\u1ecb tr\u01b0\u1eddng Vi\u1ec7t Nam hi\u1ec7n nay nh\u00e9.<\/p>\n<div class=\"x9f619 x1n2onr6 x1ja2u2z\">\n<div class=\"x78zum5 xdt5ytf x1n2onr6 x1ja2u2z\">\n<div class=\"x78zum5 xdt5ytf x1n2onr6 xat3117 xxzkxad\">\n<div class=\"x78zum5 xdt5ytf x1t2pt76 x1n2onr6 x1ja2u2z x10cihs4\">\n<div class=\"x9f619 x2lah0s x1nhvcw1 x1qjc9v5 xozqiw3 x1q0g3np x78zum5 x1iyjqo2 x1t2pt76 x1n2onr6 x1ja2u2z x1h6rjhl\">\n<div class=\"x9f619 x1n2onr6 x1ja2u2z xdt5ytf x193iq5w xeuugli x1r8uery x1iyjqo2 xs83m0k x78zum5 x1t2pt76\" role=\"main\" aria-label=\"temp heading\">\n<div class=\"x78zum5 xdt5ytf x1iyjqo2 x1t2pt76 xeuugli x1n2onr6 x1ja2u2z\">\n<div class=\"x78zum5 xdt5ytf x1t2pt76\">\n<div class=\"x78zum5 xdt5ytf x1iyjqo2 x1t2pt76 xeuugli\">\n<div class=\"x78zum5 xdt5ytf x1t2pt76 x1n2onr6\" role=\"main\">\n<div class=\"x6s0dn4 x78zum5 xdt5ytf x193iq5w\">\n<div class=\"x9f619 x193iq5w x1talbiv x1sltb1f x3fxtfs x1swvt13 x1pi30zi xw7yly9\">\n<div class=\"x9f619 x1n2onr6 x1ja2u2z x2lah0s x1qjc9v5 x78zum5 x1q0g3np x1a02dak xl56j7k x9otpla x1n0m28w x1wsgfga xp7jhwk\">\n<div class=\"x9f619 x1n2onr6 x1ja2u2z xeuugli xs83m0k x1xmf6yo x1emribx x1e56ztr x1i64zmx xjl7jj x19h7ccj xu9j1y6 x7ep2pv\">\n<div class=\"x1yztbdb x1n2onr6 xh8yej3 x1ja2u2z\">\n<div class=\"x1n2onr6 x1ja2u2z\">\n<div class=\"\">\n<div class=\"\">\n<div class=\"x1a2a7pz\" role=\"article\" aria-describedby=\":r6ar: :r6as: :r6at: :r6av: :r6au:\" aria-labelledby=\":r6aq:\">\n<div class=\"x78zum5 xdt5ytf\">\n<div class=\"x9f619 x1n2onr6 x1ja2u2z\">\n<div class=\"x78zum5 x1n2onr6 xh8yej3\">\n<div class=\"x9f619 x1n2onr6 x1ja2u2z x1jx94hy x1qpq9i9 xdney7k xu5ydu1 xt3gfkd xh8yej3 x6ikm8r x10wlt62 xquyuld\">\n<div class=\"html-div xe8uvvx xdj266r x11i5rnm xat24cr x1mh8g0r xexx8yu x4uap5 x18d9i69 xkhd6sd\">\n<div class=\"\" dir=\"auto\">\n<div id=\":r6as:\" class=\"x1iorvi4 x1pi30zi x1l90r2v x1swvt13\" data-ad-comet-preview=\"message\" data-ad-preview=\"message\">\n<div class=\"x78zum5 xdt5ytf xz62fqu x16ldp7u\">\n<div class=\"xu06os2 x1ok221b\">\n<div class=\"x11i5rnm xat24cr x1mh8g0r x1vvkbs xtlvy1s x126k92a\">\n<div dir=\"auto\">\n<div dir=\"auto\">\u2014\u2014\u2014\u2014\u2014\u2014\u2014\u2014\u2014\u2014\u2014\u2013<\/div>\n<div dir=\"auto\"><a href=\"https:\/\/www.facebook.com\/DienMatTroi.SolarQuangBinh\">CH\u1eccN THU\u1eacN PHONG \u2013 CH\u1eccN S\u1ef0 AN T\u00c2M<\/a><br \/>\nHotline: 0869.564.567<br \/>\nKinh doanh: 0867.577.357<br \/>\nK\u1ef9 thu\u1eadt: 0899.768.777<br \/>\nService: 0867.118.636<br \/>\nTr\u1ee5 s\u1edf ch\u00ednh: 30 Nguy\u1ec5n H\u1eefu D\u1eadt, ph\u01b0\u1eddng \u0110\u1ed3ng H\u1edbi, t\u1ec9nh Qu\u1ea3ng Tr\u1ecb, Vi\u1ec7t Nam<br \/>\nTr\u1ee5 s\u1edf H\u00e0 N\u1ed9i: Nh\u00e0 ph\u1ed1 th\u01b0\u01a1ng m\u1ea1i Khai S\u01a1n Town s\u1ed1 18 thu\u1ed9c Town 7, khu \u0111\u00f4 th\u1ecb Khai S\u01a1n City, ph\u01b0\u1eddng B\u1ed3 \u0110\u1ec1, Th\u00e0nh ph\u1ed1 H\u00e0 N\u1ed9i<br \/>\nWebsite:\u00a0<a href=\"https:\/\/tpenergy.com.vn\/\">https:\/\/tpenergy.com.vn\/<\/a><br \/>\nShopee:\u00a0<a href=\"https:\/\/shopee.vn\/thuanphongenergy?entryPoint=ShopBySearch&amp;searchKeyword=thu%E1%BA%ADn%20phong%20solar%20energy\">https:\/\/byvn.net\/E1oJ<\/a><br \/>\nLazada:\u00a0<a href=\"https:\/\/byvn.net\/VYPr\">https:\/\/byvn.net\/VYPr<\/a><\/div>\n<\/div>\n<\/div>\n<\/div>\n<\/div>\n<\/div>\n<\/div>\n<\/div>\n<\/div>\n<\/div>\n<\/div>\n<\/div>\n<\/div>\n<\/div>\n<\/div>\n<\/div>\n<\/div>\n<\/div>\n<\/div>\n<\/div>\n<\/div>\n<\/div>\n<\/div>\n<\/div>\n<\/div>\n<\/div>\n<\/div>\n<\/div>\n<\/div>\n<\/div>\n<\/div>\n","protected":false},"excerpt":{"rendered":"<h3>V\u1ec1 s\u1ea3n ph\u1ea9m:<\/h3>\n<ul>\n<li>C\u00f4ng su\u1ea5t l\u01b0u tr\u1eef 5.12 kWh<\/li>\n<li>\u0110i\u1ec7n \u00e1p: 51.2V \u2013 100Ah<\/li>\n<li>Tu\u1ed5i th\u1ecd: \u2265 6000 l\u1ea7n s\u1ea1c x\u1ea3<\/li>\n<li>Tr\u1ecdng l\u01b0\u1ee3ng: 58 kg<\/li>\n<li>K\u00edch th\u01b0\u1edbc: 674*420*173 mm<\/li>\n<li>B\u1ea3o h\u00e0nh: 10 n\u0103m<\/li>\n<\/ul>\n<h3 data-end=\"513\" data-start=\"487\"><i class=\"fas fa-download\"><\/i> Download<\/h3>\n<ul>\n<li><a href=\"https:\/\/tpenergy.com.vn\/wp-content\/uploads\/2025\/10\/datashet-pin-bettenergy.pdf\">Datashet<\/a><\/li>\n<\/ul>\n","protected":false},"featured_media":6890,"comment_status":"open","ping_status":"closed","template":"","meta":{"_eb_attr":""},"product_cat":[1085],"product_tag":[1165,1166,1167,1168,1163,1169,1164,1170,870],"class_list":{"0":"post-5017","1":"product","2":"type-product","3":"status-publish","4":"has-post-thumbnail","6":"product_cat-pin-lithium-bettenergy","7":"product_tag-pin-elecube-5k","8":"product_tag-pin-eleshell-5k","9":"product_tag-pin-lithium-cho-gia-dinh","10":"product_tag-pin-lithium-doanh-nghiep","11":"product_tag-pin-lithium-hieu-suat-cao","12":"product_tag-pin-luu-tru-bettenrgy","13":"product_tag-pin-luu-tru-dien-51-2v","14":"product_tag-pin-luu-tru-dien-an-toan","15":"product_tag-pin-luu-tru-nang-luong-mat-troi","16":"pa_gia-khong-lap-dat","17":"pa_gia-lap-dat","19":"first","20":"instock","21":"shipping-taxable","22":"purchasable","23":"product-type-variable"},"yoast_head":"<!-- This site is optimized with the Yoast SEO plugin v20.9 - https:\/\/yoast.com\/wordpress\/plugins\/seo\/ -->\r\n<title>Pin Lithium Bettenergy Eleshell-5k | Thu\u1eadn Phong Energy<\/title>\r\n<meta name=\"description\" content=\"B\u1ed9 l\u01b0u tr\u1eef n\u0103ng l\u01b0\u1ee3ng treo t\u01b0\u1eddng \u00e1p th\u1ea5p Pin Lithium Bettenergy Eleshell-5k an to\u00e0n, c\u00f3 tu\u1ed5i th\u1ecd l\u00ean \u0111\u1ebfn m\u01b0\u1eddi n\u0103m v\u00e0 c\u00f3 hi\u1ec7u su\u1ea5t n\u0103ng l\u01b0\u1ee3ng cao.\" \/>\r\n<meta name=\"robots\" content=\"index, follow, max-snippet:-1, max-image-preview:large, max-video-preview:-1\" \/>\r\n<link rel=\"canonical\" href=\"https:\/\/tpenergy.com.vn\/?product=pin-lithium-bettenrgy-elecube-5k-51-2v-100ah\" \/>\r\n<meta property=\"og:locale\" content=\"vi_VN\" \/>\r\n<meta property=\"og:type\" content=\"article\" \/>\r\n<meta property=\"og:title\" content=\"Pin Lithium Bettenergy Eleshell-5k | Thu\u1eadn Phong Energy\" \/>\r\n<meta property=\"og:description\" content=\"B\u1ed9 l\u01b0u tr\u1eef n\u0103ng l\u01b0\u1ee3ng treo t\u01b0\u1eddng \u00e1p th\u1ea5p Pin Lithium Bettenergy Eleshell-5k an to\u00e0n, c\u00f3 tu\u1ed5i th\u1ecd l\u00ean \u0111\u1ebfn m\u01b0\u1eddi n\u0103m v\u00e0 c\u00f3 hi\u1ec7u su\u1ea5t n\u0103ng l\u01b0\u1ee3ng cao.\" \/>\r\n<meta property=\"og:url\" content=\"https:\/\/tpenergy.com.vn\/?product=pin-lithium-bettenrgy-elecube-5k-51-2v-100ah\" \/>\r\n<meta property=\"og:site_name\" content=\"Thuan Phong Solar Energy\" \/>\r\n<meta property=\"article:modified_time\" content=\"2025-11-17T07:13:10+00:00\" \/>\r\n<meta property=\"og:image\" content=\"https:\/\/tpenergy.com.vn\/wp-content\/uploads\/2025\/11\/10k-1-scaled.jpg\" \/>\r\n\t<meta property=\"og:image:width\" content=\"2560\" \/>\r\n\t<meta property=\"og:image:height\" content=\"2146\" \/>\r\n\t<meta property=\"og:image:type\" content=\"image\/jpeg\" \/>\r\n<meta name=\"twitter:card\" content=\"summary_large_image\" \/>\r\n<meta name=\"twitter:label1\" content=\"\u01af\u1edbc t\u00ednh th\u1eddi gian \u0111\u1ecdc\" \/>\n\t<meta name=\"twitter:data1\" content=\"4 ph\u00fat\" \/>\r\n<script type=\"application\/ld+json\" class=\"yoast-schema-graph\">{\"@context\":\"https:\/\/schema.org\",\"@graph\":[{\"@type\":\"WebPage\",\"@id\":\"https:\/\/tpenergy.com.vn\/?product=pin-lithium-bettenrgy-elecube-5k-51-2v-100ah\",\"url\":\"https:\/\/tpenergy.com.vn\/?product=pin-lithium-bettenrgy-elecube-5k-51-2v-100ah\",\"name\":\"Pin Lithium Bettenergy Eleshell-5k | Thu\u1eadn Phong Energy\",\"isPartOf\":{\"@id\":\"https:\/\/tpenergy.com.vn\/#website\"},\"datePublished\":\"2025-10-23T08:10:37+00:00\",\"dateModified\":\"2025-11-17T07:13:10+00:00\",\"description\":\"B\u1ed9 l\u01b0u tr\u1eef n\u0103ng l\u01b0\u1ee3ng treo t\u01b0\u1eddng \u00e1p th\u1ea5p Pin Lithium Bettenergy Eleshell-5k an to\u00e0n, c\u00f3 tu\u1ed5i th\u1ecd l\u00ean \u0111\u1ebfn m\u01b0\u1eddi n\u0103m v\u00e0 c\u00f3 hi\u1ec7u su\u1ea5t n\u0103ng l\u01b0\u1ee3ng cao.\",\"breadcrumb\":{\"@id\":\"https:\/\/tpenergy.com.vn\/?product=pin-lithium-bettenrgy-elecube-5k-51-2v-100ah#breadcrumb\"},\"inLanguage\":\"vi\",\"potentialAction\":[{\"@type\":\"ReadAction\",\"target\":[\"https:\/\/tpenergy.com.vn\/?product=pin-lithium-bettenrgy-elecube-5k-51-2v-100ah\"]}]},{\"@type\":\"BreadcrumbList\",\"@id\":\"https:\/\/tpenergy.com.vn\/?product=pin-lithium-bettenrgy-elecube-5k-51-2v-100ah#breadcrumb\",\"itemListElement\":[{\"@type\":\"ListItem\",\"position\":1,\"name\":\"Trang ch\u1ee7\",\"item\":\"https:\/\/tpenergy.com.vn\/\"},{\"@type\":\"ListItem\",\"position\":2,\"name\":\"Shop\",\"item\":\"https:\/\/tpenergy.com.vn\/?page_id=5\"},{\"@type\":\"ListItem\",\"position\":3,\"name\":\"PIN L\u01afU TR\u1eee\",\"item\":\"https:\/\/tpenergy.com.vn\/?product_cat=pinluutru\"},{\"@type\":\"ListItem\",\"position\":4,\"name\":\"PIN LITHIUM BETTENERGY\",\"item\":\"https:\/\/tpenergy.com.vn\/?product_cat=pin-lithium-bettenergy\"},{\"@type\":\"ListItem\",\"position\":5,\"name\":\"PIN LITHIUM BETTENERGY ELESHELL-5K (51,2V\u2013100AH) | ELESHELL-5K\"}]},{\"@type\":\"WebSite\",\"@id\":\"https:\/\/tpenergy.com.vn\/#website\",\"url\":\"https:\/\/tpenergy.com.vn\/\",\"name\":\"Thuan Phong Solar Energy\",\"description\":\"\",\"potentialAction\":[{\"@type\":\"SearchAction\",\"target\":{\"@type\":\"EntryPoint\",\"urlTemplate\":\"https:\/\/tpenergy.com.vn\/?s={search_term_string}\"},\"query-input\":\"required name=search_term_string\"}],\"inLanguage\":\"vi\"}]}<\/script>\r\n<!-- \/ Yoast SEO plugin. -->","yoast_head_json":{"title":"Pin Lithium Bettenergy Eleshell-5k | Thu\u1eadn Phong Energy","description":"B\u1ed9 l\u01b0u tr\u1eef n\u0103ng l\u01b0\u1ee3ng treo t\u01b0\u1eddng \u00e1p th\u1ea5p Pin Lithium Bettenergy Eleshell-5k an to\u00e0n, c\u00f3 tu\u1ed5i th\u1ecd l\u00ean \u0111\u1ebfn m\u01b0\u1eddi n\u0103m v\u00e0 c\u00f3 hi\u1ec7u su\u1ea5t n\u0103ng l\u01b0\u1ee3ng cao.","robots":{"index":"index","follow":"follow","max-snippet":"max-snippet:-1","max-image-preview":"max-image-preview:large","max-video-preview":"max-video-preview:-1"},"canonical":"https:\/\/tpenergy.com.vn\/?product=pin-lithium-bettenrgy-elecube-5k-51-2v-100ah","og_locale":"vi_VN","og_type":"article","og_title":"Pin Lithium Bettenergy Eleshell-5k | Thu\u1eadn Phong Energy","og_description":"B\u1ed9 l\u01b0u tr\u1eef n\u0103ng l\u01b0\u1ee3ng treo t\u01b0\u1eddng \u00e1p th\u1ea5p Pin Lithium Bettenergy Eleshell-5k an to\u00e0n, c\u00f3 tu\u1ed5i th\u1ecd l\u00ean \u0111\u1ebfn m\u01b0\u1eddi n\u0103m v\u00e0 c\u00f3 hi\u1ec7u su\u1ea5t n\u0103ng l\u01b0\u1ee3ng cao.","og_url":"https:\/\/tpenergy.com.vn\/?product=pin-lithium-bettenrgy-elecube-5k-51-2v-100ah","og_site_name":"Thuan Phong Solar Energy","article_modified_time":"2025-11-17T07:13:10+00:00","og_image":[{"width":2560,"height":2146,"url":"https:\/\/tpenergy.com.vn\/wp-content\/uploads\/2025\/11\/10k-1-scaled.jpg","type":"image\/jpeg"}],"twitter_card":"summary_large_image","twitter_misc":{"\u01af\u1edbc t\u00ednh th\u1eddi gian \u0111\u1ecdc":"4 ph\u00fat"},"schema":{"@context":"https:\/\/schema.org","@graph":[{"@type":"WebPage","@id":"https:\/\/tpenergy.com.vn\/?product=pin-lithium-bettenrgy-elecube-5k-51-2v-100ah","url":"https:\/\/tpenergy.com.vn\/?product=pin-lithium-bettenrgy-elecube-5k-51-2v-100ah","name":"Pin Lithium Bettenergy Eleshell-5k | Thu\u1eadn Phong Energy","isPartOf":{"@id":"https:\/\/tpenergy.com.vn\/#website"},"datePublished":"2025-10-23T08:10:37+00:00","dateModified":"2025-11-17T07:13:10+00:00","description":"B\u1ed9 l\u01b0u tr\u1eef n\u0103ng l\u01b0\u1ee3ng treo t\u01b0\u1eddng \u00e1p th\u1ea5p Pin Lithium Bettenergy Eleshell-5k an to\u00e0n, c\u00f3 tu\u1ed5i th\u1ecd l\u00ean \u0111\u1ebfn m\u01b0\u1eddi n\u0103m v\u00e0 c\u00f3 hi\u1ec7u su\u1ea5t n\u0103ng l\u01b0\u1ee3ng cao.","breadcrumb":{"@id":"https:\/\/tpenergy.com.vn\/?product=pin-lithium-bettenrgy-elecube-5k-51-2v-100ah#breadcrumb"},"inLanguage":"vi","potentialAction":[{"@type":"ReadAction","target":["https:\/\/tpenergy.com.vn\/?product=pin-lithium-bettenrgy-elecube-5k-51-2v-100ah"]}]},{"@type":"BreadcrumbList","@id":"https:\/\/tpenergy.com.vn\/?product=pin-lithium-bettenrgy-elecube-5k-51-2v-100ah#breadcrumb","itemListElement":[{"@type":"ListItem","position":1,"name":"Trang ch\u1ee7","item":"https:\/\/tpenergy.com.vn\/"},{"@type":"ListItem","position":2,"name":"Shop","item":"https:\/\/tpenergy.com.vn\/?page_id=5"},{"@type":"ListItem","position":3,"name":"PIN L\u01afU TR\u1eee","item":"https:\/\/tpenergy.com.vn\/?product_cat=pinluutru"},{"@type":"ListItem","position":4,"name":"PIN LITHIUM BETTENERGY","item":"https:\/\/tpenergy.com.vn\/?product_cat=pin-lithium-bettenergy"},{"@type":"ListItem","position":5,"name":"PIN LITHIUM BETTENERGY ELESHELL-5K (51,2V\u2013100AH) | ELESHELL-5K"}]},{"@type":"WebSite","@id":"https:\/\/tpenergy.com.vn\/#website","url":"https:\/\/tpenergy.com.vn\/","name":"Thuan Phong Solar Energy","description":"","potentialAction":[{"@type":"SearchAction","target":{"@type":"EntryPoint","urlTemplate":"https:\/\/tpenergy.com.vn\/?s={search_term_string}"},"query-input":"required name=search_term_string"}],"inLanguage":"vi"}]}},"_links":{"self":[{"href":"https:\/\/tpenergy.com.vn\/index.php?rest_route=\/wp\/v2\/product\/5017"}],"collection":[{"href":"https:\/\/tpenergy.com.vn\/index.php?rest_route=\/wp\/v2\/product"}],"about":[{"href":"https:\/\/tpenergy.com.vn\/index.php?rest_route=\/wp\/v2\/types\/product"}],"replies":[{"embeddable":true,"href":"https:\/\/tpenergy.com.vn\/index.php?rest_route=%2Fwp%2Fv2%2Fcomments&post=5017"}],"wp:featuredmedia":[{"embeddable":true,"href":"https:\/\/tpenergy.com.vn\/index.php?rest_route=\/wp\/v2\/media\/6890"}],"wp:attachment":[{"href":"https:\/\/tpenergy.com.vn\/index.php?rest_route=%2Fwp%2Fv2%2Fmedia&parent=5017"}],"wp:term":[{"taxonomy":"product_cat","embeddable":true,"href":"https:\/\/tpenergy.com.vn\/index.php?rest_route=%2Fwp%2Fv2%2Fproduct_cat&post=5017"},{"taxonomy":"product_tag","embeddable":true,"href":"https:\/\/tpenergy.com.vn\/index.php?rest_route=%2Fwp%2Fv2%2Fproduct_tag&post=5017"}],"curies":[{"name":"wp","href":"https:\/\/api.w.org\/{rel}","templated":true}]}}