{"id":4954,"date":"2024-07-11T16:39:30","date_gmt":"2024-07-11T09:39:30","guid":{"rendered":"https:\/\/tpenergy.com.vn\/?post_type=product&#038;p=4954"},"modified":"2025-10-23T15:21:38","modified_gmt":"2025-10-23T08:21:38","slug":"stackable-ap-cao","status":"publish","type":"product","link":"https:\/\/tpenergy.com.vn\/?product=stackable-ap-cao","title":{"rendered":"B\u1ed9 Stacked lithium battery \u00e1p cao 409.6V 50Ah 20.48kWh"},"content":{"rendered":"<div class=\"x11i5rnm xat24cr x1mh8g0r x1vvkbs xtlvy1s x126k92a\"><\/div>\n<div class=\"x11i5rnm xat24cr x1mh8g0r x1vvkbs xtlvy1s x126k92a\">\n<div dir=\"auto\"><strong>Tr\u1ecdn b\u1ed9 h\u1ec7 th\u1ed1ng Stacked lithium battery \u00e1p cao 409.6V 50Ah 20.48kWh bao g\u1ed3m:\u00a0<\/strong><\/div>\n<div dir=\"auto\">&#8211; 1 b\u1ed9 HV BMS<br \/>\n&#8211; 8 b\u1ed9 lithium battery 51,2V 50Ah, 2,56kWh<br \/>\n&#8211; D\u00f2ng s\u1ea1c, x\u1ea3 t\u1ed1i \u0111a 1C<br \/>\n&#8211; D\u00f2ng s\u1ea1c, x\u1ea3 khuy\u1ebfn ngh\u1ecb 0.5C<br \/>\n&#8211; 1 ch\u00e2n \u0111\u1ebf<br \/>\n&#8211; IP 65<br \/>\n&#8211; Cell EVE m\u1edbi lo\u1ea1i A<br \/>\n&#8211; Gi\u00e1m s\u00e1t th\u00f4ng s\u1ed1 battery t\u1eeb xa qua cloud (wiffi + App)<\/div>\n<blockquote>\n<div dir=\"auto\">Qu\u00fd kh\u00e1ch h\u00e0ng c\u00f3 mua c\u1ea7u ph\u00e2n ph\u1ed1i v\u00e0 l\u1eafp \u0111\u1eb7t B\u1ed9 lithium battery Rackseft \u2013 \u00c1p Cao li\u00ean h\u1ec7 Thu\u1eadn Phong Hotline\u00a0<strong>0869 564 567<\/strong>\u00a0\u0111\u1ec3 \u0111\u01b0\u1ee3c t\u01b0 v\u1ea5n v\u00e0 b\u00e1o gi\u00e1 nhanh nh\u1ea5t!<\/div>\n<\/blockquote>\n<div dir=\"auto\">\n<p><strong>TH\u00d4NG S\u1ed0 K\u1ef8 THU\u1eacT B\u1ed8 STACKED LITHIUM BATTERY \u00c1P CAO 409.6V 50AH 20.48KWH<\/strong><\/p>\n<div class=\"table-responsive\">\n<table border=\"0\" cellspacing=\"0\" cellpadding=\"0\">\n<tbody>\n<tr>\n<td><strong>M\u00e3 s\u1ea3n ph\u1ea9m<\/strong><\/td>\n<td>PT-HV-EB-S1<\/td>\n<\/tr>\n<tr>\n<td><strong>Lo\u1ea1i cell<\/strong><\/td>\n<td>LFP<\/td>\n<\/tr>\n<tr>\n<td><strong>\u0110i\u1ec7n \u00e1p danh \u0111\u1ecbnh<\/strong><\/td>\n<td>204 ~ 512 Vdc<\/td>\n<\/tr>\n<tr>\n<td><strong>T\u1ed5ng n\u0103ng l\u01b0\u1ee3ng<\/strong><\/td>\n<td>10,2 ~\u00a025,6 kWh<\/td>\n<\/tr>\n<tr>\n<td><strong>D\u00f2ng s\u1ea1c\/x\u1ea3 t\u1ed1i \u0111a<\/strong><\/td>\n<td>30 A<\/td>\n<\/tr>\n<tr>\n<td><strong>D\u00f2ng s\u1ea1c\/x\u1ea3 khuy\u1ebfn ngh\u1ecb<\/strong><\/td>\n<td>25 A<\/td>\n<\/tr>\n<tr>\n<td><strong>M\u1ee9c \u0111\u1ed9 x\u1ea3 s\u00e2u (DOD)<\/strong><\/td>\n<td>90%<\/td>\n<\/tr>\n<tr>\n<td><strong>Cho ph\u00e9p l\u1eafp \u0111\u1eb7t song song<\/strong><\/td>\n<td>2 ~ 10\u00a0b\u1ed9<\/td>\n<\/tr>\n<tr>\n<td><strong>V\u00f2ng \u0111\u1eddi ho\u1ea1t \u0111\u1ed9ng<\/strong><\/td>\n<td>\u00a0\u2265 6000 chu k\u1ef3<\/td>\n<\/tr>\n<tr>\n<td><strong>K\u00edch th\u01b0\u1edbc<\/strong><\/td>\n<td>700*280*810 ~\u00a0700*280*1620 (cm)<\/td>\n<\/tr>\n<tr>\n<td><strong>C\u00e2n n\u1eb7ng<\/strong><\/td>\n<td>140 ~ 305 kg<\/td>\n<\/tr>\n<tr>\n<td><strong>Nhi\u1ec7t \u0111\u1ed9 ho\u1ea1t \u0111\u1ed9ng<\/strong><\/td>\n<td>20 \u0111\u1ebfn +55 \u0111\u1ed9 C<\/td>\n<\/tr>\n<tr>\n<td><strong>Ti\u00eau chu\u1ea9n ch\u1ed1ng n\u01b0\u1edbc<\/strong><\/td>\n<td>IP65<\/td>\n<\/tr>\n<\/tbody>\n<\/table>\n<div dir=\"auto\"><\/div>\n<div dir=\"auto\"><b>TH\u00d4NG TIN S\u1ea2N PH\u1ea8M:<\/b><\/div>\n<div dir=\"auto\"><img loading=\"lazy\" decoding=\"async\" class=\"alignnone size-full wp-image-4955\" src=\"https:\/\/tpenergy.com.vn\/wp-content\/uploads\/2024\/07\/image3.png\" alt=\"\" width=\"1600\" height=\"642\" srcset=\"https:\/\/tpenergy.com.vn\/wp-content\/uploads\/2024\/07\/image3.png 1600w, https:\/\/tpenergy.com.vn\/wp-content\/uploads\/2024\/07\/image3-768x308.png 768w, https:\/\/tpenergy.com.vn\/wp-content\/uploads\/2024\/07\/image3-1536x616.png 1536w, https:\/\/tpenergy.com.vn\/wp-content\/uploads\/2024\/07\/image3-247x99.png 247w, https:\/\/tpenergy.com.vn\/wp-content\/uploads\/2024\/07\/image3-510x205.png 510w\" sizes=\"(max-width: 1600px) 100vw, 1600px\" \/><\/div>\n<div dir=\"auto\"><strong>LITHIUM ESS POWERTECH T\u01af\u01a0NG TH\u00cdCH V\u1edaI C\u00c1C TH\u01af\u01a0NG HI\u1ec6U <a href=\"https:\/\/tpenergy.com.vn\/index.php\/danh-muc-sp\/bien-tan\/\">INVERTER HYBRID<\/a>:<\/strong><\/div>\n<div dir=\"auto\">\n<p><img loading=\"lazy\" decoding=\"async\" class=\"alignnone size-full wp-image-4956\" style=\"color: #333333;\" src=\"https:\/\/tpenergy.com.vn\/wp-content\/uploads\/2024\/07\/image6.png\" alt=\"\" width=\"1600\" height=\"217\" srcset=\"https:\/\/tpenergy.com.vn\/wp-content\/uploads\/2024\/07\/image6.png 1600w, https:\/\/tpenergy.com.vn\/wp-content\/uploads\/2024\/07\/image6-768x104.png 768w, https:\/\/tpenergy.com.vn\/wp-content\/uploads\/2024\/07\/image6-1536x208.png 1536w, https:\/\/tpenergy.com.vn\/wp-content\/uploads\/2024\/07\/image6-247x33.png 247w, https:\/\/tpenergy.com.vn\/wp-content\/uploads\/2024\/07\/image6-510x69.png 510w\" sizes=\"(max-width: 1600px) 100vw, 1600px\" \/><\/p>\n<p><img loading=\"lazy\" decoding=\"async\" class=\"alignnone size-full wp-image-4957\" src=\"https:\/\/tpenergy.com.vn\/wp-content\/uploads\/2024\/07\/image5.png\" alt=\"\" width=\"1600\" height=\"747\" srcset=\"https:\/\/tpenergy.com.vn\/wp-content\/uploads\/2024\/07\/image5.png 1600w, https:\/\/tpenergy.com.vn\/wp-content\/uploads\/2024\/07\/image5-768x359.png 768w, https:\/\/tpenergy.com.vn\/wp-content\/uploads\/2024\/07\/image5-1536x717.png 1536w, https:\/\/tpenergy.com.vn\/wp-content\/uploads\/2024\/07\/image5-247x115.png 247w, https:\/\/tpenergy.com.vn\/wp-content\/uploads\/2024\/07\/image5-510x238.png 510w\" sizes=\"(max-width: 1600px) 100vw, 1600px\" \/><\/p>\n<p><a href=\"https:\/\/tpenergy.com.vn\/\">Thu\u1eadn Phong<\/a>\u00a0cam k\u1ebft ch\u1ea5t l\u01b0\u1ee3ng s\u1ea3n ph\u1ea9m \u0111\u01b0\u1ee3c ki\u1ec3m duy\u1ec7t nghi\u00eam ng\u1eb7t, b\u1ea3o h\u00e0nh nhanh ch\u00f3ng, tr\u1ef1c ti\u1ebfp kh\u00f4ng qua x\u1eed l\u00fd trung gian, th\u1eddi gian b\u1ea3o h\u00e0nh l\u00ean \u0111\u1ebfn 5 n\u0103m c\u00f9ng nhi\u1ec1u ch\u00ednh s\u00e1ch h\u1eadu m\u00e3i c\u1ef1c k\u00ec h\u1ea5p d\u1eabn. Li\u00ean h\u1ec7 ch\u00fang t\u00f4i \u0111\u1ec3 \u0111\u01b0\u1ee3c t\u01b0 v\u1ea5n s\u1edbm nh\u1ea5t nh\u00e9!<\/p>\n<\/div>\n<div dir=\"auto\">\n<div dir=\"auto\">\u2014\u2014\u2014\u2014\u2014<\/div>\n<div dir=\"auto\">CH\u1eccN THU\u1eacN PHONG &#8211; CH\u1eccN S\u1ef0 AN T\u00c2M<br \/>\nHotline: 0869.564.567<br \/>\nKinh doanh: 0867.577.357<br \/>\nK\u1ef9 thu\u1eadt: 0899.768.777<br \/>\nTr\u1ee5 s\u1edf ch\u00ednh: 30 Nguy\u1ec5n H\u1eefu D\u1eadt, ph\u01b0\u1eddng \u0110\u1ed3ng H\u1edbi, t\u1ec9nh Qu\u1ea3ng Tr\u1ecb, Vi\u1ec7t Nam<br \/>\nTr\u1ee5 s\u1edf H\u00e0 N\u1ed9i: Nh\u00e0 ph\u1ed1 th\u01b0\u01a1ng m\u1ea1i Khai S\u01a1n Town s\u1ed1 18 thu\u1ed9c Town 7, khu \u0111\u00f4 th\u1ecb Khai S\u01a1n City, ph\u01b0\u1eddng B\u1ed3 \u0110\u1ec1, Th\u00e0nh ph\u1ed1 H\u00e0 N\u1ed9i<br \/>\nWebsite: https:\/\/tpenergy.com.vn\/<br \/>\nShopee: https:\/\/byvn.net\/E1oJ<br \/>\nLazada: https:\/\/byvn.net\/VYPr<\/div>\n<\/div>\n<\/div>\n<\/div>\n<\/div>\n","protected":false},"excerpt":{"rendered":"<p><strong>M\u00e3 s\u1ea3n ph\u1ea9m: <\/strong>PT-HV-EB-S1<\/p>\n<p><strong>\u0110i\u1ec7n \u00e1p: <\/strong>204 ~ 512 Vdc<\/p>\n<p>Dung l\u01b0\u1ee3ng: 10,2 ~ 25,6 kWh<\/p>\n<p><strong>D\u00f2ng s\u1ea1c\/x\u1ea3 t\u1ed1i \u0111a: <\/strong>30 A<\/p>\n<p><strong>D\u00f2ng s\u1ea1c\/x\u1ea3 khuy\u1ebfn ngh\u1ecb: <\/strong>25 A<\/p>\n<p><strong>M\u1ee9c \u0111\u1ed9 x\u1ea3 s\u00e2u (DOD): <\/strong>90%<\/p>\n<p><strong>K\u00edch th\u01b0\u1edbc: <\/strong>700*280*810 ~\u00a0700*280*1620 (cm)<\/p>\n<p><strong>C\u00e2n n\u1eb7ng: <\/strong>140 ~ 305 kg<\/p>\n<p><strong>Ti\u00eau chu\u1ea9n ch\u1ed1ng n\u01b0\u1edbc: <\/strong>IP65<\/p>\n","protected":false},"featured_media":4958,"comment_status":"open","ping_status":"closed","template":"","meta":{"_eb_attr":""},"product_cat":[269],"product_tag":[573,446,574,447,576],"class_list":{"0":"post-4954","1":"product","2":"type-product","3":"status-publish","4":"has-post-thumbnail","6":"product_cat-pin-lithium-ess-powertech","7":"product_tag-ess-powertech","8":"product_tag-pin-luu-tru","9":"product_tag-pin-luu-tru-ap-cao","10":"product_tag-pin-luu-tru-ess-powertech","11":"product_tag-solar","12":"pa_gia-khong-lap-dat","13":"pa_gia-lap-dat","15":"first","16":"instock","17":"shipping-taxable","18":"purchasable","19":"product-type-variable"},"yoast_head":"<!-- This site is optimized with the Yoast SEO plugin v20.9 - https:\/\/yoast.com\/wordpress\/plugins\/seo\/ -->\r\n<title>B\u1ed9 Stacked lithium battery \u00e1p cao 409.6V 50Ah 20.48kWh - Thuan Phong Solar Energy<\/title>\r\n<meta name=\"description\" content=\"B\u1ed9 Stacked lithium battery \u00e1p cao 409.6V 50Ah 20.48kWh mang l\u1ea1i s\u1ef1 linh ho\u1ea1t v\u00e0 ti\u1ebft ki\u1ec7m cho h\u1ec7 th\u1ed1ng \u0111i\u1ec7n gia \u0111\u00ecnh v\u00e0 doanh nghi\u1ec7p c\u1ee7a b\u1ea1n.\" \/>\r\n<meta name=\"robots\" content=\"index, follow, max-snippet:-1, max-image-preview:large, max-video-preview:-1\" \/>\r\n<link rel=\"canonical\" href=\"https:\/\/tpenergy.com.vn\/?product=stackable-ap-cao\" \/>\r\n<meta property=\"og:locale\" content=\"vi_VN\" \/>\r\n<meta property=\"og:type\" content=\"article\" \/>\r\n<meta property=\"og:title\" content=\"B\u1ed9 Stacked lithium battery \u00e1p cao 409.6V 50Ah 20.48kWh - Thuan Phong Solar Energy\" \/>\r\n<meta property=\"og:description\" content=\"B\u1ed9 Stacked lithium battery \u00e1p cao 409.6V 50Ah 20.48kWh mang l\u1ea1i s\u1ef1 linh ho\u1ea1t v\u00e0 ti\u1ebft ki\u1ec7m cho h\u1ec7 th\u1ed1ng \u0111i\u1ec7n gia \u0111\u00ecnh v\u00e0 doanh nghi\u1ec7p c\u1ee7a b\u1ea1n.\" \/>\r\n<meta property=\"og:url\" content=\"https:\/\/tpenergy.com.vn\/?product=stackable-ap-cao\" \/>\r\n<meta property=\"og:site_name\" content=\"Thuan Phong Solar Energy\" \/>\r\n<meta property=\"article:modified_time\" content=\"2025-10-23T08:21:38+00:00\" \/>\r\n<meta property=\"og:image\" content=\"https:\/\/tpenergy.com.vn\/wp-content\/uploads\/2024\/07\/1-9287.png\" \/>\r\n\t<meta property=\"og:image:width\" content=\"670\" \/>\r\n\t<meta property=\"og:image:height\" content=\"640\" \/>\r\n\t<meta property=\"og:image:type\" content=\"image\/png\" \/>\r\n<meta name=\"twitter:card\" content=\"summary_large_image\" \/>\r\n<meta name=\"twitter:label1\" content=\"\u01af\u1edbc t\u00ednh th\u1eddi gian \u0111\u1ecdc\" \/>\n\t<meta name=\"twitter:data1\" content=\"3 ph\u00fat\" \/>\r\n<script type=\"application\/ld+json\" class=\"yoast-schema-graph\">{\"@context\":\"https:\/\/schema.org\",\"@graph\":[{\"@type\":\"WebPage\",\"@id\":\"https:\/\/tpenergy.com.vn\/?product=stackable-ap-cao\",\"url\":\"https:\/\/tpenergy.com.vn\/?product=stackable-ap-cao\",\"name\":\"B\u1ed9 Stacked lithium battery \u00e1p cao 409.6V 50Ah 20.48kWh - Thuan Phong Solar Energy\",\"isPartOf\":{\"@id\":\"https:\/\/tpenergy.com.vn\/#website\"},\"datePublished\":\"2024-07-11T09:39:30+00:00\",\"dateModified\":\"2025-10-23T08:21:38+00:00\",\"description\":\"B\u1ed9 Stacked lithium battery \u00e1p cao 409.6V 50Ah 20.48kWh mang l\u1ea1i s\u1ef1 linh ho\u1ea1t v\u00e0 ti\u1ebft ki\u1ec7m cho h\u1ec7 th\u1ed1ng \u0111i\u1ec7n gia \u0111\u00ecnh v\u00e0 doanh nghi\u1ec7p c\u1ee7a b\u1ea1n.\",\"breadcrumb\":{\"@id\":\"https:\/\/tpenergy.com.vn\/?product=stackable-ap-cao#breadcrumb\"},\"inLanguage\":\"vi\",\"potentialAction\":[{\"@type\":\"ReadAction\",\"target\":[\"https:\/\/tpenergy.com.vn\/?product=stackable-ap-cao\"]}]},{\"@type\":\"BreadcrumbList\",\"@id\":\"https:\/\/tpenergy.com.vn\/?product=stackable-ap-cao#breadcrumb\",\"itemListElement\":[{\"@type\":\"ListItem\",\"position\":1,\"name\":\"Trang ch\u1ee7\",\"item\":\"https:\/\/tpenergy.com.vn\/\"},{\"@type\":\"ListItem\",\"position\":2,\"name\":\"Shop\",\"item\":\"https:\/\/tpenergy.com.vn\/?page_id=5\"},{\"@type\":\"ListItem\",\"position\":3,\"name\":\"PIN L\u01afU TR\u1eee\",\"item\":\"https:\/\/tpenergy.com.vn\/?product_cat=pinluutru\"},{\"@type\":\"ListItem\",\"position\":4,\"name\":\"PIN LITHIUM ESS POWERTECH\",\"item\":\"https:\/\/tpenergy.com.vn\/?product_cat=pin-lithium-ess-powertech\"},{\"@type\":\"ListItem\",\"position\":5,\"name\":\"B\u1ed9 Stacked lithium battery \u00e1p cao 409.6V 50Ah 20.48kWh\"}]},{\"@type\":\"WebSite\",\"@id\":\"https:\/\/tpenergy.com.vn\/#website\",\"url\":\"https:\/\/tpenergy.com.vn\/\",\"name\":\"Thuan Phong Solar Energy\",\"description\":\"\",\"potentialAction\":[{\"@type\":\"SearchAction\",\"target\":{\"@type\":\"EntryPoint\",\"urlTemplate\":\"https:\/\/tpenergy.com.vn\/?s={search_term_string}\"},\"query-input\":\"required name=search_term_string\"}],\"inLanguage\":\"vi\"}]}<\/script>\r\n<!-- \/ Yoast SEO plugin. -->","yoast_head_json":{"title":"B\u1ed9 Stacked lithium battery \u00e1p cao 409.6V 50Ah 20.48kWh - Thuan Phong Solar Energy","description":"B\u1ed9 Stacked lithium battery \u00e1p cao 409.6V 50Ah 20.48kWh mang l\u1ea1i s\u1ef1 linh ho\u1ea1t v\u00e0 ti\u1ebft ki\u1ec7m cho h\u1ec7 th\u1ed1ng \u0111i\u1ec7n gia \u0111\u00ecnh v\u00e0 doanh nghi\u1ec7p c\u1ee7a b\u1ea1n.","robots":{"index":"index","follow":"follow","max-snippet":"max-snippet:-1","max-image-preview":"max-image-preview:large","max-video-preview":"max-video-preview:-1"},"canonical":"https:\/\/tpenergy.com.vn\/?product=stackable-ap-cao","og_locale":"vi_VN","og_type":"article","og_title":"B\u1ed9 Stacked lithium battery \u00e1p cao 409.6V 50Ah 20.48kWh - Thuan Phong Solar Energy","og_description":"B\u1ed9 Stacked lithium battery \u00e1p cao 409.6V 50Ah 20.48kWh mang l\u1ea1i s\u1ef1 linh ho\u1ea1t v\u00e0 ti\u1ebft ki\u1ec7m cho h\u1ec7 th\u1ed1ng \u0111i\u1ec7n gia \u0111\u00ecnh v\u00e0 doanh nghi\u1ec7p c\u1ee7a b\u1ea1n.","og_url":"https:\/\/tpenergy.com.vn\/?product=stackable-ap-cao","og_site_name":"Thuan Phong Solar Energy","article_modified_time":"2025-10-23T08:21:38+00:00","og_image":[{"width":670,"height":640,"url":"https:\/\/tpenergy.com.vn\/wp-content\/uploads\/2024\/07\/1-9287.png","type":"image\/png"}],"twitter_card":"summary_large_image","twitter_misc":{"\u01af\u1edbc t\u00ednh th\u1eddi gian \u0111\u1ecdc":"3 ph\u00fat"},"schema":{"@context":"https:\/\/schema.org","@graph":[{"@type":"WebPage","@id":"https:\/\/tpenergy.com.vn\/?product=stackable-ap-cao","url":"https:\/\/tpenergy.com.vn\/?product=stackable-ap-cao","name":"B\u1ed9 Stacked lithium battery \u00e1p cao 409.6V 50Ah 20.48kWh - Thuan Phong Solar Energy","isPartOf":{"@id":"https:\/\/tpenergy.com.vn\/#website"},"datePublished":"2024-07-11T09:39:30+00:00","dateModified":"2025-10-23T08:21:38+00:00","description":"B\u1ed9 Stacked lithium battery \u00e1p cao 409.6V 50Ah 20.48kWh mang l\u1ea1i s\u1ef1 linh ho\u1ea1t v\u00e0 ti\u1ebft ki\u1ec7m cho h\u1ec7 th\u1ed1ng \u0111i\u1ec7n gia \u0111\u00ecnh v\u00e0 doanh nghi\u1ec7p c\u1ee7a b\u1ea1n.","breadcrumb":{"@id":"https:\/\/tpenergy.com.vn\/?product=stackable-ap-cao#breadcrumb"},"inLanguage":"vi","potentialAction":[{"@type":"ReadAction","target":["https:\/\/tpenergy.com.vn\/?product=stackable-ap-cao"]}]},{"@type":"BreadcrumbList","@id":"https:\/\/tpenergy.com.vn\/?product=stackable-ap-cao#breadcrumb","itemListElement":[{"@type":"ListItem","position":1,"name":"Trang ch\u1ee7","item":"https:\/\/tpenergy.com.vn\/"},{"@type":"ListItem","position":2,"name":"Shop","item":"https:\/\/tpenergy.com.vn\/?page_id=5"},{"@type":"ListItem","position":3,"name":"PIN L\u01afU TR\u1eee","item":"https:\/\/tpenergy.com.vn\/?product_cat=pinluutru"},{"@type":"ListItem","position":4,"name":"PIN LITHIUM ESS POWERTECH","item":"https:\/\/tpenergy.com.vn\/?product_cat=pin-lithium-ess-powertech"},{"@type":"ListItem","position":5,"name":"B\u1ed9 Stacked lithium battery \u00e1p cao 409.6V 50Ah 20.48kWh"}]},{"@type":"WebSite","@id":"https:\/\/tpenergy.com.vn\/#website","url":"https:\/\/tpenergy.com.vn\/","name":"Thuan Phong Solar Energy","description":"","potentialAction":[{"@type":"SearchAction","target":{"@type":"EntryPoint","urlTemplate":"https:\/\/tpenergy.com.vn\/?s={search_term_string}"},"query-input":"required name=search_term_string"}],"inLanguage":"vi"}]}},"_links":{"self":[{"href":"https:\/\/tpenergy.com.vn\/index.php?rest_route=\/wp\/v2\/product\/4954"}],"collection":[{"href":"https:\/\/tpenergy.com.vn\/index.php?rest_route=\/wp\/v2\/product"}],"about":[{"href":"https:\/\/tpenergy.com.vn\/index.php?rest_route=\/wp\/v2\/types\/product"}],"replies":[{"embeddable":true,"href":"https:\/\/tpenergy.com.vn\/index.php?rest_route=%2Fwp%2Fv2%2Fcomments&post=4954"}],"wp:featuredmedia":[{"embeddable":true,"href":"https:\/\/tpenergy.com.vn\/index.php?rest_route=\/wp\/v2\/media\/4958"}],"wp:attachment":[{"href":"https:\/\/tpenergy.com.vn\/index.php?rest_route=%2Fwp%2Fv2%2Fmedia&parent=4954"}],"wp:term":[{"taxonomy":"product_cat","embeddable":true,"href":"https:\/\/tpenergy.com.vn\/index.php?rest_route=%2Fwp%2Fv2%2Fproduct_cat&post=4954"},{"taxonomy":"product_tag","embeddable":true,"href":"https:\/\/tpenergy.com.vn\/index.php?rest_route=%2Fwp%2Fv2%2Fproduct_tag&post=4954"}],"curies":[{"name":"wp","href":"https:\/\/api.w.org\/{rel}","templated":true}]}}