{"id":4301,"date":"2024-02-20T09:40:00","date_gmt":"2024-02-20T02:40:00","guid":{"rendered":"https:\/\/tpenergy.com.vn\/?post_type=product&#038;p=4301"},"modified":"2024-02-20T09:47:16","modified_gmt":"2024-02-20T02:47:16","slug":"sokoyo-ambo-20w","status":"publish","type":"product","link":"https:\/\/tpenergy.com.vn\/?product=sokoyo-ambo-20w","title":{"rendered":"SOKOYO AMBO 30W"},"content":{"rendered":"<h2 id=\"tongquan\" class=\"heading_h2\">TH\u00d4NG S\u1ed0 K\u1ef8 THU\u1eacT<\/h2>\n<div class=\"content\">\n<table border=\"1\">\n<tbody>\n<tr>\n<td><strong>C\u00f4ng su\u1ea5t:<\/strong>\u00a030 W<\/td>\n<td><strong>Pin Lithium LiFePo4:<\/strong>\u00a0432Wh<\/td>\n<\/tr>\n<tr>\n<td><strong>Th\u01b0\u01a1ng hi\u1ec7u:<\/strong>\u00a0SOKOYO<\/td>\n<td><strong>T\u1ea5m pin NLMT:<\/strong>\u00a0Mono Panel: 18V\/60W<\/td>\n<\/tr>\n<tr>\n<td><strong>D\u00f2ng s\u1ea3n ph\u1ea9m:<\/strong>\u00a0All in Two<\/td>\n<td><strong>Chip LED:<\/strong>\u00a0LUMILEDS3030\/5050<\/td>\n<\/tr>\n<\/tbody>\n<\/table>\n<\/div>\n<div class=\"content specifications_datails active\">\n<table border=\"0\" width=\"100%\" cellspacing=\"0\" cellpadding=\"0\">\n<tbody>\n<tr>\n<td bgcolor=\"#1c91d0\">\n<div>Model<\/div>\n<\/td>\n<td bgcolor=\"#1c91d0\">\n<div>AMBO 30W<\/div>\n<\/td>\n<\/tr>\n<tr>\n<td>\n<div>M\u00e3 s\u1ea3n ph\u1ea9m<\/div>\n<\/td>\n<td>\n<div>KY-E-JX-001 (32650)<\/div>\n<\/td>\n<\/tr>\n<tr>\n<td>\n<div>C\u00f4ng su\u1ea5t<\/div>\n<\/td>\n<td>\n<div>30W<\/div>\n<\/td>\n<\/tr>\n<tr>\n<td>\n<div>\u0110i\u1ec7n \u00e1p<\/div>\n<\/td>\n<td>\n<div>DC12V<\/div>\n<\/td>\n<\/tr>\n<tr>\n<td>\n<div>Dung l\u01b0\u1ee3ng pin (\u0111i\u1ec7n \u00e1p khi s\u1ea1c \u0111\u1ea7y: 14.4V)<\/div>\n<\/td>\n<td>\n<div>432WH<\/div>\n<\/td>\n<\/tr>\n<tr>\n<td>\n<div>T\u1ea5m pin NLMT<\/div>\n<\/td>\n<td>\n<div>Mono Panel: 18V\/60W<\/div>\n<\/td>\n<\/tr>\n<tr>\n<td>\n<div>Chip LED<\/div>\n<\/td>\n<td>\n<div>LUMILEDS3030\/5050<\/div>\n<\/td>\n<\/tr>\n<tr>\n<td>\n<div>Ki\u1ec3u ph\u00e2n b\u1ed1 \u00e1nh s\u00e1ng<\/div>\n<\/td>\n<td>\n<div>Ph\u00e2n b\u1ed1 \u00e1nh s\u00e1ng ki\u1ec3u c\u00e1nh d\u01a1i\uff08150\u00b0x75\u00b0\uff09<\/div>\n<\/td>\n<\/tr>\n<tr>\n<td>\n<div>Hi\u1ec7u su\u1ea5t Chip LED<\/div>\n<\/td>\n<td>\n<div>\u2265 170LM\/W<\/div>\n<\/td>\n<\/tr>\n<tr>\n<td>\n<div>Nhi\u1ec7t \u0111\u1ed9 m\u00e0u<\/div>\n<\/td>\n<td>\n<div>3000K\/4000K\/5700K\/6500K<\/div>\n<\/td>\n<\/tr>\n<tr>\n<td>\n<div>Ch\u1ec9 s\u1ed1 ho\u00e0n m\u00e0u<\/div>\n<\/td>\n<td>\n<div>Ra\u226570<\/div>\n<\/td>\n<\/tr>\n<tr>\n<td>\n<div>C\u1ea5p b\u1ea3o v\u1ec7 IP<\/div>\n<\/td>\n<td>\n<div>IP65<\/div>\n<\/td>\n<\/tr>\n<tr>\n<td>\n<div>C\u1ea5p b\u1ea3o v\u1ec7 IK<\/div>\n<\/td>\n<td>\n<div>IK08<\/div>\n<\/td>\n<\/tr>\n<tr>\n<td>\n<div>Nhi\u1ec7t \u0111\u1ed9 ho\u1ea1t \u0111\u1ed9ng<\/div>\n<\/td>\n<td>\n<div>-10\u00b0C~+60\u00b0C<\/div>\n<\/td>\n<\/tr>\n<tr>\n<td>\n<div>Kh\u1ed1i l\u01b0\u1ee3ng<\/div>\n<\/td>\n<td>\n<div>6.5kg<\/div>\n<\/td>\n<\/tr>\n<tr>\n<td>\n<div>Tu\u1ed5i th\u1ecd LED<\/div>\n<\/td>\n<td>\n<div>\u226550000H<\/div>\n<\/td>\n<\/tr>\n<tr>\n<td>\n<div>B\u1ed9 \u0111i\u1ec1u khi\u1ec3n<\/div>\n<\/td>\n<td>\n<div>PWM, 12V, 10A<\/div>\n<\/td>\n<\/tr>\n<tr>\n<td>\n<div>Ch\u1ebf \u0111\u1ed9 s\u00e1ng v\u00e0 th\u1eddi gian ho\u1ea1t \u0111\u1ed9ng<\/div>\n<\/td>\n<td>\n<div>0.5 gi\u1edd \u0111\u1ea7u s\u00e1ng 20%; 1 gi\u1edd ti\u1ebfp theo s\u00e1ng 100%;<br \/>\n3 gi\u1edd ti\u1ebfp theo s\u00e1ng 50%; 7.5 gi\u1edd cu\u1ed1i s\u00e1ng 20%<br \/>\n(Ch\u1ebf \u0111\u1ed9 n\u00e0y c\u00f3 th\u1ec3 t\u00f9y ch\u1ec9nh th\u1eddi gian v\u00e0 \u0111\u1ed9 s\u00e1ng theo nhu c\u1ea7u ri\u00eang b\u1eb1ng b\u1ed9 \u0111i\u1ec1u khi\u1ec3n (remote))<\/div>\n<\/td>\n<\/tr>\n<tr>\n<td>\n<div>Th\u1eddi gian ho\u1ea1t \u0111\u1ed9ng \u0111\u1ed9c l\u1eadp<\/div>\n<\/td>\n<td>\n<div>3 ng\u00e0y<br \/>\n(ng\u00e0y m\u01b0a k\u00e9o d\u00e0i, ho\u00e0n to\u00e0n kh\u00f4ng c\u00f3 n\u1eafng)<\/div>\n<\/td>\n<\/tr>\n<tr>\n<td>\n<div>\u0110\u01b0\u1eddng k\u00ednh tr\u1ee5 \u0111\u1ee1<\/div>\n<\/td>\n<td>\n<div>\u03c660mm<\/div>\n<\/td>\n<\/tr>\n<tr>\n<td>\n<div>K\u00edch th\u01b0\u1edbc \u0111\u00e8n<\/div>\n<\/td>\n<td>\n<div>680x277x98mm<\/div>\n<\/td>\n<\/tr>\n<tr>\n<td>\n<div>K\u00edch th\u01b0\u1edbc ki\u1ec7n h\u00e0ng<\/div>\n<\/td>\n<td>\n<div>730x310x148mm (1pcs\/carton)<\/div>\n<\/td>\n<\/tr>\n<tr>\n<td>\n<div>Chi\u1ec1u cao l\u1eafp \u0111\u1eb7t<\/div>\n<\/td>\n<td>\n<div>6m \/ 7m<\/div>\n<\/td>\n<\/tr>\n<\/tbody>\n<\/table>\n<\/div>\n","protected":false},"excerpt":{"rendered":"<p>SOKOYO AMBO 30W (KY-E-JX-001)<br \/>\nSolar Panel 60W\/18V<br \/>\nBattery: Lithium LifePo4 432Wh<\/p>\n","protected":false},"featured_media":4305,"comment_status":"open","ping_status":"closed","template":"","meta":{"_eb_attr":""},"product_cat":[68],"product_tag":[298,300],"class_list":{"0":"post-4301","1":"product","2":"type-product","3":"status-publish","4":"has-post-thumbnail","6":"product_cat-sokoyo","7":"product_tag-den-duong-nang-luong-mat-troi-sokoyo-ambo-30w","8":"product_tag-sokoyo-ambo-30w-ky-e-jx-001","9":"pa_gia-khong-lap-dat","10":"pa_gia-lap-dat","12":"first","13":"instock","14":"shipping-taxable","15":"purchasable","16":"product-type-variable"},"yoast_head":"<!-- This site is optimized with the Yoast SEO plugin v20.9 - https:\/\/yoast.com\/wordpress\/plugins\/seo\/ -->\r\n<title>SOKOYO AMBO 30W - Thuan Phong Solar Energy<\/title>\r\n<meta name=\"description\" content=\"AMBO \u2013 \u0110\u00e8n n\u0103ng l\u01b0\u1ee3ng m\u1eb7t tr\u1eddi li\u1ec1n th\u1ec3 (All in Two) v\u1edbi thi\u1ebft k\u1ebf \u0111\u01b0\u1ee3c c\u1ea5p b\u1eb1ng s\u00e1ng ch\u1ebf, s\u1edf h\u1eefu v\u1ebb ngo\u00e0i tinh t\u1ebf, c\u00f3 th\u1ec3 th\u00e1o r\u1eddi d\u1ec5 d\u00e0ng, thu\u1eadn ti\u1ec7n cho vi\u1ec7c b\u1ea3o tr\u00ec s\u1ea3n ph\u1ea9m\" \/>\r\n<meta name=\"robots\" content=\"index, follow, max-snippet:-1, max-image-preview:large, max-video-preview:-1\" \/>\r\n<link rel=\"canonical\" href=\"https:\/\/tpenergy.com.vn\/?product=sokoyo-ambo-20w\" \/>\r\n<meta property=\"og:locale\" content=\"vi_VN\" \/>\r\n<meta property=\"og:type\" content=\"article\" \/>\r\n<meta property=\"og:title\" content=\"SOKOYO AMBO 30W - Thuan Phong Solar Energy\" \/>\r\n<meta property=\"og:description\" content=\"AMBO \u2013 \u0110\u00e8n n\u0103ng l\u01b0\u1ee3ng m\u1eb7t tr\u1eddi li\u1ec1n th\u1ec3 (All in Two) v\u1edbi thi\u1ebft k\u1ebf \u0111\u01b0\u1ee3c c\u1ea5p b\u1eb1ng s\u00e1ng ch\u1ebf, s\u1edf h\u1eefu v\u1ebb ngo\u00e0i tinh t\u1ebf, c\u00f3 th\u1ec3 th\u00e1o r\u1eddi d\u1ec5 d\u00e0ng, thu\u1eadn ti\u1ec7n cho vi\u1ec7c b\u1ea3o tr\u00ec s\u1ea3n ph\u1ea9m\" \/>\r\n<meta property=\"og:url\" content=\"https:\/\/tpenergy.com.vn\/?product=sokoyo-ambo-20w\" \/>\r\n<meta property=\"og:site_name\" content=\"Thuan Phong Solar Energy\" \/>\r\n<meta property=\"article:modified_time\" content=\"2024-02-20T02:47:16+00:00\" \/>\r\n<meta property=\"og:image\" content=\"https:\/\/tpenergy.com.vn\/wp-content\/uploads\/2024\/02\/1-3.png\" \/>\r\n\t<meta property=\"og:image:width\" content=\"517\" \/>\r\n\t<meta property=\"og:image:height\" content=\"401\" \/>\r\n\t<meta property=\"og:image:type\" content=\"image\/png\" \/>\r\n<meta name=\"twitter:card\" content=\"summary_large_image\" \/>\r\n<meta name=\"twitter:label1\" content=\"\u01af\u1edbc t\u00ednh th\u1eddi gian \u0111\u1ecdc\" \/>\n\t<meta name=\"twitter:data1\" content=\"2 ph\u00fat\" \/>\r\n<script type=\"application\/ld+json\" class=\"yoast-schema-graph\">{\"@context\":\"https:\/\/schema.org\",\"@graph\":[{\"@type\":\"WebPage\",\"@id\":\"https:\/\/tpenergy.com.vn\/?product=sokoyo-ambo-20w\",\"url\":\"https:\/\/tpenergy.com.vn\/?product=sokoyo-ambo-20w\",\"name\":\"SOKOYO AMBO 30W - Thuan Phong Solar Energy\",\"isPartOf\":{\"@id\":\"https:\/\/tpenergy.com.vn\/#website\"},\"datePublished\":\"2024-02-20T02:40:00+00:00\",\"dateModified\":\"2024-02-20T02:47:16+00:00\",\"description\":\"AMBO \u2013 \u0110\u00e8n n\u0103ng l\u01b0\u1ee3ng m\u1eb7t tr\u1eddi li\u1ec1n th\u1ec3 (All in Two) v\u1edbi thi\u1ebft k\u1ebf \u0111\u01b0\u1ee3c c\u1ea5p b\u1eb1ng s\u00e1ng ch\u1ebf, s\u1edf h\u1eefu v\u1ebb ngo\u00e0i tinh t\u1ebf, c\u00f3 th\u1ec3 th\u00e1o r\u1eddi d\u1ec5 d\u00e0ng, thu\u1eadn ti\u1ec7n cho vi\u1ec7c b\u1ea3o tr\u00ec s\u1ea3n ph\u1ea9m\",\"breadcrumb\":{\"@id\":\"https:\/\/tpenergy.com.vn\/?product=sokoyo-ambo-20w#breadcrumb\"},\"inLanguage\":\"vi\",\"potentialAction\":[{\"@type\":\"ReadAction\",\"target\":[\"https:\/\/tpenergy.com.vn\/?product=sokoyo-ambo-20w\"]}]},{\"@type\":\"BreadcrumbList\",\"@id\":\"https:\/\/tpenergy.com.vn\/?product=sokoyo-ambo-20w#breadcrumb\",\"itemListElement\":[{\"@type\":\"ListItem\",\"position\":1,\"name\":\"Trang ch\u1ee7\",\"item\":\"https:\/\/tpenergy.com.vn\/\"},{\"@type\":\"ListItem\",\"position\":2,\"name\":\"Shop\",\"item\":\"https:\/\/tpenergy.com.vn\/?page_id=5\"},{\"@type\":\"ListItem\",\"position\":3,\"name\":\"\u0110\u00c8N N\u0102NG L\u01af\u1ee2NG M\u1eb6T TR\u1edcI\",\"item\":\"https:\/\/tpenergy.com.vn\/?product_cat=den-nang-luong-mat-troi\"},{\"@type\":\"ListItem\",\"position\":4,\"name\":\"SOKOYO\",\"item\":\"https:\/\/tpenergy.com.vn\/?product_cat=sokoyo\"},{\"@type\":\"ListItem\",\"position\":5,\"name\":\"SOKOYO AMBO 30W\"}]},{\"@type\":\"WebSite\",\"@id\":\"https:\/\/tpenergy.com.vn\/#website\",\"url\":\"https:\/\/tpenergy.com.vn\/\",\"name\":\"Thuan Phong Solar Energy\",\"description\":\"\",\"potentialAction\":[{\"@type\":\"SearchAction\",\"target\":{\"@type\":\"EntryPoint\",\"urlTemplate\":\"https:\/\/tpenergy.com.vn\/?s={search_term_string}\"},\"query-input\":\"required name=search_term_string\"}],\"inLanguage\":\"vi\"}]}<\/script>\r\n<!-- \/ Yoast SEO plugin. -->","yoast_head_json":{"title":"SOKOYO AMBO 30W - Thuan Phong Solar Energy","description":"AMBO \u2013 \u0110\u00e8n n\u0103ng l\u01b0\u1ee3ng m\u1eb7t tr\u1eddi li\u1ec1n th\u1ec3 (All in Two) v\u1edbi thi\u1ebft k\u1ebf \u0111\u01b0\u1ee3c c\u1ea5p b\u1eb1ng s\u00e1ng ch\u1ebf, s\u1edf h\u1eefu v\u1ebb ngo\u00e0i tinh t\u1ebf, c\u00f3 th\u1ec3 th\u00e1o r\u1eddi d\u1ec5 d\u00e0ng, thu\u1eadn ti\u1ec7n cho vi\u1ec7c b\u1ea3o tr\u00ec s\u1ea3n ph\u1ea9m","robots":{"index":"index","follow":"follow","max-snippet":"max-snippet:-1","max-image-preview":"max-image-preview:large","max-video-preview":"max-video-preview:-1"},"canonical":"https:\/\/tpenergy.com.vn\/?product=sokoyo-ambo-20w","og_locale":"vi_VN","og_type":"article","og_title":"SOKOYO AMBO 30W - Thuan Phong Solar Energy","og_description":"AMBO \u2013 \u0110\u00e8n n\u0103ng l\u01b0\u1ee3ng m\u1eb7t tr\u1eddi li\u1ec1n th\u1ec3 (All in Two) v\u1edbi thi\u1ebft k\u1ebf \u0111\u01b0\u1ee3c c\u1ea5p b\u1eb1ng s\u00e1ng ch\u1ebf, s\u1edf h\u1eefu v\u1ebb ngo\u00e0i tinh t\u1ebf, c\u00f3 th\u1ec3 th\u00e1o r\u1eddi d\u1ec5 d\u00e0ng, thu\u1eadn ti\u1ec7n cho vi\u1ec7c b\u1ea3o tr\u00ec s\u1ea3n ph\u1ea9m","og_url":"https:\/\/tpenergy.com.vn\/?product=sokoyo-ambo-20w","og_site_name":"Thuan Phong Solar Energy","article_modified_time":"2024-02-20T02:47:16+00:00","og_image":[{"width":517,"height":401,"url":"https:\/\/tpenergy.com.vn\/wp-content\/uploads\/2024\/02\/1-3.png","type":"image\/png"}],"twitter_card":"summary_large_image","twitter_misc":{"\u01af\u1edbc t\u00ednh th\u1eddi gian \u0111\u1ecdc":"2 ph\u00fat"},"schema":{"@context":"https:\/\/schema.org","@graph":[{"@type":"WebPage","@id":"https:\/\/tpenergy.com.vn\/?product=sokoyo-ambo-20w","url":"https:\/\/tpenergy.com.vn\/?product=sokoyo-ambo-20w","name":"SOKOYO AMBO 30W - Thuan Phong Solar Energy","isPartOf":{"@id":"https:\/\/tpenergy.com.vn\/#website"},"datePublished":"2024-02-20T02:40:00+00:00","dateModified":"2024-02-20T02:47:16+00:00","description":"AMBO \u2013 \u0110\u00e8n n\u0103ng l\u01b0\u1ee3ng m\u1eb7t tr\u1eddi li\u1ec1n th\u1ec3 (All in Two) v\u1edbi thi\u1ebft k\u1ebf \u0111\u01b0\u1ee3c c\u1ea5p b\u1eb1ng s\u00e1ng ch\u1ebf, s\u1edf h\u1eefu v\u1ebb ngo\u00e0i tinh t\u1ebf, c\u00f3 th\u1ec3 th\u00e1o r\u1eddi d\u1ec5 d\u00e0ng, thu\u1eadn ti\u1ec7n cho vi\u1ec7c b\u1ea3o tr\u00ec s\u1ea3n ph\u1ea9m","breadcrumb":{"@id":"https:\/\/tpenergy.com.vn\/?product=sokoyo-ambo-20w#breadcrumb"},"inLanguage":"vi","potentialAction":[{"@type":"ReadAction","target":["https:\/\/tpenergy.com.vn\/?product=sokoyo-ambo-20w"]}]},{"@type":"BreadcrumbList","@id":"https:\/\/tpenergy.com.vn\/?product=sokoyo-ambo-20w#breadcrumb","itemListElement":[{"@type":"ListItem","position":1,"name":"Trang ch\u1ee7","item":"https:\/\/tpenergy.com.vn\/"},{"@type":"ListItem","position":2,"name":"Shop","item":"https:\/\/tpenergy.com.vn\/?page_id=5"},{"@type":"ListItem","position":3,"name":"\u0110\u00c8N N\u0102NG L\u01af\u1ee2NG M\u1eb6T TR\u1edcI","item":"https:\/\/tpenergy.com.vn\/?product_cat=den-nang-luong-mat-troi"},{"@type":"ListItem","position":4,"name":"SOKOYO","item":"https:\/\/tpenergy.com.vn\/?product_cat=sokoyo"},{"@type":"ListItem","position":5,"name":"SOKOYO AMBO 30W"}]},{"@type":"WebSite","@id":"https:\/\/tpenergy.com.vn\/#website","url":"https:\/\/tpenergy.com.vn\/","name":"Thuan Phong Solar Energy","description":"","potentialAction":[{"@type":"SearchAction","target":{"@type":"EntryPoint","urlTemplate":"https:\/\/tpenergy.com.vn\/?s={search_term_string}"},"query-input":"required name=search_term_string"}],"inLanguage":"vi"}]}},"_links":{"self":[{"href":"https:\/\/tpenergy.com.vn\/index.php?rest_route=\/wp\/v2\/product\/4301"}],"collection":[{"href":"https:\/\/tpenergy.com.vn\/index.php?rest_route=\/wp\/v2\/product"}],"about":[{"href":"https:\/\/tpenergy.com.vn\/index.php?rest_route=\/wp\/v2\/types\/product"}],"replies":[{"embeddable":true,"href":"https:\/\/tpenergy.com.vn\/index.php?rest_route=%2Fwp%2Fv2%2Fcomments&post=4301"}],"wp:featuredmedia":[{"embeddable":true,"href":"https:\/\/tpenergy.com.vn\/index.php?rest_route=\/wp\/v2\/media\/4305"}],"wp:attachment":[{"href":"https:\/\/tpenergy.com.vn\/index.php?rest_route=%2Fwp%2Fv2%2Fmedia&parent=4301"}],"wp:term":[{"taxonomy":"product_cat","embeddable":true,"href":"https:\/\/tpenergy.com.vn\/index.php?rest_route=%2Fwp%2Fv2%2Fproduct_cat&post=4301"},{"taxonomy":"product_tag","embeddable":true,"href":"https:\/\/tpenergy.com.vn\/index.php?rest_route=%2Fwp%2Fv2%2Fproduct_tag&post=4301"}],"curies":[{"name":"wp","href":"https:\/\/api.w.org\/{rel}","templated":true}]}}