{"id":4281,"date":"2024-02-20T08:25:51","date_gmt":"2024-02-20T01:25:51","guid":{"rendered":"https:\/\/tpenergy.com.vn\/?post_type=product&#038;p=4281"},"modified":"2024-02-20T08:25:53","modified_gmt":"2024-02-20T01:25:53","slug":"sokoyo-conco-60w","status":"publish","type":"product","link":"https:\/\/tpenergy.com.vn\/?product=sokoyo-conco-60w","title":{"rendered":"SOKOYO CONCO 60W"},"content":{"rendered":"<h2 id=\"tongquan\" class=\"heading_h2\">TH\u00d4NG S\u1ed0 K\u1ef8 THU\u1eacT<\/h2>\n<div class=\"content\">\n<table border=\"1\">\n<tbody>\n<tr>\n<td><strong>C\u00f4ng su\u1ea5t:<\/strong>\u00a060W, 80 W, 100W, 120W, 150W<\/td>\n<td><strong>Pin Lithium LiFePo4:<\/strong>\u00a0864WH \u2013 2246WH<\/td>\n<\/tr>\n<tr>\n<td><strong>Th\u01b0\u01a1ng hi\u1ec7u:<\/strong>\u00a0SOKOYO<\/td>\n<td><strong>Tu\u1ed5i th\u1ecd LED:\u00a0<\/strong>\u00a0\u2265 50.000H<\/td>\n<\/tr>\n<tr>\n<td><strong>D\u00f2ng s\u1ea3n ph\u1ea9m:<\/strong>\u00a0Split Type<\/td>\n<td><strong>Chip LED:<\/strong>\u00a0LUMILEDS3030\/5050<\/td>\n<\/tr>\n<\/tbody>\n<\/table>\n<\/div>\n<div class=\"content specifications_datails active\">\n<div>\n<table border=\"0\" cellspacing=\"0\" cellpadding=\"0\">\n<tbody>\n<tr>\n<td colspan=\"6\" bgcolor=\"#1c91d0\"><strong>CONCO 60 \u2013 150W<\/strong><\/td>\n<\/tr>\n<tr>\n<td>M\u00e3 s\u1ea3n ph\u1ea9m<\/td>\n<td>KY-F-HX-001-C1 (32650)<\/td>\n<td>KY-F-HX-001<br \/>\n(32650)<\/td>\n<td>KY-F-HX-002<br \/>\n(32650)<\/td>\n<td>KY-F-HX-003<br \/>\n(32650)<\/td>\n<td>KY-F-HX-004<br \/>\n(32650)<\/td>\n<\/tr>\n<tr>\n<td>C\u00f4ng su\u1ea5t \u0111\u1ecbnh m\u1ee9c<\/td>\n<td>60W<\/td>\n<td>80W<\/td>\n<td>100W<\/td>\n<td>120W<\/td>\n<td>150W<\/td>\n<\/tr>\n<tr>\n<td>\u0110i\u1ec7n \u00e1p h\u1ec7 th\u1ed1ng<\/td>\n<td>DC12V<\/td>\n<td colspan=\"4\">DC24V<\/td>\n<\/tr>\n<tr>\n<td>Dung l\u01b0\u1ee3ng pin<\/td>\n<td>864WH<br \/>\n(\u0111i\u1ec7n \u00e1p khi s\u1ea1c \u0111\u1ea7y: 14.4V)<\/td>\n<td>1210WH<br \/>\n(\u0111i\u1ec7n \u00e1p khi s\u1ea1c \u0111\u1ea7y: 28.8V)<\/td>\n<td>1382WH<br \/>\n(\u0111i\u1ec7n \u00e1p khi s\u1ea1c \u0111\u1ea7y: 28.8V)<\/td>\n<td>1728WH<br \/>\n(\u0111i\u1ec7n \u00e1p khi s\u1ea1c \u0111\u1ea7y: 28.8V)<\/td>\n<td>2246WH<br \/>\n(\u0111i\u1ec7n \u00e1p khi s\u1ea1c \u0111\u1ea7y: 28.8V)<\/td>\n<\/tr>\n<tr>\n<td>T\u1ea5m pin<\/td>\n<td>18V\/120W<\/td>\n<td>36V\/180W<\/td>\n<td>36V\/240W<\/td>\n<td>36V\/240W<\/td>\n<td>36V\/360W<\/td>\n<\/tr>\n<tr>\n<td>Chip LED<\/td>\n<td colspan=\"5\">LUMILEDS3030\/5050<\/td>\n<\/tr>\n<tr>\n<td>Ki\u1ec3u ph\u00e2n b\u1ed1 \u00e1nh s\u00e1ng<\/td>\n<td colspan=\"5\">Ph\u00e2n b\u1ed1 \u00e1nh s\u00e1ng ki\u1ec3u c\u00e1nh d\u01a1i\uff08150\u00b0x75\u00b0\uff09<\/td>\n<\/tr>\n<tr>\n<td>Hi\u1ec7u su\u1ea5t Chip LED<\/td>\n<td>170LM\/W<\/td>\n<td>170LM\/W<\/td>\n<td>170LM\/W<\/td>\n<td>170LM\/W<\/td>\n<td>170LM\/W<\/td>\n<\/tr>\n<tr>\n<td>Nhi\u1ec7t \u0111\u1ed9 m\u00e0u<\/td>\n<td colspan=\"5\">3000K\/4000K\/5700K\/6500K<\/td>\n<\/tr>\n<tr>\n<td>Ch\u1ec9 s\u1ed1 ho\u00e0n m\u00e0u<\/td>\n<td colspan=\"5\">Ra\u226570<\/td>\n<\/tr>\n<tr>\n<td>C\u1ea5p b\u1ea3o v\u1ec7 IP<\/td>\n<td colspan=\"5\">IP66<\/td>\n<\/tr>\n<tr>\n<td>C\u1ea5p b\u1ea3o v\u1ec7 IK<\/td>\n<td colspan=\"5\">IK08<\/td>\n<\/tr>\n<tr>\n<td>Nhi\u1ec7t \u0111\u1ed9 ho\u1ea1t \u0111\u1ed9ng<\/td>\n<td colspan=\"5\">-40\u2103~+60\u2103<\/td>\n<\/tr>\n<tr>\n<td>Kh\u1ed1i l\u01b0\u1ee3ng<\/td>\n<td colspan=\"4\">4.6kg<\/td>\n<td>7.6kg<\/td>\n<\/tr>\n<tr>\n<td>Tu\u1ed5i th\u1ecd LED<\/td>\n<td colspan=\"5\">\u226550000H<\/td>\n<\/tr>\n<tr>\n<td>B\u1ed9 \u0111i\u1ec1u khi\u1ec3n<\/td>\n<td>PWM, 12V, 20A<\/td>\n<td colspan=\"3\">PWM, 24V, 20A<\/td>\n<td>MPPT, 24V, 15A<\/td>\n<\/tr>\n<tr>\n<td>\u0110\u01b0\u1eddng k\u00ednh tr\u1ee5 \u0111\u1ee1<\/td>\n<td colspan=\"5\">\u03c660mm<\/td>\n<\/tr>\n<tr>\n<td>Ch\u1ebf \u0111\u1ed9 s\u00e1ng v\u00e0 th\u1eddi gian ho\u1ea1t \u0111\u1ed9ng<\/td>\n<td colspan=\"5\">0.5 gi\u1edd \u0111\u1ea7u s\u00e1ng 20%; 1 gi\u1edd ti\u1ebfp theo s\u00e1ng 100%;<br \/>\n3 gi\u1edd ti\u1ebfp theo s\u00e1ng 50%; 7.5 gi\u1edd cu\u1ed1i s\u00e1ng 20%<br \/>\n(Ch\u1ebf \u0111\u1ed9 n\u00e0y c\u00f3 th\u1ec3 t\u00f9y ch\u1ec9nh th\u1eddi gian v\u00e0 \u0111\u1ed9 s\u00e1ng theo nhu c\u1ea7u ri\u00eang b\u1eb1ng b\u1ed9 \u0111i\u1ec1u khi\u1ec3n (remote))<\/td>\n<\/tr>\n<tr>\n<td>Th\u1eddi gian ho\u1ea1t \u0111\u1ed9ng \u0111\u1ed9c l\u1eadp<\/td>\n<td colspan=\"5\">3 ng\u00e0y<br \/>\n(ng\u00e0y m\u01b0a k\u00e9o d\u00e0i, ho\u00e0n to\u00e0n kh\u00f4ng c\u00f3 n\u1eafng)<\/td>\n<\/tr>\n<tr>\n<td>K\u00edch th\u01b0\u1edbc \u0111\u00e8n<\/td>\n<td colspan=\"4\">645x295x144mm<\/td>\n<td>775x320x150mm<\/td>\n<\/tr>\n<tr>\n<td>K\u00edch th\u01b0\u1edbc ki\u1ec7n h\u00e0ng<\/td>\n<td colspan=\"4\">695x350x200 (1pcs\/carton)<\/td>\n<td>830x370x210 (1pcs\/carton)<\/td>\n<\/tr>\n<tr>\n<td>Chi\u1ec1u cao l\u1eafp \u0111\u1eb7t<\/td>\n<td colspan=\"5\">8m~12m<\/td>\n<\/tr>\n<\/tbody>\n<\/table>\n<\/div>\n<\/div>\n","protected":false},"excerpt":{"rendered":"<p>SOKOYO CONCO 60W (KY-F-HX-001-C1)<br \/>\nC\u00f4ng su\u1ea5t ti\u00eau th\u1ee5 \u0111i\u1ec7n 60W<\/p>\n<p>&#8211; \u0110\u1ed9 s\u00e1ng l\u00ean \u0111\u1ebfn 10200 Lm; Mono panel 120W\/18V<\/p>\n<p>&#8211; Lithium battery 60AH\/12.8V<\/p>\n","protected":false},"featured_media":4284,"comment_status":"open","ping_status":"closed","template":"","meta":{"_eb_attr":""},"product_cat":[68],"product_tag":[289,288],"class_list":{"0":"post-4281","1":"product","2":"type-product","3":"status-publish","4":"has-post-thumbnail","6":"product_cat-sokoyo","7":"product_tag-den-duong-nang-luong-mat-troi-sokoyo-conco-60w","8":"product_tag-sokoyo-conco-60w-ky-f-hx-001-c1","9":"pa_gia-khong-lap-dat","10":"pa_gia-lap-dat","12":"first","13":"instock","14":"shipping-taxable","15":"purchasable","16":"product-type-variable"},"yoast_head":"<!-- This site is optimized with the Yoast SEO plugin v20.9 - https:\/\/yoast.com\/wordpress\/plugins\/seo\/ -->\r\n<title>SOKOYO CONCO 60W - Thuan Phong Solar Energy<\/title>\r\n<meta name=\"description\" content=\"CONCO \u2013 \u0110\u00e8n n\u0103ng l\u01b0\u1ee3ng m\u1eb7t tr\u1eddi r\u1eddi th\u1ec3 (Split Type) s\u1edf h\u1eefu v\u1ebb ngo\u00e0i tinh t\u1ebf, hi\u1ec7n \u0111\u1ea1i. Th\u00e2n \u0111\u00e8n s\u1eed d\u1ee5ng h\u1ee3p kim nh\u00f4m \u0111\u00fac ch\u1ea5t l\u01b0\u1ee3ng cao, tr\u1ecdng l\u01b0\u1ee3ng nh\u1eb9, t\u1ea3n nhi\u1ec7t t\u1ed1t. \u0110\u00e8n s\u1eed d\u1ee5ng Chip LED Lumileds 3030\/5050, hi\u1ec7u su\u1ea5t cao (\u2265170lm\/W), th\u01b0\u01a1ng hi\u1ec7u danh ti\u1ebfng Philips t\u1eeb H\u00e0 Lan. Tu\u1ed5i th\u1ecd LED h\u01a1n 50.000 gi\u1edd (\u0111\u1ed9 b\u1ec1n t\u01b0\u01a1ng \u0111\u01b0\u01a1ng 12 n\u0103m).\" \/>\r\n<meta name=\"robots\" content=\"index, follow, max-snippet:-1, max-image-preview:large, max-video-preview:-1\" \/>\r\n<link rel=\"canonical\" href=\"https:\/\/tpenergy.com.vn\/?product=sokoyo-conco-60w\" \/>\r\n<meta property=\"og:locale\" content=\"vi_VN\" \/>\r\n<meta property=\"og:type\" content=\"article\" \/>\r\n<meta property=\"og:title\" content=\"SOKOYO CONCO 60W - Thuan Phong Solar Energy\" \/>\r\n<meta property=\"og:description\" content=\"CONCO \u2013 \u0110\u00e8n n\u0103ng l\u01b0\u1ee3ng m\u1eb7t tr\u1eddi r\u1eddi th\u1ec3 (Split Type) s\u1edf h\u1eefu v\u1ebb ngo\u00e0i tinh t\u1ebf, hi\u1ec7n \u0111\u1ea1i. Th\u00e2n \u0111\u00e8n s\u1eed d\u1ee5ng h\u1ee3p kim nh\u00f4m \u0111\u00fac ch\u1ea5t l\u01b0\u1ee3ng cao, tr\u1ecdng l\u01b0\u1ee3ng nh\u1eb9, t\u1ea3n nhi\u1ec7t t\u1ed1t. \u0110\u00e8n s\u1eed d\u1ee5ng Chip LED Lumileds 3030\/5050, hi\u1ec7u su\u1ea5t cao (\u2265170lm\/W), th\u01b0\u01a1ng hi\u1ec7u danh ti\u1ebfng Philips t\u1eeb H\u00e0 Lan. Tu\u1ed5i th\u1ecd LED h\u01a1n 50.000 gi\u1edd (\u0111\u1ed9 b\u1ec1n t\u01b0\u01a1ng \u0111\u01b0\u01a1ng 12 n\u0103m).\" \/>\r\n<meta property=\"og:url\" content=\"https:\/\/tpenergy.com.vn\/?product=sokoyo-conco-60w\" \/>\r\n<meta property=\"og:site_name\" content=\"Thuan Phong Solar Energy\" \/>\r\n<meta property=\"article:modified_time\" content=\"2024-02-20T01:25:53+00:00\" \/>\r\n<meta property=\"og:image\" content=\"https:\/\/tpenergy.com.vn\/wp-content\/uploads\/2024\/02\/den-led-nang-luong-mat-troi-sokoyo-conco-60w-80w-100w-120w-150w-h2.png\" \/>\r\n\t<meta property=\"og:image:width\" content=\"517\" \/>\r\n\t<meta property=\"og:image:height\" content=\"401\" \/>\r\n\t<meta property=\"og:image:type\" content=\"image\/png\" \/>\r\n<meta name=\"twitter:card\" content=\"summary_large_image\" \/>\r\n<meta name=\"twitter:label1\" content=\"\u01af\u1edbc t\u00ednh th\u1eddi gian \u0111\u1ecdc\" \/>\n\t<meta name=\"twitter:data1\" content=\"2 ph\u00fat\" \/>\r\n<script type=\"application\/ld+json\" class=\"yoast-schema-graph\">{\"@context\":\"https:\/\/schema.org\",\"@graph\":[{\"@type\":\"WebPage\",\"@id\":\"https:\/\/tpenergy.com.vn\/?product=sokoyo-conco-60w\",\"url\":\"https:\/\/tpenergy.com.vn\/?product=sokoyo-conco-60w\",\"name\":\"SOKOYO CONCO 60W - Thuan Phong Solar Energy\",\"isPartOf\":{\"@id\":\"https:\/\/tpenergy.com.vn\/#website\"},\"datePublished\":\"2024-02-20T01:25:51+00:00\",\"dateModified\":\"2024-02-20T01:25:53+00:00\",\"description\":\"CONCO \u2013 \u0110\u00e8n n\u0103ng l\u01b0\u1ee3ng m\u1eb7t tr\u1eddi r\u1eddi th\u1ec3 (Split Type) s\u1edf h\u1eefu v\u1ebb ngo\u00e0i tinh t\u1ebf, hi\u1ec7n \u0111\u1ea1i. Th\u00e2n \u0111\u00e8n s\u1eed d\u1ee5ng h\u1ee3p kim nh\u00f4m \u0111\u00fac ch\u1ea5t l\u01b0\u1ee3ng cao, tr\u1ecdng l\u01b0\u1ee3ng nh\u1eb9, t\u1ea3n nhi\u1ec7t t\u1ed1t. \u0110\u00e8n s\u1eed d\u1ee5ng Chip LED Lumileds 3030\/5050, hi\u1ec7u su\u1ea5t cao (\u2265170lm\/W), th\u01b0\u01a1ng hi\u1ec7u danh ti\u1ebfng Philips t\u1eeb H\u00e0 Lan. Tu\u1ed5i th\u1ecd LED h\u01a1n 50.000 gi\u1edd (\u0111\u1ed9 b\u1ec1n t\u01b0\u01a1ng \u0111\u01b0\u01a1ng 12 n\u0103m).\",\"breadcrumb\":{\"@id\":\"https:\/\/tpenergy.com.vn\/?product=sokoyo-conco-60w#breadcrumb\"},\"inLanguage\":\"vi\",\"potentialAction\":[{\"@type\":\"ReadAction\",\"target\":[\"https:\/\/tpenergy.com.vn\/?product=sokoyo-conco-60w\"]}]},{\"@type\":\"BreadcrumbList\",\"@id\":\"https:\/\/tpenergy.com.vn\/?product=sokoyo-conco-60w#breadcrumb\",\"itemListElement\":[{\"@type\":\"ListItem\",\"position\":1,\"name\":\"Trang ch\u1ee7\",\"item\":\"https:\/\/tpenergy.com.vn\/\"},{\"@type\":\"ListItem\",\"position\":2,\"name\":\"Shop\",\"item\":\"https:\/\/tpenergy.com.vn\/?page_id=5\"},{\"@type\":\"ListItem\",\"position\":3,\"name\":\"\u0110\u00c8N N\u0102NG L\u01af\u1ee2NG M\u1eb6T TR\u1edcI\",\"item\":\"https:\/\/tpenergy.com.vn\/?product_cat=den-nang-luong-mat-troi\"},{\"@type\":\"ListItem\",\"position\":4,\"name\":\"SOKOYO\",\"item\":\"https:\/\/tpenergy.com.vn\/?product_cat=sokoyo\"},{\"@type\":\"ListItem\",\"position\":5,\"name\":\"SOKOYO CONCO 60W\"}]},{\"@type\":\"WebSite\",\"@id\":\"https:\/\/tpenergy.com.vn\/#website\",\"url\":\"https:\/\/tpenergy.com.vn\/\",\"name\":\"Thuan Phong Solar Energy\",\"description\":\"\",\"potentialAction\":[{\"@type\":\"SearchAction\",\"target\":{\"@type\":\"EntryPoint\",\"urlTemplate\":\"https:\/\/tpenergy.com.vn\/?s={search_term_string}\"},\"query-input\":\"required name=search_term_string\"}],\"inLanguage\":\"vi\"}]}<\/script>\r\n<!-- \/ Yoast SEO plugin. -->","yoast_head_json":{"title":"SOKOYO CONCO 60W - Thuan Phong Solar Energy","description":"CONCO \u2013 \u0110\u00e8n n\u0103ng l\u01b0\u1ee3ng m\u1eb7t tr\u1eddi r\u1eddi th\u1ec3 (Split Type) s\u1edf h\u1eefu v\u1ebb ngo\u00e0i tinh t\u1ebf, hi\u1ec7n \u0111\u1ea1i. Th\u00e2n \u0111\u00e8n s\u1eed d\u1ee5ng h\u1ee3p kim nh\u00f4m \u0111\u00fac ch\u1ea5t l\u01b0\u1ee3ng cao, tr\u1ecdng l\u01b0\u1ee3ng nh\u1eb9, t\u1ea3n nhi\u1ec7t t\u1ed1t. \u0110\u00e8n s\u1eed d\u1ee5ng Chip LED Lumileds 3030\/5050, hi\u1ec7u su\u1ea5t cao (\u2265170lm\/W), th\u01b0\u01a1ng hi\u1ec7u danh ti\u1ebfng Philips t\u1eeb H\u00e0 Lan. Tu\u1ed5i th\u1ecd LED h\u01a1n 50.000 gi\u1edd (\u0111\u1ed9 b\u1ec1n t\u01b0\u01a1ng \u0111\u01b0\u01a1ng 12 n\u0103m).","robots":{"index":"index","follow":"follow","max-snippet":"max-snippet:-1","max-image-preview":"max-image-preview:large","max-video-preview":"max-video-preview:-1"},"canonical":"https:\/\/tpenergy.com.vn\/?product=sokoyo-conco-60w","og_locale":"vi_VN","og_type":"article","og_title":"SOKOYO CONCO 60W - Thuan Phong Solar Energy","og_description":"CONCO \u2013 \u0110\u00e8n n\u0103ng l\u01b0\u1ee3ng m\u1eb7t tr\u1eddi r\u1eddi th\u1ec3 (Split Type) s\u1edf h\u1eefu v\u1ebb ngo\u00e0i tinh t\u1ebf, hi\u1ec7n \u0111\u1ea1i. Th\u00e2n \u0111\u00e8n s\u1eed d\u1ee5ng h\u1ee3p kim nh\u00f4m \u0111\u00fac ch\u1ea5t l\u01b0\u1ee3ng cao, tr\u1ecdng l\u01b0\u1ee3ng nh\u1eb9, t\u1ea3n nhi\u1ec7t t\u1ed1t. \u0110\u00e8n s\u1eed d\u1ee5ng Chip LED Lumileds 3030\/5050, hi\u1ec7u su\u1ea5t cao (\u2265170lm\/W), th\u01b0\u01a1ng hi\u1ec7u danh ti\u1ebfng Philips t\u1eeb H\u00e0 Lan. Tu\u1ed5i th\u1ecd LED h\u01a1n 50.000 gi\u1edd (\u0111\u1ed9 b\u1ec1n t\u01b0\u01a1ng \u0111\u01b0\u01a1ng 12 n\u0103m).","og_url":"https:\/\/tpenergy.com.vn\/?product=sokoyo-conco-60w","og_site_name":"Thuan Phong Solar Energy","article_modified_time":"2024-02-20T01:25:53+00:00","og_image":[{"width":517,"height":401,"url":"https:\/\/tpenergy.com.vn\/wp-content\/uploads\/2024\/02\/den-led-nang-luong-mat-troi-sokoyo-conco-60w-80w-100w-120w-150w-h2.png","type":"image\/png"}],"twitter_card":"summary_large_image","twitter_misc":{"\u01af\u1edbc t\u00ednh th\u1eddi gian \u0111\u1ecdc":"2 ph\u00fat"},"schema":{"@context":"https:\/\/schema.org","@graph":[{"@type":"WebPage","@id":"https:\/\/tpenergy.com.vn\/?product=sokoyo-conco-60w","url":"https:\/\/tpenergy.com.vn\/?product=sokoyo-conco-60w","name":"SOKOYO CONCO 60W - Thuan Phong Solar Energy","isPartOf":{"@id":"https:\/\/tpenergy.com.vn\/#website"},"datePublished":"2024-02-20T01:25:51+00:00","dateModified":"2024-02-20T01:25:53+00:00","description":"CONCO \u2013 \u0110\u00e8n n\u0103ng l\u01b0\u1ee3ng m\u1eb7t tr\u1eddi r\u1eddi th\u1ec3 (Split Type) s\u1edf h\u1eefu v\u1ebb ngo\u00e0i tinh t\u1ebf, hi\u1ec7n \u0111\u1ea1i. Th\u00e2n \u0111\u00e8n s\u1eed d\u1ee5ng h\u1ee3p kim nh\u00f4m \u0111\u00fac ch\u1ea5t l\u01b0\u1ee3ng cao, tr\u1ecdng l\u01b0\u1ee3ng nh\u1eb9, t\u1ea3n nhi\u1ec7t t\u1ed1t. \u0110\u00e8n s\u1eed d\u1ee5ng Chip LED Lumileds 3030\/5050, hi\u1ec7u su\u1ea5t cao (\u2265170lm\/W), th\u01b0\u01a1ng hi\u1ec7u danh ti\u1ebfng Philips t\u1eeb H\u00e0 Lan. Tu\u1ed5i th\u1ecd LED h\u01a1n 50.000 gi\u1edd (\u0111\u1ed9 b\u1ec1n t\u01b0\u01a1ng \u0111\u01b0\u01a1ng 12 n\u0103m).","breadcrumb":{"@id":"https:\/\/tpenergy.com.vn\/?product=sokoyo-conco-60w#breadcrumb"},"inLanguage":"vi","potentialAction":[{"@type":"ReadAction","target":["https:\/\/tpenergy.com.vn\/?product=sokoyo-conco-60w"]}]},{"@type":"BreadcrumbList","@id":"https:\/\/tpenergy.com.vn\/?product=sokoyo-conco-60w#breadcrumb","itemListElement":[{"@type":"ListItem","position":1,"name":"Trang ch\u1ee7","item":"https:\/\/tpenergy.com.vn\/"},{"@type":"ListItem","position":2,"name":"Shop","item":"https:\/\/tpenergy.com.vn\/?page_id=5"},{"@type":"ListItem","position":3,"name":"\u0110\u00c8N N\u0102NG L\u01af\u1ee2NG M\u1eb6T TR\u1edcI","item":"https:\/\/tpenergy.com.vn\/?product_cat=den-nang-luong-mat-troi"},{"@type":"ListItem","position":4,"name":"SOKOYO","item":"https:\/\/tpenergy.com.vn\/?product_cat=sokoyo"},{"@type":"ListItem","position":5,"name":"SOKOYO CONCO 60W"}]},{"@type":"WebSite","@id":"https:\/\/tpenergy.com.vn\/#website","url":"https:\/\/tpenergy.com.vn\/","name":"Thuan Phong Solar Energy","description":"","potentialAction":[{"@type":"SearchAction","target":{"@type":"EntryPoint","urlTemplate":"https:\/\/tpenergy.com.vn\/?s={search_term_string}"},"query-input":"required name=search_term_string"}],"inLanguage":"vi"}]}},"_links":{"self":[{"href":"https:\/\/tpenergy.com.vn\/index.php?rest_route=\/wp\/v2\/product\/4281"}],"collection":[{"href":"https:\/\/tpenergy.com.vn\/index.php?rest_route=\/wp\/v2\/product"}],"about":[{"href":"https:\/\/tpenergy.com.vn\/index.php?rest_route=\/wp\/v2\/types\/product"}],"replies":[{"embeddable":true,"href":"https:\/\/tpenergy.com.vn\/index.php?rest_route=%2Fwp%2Fv2%2Fcomments&post=4281"}],"wp:featuredmedia":[{"embeddable":true,"href":"https:\/\/tpenergy.com.vn\/index.php?rest_route=\/wp\/v2\/media\/4284"}],"wp:attachment":[{"href":"https:\/\/tpenergy.com.vn\/index.php?rest_route=%2Fwp%2Fv2%2Fmedia&parent=4281"}],"wp:term":[{"taxonomy":"product_cat","embeddable":true,"href":"https:\/\/tpenergy.com.vn\/index.php?rest_route=%2Fwp%2Fv2%2Fproduct_cat&post=4281"},{"taxonomy":"product_tag","embeddable":true,"href":"https:\/\/tpenergy.com.vn\/index.php?rest_route=%2Fwp%2Fv2%2Fproduct_tag&post=4281"}],"curies":[{"name":"wp","href":"https:\/\/api.w.org\/{rel}","templated":true}]}}