{"id":4274,"date":"2024-02-19T16:07:49","date_gmt":"2024-02-19T09:07:49","guid":{"rendered":"https:\/\/tpenergy.com.vn\/?post_type=product&#038;p=4274"},"modified":"2024-05-13T11:08:55","modified_gmt":"2024-05-13T04:08:55","slug":"sokoyo-coolex-120w","status":"publish","type":"product","link":"https:\/\/tpenergy.com.vn\/?product=sokoyo-coolex-120w","title":{"rendered":"\u0110\u00e8n n\u0103ng l\u01b0\u1ee3ng m\u1eb7t tr\u1eddi Sokoyo Coolex 120W"},"content":{"rendered":"<p><!--more-->\u0110\u00e8n n\u0103ng l\u01b0\u1ee3ng m\u1eb7t tr\u1eddi Sokoyo Coolex 120W<\/p>\n<h3 id=\"tongquan\" class=\"heading_h2\">TH\u00d4NG S\u1ed0 K\u1ef8 THU\u1eacT:<\/h3>\n<div class=\"content\">\n<table border=\"1\">\n<tbody>\n<tr>\n<td><strong>C\u00f4ng su\u1ea5t:<\/strong>\u00a060W, 80W, 100W, 120W<\/td>\n<td><strong>Pin Lithium LiFePo4:<\/strong>\u00a0691WH \u2013 1382WH<\/td>\n<\/tr>\n<tr>\n<td><strong>Th\u01b0\u01a1ng hi\u1ec7u:<\/strong>\u00a0SOKOYO<\/td>\n<td><strong>T\u1ea5m pin NLMT:\u00a0<\/strong>\u00a0Mono Panel 18V\/120W \u2013 36V\/240W<\/td>\n<\/tr>\n<tr>\n<td><strong>D\u00f2ng s\u1ea3n ph\u1ea9m:<\/strong>\u00a0All in One<\/td>\n<td><strong>Chip LED:<\/strong>\u00a0LUMILEDS3030<\/td>\n<\/tr>\n<\/tbody>\n<\/table>\n<p><strong>\u01afU \u0110I\u1ec2M V\u01af\u1ee2T TR\u1ed8I C\u1ee6A S\u1ea2N PH\u1ea8M<\/strong><\/p>\n<table>\n<tbody>\n<tr>\n<td><img loading=\"lazy\" decoding=\"async\" class=\"aligncenter size-full wp-image-14043\" src=\"https:\/\/datsolar.com\/wp-content\/uploads\/2021\/08\/icon-den-nlmt-1.png\" alt=\"icon-den-nlmt-1\" width=\"35\" height=\"35\" \/><\/td>\n<td>S\u1eed d\u1ee5ng Chip LED Philips Lumileds 3030, hi\u1ec7u su\u1ea5t cao 170lm\/W, th\u01b0\u01a1ng hi\u1ec7u danh ti\u1ebfng Philips t\u1eeb H\u00e0 Lan. Tu\u1ed5i th\u1ecd LED &gt; 50.000H (\u0111\u1ed9 b\u1ec1n t\u01b0\u01a1ng \u0111\u01b0\u01a1ng 12 n\u0103m)<\/td>\n<\/tr>\n<tr>\n<td><img loading=\"lazy\" decoding=\"async\" class=\"aligncenter size-full wp-image-14048\" src=\"https:\/\/datsolar.com\/wp-content\/uploads\/2021\/08\/icon-den-nlmt-2.png\" alt=\"icon-den-nlmt-2\" width=\"35\" height=\"35\" \/><\/td>\n<td>Pin l\u01b0u tr\u1eef Lithium LiFePo4 dung l\u01b0\u1ee3ng l\u1edbn v\u00e0 tu\u1ed5i th\u1ecd l\u00ean \u0111\u1ebfn 8 n\u0103m<\/td>\n<\/tr>\n<tr>\n<td><img loading=\"lazy\" decoding=\"async\" class=\"aligncenter size-full wp-image-14050\" src=\"https:\/\/datsolar.com\/wp-content\/uploads\/2021\/08\/icon-den-nlmt-3.png\" alt=\"icon-den-nlmt-3\" width=\"35\" height=\"35\" \/><\/td>\n<td>T\u1ea5m pin n\u0103ng l\u01b0\u1ee3ng m\u1eb7t tr\u1eddi lo\u1ea1i mono, hi\u1ec7u su\u1ea5t cao, \u0111\u1ed9 b\u1ec1n tr\u00ean 25 n\u0103m<\/td>\n<\/tr>\n<tr>\n<td><img loading=\"lazy\" decoding=\"async\" class=\"aligncenter size-full wp-image-14052\" src=\"https:\/\/datsolar.com\/wp-content\/uploads\/2021\/08\/icon-den-nlmt-4.png\" alt=\"icon-den-nlmt-4\" width=\"35\" height=\"35\" \/><\/td>\n<td>B\u1ed9 \u0111i\u1ec1u khi\u1ec3n th\u00f4ng minh: ch\u1ee9c n\u0103ng gi\u00e1m s\u00e1t ho\u1ea1t \u0111\u1ed9ng c\u1ee7a \u0111\u00e8n, k\u00e9o d\u00e0i tu\u1ed5i th\u1ecd c\u1ee7a \u0111\u00e8n. Gi\u00fap \u0111\u00e8n t\u1ef1 s\u00e1ng khi tr\u1eddi t\u1ed1i, t\u1eaft khi tr\u1eddi s\u00e1ng<\/td>\n<\/tr>\n<tr>\n<td><img loading=\"lazy\" decoding=\"async\" class=\"aligncenter size-full wp-image-14054\" src=\"https:\/\/datsolar.com\/wp-content\/uploads\/2021\/08\/icon-den-nlmt-5.png\" alt=\"icon-den-nlmt-5\" width=\"35\" height=\"35\" \/><\/td>\n<td>C\u1ea5p \u0111\u1ed9 b\u1ea3o v\u1ec7 IP65 v\u00e0 IK08 gi\u00fap \u0111\u00e8n c\u00f3 th\u1ec3 l\u00e0m vi\u1ec7c t\u1ed1t \u1edf nhi\u1ec7t \u0111\u1ed9 cao, m\u01b0a d\u00e0i ng\u00e0y v\u00e0 nhi\u1ec1u b\u1ee5i b\u1ea9n<\/td>\n<\/tr>\n<tr>\n<td><img loading=\"lazy\" decoding=\"async\" class=\"aligncenter size-full wp-image-14056\" src=\"https:\/\/datsolar.com\/wp-content\/uploads\/2021\/08\/icon-den-nlmt-6.png\" alt=\"icon-den-nlmt-6\" width=\"35\" height=\"35\" \/><\/td>\n<td>C\u1ea3m bi\u1ebfn chuy\u1ec3n \u0111\u1ed9ng Microwave gi\u00fap nh\u1eadn bi\u1ebft chuy\u1ec3n \u0111\u1ed9ng nhanh, chuy\u1ec3n ch\u1ebf \u0111\u1ed9 s\u00e1ng t\u1ee9c th\u00ec<\/td>\n<\/tr>\n<\/tbody>\n<\/table>\n<p><strong>Ngo\u00e0i ra:<\/strong><\/p>\n<ul>\n<li>\u0110\u00e8n c\u00f3 th\u1ec3 \u0111i\u1ec1u ch\u1ec9nh g\u00f3c nghi\u00eang theo v\u1ecb tr\u00ed l\u1eafp \u0111\u1eb7t th\u1ef1c t\u1ebf. Thi\u1ebft k\u1ebf d\u1ea1ng module gi\u00fap d\u1ec5 d\u00e0ng b\u1ea3o tr\u00ec<\/li>\n<li>Ki\u1ec3u ph\u00e2n b\u1ed1 \u00e1nh s\u00e1ng: Ch\u00f3a \u0111\u00e8n lo\u1ea1i c\u00e1nh d\u01a1i, g\u00f3c chi\u1ebfu s\u00e1ng r\u1ed9ng (150\u00b0 x 75\u00b0), \u0111\u1ed9 \u0111\u1ed3ng \u0111\u1ec1u \u00e1nh s\u00e1ng t\u1ed1t<\/li>\n<li>S\u1ea3n ph\u1ea9m \u0111\u1ea1t ch\u1ee9ng ch\u1ec9: CE, IEC, RoHS\u2026<\/li>\n<\/ul>\n<p><strong>AN T\u00c2M KHI S\u1eec D\u1ee4NG C\u00c1C S\u1ea2N PH\u1ea8M <a href=\"https:\/\/tpenergy.com.vn\/?product_cat=sokoyo\">\u0110\u00c8N N\u0102NG L\u01af\u1ee2NG M\u1eb6T TR\u1edcI SOKOYO<\/a><\/strong><\/p>\n<ul>\n<li>Sokoyo th\u00e0nh l\u1eadp t\u1eeb n\u0103m 2008, n\u1eb1m trong\u00a0top 10 v\u1ec1 s\u1ea3n ph\u1ea9m \u0111\u00e8n n\u0103ng l\u01b0\u1ee3ng m\u1eb7t tr\u1eddi tr\u00ean to\u00e0n c\u1ea7u.<\/li>\n<li>Nh\u00e0 s\u1ea3n xu\u1ea5t chuy\u00ean nghi\u1ec7p v\u1ec1 \u0111\u00e8n \u0111\u01b0\u1eddng n\u0103ng l\u01b0\u1ee3ng m\u1eb7t tr\u1eddi v\u1edbi di\u1ec7n t\u00edch nh\u00e0 m\u00e1y h\u01a1n 80.000m2, c\u00f3 th\u1ec3 \u0111\u00e1p \u1ee9ng c\u00f4ng su\u1ea5t h\u1eb1ng n\u0103m h\u01a1n 250.000 b\u1ed9 cho th\u1ecb tr\u01b0\u1eddng.<\/li>\n<li>Ph\u00f2ng th\u00ed nghi\u1ec7m, ki\u1ec3m tra s\u1ea3n ph\u1ea9m hi\u1ec7n \u0111\u1ea1i theo ti\u00eau chu\u1ea9n qu\u1ed1c t\u1ebf c\u00f3 di\u1ec7n t\u00edch tr\u00ean 1.000m2 v\u1edbi \u0111\u1ea7y \u0111\u1ee7 c\u00e1c thi\u1ebft b\u1ecb nh\u01b0 m\u00e1y \u0111o quang h\u1ecdc, \u0111o c\u1ea5p \u0111\u1ed9 b\u1ea3o v\u1ec7 IP, m\u00e1y ki\u1ec3m tra nhi\u1ec7t \u0111\u1ed9, m\u00f4 ph\u1ecfng m\u00f4i tr\u01b0\u1eddng kh\u1eafc nghi\u1ec7t \u0111\u1ea3m b\u1ea3o an to\u00e0n v\u1ec1 \u0111i\u1ec7n, quang h\u1ecdc, c\u0169ng nh\u01b0 hi\u1ec7u su\u1ea5t v\u1eadt l\u00fd c\u1ee7a t\u1eebng s\u1ea3n ph\u1ea9m.<\/li>\n<li>S\u1ea3n ph\u1ea9m \u0111\u1ea1t ti\u00eau chu\u1ea9n qu\u1ed1c t\u1ebf nh\u01b0: CE, RoHS, TUV, IEC, CQC, Golden Sun, CB\u2026 mang \u0111\u1ebfn ch\u1ea5t l\u01b0\u1ee3ng v\u00e0 hi\u1ec7u qu\u1ea3 t\u1ed1t nh\u1ea5t, c\u00f9ng s\u1ef1 an t\u00e2m, h\u00e0i l\u00f2ng cho kh\u00e1ch h\u00e0ng.<\/li>\n<\/ul>\n<\/div>\n<div class=\"content specifications_datails active\">\n<div>\n<div dir=\"auto\">\n<div dir=\"auto\"><span class=\"x3nfvp2 x1j61x8r x1fcty0u xdj266r xhhsvwb xat24cr xgzva0m xxymvpz xlup9mm x1kky2od\"><img loading=\"lazy\" decoding=\"async\" class=\"xz74otr\" src=\"https:\/\/static.xx.fbcdn.net\/images\/emoji.php\/v9\/td8\/1\/16\/1f4f2.png\" alt=\"\ud83d\udcf2\" width=\"16\" height=\"16\" \/><\/span>N\u1ebfu b\u1ea1n \u0111ang th\u1eafc m\u1eafc v\u1ec1 s\u1ea3n ph\u1ea9m, li\u00ean h\u1ec7 ngay <a href=\"https:\/\/www.facebook.com\/DienMatTroi.SolarQuangBinh\">Thu\u1eadn Phong<\/a> qua <span style=\"color: #f99b1c;\"><strong>hotline 0869 564 567<\/strong><\/span> \u0111\u1ec3 \u0111\u01b0\u1ee3c t\u01b0 v\u1ea5n!<\/div>\n<\/div>\n<\/div>\n<\/div>\n","protected":false},"excerpt":{"rendered":"<p>SOKOYO COOLEX 120W (KY-Y-YJ-003)<\/p>\n<ul>\n<li>C\u00f4ng su\u1ea5t ti\u00eau th\u1ee5 \u0111i\u1ec7n 120W<\/li>\n<li>\u0110\u1ed9 s\u00e1ng l\u00ean \u0111\u1ebfn 24000 Lm; Mono panel 240W\/36V<\/li>\n<li>Lithium battery 80AH\/25.6V;<\/li>\n<li>C\u00f3 t\u00edch h\u1ee3p c\u1ea3m bi\u1ebfn;<\/li>\n<li>Tr\u1ecdn b\u1ed9 s\u1ea3n ph\u1ea9m \u0111\u01b0\u1ee3c t\u00edch h\u1ee3p trong \u0111\u00e8n.<\/li>\n<\/ul>\n","protected":false},"featured_media":4275,"comment_status":"open","ping_status":"closed","template":"","meta":{"_eb_attr":""},"product_cat":[68],"product_tag":[286,287],"class_list":{"0":"post-4274","1":"product","2":"type-product","3":"status-publish","4":"has-post-thumbnail","6":"product_cat-sokoyo","7":"product_tag-den-duong-nang-luong-mat-troi-sokoyo-coolex-120w","8":"product_tag-sokoyo-coolex-120w-ky-y-yj-003","9":"pa_gia-khong-lap-dat","10":"pa_gia-lap-dat","12":"first","13":"instock","14":"shipping-taxable","15":"purchasable","16":"product-type-variable"},"yoast_head":"<!-- This site is optimized with the Yoast SEO plugin v20.9 - https:\/\/yoast.com\/wordpress\/plugins\/seo\/ -->\r\n<title>\u0110\u00e8n n\u0103ng l\u01b0\u1ee3ng m\u1eb7t tr\u1eddi Sokoyo Coolex 120W - Thuan Phong Solar Energy<\/title>\r\n<meta name=\"description\" content=\"\u0110\u00e8n n\u0103ng l\u01b0\u1ee3ng m\u1eb7t tr\u1eddi Sokoyo Coolex 120W d\u00f9ng \u0111\u1ec3 Chi\u1ebfu s\u00e1ng \u0111\u01b0\u1eddng giao th\u00f4ng \u0111\u00f4 th\u1ecb, giao th\u00f4ng n\u00f4ng th\u00f4n, chi\u1ebfu s\u00e1ng khu\u00f4n vi\u00ean nh\u00e0 m\u00e1y s\u1ea3n xu\u1ea5t,....\" \/>\r\n<meta name=\"robots\" content=\"index, follow, max-snippet:-1, max-image-preview:large, max-video-preview:-1\" \/>\r\n<link rel=\"canonical\" href=\"https:\/\/tpenergy.com.vn\/?product=sokoyo-coolex-120w\" \/>\r\n<meta property=\"og:locale\" content=\"vi_VN\" \/>\r\n<meta property=\"og:type\" content=\"article\" \/>\r\n<meta property=\"og:title\" content=\"\u0110\u00e8n n\u0103ng l\u01b0\u1ee3ng m\u1eb7t tr\u1eddi Sokoyo Coolex 120W - Thuan Phong Solar Energy\" \/>\r\n<meta property=\"og:description\" content=\"\u0110\u00e8n n\u0103ng l\u01b0\u1ee3ng m\u1eb7t tr\u1eddi Sokoyo Coolex 120W d\u00f9ng \u0111\u1ec3 Chi\u1ebfu s\u00e1ng \u0111\u01b0\u1eddng giao th\u00f4ng \u0111\u00f4 th\u1ecb, giao th\u00f4ng n\u00f4ng th\u00f4n, chi\u1ebfu s\u00e1ng khu\u00f4n vi\u00ean nh\u00e0 m\u00e1y s\u1ea3n xu\u1ea5t,....\" \/>\r\n<meta property=\"og:url\" content=\"https:\/\/tpenergy.com.vn\/?product=sokoyo-coolex-120w\" \/>\r\n<meta property=\"og:site_name\" content=\"Thuan Phong Solar Energy\" \/>\r\n<meta property=\"article:modified_time\" content=\"2024-05-13T04:08:55+00:00\" \/>\r\n<meta property=\"og:image\" content=\"https:\/\/tpenergy.com.vn\/wp-content\/uploads\/2024\/02\/11.png\" \/>\r\n\t<meta property=\"og:image:width\" content=\"517\" \/>\r\n\t<meta property=\"og:image:height\" content=\"401\" \/>\r\n\t<meta property=\"og:image:type\" content=\"image\/png\" \/>\r\n<meta name=\"twitter:card\" content=\"summary_large_image\" \/>\r\n<meta name=\"twitter:label1\" content=\"\u01af\u1edbc t\u00ednh th\u1eddi gian \u0111\u1ecdc\" \/>\n\t<meta name=\"twitter:data1\" content=\"5 ph\u00fat\" \/>\r\n<script type=\"application\/ld+json\" class=\"yoast-schema-graph\">{\"@context\":\"https:\/\/schema.org\",\"@graph\":[{\"@type\":\"WebPage\",\"@id\":\"https:\/\/tpenergy.com.vn\/?product=sokoyo-coolex-120w\",\"url\":\"https:\/\/tpenergy.com.vn\/?product=sokoyo-coolex-120w\",\"name\":\"\u0110\u00e8n n\u0103ng l\u01b0\u1ee3ng m\u1eb7t tr\u1eddi Sokoyo Coolex 120W - Thuan Phong Solar Energy\",\"isPartOf\":{\"@id\":\"https:\/\/tpenergy.com.vn\/#website\"},\"datePublished\":\"2024-02-19T09:07:49+00:00\",\"dateModified\":\"2024-05-13T04:08:55+00:00\",\"description\":\"\u0110\u00e8n n\u0103ng l\u01b0\u1ee3ng m\u1eb7t tr\u1eddi Sokoyo Coolex 120W d\u00f9ng \u0111\u1ec3 Chi\u1ebfu s\u00e1ng \u0111\u01b0\u1eddng giao th\u00f4ng \u0111\u00f4 th\u1ecb, giao th\u00f4ng n\u00f4ng th\u00f4n, chi\u1ebfu s\u00e1ng khu\u00f4n vi\u00ean nh\u00e0 m\u00e1y s\u1ea3n xu\u1ea5t,....\",\"breadcrumb\":{\"@id\":\"https:\/\/tpenergy.com.vn\/?product=sokoyo-coolex-120w#breadcrumb\"},\"inLanguage\":\"vi\",\"potentialAction\":[{\"@type\":\"ReadAction\",\"target\":[\"https:\/\/tpenergy.com.vn\/?product=sokoyo-coolex-120w\"]}]},{\"@type\":\"BreadcrumbList\",\"@id\":\"https:\/\/tpenergy.com.vn\/?product=sokoyo-coolex-120w#breadcrumb\",\"itemListElement\":[{\"@type\":\"ListItem\",\"position\":1,\"name\":\"Trang ch\u1ee7\",\"item\":\"https:\/\/tpenergy.com.vn\/\"},{\"@type\":\"ListItem\",\"position\":2,\"name\":\"Shop\",\"item\":\"https:\/\/tpenergy.com.vn\/?page_id=5\"},{\"@type\":\"ListItem\",\"position\":3,\"name\":\"\u0110\u00c8N N\u0102NG L\u01af\u1ee2NG M\u1eb6T TR\u1edcI\",\"item\":\"https:\/\/tpenergy.com.vn\/?product_cat=den-nang-luong-mat-troi\"},{\"@type\":\"ListItem\",\"position\":4,\"name\":\"SOKOYO\",\"item\":\"https:\/\/tpenergy.com.vn\/?product_cat=sokoyo\"},{\"@type\":\"ListItem\",\"position\":5,\"name\":\"\u0110\u00e8n n\u0103ng l\u01b0\u1ee3ng m\u1eb7t tr\u1eddi Sokoyo Coolex 120W\"}]},{\"@type\":\"WebSite\",\"@id\":\"https:\/\/tpenergy.com.vn\/#website\",\"url\":\"https:\/\/tpenergy.com.vn\/\",\"name\":\"Thuan Phong Solar Energy\",\"description\":\"\",\"potentialAction\":[{\"@type\":\"SearchAction\",\"target\":{\"@type\":\"EntryPoint\",\"urlTemplate\":\"https:\/\/tpenergy.com.vn\/?s={search_term_string}\"},\"query-input\":\"required name=search_term_string\"}],\"inLanguage\":\"vi\"}]}<\/script>\r\n<!-- \/ Yoast SEO plugin. -->","yoast_head_json":{"title":"\u0110\u00e8n n\u0103ng l\u01b0\u1ee3ng m\u1eb7t tr\u1eddi Sokoyo Coolex 120W - Thuan Phong Solar Energy","description":"\u0110\u00e8n n\u0103ng l\u01b0\u1ee3ng m\u1eb7t tr\u1eddi Sokoyo Coolex 120W d\u00f9ng \u0111\u1ec3 Chi\u1ebfu s\u00e1ng \u0111\u01b0\u1eddng giao th\u00f4ng \u0111\u00f4 th\u1ecb, giao th\u00f4ng n\u00f4ng th\u00f4n, chi\u1ebfu s\u00e1ng khu\u00f4n vi\u00ean nh\u00e0 m\u00e1y s\u1ea3n xu\u1ea5t,....","robots":{"index":"index","follow":"follow","max-snippet":"max-snippet:-1","max-image-preview":"max-image-preview:large","max-video-preview":"max-video-preview:-1"},"canonical":"https:\/\/tpenergy.com.vn\/?product=sokoyo-coolex-120w","og_locale":"vi_VN","og_type":"article","og_title":"\u0110\u00e8n n\u0103ng l\u01b0\u1ee3ng m\u1eb7t tr\u1eddi Sokoyo Coolex 120W - Thuan Phong Solar Energy","og_description":"\u0110\u00e8n n\u0103ng l\u01b0\u1ee3ng m\u1eb7t tr\u1eddi Sokoyo Coolex 120W d\u00f9ng \u0111\u1ec3 Chi\u1ebfu s\u00e1ng \u0111\u01b0\u1eddng giao th\u00f4ng \u0111\u00f4 th\u1ecb, giao th\u00f4ng n\u00f4ng th\u00f4n, chi\u1ebfu s\u00e1ng khu\u00f4n vi\u00ean nh\u00e0 m\u00e1y s\u1ea3n xu\u1ea5t,....","og_url":"https:\/\/tpenergy.com.vn\/?product=sokoyo-coolex-120w","og_site_name":"Thuan Phong Solar Energy","article_modified_time":"2024-05-13T04:08:55+00:00","og_image":[{"width":517,"height":401,"url":"https:\/\/tpenergy.com.vn\/wp-content\/uploads\/2024\/02\/11.png","type":"image\/png"}],"twitter_card":"summary_large_image","twitter_misc":{"\u01af\u1edbc t\u00ednh th\u1eddi gian \u0111\u1ecdc":"5 ph\u00fat"},"schema":{"@context":"https:\/\/schema.org","@graph":[{"@type":"WebPage","@id":"https:\/\/tpenergy.com.vn\/?product=sokoyo-coolex-120w","url":"https:\/\/tpenergy.com.vn\/?product=sokoyo-coolex-120w","name":"\u0110\u00e8n n\u0103ng l\u01b0\u1ee3ng m\u1eb7t tr\u1eddi Sokoyo Coolex 120W - Thuan Phong Solar Energy","isPartOf":{"@id":"https:\/\/tpenergy.com.vn\/#website"},"datePublished":"2024-02-19T09:07:49+00:00","dateModified":"2024-05-13T04:08:55+00:00","description":"\u0110\u00e8n n\u0103ng l\u01b0\u1ee3ng m\u1eb7t tr\u1eddi Sokoyo Coolex 120W d\u00f9ng \u0111\u1ec3 Chi\u1ebfu s\u00e1ng \u0111\u01b0\u1eddng giao th\u00f4ng \u0111\u00f4 th\u1ecb, giao th\u00f4ng n\u00f4ng th\u00f4n, chi\u1ebfu s\u00e1ng khu\u00f4n vi\u00ean nh\u00e0 m\u00e1y s\u1ea3n xu\u1ea5t,....","breadcrumb":{"@id":"https:\/\/tpenergy.com.vn\/?product=sokoyo-coolex-120w#breadcrumb"},"inLanguage":"vi","potentialAction":[{"@type":"ReadAction","target":["https:\/\/tpenergy.com.vn\/?product=sokoyo-coolex-120w"]}]},{"@type":"BreadcrumbList","@id":"https:\/\/tpenergy.com.vn\/?product=sokoyo-coolex-120w#breadcrumb","itemListElement":[{"@type":"ListItem","position":1,"name":"Trang ch\u1ee7","item":"https:\/\/tpenergy.com.vn\/"},{"@type":"ListItem","position":2,"name":"Shop","item":"https:\/\/tpenergy.com.vn\/?page_id=5"},{"@type":"ListItem","position":3,"name":"\u0110\u00c8N N\u0102NG L\u01af\u1ee2NG M\u1eb6T TR\u1edcI","item":"https:\/\/tpenergy.com.vn\/?product_cat=den-nang-luong-mat-troi"},{"@type":"ListItem","position":4,"name":"SOKOYO","item":"https:\/\/tpenergy.com.vn\/?product_cat=sokoyo"},{"@type":"ListItem","position":5,"name":"\u0110\u00e8n n\u0103ng l\u01b0\u1ee3ng m\u1eb7t tr\u1eddi Sokoyo Coolex 120W"}]},{"@type":"WebSite","@id":"https:\/\/tpenergy.com.vn\/#website","url":"https:\/\/tpenergy.com.vn\/","name":"Thuan Phong Solar Energy","description":"","potentialAction":[{"@type":"SearchAction","target":{"@type":"EntryPoint","urlTemplate":"https:\/\/tpenergy.com.vn\/?s={search_term_string}"},"query-input":"required name=search_term_string"}],"inLanguage":"vi"}]}},"_links":{"self":[{"href":"https:\/\/tpenergy.com.vn\/index.php?rest_route=\/wp\/v2\/product\/4274"}],"collection":[{"href":"https:\/\/tpenergy.com.vn\/index.php?rest_route=\/wp\/v2\/product"}],"about":[{"href":"https:\/\/tpenergy.com.vn\/index.php?rest_route=\/wp\/v2\/types\/product"}],"replies":[{"embeddable":true,"href":"https:\/\/tpenergy.com.vn\/index.php?rest_route=%2Fwp%2Fv2%2Fcomments&post=4274"}],"wp:featuredmedia":[{"embeddable":true,"href":"https:\/\/tpenergy.com.vn\/index.php?rest_route=\/wp\/v2\/media\/4275"}],"wp:attachment":[{"href":"https:\/\/tpenergy.com.vn\/index.php?rest_route=%2Fwp%2Fv2%2Fmedia&parent=4274"}],"wp:term":[{"taxonomy":"product_cat","embeddable":true,"href":"https:\/\/tpenergy.com.vn\/index.php?rest_route=%2Fwp%2Fv2%2Fproduct_cat&post=4274"},{"taxonomy":"product_tag","embeddable":true,"href":"https:\/\/tpenergy.com.vn\/index.php?rest_route=%2Fwp%2Fv2%2Fproduct_tag&post=4274"}],"curies":[{"name":"wp","href":"https:\/\/api.w.org\/{rel}","templated":true}]}}