{"id":4232,"date":"2024-02-19T13:42:24","date_gmt":"2024-02-19T06:42:24","guid":{"rendered":"https:\/\/tpenergy.com.vn\/?post_type=product&#038;p=4232"},"modified":"2024-07-20T14:05:09","modified_gmt":"2024-07-20T07:05:09","slug":"den-pha-nang-luong-mat-troi-gelta-fza300","status":"publish","type":"product","link":"https:\/\/tpenergy.com.vn\/?product=den-pha-nang-luong-mat-troi-gelta-fza300","title":{"rendered":"\u0110\u00e8n Pha N\u0103ng L\u01b0\u1ee3ng M\u1eb7t Tr\u1eddi Gelta \u2013 FZA300"},"content":{"rendered":"<p>N\u1ebfu b\u1ea1n \u0111ang t\u00ecm ki\u1ebfm m\u1ed9t m\u1eabu\u00a0\u0111\u00e8n pha n\u0103ng l\u01b0\u1ee3ng m\u1eb7t tr\u1eddi FZA300\u00a0chi\u1ebfu s\u00e1ng \u0111a v\u1ecb tr\u00ed cho gia \u0111\u00ecnh v\u1eeba ti\u1ebft ki\u1ec7m \u0111i\u1ec7n n\u0103ng, v\u1eeba c\u00f3 thi\u1ebft k\u1ebf th\u1ea9m m\u1ef9 v\u00e0 cung c\u1ea5p \u0111\u1ed9 s\u00e1ng cao.\u00a0<strong>\u0110\u00e8n pha n\u0103ng l\u01b0\u1ee3ng m\u1eb7t tr\u1eddi Gelta \u2013 FZA300<\/strong>\u00a0s\u1ebd l\u00e0 s\u1ef1 l\u1ef1a ch\u1ecdn ho\u00e0n h\u1ea3o cho b\u1ea1n. \u0110\u1ec3 bi\u1ebft th\u00f4ng tin chi ti\u1ebft v\u1ec1 s\u1ea3n ph\u1ea9m n\u00e0y, xin m\u1eddi xem ph\u1ea7n b\u00ean d\u01b0\u1edbi. C\u00f9ng kh\u00e1m ph\u00e1 nh\u00e9!<\/p>\n<h2>Th\u00f4ng s\u1ed1 k\u1ef9 thu\u1eadt<\/h2>\n<div class=\"dis--flex jus--spacebet\">\n<table class=\"table2\">\n<tbody>\n<tr>\n<td>C\u00f4ng su\u1ea5t<\/td>\n<td>300W<\/td>\n<\/tr>\n<tr>\n<td>T\u1ea5m quang \u0111i\u1ec7n<\/td>\n<td>Mono 5V\/40Wp<\/td>\n<\/tr>\n<tr>\n<td>Pin l\u01b0u tr\u1eef<\/td>\n<td>LiFePO4 96Wh<\/td>\n<\/tr>\n<tr>\n<td>Quang th\u00f4ng<\/td>\n<td>4600 Lm<\/td>\n<\/tr>\n<tr>\n<td>Chip LED<\/td>\n<td>2835 COB<\/td>\n<\/tr>\n<tr>\n<td>Tu\u1ed5i th\u1ecd LED<\/td>\n<td>&gt;= 20,000 gi\u1edd<\/td>\n<\/tr>\n<tr>\n<td>Th\u1eddi gian s\u1ea1c<\/td>\n<td>4 \u2013 6 gi\u1edd<\/td>\n<\/tr>\n<tr>\n<td>Th\u1eddi gian s\u00e1ng<\/td>\n<td>12 \u2013 15 gi\u1edd<\/td>\n<\/tr>\n<tr>\n<td>CCT (Nhi\u1ec7t \u0111\u1ed9 m\u00e0u)<\/td>\n<td>5700K<\/td>\n<\/tr>\n<tr>\n<td>CRI (Ch\u1ec9 s\u1ed1 ho\u00e0n m\u00e0u)<\/td>\n<td>&gt;=70<\/td>\n<\/tr>\n<tr>\n<td>V\u1eadt li\u1ec7u \u0111\u00e8n<\/td>\n<td>Nh\u00f4m \u0111\u00fac, K\u00ednh c\u01b0\u1eddng l\u1ef1c, PC<\/td>\n<\/tr>\n<tr>\n<td>G\u00f3c pha<\/td>\n<td>120\u00b0<\/td>\n<\/tr>\n<tr>\n<td>Nhi\u1ec7t \u0111\u1ed9 l\u00e0m vi\u1ec7c<\/td>\n<td>S\u1ea1c: 5\u00b0C ~ 50\u00b0C \/ X\u1ea3: -10\u00b0C ~ 50\u00b0C<\/td>\n<\/tr>\n<tr>\n<td>Ch\u1ebf \u0111\u1ed9 l\u00e0m vi\u1ec7c<\/td>\n<td>T\u1ef1 \u0111\u1ed9ng s\u00e1ng\/H\u1eb9n gi\u1edd\/T\u00f9y ch\u1ec9nh qua Remote<\/td>\n<\/tr>\n<tr>\n<td>B\u1ea3o qu\u1ea3n<\/td>\n<td>0\u00b0C~+40\u00b0C<\/td>\n<\/tr>\n<tr>\n<td>Kh\u00e1ng n\u01b0\u1edbc<\/td>\n<td>IP65\/IK08<\/td>\n<\/tr>\n<\/tbody>\n<\/table>\n<p class=\"dis--flex\"><img decoding=\"async\" class=\"colper--100 pad--15\" src=\"https:\/\/gelta.vn\/wp-content\/uploads\/san_pham\/led_pha\/fza_300\/anh-kich-thuoc-chi-tiet-den-pha-nang-luong-mat-troi-fza300.jpg\" alt=\"\u1ea2nh k\u00edch th\u01b0\u1edbc chi ti\u1ebft \u0111\u00e8n pha n\u0103ng l\u01b0\u1ee3ng m\u1eb7t tr\u1eddi fza300\" \/><\/p>\n<\/div>\n<h2>B\u1ea3o d\u01b0\u1ee1ng v\u1eadn h\u00e0nh<\/h2>\n<ul class=\"listype--none\">\n<li><i class=\"fa-solid fa-circle-check color--orangebold marr--5\" aria-hidden=\"true\"><\/i>L\u1eafp \u0111\u1eb7t vui l\u00f2ng tu\u00e2n theo h\u01b0\u1edbng d\u1eabn \u0111i k\u00e8m.<\/li>\n<li><i class=\"fa-solid fa-circle-check color--orangebold marr--5\" aria-hidden=\"true\"><\/i>Ki\u1ec3m tra, v\u1ec7 sinh \u0111\u00e8n v\u00e0 t\u1ea5m pin quang \u0111i\u1ec7n \u0111\u1ecbnh k\u1ef3 \u0111\u1ec3 \u0111\u1ea3m b\u1ea3o hi\u1ec7u su\u1ea5t ho\u1ea1t \u0111\u1ed9ng t\u1ed1t nh\u1ea5t.<\/li>\n<\/ul>\n<h2>\u0110\u1eb7c \u0111i\u1ec3m n\u1ed5i b\u1eadt c\u1ee7a \u0111\u00e8n pha n\u0103ng l\u01b0\u1ee3ng m\u1eb7t tr\u1eddi Gelta \u2013 FZA300<\/h2>\n<div class=\"textali--center\"><img decoding=\"async\" class=\"colper--60 pad--30\" src=\"https:\/\/gelta.vn\/wp-content\/uploads\/san_pham\/led_pha\/fza_300\/bo-den-pha-nang-luong-mat-troi-300w-fza300.jpg\" alt=\"B\u1ed9 \u0111\u00e8n pha n\u0103ng l\u01b0\u1ee3ng m\u1eb7t tr\u1eddi 300W Gelta\" \/><\/div>\n<p>Gelta FZA300 l\u00e0 m\u1ed9t\u00a0<strong>\u0110\u00e8n n\u0103ng l\u01b0\u1ee3ng 300W<\/strong>, c\u00f3 \u0111i\u1ec1u khi\u1ec3n k\u00e8m theo gi\u00fap b\u1ea1n ch\u1ee7 \u0111\u1ed9ng b\u1eadt t\u1eaft \u0111\u00e8n khi c\u1ea7n. FZA300 l\u00e0 m\u1ed9t s\u1ea3n ph\u1ea9m ch\u1ea5t l\u01b0\u1ee3ng v\u1edbi m\u1ee9c gi\u00e1 h\u1ee3p l\u00fd v\u00e0 n\u1ed5i b\u1eadt v\u1edbi nh\u1eefng \u0111\u1eb7c \u0111i\u1ec3m sau:<\/p>\n<h3>Thi\u1ebft k\u1ebf t\u1ed1i gi\u1ea3n, d\u1ec5 l\u1eafp \u0111\u1eb7t<\/h3>\n<p>V\u1edbi thi\u1ebft k\u1ebf \u0111\u01a1n gi\u1ea3n, c\u1ea5u t\u1ea1o \u0111\u00e8n g\u1ed3m 2 b\u1ed9 ph\u1eadn ch\u00ednh l\u00e0 \u0111\u00e8n led v\u00e0 t\u1ea5m pin.<br \/>\n<strong>B\u1ed9 \u0111\u00e8n led pha NLMT FZA300<\/strong>\u00a0c\u00f2n k\u00e8m theo c\u00e1c ph\u1ee5 ki\u1ec7n h\u1ed7 tr\u1ee3 gi\u00fap vi\u1ec7c l\u1eafp \u0111\u1eb7t d\u1ec5 d\u00e0ng h\u01a1n nh\u01b0: gi\u00e1 \u0111\u1ee1 cho \u0111\u00e8n, gi\u00e1 \u0111\u1ee1 t\u1ea5m pin, b\u1ed9 v\u00edt &amp; t\u1eafc k\u00ea s\u1eaft cho c\u00e1c kh\u00e1ch h\u00e0ng mu\u1ed1n l\u1eafp \u0111\u1eb7t treo t\u01b0\u1eddng nh\u00e0.<\/p>\n<h3>T\u1ea5m pin n\u0103ng l\u01b0\u1ee3ng m\u1eb7t tr\u1eddi<\/h3>\n<p>S\u1eed d\u1ee5ng\u00a0<strong>t\u1ea5m pin n\u0103ng l\u01b0\u1ee3ng m\u1eb7t tr\u1eddi<\/strong>\u00a0\u0111\u01a1n tinh th\u1ec3 40W.<\/p>\n<p>\u01afu \u0111i\u1ec3m:<\/p>\n<ul>\n<li>T\u1ea5m pin \u0111\u01a1n tinh th\u1ec3 gi\u00fap b\u1ed9 s\u1ea3n ph\u1ea9m \u0111\u00e8n pha n\u0103ng l\u01b0\u1ee3ng m\u1eb7t tr\u1eddi FZA300 c\u00f3 gi\u00e1 th\u00e0nh t\u1ed1t h\u01a1n.<\/li>\n<li>T\u1ea5m pin Mono gi\u00fap t\u1ea1o ra \u0111i\u1ec7n s\u1ea1c t\u1ed1t h\u01a1n t\u1ea5m pin Poly, hi\u1ec7u su\u1ea5t chuy\u1ec3n \u0111\u1ed5i cao gi\u00fap t\u1ea5m pin tr\u1edf n\u00ean g\u1ecdn nh\u1eb9 h\u01a1n, y\u1ebfu t\u1ed1 n\u00e0y ph\u00f9 h\u1ee3p v\u1edbi Vi\u1ec7t Nam khi c\u00f3 nhi\u1ec7t \u0111\u1ed9 trung b\u00ecnh kh\u00e1 cao &gt;30 \u0111\u1ed9 quanh n\u0103m.<\/li>\n<\/ul>\n<h3>\u0110\u00e8n led<\/h3>\n<p>M\u1eb7t tr\u01b0\u1edbc \u0111\u00e8n \u0111\u01b0\u1ee3c trang b\u1ecb t\u1ea5m k\u00ednh c\u01b0\u1eddng l\u1ef1c ch\u1ed1ng va \u0111\u1eadp, ch\u1ecbu \u0111\u01b0\u1ee3c l\u1ef1c l\u1edbn. V\u1ecf ngo\u00e0i \u0111\u01b0\u1ee3c c\u1ea5u t\u1ea1o t\u1eeb nh\u00f4m \u0111\u00fac nguy\u00ean kh\u1ed1i c\u1ef1c k\u1ef3 ch\u1eafc ch\u1eafn.<\/p>\n<p>B\u00ean trong \u0111\u00e8n pha n\u0103ng l\u01b0\u1ee3ng m\u1eb7t tr\u1eddi FZA 300W l\u00e0\u00a0<strong>2835 COB<\/strong>\u00a0v\u1edbi tu\u1ed5i th\u1ecd l\u00ean \u0111\u1ebfn\u00a0<strong>20.000 gi\u1edd (h\u01a1n 5 n\u0103m)<\/strong>\u00a0k\u1ebft h\u1ee3p v\u1edbi lens khu\u1ebfch \u0111\u1ea1i ch\u1ed1ng ch\u00f3i v\u1eeba t\u0103ng g\u00f3c pha l\u00ean 120 \u0111\u1ed9 gi\u00fap \u0111\u00e8n pha n\u0103ng l\u01b0\u1ee3ng c\u00f3 \u0111\u1ed9 ph\u1ee7 s\u00e1ng cao h\u01a1n v\u1eeba gi\u1ea3m \u0111\u1ed9 ch\u00f3i c\u1ee7a c\u00e1c d\u00f2ng \u0111\u00e8n pha n\u0103ng l\u01b0\u1ee3ng th\u00f4ng th\u01b0\u1eddng.<\/p>\n<h3>C\u00e1c linh ki\u1ec7n k\u00e8m theo<\/h3>\n<p>B\u1ed9 \u0111\u00e8n bao g\u1ed3m 2 gi\u00e1 \u0111\u1ee1 \u0111\u00e8n &amp; t\u1ea5m pin gi\u00fap vi\u1ec7c l\u1eafp \u0111\u1eb7t \u0111\u00e8n c\u0169ng nh\u01b0 t\u1ea5m pin \u0111\u01b0\u1ee3c d\u1ec5 d\u00e0ng h\u01a1n. K\u00e8m theo \u0111\u00f3 l\u00e0 b\u1ed9 t\u1eafc k\u00ea s\u1eaft v\u00e0 b\u1ed9 v\u00edt \u0111\u1ec3 c\u1ed1 \u0111\u1ecbnh \u0111\u00e8n tr\u00ean c\u00e1c v\u1eadt th\u1ec3 b\u1eb1ng b\u00ea t\u00f4ng \u0111\u01b0\u1ee3c ch\u1eafc ch\u1eafn &amp; d\u1ec5 d\u00e0ng h\u01a1n.<\/p>\n<h3>V\u1ecb tr\u00ed l\u1eafp \u0111\u1eb7t<\/h3>\n<p>\u0110\u00e8n pha n\u0103ng l\u01b0\u1ee3ng m\u1eb7t tr\u1eddi FZA300 c\u00f3 th\u1ec3 l\u1eafp \u0111\u1eb7t \u1edf nhi\u1ec1u v\u1ecb tr\u00ed kh\u00e1c nhau nh\u01b0: s\u00e2n v\u01b0\u1eddn, c\u1ed5ng nh\u00e0, m\u00e1i hi\u00ean, h\u00e0nh lang, l\u1ed1i \u0111i,\u2026<\/p>\n<p>Khi l\u1eafp \u0111\u1eb7t \u0111\u00e8n c\u1ea7n l\u01b0u \u00fd \u0111\u1eb7t t\u1ea5m pin \u1edf v\u1ecb tr\u00ed d\u1ec5 nh\u1eadn \u00e1nh n\u1eafng v\u00e0 nh\u1eadn \u0111\u01b0\u1ee3c \u00e1nh n\u1eafng ban ng\u00e0y nhi\u1ec1u nh\u1ea5t, h\u1ea1n ch\u1ebf \u0111\u1eb7t \u1edf d\u01b0\u1edbi t\u00e1n c\u00e2y, b\u00f3ng r\u00e2m t\u00f2a nh\u00e0.<\/p>\n<p>\u0110i\u1ec3m m\u1ea1nh c\u1ee7a \u0111\u00e8n pha n\u0103ng l\u01b0\u1ee3ng FZA300 l\u00e0 d\u00e2y k\u1ebft n\u1ed1i d\u00e0i\u00a0<strong>\u0111\u1ebfn 5m<\/strong>, gi\u00fap b\u1ea1n d\u1ec5 ch\u1ecdn v\u1ecb tr\u00ed \u0111\u1eb7t t\u1ea5m pin &amp; \u0111\u00e8n h\u01a1n.<\/p>\n<h2>T\u1ea1i sao \u0111\u00e8n pha n\u0103ng l\u01b0\u1ee3ng m\u1eb7t tr\u1eddi Gelta FZA300 \u0111\u01b0\u1ee3c \u0111\u00e1nh gi\u00e1 cao<\/h2>\n<h3>Tu\u1ed5i th\u1ecd cao ti\u1ebft ki\u1ec7m chi ph\u00ed l\u00e2u d\u00e0i<\/h3>\n<p>\u0110\u00e8n \u0111\u01b0\u1ee3c trang b\u1ecb pin Lithium S\u1eaft Phosphat (LiFePO4), lo\u1ea1i pin t\u1ed1t nh\u1ea5t d\u00e0nh cho c\u00e1c \u0111\u00e8n pha n\u0103ng l\u01b0\u1ee3ng m\u1eb7t tr\u1eddi. \u0110\u00e8n \u0111\u01b0\u1ee3c trang b\u1ecb b\u1ed9 Pin l\u01b0u tr\u1eef LiFePO4 m\u1edbi 100% dung l\u01b0\u1ee3ng cao 80 Wh<\/p>\n<p>Gelta s\u1eed d\u1ee5ng pin LiFePO4 m\u1edbi 100% gi\u00fap tu\u1ed5i th\u1ecd c\u1ee7a pin cao (2000 l\u1ea7n s\u1ea1c x\u1ea3 t\u01b0\u01a1ng \u0111\u01b0\u01a1ng 5~7 n\u0103m). LiFePO4 c\u00f2n c\u00f3 \u01b0u \u0111i\u1ec3m l\u00e0 dung l\u01b0\u1ee3ng pin cao, \u0111\u1ed9 suy hao th\u1ea5p v\u00e0 ho\u1ea1t \u0111\u1ed9ng t\u1ed1t \u1edf \u0111i\u1ec1u ki\u1ec7n n\u1eafng n\u00f3ng \u1edf Vi\u1ec7t Nam.<\/p>\n<p>Kh\u00f4ng nh\u1eefng th\u1ebf, tu\u1ed5i th\u1ecd c\u1ee7a chip led\u00a0<strong>l\u00ean \u0111\u1ebfn 10 n\u0103m<\/strong>. Tu\u1ed5i th\u1ecd c\u1ee7a t\u1ea5m pin l\u00ean \u0111\u1ebfn 25 n\u0103m. V\u00ec v\u1eady tu\u1ed5i th\u1ecd c\u1ee7a \u0111\u00e8n pha n\u0103ng l\u01b0\u1ee3ng m\u1eb7t tr\u1eddi FZA300 ti\u00eau chu\u1ea9n ph\u1ee5 thu\u1ed9c ho\u00e0n to\u00e0n v\u00e0o tu\u1ed5i th\u1ecd c\u1ee7a pin l\u01b0u tr\u1eef.<\/p>\n<p><img decoding=\"async\" class=\"colper--100 pad--30\" src=\"https:\/\/gelta.vn\/wp-content\/uploads\/san_pham\/led_pha\/cac-goc-tam-pin-den-pha-nang-luong-mat-troi-fza.jpg\" alt=\"C\u00e1c g\u00f3c t\u1ea5m pin &amp; \u0111\u00e8n \u0111\u00e8n pha n\u0103ng l\u01b0\u1ee3ng m\u1eb7t tr\u1eddi Gelta FZA\" \/><\/p>\n<h3>Ho\u1ea1t \u0111\u1ed9ng \u1ed5n \u0111\u1ecbnh, chi\u1ebfu s\u00e1ng v\u01b0\u1ee3t tr\u1ed9i<\/h3>\n<p>D\u00f9 l\u00e0 s\u1ea3n ph\u1ea9m t\u1ea7m trung, ph\u1ed5 th\u00f4ng nh\u01b0ng \u0111\u00e8n \u0111\u01b0\u1ee3c trang b\u1ecb c\u00e1c linh ki\u1ec7n t\u1ed1t, m\u1edbi 100% gi\u00fap \u0111\u00e8n ho\u1ea1t \u0111\u1ed9ng \u1ed5n \u0111\u1ecbnh.<\/p>\n<p>C\u00f9ng \u0111\u00f3 l\u00e0 s\u1ed1 l\u01b0\u1ee3ng chip led l\u1edbn v\u1edbi quang th\u00f4ng 4100 Lm si\u00eau s\u00e1ng. \u0110\u00e8n cho \u00e1nh s\u00e1ng ban ng\u00e0y 5700K c\u00f9ng ch\u1ec9 s\u1ed1 ho\u00e0n m\u00e0u CRI &gt;70 gi\u00fap m\u00e0u s\u1eafc v\u1eadt th\u1ec3 ch\u00e2n th\u1ef1c h\u01a1n.<\/p>\n<p>FZA300 \u0111\u01b0\u1ee3c cho l\u00e0\u00a0<strong>s\u1ea3n ph\u1ea9m c\u00f3 P\/P (Price\/Performance) t\u1ed1t nh\u1ea5t tr\u00ean th\u1ecb tr\u01b0\u1eddng hi\u1ec7n t\u1ea1i<\/strong>. S\u1ea3n ph\u1ea9m \u0111\u01b0\u1ee3c s\u1ea3n xu\u1ea5t \u0111\u1ec3 cho hi\u1ec7u qu\u1ea3 chi\u1ebfu s\u00e1ng t\u1ed1t nh\u1ea5t v\u1edbi gi\u00e1 th\u00e0nh t\u1ed1t nh\u1ea5t.<\/p>\n<h3>Ch\u1ec9 4 \u2013 6 gi\u1edd s\u1ea1c s\u00e1ng t\u1eadn 12 -15 gi\u1edd<\/h3>\n<p>M\u1ea5t ch\u1ec9 t\u1eeb\u00a0<strong>4 \u2013 6 gi\u1edd s\u1ea1c<\/strong>, \u0111\u00e8n \u0111\u00e3 s\u1ea1c \u0111\u1ee7 cho b\u1ed9 pin l\u01b0u tr\u1eef v\u1edbi dung l\u01b0\u1ee3ng\u00a0<strong>80 Wh<\/strong>. V\u1edbi m\u1ee9c c\u00e0i \u0111\u1eb7t gi\u1ea3m hi\u1ec7u su\u1ea5t s\u00e1ng theo dung l\u01b0\u1ee3ng pin \u0111\u00e8n c\u00f3 th\u1ec3\u00a0<strong>s\u00e1ng \u0111\u01b0\u1ee3c \u0111\u1ebfn 15 gi\u1edd<\/strong>. Nh\u01b0 v\u1eady k\u1ec3 c\u1ea3 nh\u1eefng ng\u00e0y m\u01b0a\u00a0<strong>\u0111\u00e8n n\u0103ng l\u01b0\u1ee3ng m\u1eb7t tr\u1eddi<\/strong>\u00a0Gelta FZA300 v\u1eabn c\u00f3 kh\u1ea3 n\u0103ng s\u1ea1c \u0111\u1ea7y v\u00e0 cho th\u1eddi gian s\u00e1ng l\u00ean \u0111\u1ebfn 12 gi\u1edd.<\/p>\n<p><strong>FZA300<\/strong>\u00a0c\u00f3 th\u1ec3 t\u1ef1 \u0111\u1ed9ng b\u1eadt khi tr\u1eddi t\u1ed1i, t\u1ef1 t\u1eaft khi tr\u1eddi s\u00e1ng v\u00e0 c\u00e1c ch\u1ebf \u0111\u1ed9 \u0111i\u1ec1u khi\u1ec3n kh\u00e1c nh\u01b0 h\u1eb9n gi\u1edd, ch\u1ee7 \u0111\u1ed9ng b\u1eadt t\u1eaft th\u00f4ng qua remote c\u1ea7m tay k\u00e8m theo.<\/p>\n<h3>Ch\u1ed1ng n\u01b0\u1edbc ch\u1ed1ng b\u1ee5i IP65<\/h3>\n<p>Trang b\u1ecb IP65 gi\u00fap \u0111\u00e8n ho\u1ea1t \u0111\u1ed9ng t\u1ed1t trong \u0111i\u1ec1u ki\u1ec7n m\u01b0a gi\u00f3.<\/p>\n<p>Chu\u1ea9n IP65 l\u00e0 th\u00f4ng s\u1ed1 cho th\u1ea5y\u00a0<strong>\u0111\u00e8n led n\u0103ng l\u01b0\u1ee3ng m\u1eb7t tr\u1eddi 300W Gelta FZA300<\/strong>\u00a0c\u00f3 kh\u1ea3 n\u0103ng kh\u00e1ng ho\u00e0n to\u00e0n b\u1ee5i b\u1ea9n, v\u00e0 c\u00f3 th\u1ec3 kh\u00e1ng n\u01b0\u1edbc \u1edf \u0111\u1ed9 s\u00e2u 1 m\u00e9t trong v\u00f2ng 30 ph\u00fat.<\/p>\n<p>D\u00f9 ch\u01b0a \u0111\u1ea1t \u0111\u1ebfn ti\u00eau chu\u1ea9n ch\u1ed1ng n\u01b0\u1edbc t\u1ed1i \u0111a nh\u01b0 IP68 nh\u01b0ng chu\u1ea9n IP65 v\u1eabn l\u00e0 m\u1ed9t t\u00ednh n\u0103ng cao c\u1ea5p v\u00e0 \u0111\u00f2i h\u1ecfi Gelta ph\u1ea3i \u0111\u1ea7u t\u01b0 nhi\u1ec1u v\u1ec1 k\u1ef9 ngh\u1ec7 v\u00e0 d\u00e2y chuy\u1ec1n s\u1ea3n xu\u1ea5t. B\u1ea1n ch\u1ec9 c\u00f3 th\u1ec3 t\u00ecm th\u1ea5y IP65 tr\u00ean nh\u1eefng d\u00f2ng s\u1ea3n ph\u1ea9m FZA c\u1ee7a ch\u00fang t\u00f4i trong khi c\u00e1c d\u00f2ng \u0111\u00e8n pha n\u0103ng l\u01b0\u1ee3ng m\u1eb7t tr\u1eddi kh\u00e1c ch\u1ec9 \u0111\u01b0\u1ee3c trang b\u1ecb \u0111\u1ebfn IP65.<\/p>\n<p>\u0110\u00e8n pha n\u0103ng l\u01b0\u1ee3ng m\u1eb7t tr\u1eddi\u00a0<strong>Gelta FZA300<\/strong>\u00a0s\u1ebd l\u00e0 s\u1ef1 l\u1ef1a ch\u1ecdn cho nh\u1eefng kh\u00e1ch h\u00e0ng mu\u1ed1n ch\u1ecdn mua cho m\u00ecnh m\u1ed9t s\u1ea3n ph\u1ea9m trang b\u1ecb \u0111\u1ea7y \u0111\u1ee7 ch\u1ee9c n\u0103ng, ph\u1ee5c v\u1ee5 chi\u1ebfu s\u00e1ng t\u1ed1t v\u00e0 kh\u00f4ng y\u00eau c\u1ea7u qu\u00e1 cao v\u1ec1 c\u00e1c t\u00ednh n\u0103ng, t\u00ednh th\u1ea9m m\u1ef9 v\u1edbi gi\u00e1 th\u00e0nh r\u1ea5t t\u1ed1t.<\/p>\n<p>Ngo\u00e0i ra \u0111\u00e2y c\u00f2n l\u00e0 m\u1eabu \u0111\u00e8n pha n\u0103ng l\u01b0\u1ee3ng m\u1eb7t tr\u1eddi c\u1ef1c k\u1ef3 ph\u00f9 h\u1ee3p cho c\u00e1c h\u1ed9 gia \u0111\u00ecnh trong th\u1eddi \u0111i\u1ec3m gi\u00e1 \u0111i\u1ec7n t\u0103ng cao &amp; \u00f4 nhi\u1ec5m m\u00f4i tr\u01b0\u1eddng.<\/p>\n","protected":false},"excerpt":{"rendered":"<div class=\"product-short-description\">\n<ul>\n<li class=\"shortdes--product\">Model:\u00a0Gelta 300W | FZA-300<\/li>\n<li class=\"shortdes--product\"><i class=\"fa-solid fa-check\" aria-hidden=\"true\"><\/i>Th\u01b0\u01a1ng hi\u1ec7u:\u00a0Gelta<\/li>\n<li class=\"shortdes--product\"><i class=\"fa-solid fa-check\" aria-hidden=\"true\"><\/i>C\u00f4ng su\u1ea5t t\u1ed1i \u0111a:\u00a0300 W<\/li>\n<li class=\"shortdes--product\"><i class=\"fa-solid fa-check\" aria-hidden=\"true\"><\/i>T\u1ea5m pin:\u00a0Mono 40W\/5V<\/li>\n<li class=\"shortdes--product\"><i class=\"fa-solid fa-check\" aria-hidden=\"true\"><\/i>Pin l\u01b0u tr\u1eef:\u00a0112WH<\/li>\n<li class=\"shortdes--product\"><i class=\"fa-solid fa-check\" aria-hidden=\"true\"><\/i>B\u1ea3o h\u00e0nh:\u00a02 n\u0103m<\/li>\n<\/ul>\n<\/div>\n<form class=\"cart\" action=\"https:\/\/gelta.vn\/san-pham\/den-pha-nang-luong-mat-troi-gelta-fza300\/\" enctype=\"multipart\/form-data\" method=\"post\">\n<div class=\"quantity buttons_added\"><\/div>\n<\/form>\n","protected":false},"featured_media":4235,"comment_status":"open","ping_status":"closed","template":"","meta":{"_eb_attr":""},"product_cat":[102],"product_tag":[280],"class_list":{"0":"post-4232","1":"product","2":"type-product","3":"status-publish","4":"has-post-thumbnail","6":"product_cat-gelta","7":"product_tag-den-pha-nang-luong-mat-troi-gelta-fza300","8":"pa_gia-khong-lap-dat","9":"pa_gia-lap-dat","11":"first","12":"instock","13":"shipping-taxable","14":"purchasable","15":"product-type-variable"},"yoast_head":"<!-- This site is optimized with the Yoast SEO plugin v20.9 - https:\/\/yoast.com\/wordpress\/plugins\/seo\/ -->\r\n<title>\u0110\u00e8n Pha N\u0103ng L\u01b0\u1ee3ng M\u1eb7t Tr\u1eddi Gelta \u2013 FZA300 - Thuan Phong Solar Energy<\/title>\r\n<meta name=\"description\" content=\"N\u1ebfu b\u1ea1n \u0111ang t\u00ecm ki\u1ebfm m\u1ed9t m\u1eabu \u0110\u00e8n pha n\u0103ng l\u01b0\u1ee3ng m\u1eb7t tr\u1eddi Gelta \u2013 FZA300 chi\u1ebfu s\u00e1ng \u0111a v\u1ecb tr\u00ed cho gia \u0111\u00ecnh v\u1eeba ti\u1ebft ki\u1ec7m \u0111i\u1ec7n n\u0103ng, v\u1eeba c\u00f3 thi\u1ebft k\u1ebf th\u1ea9m m\u1ef9\" \/>\r\n<meta name=\"robots\" content=\"index, follow, max-snippet:-1, max-image-preview:large, max-video-preview:-1\" \/>\r\n<link rel=\"canonical\" href=\"https:\/\/tpenergy.com.vn\/?product=den-pha-nang-luong-mat-troi-gelta-fza300\" \/>\r\n<meta property=\"og:locale\" content=\"vi_VN\" \/>\r\n<meta property=\"og:type\" content=\"article\" \/>\r\n<meta property=\"og:title\" content=\"\u0110\u00e8n Pha N\u0103ng L\u01b0\u1ee3ng M\u1eb7t Tr\u1eddi Gelta \u2013 FZA300 - Thuan Phong Solar Energy\" \/>\r\n<meta property=\"og:description\" content=\"N\u1ebfu b\u1ea1n \u0111ang t\u00ecm ki\u1ebfm m\u1ed9t m\u1eabu \u0110\u00e8n pha n\u0103ng l\u01b0\u1ee3ng m\u1eb7t tr\u1eddi Gelta \u2013 FZA300 chi\u1ebfu s\u00e1ng \u0111a v\u1ecb tr\u00ed cho gia \u0111\u00ecnh v\u1eeba ti\u1ebft ki\u1ec7m \u0111i\u1ec7n n\u0103ng, v\u1eeba c\u00f3 thi\u1ebft k\u1ebf th\u1ea9m m\u1ef9\" \/>\r\n<meta property=\"og:url\" content=\"https:\/\/tpenergy.com.vn\/?product=den-pha-nang-luong-mat-troi-gelta-fza300\" \/>\r\n<meta property=\"og:site_name\" content=\"Thuan Phong Solar Energy\" \/>\r\n<meta property=\"article:modified_time\" content=\"2024-07-20T07:05:09+00:00\" \/>\r\n<meta property=\"og:image\" content=\"https:\/\/tpenergy.com.vn\/wp-content\/uploads\/2024\/02\/1.png\" \/>\r\n\t<meta property=\"og:image:width\" content=\"600\" \/>\r\n\t<meta property=\"og:image:height\" content=\"600\" \/>\r\n\t<meta property=\"og:image:type\" content=\"image\/png\" \/>\r\n<meta name=\"twitter:card\" content=\"summary_large_image\" \/>\r\n<meta name=\"twitter:label1\" content=\"\u01af\u1edbc t\u00ednh th\u1eddi gian \u0111\u1ecdc\" \/>\n\t<meta name=\"twitter:data1\" content=\"8 ph\u00fat\" \/>\r\n<script type=\"application\/ld+json\" class=\"yoast-schema-graph\">{\"@context\":\"https:\/\/schema.org\",\"@graph\":[{\"@type\":\"WebPage\",\"@id\":\"https:\/\/tpenergy.com.vn\/?product=den-pha-nang-luong-mat-troi-gelta-fza300\",\"url\":\"https:\/\/tpenergy.com.vn\/?product=den-pha-nang-luong-mat-troi-gelta-fza300\",\"name\":\"\u0110\u00e8n Pha N\u0103ng L\u01b0\u1ee3ng M\u1eb7t Tr\u1eddi Gelta \u2013 FZA300 - Thuan Phong Solar Energy\",\"isPartOf\":{\"@id\":\"https:\/\/tpenergy.com.vn\/#website\"},\"datePublished\":\"2024-02-19T06:42:24+00:00\",\"dateModified\":\"2024-07-20T07:05:09+00:00\",\"description\":\"N\u1ebfu b\u1ea1n \u0111ang t\u00ecm ki\u1ebfm m\u1ed9t m\u1eabu \u0110\u00e8n pha n\u0103ng l\u01b0\u1ee3ng m\u1eb7t tr\u1eddi Gelta \u2013 FZA300 chi\u1ebfu s\u00e1ng \u0111a v\u1ecb tr\u00ed cho gia \u0111\u00ecnh v\u1eeba ti\u1ebft ki\u1ec7m \u0111i\u1ec7n n\u0103ng, v\u1eeba c\u00f3 thi\u1ebft k\u1ebf th\u1ea9m m\u1ef9\",\"breadcrumb\":{\"@id\":\"https:\/\/tpenergy.com.vn\/?product=den-pha-nang-luong-mat-troi-gelta-fza300#breadcrumb\"},\"inLanguage\":\"vi\",\"potentialAction\":[{\"@type\":\"ReadAction\",\"target\":[\"https:\/\/tpenergy.com.vn\/?product=den-pha-nang-luong-mat-troi-gelta-fza300\"]}]},{\"@type\":\"BreadcrumbList\",\"@id\":\"https:\/\/tpenergy.com.vn\/?product=den-pha-nang-luong-mat-troi-gelta-fza300#breadcrumb\",\"itemListElement\":[{\"@type\":\"ListItem\",\"position\":1,\"name\":\"Trang ch\u1ee7\",\"item\":\"https:\/\/tpenergy.com.vn\/\"},{\"@type\":\"ListItem\",\"position\":2,\"name\":\"Shop\",\"item\":\"https:\/\/tpenergy.com.vn\/?page_id=5\"},{\"@type\":\"ListItem\",\"position\":3,\"name\":\"\u0110\u00c8N N\u0102NG L\u01af\u1ee2NG M\u1eb6T TR\u1edcI\",\"item\":\"https:\/\/tpenergy.com.vn\/?product_cat=den-nang-luong-mat-troi\"},{\"@type\":\"ListItem\",\"position\":4,\"name\":\"GELTA\",\"item\":\"https:\/\/tpenergy.com.vn\/?product_cat=gelta\"},{\"@type\":\"ListItem\",\"position\":5,\"name\":\"\u0110\u00e8n Pha N\u0103ng L\u01b0\u1ee3ng M\u1eb7t Tr\u1eddi Gelta \u2013 FZA300\"}]},{\"@type\":\"WebSite\",\"@id\":\"https:\/\/tpenergy.com.vn\/#website\",\"url\":\"https:\/\/tpenergy.com.vn\/\",\"name\":\"Thuan Phong Solar Energy\",\"description\":\"\",\"potentialAction\":[{\"@type\":\"SearchAction\",\"target\":{\"@type\":\"EntryPoint\",\"urlTemplate\":\"https:\/\/tpenergy.com.vn\/?s={search_term_string}\"},\"query-input\":\"required name=search_term_string\"}],\"inLanguage\":\"vi\"}]}<\/script>\r\n<!-- \/ Yoast SEO plugin. -->","yoast_head_json":{"title":"\u0110\u00e8n Pha N\u0103ng L\u01b0\u1ee3ng M\u1eb7t Tr\u1eddi Gelta \u2013 FZA300 - Thuan Phong Solar Energy","description":"N\u1ebfu b\u1ea1n \u0111ang t\u00ecm ki\u1ebfm m\u1ed9t m\u1eabu \u0110\u00e8n pha n\u0103ng l\u01b0\u1ee3ng m\u1eb7t tr\u1eddi Gelta \u2013 FZA300 chi\u1ebfu s\u00e1ng \u0111a v\u1ecb tr\u00ed cho gia \u0111\u00ecnh v\u1eeba ti\u1ebft ki\u1ec7m \u0111i\u1ec7n n\u0103ng, v\u1eeba c\u00f3 thi\u1ebft k\u1ebf th\u1ea9m m\u1ef9","robots":{"index":"index","follow":"follow","max-snippet":"max-snippet:-1","max-image-preview":"max-image-preview:large","max-video-preview":"max-video-preview:-1"},"canonical":"https:\/\/tpenergy.com.vn\/?product=den-pha-nang-luong-mat-troi-gelta-fza300","og_locale":"vi_VN","og_type":"article","og_title":"\u0110\u00e8n Pha N\u0103ng L\u01b0\u1ee3ng M\u1eb7t Tr\u1eddi Gelta \u2013 FZA300 - Thuan Phong Solar Energy","og_description":"N\u1ebfu b\u1ea1n \u0111ang t\u00ecm ki\u1ebfm m\u1ed9t m\u1eabu \u0110\u00e8n pha n\u0103ng l\u01b0\u1ee3ng m\u1eb7t tr\u1eddi Gelta \u2013 FZA300 chi\u1ebfu s\u00e1ng \u0111a v\u1ecb tr\u00ed cho gia \u0111\u00ecnh v\u1eeba ti\u1ebft ki\u1ec7m \u0111i\u1ec7n n\u0103ng, v\u1eeba c\u00f3 thi\u1ebft k\u1ebf th\u1ea9m m\u1ef9","og_url":"https:\/\/tpenergy.com.vn\/?product=den-pha-nang-luong-mat-troi-gelta-fza300","og_site_name":"Thuan Phong Solar Energy","article_modified_time":"2024-07-20T07:05:09+00:00","og_image":[{"width":600,"height":600,"url":"https:\/\/tpenergy.com.vn\/wp-content\/uploads\/2024\/02\/1.png","type":"image\/png"}],"twitter_card":"summary_large_image","twitter_misc":{"\u01af\u1edbc t\u00ednh th\u1eddi gian \u0111\u1ecdc":"8 ph\u00fat"},"schema":{"@context":"https:\/\/schema.org","@graph":[{"@type":"WebPage","@id":"https:\/\/tpenergy.com.vn\/?product=den-pha-nang-luong-mat-troi-gelta-fza300","url":"https:\/\/tpenergy.com.vn\/?product=den-pha-nang-luong-mat-troi-gelta-fza300","name":"\u0110\u00e8n Pha N\u0103ng L\u01b0\u1ee3ng M\u1eb7t Tr\u1eddi Gelta \u2013 FZA300 - Thuan Phong Solar Energy","isPartOf":{"@id":"https:\/\/tpenergy.com.vn\/#website"},"datePublished":"2024-02-19T06:42:24+00:00","dateModified":"2024-07-20T07:05:09+00:00","description":"N\u1ebfu b\u1ea1n \u0111ang t\u00ecm ki\u1ebfm m\u1ed9t m\u1eabu \u0110\u00e8n pha n\u0103ng l\u01b0\u1ee3ng m\u1eb7t tr\u1eddi Gelta \u2013 FZA300 chi\u1ebfu s\u00e1ng \u0111a v\u1ecb tr\u00ed cho gia \u0111\u00ecnh v\u1eeba ti\u1ebft ki\u1ec7m \u0111i\u1ec7n n\u0103ng, v\u1eeba c\u00f3 thi\u1ebft k\u1ebf th\u1ea9m m\u1ef9","breadcrumb":{"@id":"https:\/\/tpenergy.com.vn\/?product=den-pha-nang-luong-mat-troi-gelta-fza300#breadcrumb"},"inLanguage":"vi","potentialAction":[{"@type":"ReadAction","target":["https:\/\/tpenergy.com.vn\/?product=den-pha-nang-luong-mat-troi-gelta-fza300"]}]},{"@type":"BreadcrumbList","@id":"https:\/\/tpenergy.com.vn\/?product=den-pha-nang-luong-mat-troi-gelta-fza300#breadcrumb","itemListElement":[{"@type":"ListItem","position":1,"name":"Trang ch\u1ee7","item":"https:\/\/tpenergy.com.vn\/"},{"@type":"ListItem","position":2,"name":"Shop","item":"https:\/\/tpenergy.com.vn\/?page_id=5"},{"@type":"ListItem","position":3,"name":"\u0110\u00c8N N\u0102NG L\u01af\u1ee2NG M\u1eb6T TR\u1edcI","item":"https:\/\/tpenergy.com.vn\/?product_cat=den-nang-luong-mat-troi"},{"@type":"ListItem","position":4,"name":"GELTA","item":"https:\/\/tpenergy.com.vn\/?product_cat=gelta"},{"@type":"ListItem","position":5,"name":"\u0110\u00e8n Pha N\u0103ng L\u01b0\u1ee3ng M\u1eb7t Tr\u1eddi Gelta \u2013 FZA300"}]},{"@type":"WebSite","@id":"https:\/\/tpenergy.com.vn\/#website","url":"https:\/\/tpenergy.com.vn\/","name":"Thuan Phong Solar Energy","description":"","potentialAction":[{"@type":"SearchAction","target":{"@type":"EntryPoint","urlTemplate":"https:\/\/tpenergy.com.vn\/?s={search_term_string}"},"query-input":"required name=search_term_string"}],"inLanguage":"vi"}]}},"_links":{"self":[{"href":"https:\/\/tpenergy.com.vn\/index.php?rest_route=\/wp\/v2\/product\/4232"}],"collection":[{"href":"https:\/\/tpenergy.com.vn\/index.php?rest_route=\/wp\/v2\/product"}],"about":[{"href":"https:\/\/tpenergy.com.vn\/index.php?rest_route=\/wp\/v2\/types\/product"}],"replies":[{"embeddable":true,"href":"https:\/\/tpenergy.com.vn\/index.php?rest_route=%2Fwp%2Fv2%2Fcomments&post=4232"}],"wp:featuredmedia":[{"embeddable":true,"href":"https:\/\/tpenergy.com.vn\/index.php?rest_route=\/wp\/v2\/media\/4235"}],"wp:attachment":[{"href":"https:\/\/tpenergy.com.vn\/index.php?rest_route=%2Fwp%2Fv2%2Fmedia&parent=4232"}],"wp:term":[{"taxonomy":"product_cat","embeddable":true,"href":"https:\/\/tpenergy.com.vn\/index.php?rest_route=%2Fwp%2Fv2%2Fproduct_cat&post=4232"},{"taxonomy":"product_tag","embeddable":true,"href":"https:\/\/tpenergy.com.vn\/index.php?rest_route=%2Fwp%2Fv2%2Fproduct_tag&post=4232"}],"curies":[{"name":"wp","href":"https:\/\/api.w.org\/{rel}","templated":true}]}}