{"id":3628,"date":"2023-10-16T16:20:37","date_gmt":"2023-10-16T09:20:37","guid":{"rendered":"https:\/\/tpenergy.com.vn\/?post_type=product&#038;p=3628"},"modified":"2025-11-28T13:31:11","modified_gmt":"2025-11-28T06:31:11","slug":"meter-eastron-3-pha-ct-ma-sdm630-mct","status":"publish","type":"product","link":"https:\/\/tpenergy.com.vn\/?product=meter-eastron-3-pha-ct-ma-sdm630-mct","title":{"rendered":"Meter EASTRON SDM630 MCT"},"content":{"rendered":"<h3>Ph\u1ee5 ki\u1ec7n &amp; Gi\u00e1m s\u00e1t Energy Meter: Meter EASTRON 3 pha + CT &#8211; M\u00e3: SDM630 MCT<\/h3>\n<ul>\n<li>M\u00e0n h\u00ecnh LCD c\u1ee5c b\u1ed9, giao ti\u1ebfp RS485<\/li>\n<li>\u00c1p d\u1ee5ng l\u1eafp \u0111\u1eb7t \u0111\u01b0\u1eddng ray din DIN35mm ti\u00eau chu\u1ea9n<\/li>\n<li>Kh\u1ed1i l\u01b0\u1ee3ng nh\u1ecf, c\u00e0i \u0111\u1eb7t d\u1ec5 d\u00e0ng v\u00e0 giao ti\u1ebfp d\u1ec5 d\u00e0ng<\/li>\n<li>C\u00f4ng su\u1ea5t ho\u1ea1t \u0111\u1ed9ng thu\u1eadn v\u00e0 ngh\u1ecbch, \u0111o s\u00e1ng c\u00f4ng su\u1ea5t ph\u1ea3n kh\u00e1ng b\u1ed1n g\u00f3c ph\u1ea7n t\u01b0\n<div>\n<table border=\"1\">\n<tbody>\n<tr>\n<td><strong>M\u00f4 h\u00ecnh<\/strong><\/td>\n<td align=\"center\"><strong>Modbus SDM 230<\/strong><\/td>\n<td colspan=\"2\" align=\"center\"><strong>SDM 630-Modbus V2<\/strong><\/td>\n<td><strong>SDM 630 MCT<\/strong><\/td>\n<\/tr>\n<tr>\n<td>T\u1ed1i \u0111a \u0111o d\u00f2ng \u0111i\u1ec7n m\u1ed9t chi\u1ec1u (A)<\/td>\n<td align=\"center\">100A<\/td>\n<td colspan=\"2\" align=\"center\">100A<\/td>\n<td>1-9999A (\u642d\u914d CT \u4e00\u6b21 \u4fa7 \u7535\u6d41\uff09<\/td>\n<\/tr>\n<tr>\n<td rowspan=\"2\">\u0110o \u0111i\u1ec7n \u00e1p tr\u1ef1c ti\u1ebfp gi\u1eefa c\u00e1c pha<\/td>\n<td rowspan=\"2\" align=\"center\">\/<\/td>\n<td colspan=\"2\" rowspan=\"2\" align=\"center\">147-480V<\/td>\n<td>50-950V<\/td>\n<\/tr>\n<tr>\n<td>50-550V<\/td>\n<\/tr>\n<tr>\n<td>\u0110o tr\u1ef1c ti\u1ebfp gi\u1eefa pha v\u00e0 trung t\u00ednh<\/td>\n<td align=\"center\">176 ~ 276V<\/td>\n<td colspan=\"2\" align=\"center\">85-480V<\/td>\n<td>20 \u0111\u1ebfn 550V<\/td>\n<\/tr>\n<tr>\n<td colspan=\"5\"><strong>L\u1edbp ch\u00ednh x\u00e1c<\/strong><\/td>\n<\/tr>\n<tr>\n<td>\u0110i\u1ec7n n\u0103ng ho\u1ea1t \u0111\u1ed9ng<\/td>\n<td colspan=\"4\" align=\"center\">Classl<\/td>\n<\/tr>\n<tr>\n<td>C\u00f4ng su\u1ea5t ph\u1ea3n kh\u00e1ng<\/td>\n<td colspan=\"4\" align=\"center\">L\u1edbp 2<\/td>\n<\/tr>\n<tr>\n<td colspan=\"5\"><strong>Ngu\u1ed3n c\u1ea5p<\/strong><\/td>\n<\/tr>\n<tr>\n<td>S\u1ef1 ti\u00eau th\u1ee5 n\u0103ng l\u01b0\u1ee3ng<\/td>\n<td colspan=\"2\" align=\"center\">\u22642W \/ 10VA<\/td>\n<td>\u22642W \/ 10VA<\/td>\n<td>\u22642W \/ 10VA<\/td>\n<\/tr>\n<tr>\n<td>Ngu\u1ed3n \u0111i\u1ec7n AC \u0111\u1ea7u v\u00e0o \u0111i\u1ec7n \u00e1p<\/td>\n<td colspan=\"2\" align=\"center\">176-276V<\/td>\n<td>85-480V<\/td>\n<td>85-275V \/ 120-380V<\/td>\n<\/tr>\n<tr>\n<td>T\u1ea7n s\u1ed1 \u0111\u1ea7u v\u00e0o ngu\u1ed3n \u0111i\u1ec7n AC<\/td>\n<td colspan=\"2\" align=\"center\">50Hz<\/td>\n<td>50 \/ 60Hz _2%<\/td>\n<td>50 \/ 60Hz _2%<\/td>\n<\/tr>\n<tr>\n<td colspan=\"5\"><strong>Th\u00f4ng s\u1ed1 k\u1ef9 thu\u1eadt th\u1ebf h\u1ec7<\/strong><\/td>\n<\/tr>\n<tr>\n<td>K\u00edch th\u01b0\u1edbc (L \/ H \/ W) t\u00ednh b\u1eb1ng mm<\/td>\n<td align=\"center\">36 \u00d7 99 \u00d7 63<\/td>\n<td align=\"center\">72 \u00d7 100 \u00d7 66<\/td>\n<td colspan=\"2\">72 \u00d7 94,5 \u00d7 65<\/td>\n<\/tr>\n<tr>\n<td>Tr\u1ecdng l\u01b0\u1ee3ng (kg)<\/td>\n<td align=\"center\">0.21<\/td>\n<td align=\"center\">0.42<\/td>\n<td colspan=\"2\">0.29<\/td>\n<\/tr>\n<tr>\n<td>C\u00e1c t\u00f9y ch\u1ecdn g\u1eafn k\u1ebft<\/td>\n<td colspan=\"4\" align=\"center\">\u0110o\u1ea1n \u0111\u01b0\u1eddng ray \u1ed3n \u00e0o<\/td>\n<\/tr>\n<tr>\n<td>M\u1ee9c \u0111\u1ed9 b\u1ea3o v\u1ec7<\/td>\n<td colspan=\"4\" align=\"center\">IP51<\/td>\n<\/tr>\n<tr>\n<td>Tr\u01b0ng b\u00e0y<\/td>\n<td colspan=\"4\" align=\"center\">LCD<\/td>\n<\/tr>\n<tr>\n<td>Ph\u01b0\u01a1ng th\u1ee9c giao ti\u1ebfp<\/td>\n<td colspan=\"4\" align=\"center\">RS485<\/td>\n<\/tr>\n<tr>\n<td>T\u1ed1i \u0111a s\u1ed1 l\u01b0\u1ee3ng thi\u1ebft b\u1ecb \u0111\u1ec3 k\u1ebft n\u1ed1i<\/td>\n<td colspan=\"4\" align=\"center\">32<\/td>\n<\/tr>\n<tr>\n<td>Ph\u1ea1m vi nhi\u1ec7t \u0111\u1ed9 l\u00e0m vi\u1ec7c \u0111\u01b0\u1ee3c \u0111i\u1ec1u ch\u1ec9nh<\/td>\n<td colspan=\"4\" align=\"center\">-25 \u2103 ~ 55 \u2103<\/td>\n<\/tr>\n<tr>\n<td>\u0110\u1ed9 \u1ea9m<\/td>\n<td colspan=\"4\" align=\"center\">0 ~ 95%, \u65e0 \u51b7\u51dd<\/td>\n<\/tr>\n<tr>\n<td>S\u1ef1 b\u1ea3o \u0111\u1ea3m<\/td>\n<td colspan=\"4\" align=\"center\">1,5 n\u0103m<\/td>\n<\/tr>\n<\/tbody>\n<\/table>\n<\/div>\n<div><\/div>\n<div>\n<h3 style=\"text-align: center\">S\u01a1 \u0111\u1ed3 \u1ee9ng d\u1ee5ng Zero-export<\/h3>\n<p><img decoding=\"async\" class=\"wscnph\" src=\"https:\/\/vi.deyeinverter.com\/deyeinverter\/2020\/11\/19\/energy-meter-1.jpg\" \/><\/p>\n<div dir=\"auto\">\n<div dir=\"auto\">\u2014\u2014\u2014\u2014\u2014\u2014\u2014\u2014\u2014\u2014\u2014\u2013<\/div>\n<div dir=\"auto\"><a href=\"https:\/\/www.facebook.com\/DienMatTroi.SolarQuangBinh\">CH\u1eccN THU\u1eacN PHONG \u2013 CH\u1eccN S\u1ef0 AN T\u00c2M<\/a><br \/>\nHotline: 0869.564.567<br \/>\nKinh doanh: 0867.577.357<br \/>\nK\u1ef9 thu\u1eadt: 0899.768.777<br \/>\nService: 0867.118.636<br \/>\nTr\u1ee5 s\u1edf ch\u00ednh: 30 Nguy\u1ec5n H\u1eefu D\u1eadt, ph\u01b0\u1eddng \u0110\u1ed3ng H\u1edbi, t\u1ec9nh Qu\u1ea3ng Tr\u1ecb, Vi\u1ec7t Nam<br \/>\nTr\u1ee5 s\u1edf H\u00e0 N\u1ed9i: Nh\u00e0 ph\u1ed1 th\u01b0\u01a1ng m\u1ea1i Khai S\u01a1n Town s\u1ed1 18 thu\u1ed9c Town 7, khu \u0111\u00f4 th\u1ecb Khai S\u01a1n City, ph\u01b0\u1eddng B\u1ed3 \u0110\u1ec1, Th\u00e0nh ph\u1ed1 H\u00e0 N\u1ed9i<br \/>\nWebsite:\u00a0<a href=\"https:\/\/tpenergy.com.vn\/\">https:\/\/tpenergy.com.vn\/<\/a><br \/>\nShopee:\u00a0<a href=\"https:\/\/shopee.vn\/thuanphongenergy?entryPoint=ShopBySearch&amp;searchKeyword=thu%E1%BA%ADn%20phong%20solar%20energy\">https:\/\/byvn.net\/E1oJ<\/a><br \/>\nLazada:\u00a0<a href=\"https:\/\/byvn.net\/VYPr\">https:\/\/byvn.net\/VYPr<\/a><\/div>\n<\/div>\n<div dir=\"auto\"><\/div>\n<\/div>\n<\/li>\n<\/ul>\n","protected":false},"excerpt":{"rendered":"<h3>V\u1ec1 s\u1ea3n ph\u1ea9m:<\/h3>\n<ul>\n<li>Ph\u1ea1m vi giao ti\u1ebfp t\u1ed1i \u0111a: 1000m<\/li>\n<li>Theo ti\u00eau chu\u1ea9n: IP51<\/li>\n<li>K\u00edch th\u01b0\u1edbc: 94,5mmx72mmx65mm<\/li>\n<li>Kh\u1ed1i L\u01b0\u1ee3ng: 80g<\/li>\n<li>K\u1ebft n\u1ed1i: \u00a0RS485<\/li>\n<li>B\u1ea3o h\u00e0nh 1 n\u0103m<\/li>\n<\/ul>\n<h3><i class=\"fas fa-download\"><\/i> Download<\/h3>\n<ul>\n<li><a href=\"https:\/\/tpenergy.com.vn\/wp-content\/uploads\/2023\/10\/SDM630MCT_Series_Datasheet-1.pdf\">Datasheet<\/a><\/li>\n<li><a href=\"https:\/\/tpenergy.com.vn\/wp-content\/uploads\/2023\/10\/SDM630-MCT-V2-manual-incl-protocoll.pdf\">User Manual<\/a><\/li>\n<\/ul>\n","protected":false},"featured_media":3963,"comment_status":"open","ping_status":"closed","template":"","meta":{"_eb_attr":""},"product_cat":[214],"product_tag":[208],"class_list":{"0":"post-3628","1":"product","2":"type-product","3":"status-publish","4":"has-post-thumbnail","6":"product_cat-meter","7":"product_tag-meter-eastron-3-pha-ct-ma-sdm630-mct","8":"pa_gia-khong-lap-dat","9":"pa_gia-lap-dat","11":"first","12":"instock","13":"shipping-taxable","14":"purchasable","15":"product-type-variable"},"yoast_head":"<!-- This site is optimized with the Yoast SEO plugin v20.9 - https:\/\/yoast.com\/wordpress\/plugins\/seo\/ -->\r\n<title>Meter EASTRON 3 pha + CT | Thu\u1eadn Phong Energy<\/title>\r\n<meta name=\"description\" content=\"Meter EASTRON 3 pha + CT Thanh d\u1eabn h\u01b0\u1edbng lo\u1ea1i \u0111i\u1ec7n t\u1eed m\u1ed9t pha SDM 230 Modbus g\u1eafn \u0111\u1ed3ng h\u1ed3 \u0111o n\u0103ng l\u01b0\u1ee3ng \u0111i\u1ec7n. N\u00f3 \u0111\u01b0\u1ee3c s\u1eed d\u1ee5ng \u0111\u1ec3\" \/>\r\n<meta name=\"robots\" content=\"index, follow, max-snippet:-1, max-image-preview:large, max-video-preview:-1\" \/>\r\n<link rel=\"canonical\" href=\"https:\/\/tpenergy.com.vn\/?product=meter-eastron-3-pha-ct-ma-sdm630-mct\" \/>\r\n<meta property=\"og:locale\" content=\"vi_VN\" \/>\r\n<meta property=\"og:type\" content=\"article\" \/>\r\n<meta property=\"og:title\" content=\"Meter EASTRON 3 pha + CT | Thu\u1eadn Phong Energy\" \/>\r\n<meta property=\"og:description\" content=\"Meter EASTRON 3 pha + CT Thanh d\u1eabn h\u01b0\u1edbng lo\u1ea1i \u0111i\u1ec7n t\u1eed m\u1ed9t pha SDM 230 Modbus g\u1eafn \u0111\u1ed3ng h\u1ed3 \u0111o n\u0103ng l\u01b0\u1ee3ng \u0111i\u1ec7n. N\u00f3 \u0111\u01b0\u1ee3c s\u1eed d\u1ee5ng \u0111\u1ec3\" \/>\r\n<meta property=\"og:url\" content=\"https:\/\/tpenergy.com.vn\/?product=meter-eastron-3-pha-ct-ma-sdm630-mct\" \/>\r\n<meta property=\"og:site_name\" content=\"Thuan Phong Solar Energy\" \/>\r\n<meta property=\"article:modified_time\" content=\"2025-11-28T06:31:11+00:00\" \/>\r\n<meta property=\"og:image\" content=\"https:\/\/tpenergy.com.vn\/wp-content\/uploads\/2023\/10\/2023-11-17_15-09-18.png\" \/>\r\n\t<meta property=\"og:image:width\" content=\"448\" \/>\r\n\t<meta property=\"og:image:height\" content=\"478\" \/>\r\n\t<meta property=\"og:image:type\" content=\"image\/png\" \/>\r\n<meta name=\"twitter:card\" content=\"summary_large_image\" \/>\r\n<meta name=\"twitter:label1\" content=\"\u01af\u1edbc t\u00ednh th\u1eddi gian \u0111\u1ecdc\" \/>\n\t<meta name=\"twitter:data1\" content=\"3 ph\u00fat\" \/>\r\n<script type=\"application\/ld+json\" class=\"yoast-schema-graph\">{\"@context\":\"https:\/\/schema.org\",\"@graph\":[{\"@type\":\"WebPage\",\"@id\":\"https:\/\/tpenergy.com.vn\/?product=meter-eastron-3-pha-ct-ma-sdm630-mct\",\"url\":\"https:\/\/tpenergy.com.vn\/?product=meter-eastron-3-pha-ct-ma-sdm630-mct\",\"name\":\"Meter EASTRON 3 pha + CT | Thu\u1eadn Phong Energy\",\"isPartOf\":{\"@id\":\"https:\/\/tpenergy.com.vn\/#website\"},\"datePublished\":\"2023-10-16T09:20:37+00:00\",\"dateModified\":\"2025-11-28T06:31:11+00:00\",\"description\":\"Meter EASTRON 3 pha + CT Thanh d\u1eabn h\u01b0\u1edbng lo\u1ea1i \u0111i\u1ec7n t\u1eed m\u1ed9t pha SDM 230 Modbus g\u1eafn \u0111\u1ed3ng h\u1ed3 \u0111o n\u0103ng l\u01b0\u1ee3ng \u0111i\u1ec7n. N\u00f3 \u0111\u01b0\u1ee3c s\u1eed d\u1ee5ng \u0111\u1ec3\",\"breadcrumb\":{\"@id\":\"https:\/\/tpenergy.com.vn\/?product=meter-eastron-3-pha-ct-ma-sdm630-mct#breadcrumb\"},\"inLanguage\":\"vi\",\"potentialAction\":[{\"@type\":\"ReadAction\",\"target\":[\"https:\/\/tpenergy.com.vn\/?product=meter-eastron-3-pha-ct-ma-sdm630-mct\"]}]},{\"@type\":\"BreadcrumbList\",\"@id\":\"https:\/\/tpenergy.com.vn\/?product=meter-eastron-3-pha-ct-ma-sdm630-mct#breadcrumb\",\"itemListElement\":[{\"@type\":\"ListItem\",\"position\":1,\"name\":\"Trang ch\u1ee7\",\"item\":\"https:\/\/tpenergy.com.vn\/\"},{\"@type\":\"ListItem\",\"position\":2,\"name\":\"Shop\",\"item\":\"https:\/\/tpenergy.com.vn\/?page_id=5\"},{\"@type\":\"ListItem\",\"position\":3,\"name\":\"BI\u1ebeN T\u1ea6N\",\"item\":\"https:\/\/tpenergy.com.vn\/?product_cat=bien-tan\"},{\"@type\":\"ListItem\",\"position\":4,\"name\":\"DEYE\",\"item\":\"https:\/\/tpenergy.com.vn\/?product_cat=deye\"},{\"@type\":\"ListItem\",\"position\":5,\"name\":\"Meter\",\"item\":\"https:\/\/tpenergy.com.vn\/?product_cat=meter\"},{\"@type\":\"ListItem\",\"position\":6,\"name\":\"Meter EASTRON SDM630 MCT\"}]},{\"@type\":\"WebSite\",\"@id\":\"https:\/\/tpenergy.com.vn\/#website\",\"url\":\"https:\/\/tpenergy.com.vn\/\",\"name\":\"Thuan Phong Solar Energy\",\"description\":\"\",\"potentialAction\":[{\"@type\":\"SearchAction\",\"target\":{\"@type\":\"EntryPoint\",\"urlTemplate\":\"https:\/\/tpenergy.com.vn\/?s={search_term_string}\"},\"query-input\":\"required name=search_term_string\"}],\"inLanguage\":\"vi\"}]}<\/script>\r\n<!-- \/ Yoast SEO plugin. -->","yoast_head_json":{"title":"Meter EASTRON 3 pha + CT | Thu\u1eadn Phong Energy","description":"Meter EASTRON 3 pha + CT Thanh d\u1eabn h\u01b0\u1edbng lo\u1ea1i \u0111i\u1ec7n t\u1eed m\u1ed9t pha SDM 230 Modbus g\u1eafn \u0111\u1ed3ng h\u1ed3 \u0111o n\u0103ng l\u01b0\u1ee3ng \u0111i\u1ec7n. N\u00f3 \u0111\u01b0\u1ee3c s\u1eed d\u1ee5ng \u0111\u1ec3","robots":{"index":"index","follow":"follow","max-snippet":"max-snippet:-1","max-image-preview":"max-image-preview:large","max-video-preview":"max-video-preview:-1"},"canonical":"https:\/\/tpenergy.com.vn\/?product=meter-eastron-3-pha-ct-ma-sdm630-mct","og_locale":"vi_VN","og_type":"article","og_title":"Meter EASTRON 3 pha + CT | Thu\u1eadn Phong Energy","og_description":"Meter EASTRON 3 pha + CT Thanh d\u1eabn h\u01b0\u1edbng lo\u1ea1i \u0111i\u1ec7n t\u1eed m\u1ed9t pha SDM 230 Modbus g\u1eafn \u0111\u1ed3ng h\u1ed3 \u0111o n\u0103ng l\u01b0\u1ee3ng \u0111i\u1ec7n. N\u00f3 \u0111\u01b0\u1ee3c s\u1eed d\u1ee5ng \u0111\u1ec3","og_url":"https:\/\/tpenergy.com.vn\/?product=meter-eastron-3-pha-ct-ma-sdm630-mct","og_site_name":"Thuan Phong Solar Energy","article_modified_time":"2025-11-28T06:31:11+00:00","og_image":[{"width":448,"height":478,"url":"https:\/\/tpenergy.com.vn\/wp-content\/uploads\/2023\/10\/2023-11-17_15-09-18.png","type":"image\/png"}],"twitter_card":"summary_large_image","twitter_misc":{"\u01af\u1edbc t\u00ednh th\u1eddi gian \u0111\u1ecdc":"3 ph\u00fat"},"schema":{"@context":"https:\/\/schema.org","@graph":[{"@type":"WebPage","@id":"https:\/\/tpenergy.com.vn\/?product=meter-eastron-3-pha-ct-ma-sdm630-mct","url":"https:\/\/tpenergy.com.vn\/?product=meter-eastron-3-pha-ct-ma-sdm630-mct","name":"Meter EASTRON 3 pha + CT | Thu\u1eadn Phong Energy","isPartOf":{"@id":"https:\/\/tpenergy.com.vn\/#website"},"datePublished":"2023-10-16T09:20:37+00:00","dateModified":"2025-11-28T06:31:11+00:00","description":"Meter EASTRON 3 pha + CT Thanh d\u1eabn h\u01b0\u1edbng lo\u1ea1i \u0111i\u1ec7n t\u1eed m\u1ed9t pha SDM 230 Modbus g\u1eafn \u0111\u1ed3ng h\u1ed3 \u0111o n\u0103ng l\u01b0\u1ee3ng \u0111i\u1ec7n. N\u00f3 \u0111\u01b0\u1ee3c s\u1eed d\u1ee5ng \u0111\u1ec3","breadcrumb":{"@id":"https:\/\/tpenergy.com.vn\/?product=meter-eastron-3-pha-ct-ma-sdm630-mct#breadcrumb"},"inLanguage":"vi","potentialAction":[{"@type":"ReadAction","target":["https:\/\/tpenergy.com.vn\/?product=meter-eastron-3-pha-ct-ma-sdm630-mct"]}]},{"@type":"BreadcrumbList","@id":"https:\/\/tpenergy.com.vn\/?product=meter-eastron-3-pha-ct-ma-sdm630-mct#breadcrumb","itemListElement":[{"@type":"ListItem","position":1,"name":"Trang ch\u1ee7","item":"https:\/\/tpenergy.com.vn\/"},{"@type":"ListItem","position":2,"name":"Shop","item":"https:\/\/tpenergy.com.vn\/?page_id=5"},{"@type":"ListItem","position":3,"name":"BI\u1ebeN T\u1ea6N","item":"https:\/\/tpenergy.com.vn\/?product_cat=bien-tan"},{"@type":"ListItem","position":4,"name":"DEYE","item":"https:\/\/tpenergy.com.vn\/?product_cat=deye"},{"@type":"ListItem","position":5,"name":"Meter","item":"https:\/\/tpenergy.com.vn\/?product_cat=meter"},{"@type":"ListItem","position":6,"name":"Meter EASTRON SDM630 MCT"}]},{"@type":"WebSite","@id":"https:\/\/tpenergy.com.vn\/#website","url":"https:\/\/tpenergy.com.vn\/","name":"Thuan Phong Solar Energy","description":"","potentialAction":[{"@type":"SearchAction","target":{"@type":"EntryPoint","urlTemplate":"https:\/\/tpenergy.com.vn\/?s={search_term_string}"},"query-input":"required name=search_term_string"}],"inLanguage":"vi"}]}},"_links":{"self":[{"href":"https:\/\/tpenergy.com.vn\/index.php?rest_route=\/wp\/v2\/product\/3628"}],"collection":[{"href":"https:\/\/tpenergy.com.vn\/index.php?rest_route=\/wp\/v2\/product"}],"about":[{"href":"https:\/\/tpenergy.com.vn\/index.php?rest_route=\/wp\/v2\/types\/product"}],"replies":[{"embeddable":true,"href":"https:\/\/tpenergy.com.vn\/index.php?rest_route=%2Fwp%2Fv2%2Fcomments&post=3628"}],"wp:featuredmedia":[{"embeddable":true,"href":"https:\/\/tpenergy.com.vn\/index.php?rest_route=\/wp\/v2\/media\/3963"}],"wp:attachment":[{"href":"https:\/\/tpenergy.com.vn\/index.php?rest_route=%2Fwp%2Fv2%2Fmedia&parent=3628"}],"wp:term":[{"taxonomy":"product_cat","embeddable":true,"href":"https:\/\/tpenergy.com.vn\/index.php?rest_route=%2Fwp%2Fv2%2Fproduct_cat&post=3628"},{"taxonomy":"product_tag","embeddable":true,"href":"https:\/\/tpenergy.com.vn\/index.php?rest_route=%2Fwp%2Fv2%2Fproduct_tag&post=3628"}],"curies":[{"name":"wp","href":"https:\/\/api.w.org\/{rel}","templated":true}]}}