{"id":3620,"date":"2023-10-16T16:06:34","date_gmt":"2023-10-16T09:06:34","guid":{"rendered":"https:\/\/tpenergy.com.vn\/?post_type=product&#038;p=3620"},"modified":"2025-11-12T13:54:58","modified_gmt":"2025-11-12T06:54:58","slug":"meter-eastron-1-pha-ma-sdm230-modbus","status":"publish","type":"product","link":"https:\/\/tpenergy.com.vn\/?product=meter-eastron-1-pha-ma-sdm230-modbus","title":{"rendered":"Meter EASTRON 1 Pha SDM230-Modbus"},"content":{"rendered":"<h3>Meter EASTRON 1 Pha SDM230-Modbus l\u00e0 Metter ch\u1ed1ng ph\u00e1t ng\u01b0\u1ee3c l\u00ean l\u01b0\u1edbi \u0111i\u1ec7n (Zero Export).<br \/>\nSDM230 l\u00e0 m\u1ed9t lo\u1ea1i c\u00f4ng t\u01a1 \u0111i\u1ec7n th\u00f4ng minh c\u00f3 kh\u1ea3 n\u0103ng \u0111o l\u01b0\u1eddng n\u0103ng l\u01b0\u1ee3ng v\u00e0 g\u1eedi d\u1eef li\u1ec7u qua giao th\u1ee9c Modbus. Giao th\u1ee9c Modbus th\u01b0\u1eddng \u0111\u01b0\u1ee3c s\u1eed d\u1ee5ng trong c\u00e1c h\u1ec7 th\u1ed1ng t\u1ef1 \u0111\u1ed9ng h\u00f3a c\u00f4ng nghi\u1ec7p v\u00e0 h\u1ec7 th\u1ed1ng gi\u00e1m s\u00e1t n\u0103ng l\u01b0\u1ee3ng \u0111\u1ec3 truy\u1ec1n d\u1eef li\u1ec7u gi\u1eefa c\u00e1c thi\u1ebft b\u1ecb. SDM230 t\u00edch h\u1ee3p giao th\u1ee9c n\u00e0y gi\u00fap d\u1ec5 d\u00e0ng t\u00edch h\u1ee3p v\u00e0o c\u00e1c h\u1ec7 th\u1ed1ng ki\u1ec3m so\u00e1t v\u00e0 gi\u00e1m s\u00e1t kh\u00e1c nhau.<\/h3>\n<h3>Ph\u1ee5 ki\u1ec7n &amp; Gi\u00e1m s\u00e1t Energy Meter: Meter EASTRON 1 Pha SDM230-Modbus<\/h3>\n<ul>\n<li>M\u00e0n h\u00ecnh LCD c\u1ee5c b\u1ed9, giao ti\u1ebfp RS485<\/li>\n<li>\u00c1p d\u1ee5ng l\u1eafp \u0111\u1eb7t \u0111\u01b0\u1eddng ray din DIN35mm ti\u00eau chu\u1ea9n<\/li>\n<li>Kh\u1ed1i l\u01b0\u1ee3ng nh\u1ecf, c\u00e0i \u0111\u1eb7t d\u1ec5 d\u00e0ng v\u00e0 giao ti\u1ebfp d\u1ec5 d\u00e0ng<\/li>\n<li>C\u00f4ng su\u1ea5t ho\u1ea1t \u0111\u1ed9ng thu\u1eadn v\u00e0 ngh\u1ecbch, \u0111o s\u00e1ng c\u00f4ng su\u1ea5t ph\u1ea3n kh\u00e1ng b\u1ed1n g\u00f3c ph\u1ea7n t\u01b0<\/li>\n<\/ul>\n<div>\n<table id=\"table\" border=\"1\">\n<tbody>\n<tr>\n<td><strong>M\u00f4 h\u00ecnh<\/strong><\/td>\n<td align=\"center\"><strong>Modbus SDM 230<\/strong><\/td>\n<td colspan=\"2\" align=\"center\"><strong>SDM 630-Modbus V2<\/strong><\/td>\n<td><strong>SDM 630 MCT<\/strong><\/td>\n<\/tr>\n<tr>\n<td>T\u1ed1i \u0111a \u0111o d\u00f2ng \u0111i\u1ec7n m\u1ed9t chi\u1ec1u (A)<\/td>\n<td align=\"center\">100A<\/td>\n<td colspan=\"2\" align=\"center\">100A<\/td>\n<td>1-9999A (\u642d\u914d CT \u4e00\u6b21 \u4fa7 \u7535\u6d41\uff09<\/td>\n<\/tr>\n<tr>\n<td rowspan=\"2\">\u0110o \u0111i\u1ec7n \u00e1p tr\u1ef1c ti\u1ebfp gi\u1eefa c\u00e1c pha<\/td>\n<td rowspan=\"2\" align=\"center\">\/<\/td>\n<td colspan=\"2\" rowspan=\"2\" align=\"center\">147-480V<\/td>\n<td>50-950V<\/td>\n<\/tr>\n<tr>\n<td>50-550V<\/td>\n<\/tr>\n<tr>\n<td>\u0110o tr\u1ef1c ti\u1ebfp gi\u1eefa pha v\u00e0 trung t\u00ednh<\/td>\n<td align=\"center\">176 ~ 276V<\/td>\n<td colspan=\"2\" align=\"center\">85-480V<\/td>\n<td>20 \u0111\u1ebfn 550V<\/td>\n<\/tr>\n<tr>\n<td colspan=\"5\"><strong>L\u1edbp ch\u00ednh x\u00e1c<\/strong><\/td>\n<\/tr>\n<tr>\n<td>\u0110i\u1ec7n n\u0103ng ho\u1ea1t \u0111\u1ed9ng<\/td>\n<td colspan=\"4\" align=\"center\">Classl<\/td>\n<\/tr>\n<tr>\n<td>C\u00f4ng su\u1ea5t ph\u1ea3n kh\u00e1ng<\/td>\n<td colspan=\"4\" align=\"center\">L\u1edbp 2<\/td>\n<\/tr>\n<tr>\n<td colspan=\"5\"><strong>Ngu\u1ed3n c\u1ea5p<\/strong><\/td>\n<\/tr>\n<tr>\n<td>S\u1ef1 ti\u00eau th\u1ee5 n\u0103ng l\u01b0\u1ee3ng<\/td>\n<td colspan=\"2\" align=\"center\">\u22642W \/ 10VA<\/td>\n<td>\u22642W \/ 10VA<\/td>\n<td>\u22642W \/ 10VA<\/td>\n<\/tr>\n<tr>\n<td>Ngu\u1ed3n \u0111i\u1ec7n AC \u0111\u1ea7u v\u00e0o \u0111i\u1ec7n \u00e1p<\/td>\n<td colspan=\"2\" align=\"center\">176-276V<\/td>\n<td>85-480V<\/td>\n<td>85-275V \/ 120-380V<\/td>\n<\/tr>\n<tr>\n<td>T\u1ea7n s\u1ed1 \u0111\u1ea7u v\u00e0o ngu\u1ed3n \u0111i\u1ec7n AC<\/td>\n<td colspan=\"2\" align=\"center\">50Hz<\/td>\n<td>50 \/ 60Hz _2%<\/td>\n<td>50 \/ 60Hz _2%<\/td>\n<\/tr>\n<tr>\n<td colspan=\"5\"><strong>Th\u00f4ng s\u1ed1 k\u1ef9 thu\u1eadt th\u1ebf h\u1ec7<\/strong><\/td>\n<\/tr>\n<tr>\n<td>K\u00edch th\u01b0\u1edbc (L \/ H \/ W) t\u00ednh b\u1eb1ng mm<\/td>\n<td align=\"center\">36 \u00d7 99 \u00d7 63<\/td>\n<td align=\"center\">72 \u00d7 100 \u00d7 66<\/td>\n<td colspan=\"2\">72 \u00d7 94,5 \u00d7 65<\/td>\n<\/tr>\n<tr>\n<td>Tr\u1ecdng l\u01b0\u1ee3ng (kg)<\/td>\n<td align=\"center\">0.21<\/td>\n<td align=\"center\">0.42<\/td>\n<td colspan=\"2\">0.29<\/td>\n<\/tr>\n<tr>\n<td>C\u00e1c t\u00f9y ch\u1ecdn g\u1eafn k\u1ebft<\/td>\n<td colspan=\"4\" align=\"center\">\u0110o\u1ea1n \u0111\u01b0\u1eddng ray \u1ed3n \u00e0o<\/td>\n<\/tr>\n<tr>\n<td>M\u1ee9c \u0111\u1ed9 b\u1ea3o v\u1ec7<\/td>\n<td colspan=\"4\" align=\"center\">IP51<\/td>\n<\/tr>\n<tr>\n<td>Tr\u01b0ng b\u00e0y<\/td>\n<td colspan=\"4\" align=\"center\">LCD<\/td>\n<\/tr>\n<tr>\n<td>Ph\u01b0\u01a1ng th\u1ee9c giao ti\u1ebfp<\/td>\n<td colspan=\"4\" align=\"center\">RS485<\/td>\n<\/tr>\n<tr>\n<td>T\u1ed1i \u0111a s\u1ed1 l\u01b0\u1ee3ng thi\u1ebft b\u1ecb \u0111\u1ec3 k\u1ebft n\u1ed1i<\/td>\n<td colspan=\"4\" align=\"center\">32<\/td>\n<\/tr>\n<tr>\n<td>Ph\u1ea1m vi nhi\u1ec7t \u0111\u1ed9 l\u00e0m vi\u1ec7c \u0111\u01b0\u1ee3c \u0111i\u1ec1u ch\u1ec9nh<\/td>\n<td colspan=\"4\" align=\"center\">-25 \u2103 ~ 55 \u2103<\/td>\n<\/tr>\n<tr>\n<td>\u0110\u1ed9 \u1ea9m<\/td>\n<td colspan=\"4\" align=\"center\">0 ~ 95%, \u65e0 \u51b7\u51dd<\/td>\n<\/tr>\n<tr>\n<td>S\u1ef1 b\u1ea3o \u0111\u1ea3m<\/td>\n<td colspan=\"4\" align=\"center\">1,5 n\u0103m<\/td>\n<\/tr>\n<\/tbody>\n<\/table>\n<\/div>\n<p>&nbsp;<\/p>\n<h3 style=\"text-align: center\">S\u01a1 \u0111\u1ed3 \u1ee9ng d\u1ee5ng Zero-export<\/h3>\n<p><img decoding=\"async\" class=\"wscnph\" src=\"https:\/\/vi.deyeinverter.com\/deyeinverter\/2020\/11\/19\/energy-meter-1.jpg\" \/><\/p>\n<div dir=\"auto\">\n<div class=\"html-div xdj266r x14z9mp xat24cr x1lziwak xexx8yu xyri2b x18d9i69 x1c1uobl\">\n<div class=\"html-div xdj266r x14z9mp xat24cr x1lziwak xexx8yu xyri2b x18d9i69 x1c1uobl\" dir=\"auto\">\n<div class=\"html-div xdj266r x14z9mp xat24cr x1lziwak xexx8yu xyri2b x18d9i69 x1c1uobl\" data-ad-rendering-role=\"story_message\">\n<div id=\"_r_12aa_\" class=\"x1l90r2v x1iorvi4 x1g0dm76 xpdmqnj\" data-ad-comet-preview=\"message\" data-ad-preview=\"message\">\n<div class=\"x78zum5 xdt5ytf xz62fqu x16ldp7u\">\n<div class=\"xu06os2 x1ok221b\">\n<div class=\"html-div xdj266r x14z9mp xat24cr x1lziwak xexx8yu xyri2b x18d9i69 x1c1uobl\">\n<div class=\"x14z9mp xat24cr x1lziwak x1vvkbs xtlvy1s x126k92a\">\n<div dir=\"auto\">&#8212;<\/div>\n<div dir=\"auto\">CH\u1eccN THU\u1eacN PHONG &#8211; CH\u1eccN S\u1ef0 AN T\u00c2M<\/div>\n<div dir=\"auto\"><span class=\"html-span xexx8yu xyri2b x18d9i69 x1c1uobl x1hl2dhg x16tdsg8 x1vvkbs x3nfvp2 x1j61x8r x1fcty0u xdj266r xat24cr xm2jcoa x1mpyi22 xxymvpz xlup9mm x1kky2od\"><img loading=\"lazy\" decoding=\"async\" class=\"xz74otr x15mokao x1ga7v0g x16uus16 xbiv7yw\" src=\"https:\/\/static.xx.fbcdn.net\/images\/emoji.php\/v9\/t4c\/1\/16\/25aa.png\" alt=\"\u25aa\ufe0f\" width=\"16\" height=\"16\" \/><\/span> Hotline: 0869.564.567<\/div>\n<div dir=\"auto\"><span class=\"html-span xexx8yu xyri2b x18d9i69 x1c1uobl x1hl2dhg x16tdsg8 x1vvkbs x3nfvp2 x1j61x8r x1fcty0u xdj266r xat24cr xm2jcoa x1mpyi22 xxymvpz xlup9mm x1kky2od\"><img loading=\"lazy\" decoding=\"async\" class=\"xz74otr x15mokao x1ga7v0g x16uus16 xbiv7yw\" src=\"https:\/\/static.xx.fbcdn.net\/images\/emoji.php\/v9\/t4c\/1\/16\/25aa.png\" alt=\"\u25aa\ufe0f\" width=\"16\" height=\"16\" \/><\/span> K\u1ef9 thu\u1eadt: Mr D\u0169ng 0899.768.777<\/div>\n<div dir=\"auto\"><span class=\"html-span xexx8yu xyri2b x18d9i69 x1c1uobl x1hl2dhg x16tdsg8 x1vvkbs x3nfvp2 x1j61x8r x1fcty0u xdj266r xat24cr xm2jcoa x1mpyi22 xxymvpz xlup9mm x1kky2od\"><img loading=\"lazy\" decoding=\"async\" class=\"xz74otr x15mokao x1ga7v0g x16uus16 xbiv7yw\" src=\"https:\/\/static.xx.fbcdn.net\/images\/emoji.php\/v9\/t4c\/1\/16\/25aa.png\" alt=\"\u25aa\ufe0f\" width=\"16\" height=\"16\" \/><\/span> Kinh doanh: Mr Ph\u00fac 0867.577.357<\/div>\n<div dir=\"auto\"><span class=\"html-span xexx8yu xyri2b x18d9i69 x1c1uobl x1hl2dhg x16tdsg8 x1vvkbs x3nfvp2 x1j61x8r x1fcty0u xdj266r xat24cr xm2jcoa x1mpyi22 xxymvpz xlup9mm x1kky2od\"><img loading=\"lazy\" decoding=\"async\" class=\"xz74otr x15mokao x1ga7v0g x16uus16 xbiv7yw\" src=\"https:\/\/static.xx.fbcdn.net\/images\/emoji.php\/v9\/t4c\/1\/16\/25aa.png\" alt=\"\u25aa\ufe0f\" width=\"16\" height=\"16\" \/><\/span> Tr\u1ee5 s\u1edf ch\u00ednh: 30 Nguy\u1ec5n H\u1eefu D\u1eadt, ph\u01b0\u1eddng Nam L\u00fd, th\u00e0nh ph\u1ed1 \u0110\u1ed3ng H\u1edbi, t\u1ec9nh Qu\u1ea3ng B\u00ecnh, Vi\u1ec7t Nam<\/div>\n<div dir=\"auto\"><span class=\"html-span xexx8yu xyri2b x18d9i69 x1c1uobl x1hl2dhg x16tdsg8 x1vvkbs x3nfvp2 x1j61x8r x1fcty0u xdj266r xat24cr xm2jcoa x1mpyi22 xxymvpz xlup9mm x1kky2od\"><img loading=\"lazy\" decoding=\"async\" class=\"xz74otr x15mokao x1ga7v0g x16uus16 xbiv7yw\" src=\"https:\/\/static.xx.fbcdn.net\/images\/emoji.php\/v9\/t4c\/1\/16\/25aa.png\" alt=\"\u25aa\ufe0f\" width=\"16\" height=\"16\" \/><\/span> Tr\u1ee5 s\u1edf H\u00e0 N\u1ed9i: Nh\u00e0 ph\u1ed1 th\u01b0\u01a1ng m\u1ea1i Khai S\u01a1n Town s\u1ed1 18 thu\u1ed9c Town 7, khu \u0111\u00f4 th\u1ecb Khai S\u01a1n City, Ph\u01b0\u1eddng Th\u01b0\u1ee3ng Thanh, Qu\u1eadn Long Bi\u00ean, TP H\u00e0 N\u1ed9i<\/div>\n<div dir=\"auto\"><span class=\"html-span xexx8yu xyri2b x18d9i69 x1c1uobl x1hl2dhg x16tdsg8 x1vvkbs x3nfvp2 x1j61x8r x1fcty0u xdj266r xat24cr xm2jcoa x1mpyi22 xxymvpz xlup9mm x1kky2od\"><img loading=\"lazy\" decoding=\"async\" class=\"xz74otr x15mokao x1ga7v0g x16uus16 xbiv7yw\" src=\"https:\/\/static.xx.fbcdn.net\/images\/emoji.php\/v9\/t4c\/1\/16\/25aa.png\" alt=\"\u25aa\ufe0f\" width=\"16\" height=\"16\" \/><\/span> Website: <span class=\"html-span xdj266r x14z9mp xat24cr x1lziwak xexx8yu xyri2b x18d9i69 x1c1uobl x1hl2dhg x16tdsg8 x1vvkbs\"><a class=\"x1i10hfl xjbqb8w x1ejq31n x18oe1m7 x1sy0etr xstzfhl x972fbf x10w94by x1qhh985 x14e42zd x9f619 x1ypdohk xt0psk2 xe8uvvx xdj266r x14z9mp xat24cr x1lziwak xexx8yu xyri2b x18d9i69 x1c1uobl x16tdsg8 x1hl2dhg xggy1nq x1a2a7pz xkrqix3 x1sur9pj x1fey0fg x1s688f\" role=\"link\" href=\"https:\/\/tpenergy.com.vn\/?fbclid=IwZXh0bgNhZW0CMTAAYnJpZBExWXg3SkZiTnFJY1ZPbFNIdQEem-EBECg6OCdYCjsz1vw6TKwmwkxKnB-GASqyCLTg5YEwNgvg9azuVe1Pbrc_aem_RIAbZlD55poIGBmn2YbGqA\" target=\"_blank\" rel=\"nofollow noopener noreferrer\">https:\/\/tpenergy.com.vn\/<\/a><\/span><\/div>\n<div dir=\"auto\"><span class=\"html-span xexx8yu xyri2b x18d9i69 x1c1uobl x1hl2dhg x16tdsg8 x1vvkbs x3nfvp2 x1j61x8r x1fcty0u xdj266r xat24cr xm2jcoa x1mpyi22 xxymvpz xlup9mm x1kky2od\"><img loading=\"lazy\" decoding=\"async\" class=\"xz74otr x15mokao x1ga7v0g x16uus16 xbiv7yw\" src=\"https:\/\/static.xx.fbcdn.net\/images\/emoji.php\/v9\/t4c\/1\/16\/25aa.png\" alt=\"\u25aa\ufe0f\" width=\"16\" height=\"16\" \/><\/span> Shopee: <span class=\"html-span xdj266r x14z9mp xat24cr x1lziwak xexx8yu xyri2b x18d9i69 x1c1uobl x1hl2dhg x16tdsg8 x1vvkbs\"><a class=\"x1i10hfl xjbqb8w x1ejq31n x18oe1m7 x1sy0etr xstzfhl x972fbf x10w94by x1qhh985 x14e42zd x9f619 x1ypdohk xt0psk2 xe8uvvx xdj266r x14z9mp xat24cr x1lziwak xexx8yu xyri2b x18d9i69 x1c1uobl x16tdsg8 x1hl2dhg xggy1nq x1a2a7pz xkrqix3 x1sur9pj x1fey0fg x1s688f\" role=\"link\" href=\"https:\/\/byvn.net\/E1oJ?fbclid=IwZXh0bgNhZW0CMTAAYnJpZBExWXg3SkZiTnFJY1ZPbFNIdQEe1AmihQp6I0rNPlKSYiOWRXk6XWWJ6DrMsmRxdo-fWGxzJKid8OcOAsBP-pw_aem__MuT02Q15OApq10Cuc3gKg\" target=\"_blank\" rel=\"nofollow noopener noreferrer\">https:\/\/byvn.net\/E1oJ<\/a><\/span><\/div>\n<div dir=\"auto\"><span class=\"html-span xexx8yu xyri2b x18d9i69 x1c1uobl x1hl2dhg x16tdsg8 x1vvkbs x3nfvp2 x1j61x8r x1fcty0u xdj266r xat24cr xm2jcoa x1mpyi22 xxymvpz xlup9mm x1kky2od\"><img loading=\"lazy\" decoding=\"async\" class=\"xz74otr x15mokao x1ga7v0g x16uus16 xbiv7yw\" src=\"https:\/\/static.xx.fbcdn.net\/images\/emoji.php\/v9\/t4c\/1\/16\/25aa.png\" alt=\"\u25aa\ufe0f\" width=\"16\" height=\"16\" \/><\/span> Lazada: <span class=\"html-span xdj266r x14z9mp xat24cr x1lziwak xexx8yu xyri2b x18d9i69 x1c1uobl x1hl2dhg x16tdsg8 x1vvkbs\"><a class=\"x1i10hfl xjbqb8w x1ejq31n x18oe1m7 x1sy0etr xstzfhl x972fbf x10w94by x1qhh985 x14e42zd x9f619 x1ypdohk xt0psk2 xe8uvvx xdj266r x14z9mp xat24cr x1lziwak xexx8yu xyri2b x18d9i69 x1c1uobl x16tdsg8 x1hl2dhg xggy1nq x1a2a7pz xkrqix3 x1sur9pj x1fey0fg x1s688f\" role=\"link\" href=\"https:\/\/byvn.net\/VYPr?fbclid=IwZXh0bgNhZW0CMTAAYnJpZBExWXg3SkZiTnFJY1ZPbFNIdQEem-EBECg6OCdYCjsz1vw6TKwmwkxKnB-GASqyCLTg5YEwNgvg9azuVe1Pbrc_aem_RIAbZlD55poIGBmn2YbGqA\" target=\"_blank\" rel=\"nofollow noopener noreferrer\">https:\/\/byvn.net\/VYPr<\/a><\/span><\/div>\n<\/div>\n<\/div>\n<\/div>\n<\/div>\n<\/div>\n<\/div>\n<\/div>\n<div id=\"_r_12ab_\" class=\"html-div xdj266r x14z9mp xat24cr x1lziwak xexx8yu xyri2b x18d9i69 x1c1uobl x1n2onr6\">\n<div class=\"html-div xdj266r x14z9mp xat24cr x1lziwak xexx8yu xyri2b x18d9i69 x1c1uobl x1n2onr6\">\n<div class=\"html-div xdj266r x14z9mp xat24cr x1lziwak xexx8yu xyri2b x18d9i69 x1c1uobl\">\n<div class=\"x1n2onr6\">\n<div class=\"x1n2onr6\">\n<div class=\"x6ikm8r x10wlt62 x10l6tqk\"><\/div>\n<\/div>\n<\/div>\n<\/div>\n<\/div>\n<\/div>\n<\/div>\n<\/div>\n<div dir=\"auto\"><\/div>\n","protected":false},"excerpt":{"rendered":"<h3>V\u1ec1 s\u1ea3n ph\u1ea9m:<\/h3>\n<ul>\n<li>Ph\u1ea1m vi giao ti\u1ebfp t\u1ed1i \u0111a: 30m<\/li>\n<li>Theo ti\u00eau chu\u1ea9n: IP51<\/li>\n<li>K\u00edch th\u01b0\u1edbc: 99mmx63mmx36mm<\/li>\n<li>Kh\u1ed1i L\u01b0\u1ee3ng: 50g<\/li>\n<li>K\u1ebft n\u1ed1i: \u00a0RS485<\/li>\n<li>B\u1ea3o h\u00e0nh:1 n\u0103m<\/li>\n<\/ul>\n<h3><i class=\"fas fa-download\"><\/i> Download<\/h3>\n<ul>\n<li><a href=\"https:\/\/tpenergy.com.vn\/wp-content\/uploads\/2023\/10\/SDM230-M_Series_Datasheet.pdf\">Datacheet<\/a><\/li>\n<li><a href=\"https:\/\/tpenergy.com.vn\/wp-content\/uploads\/2023\/10\/SDM230_Sereis_Manual.pdf\">User Manual<\/a><\/li>\n<\/ul>\n","protected":false},"featured_media":3623,"comment_status":"open","ping_status":"closed","template":"","meta":{"_eb_attr":""},"product_cat":[214],"product_tag":[370,1103,206,889,890],"class_list":{"0":"post-3620","1":"product","2":"type-product","3":"status-publish","4":"has-post-thumbnail","6":"product_cat-meter","7":"product_tag-dien-mat-troi","8":"product_tag-meter","9":"product_tag-meter-eastron-1-pha","10":"product_tag-meter-eastron-1-pha-sdm230-modbus","11":"product_tag-sdm230-modbus","12":"pa_gia-khong-lap-dat","13":"pa_gia-lap-dat","15":"first","16":"instock","17":"shipping-taxable","18":"purchasable","19":"product-type-variable"},"yoast_head":"<!-- This site is optimized with the Yoast SEO plugin v20.9 - https:\/\/yoast.com\/wordpress\/plugins\/seo\/ -->\r\n<title>Meter EASTRON 1 Pha SDM230-Modbus | Thu\u1eadn Phong Energy<\/title>\r\n<meta name=\"description\" content=\"Meter EASTRON 1 Pha SDM230-Modbus l\u00e0 Metter ch\u1ed1ng ph\u00e1t ng\u01b0\u1ee3c l\u00ean l\u01b0\u1edbi \u0111i\u1ec7n (Zero Export). Giao th\u1ee9c Modbus th\u01b0\u1eddng \u0111\u01b0\u1ee3c s\u1eed d\u1ee5ng\" \/>\r\n<meta name=\"robots\" content=\"index, follow, max-snippet:-1, max-image-preview:large, max-video-preview:-1\" \/>\r\n<link rel=\"canonical\" href=\"https:\/\/tpenergy.com.vn\/?product=meter-eastron-1-pha-ma-sdm230-modbus\" \/>\r\n<meta property=\"og:locale\" content=\"vi_VN\" \/>\r\n<meta property=\"og:type\" content=\"article\" \/>\r\n<meta property=\"og:title\" content=\"Meter EASTRON 1 Pha SDM230-Modbus | Thu\u1eadn Phong Energy\" \/>\r\n<meta property=\"og:description\" content=\"Meter EASTRON 1 Pha SDM230-Modbus l\u00e0 Metter ch\u1ed1ng ph\u00e1t ng\u01b0\u1ee3c l\u00ean l\u01b0\u1edbi \u0111i\u1ec7n (Zero Export). Giao th\u1ee9c Modbus th\u01b0\u1eddng \u0111\u01b0\u1ee3c s\u1eed d\u1ee5ng\" \/>\r\n<meta property=\"og:url\" content=\"https:\/\/tpenergy.com.vn\/?product=meter-eastron-1-pha-ma-sdm230-modbus\" \/>\r\n<meta property=\"og:site_name\" content=\"Thuan Phong Solar Energy\" \/>\r\n<meta property=\"article:modified_time\" content=\"2025-11-12T06:54:58+00:00\" \/>\r\n<meta property=\"og:image\" content=\"https:\/\/tpenergy.com.vn\/wp-content\/uploads\/2023\/10\/modbus.jpg\" \/>\r\n\t<meta property=\"og:image:width\" content=\"500\" \/>\r\n\t<meta property=\"og:image:height\" content=\"500\" \/>\r\n\t<meta property=\"og:image:type\" content=\"image\/jpeg\" \/>\r\n<meta name=\"twitter:card\" content=\"summary_large_image\" \/>\r\n<meta name=\"twitter:label1\" content=\"\u01af\u1edbc t\u00ednh th\u1eddi gian \u0111\u1ecdc\" \/>\n\t<meta name=\"twitter:data1\" content=\"5 ph\u00fat\" \/>\r\n<script type=\"application\/ld+json\" class=\"yoast-schema-graph\">{\"@context\":\"https:\/\/schema.org\",\"@graph\":[{\"@type\":\"WebPage\",\"@id\":\"https:\/\/tpenergy.com.vn\/?product=meter-eastron-1-pha-ma-sdm230-modbus\",\"url\":\"https:\/\/tpenergy.com.vn\/?product=meter-eastron-1-pha-ma-sdm230-modbus\",\"name\":\"Meter EASTRON 1 Pha SDM230-Modbus | Thu\u1eadn Phong Energy\",\"isPartOf\":{\"@id\":\"https:\/\/tpenergy.com.vn\/#website\"},\"datePublished\":\"2023-10-16T09:06:34+00:00\",\"dateModified\":\"2025-11-12T06:54:58+00:00\",\"description\":\"Meter EASTRON 1 Pha SDM230-Modbus l\u00e0 Metter ch\u1ed1ng ph\u00e1t ng\u01b0\u1ee3c l\u00ean l\u01b0\u1edbi \u0111i\u1ec7n (Zero Export). Giao th\u1ee9c Modbus th\u01b0\u1eddng \u0111\u01b0\u1ee3c s\u1eed d\u1ee5ng\",\"breadcrumb\":{\"@id\":\"https:\/\/tpenergy.com.vn\/?product=meter-eastron-1-pha-ma-sdm230-modbus#breadcrumb\"},\"inLanguage\":\"vi\",\"potentialAction\":[{\"@type\":\"ReadAction\",\"target\":[\"https:\/\/tpenergy.com.vn\/?product=meter-eastron-1-pha-ma-sdm230-modbus\"]}]},{\"@type\":\"BreadcrumbList\",\"@id\":\"https:\/\/tpenergy.com.vn\/?product=meter-eastron-1-pha-ma-sdm230-modbus#breadcrumb\",\"itemListElement\":[{\"@type\":\"ListItem\",\"position\":1,\"name\":\"Trang ch\u1ee7\",\"item\":\"https:\/\/tpenergy.com.vn\/\"},{\"@type\":\"ListItem\",\"position\":2,\"name\":\"Shop\",\"item\":\"https:\/\/tpenergy.com.vn\/?page_id=5\"},{\"@type\":\"ListItem\",\"position\":3,\"name\":\"BI\u1ebeN T\u1ea6N\",\"item\":\"https:\/\/tpenergy.com.vn\/?product_cat=bien-tan\"},{\"@type\":\"ListItem\",\"position\":4,\"name\":\"DEYE\",\"item\":\"https:\/\/tpenergy.com.vn\/?product_cat=deye\"},{\"@type\":\"ListItem\",\"position\":5,\"name\":\"Meter\",\"item\":\"https:\/\/tpenergy.com.vn\/?product_cat=meter\"},{\"@type\":\"ListItem\",\"position\":6,\"name\":\"Meter EASTRON 1 Pha SDM230-Modbus\"}]},{\"@type\":\"WebSite\",\"@id\":\"https:\/\/tpenergy.com.vn\/#website\",\"url\":\"https:\/\/tpenergy.com.vn\/\",\"name\":\"Thuan Phong Solar Energy\",\"description\":\"\",\"potentialAction\":[{\"@type\":\"SearchAction\",\"target\":{\"@type\":\"EntryPoint\",\"urlTemplate\":\"https:\/\/tpenergy.com.vn\/?s={search_term_string}\"},\"query-input\":\"required name=search_term_string\"}],\"inLanguage\":\"vi\"}]}<\/script>\r\n<!-- \/ Yoast SEO plugin. -->","yoast_head_json":{"title":"Meter EASTRON 1 Pha SDM230-Modbus | Thu\u1eadn Phong Energy","description":"Meter EASTRON 1 Pha SDM230-Modbus l\u00e0 Metter ch\u1ed1ng ph\u00e1t ng\u01b0\u1ee3c l\u00ean l\u01b0\u1edbi \u0111i\u1ec7n (Zero Export). Giao th\u1ee9c Modbus th\u01b0\u1eddng \u0111\u01b0\u1ee3c s\u1eed d\u1ee5ng","robots":{"index":"index","follow":"follow","max-snippet":"max-snippet:-1","max-image-preview":"max-image-preview:large","max-video-preview":"max-video-preview:-1"},"canonical":"https:\/\/tpenergy.com.vn\/?product=meter-eastron-1-pha-ma-sdm230-modbus","og_locale":"vi_VN","og_type":"article","og_title":"Meter EASTRON 1 Pha SDM230-Modbus | Thu\u1eadn Phong Energy","og_description":"Meter EASTRON 1 Pha SDM230-Modbus l\u00e0 Metter ch\u1ed1ng ph\u00e1t ng\u01b0\u1ee3c l\u00ean l\u01b0\u1edbi \u0111i\u1ec7n (Zero Export). Giao th\u1ee9c Modbus th\u01b0\u1eddng \u0111\u01b0\u1ee3c s\u1eed d\u1ee5ng","og_url":"https:\/\/tpenergy.com.vn\/?product=meter-eastron-1-pha-ma-sdm230-modbus","og_site_name":"Thuan Phong Solar Energy","article_modified_time":"2025-11-12T06:54:58+00:00","og_image":[{"width":500,"height":500,"url":"https:\/\/tpenergy.com.vn\/wp-content\/uploads\/2023\/10\/modbus.jpg","type":"image\/jpeg"}],"twitter_card":"summary_large_image","twitter_misc":{"\u01af\u1edbc t\u00ednh th\u1eddi gian \u0111\u1ecdc":"5 ph\u00fat"},"schema":{"@context":"https:\/\/schema.org","@graph":[{"@type":"WebPage","@id":"https:\/\/tpenergy.com.vn\/?product=meter-eastron-1-pha-ma-sdm230-modbus","url":"https:\/\/tpenergy.com.vn\/?product=meter-eastron-1-pha-ma-sdm230-modbus","name":"Meter EASTRON 1 Pha SDM230-Modbus | Thu\u1eadn Phong Energy","isPartOf":{"@id":"https:\/\/tpenergy.com.vn\/#website"},"datePublished":"2023-10-16T09:06:34+00:00","dateModified":"2025-11-12T06:54:58+00:00","description":"Meter EASTRON 1 Pha SDM230-Modbus l\u00e0 Metter ch\u1ed1ng ph\u00e1t ng\u01b0\u1ee3c l\u00ean l\u01b0\u1edbi \u0111i\u1ec7n (Zero Export). Giao th\u1ee9c Modbus th\u01b0\u1eddng \u0111\u01b0\u1ee3c s\u1eed d\u1ee5ng","breadcrumb":{"@id":"https:\/\/tpenergy.com.vn\/?product=meter-eastron-1-pha-ma-sdm230-modbus#breadcrumb"},"inLanguage":"vi","potentialAction":[{"@type":"ReadAction","target":["https:\/\/tpenergy.com.vn\/?product=meter-eastron-1-pha-ma-sdm230-modbus"]}]},{"@type":"BreadcrumbList","@id":"https:\/\/tpenergy.com.vn\/?product=meter-eastron-1-pha-ma-sdm230-modbus#breadcrumb","itemListElement":[{"@type":"ListItem","position":1,"name":"Trang ch\u1ee7","item":"https:\/\/tpenergy.com.vn\/"},{"@type":"ListItem","position":2,"name":"Shop","item":"https:\/\/tpenergy.com.vn\/?page_id=5"},{"@type":"ListItem","position":3,"name":"BI\u1ebeN T\u1ea6N","item":"https:\/\/tpenergy.com.vn\/?product_cat=bien-tan"},{"@type":"ListItem","position":4,"name":"DEYE","item":"https:\/\/tpenergy.com.vn\/?product_cat=deye"},{"@type":"ListItem","position":5,"name":"Meter","item":"https:\/\/tpenergy.com.vn\/?product_cat=meter"},{"@type":"ListItem","position":6,"name":"Meter EASTRON 1 Pha SDM230-Modbus"}]},{"@type":"WebSite","@id":"https:\/\/tpenergy.com.vn\/#website","url":"https:\/\/tpenergy.com.vn\/","name":"Thuan Phong Solar Energy","description":"","potentialAction":[{"@type":"SearchAction","target":{"@type":"EntryPoint","urlTemplate":"https:\/\/tpenergy.com.vn\/?s={search_term_string}"},"query-input":"required name=search_term_string"}],"inLanguage":"vi"}]}},"_links":{"self":[{"href":"https:\/\/tpenergy.com.vn\/index.php?rest_route=\/wp\/v2\/product\/3620"}],"collection":[{"href":"https:\/\/tpenergy.com.vn\/index.php?rest_route=\/wp\/v2\/product"}],"about":[{"href":"https:\/\/tpenergy.com.vn\/index.php?rest_route=\/wp\/v2\/types\/product"}],"replies":[{"embeddable":true,"href":"https:\/\/tpenergy.com.vn\/index.php?rest_route=%2Fwp%2Fv2%2Fcomments&post=3620"}],"wp:featuredmedia":[{"embeddable":true,"href":"https:\/\/tpenergy.com.vn\/index.php?rest_route=\/wp\/v2\/media\/3623"}],"wp:attachment":[{"href":"https:\/\/tpenergy.com.vn\/index.php?rest_route=%2Fwp%2Fv2%2Fmedia&parent=3620"}],"wp:term":[{"taxonomy":"product_cat","embeddable":true,"href":"https:\/\/tpenergy.com.vn\/index.php?rest_route=%2Fwp%2Fv2%2Fproduct_cat&post=3620"},{"taxonomy":"product_tag","embeddable":true,"href":"https:\/\/tpenergy.com.vn\/index.php?rest_route=%2Fwp%2Fv2%2Fproduct_tag&post=3620"}],"curies":[{"name":"wp","href":"https:\/\/api.w.org\/{rel}","templated":true}]}}