{"id":3592,"date":"2023-10-16T14:54:51","date_gmt":"2023-10-16T07:54:51","guid":{"rendered":"https:\/\/tpenergy.com.vn\/?post_type=product&#038;p=3592"},"modified":"2025-11-13T16:31:27","modified_gmt":"2025-11-13T09:31:27","slug":"inverter-deye-hoa-luoi-3-pha-30-kw-2-mmpt","status":"publish","type":"product","link":"https:\/\/tpenergy.com.vn\/?product=inverter-deye-hoa-luoi-3-pha-30-kw-2-mmpt","title":{"rendered":"Inverter Deye ho\u00e0 l\u01b0\u1edbi 3 pha 30kW | SUN-30K-G04"},"content":{"rendered":"<h4><strong>Bi\u1ebfn t\u1ea7n DEYE 30kW 3 Pha<\/strong>\u00a0l\u00e0 Inverter h\u00f2a l\u01b0\u1edbi th\u01b0\u01a1ng hi\u1ec7u\u00a0<strong>DEYE<\/strong>\u00a0cho d\u1ef1 \u00e1n\u00a0<a href=\"https:\/\/tpenergy.com.vn\/?product_cat=combo-lap-dat-ho-gia-dinh\"><strong>\u0110i\u1ec7n n\u0103ng l\u01b0\u1ee3ng m\u1eb7t tr\u1eddi d\u00e2n d\u1ee5ng<\/strong><\/a> 3 pha c\u00f4ng su\u1ea5t 30kW. <strong>Inverter Deye ho\u00e0 l\u01b0\u1edbi 3 pha 30kW<\/strong> &#8211; <strong>SUN-30K-G04<\/strong>\u00a0v\u1edbi nhi\u1ec1u c\u00f4ng ngh\u1ec7 hi\u1ec7n \u0111\u1ea1i, t\u1ed1i \u01b0u hi\u1ec7u su\u1ea5t l\u00ean \u0111\u1ebfn 99.7% gi\u00fap t\u0103ng hi\u1ec7u su\u1ea5t h\u1ec7 th\u1ed1ng \u0110i\u1ec7n m\u1eb7t tr\u1eddi, ti\u1ebft ki\u1ec7m ti\u1ec1n \u0111i\u1ec7n h\u00e0ng th\u00e1ng l\u1edbn h\u01a1n.<\/h4>\n<h4>H\u00e3y c\u00f9ng<a href=\"https:\/\/tpenergy.com.vn\/?product_cat=deye\"> Thu\u1eadn Phong<\/a> t\u00ecm hi\u1ec3u chi ti\u1ebft v\u1ec1 bi\u1ebfn t\u1ea7n Deye 3 pha 30kW n\u00e0y nh\u00e9!<\/h4>\n<h3><strong>Th\u00f4ng s\u1ed1 k\u1ef9 thu\u1eadt Inverter Deye ho\u00e0 l\u01b0\u1edbi 3 pha 30kW <\/strong>&#8211; <strong>SUN-30K-G04<br \/>\n<img loading=\"lazy\" decoding=\"async\" class=\"wp-image-6705 aligncenter\" src=\"https:\/\/tpenergy.com.vn\/wp-content\/uploads\/2023\/10\/datasheet_sun-30-36k-g04_230626_en-h\u251c\u00bcnh-s\u2551unh-1-scaled.jpg\" alt=\"\" width=\"1040\" height=\"1412\" srcset=\"https:\/\/tpenergy.com.vn\/wp-content\/uploads\/2023\/10\/datasheet_sun-30-36k-g04_230626_en-h\u251c\u00bcnh-s\u2551unh-1-scaled.jpg 1886w, https:\/\/tpenergy.com.vn\/wp-content\/uploads\/2023\/10\/datasheet_sun-30-36k-g04_230626_en-h\u251c\u00bcnh-s\u2551unh-1-768x1042.jpg 768w, https:\/\/tpenergy.com.vn\/wp-content\/uploads\/2023\/10\/datasheet_sun-30-36k-g04_230626_en-h\u251c\u00bcnh-s\u2551unh-1-1132x1536.jpg 1132w, https:\/\/tpenergy.com.vn\/wp-content\/uploads\/2023\/10\/datasheet_sun-30-36k-g04_230626_en-h\u251c\u00bcnh-s\u2551unh-1-1509x2048.jpg 1509w, https:\/\/tpenergy.com.vn\/wp-content\/uploads\/2023\/10\/datasheet_sun-30-36k-g04_230626_en-h\u251c\u00bcnh-s\u2551unh-1-247x335.jpg 247w, https:\/\/tpenergy.com.vn\/wp-content\/uploads\/2023\/10\/datasheet_sun-30-36k-g04_230626_en-h\u251c\u00bcnh-s\u2551unh-1-510x692.jpg 510w\" sizes=\"(max-width: 1040px) 100vw, 1040px\" \/><br \/>\n<\/strong><\/h3>\n<h3>\u01afu \u0111i\u1ec3m n\u1ed5i b\u1eadt bi\u1ebfn t\u1ea7n Deye 30kW l\u00e0 g\u00ec?<\/h3>\n<ul>\n<li>V\u1edbi 2 MPPT cho hi\u1ec7u su\u1ea5t l\u00ean t\u1edbi 98,6%<\/li>\n<li>Inverter Deye 3 pha k\u00e8m Ct b\u00e1m t\u1ea3i gi\u00fap ch\u1ed1ng ph\u00e1t ng\u01b0\u1ee3c l\u01b0\u1edbi<\/li>\n<li>Gi\u00e1m s\u00e1t th\u00f4ng minh qua c\u00e1c String<\/li>\n<li>D\u1ea3i \u0111i\u1ec7n \u00e1p \u0111\u1ea7u ra r\u1ed9ng<\/li>\n<li>Bi\u1ebfn t\u1ea7n DEYE 30kW Ch\u1ee9c n\u0103ng ch\u1ed1ng PID<\/li>\n<\/ul>\n<h3 dir=\"ltr\"><a href=\"https:\/\/tpenergy.com.vn\/\">V\u00ec sao n\u00ean l\u1ef1a ch\u1ecdn bi\u1ebfn t\u1ea7n Deye 30kW t\u1ea1i Thu\u1eadn Phong?<\/a><\/h3>\n<p dir=\"ltr\">Thu\u1eadn Phong<a href=\"https:\/\/solartop.vn\/\"><em>\u00a0<\/em><\/a>t\u1ef1 h\u00e0o l\u00e0 m\u1ed9t trong nh\u1eefng nh\u00e0 ph\u00e2n ph\u1ed1i ch\u00ednh th\u1ee9c c\u1ee7a th\u01b0\u01a1ng hi\u1ec7u Deye t\u1ea1i Vi\u1ec7t Nam. Thu\u1eadn Phong lu\u00f4n mong mu\u1ed1n x\u00e2y d\u1ef1ng m\u1ed9t \u0111\u1ed9i ng\u0169 k\u1ef9 s\u01b0, nh\u00e2n vi\u00ean n\u1ed7 l\u1ef1c h\u1ebft m\u00ecnh, \u0111\u1ec3 mang \u0111\u1ebfn nh\u1eefng s\u1ea3n ph\u1ea9m v\u00e0 d\u1ecbch v\u1ee5 t\u1ed1t nh\u1ea5t t\u1edbi tay ng\u01b0\u1eddi ti\u00eau d\u00f9ng.<\/p>\n<p dir=\"ltr\"><img loading=\"lazy\" decoding=\"async\" class=\"wp-image-4396 aligncenter\" src=\"https:\/\/tpenergy.com.vn\/wp-content\/uploads\/2024\/03\/deye.jpg\" alt=\"\" width=\"897\" height=\"1209\" srcset=\"https:\/\/tpenergy.com.vn\/wp-content\/uploads\/2024\/03\/deye.jpg 541w, https:\/\/tpenergy.com.vn\/wp-content\/uploads\/2024\/03\/deye-247x333.jpg 247w, https:\/\/tpenergy.com.vn\/wp-content\/uploads\/2024\/03\/deye-510x687.jpg 510w\" sizes=\"(max-width: 897px) 100vw, 897px\" \/><\/p>\n<p dir=\"ltr\"><strong><a href=\"https:\/\/www.facebook.com\/DienMatTroi.SolarQuangBinh\">Thu\u1eadn Phong<\/a> cung c\u1ea5p l\u1eafp \u0111\u1eb7t tr\u1ecdn g\u00f3i h\u1ec7 th\u1ed1ng \u0111i\u1ec7n m\u1eb7t tr\u1eddi g\u1ed3m:<\/strong><\/p>\n<p><strong>\u2013 Thi\u1ebft k\u1ebf, l\u1eadp d\u1ef1 \u00e1n \u0111\u1ea7u t\u01b0<\/strong><br \/>\n<strong>\u2013 Cung c\u1ea5p thi\u1ebft b\u1ecb<\/strong><br \/>\n<strong>\u2013 Thi c\u00f4ng c\u00f4ng tr\u00ecnh<\/strong><br \/>\n<strong>\u2013 B\u1ea3o tr\u00ec, b\u1ea3o d\u01b0\u1ee1ng<\/strong><\/p>\n<p><strong>V\u1edbi s\u1ef1 n\u1ed7 l\u1ef1c, l\u00f2ng nhi\u1ec7t th\u00e0nh c\u1ed1ng hi\u1ebfn c\u1ee7a \u0111\u1ed9i ng\u0169 nh\u00e2n vi\u00ean c\u00f4ng ty, Thu\u1eadn Phong mong mu\u1ed1n \u0111\u01b0a th\u01b0\u01a1ng hi\u1ec7u trong c\u00e1c l\u0129nh v\u1ef1c ph\u00e2n ph\u1ed1i thi\u1ebft b\u1ecb, t\u01b0 v\u1ea5n thi\u1ebft k\u1ebf, l\u1eafp \u0111\u1eb7t v\u00e0 thi c\u00f4ng \u0111i\u1ec7n m\u1eb7t tr\u1eddi t\u1ea1i Vi\u1ec7t Nam, mang l\u1ea1i ni\u1ec1m tin cho nhi\u1ec1u kh\u00e1ch h\u00e0ng v\u00e0 \u0111\u1ed1i t\u00e1c l\u1edbn, truy\u1ec1n t\u1ea3i nh\u1eefng gi\u00e1 tr\u1ecb t\u1ed1t \u0111\u1eb9p v\u1ec1 m\u1ed9t th\u1ebf gi\u1edbi s\u1ea1ch v\u00e0 b\u1ec1n v\u1eefng, \u0111\u1ed3ng th\u1eddi thi\u1ebft l\u1eadp m\u1ed9t h\u1ec7 sinh th\u00e1i an to\u00e0n cho t\u01b0\u01a1ng lai.<\/strong><\/p>\n<p><strong>V\u00ec v\u1eady, n\u1ebfu b\u1ea1n l\u00e0 ch\u1ee7 d\u1ef1 \u00e1n c\u00f3 nhu c\u1ea7u s\u1eed d\u1ee5ng bi\u1ebfn t\u1ea7n Deye h\u00f2a l\u01b0\u1edbi ch\u1ea5t l\u01b0\u1ee3ng, h\u00e3y li\u00ean h\u1ec7 v\u1edbi Thu\u1eadn Phong qua hotline 0869.564.567 \u0111\u1ec3 l\u1ef1a ch\u1ecdn d\u00f2ng bi\u1ebfn t\u1ea7n chi ph\u00ed t\u1ed1t v\u00e0 uy t\u00edn nh\u1ea5t t\u1ea1i th\u1ecb tr\u01b0\u1eddng Vi\u1ec7t Nam hi\u1ec7n nay nh\u00e9.<\/strong><\/p>\n<div class=\"x9f619 x1n2onr6 x1ja2u2z\">\n<div class=\"x78zum5 xdt5ytf x1n2onr6 x1ja2u2z\">\n<div class=\"x78zum5 xdt5ytf x1n2onr6 xat3117 xxzkxad\">\n<div class=\"x78zum5 xdt5ytf x1t2pt76 x1n2onr6 x1ja2u2z x10cihs4\">\n<div class=\"x9f619 x2lah0s x1nhvcw1 x1qjc9v5 xozqiw3 x1q0g3np x78zum5 x1iyjqo2 x1t2pt76 x1n2onr6 x1ja2u2z x1h6rjhl\">\n<div class=\"x9f619 x1n2onr6 x1ja2u2z xdt5ytf x193iq5w xeuugli x1r8uery x1iyjqo2 xs83m0k x78zum5 x1t2pt76\" role=\"main\" aria-label=\"temp heading\">\n<div class=\"x78zum5 xdt5ytf x1iyjqo2 x1t2pt76 xeuugli x1n2onr6 x1ja2u2z\">\n<div class=\"x78zum5 xdt5ytf x1t2pt76\">\n<div class=\"x78zum5 xdt5ytf x1iyjqo2 x1t2pt76 xeuugli\">\n<div class=\"x78zum5 xdt5ytf x1t2pt76 x1n2onr6\" role=\"main\">\n<div class=\"x6s0dn4 x78zum5 xdt5ytf x193iq5w\">\n<div class=\"x9f619 x193iq5w x1talbiv x1sltb1f x3fxtfs x1swvt13 x1pi30zi xw7yly9\">\n<div class=\"x9f619 x1n2onr6 x1ja2u2z x2lah0s x1qjc9v5 x78zum5 x1q0g3np x1a02dak xl56j7k x9otpla x1n0m28w x1wsgfga xp7jhwk\">\n<div class=\"x9f619 x1n2onr6 x1ja2u2z xeuugli xs83m0k x1xmf6yo x1emribx x1e56ztr x1i64zmx xjl7jj x19h7ccj xu9j1y6 x7ep2pv\">\n<div class=\"x1yztbdb x1n2onr6 xh8yej3 x1ja2u2z\">\n<div class=\"x1n2onr6 x1ja2u2z\">\n<div class=\"\">\n<div class=\"\">\n<div class=\"x1a2a7pz\" role=\"article\" aria-describedby=\":r6ar: :r6as: :r6at: :r6av: :r6au:\" aria-labelledby=\":r6aq:\">\n<div class=\"x78zum5 xdt5ytf\">\n<div class=\"x9f619 x1n2onr6 x1ja2u2z\">\n<div class=\"x78zum5 x1n2onr6 xh8yej3\">\n<div class=\"x9f619 x1n2onr6 x1ja2u2z x1jx94hy x1qpq9i9 xdney7k xu5ydu1 xt3gfkd xh8yej3 x6ikm8r x10wlt62 xquyuld\">\n<div class=\"html-div xe8uvvx xdj266r x11i5rnm xat24cr x1mh8g0r xexx8yu x4uap5 x18d9i69 xkhd6sd\">\n<div class=\"\" dir=\"auto\">\n<div id=\":r6as:\" class=\"x1iorvi4 x1pi30zi x1l90r2v x1swvt13\" data-ad-comet-preview=\"message\" data-ad-preview=\"message\">\n<div class=\"x78zum5 xdt5ytf xz62fqu x16ldp7u\">\n<div class=\"xu06os2 x1ok221b\">\n<div class=\"x11i5rnm xat24cr x1mh8g0r x1vvkbs xtlvy1s x126k92a\">\n<div dir=\"auto\">\n<div dir=\"auto\">\u2014\u2014\u2014\u2014\u2014\u2014\u2014\u2014\u2014\u2014\u2014\u2013<\/div>\n<div dir=\"auto\"><a href=\"https:\/\/www.facebook.com\/DienMatTroi.SolarQuangBinh\">CH\u1eccN THU\u1eacN PHONG \u2013 CH\u1eccN S\u1ef0 AN T\u00c2M<\/a><br \/>\nHotline: 0869.564.567<br \/>\nKinh doanh: 0867.577.357<br \/>\nK\u1ef9 thu\u1eadt: 0899.768.777<br \/>\nService: 0867.118.636<br \/>\nTr\u1ee5 s\u1edf ch\u00ednh: 30 Nguy\u1ec5n H\u1eefu D\u1eadt, ph\u01b0\u1eddng \u0110\u1ed3ng H\u1edbi, t\u1ec9nh Qu\u1ea3ng Tr\u1ecb, Vi\u1ec7t Nam<br \/>\nTr\u1ee5 s\u1edf H\u00e0 N\u1ed9i: Nh\u00e0 ph\u1ed1 th\u01b0\u01a1ng m\u1ea1i Khai S\u01a1n Town s\u1ed1 18 thu\u1ed9c Town 7, khu \u0111\u00f4 th\u1ecb Khai S\u01a1n City, ph\u01b0\u1eddng B\u1ed3 \u0110\u1ec1, Th\u00e0nh ph\u1ed1 H\u00e0 N\u1ed9i<br \/>\nWebsite:\u00a0<a href=\"https:\/\/tpenergy.com.vn\/\">https:\/\/tpenergy.com.vn\/<\/a><br \/>\nShopee:\u00a0<a href=\"https:\/\/shopee.vn\/thuanphongenergy?entryPoint=ShopBySearch&amp;searchKeyword=thu%E1%BA%ADn%20phong%20solar%20energy\">https:\/\/byvn.net\/E1oJ<\/a><br \/>\nLazada:\u00a0<a href=\"https:\/\/byvn.net\/VYPr\">https:\/\/byvn.net\/VYPr<\/a><\/div>\n<\/div>\n<\/div>\n<\/div>\n<\/div>\n<\/div>\n<\/div>\n<div id=\":r6at:\" class=\"x1n2onr6\">\n<div class=\"x1n2onr6\">\n<div class=\"x6s0dn4 x1jx94hy x78zum5 xdt5ytf x6ikm8r x10wlt62 x1n2onr6 xh8yej3\">\n<div>\n<div class=\"xqtp20y x6ikm8r x10wlt62 x1n2onr6\"><\/div>\n<\/div>\n<\/div>\n<\/div>\n<\/div>\n<\/div>\n<\/div>\n<\/div>\n<\/div>\n<\/div>\n<\/div>\n<\/div>\n<\/div>\n<\/div>\n<\/div>\n<\/div>\n<\/div>\n<\/div>\n<\/div>\n<\/div>\n<\/div>\n<\/div>\n<\/div>\n<\/div>\n<\/div>\n<\/div>\n<\/div>\n<\/div>\n<\/div>\n","protected":false},"excerpt":{"rendered":"<h3>V\u1ec1 s\u1ea3n ph\u1ea9m:<\/h3>\n<ul>\n<li>C\u00f4ng su\u1ea5t ra AC: 30000W<\/li>\n<li>Hi\u1ec7u su\u1ea5t: 98.6%<\/li>\n<li>C\u1ea5p ch\u1ed1ng n\u01b0\u1edbc: IP65<\/li>\n<li>K\u00edch th\u01b0\u1edbc: 362x577x215(mm)<\/li>\n<li>Kh\u1ed1i L\u01b0\u1ee3ng: 23kg<\/li>\n<li>K\u1ebft n\u1ed1i: Wifi, RS485, RS232, LAN<\/li>\n<li>B\u1ea3o h\u00e0nh: 5 n\u0103m<\/li>\n<\/ul>\n<h3><i class=\"fas fa-download\"><\/i> Download<\/h3>\n<ul>\n<li><a href=\"https:\/\/tpenergy.com.vn\/wp-content\/uploads\/2023\/10\/datasheet_sun-30-36k-g04_230626_en.pdf\">Datasheet<\/a><\/li>\n<li><a href=\"https:\/\/tpenergy.com.vn\/wp-content\/uploads\/2023\/10\/User-manual-sun-30-36k-g04.pdf\">User-manual<\/a><\/li>\n<\/ul>\n","protected":false},"featured_media":3585,"comment_status":"open","ping_status":"closed","template":"","meta":{"_eb_attr":""},"product_cat":[212],"product_tag":[421,204,220,420,203,422],"class_list":{"0":"post-3592","1":"product","2":"type-product","3":"status-publish","4":"has-post-thumbnail","6":"product_cat-ongrid","7":"product_tag-bien-tan-deye-30kw-3-pha","8":"product_tag-bien-tan-deye-hoa-luoi","9":"product_tag-inverter-deye","10":"product_tag-inverter-deye-30kw","11":"product_tag-inverter-deye-hoa-luoi-3-pha-30-kw-2-mmpt","12":"product_tag-sun-30k-g04","13":"pa_gia-khong-lap-dat","14":"pa_gia-lap-dat","16":"first","17":"instock","18":"shipping-taxable","19":"purchasable","20":"product-type-variable"},"yoast_head":"<!-- This site is optimized with the Yoast SEO plugin v20.9 - https:\/\/yoast.com\/wordpress\/plugins\/seo\/ -->\r\n<title>Inverter Deye ho\u00e0 l\u01b0\u1edbi 3 pha 30kW | Thu\u1eadn Phong Energy<\/title>\r\n<meta name=\"description\" content=\"Inverter Deye ho\u00e0 l\u01b0\u1edbi 3 pha 30kW: C\u00f4ng su\u1ea5t ra AC: 30000W, Hi\u1ec7u su\u1ea5t: 98.6%, C\u1ea5p ch\u1ed1ng n\u01b0\u1edbc: IP65, K\u00edch th\u01b0\u1edbc: 362x577x215(mm), Kh\u1ed1i L\u01b0\u1ee3ng: 23kg\" \/>\r\n<meta name=\"robots\" content=\"index, follow, max-snippet:-1, max-image-preview:large, max-video-preview:-1\" \/>\r\n<link rel=\"canonical\" href=\"https:\/\/tpenergy.com.vn\/?product=inverter-deye-hoa-luoi-3-pha-30-kw-2-mmpt\" \/>\r\n<meta property=\"og:locale\" content=\"vi_VN\" \/>\r\n<meta property=\"og:type\" content=\"article\" \/>\r\n<meta property=\"og:title\" content=\"Inverter Deye ho\u00e0 l\u01b0\u1edbi 3 pha 30kW | Thu\u1eadn Phong Energy\" \/>\r\n<meta property=\"og:description\" content=\"Inverter Deye ho\u00e0 l\u01b0\u1edbi 3 pha 30kW: C\u00f4ng su\u1ea5t ra AC: 30000W, Hi\u1ec7u su\u1ea5t: 98.6%, C\u1ea5p ch\u1ed1ng n\u01b0\u1edbc: IP65, K\u00edch th\u01b0\u1edbc: 362x577x215(mm), Kh\u1ed1i L\u01b0\u1ee3ng: 23kg\" \/>\r\n<meta property=\"og:url\" content=\"https:\/\/tpenergy.com.vn\/?product=inverter-deye-hoa-luoi-3-pha-30-kw-2-mmpt\" \/>\r\n<meta property=\"og:site_name\" content=\"Thuan Phong Solar Energy\" \/>\r\n<meta property=\"article:modified_time\" content=\"2025-11-13T09:31:27+00:00\" \/>\r\n<meta property=\"og:image\" content=\"https:\/\/tpenergy.com.vn\/wp-content\/uploads\/2023\/10\/25KW-G05-\u5fb7\u4e1a.152.png\" \/>\r\n\t<meta property=\"og:image:width\" content=\"5000\" \/>\r\n\t<meta property=\"og:image:height\" content=\"3491\" \/>\r\n\t<meta property=\"og:image:type\" content=\"image\/png\" \/>\r\n<meta name=\"twitter:card\" content=\"summary_large_image\" \/>\r\n<meta name=\"twitter:label1\" content=\"\u01af\u1edbc t\u00ednh th\u1eddi gian \u0111\u1ecdc\" \/>\n\t<meta name=\"twitter:data1\" content=\"3 ph\u00fat\" \/>\r\n<script type=\"application\/ld+json\" class=\"yoast-schema-graph\">{\"@context\":\"https:\/\/schema.org\",\"@graph\":[{\"@type\":\"WebPage\",\"@id\":\"https:\/\/tpenergy.com.vn\/?product=inverter-deye-hoa-luoi-3-pha-30-kw-2-mmpt\",\"url\":\"https:\/\/tpenergy.com.vn\/?product=inverter-deye-hoa-luoi-3-pha-30-kw-2-mmpt\",\"name\":\"Inverter Deye ho\u00e0 l\u01b0\u1edbi 3 pha 30kW | Thu\u1eadn Phong Energy\",\"isPartOf\":{\"@id\":\"https:\/\/tpenergy.com.vn\/#website\"},\"datePublished\":\"2023-10-16T07:54:51+00:00\",\"dateModified\":\"2025-11-13T09:31:27+00:00\",\"description\":\"Inverter Deye ho\u00e0 l\u01b0\u1edbi 3 pha 30kW: C\u00f4ng su\u1ea5t ra AC: 30000W, Hi\u1ec7u su\u1ea5t: 98.6%, C\u1ea5p ch\u1ed1ng n\u01b0\u1edbc: IP65, K\u00edch th\u01b0\u1edbc: 362x577x215(mm), Kh\u1ed1i L\u01b0\u1ee3ng: 23kg\",\"breadcrumb\":{\"@id\":\"https:\/\/tpenergy.com.vn\/?product=inverter-deye-hoa-luoi-3-pha-30-kw-2-mmpt#breadcrumb\"},\"inLanguage\":\"vi\",\"potentialAction\":[{\"@type\":\"ReadAction\",\"target\":[\"https:\/\/tpenergy.com.vn\/?product=inverter-deye-hoa-luoi-3-pha-30-kw-2-mmpt\"]}]},{\"@type\":\"BreadcrumbList\",\"@id\":\"https:\/\/tpenergy.com.vn\/?product=inverter-deye-hoa-luoi-3-pha-30-kw-2-mmpt#breadcrumb\",\"itemListElement\":[{\"@type\":\"ListItem\",\"position\":1,\"name\":\"Trang ch\u1ee7\",\"item\":\"https:\/\/tpenergy.com.vn\/\"},{\"@type\":\"ListItem\",\"position\":2,\"name\":\"Shop\",\"item\":\"https:\/\/tpenergy.com.vn\/?page_id=5\"},{\"@type\":\"ListItem\",\"position\":3,\"name\":\"BI\u1ebeN T\u1ea6N\",\"item\":\"https:\/\/tpenergy.com.vn\/?product_cat=bien-tan\"},{\"@type\":\"ListItem\",\"position\":4,\"name\":\"DEYE\",\"item\":\"https:\/\/tpenergy.com.vn\/?product_cat=deye\"},{\"@type\":\"ListItem\",\"position\":5,\"name\":\"OnGrid\",\"item\":\"https:\/\/tpenergy.com.vn\/?product_cat=ongrid\"},{\"@type\":\"ListItem\",\"position\":6,\"name\":\"Inverter Deye ho\u00e0 l\u01b0\u1edbi 3 pha 30kW | SUN-30K-G04\"}]},{\"@type\":\"WebSite\",\"@id\":\"https:\/\/tpenergy.com.vn\/#website\",\"url\":\"https:\/\/tpenergy.com.vn\/\",\"name\":\"Thuan Phong Solar Energy\",\"description\":\"\",\"potentialAction\":[{\"@type\":\"SearchAction\",\"target\":{\"@type\":\"EntryPoint\",\"urlTemplate\":\"https:\/\/tpenergy.com.vn\/?s={search_term_string}\"},\"query-input\":\"required name=search_term_string\"}],\"inLanguage\":\"vi\"}]}<\/script>\r\n<!-- \/ Yoast SEO plugin. -->","yoast_head_json":{"title":"Inverter Deye ho\u00e0 l\u01b0\u1edbi 3 pha 30kW | Thu\u1eadn Phong Energy","description":"Inverter Deye ho\u00e0 l\u01b0\u1edbi 3 pha 30kW: C\u00f4ng su\u1ea5t ra AC: 30000W, Hi\u1ec7u su\u1ea5t: 98.6%, C\u1ea5p ch\u1ed1ng n\u01b0\u1edbc: IP65, K\u00edch th\u01b0\u1edbc: 362x577x215(mm), Kh\u1ed1i L\u01b0\u1ee3ng: 23kg","robots":{"index":"index","follow":"follow","max-snippet":"max-snippet:-1","max-image-preview":"max-image-preview:large","max-video-preview":"max-video-preview:-1"},"canonical":"https:\/\/tpenergy.com.vn\/?product=inverter-deye-hoa-luoi-3-pha-30-kw-2-mmpt","og_locale":"vi_VN","og_type":"article","og_title":"Inverter Deye ho\u00e0 l\u01b0\u1edbi 3 pha 30kW | Thu\u1eadn Phong Energy","og_description":"Inverter Deye ho\u00e0 l\u01b0\u1edbi 3 pha 30kW: C\u00f4ng su\u1ea5t ra AC: 30000W, Hi\u1ec7u su\u1ea5t: 98.6%, C\u1ea5p ch\u1ed1ng n\u01b0\u1edbc: IP65, K\u00edch th\u01b0\u1edbc: 362x577x215(mm), Kh\u1ed1i L\u01b0\u1ee3ng: 23kg","og_url":"https:\/\/tpenergy.com.vn\/?product=inverter-deye-hoa-luoi-3-pha-30-kw-2-mmpt","og_site_name":"Thuan Phong Solar Energy","article_modified_time":"2025-11-13T09:31:27+00:00","og_image":[{"width":5000,"height":3491,"url":"https:\/\/tpenergy.com.vn\/wp-content\/uploads\/2023\/10\/25KW-G05-\u5fb7\u4e1a.152.png","type":"image\/png"}],"twitter_card":"summary_large_image","twitter_misc":{"\u01af\u1edbc t\u00ednh th\u1eddi gian \u0111\u1ecdc":"3 ph\u00fat"},"schema":{"@context":"https:\/\/schema.org","@graph":[{"@type":"WebPage","@id":"https:\/\/tpenergy.com.vn\/?product=inverter-deye-hoa-luoi-3-pha-30-kw-2-mmpt","url":"https:\/\/tpenergy.com.vn\/?product=inverter-deye-hoa-luoi-3-pha-30-kw-2-mmpt","name":"Inverter Deye ho\u00e0 l\u01b0\u1edbi 3 pha 30kW | Thu\u1eadn Phong Energy","isPartOf":{"@id":"https:\/\/tpenergy.com.vn\/#website"},"datePublished":"2023-10-16T07:54:51+00:00","dateModified":"2025-11-13T09:31:27+00:00","description":"Inverter Deye ho\u00e0 l\u01b0\u1edbi 3 pha 30kW: C\u00f4ng su\u1ea5t ra AC: 30000W, Hi\u1ec7u su\u1ea5t: 98.6%, C\u1ea5p ch\u1ed1ng n\u01b0\u1edbc: IP65, K\u00edch th\u01b0\u1edbc: 362x577x215(mm), Kh\u1ed1i L\u01b0\u1ee3ng: 23kg","breadcrumb":{"@id":"https:\/\/tpenergy.com.vn\/?product=inverter-deye-hoa-luoi-3-pha-30-kw-2-mmpt#breadcrumb"},"inLanguage":"vi","potentialAction":[{"@type":"ReadAction","target":["https:\/\/tpenergy.com.vn\/?product=inverter-deye-hoa-luoi-3-pha-30-kw-2-mmpt"]}]},{"@type":"BreadcrumbList","@id":"https:\/\/tpenergy.com.vn\/?product=inverter-deye-hoa-luoi-3-pha-30-kw-2-mmpt#breadcrumb","itemListElement":[{"@type":"ListItem","position":1,"name":"Trang ch\u1ee7","item":"https:\/\/tpenergy.com.vn\/"},{"@type":"ListItem","position":2,"name":"Shop","item":"https:\/\/tpenergy.com.vn\/?page_id=5"},{"@type":"ListItem","position":3,"name":"BI\u1ebeN T\u1ea6N","item":"https:\/\/tpenergy.com.vn\/?product_cat=bien-tan"},{"@type":"ListItem","position":4,"name":"DEYE","item":"https:\/\/tpenergy.com.vn\/?product_cat=deye"},{"@type":"ListItem","position":5,"name":"OnGrid","item":"https:\/\/tpenergy.com.vn\/?product_cat=ongrid"},{"@type":"ListItem","position":6,"name":"Inverter Deye ho\u00e0 l\u01b0\u1edbi 3 pha 30kW | SUN-30K-G04"}]},{"@type":"WebSite","@id":"https:\/\/tpenergy.com.vn\/#website","url":"https:\/\/tpenergy.com.vn\/","name":"Thuan Phong Solar Energy","description":"","potentialAction":[{"@type":"SearchAction","target":{"@type":"EntryPoint","urlTemplate":"https:\/\/tpenergy.com.vn\/?s={search_term_string}"},"query-input":"required name=search_term_string"}],"inLanguage":"vi"}]}},"_links":{"self":[{"href":"https:\/\/tpenergy.com.vn\/index.php?rest_route=\/wp\/v2\/product\/3592"}],"collection":[{"href":"https:\/\/tpenergy.com.vn\/index.php?rest_route=\/wp\/v2\/product"}],"about":[{"href":"https:\/\/tpenergy.com.vn\/index.php?rest_route=\/wp\/v2\/types\/product"}],"replies":[{"embeddable":true,"href":"https:\/\/tpenergy.com.vn\/index.php?rest_route=%2Fwp%2Fv2%2Fcomments&post=3592"}],"wp:featuredmedia":[{"embeddable":true,"href":"https:\/\/tpenergy.com.vn\/index.php?rest_route=\/wp\/v2\/media\/3585"}],"wp:attachment":[{"href":"https:\/\/tpenergy.com.vn\/index.php?rest_route=%2Fwp%2Fv2%2Fmedia&parent=3592"}],"wp:term":[{"taxonomy":"product_cat","embeddable":true,"href":"https:\/\/tpenergy.com.vn\/index.php?rest_route=%2Fwp%2Fv2%2Fproduct_cat&post=3592"},{"taxonomy":"product_tag","embeddable":true,"href":"https:\/\/tpenergy.com.vn\/index.php?rest_route=%2Fwp%2Fv2%2Fproduct_tag&post=3592"}],"curies":[{"name":"wp","href":"https:\/\/api.w.org\/{rel}","templated":true}]}}