{"id":3557,"date":"2023-10-05T14:49:46","date_gmt":"2023-10-05T07:49:46","guid":{"rendered":"https:\/\/tpenergy.com.vn\/?post_type=product&#038;p=3557"},"modified":"2025-11-12T13:41:23","modified_gmt":"2025-11-12T06:41:23","slug":"inverter-deye-hoa-luoi-1-pha-6-kw-2-mmpt-sun6k-g","status":"publish","type":"product","link":"https:\/\/tpenergy.com.vn\/?product=inverter-deye-hoa-luoi-1-pha-6-kw-2-mmpt-sun6k-g","title":{"rendered":"Inverter Deye ho\u00e0 l\u01b0\u1edbi 1 pha 6kW | SUN-6K-G05P1-EU-AM2"},"content":{"rendered":"<p dir=\"ltr\"><strong>Gi\u1edbi thi\u1ec7u v\u1ec1 Inverter DEYE ho\u00e0 l\u01b0\u1edbi 1 pha 6kw (SUN\u20136K\u2013G05P1-EU-AM2)\u00a0<\/strong><\/p>\n<p dir=\"ltr\">Inverter DEYE ho\u00e0 l\u01b0\u1edbi\u00a0 1 pha 6kw\u00a0 (<strong>SUN\u20136K\u2013G05P1-EU-AM2<\/strong>) hay c\u00f2n g\u1ecdi <em><strong>bi\u1ebfn t\u1ea7n Deye 6kW<\/strong><\/em> (t\u00ean ti\u1ebfng Anh l\u00e0 Deye Single Phase String Inverter Sun) l\u00e0 b\u1ed9 bi\u1ebfn \u0111\u1ed5i d\u00f2ng \u0111i\u1ec7n m\u1ed9t chi\u1ec1u t\u1eeb t\u1ea5m n\u0103ng l\u01b0\u1ee3ng m\u1eb7t tr\u1eddi th\u00e0nh d\u00f2ng xoay chi\u1ec1u, gi\u00fap cung c\u1ea5p \u0111i\u1ec7n cho c\u00e1c thi\u1ebft b\u1ecb trong gia \u0111\u00ecnh. <em><strong>Bi\u1ebfn t\u1ea7n Deye 6kW<\/strong><\/em> ho\u1ea1t \u0111\u1ed9ng th\u00f4ng minh h\u01a1n c\u00e1c lo\u1ea1i bi\u1ebfn t\u1ea7n h\u00f2a l\u01b0\u1edbi kh\u00e1c, t\u00edch h\u1ee3p c\u00f4ng ngh\u1ec7 MPPT to\u00e0n di\u1ec7n, c\u00f3 m\u00e0n h\u00ecnh hi\u1ec3n th\u1ecb th\u00f4ng s\u1ed1, d\u1ec5 d\u00e0ng s\u1eed d\u1ee5ng t\u00ednh n\u0103ng ph\u00e1t t\u00edn hi\u1ec7u internet \u0111\u1ec3 theo d\u00f5i tr\u00ean \u0111i\u1ec7n tho\u1ea1i th\u00f4ng minh.<\/p>\n<p dir=\"ltr\">\u0110\u1eb7c t\u00ednh k\u1ef9 thu\u1eadt n\u1ed5i b\u1eadt <strong>Inverter DEYE 6kw 1 pha (SUN\u20136K\u2013G05P1-EU-AM2)\u00a0<\/strong><\/p>\n<ul>\n<li dir=\"ltr\"><em>Bi\u1ebfn t\u1ea7n Deye 6kW g\u1ecdn nh\u1eb9 d\u1ec5 s\u1eed d\u1ee5ng<\/em><\/li>\n<\/ul>\n<p dir=\"ltr\">\u2013\u00a0 <em><strong>Bi\u1ebfn t\u1ea7n Deye<\/strong><\/em> c\u00f3 tr\u1ecdng l\u01b0\u1ee3ng nh\u1eb9 h\u01a1n 30% so v\u1edbi c\u00e1c s\u1ea3n ph\u1ea9m t\u01b0\u01a1ng t\u1ef1, gi\u1ea3m t\u1edbi 20% so v\u1edbi inverter h\u00f2a l\u01b0\u1edbi c\u00f9ng lo\u1ea1i, thi\u1ebft k\u1ebf nh\u1ecf g\u1ecdn, ti\u1ebft ki\u1ec7m kh\u00f4ng gian l\u1eafp \u0111\u1eb7t<br \/>\n\u2013\u00a0 Ho\u1ea1t \u0111\u1ed9ng g\u1ea7n nh\u01b0 kh\u00f4ng ph\u00e1t ra ti\u1ebfng \u1ed3n<\/p>\n<ul>\n<li dir=\"ltr\"><em>Inverter Deye 6kW \u0111\u1ea1t ch\u1ea5t l\u01b0\u1ee3ng, an to\u00e0n s\u1eed d\u1ee5ng<\/em><\/li>\n<\/ul>\n<p>\u2013\u00a0 D\u1ec5 d\u00e0ng k\u1ebft n\u1ed1i 3 d\u00e3y pin n\u0103ng l\u01b0\u1ee3ng m\u1eb7t tr\u1eddi<br \/>\n\u2013\u00a0 \u0110i\u1ec7n \u00e1p kh\u1edfi \u0111\u1ed9ng th\u1ea5p h\u01a1n \u1edf 80V<br \/>\n\u2013\u00a0 Ph\u1ea1m vi c\u1ee7a d\u00e3y \u0111i\u1ec7n \u00e1p MPPT r\u1ed9ng<br \/>\n\u2013\u00a0 \u0110\u1ea1t chu\u1ea9n 10 th\u01b0\u1edbc \u0111o an to\u00e0n trong vi\u1ec7c b\u1ea3o v\u1ec7 ch\u1ed1ng b\u1ee5i, ch\u1ed1ng n\u01b0\u1edbc<br \/>\n\u2013\u00a0 T\u1ef1 \u0111\u1ed9ng t\u1eaft m\u00e1y, an to\u00e0n khi x\u1ea3y ra s\u1ef1 c\u1ed1 m\u1ea5t \u0111i\u1ec7n<\/p>\n<ul>\n<li dir=\"ltr\" style=\"text-align: left\"><em>S\u1ea3n ph\u1ea9m c\u00f3 gi\u00e1m s\u00e1t qu\u1ea3n l\u00fd th\u00f4ng minh<\/em><\/li>\n<\/ul>\n<p dir=\"ltr\">\u2013 D\u1ec5 d\u00e0ng k\u1ebft n\u1ed1i v\u00e0 gi\u00e1m s\u00e1t t\u1eeb xa tr\u00ean c\u00e1c thi\u1ebft b\u1ecb di \u0111\u1ed9ng th\u00f4ng minh<br \/>\n\u2013 D\u1ec5 d\u00e0ng k\u1ebft n\u1ed1i gi\u1eefa c\u00e1c bi\u1ebfn t\u1ea7n v\u1edbi thi\u1ebft b\u1ecb gi\u00e1m s\u00e1t nh\u01b0 m\u00e1y t\u00ednh, \u0111i\u1ec7n tho\u1ea1i, plc th\u00f4ng qua giao ti\u1ebfp RS323, RS485, GPRS, Wifi, LAN, Enthenet<\/p>\n<p dir=\"ltr\"><strong>Bi\u1ebfn t\u1ea7n ho\u00e0 l\u01b0\u1edbi Deye 6kW v\u00e0 c\u00e1c th\u00f4ng s\u1ed1 k\u1ef9 thu\u1eadt<\/strong><\/p>\n<p><img loading=\"lazy\" decoding=\"async\" class=\"size-full wp-image-6271 aligncenter\" src=\"https:\/\/tpenergy.com.vn\/wp-content\/uploads\/2023\/10\/1-3.jpg\" alt=\"\" width=\"1190\" height=\"1615\" srcset=\"https:\/\/tpenergy.com.vn\/wp-content\/uploads\/2023\/10\/1-3.jpg 1190w, https:\/\/tpenergy.com.vn\/wp-content\/uploads\/2023\/10\/1-3-768x1042.jpg 768w, https:\/\/tpenergy.com.vn\/wp-content\/uploads\/2023\/10\/1-3-1132x1536.jpg 1132w, https:\/\/tpenergy.com.vn\/wp-content\/uploads\/2023\/10\/1-3-247x335.jpg 247w, https:\/\/tpenergy.com.vn\/wp-content\/uploads\/2023\/10\/1-3-510x692.jpg 510w\" sizes=\"(max-width: 1190px) 100vw, 1190px\" \/><\/p>\n<h2 dir=\"ltr\"><a href=\"https:\/\/tpenergy.com.vn\/\">V\u00ec sao n\u00ean l\u1ef1a ch\u1ecdn bi\u1ebfn t\u1ea7n Deye 6kW t\u1ea1i Thu\u1eadn Phong?<\/a><\/h2>\n<p dir=\"ltr\">Thu\u1eadn Phong<a href=\"https:\/\/solartop.vn\/\"><em>\u00a0<\/em><\/a>t\u1ef1 h\u00e0o l\u00e0 m\u1ed9t trong nh\u1eefng nh\u00e0 ph\u00e2n ph\u1ed1i ch\u00ednh th\u1ee9c c\u1ee7a th\u01b0\u01a1ng hi\u1ec7u Deye t\u1ea1i Vi\u1ec7t Nam. Thu\u1eadn Phong lu\u00f4n mong mu\u1ed1n x\u00e2y d\u1ef1ng m\u1ed9t \u0111\u1ed9i ng\u0169 k\u1ef9 s\u01b0, nh\u00e2n vi\u00ean n\u1ed7 l\u1ef1c h\u1ebft m\u00ecnh, \u0111\u1ec3 mang \u0111\u1ebfn nh\u1eefng s\u1ea3n ph\u1ea9m v\u00e0 d\u1ecbch v\u1ee5 t\u1ed1t nh\u1ea5t t\u1edbi tay ng\u01b0\u1eddi ti\u00eau d\u00f9ng.<\/p>\n<p dir=\"ltr\"><img loading=\"lazy\" decoding=\"async\" class=\"alignnone size-full wp-image-5871\" src=\"https:\/\/tpenergy.com.vn\/wp-content\/uploads\/2024\/10\/\u9ec4\u91d1\u6388\u6743\u8bc1\u4e66-\u6bb7\u6d77\u5eb7-Thuan-Phong-Electromechanical-Trading-Service-Co._LTD-Vietnam_\u8d8a\u5357_-Jy8jdqhF_1_-_1_.png\" alt=\"\" width=\"1654\" height=\"2339\" srcset=\"https:\/\/tpenergy.com.vn\/wp-content\/uploads\/2024\/10\/\u9ec4\u91d1\u6388\u6743\u8bc1\u4e66-\u6bb7\u6d77\u5eb7-Thuan-Phong-Electromechanical-Trading-Service-Co._LTD-Vietnam_\u8d8a\u5357_-Jy8jdqhF_1_-_1_.png 1654w, https:\/\/tpenergy.com.vn\/wp-content\/uploads\/2024\/10\/\u9ec4\u91d1\u6388\u6743\u8bc1\u4e66-\u6bb7\u6d77\u5eb7-Thuan-Phong-Electromechanical-Trading-Service-Co._LTD-Vietnam_\u8d8a\u5357_-Jy8jdqhF_1_-_1_-768x1086.png 768w, https:\/\/tpenergy.com.vn\/wp-content\/uploads\/2024\/10\/\u9ec4\u91d1\u6388\u6743\u8bc1\u4e66-\u6bb7\u6d77\u5eb7-Thuan-Phong-Electromechanical-Trading-Service-Co._LTD-Vietnam_\u8d8a\u5357_-Jy8jdqhF_1_-_1_-1086x1536.png 1086w, https:\/\/tpenergy.com.vn\/wp-content\/uploads\/2024\/10\/\u9ec4\u91d1\u6388\u6743\u8bc1\u4e66-\u6bb7\u6d77\u5eb7-Thuan-Phong-Electromechanical-Trading-Service-Co._LTD-Vietnam_\u8d8a\u5357_-Jy8jdqhF_1_-_1_-1448x2048.png 1448w, https:\/\/tpenergy.com.vn\/wp-content\/uploads\/2024\/10\/\u9ec4\u91d1\u6388\u6743\u8bc1\u4e66-\u6bb7\u6d77\u5eb7-Thuan-Phong-Electromechanical-Trading-Service-Co._LTD-Vietnam_\u8d8a\u5357_-Jy8jdqhF_1_-_1_-247x349.png 247w, https:\/\/tpenergy.com.vn\/wp-content\/uploads\/2024\/10\/\u9ec4\u91d1\u6388\u6743\u8bc1\u4e66-\u6bb7\u6d77\u5eb7-Thuan-Phong-Electromechanical-Trading-Service-Co._LTD-Vietnam_\u8d8a\u5357_-Jy8jdqhF_1_-_1_-510x721.png 510w\" sizes=\"(max-width: 1654px) 100vw, 1654px\" \/><\/p>\n<p dir=\"ltr\"><strong><a href=\"https:\/\/www.facebook.com\/DienMatTroi.SolarQuangBinh\">Thu\u1eadn Phong<\/a> cung c\u1ea5p l\u1eafp \u0111\u1eb7t tr\u1ecdn g\u00f3i h\u1ec7 th\u1ed1ng \u0111i\u1ec7n m\u1eb7t tr\u1eddi g\u1ed3m:<\/strong><\/p>\n<p><strong>\u2013 Thi\u1ebft k\u1ebf, l\u1eadp d\u1ef1 \u00e1n \u0111\u1ea7u t\u01b0<\/strong><br \/>\n<strong>\u2013 Cung c\u1ea5p thi\u1ebft b\u1ecb<\/strong><br \/>\n<strong>\u2013 Thi c\u00f4ng c\u00f4ng tr\u00ecnh<\/strong><br \/>\n<strong>\u2013 B\u1ea3o tr\u00ec, b\u1ea3o d\u01b0\u1ee1ng<\/strong><\/p>\n<p><strong>V\u1edbi s\u1ef1 n\u1ed7 l\u1ef1c, l\u00f2ng nhi\u1ec7t th\u00e0nh c\u1ed1ng hi\u1ebfn c\u1ee7a \u0111\u1ed9i ng\u0169 nh\u00e2n vi\u00ean c\u00f4ng ty, Thu\u1eadn Phong mong mu\u1ed1n \u0111\u01b0a th\u01b0\u01a1ng hi\u1ec7u trong c\u00e1c l\u0129nh v\u1ef1c ph\u00e2n ph\u1ed1i thi\u1ebft b\u1ecb, t\u01b0 v\u1ea5n thi\u1ebft k\u1ebf, l\u1eafp \u0111\u1eb7t v\u00e0 thi c\u00f4ng \u0111i\u1ec7n m\u1eb7t tr\u1eddi t\u1ea1i Vi\u1ec7t Nam, mang l\u1ea1i ni\u1ec1m tin cho nhi\u1ec1u kh\u00e1ch h\u00e0ng v\u00e0 \u0111\u1ed1i t\u00e1c l\u1edbn, truy\u1ec1n t\u1ea3i nh\u1eefng gi\u00e1 tr\u1ecb t\u1ed1t \u0111\u1eb9p v\u1ec1 m\u1ed9t th\u1ebf gi\u1edbi s\u1ea1ch v\u00e0 b\u1ec1n v\u1eefng, \u0111\u1ed3ng th\u1eddi thi\u1ebft l\u1eadp m\u1ed9t h\u1ec7 sinh th\u00e1i an to\u00e0n cho t\u01b0\u01a1ng lai.<\/strong><\/p>\n<p><strong>V\u00ec v\u1eady, n\u1ebfu b\u1ea1n l\u00e0 ch\u1ee7 d\u1ef1 \u00e1n c\u00f3 nhu c\u1ea7u s\u1eed d\u1ee5ng bi\u1ebfn t\u1ea7n Deye h\u00f2a l\u01b0\u1edbi ch\u1ea5t l\u01b0\u1ee3ng, h\u00e3y li\u00ean h\u1ec7 v\u1edbi Thu\u1eadn Phong qua hotline 0869.564.567 \u0111\u1ec3 l\u1ef1a ch\u1ecdn d\u00f2ng bi\u1ebfn t\u1ea7n chi ph\u00ed t\u1ed1t v\u00e0 uy t\u00edn nh\u1ea5t t\u1ea1i th\u1ecb tr\u01b0\u1eddng Vi\u1ec7t Nam hi\u1ec7n nay nh\u00e9.<\/strong><\/p>\n<div class=\"x9f619 x1n2onr6 x1ja2u2z\">\n<div class=\"x78zum5 xdt5ytf x1n2onr6 x1ja2u2z\">\n<div class=\"x78zum5 xdt5ytf x1n2onr6 xat3117 xxzkxad\">\n<div class=\"x78zum5 xdt5ytf x1t2pt76 x1n2onr6 x1ja2u2z x10cihs4\">\n<div class=\"x9f619 x2lah0s x1nhvcw1 x1qjc9v5 xozqiw3 x1q0g3np x78zum5 x1iyjqo2 x1t2pt76 x1n2onr6 x1ja2u2z x1h6rjhl\">\n<div class=\"x9f619 x1n2onr6 x1ja2u2z xdt5ytf x193iq5w xeuugli x1r8uery x1iyjqo2 xs83m0k x78zum5 x1t2pt76\" role=\"main\" aria-label=\"temp heading\">\n<div class=\"x78zum5 xdt5ytf x1iyjqo2 x1t2pt76 xeuugli x1n2onr6 x1ja2u2z\">\n<div class=\"x78zum5 xdt5ytf x1t2pt76\">\n<div class=\"x78zum5 xdt5ytf x1iyjqo2 x1t2pt76 xeuugli\">\n<div class=\"x78zum5 xdt5ytf x1t2pt76 x1n2onr6\" role=\"main\">\n<div class=\"x6s0dn4 x78zum5 xdt5ytf x193iq5w\">\n<div class=\"x9f619 x193iq5w x1talbiv x1sltb1f x3fxtfs x1swvt13 x1pi30zi xw7yly9\">\n<div class=\"x9f619 x1n2onr6 x1ja2u2z x2lah0s x1qjc9v5 x78zum5 x1q0g3np x1a02dak xl56j7k x9otpla x1n0m28w x1wsgfga xp7jhwk\">\n<div class=\"x9f619 x1n2onr6 x1ja2u2z xeuugli xs83m0k x1xmf6yo x1emribx x1e56ztr x1i64zmx xjl7jj x19h7ccj xu9j1y6 x7ep2pv\">\n<div class=\"x1yztbdb x1n2onr6 xh8yej3 x1ja2u2z\">\n<div class=\"x1n2onr6 x1ja2u2z\">\n<div class=\"\">\n<div class=\"\">\n<div class=\"x1a2a7pz\" role=\"article\" aria-describedby=\":r6ar: :r6as: :r6at: :r6av: :r6au:\" aria-labelledby=\":r6aq:\">\n<div class=\"x78zum5 xdt5ytf\">\n<div class=\"x9f619 x1n2onr6 x1ja2u2z\">\n<div class=\"x78zum5 x1n2onr6 xh8yej3\">\n<div class=\"x9f619 x1n2onr6 x1ja2u2z x1jx94hy x1qpq9i9 xdney7k xu5ydu1 xt3gfkd xh8yej3 x6ikm8r x10wlt62 xquyuld\">\n<div class=\"html-div xe8uvvx xdj266r x11i5rnm xat24cr x1mh8g0r xexx8yu x4uap5 x18d9i69 xkhd6sd\">\n<div class=\"\" dir=\"auto\">\n<div id=\":r6as:\" class=\"x1iorvi4 x1pi30zi x1l90r2v x1swvt13\" data-ad-comet-preview=\"message\" data-ad-preview=\"message\">\n<div class=\"x78zum5 xdt5ytf xz62fqu x16ldp7u\">\n<div class=\"xu06os2 x1ok221b\">\n<div class=\"x11i5rnm xat24cr x1mh8g0r x1vvkbs xtlvy1s x126k92a\">\n<div dir=\"auto\">\n<div dir=\"auto\">\u2014\u2014\u2014\u2014\u2014\u2014\u2014\u2014\u2014\u2014\u2014\u2013<\/div>\n<div dir=\"auto\"><a href=\"https:\/\/www.facebook.com\/DienMatTroi.SolarQuangBinh\">CH\u1eccN THU\u1eacN PHONG \u2013 CH\u1eccN S\u1ef0 AN T\u00c2M<\/a><br \/>\nHotline: 0869.564.567<br \/>\nKinh doanh: 0867.577.357<br \/>\nK\u1ef9 thu\u1eadt: 0899.768.777<br \/>\nService: 0867.118.636<br \/>\nTr\u1ee5 s\u1edf ch\u00ednh: 30 Nguy\u1ec5n H\u1eefu D\u1eadt, ph\u01b0\u1eddng \u0110\u1ed3ng H\u1edbi, t\u1ec9nh Qu\u1ea3ng Tr\u1ecb, Vi\u1ec7t Nam<br \/>\nTr\u1ee5 s\u1edf H\u00e0 N\u1ed9i: Nh\u00e0 ph\u1ed1 th\u01b0\u01a1ng m\u1ea1i Khai S\u01a1n Town s\u1ed1 18 thu\u1ed9c Town 7, khu \u0111\u00f4 th\u1ecb Khai S\u01a1n City, ph\u01b0\u1eddng B\u1ed3 \u0110\u1ec1, Th\u00e0nh ph\u1ed1 H\u00e0 N\u1ed9i<br \/>\nWebsite:\u00a0<a href=\"https:\/\/tpenergy.com.vn\/\">https:\/\/tpenergy.com.vn\/<\/a><br \/>\nShopee:\u00a0<a href=\"https:\/\/shopee.vn\/thuanphongenergy?entryPoint=ShopBySearch&amp;searchKeyword=thu%E1%BA%ADn%20phong%20solar%20energy\">https:\/\/byvn.net\/E1oJ<\/a><br \/>\nLazada:\u00a0<a href=\"https:\/\/byvn.net\/VYPr\">https:\/\/byvn.net\/VYPr<\/a><\/div>\n<\/div>\n<\/div>\n<\/div>\n<\/div>\n<\/div>\n<\/div>\n<\/div>\n<\/div>\n<\/div>\n<\/div>\n<\/div>\n<\/div>\n<\/div>\n<\/div>\n<\/div>\n<\/div>\n<\/div>\n<\/div>\n<\/div>\n<\/div>\n<\/div>\n<\/div>\n<\/div>\n<\/div>\n<\/div>\n<\/div>\n<\/div>\n<\/div>\n<\/div>\n<\/div>\n","protected":false},"excerpt":{"rendered":"<h3>V\u1ec1 s\u1ea3n ph\u1ea9m: <strong>SUN\u20136K\u2013G05P1-EU-AM2<\/strong><\/h3>\n<p>&#8211; C\u00f4ng su\u1ea5t ra AC: 6000W<br \/>\n&#8211; Hi\u1ec7u su\u1ea5t: 97.5%<br \/>\n&#8211; C\u1ea5p ch\u1ed1ng n\u01b0\u1edbc: IP65<br \/>\n&#8211; K\u00edch th\u01b0\u1edbc: 305x280x180(mm)<br \/>\n&#8211; Kh\u1ed1i L\u01b0\u1ee3ng: 7.7kg<br \/>\n&#8211; K\u1ebft n\u1ed1i: Wifi, RS485, RS232, LAN<br \/>\n&#8211; B\u1ea3o h\u00e0nh: 5 n\u0103m<\/p>\n<h3><i class=\"fas fa-download\"><\/i> Download<\/h3>\n<ul>\n<li><a href=\"https:\/\/tpenergy.com.vn\/wp-content\/uploads\/2023\/10\/Deye-Ongrid-5K-6K-G05P1-EU-AM2-1.pdf\">Datasheet<\/a><\/li>\n<li><a href=\"https:\/\/tpenergy.com.vn\/wp-content\/uploads\/2023\/10\/\u8bf4\u660e\u4e66sun-3.6-6.2k-g05p1-eu-am2p1-1-2.pdf\">User Manual<\/a><a href=\"https:\/\/tpenergy.com.vn\/wp-content\/uploads\/2023\/10\/\u8bf4\u660e\u4e66sun-3.6-6.2k-g05p1-eu-am2p1-1-1.pdf\">\u00a0<\/a><\/li>\n<\/ul>\n<p>&nbsp;<\/p>\n","protected":false},"featured_media":3549,"comment_status":"open","ping_status":"closed","template":"","meta":{"_eb_attr":""},"product_cat":[212],"product_tag":[393,399,400,401,396,402,403,404,464],"class_list":{"0":"post-3557","1":"product","2":"type-product","3":"status-publish","4":"has-post-thumbnail","6":"product_cat-ongrid","7":"product_tag-bien-tan","8":"product_tag-bien-tan-1-pha","9":"product_tag-bien-tan-6kw","10":"product_tag-bien-tan-deye-6kw","11":"product_tag-bien-tan-hoa-luoi","12":"product_tag-inverter-6kw","13":"product_tag-inverter-deye-6kw-1pha","14":"product_tag-inverter-deye-hoa-luoi-1-pha-6-kw","15":"product_tag-sun-6k-g","16":"pa_gia-khong-lap-dat","17":"pa_gia-lap-dat","19":"first","20":"instock","21":"shipping-taxable","22":"purchasable","23":"product-type-variable"},"yoast_head":"<!-- This site is optimized with the Yoast SEO plugin v20.9 - https:\/\/yoast.com\/wordpress\/plugins\/seo\/ -->\r\n<title>Inverter Deye ho\u00e0 l\u01b0\u1edbi 1 pha 6kW | Thu\u1eadn Phong Energy<\/title>\r\n<meta name=\"description\" content=\"Inverter Deye ho\u00e0 l\u01b0\u1edbi 1 pha 6kW (SUN-6K-G05P1-EU-AM2) C\u00f4ng su\u1ea5t ra AC: 6000W, Hi\u1ec7u su\u1ea5t: 97.5%, C\u1ea5p ch\u1ed1ng n\u01b0\u1edbc: IP65, K\u00edch th\u01b0\u1edbc: 330x323x190(mm)\" \/>\r\n<meta name=\"robots\" content=\"index, follow, max-snippet:-1, max-image-preview:large, max-video-preview:-1\" \/>\r\n<link rel=\"canonical\" href=\"https:\/\/tpenergy.com.vn\/?product=inverter-deye-hoa-luoi-1-pha-6-kw-2-mmpt-sun6k-g\" \/>\r\n<meta property=\"og:locale\" content=\"vi_VN\" \/>\r\n<meta property=\"og:type\" content=\"article\" \/>\r\n<meta property=\"og:title\" content=\"Inverter Deye ho\u00e0 l\u01b0\u1edbi 1 pha 6kW | Thu\u1eadn Phong Energy\" \/>\r\n<meta property=\"og:description\" content=\"Inverter Deye ho\u00e0 l\u01b0\u1edbi 1 pha 6kW (SUN-6K-G05P1-EU-AM2) C\u00f4ng su\u1ea5t ra AC: 6000W, Hi\u1ec7u su\u1ea5t: 97.5%, C\u1ea5p ch\u1ed1ng n\u01b0\u1edbc: IP65, K\u00edch th\u01b0\u1edbc: 330x323x190(mm)\" \/>\r\n<meta property=\"og:url\" content=\"https:\/\/tpenergy.com.vn\/?product=inverter-deye-hoa-luoi-1-pha-6-kw-2-mmpt-sun6k-g\" \/>\r\n<meta property=\"og:site_name\" content=\"Thuan Phong Solar Energy\" \/>\r\n<meta property=\"article:modified_time\" content=\"2025-11-12T06:41:23+00:00\" \/>\r\n<meta property=\"og:image\" content=\"https:\/\/tpenergy.com.vn\/wp-content\/uploads\/2023\/10\/3kw-G04-deye.2.png\" \/>\r\n\t<meta property=\"og:image:width\" content=\"5000\" \/>\r\n\t<meta property=\"og:image:height\" content=\"3235\" \/>\r\n\t<meta property=\"og:image:type\" content=\"image\/png\" \/>\r\n<meta name=\"twitter:card\" content=\"summary_large_image\" \/>\r\n<meta name=\"twitter:label1\" content=\"\u01af\u1edbc t\u00ednh th\u1eddi gian \u0111\u1ecdc\" \/>\n\t<meta name=\"twitter:data1\" content=\"4 ph\u00fat\" \/>\r\n<script type=\"application\/ld+json\" class=\"yoast-schema-graph\">{\"@context\":\"https:\/\/schema.org\",\"@graph\":[{\"@type\":\"WebPage\",\"@id\":\"https:\/\/tpenergy.com.vn\/?product=inverter-deye-hoa-luoi-1-pha-6-kw-2-mmpt-sun6k-g\",\"url\":\"https:\/\/tpenergy.com.vn\/?product=inverter-deye-hoa-luoi-1-pha-6-kw-2-mmpt-sun6k-g\",\"name\":\"Inverter Deye ho\u00e0 l\u01b0\u1edbi 1 pha 6kW | Thu\u1eadn Phong Energy\",\"isPartOf\":{\"@id\":\"https:\/\/tpenergy.com.vn\/#website\"},\"datePublished\":\"2023-10-05T07:49:46+00:00\",\"dateModified\":\"2025-11-12T06:41:23+00:00\",\"description\":\"Inverter Deye ho\u00e0 l\u01b0\u1edbi 1 pha 6kW (SUN-6K-G05P1-EU-AM2) C\u00f4ng su\u1ea5t ra AC: 6000W, Hi\u1ec7u su\u1ea5t: 97.5%, C\u1ea5p ch\u1ed1ng n\u01b0\u1edbc: IP65, K\u00edch th\u01b0\u1edbc: 330x323x190(mm)\",\"breadcrumb\":{\"@id\":\"https:\/\/tpenergy.com.vn\/?product=inverter-deye-hoa-luoi-1-pha-6-kw-2-mmpt-sun6k-g#breadcrumb\"},\"inLanguage\":\"vi\",\"potentialAction\":[{\"@type\":\"ReadAction\",\"target\":[\"https:\/\/tpenergy.com.vn\/?product=inverter-deye-hoa-luoi-1-pha-6-kw-2-mmpt-sun6k-g\"]}]},{\"@type\":\"BreadcrumbList\",\"@id\":\"https:\/\/tpenergy.com.vn\/?product=inverter-deye-hoa-luoi-1-pha-6-kw-2-mmpt-sun6k-g#breadcrumb\",\"itemListElement\":[{\"@type\":\"ListItem\",\"position\":1,\"name\":\"Trang ch\u1ee7\",\"item\":\"https:\/\/tpenergy.com.vn\/\"},{\"@type\":\"ListItem\",\"position\":2,\"name\":\"Shop\",\"item\":\"https:\/\/tpenergy.com.vn\/?page_id=5\"},{\"@type\":\"ListItem\",\"position\":3,\"name\":\"BI\u1ebeN T\u1ea6N\",\"item\":\"https:\/\/tpenergy.com.vn\/?product_cat=bien-tan\"},{\"@type\":\"ListItem\",\"position\":4,\"name\":\"DEYE\",\"item\":\"https:\/\/tpenergy.com.vn\/?product_cat=deye\"},{\"@type\":\"ListItem\",\"position\":5,\"name\":\"OnGrid\",\"item\":\"https:\/\/tpenergy.com.vn\/?product_cat=ongrid\"},{\"@type\":\"ListItem\",\"position\":6,\"name\":\"Inverter Deye ho\u00e0 l\u01b0\u1edbi 1 pha 6kW | SUN-6K-G05P1-EU-AM2\"}]},{\"@type\":\"WebSite\",\"@id\":\"https:\/\/tpenergy.com.vn\/#website\",\"url\":\"https:\/\/tpenergy.com.vn\/\",\"name\":\"Thuan Phong Solar Energy\",\"description\":\"\",\"potentialAction\":[{\"@type\":\"SearchAction\",\"target\":{\"@type\":\"EntryPoint\",\"urlTemplate\":\"https:\/\/tpenergy.com.vn\/?s={search_term_string}\"},\"query-input\":\"required name=search_term_string\"}],\"inLanguage\":\"vi\"}]}<\/script>\r\n<!-- \/ Yoast SEO plugin. -->","yoast_head_json":{"title":"Inverter Deye ho\u00e0 l\u01b0\u1edbi 1 pha 6kW | Thu\u1eadn Phong Energy","description":"Inverter Deye ho\u00e0 l\u01b0\u1edbi 1 pha 6kW (SUN-6K-G05P1-EU-AM2) C\u00f4ng su\u1ea5t ra AC: 6000W, Hi\u1ec7u su\u1ea5t: 97.5%, C\u1ea5p ch\u1ed1ng n\u01b0\u1edbc: IP65, K\u00edch th\u01b0\u1edbc: 330x323x190(mm)","robots":{"index":"index","follow":"follow","max-snippet":"max-snippet:-1","max-image-preview":"max-image-preview:large","max-video-preview":"max-video-preview:-1"},"canonical":"https:\/\/tpenergy.com.vn\/?product=inverter-deye-hoa-luoi-1-pha-6-kw-2-mmpt-sun6k-g","og_locale":"vi_VN","og_type":"article","og_title":"Inverter Deye ho\u00e0 l\u01b0\u1edbi 1 pha 6kW | Thu\u1eadn Phong Energy","og_description":"Inverter Deye ho\u00e0 l\u01b0\u1edbi 1 pha 6kW (SUN-6K-G05P1-EU-AM2) C\u00f4ng su\u1ea5t ra AC: 6000W, Hi\u1ec7u su\u1ea5t: 97.5%, C\u1ea5p ch\u1ed1ng n\u01b0\u1edbc: IP65, K\u00edch th\u01b0\u1edbc: 330x323x190(mm)","og_url":"https:\/\/tpenergy.com.vn\/?product=inverter-deye-hoa-luoi-1-pha-6-kw-2-mmpt-sun6k-g","og_site_name":"Thuan Phong Solar Energy","article_modified_time":"2025-11-12T06:41:23+00:00","og_image":[{"width":5000,"height":3235,"url":"https:\/\/tpenergy.com.vn\/wp-content\/uploads\/2023\/10\/3kw-G04-deye.2.png","type":"image\/png"}],"twitter_card":"summary_large_image","twitter_misc":{"\u01af\u1edbc t\u00ednh th\u1eddi gian \u0111\u1ecdc":"4 ph\u00fat"},"schema":{"@context":"https:\/\/schema.org","@graph":[{"@type":"WebPage","@id":"https:\/\/tpenergy.com.vn\/?product=inverter-deye-hoa-luoi-1-pha-6-kw-2-mmpt-sun6k-g","url":"https:\/\/tpenergy.com.vn\/?product=inverter-deye-hoa-luoi-1-pha-6-kw-2-mmpt-sun6k-g","name":"Inverter Deye ho\u00e0 l\u01b0\u1edbi 1 pha 6kW | Thu\u1eadn Phong Energy","isPartOf":{"@id":"https:\/\/tpenergy.com.vn\/#website"},"datePublished":"2023-10-05T07:49:46+00:00","dateModified":"2025-11-12T06:41:23+00:00","description":"Inverter Deye ho\u00e0 l\u01b0\u1edbi 1 pha 6kW (SUN-6K-G05P1-EU-AM2) C\u00f4ng su\u1ea5t ra AC: 6000W, Hi\u1ec7u su\u1ea5t: 97.5%, C\u1ea5p ch\u1ed1ng n\u01b0\u1edbc: IP65, K\u00edch th\u01b0\u1edbc: 330x323x190(mm)","breadcrumb":{"@id":"https:\/\/tpenergy.com.vn\/?product=inverter-deye-hoa-luoi-1-pha-6-kw-2-mmpt-sun6k-g#breadcrumb"},"inLanguage":"vi","potentialAction":[{"@type":"ReadAction","target":["https:\/\/tpenergy.com.vn\/?product=inverter-deye-hoa-luoi-1-pha-6-kw-2-mmpt-sun6k-g"]}]},{"@type":"BreadcrumbList","@id":"https:\/\/tpenergy.com.vn\/?product=inverter-deye-hoa-luoi-1-pha-6-kw-2-mmpt-sun6k-g#breadcrumb","itemListElement":[{"@type":"ListItem","position":1,"name":"Trang ch\u1ee7","item":"https:\/\/tpenergy.com.vn\/"},{"@type":"ListItem","position":2,"name":"Shop","item":"https:\/\/tpenergy.com.vn\/?page_id=5"},{"@type":"ListItem","position":3,"name":"BI\u1ebeN T\u1ea6N","item":"https:\/\/tpenergy.com.vn\/?product_cat=bien-tan"},{"@type":"ListItem","position":4,"name":"DEYE","item":"https:\/\/tpenergy.com.vn\/?product_cat=deye"},{"@type":"ListItem","position":5,"name":"OnGrid","item":"https:\/\/tpenergy.com.vn\/?product_cat=ongrid"},{"@type":"ListItem","position":6,"name":"Inverter Deye ho\u00e0 l\u01b0\u1edbi 1 pha 6kW | SUN-6K-G05P1-EU-AM2"}]},{"@type":"WebSite","@id":"https:\/\/tpenergy.com.vn\/#website","url":"https:\/\/tpenergy.com.vn\/","name":"Thuan Phong Solar Energy","description":"","potentialAction":[{"@type":"SearchAction","target":{"@type":"EntryPoint","urlTemplate":"https:\/\/tpenergy.com.vn\/?s={search_term_string}"},"query-input":"required name=search_term_string"}],"inLanguage":"vi"}]}},"_links":{"self":[{"href":"https:\/\/tpenergy.com.vn\/index.php?rest_route=\/wp\/v2\/product\/3557"}],"collection":[{"href":"https:\/\/tpenergy.com.vn\/index.php?rest_route=\/wp\/v2\/product"}],"about":[{"href":"https:\/\/tpenergy.com.vn\/index.php?rest_route=\/wp\/v2\/types\/product"}],"replies":[{"embeddable":true,"href":"https:\/\/tpenergy.com.vn\/index.php?rest_route=%2Fwp%2Fv2%2Fcomments&post=3557"}],"wp:featuredmedia":[{"embeddable":true,"href":"https:\/\/tpenergy.com.vn\/index.php?rest_route=\/wp\/v2\/media\/3549"}],"wp:attachment":[{"href":"https:\/\/tpenergy.com.vn\/index.php?rest_route=%2Fwp%2Fv2%2Fmedia&parent=3557"}],"wp:term":[{"taxonomy":"product_cat","embeddable":true,"href":"https:\/\/tpenergy.com.vn\/index.php?rest_route=%2Fwp%2Fv2%2Fproduct_cat&post=3557"},{"taxonomy":"product_tag","embeddable":true,"href":"https:\/\/tpenergy.com.vn\/index.php?rest_route=%2Fwp%2Fv2%2Fproduct_tag&post=3557"}],"curies":[{"name":"wp","href":"https:\/\/api.w.org\/{rel}","templated":true}]}}