{"id":3464,"date":"2023-09-12T16:58:54","date_gmt":"2023-09-12T09:58:54","guid":{"rendered":"https:\/\/tpenergy.com.vn\/?post_type=product&#038;p=3464"},"modified":"2026-03-30T13:43:23","modified_gmt":"2026-03-30T06:43:23","slug":"bo-sac-nang-luong-mat-troi-epever-mppt-12-24-36-48vdc-60a-tracer6415an","status":"publish","type":"product","link":"https:\/\/tpenergy.com.vn\/?product=bo-sac-nang-luong-mat-troi-epever-mppt-12-24-36-48vdc-60a-tracer6415an","title":{"rendered":"B\u1ed9 s\u1ea1c n\u0103ng l\u01b0\u1ee3ng m\u1eb7t tr\u1eddi Epever MPPT 12\/24\/36\/48VDC, 60A &#8211; Tracer6415AN"},"content":{"rendered":"<h3>&#8211; Epsolar Technology Co., Ltd. \u0111\u01b0\u1ee3c th\u00e0nh l\u1eadp v\u00e0o th\u00e1ng 3 n\u0103m 2007 v\u1edbi h\u01a1n 30 tri\u1ec7u RMB v\u1ed1n \u0111\u0103ng k\u00fd, l\u00e0 m\u1ed9t doanh nghi\u1ec7p m\u1edbi v\u00e0 c\u00f4ng ngh\u1ec7 cao chuy\u00ean nghi\u00ean c\u1ee9u, s\u1ea3n xu\u1ea5t v\u00e0 ti\u1ebfp th\u1ecb c\u00e1c s\u1ea3n ph\u1ea9m \u0111i\u1ec7n.<\/h3>\n<h3>&#8211;\u00a0Epsolar cung c\u1ea5p c\u00e1c s\u1ea3n ph\u1ea9m bao g\u1ed3m b\u1ed9 \u0111i\u1ec1u khi\u1ec3n s\u1ea1c n\u0103ng l\u01b0\u1ee3ng m\u1eb7t tr\u1eddi, inverter kh\u00f4ng n\u1ed1i l\u01b0\u1edbi, tr\u00ecnh \u0111i\u1ec1u khi\u1ec3n \u0111\u00e8n LED v\u00e0 c\u00e1c b\u1ed9 ngu\u1ed3n \u0111\u1eb7c bi\u1ec7t, v.v., c\u0169ng nh\u01b0 thi\u1ebft k\u1ebf v\u00e0 cung c\u1ea5p c\u00e1c h\u1ec7 th\u1ed1ng \u1ee9ng d\u1ee5ng n\u0103ng l\u01b0\u1ee3ng m\u1eb7t tr\u1eddi c\u00f3 li\u00ean quan.<\/h3>\n<h3>&#8211; C\u00f4ng ty \u0111\u00e3 \u0111\u1ea1t ch\u1ee9ng ch\u1ec9 ISO9001: 2008, v\u00e0 c\u00e1c s\u1ea3n ph\u1ea9m \u0111\u00e3 \u0111\u1ea1t ch\u1ee9ng ch\u1ec9 CGC-SOLAR, CE, ROSH, FCC v\u00e0 ETL, c\u0169ng nh\u01b0 c\u00e1c ch\u1ee9ng nh\u1eadn c\u00f3 th\u1ea9m quy\u1ec1n trong n\u01b0\u1edbc v\u00e0 qu\u1ed1c t\u1ebf c\u00f9ng m\u1ed9t s\u1ed1 b\u1eb1ng s\u00e1ng ch\u1ebf. S\u1ea3n ph\u1ea9m \u0111\u00e3 \u0111\u01b0\u1ee3c \u1ee9ng d\u1ee5ng r\u1ed9ng r\u00e3i v\u00e0 \u0111\u01b0\u1ee3c \u0111\u00e1nh gi\u00e1 cao t\u1ea1i m\u1ed9t s\u1ed1 c\u00f4ng tr\u00ecnh l\u1edbn trong v\u00e0 ngo\u00e0i n\u01b0\u1edbc. V\u00e0 b\u00e1n \u1edf h\u01a1n 120 qu\u1ed1c gia v\u00e0 khu v\u1ef1c n\u01b0\u1edbc ngo\u00e0i.<\/h3>\n<h3>&#8211;\u00a0V\u00e0o th\u00e1ng 7 n\u0103m 2014, Epsolar th\u00e0nh l\u1eadp chi nh\u00e1nh\u00a0Shenzhen\u00a0l\u00e0m c\u01a1 s\u1edf s\u1ea3n xu\u1ea5t c\u1ee7a m\u00ecnh. V\u00e0o th\u00e1ng 8 n\u0103m 2014, Epsolar \u0111\u00e3 \u0111\u01b0\u1ee3c ni\u00eam y\u1ebft tr\u00ean s\u00e0n giao d\u1ecbch v\u00e0 b\u00e1o gi\u00e1 ch\u1ee9ng kho\u00e1n qu\u1ed1c gia v\u00e0 \u0111\u01b0\u1ee3c tung ra th\u1ecb tr\u01b0\u1eddng v\u1ed1n th\u00e0nh c\u00f4ng.<\/h3>\n<div dir=\"auto\">\u2014\u2014\u2014\u2014\u2014\u2014\u2014\u2014\u2014\u2014\u2014\u2013<\/div>\n<div dir=\"auto\"><a href=\"https:\/\/www.facebook.com\/DienMatTroi.SolarQuangBinh\">CH\u1eccN THU\u1eacN PHONG \u2013 CH\u1eccN S\u1ef0 AN T\u00c2M<\/a><br \/>\nHotline: 0869.564.567<br \/>\nKinh doanh: 0867.577.357<br \/>\nK\u1ef9 thu\u1eadt: 0899.768.777<br \/>\nService: 0867.118.636<br \/>\nTr\u1ee5 s\u1edf ch\u00ednh: 30 Nguy\u1ec5n H\u1eefu D\u1eadt, ph\u01b0\u1eddng \u0110\u1ed3ng H\u1edbi, t\u1ec9nh Qu\u1ea3ng Tr\u1ecb, Vi\u1ec7t Nam<br \/>\nTr\u1ee5 s\u1edf H\u00e0 N\u1ed9i: Nh\u00e0 ph\u1ed1 th\u01b0\u01a1ng m\u1ea1i Khai S\u01a1n Town s\u1ed1 18 thu\u1ed9c Town 7, khu \u0111\u00f4 th\u1ecb Khai S\u01a1n City, ph\u01b0\u1eddng B\u1ed3 \u0110\u1ec1, Th\u00e0nh ph\u1ed1 H\u00e0 N\u1ed9i<br \/>\nWebsite:\u00a0<a href=\"https:\/\/tpenergy.com.vn\/\">https:\/\/tpenergy.com.vn\/<\/a><br \/>\nShopee:\u00a0<a href=\"https:\/\/shopee.vn\/thuanphongenergy?entryPoint=ShopBySearch&amp;searchKeyword=thu%E1%BA%ADn%20phong%20solar%20energy\">https:\/\/byvn.net\/E1oJ<\/a><br \/>\nLazada:\u00a0<a href=\"https:\/\/byvn.net\/VYPr\">https:\/\/byvn.net\/VYPr<\/a><\/div>\n","protected":false},"excerpt":{"rendered":"<h3>V\u1ec1 s\u1ea3n ph\u1ea9m:<\/h3>\n<ul>\n<li>\u0110i\u1ec7n \u00e1p s\u1ea1c: 12\/24\/36\/48V Auto<\/li>\n<li>Hi\u1ec7u su\u1ea5t s\u1ea1c t\u1ed1i \u0111a: 98,5%<\/li>\n<li>D\u00f2ng s\u1ea1c \u0111\u1ecbnh m\u1ee9c:60A<\/li>\n<li>K\u00edch th\u01b0\u1edbc: 340mmx236mmx119mm<\/li>\n<li>Kh\u1ed1i L\u01b0\u1ee3ng: 4,5kg<\/li>\n<li>Theo ti\u00eau chu\u1ea9n: IP20<\/li>\n<\/ul>\n<h3><i class=\"fas fa-download\"><\/i> Download<\/h3>\n<ul>\n<li><a href=\"https:\/\/tpenergy.com.vn\/wp-content\/uploads\/2023\/09\/EPEVER-Datasheet_Tracer-AN-50A-100A-3.pdf\">Datasheet<\/a><\/li>\n<li><a href=\"https:\/\/tpenergy.com.vn\/wp-content\/uploads\/2023\/09\/Tracer-AN50-100A-Manual-EN-V3.4.pdf\">Manual<\/a><\/li>\n<li><a href=\"https:\/\/tpenergy.com.vn\/wp-content\/uploads\/2023\/09\/warranty-limited.pdf\">Warranty <\/a><a href=\"https:\/\/powertech.vn\/upload\/elfinder\/TLKT%20n%E1%BB%99i%20b%E1%BB%99\/DC-AC%20INVERTER\/EPEVER\/Warranty\/warranty%20limited.pdf\" target=\"_blank\" rel=\"noopener\">Condition<\/a><\/li>\n<\/ul>\n","protected":false},"featured_media":3473,"comment_status":"open","ping_status":"closed","template":"","meta":{"_eb_attr":""},"product_cat":[188],"product_tag":[191,190,192],"class_list":{"0":"post-3464","1":"product","2":"type-product","3":"status-publish","4":"has-post-thumbnail","6":"product_cat-bo-sac","7":"product_tag-bo-sac","8":"product_tag-epever","9":"product_tag-phu-kien","10":"pa_gia-khong-lap-dat","11":"pa_gia-lap-dat","13":"first","14":"instock","15":"shipping-taxable","16":"purchasable","17":"product-type-variable"},"yoast_head":"<!-- This site is optimized with the Yoast SEO plugin v20.9 - https:\/\/yoast.com\/wordpress\/plugins\/seo\/ -->\r\n<title>B\u1ed9 s\u1ea1c NLMT Epever MPPT 12\/24\/36\/48VDC 60A Tracer6415AN<\/title>\r\n<meta name=\"description\" content=\"\u0110i\u1ec7n \u00e1p s\u1ea1c: 12\/24\/36\/48V Auto Hi\u1ec7u su\u1ea5t s\u1ea1c t\u1ed1i \u0111a: 98,5% D\u00f2ng s\u1ea1c \u0111\u1ecbnh m\u1ee9c:60A\" \/>\r\n<meta name=\"robots\" content=\"index, follow, max-snippet:-1, max-image-preview:large, max-video-preview:-1\" \/>\r\n<link rel=\"canonical\" href=\"https:\/\/tpenergy.com.vn\/?product=bo-sac-nang-luong-mat-troi-epever-mppt-12-24-36-48vdc-60a-tracer6415an\" \/>\r\n<meta property=\"og:locale\" content=\"vi_VN\" \/>\r\n<meta property=\"og:type\" content=\"article\" \/>\r\n<meta property=\"og:title\" content=\"B\u1ed9 s\u1ea1c NLMT Epever MPPT 12\/24\/36\/48VDC 60A Tracer6415AN\" \/>\r\n<meta property=\"og:description\" content=\"\u0110i\u1ec7n \u00e1p s\u1ea1c: 12\/24\/36\/48V Auto Hi\u1ec7u su\u1ea5t s\u1ea1c t\u1ed1i \u0111a: 98,5% D\u00f2ng s\u1ea1c \u0111\u1ecbnh m\u1ee9c:60A\" \/>\r\n<meta property=\"og:url\" content=\"https:\/\/tpenergy.com.vn\/?product=bo-sac-nang-luong-mat-troi-epever-mppt-12-24-36-48vdc-60a-tracer6415an\" \/>\r\n<meta property=\"og:site_name\" content=\"Thuan Phong Solar Energy\" \/>\r\n<meta property=\"article:modified_time\" content=\"2026-03-30T06:43:23+00:00\" \/>\r\n<meta property=\"og:image\" content=\"https:\/\/tpenergy.com.vn\/wp-content\/uploads\/2023\/09\/w_Tracer-AN\uff0850-100\uff09-Front.jpg\" \/>\r\n\t<meta property=\"og:image:width\" content=\"2084\" \/>\r\n\t<meta property=\"og:image:height\" content=\"2084\" \/>\r\n\t<meta property=\"og:image:type\" content=\"image\/jpeg\" \/>\r\n<meta name=\"twitter:card\" content=\"summary_large_image\" \/>\r\n<meta name=\"twitter:label1\" content=\"\u01af\u1edbc t\u00ednh th\u1eddi gian \u0111\u1ecdc\" \/>\n\t<meta name=\"twitter:data1\" content=\"2 ph\u00fat\" \/>\r\n<script type=\"application\/ld+json\" class=\"yoast-schema-graph\">{\"@context\":\"https:\/\/schema.org\",\"@graph\":[{\"@type\":\"WebPage\",\"@id\":\"https:\/\/tpenergy.com.vn\/?product=bo-sac-nang-luong-mat-troi-epever-mppt-12-24-36-48vdc-60a-tracer6415an\",\"url\":\"https:\/\/tpenergy.com.vn\/?product=bo-sac-nang-luong-mat-troi-epever-mppt-12-24-36-48vdc-60a-tracer6415an\",\"name\":\"B\u1ed9 s\u1ea1c NLMT Epever MPPT 12\/24\/36\/48VDC 60A Tracer6415AN\",\"isPartOf\":{\"@id\":\"https:\/\/tpenergy.com.vn\/#website\"},\"datePublished\":\"2023-09-12T09:58:54+00:00\",\"dateModified\":\"2026-03-30T06:43:23+00:00\",\"description\":\"\u0110i\u1ec7n \u00e1p s\u1ea1c: 12\/24\/36\/48V Auto Hi\u1ec7u su\u1ea5t s\u1ea1c t\u1ed1i \u0111a: 98,5% D\u00f2ng s\u1ea1c \u0111\u1ecbnh m\u1ee9c:60A\",\"breadcrumb\":{\"@id\":\"https:\/\/tpenergy.com.vn\/?product=bo-sac-nang-luong-mat-troi-epever-mppt-12-24-36-48vdc-60a-tracer6415an#breadcrumb\"},\"inLanguage\":\"vi\",\"potentialAction\":[{\"@type\":\"ReadAction\",\"target\":[\"https:\/\/tpenergy.com.vn\/?product=bo-sac-nang-luong-mat-troi-epever-mppt-12-24-36-48vdc-60a-tracer6415an\"]}]},{\"@type\":\"BreadcrumbList\",\"@id\":\"https:\/\/tpenergy.com.vn\/?product=bo-sac-nang-luong-mat-troi-epever-mppt-12-24-36-48vdc-60a-tracer6415an#breadcrumb\",\"itemListElement\":[{\"@type\":\"ListItem\",\"position\":1,\"name\":\"Trang ch\u1ee7\",\"item\":\"https:\/\/tpenergy.com.vn\/\"},{\"@type\":\"ListItem\",\"position\":2,\"name\":\"Shop\",\"item\":\"https:\/\/tpenergy.com.vn\/?page_id=5\"},{\"@type\":\"ListItem\",\"position\":3,\"name\":\"PH\u1ee4 KI\u1ec6N\",\"item\":\"https:\/\/tpenergy.com.vn\/danh-muc-sp\/phu-kien\/\"},{\"@type\":\"ListItem\",\"position\":4,\"name\":\"EPEVER\",\"item\":\"https:\/\/tpenergy.com.vn\/?product_cat=epever-phu-kien\"},{\"@type\":\"ListItem\",\"position\":5,\"name\":\"B\u1ed9 s\u1ea1c Epever\",\"item\":\"https:\/\/tpenergy.com.vn\/?product_cat=bo-sac\"},{\"@type\":\"ListItem\",\"position\":6,\"name\":\"B\u1ed9 s\u1ea1c n\u0103ng l\u01b0\u1ee3ng m\u1eb7t tr\u1eddi Epever MPPT 12\/24\/36\/48VDC, 60A &#8211; Tracer6415AN\"}]},{\"@type\":\"WebSite\",\"@id\":\"https:\/\/tpenergy.com.vn\/#website\",\"url\":\"https:\/\/tpenergy.com.vn\/\",\"name\":\"Thuan Phong Solar Energy\",\"description\":\"\",\"potentialAction\":[{\"@type\":\"SearchAction\",\"target\":{\"@type\":\"EntryPoint\",\"urlTemplate\":\"https:\/\/tpenergy.com.vn\/?s={search_term_string}\"},\"query-input\":\"required name=search_term_string\"}],\"inLanguage\":\"vi\"}]}<\/script>\r\n<!-- \/ Yoast SEO plugin. -->","yoast_head_json":{"title":"B\u1ed9 s\u1ea1c NLMT Epever MPPT 12\/24\/36\/48VDC 60A Tracer6415AN","description":"\u0110i\u1ec7n \u00e1p s\u1ea1c: 12\/24\/36\/48V Auto Hi\u1ec7u su\u1ea5t s\u1ea1c t\u1ed1i \u0111a: 98,5% D\u00f2ng s\u1ea1c \u0111\u1ecbnh m\u1ee9c:60A","robots":{"index":"index","follow":"follow","max-snippet":"max-snippet:-1","max-image-preview":"max-image-preview:large","max-video-preview":"max-video-preview:-1"},"canonical":"https:\/\/tpenergy.com.vn\/?product=bo-sac-nang-luong-mat-troi-epever-mppt-12-24-36-48vdc-60a-tracer6415an","og_locale":"vi_VN","og_type":"article","og_title":"B\u1ed9 s\u1ea1c NLMT Epever MPPT 12\/24\/36\/48VDC 60A Tracer6415AN","og_description":"\u0110i\u1ec7n \u00e1p s\u1ea1c: 12\/24\/36\/48V Auto Hi\u1ec7u su\u1ea5t s\u1ea1c t\u1ed1i \u0111a: 98,5% D\u00f2ng s\u1ea1c \u0111\u1ecbnh m\u1ee9c:60A","og_url":"https:\/\/tpenergy.com.vn\/?product=bo-sac-nang-luong-mat-troi-epever-mppt-12-24-36-48vdc-60a-tracer6415an","og_site_name":"Thuan Phong Solar Energy","article_modified_time":"2026-03-30T06:43:23+00:00","og_image":[{"width":2084,"height":2084,"url":"https:\/\/tpenergy.com.vn\/wp-content\/uploads\/2023\/09\/w_Tracer-AN\uff0850-100\uff09-Front.jpg","type":"image\/jpeg"}],"twitter_card":"summary_large_image","twitter_misc":{"\u01af\u1edbc t\u00ednh th\u1eddi gian \u0111\u1ecdc":"2 ph\u00fat"},"schema":{"@context":"https:\/\/schema.org","@graph":[{"@type":"WebPage","@id":"https:\/\/tpenergy.com.vn\/?product=bo-sac-nang-luong-mat-troi-epever-mppt-12-24-36-48vdc-60a-tracer6415an","url":"https:\/\/tpenergy.com.vn\/?product=bo-sac-nang-luong-mat-troi-epever-mppt-12-24-36-48vdc-60a-tracer6415an","name":"B\u1ed9 s\u1ea1c NLMT Epever MPPT 12\/24\/36\/48VDC 60A Tracer6415AN","isPartOf":{"@id":"https:\/\/tpenergy.com.vn\/#website"},"datePublished":"2023-09-12T09:58:54+00:00","dateModified":"2026-03-30T06:43:23+00:00","description":"\u0110i\u1ec7n \u00e1p s\u1ea1c: 12\/24\/36\/48V Auto Hi\u1ec7u su\u1ea5t s\u1ea1c t\u1ed1i \u0111a: 98,5% D\u00f2ng s\u1ea1c \u0111\u1ecbnh m\u1ee9c:60A","breadcrumb":{"@id":"https:\/\/tpenergy.com.vn\/?product=bo-sac-nang-luong-mat-troi-epever-mppt-12-24-36-48vdc-60a-tracer6415an#breadcrumb"},"inLanguage":"vi","potentialAction":[{"@type":"ReadAction","target":["https:\/\/tpenergy.com.vn\/?product=bo-sac-nang-luong-mat-troi-epever-mppt-12-24-36-48vdc-60a-tracer6415an"]}]},{"@type":"BreadcrumbList","@id":"https:\/\/tpenergy.com.vn\/?product=bo-sac-nang-luong-mat-troi-epever-mppt-12-24-36-48vdc-60a-tracer6415an#breadcrumb","itemListElement":[{"@type":"ListItem","position":1,"name":"Trang ch\u1ee7","item":"https:\/\/tpenergy.com.vn\/"},{"@type":"ListItem","position":2,"name":"Shop","item":"https:\/\/tpenergy.com.vn\/?page_id=5"},{"@type":"ListItem","position":3,"name":"PH\u1ee4 KI\u1ec6N","item":"https:\/\/tpenergy.com.vn\/danh-muc-sp\/phu-kien\/"},{"@type":"ListItem","position":4,"name":"EPEVER","item":"https:\/\/tpenergy.com.vn\/?product_cat=epever-phu-kien"},{"@type":"ListItem","position":5,"name":"B\u1ed9 s\u1ea1c Epever","item":"https:\/\/tpenergy.com.vn\/?product_cat=bo-sac"},{"@type":"ListItem","position":6,"name":"B\u1ed9 s\u1ea1c n\u0103ng l\u01b0\u1ee3ng m\u1eb7t tr\u1eddi Epever MPPT 12\/24\/36\/48VDC, 60A &#8211; Tracer6415AN"}]},{"@type":"WebSite","@id":"https:\/\/tpenergy.com.vn\/#website","url":"https:\/\/tpenergy.com.vn\/","name":"Thuan Phong Solar Energy","description":"","potentialAction":[{"@type":"SearchAction","target":{"@type":"EntryPoint","urlTemplate":"https:\/\/tpenergy.com.vn\/?s={search_term_string}"},"query-input":"required name=search_term_string"}],"inLanguage":"vi"}]}},"_links":{"self":[{"href":"https:\/\/tpenergy.com.vn\/index.php?rest_route=\/wp\/v2\/product\/3464"}],"collection":[{"href":"https:\/\/tpenergy.com.vn\/index.php?rest_route=\/wp\/v2\/product"}],"about":[{"href":"https:\/\/tpenergy.com.vn\/index.php?rest_route=\/wp\/v2\/types\/product"}],"replies":[{"embeddable":true,"href":"https:\/\/tpenergy.com.vn\/index.php?rest_route=%2Fwp%2Fv2%2Fcomments&post=3464"}],"wp:featuredmedia":[{"embeddable":true,"href":"https:\/\/tpenergy.com.vn\/index.php?rest_route=\/wp\/v2\/media\/3473"}],"wp:attachment":[{"href":"https:\/\/tpenergy.com.vn\/index.php?rest_route=%2Fwp%2Fv2%2Fmedia&parent=3464"}],"wp:term":[{"taxonomy":"product_cat","embeddable":true,"href":"https:\/\/tpenergy.com.vn\/index.php?rest_route=%2Fwp%2Fv2%2Fproduct_cat&post=3464"},{"taxonomy":"product_tag","embeddable":true,"href":"https:\/\/tpenergy.com.vn\/index.php?rest_route=%2Fwp%2Fv2%2Fproduct_tag&post=3464"}],"curies":[{"name":"wp","href":"https:\/\/api.w.org\/{rel}","templated":true}]}}