{"id":3263,"date":"2023-08-14T15:07:16","date_gmt":"2023-08-14T08:07:16","guid":{"rendered":"https:\/\/tpenergy.com.vn\/?post_type=product&#038;p=3263"},"modified":"2023-08-14T16:13:47","modified_gmt":"2023-08-14T09:13:47","slug":"day-cap-sac-ac-smart-weidmuller","status":"publish","type":"product","link":"https:\/\/tpenergy.com.vn\/?product=day-cap-sac-ac-smart-weidmuller","title":{"rendered":"D\u00c2Y C\u00c1P S\u1ea0C AC SMART(LO\u1ea0I D\u00c2Y XO\u1eaeN) \u2013 WEIDMULLER"},"content":{"rendered":"","protected":false},"excerpt":{"rendered":"<p>Lo\u1ea1i ph\u00edch c\u1eafm \u2013 \u0111i\u1ec3m s\u1ea1c: Lo\u1ea1i 2<br \/>\nLo\u1ea1i ph\u00edch c\u1eafm \u2013 ph\u00eda xe: Lo\u1ea1i 2<br \/>\nC\u00f4ng su\u1ea5t s\u1ea1c t\u1ed1i \u0111a: 22 kW \u2013 3 pha<br \/>\nD\u00f2ng \u0111i\u1ec7n \u0111\u1ecbnh m\u1ee9c: 32 A<br \/>\nChi\u1ec1u d\u00e0i c\u00e1p: 5 m<br \/>\nC\u00e1p lo\u1ea1i: xo\u1eafn \u1ed1c<br \/>\nM\u1ee9c \u0111\u1ed9 b\u1ea3o v\u1ec7: IP54<br \/>\nXu\u1ea5t x\u1ee9: \u0110\u1ee9c<\/p>\n<p><a href=\"https:\/\/tpenergy.com.vn\/wp-content\/uploads\/2023\/08\/2933730000_PI_E-MOBILITY_EN_WEB.pdf\"><img loading=\"lazy\" decoding=\"async\" class=\"alignnone size-full wp-image-3072\" src=\"https:\/\/tpenergy.com.vn\/wp-content\/uploads\/2023\/08\/datta.png\" alt=\"\" width=\"136\" height=\"39\" \/><\/a><\/p>\n","protected":false},"featured_media":3269,"comment_status":"open","ping_status":"closed","template":"","meta":{"_eb_attr":""},"product_cat":[145],"product_tag":[],"class_list":{"0":"post-3263","1":"product","2":"type-product","3":"status-publish","4":"has-post-thumbnail","6":"product_cat-bo-sac-xe-dien-weid-muller-duc","8":"first","9":"instock","10":"shipping-taxable","11":"product-type-simple"},"yoast_head":"<!-- This site is optimized with the Yoast SEO plugin v20.9 - https:\/\/yoast.com\/wordpress\/plugins\/seo\/ -->\r\n<title>D\u00c2Y C\u00c1P S\u1ea0C AC SMART(LO\u1ea0I D\u00c2Y XO\u1eaeN) \u2013 WEIDMULLER - Thuan Phong Solar Energy<\/title>\r\n<meta name=\"robots\" content=\"index, follow, max-snippet:-1, max-image-preview:large, max-video-preview:-1\" \/>\r\n<link rel=\"canonical\" href=\"https:\/\/tpenergy.com.vn\/?product=day-cap-sac-ac-smart-weidmuller\" \/>\r\n<meta property=\"og:locale\" content=\"vi_VN\" \/>\r\n<meta property=\"og:type\" content=\"article\" \/>\r\n<meta property=\"og:title\" content=\"D\u00c2Y C\u00c1P S\u1ea0C AC SMART(LO\u1ea0I D\u00c2Y XO\u1eaeN) \u2013 WEIDMULLER - Thuan Phong Solar Energy\" \/>\r\n<meta property=\"og:description\" content=\"Lo\u1ea1i ph\u00edch c\u1eafm \u2013 \u0111i\u1ec3m s\u1ea1c: Lo\u1ea1i 2 Lo\u1ea1i ph\u00edch c\u1eafm \u2013 ph\u00eda xe: Lo\u1ea1i 2 C\u00f4ng su\u1ea5t s\u1ea1c t\u1ed1i \u0111a: 22 kW \u2013 3 pha D\u00f2ng \u0111i\u1ec7n \u0111\u1ecbnh m\u1ee9c: 32 A Chi\u1ec1u d\u00e0i c\u00e1p: 5 m C\u00e1p lo\u1ea1i: xo\u1eafn \u1ed1c M\u1ee9c \u0111\u1ed9 b\u1ea3o v\u1ec7: IP54 Xu\u1ea5t x\u1ee9: \u0110\u1ee9c\" \/>\r\n<meta property=\"og:url\" content=\"https:\/\/tpenergy.com.vn\/?product=day-cap-sac-ac-smart-weidmuller\" \/>\r\n<meta property=\"og:site_name\" content=\"Thuan Phong Solar Energy\" \/>\r\n<meta property=\"article:modified_time\" content=\"2023-08-14T09:13:47+00:00\" \/>\r\n<meta property=\"og:image\" content=\"https:\/\/tpenergy.com.vn\/wp-content\/uploads\/2023\/08\/2754410000.jpg\" \/>\r\n\t<meta property=\"og:image:width\" content=\"2048\" \/>\r\n\t<meta property=\"og:image:height\" content=\"2048\" \/>\r\n\t<meta property=\"og:image:type\" content=\"image\/jpeg\" \/>\r\n<meta name=\"twitter:card\" content=\"summary_large_image\" \/>\r\n<script type=\"application\/ld+json\" class=\"yoast-schema-graph\">{\"@context\":\"https:\/\/schema.org\",\"@graph\":[{\"@type\":\"WebPage\",\"@id\":\"https:\/\/tpenergy.com.vn\/?product=day-cap-sac-ac-smart-weidmuller\",\"url\":\"https:\/\/tpenergy.com.vn\/?product=day-cap-sac-ac-smart-weidmuller\",\"name\":\"D\u00c2Y C\u00c1P S\u1ea0C AC SMART(LO\u1ea0I D\u00c2Y XO\u1eaeN) \u2013 WEIDMULLER - Thuan Phong Solar Energy\",\"isPartOf\":{\"@id\":\"https:\/\/tpenergy.com.vn\/#website\"},\"datePublished\":\"2023-08-14T08:07:16+00:00\",\"dateModified\":\"2023-08-14T09:13:47+00:00\",\"breadcrumb\":{\"@id\":\"https:\/\/tpenergy.com.vn\/?product=day-cap-sac-ac-smart-weidmuller#breadcrumb\"},\"inLanguage\":\"vi\",\"potentialAction\":[{\"@type\":\"ReadAction\",\"target\":[\"https:\/\/tpenergy.com.vn\/?product=day-cap-sac-ac-smart-weidmuller\"]}]},{\"@type\":\"BreadcrumbList\",\"@id\":\"https:\/\/tpenergy.com.vn\/?product=day-cap-sac-ac-smart-weidmuller#breadcrumb\",\"itemListElement\":[{\"@type\":\"ListItem\",\"position\":1,\"name\":\"Trang ch\u1ee7\",\"item\":\"https:\/\/tpenergy.com.vn\/\"},{\"@type\":\"ListItem\",\"position\":2,\"name\":\"Shop\",\"item\":\"https:\/\/tpenergy.com.vn\/?page_id=5\"},{\"@type\":\"ListItem\",\"position\":3,\"name\":\"B\u1ed8 S\u1ea0C \u00d4 T\u00d4 \u0110I\u1ec6N\",\"item\":\"https:\/\/tpenergy.com.vn\/?product_cat=xac-o-to-dien\"},{\"@type\":\"ListItem\",\"position\":4,\"name\":\"B\u1ed8 S\u1ea0C XE \u0110I\u1ec6N WEID MULLER - \u0110\u1ee8C\",\"item\":\"https:\/\/tpenergy.com.vn\/?product_cat=bo-sac-xe-dien-weid-muller-duc\"},{\"@type\":\"ListItem\",\"position\":5,\"name\":\"D\u00c2Y C\u00c1P S\u1ea0C AC SMART(LO\u1ea0I D\u00c2Y XO\u1eaeN) \u2013 WEIDMULLER\"}]},{\"@type\":\"WebSite\",\"@id\":\"https:\/\/tpenergy.com.vn\/#website\",\"url\":\"https:\/\/tpenergy.com.vn\/\",\"name\":\"Thuan Phong Solar Energy\",\"description\":\"\",\"potentialAction\":[{\"@type\":\"SearchAction\",\"target\":{\"@type\":\"EntryPoint\",\"urlTemplate\":\"https:\/\/tpenergy.com.vn\/?s={search_term_string}\"},\"query-input\":\"required name=search_term_string\"}],\"inLanguage\":\"vi\"}]}<\/script>\r\n<!-- \/ Yoast SEO plugin. -->","yoast_head_json":{"title":"D\u00c2Y C\u00c1P S\u1ea0C AC SMART(LO\u1ea0I D\u00c2Y XO\u1eaeN) \u2013 WEIDMULLER - Thuan Phong Solar Energy","robots":{"index":"index","follow":"follow","max-snippet":"max-snippet:-1","max-image-preview":"max-image-preview:large","max-video-preview":"max-video-preview:-1"},"canonical":"https:\/\/tpenergy.com.vn\/?product=day-cap-sac-ac-smart-weidmuller","og_locale":"vi_VN","og_type":"article","og_title":"D\u00c2Y C\u00c1P S\u1ea0C AC SMART(LO\u1ea0I D\u00c2Y XO\u1eaeN) \u2013 WEIDMULLER - Thuan Phong Solar Energy","og_description":"Lo\u1ea1i ph\u00edch c\u1eafm \u2013 \u0111i\u1ec3m s\u1ea1c: Lo\u1ea1i 2 Lo\u1ea1i ph\u00edch c\u1eafm \u2013 ph\u00eda xe: Lo\u1ea1i 2 C\u00f4ng su\u1ea5t s\u1ea1c t\u1ed1i \u0111a: 22 kW \u2013 3 pha D\u00f2ng \u0111i\u1ec7n \u0111\u1ecbnh m\u1ee9c: 32 A Chi\u1ec1u d\u00e0i c\u00e1p: 5 m C\u00e1p lo\u1ea1i: xo\u1eafn \u1ed1c M\u1ee9c \u0111\u1ed9 b\u1ea3o v\u1ec7: IP54 Xu\u1ea5t x\u1ee9: \u0110\u1ee9c","og_url":"https:\/\/tpenergy.com.vn\/?product=day-cap-sac-ac-smart-weidmuller","og_site_name":"Thuan Phong Solar Energy","article_modified_time":"2023-08-14T09:13:47+00:00","og_image":[{"width":2048,"height":2048,"url":"https:\/\/tpenergy.com.vn\/wp-content\/uploads\/2023\/08\/2754410000.jpg","type":"image\/jpeg"}],"twitter_card":"summary_large_image","schema":{"@context":"https:\/\/schema.org","@graph":[{"@type":"WebPage","@id":"https:\/\/tpenergy.com.vn\/?product=day-cap-sac-ac-smart-weidmuller","url":"https:\/\/tpenergy.com.vn\/?product=day-cap-sac-ac-smart-weidmuller","name":"D\u00c2Y C\u00c1P S\u1ea0C AC SMART(LO\u1ea0I D\u00c2Y XO\u1eaeN) \u2013 WEIDMULLER - Thuan Phong Solar Energy","isPartOf":{"@id":"https:\/\/tpenergy.com.vn\/#website"},"datePublished":"2023-08-14T08:07:16+00:00","dateModified":"2023-08-14T09:13:47+00:00","breadcrumb":{"@id":"https:\/\/tpenergy.com.vn\/?product=day-cap-sac-ac-smart-weidmuller#breadcrumb"},"inLanguage":"vi","potentialAction":[{"@type":"ReadAction","target":["https:\/\/tpenergy.com.vn\/?product=day-cap-sac-ac-smart-weidmuller"]}]},{"@type":"BreadcrumbList","@id":"https:\/\/tpenergy.com.vn\/?product=day-cap-sac-ac-smart-weidmuller#breadcrumb","itemListElement":[{"@type":"ListItem","position":1,"name":"Trang ch\u1ee7","item":"https:\/\/tpenergy.com.vn\/"},{"@type":"ListItem","position":2,"name":"Shop","item":"https:\/\/tpenergy.com.vn\/?page_id=5"},{"@type":"ListItem","position":3,"name":"B\u1ed8 S\u1ea0C \u00d4 T\u00d4 \u0110I\u1ec6N","item":"https:\/\/tpenergy.com.vn\/?product_cat=xac-o-to-dien"},{"@type":"ListItem","position":4,"name":"B\u1ed8 S\u1ea0C XE \u0110I\u1ec6N WEID MULLER - \u0110\u1ee8C","item":"https:\/\/tpenergy.com.vn\/?product_cat=bo-sac-xe-dien-weid-muller-duc"},{"@type":"ListItem","position":5,"name":"D\u00c2Y C\u00c1P S\u1ea0C AC SMART(LO\u1ea0I D\u00c2Y XO\u1eaeN) \u2013 WEIDMULLER"}]},{"@type":"WebSite","@id":"https:\/\/tpenergy.com.vn\/#website","url":"https:\/\/tpenergy.com.vn\/","name":"Thuan Phong Solar Energy","description":"","potentialAction":[{"@type":"SearchAction","target":{"@type":"EntryPoint","urlTemplate":"https:\/\/tpenergy.com.vn\/?s={search_term_string}"},"query-input":"required name=search_term_string"}],"inLanguage":"vi"}]}},"_links":{"self":[{"href":"https:\/\/tpenergy.com.vn\/index.php?rest_route=\/wp\/v2\/product\/3263"}],"collection":[{"href":"https:\/\/tpenergy.com.vn\/index.php?rest_route=\/wp\/v2\/product"}],"about":[{"href":"https:\/\/tpenergy.com.vn\/index.php?rest_route=\/wp\/v2\/types\/product"}],"replies":[{"embeddable":true,"href":"https:\/\/tpenergy.com.vn\/index.php?rest_route=%2Fwp%2Fv2%2Fcomments&post=3263"}],"wp:featuredmedia":[{"embeddable":true,"href":"https:\/\/tpenergy.com.vn\/index.php?rest_route=\/wp\/v2\/media\/3269"}],"wp:attachment":[{"href":"https:\/\/tpenergy.com.vn\/index.php?rest_route=%2Fwp%2Fv2%2Fmedia&parent=3263"}],"wp:term":[{"taxonomy":"product_cat","embeddable":true,"href":"https:\/\/tpenergy.com.vn\/index.php?rest_route=%2Fwp%2Fv2%2Fproduct_cat&post=3263"},{"taxonomy":"product_tag","embeddable":true,"href":"https:\/\/tpenergy.com.vn\/index.php?rest_route=%2Fwp%2Fv2%2Fproduct_tag&post=3263"}],"curies":[{"name":"wp","href":"https:\/\/api.w.org\/{rel}","templated":true}]}}