{"id":3094,"date":"2023-08-03T16:19:36","date_gmt":"2023-08-03T09:19:36","guid":{"rendered":"https:\/\/tpenergy.com.vn\/?post_type=product&#038;p=3094"},"modified":"2023-11-03T21:18:23","modified_gmt":"2023-11-03T14:18:23","slug":"den-led-bang-nang-luong-mat-troi-gelta-gds100a","status":"publish","type":"product","link":"https:\/\/tpenergy.com.vn\/?product=den-led-bang-nang-luong-mat-troi-gelta-gds100a","title":{"rendered":"\u0110\u00e8n LED B\u1ea3ng N\u0103ng L\u01b0\u1ee3ng M\u1eb7t Tr\u1eddi Gelta \u2013 GDS100A"},"content":{"rendered":"<ul>\n<li>G\u00f3c \u0111\u00e8n 180\u00b0 d\u1ec5 d\u00e0ng \u0111i\u1ec1u ch\u1ec9nh h\u01b0\u1edbng s\u00e1ng mong mu\u1ed1n.<\/li>\n<li><strong>C\u00f4ng ngh\u1ec7 ALS<\/strong>\u00a0\u0111i\u1ec1u ch\u1ec9nh c\u00f4ng su\u1ea5t \u0111\u1ea3m b\u1ea3o th\u1eddi gian s\u00e1ng l\u00ean \u0111\u1ebfn\u00a0<strong>10 ng\u00e0y.<\/strong><\/li>\n<li>Thi\u1ebft k\u1ebf th\u00f4ng minh, hi\u1ec7n \u0111\u1ea1i.<\/li>\n<li>Ph\u1ea1m vi l\u00e0m vi\u1ec7c trong nhi\u1ec7t \u0111\u1ed9 t\u1eeb -20\u00b0C \u0111\u1ebfn +60\u00b0C ph\u00f9 h\u1ee3p v\u1edbi m\u1ecdi khu v\u1ef1c \u0111i\u1ec1u ki\u1ec7n th\u1eddi ti\u1ebft.<\/li>\n<li>C\u1ea3m bi\u1ebfn black PIR gi\u00fap ch\u1ed1ng nhi\u1ec5u t\u1ed1t nh\u1eadn di\u1ec7n t\u1ed1i \u01b0u.<\/li>\n<li>Linh ho\u1ea1t s\u1eed d\u1ee5ng \u0111a d\u1ea1ng \u0111\u1ecba \u0111i\u1ec3m.<\/li>\n<\/ul>\n<h2>Th\u00f4ng s\u1ed1 k\u1ef9 thu\u1eadt<\/h2>\n<table>\n<thead>\n<tr>\n<th class=\"pad--15 color--orangebold fw--600\">\u0110\u1eb6C \u0110I\u1ec2M<\/th>\n<th class=\"pad--15 color--orangebold fw--600\">\u0110\u00c8N LED B\u1ea2NG N\u0102NG L\u01af\u1ee2NG M\u1eb6T TR\u1edcI GELTA<\/th>\n<\/tr>\n<\/thead>\n<tbody>\n<tr>\n<td>H\u00ecnh \u1ea3nh<\/td>\n<td><img loading=\"lazy\" decoding=\"async\" class=\"\" src=\"https:\/\/gelta.vn\/wp-content\/uploads\/2023\/06\/den-led-bang-nang-luong-mat-troi.png\" alt=\"\u0110\u00e8n Led b\u1ea3ng n\u0103ng l\u01b0\u1ee3ng m\u1eb7t tr\u1eddi Gelta\" width=\"297\" height=\"297\" \/><\/td>\n<\/tr>\n<tr>\n<td>CCT (Nhi\u1ec7t \u0111\u1ed9 m\u00e0u)<\/td>\n<td>5700 K<\/td>\n<\/tr>\n<tr>\n<td>T\u1ea5m quang \u0111i\u1ec7n<\/td>\n<td><strong>Mono\u00a0<\/strong>5 V\/7 Wp<\/td>\n<\/tr>\n<tr>\n<td>Pin l\u01b0u tr\u1eef<\/td>\n<td>37 Wh<\/td>\n<\/tr>\n<tr>\n<td>Quang th\u00f4ng<\/td>\n<td>1500 Lm<\/td>\n<\/tr>\n<tr>\n<td>Chip LED<\/td>\n<td>2835\u00a0<strong>OSRAM<\/strong><\/td>\n<\/tr>\n<tr>\n<td>Tu\u1ed5i th\u1ecd LED<\/td>\n<td>50,000 gi\u1edd<\/td>\n<\/tr>\n<tr>\n<td>Th\u1eddi gian s\u1ea1c<\/td>\n<td>4-6 gi\u1edd<\/td>\n<\/tr>\n<tr>\n<td>Th\u1eddi gian s\u00e1ng<\/td>\n<td>&gt;10 ng\u00e0y<\/td>\n<\/tr>\n<tr>\n<td>Nhi\u1ec7t \u0111\u1ed9 s\u1ea1c\/x\u1ea3<\/td>\n<td>0~45\u00b0C\/-20~60\u00b0C<\/td>\n<\/tr>\n<tr>\n<td>Ch\u1ebf \u0111\u1ed9 \u0111i\u1ec1u khi\u1ec3n<\/td>\n<td>C\u00f4ng t\u1eafc n\u00fat B\u1eadt\/T\u1eaft, Nh\u1ea5n gi\u1eef 1,5s<\/td>\n<\/tr>\n<tr>\n<td>K\u00edch th\u01b0\u1edbc \u0111\u00e8n<\/td>\n<td>338x291x59 mm<\/td>\n<\/tr>\n<tr>\n<td>Kh\u00e1ng n\u01b0\u1edbc<\/td>\n<td>IP65<\/td>\n<\/tr>\n<\/tbody>\n<\/table>\n<h2>B\u1ea3o d\u01b0\u1ee1ng v\u1eadn h\u00e0nh<\/h2>\n<ul class=\"listype--none\">\n<li><i class=\"fa-solid fa-circle-check color--orangebold marr--5\"><\/i>L\u1eafp \u0111\u1eb7t vui l\u00f2ng tu\u00e2n theo h\u01b0\u1edbng d\u1eabn \u0111i k\u00e8m.<\/li>\n<li><i class=\"fa-solid fa-circle-check color--orangebold marr--5\"><\/i>Ki\u1ec3m tra, v\u1ec7 sinh \u0111\u00e8n v\u00e0 t\u1ea5m pin quang \u0111i\u1ec7n \u0111\u1ecbnh k\u1ef3 \u0111\u1ec3 \u0111\u1ea3m b\u1ea3o hi\u1ec7u su\u1ea5t ho\u1ea1t \u0111\u1ed9ng t\u1ed1t nh\u1ea5t.<\/li>\n<\/ul>\n<p class=\"text--italic fz--14\">*L\u01b0u \u00fd: Th\u00f4ng s\u1ed1 k\u1ef9 thu\u1eadt n\u00eau tr\u00ean c\u00f3 dung sai +-5%. C\u00e1c th\u00f4ng s\u1ed1 tr\u00ean c\u00f3 th\u1ec3 thay \u0111\u1ed5i b\u1edfi nh\u00e0 s\u1ea3n xu\u1ea5t m\u00e0 kh\u00f4ng b\u00e1o tr\u01b0\u1edbc.<\/p>\n","protected":false},"excerpt":{"rendered":"<ul>\n<li class=\"shortdes--product\">Model:\u00a0GDS-100-A<\/li>\n<li class=\"shortdes--product\">Th\u01b0\u01a1ng hi\u1ec7u:\u00a0Gelta<\/li>\n<li class=\"shortdes--product\">Quang th\u00f4ng:\u00a01500 Lm<\/li>\n<li class=\"shortdes--product\">Chip LED:\u00a02835 OSRAM<\/li>\n<li class=\"shortdes--product\">Th\u1eddi gian s\u00e1ng:\u00a0&gt;10 ng\u00e0y<\/li>\n<li class=\"shortdes--product\">B\u1ea3o h\u00e0nh:\u00a03 n\u0103m<\/li>\n<\/ul>\n<p><a href=\"https:\/\/gelta.vn\/wp-content\/uploads\/2023\/06\/Datasheet-den-led-bang-nang-luong-mat-troi-gelta-GDS-100-A.pdf\"><img loading=\"lazy\" decoding=\"async\" class=\"alignnone size-full wp-image-3072\" src=\"https:\/\/tpenergy.com.vn\/wp-content\/uploads\/2023\/08\/datta.png\" alt=\"\" width=\"136\" height=\"39\" \/><\/a><\/p>\n","protected":false},"featured_media":3096,"comment_status":"open","ping_status":"closed","template":"","meta":{"_eb_attr":""},"product_cat":[102],"product_tag":[108,111],"class_list":{"0":"post-3094","1":"product","2":"type-product","3":"status-publish","4":"has-post-thumbnail","6":"product_cat-gelta","7":"product_tag-den-led-nang-luong-mat-troi","8":"product_tag-den-nang-luong","9":"pa_gia-khong-lap-dat","10":"pa_gia-lap-dat","12":"first","13":"instock","14":"shipping-taxable","15":"purchasable","16":"product-type-variable"},"yoast_head":"<!-- This site is optimized with the Yoast SEO plugin v20.9 - https:\/\/yoast.com\/wordpress\/plugins\/seo\/ -->\r\n<title>\u0110\u00e8n LED B\u1ea3ng N\u0103ng L\u01b0\u1ee3ng M\u1eb7t Tr\u1eddi Gelta \u2013 GDS100A - Thuan Phong Solar Energy<\/title>\r\n<meta name=\"robots\" content=\"index, follow, max-snippet:-1, max-image-preview:large, max-video-preview:-1\" \/>\r\n<link rel=\"canonical\" href=\"https:\/\/tpenergy.com.vn\/?product=den-led-bang-nang-luong-mat-troi-gelta-gds100a\" \/>\r\n<meta property=\"og:locale\" content=\"vi_VN\" \/>\r\n<meta property=\"og:type\" content=\"article\" \/>\r\n<meta property=\"og:title\" content=\"\u0110\u00e8n LED B\u1ea3ng N\u0103ng L\u01b0\u1ee3ng M\u1eb7t Tr\u1eddi Gelta \u2013 GDS100A - Thuan Phong Solar Energy\" \/>\r\n<meta property=\"og:description\" content=\"Model:\u00a0GDS-100-A  Th\u01b0\u01a1ng hi\u1ec7u:\u00a0Gelta  Quang th\u00f4ng:\u00a01500 Lm  Chip LED:\u00a02835 OSRAM  Th\u1eddi gian s\u00e1ng:\u00a0&gt;10 ng\u00e0y  B\u1ea3o h\u00e0nh:\u00a03 n\u0103m\" \/>\r\n<meta property=\"og:url\" content=\"https:\/\/tpenergy.com.vn\/?product=den-led-bang-nang-luong-mat-troi-gelta-gds100a\" \/>\r\n<meta property=\"og:site_name\" content=\"Thuan Phong Solar Energy\" \/>\r\n<meta property=\"article:modified_time\" content=\"2023-11-03T14:18:23+00:00\" \/>\r\n<meta property=\"og:image\" content=\"https:\/\/tpenergy.com.vn\/wp-content\/uploads\/2023\/08\/den-sv.png\" \/>\r\n\t<meta property=\"og:image:width\" content=\"800\" \/>\r\n\t<meta property=\"og:image:height\" content=\"800\" \/>\r\n\t<meta property=\"og:image:type\" content=\"image\/png\" \/>\r\n<meta name=\"twitter:card\" content=\"summary_large_image\" \/>\r\n<meta name=\"twitter:label1\" content=\"\u01af\u1edbc t\u00ednh th\u1eddi gian \u0111\u1ecdc\" \/>\n\t<meta name=\"twitter:data1\" content=\"2 ph\u00fat\" \/>\r\n<script type=\"application\/ld+json\" class=\"yoast-schema-graph\">{\"@context\":\"https:\/\/schema.org\",\"@graph\":[{\"@type\":\"WebPage\",\"@id\":\"https:\/\/tpenergy.com.vn\/?product=den-led-bang-nang-luong-mat-troi-gelta-gds100a\",\"url\":\"https:\/\/tpenergy.com.vn\/?product=den-led-bang-nang-luong-mat-troi-gelta-gds100a\",\"name\":\"\u0110\u00e8n LED B\u1ea3ng N\u0103ng L\u01b0\u1ee3ng M\u1eb7t Tr\u1eddi Gelta \u2013 GDS100A - Thuan Phong Solar Energy\",\"isPartOf\":{\"@id\":\"https:\/\/tpenergy.com.vn\/#website\"},\"datePublished\":\"2023-08-03T09:19:36+00:00\",\"dateModified\":\"2023-11-03T14:18:23+00:00\",\"breadcrumb\":{\"@id\":\"https:\/\/tpenergy.com.vn\/?product=den-led-bang-nang-luong-mat-troi-gelta-gds100a#breadcrumb\"},\"inLanguage\":\"vi\",\"potentialAction\":[{\"@type\":\"ReadAction\",\"target\":[\"https:\/\/tpenergy.com.vn\/?product=den-led-bang-nang-luong-mat-troi-gelta-gds100a\"]}]},{\"@type\":\"BreadcrumbList\",\"@id\":\"https:\/\/tpenergy.com.vn\/?product=den-led-bang-nang-luong-mat-troi-gelta-gds100a#breadcrumb\",\"itemListElement\":[{\"@type\":\"ListItem\",\"position\":1,\"name\":\"Trang ch\u1ee7\",\"item\":\"https:\/\/tpenergy.com.vn\/\"},{\"@type\":\"ListItem\",\"position\":2,\"name\":\"Shop\",\"item\":\"https:\/\/tpenergy.com.vn\/?page_id=5\"},{\"@type\":\"ListItem\",\"position\":3,\"name\":\"\u0110\u00c8N N\u0102NG L\u01af\u1ee2NG M\u1eb6T TR\u1edcI\",\"item\":\"https:\/\/tpenergy.com.vn\/?product_cat=den-nang-luong-mat-troi\"},{\"@type\":\"ListItem\",\"position\":4,\"name\":\"GELTA\",\"item\":\"https:\/\/tpenergy.com.vn\/?product_cat=gelta\"},{\"@type\":\"ListItem\",\"position\":5,\"name\":\"\u0110\u00e8n LED B\u1ea3ng N\u0103ng L\u01b0\u1ee3ng M\u1eb7t Tr\u1eddi Gelta \u2013 GDS100A\"}]},{\"@type\":\"WebSite\",\"@id\":\"https:\/\/tpenergy.com.vn\/#website\",\"url\":\"https:\/\/tpenergy.com.vn\/\",\"name\":\"Thuan Phong Solar Energy\",\"description\":\"\",\"potentialAction\":[{\"@type\":\"SearchAction\",\"target\":{\"@type\":\"EntryPoint\",\"urlTemplate\":\"https:\/\/tpenergy.com.vn\/?s={search_term_string}\"},\"query-input\":\"required name=search_term_string\"}],\"inLanguage\":\"vi\"}]}<\/script>\r\n<!-- \/ Yoast SEO plugin. -->","yoast_head_json":{"title":"\u0110\u00e8n LED B\u1ea3ng N\u0103ng L\u01b0\u1ee3ng M\u1eb7t Tr\u1eddi Gelta \u2013 GDS100A - Thuan Phong Solar Energy","robots":{"index":"index","follow":"follow","max-snippet":"max-snippet:-1","max-image-preview":"max-image-preview:large","max-video-preview":"max-video-preview:-1"},"canonical":"https:\/\/tpenergy.com.vn\/?product=den-led-bang-nang-luong-mat-troi-gelta-gds100a","og_locale":"vi_VN","og_type":"article","og_title":"\u0110\u00e8n LED B\u1ea3ng N\u0103ng L\u01b0\u1ee3ng M\u1eb7t Tr\u1eddi Gelta \u2013 GDS100A - Thuan Phong Solar Energy","og_description":"Model:\u00a0GDS-100-A  Th\u01b0\u01a1ng hi\u1ec7u:\u00a0Gelta  Quang th\u00f4ng:\u00a01500 Lm  Chip LED:\u00a02835 OSRAM  Th\u1eddi gian s\u00e1ng:\u00a0&gt;10 ng\u00e0y  B\u1ea3o h\u00e0nh:\u00a03 n\u0103m","og_url":"https:\/\/tpenergy.com.vn\/?product=den-led-bang-nang-luong-mat-troi-gelta-gds100a","og_site_name":"Thuan Phong Solar Energy","article_modified_time":"2023-11-03T14:18:23+00:00","og_image":[{"width":800,"height":800,"url":"https:\/\/tpenergy.com.vn\/wp-content\/uploads\/2023\/08\/den-sv.png","type":"image\/png"}],"twitter_card":"summary_large_image","twitter_misc":{"\u01af\u1edbc t\u00ednh th\u1eddi gian \u0111\u1ecdc":"2 ph\u00fat"},"schema":{"@context":"https:\/\/schema.org","@graph":[{"@type":"WebPage","@id":"https:\/\/tpenergy.com.vn\/?product=den-led-bang-nang-luong-mat-troi-gelta-gds100a","url":"https:\/\/tpenergy.com.vn\/?product=den-led-bang-nang-luong-mat-troi-gelta-gds100a","name":"\u0110\u00e8n LED B\u1ea3ng N\u0103ng L\u01b0\u1ee3ng M\u1eb7t Tr\u1eddi Gelta \u2013 GDS100A - Thuan Phong Solar Energy","isPartOf":{"@id":"https:\/\/tpenergy.com.vn\/#website"},"datePublished":"2023-08-03T09:19:36+00:00","dateModified":"2023-11-03T14:18:23+00:00","breadcrumb":{"@id":"https:\/\/tpenergy.com.vn\/?product=den-led-bang-nang-luong-mat-troi-gelta-gds100a#breadcrumb"},"inLanguage":"vi","potentialAction":[{"@type":"ReadAction","target":["https:\/\/tpenergy.com.vn\/?product=den-led-bang-nang-luong-mat-troi-gelta-gds100a"]}]},{"@type":"BreadcrumbList","@id":"https:\/\/tpenergy.com.vn\/?product=den-led-bang-nang-luong-mat-troi-gelta-gds100a#breadcrumb","itemListElement":[{"@type":"ListItem","position":1,"name":"Trang ch\u1ee7","item":"https:\/\/tpenergy.com.vn\/"},{"@type":"ListItem","position":2,"name":"Shop","item":"https:\/\/tpenergy.com.vn\/?page_id=5"},{"@type":"ListItem","position":3,"name":"\u0110\u00c8N N\u0102NG L\u01af\u1ee2NG M\u1eb6T TR\u1edcI","item":"https:\/\/tpenergy.com.vn\/?product_cat=den-nang-luong-mat-troi"},{"@type":"ListItem","position":4,"name":"GELTA","item":"https:\/\/tpenergy.com.vn\/?product_cat=gelta"},{"@type":"ListItem","position":5,"name":"\u0110\u00e8n LED B\u1ea3ng N\u0103ng L\u01b0\u1ee3ng M\u1eb7t Tr\u1eddi Gelta \u2013 GDS100A"}]},{"@type":"WebSite","@id":"https:\/\/tpenergy.com.vn\/#website","url":"https:\/\/tpenergy.com.vn\/","name":"Thuan Phong Solar Energy","description":"","potentialAction":[{"@type":"SearchAction","target":{"@type":"EntryPoint","urlTemplate":"https:\/\/tpenergy.com.vn\/?s={search_term_string}"},"query-input":"required name=search_term_string"}],"inLanguage":"vi"}]}},"_links":{"self":[{"href":"https:\/\/tpenergy.com.vn\/index.php?rest_route=\/wp\/v2\/product\/3094"}],"collection":[{"href":"https:\/\/tpenergy.com.vn\/index.php?rest_route=\/wp\/v2\/product"}],"about":[{"href":"https:\/\/tpenergy.com.vn\/index.php?rest_route=\/wp\/v2\/types\/product"}],"replies":[{"embeddable":true,"href":"https:\/\/tpenergy.com.vn\/index.php?rest_route=%2Fwp%2Fv2%2Fcomments&post=3094"}],"wp:featuredmedia":[{"embeddable":true,"href":"https:\/\/tpenergy.com.vn\/index.php?rest_route=\/wp\/v2\/media\/3096"}],"wp:attachment":[{"href":"https:\/\/tpenergy.com.vn\/index.php?rest_route=%2Fwp%2Fv2%2Fmedia&parent=3094"}],"wp:term":[{"taxonomy":"product_cat","embeddable":true,"href":"https:\/\/tpenergy.com.vn\/index.php?rest_route=%2Fwp%2Fv2%2Fproduct_cat&post=3094"},{"taxonomy":"product_tag","embeddable":true,"href":"https:\/\/tpenergy.com.vn\/index.php?rest_route=%2Fwp%2Fv2%2Fproduct_tag&post=3094"}],"curies":[{"name":"wp","href":"https:\/\/api.w.org\/{rel}","templated":true}]}}