{"id":3064,"date":"2023-08-03T15:46:10","date_gmt":"2023-08-03T08:46:10","guid":{"rendered":"https:\/\/tpenergy.com.vn\/?post_type=product&#038;p=3064"},"modified":"2023-11-06T15:41:54","modified_gmt":"2023-11-06T08:41:54","slug":"https-tpenergy-com-vn-product_catgelta","status":"publish","type":"product","link":"https:\/\/tpenergy.com.vn\/?product=https-tpenergy-com-vn-product_catgelta","title":{"rendered":"\u0110\u00e8n LED Pha N\u0103ng L\u01b0\u1ee3ng M\u1eb7t Tr\u1eddi Gelta \u2013 FLE100B"},"content":{"rendered":"<div class=\"description dis--flex mar--auto\">\n<div class=\"colper--50\">\n<div class=\"dis--flex flex-row jus--left\">\n<ul>\n<li>Pin l\u01b0u tr\u1eef\u00a0<strong>Lithium LiFePO4 m\u1edbi 100%<\/strong>\u00a0v\u1edbi chu k\u1ef3 s\u1ea1c x\u1ea3\u00a0<strong>2000 l\u1ea7n<\/strong>\u00a0cho tu\u1ed5i th\u1ecd \u0111\u1ebfn\u00a0<strong>5 n\u0103m<\/strong>, an to\u00e0n v\u00e0 \u1ed5n \u0111\u1ecbnh h\u01a1n.<\/li>\n<li>T\u1ea5m quang \u0111i\u1ec7n v\u00e0 m\u1ea1ch \u0111i\u1ec1u khi\u1ec3n c\u00f3 hi\u1ec7u su\u1ea5t chuy\u1ec3n \u0111\u1ed5i \u0111i\u1ec7n n\u0103ng cao.<\/li>\n<li>Chip Led c\u1ea3i ti\u1ebfn mang l\u1ea1i hi\u1ec7u qu\u1ea3 chi\u1ebfu s\u00e1ng v\u01b0\u1ee3t tr\u1ed9i.<\/li>\n<li>Quang th\u00f4ng l\u00ean \u0111\u1ebfn 3000lm cho \u00e1nh s\u00e1ng ho\u00e0n h\u1ea3o.<\/li>\n<li>\u0110i\u1ec1u khi\u1ec3n nh\u1ecf g\u1ecdn d\u1ec5 d\u00e0ng thao t\u00e1c v\u1edbi nhi\u1ec1u ch\u1ee9c n\u0103ng.<\/li>\n<li><strong style=\"color: #555555;\">B\u1ea3o h\u00e0nh 3 n\u0103m<\/strong><span style=\"color: #555555;\">\u00a0\u2013 ch\u00ednh h\u00e3ng b\u1edfi\u00a0<\/span><strong style=\"color: #555555;\">GELTA.<\/strong><\/li>\n<\/ul>\n<\/div>\n<\/div>\n<\/div>\n<div class=\"info\">\n<h2>Th\u00f4ng s\u1ed1 k\u1ef9 thu\u1eadt<\/h2>\n<table>\n<thead>\n<tr>\n<th class=\"pad--15 color--orangebold fw--600\">\u0110\u1eb6C \u0110I\u1ec2M<\/th>\n<th class=\"pad--15 color--orangebold fw--600\">\u0110\u00c8N LED PHA N\u0102NG L\u01af\u1ee2NG M\u1eb6T TR\u1edcI GELTA 100W<\/th>\n<\/tr>\n<\/thead>\n<tbody>\n<tr>\n<td>H\u00ecnh \u1ea3nh<\/td>\n<td><img decoding=\"async\" class=\"lazy entered loaded\" src=\"https:\/\/gelta.vn\/wp-content\/uploads\/2023\/06\/bo-den-led-nang-luong-mat-troi-gelta-100-watt-3d.webp\" alt=\"\u0110\u00e8n LED pha n\u0103ng l\u01b0\u1ee3ng m\u1eb7t tr\u1eddi Gelta 100W\" data-src=\"https:\/\/gelta.vn\/wp-content\/uploads\/2023\/06\/bo-den-led-nang-luong-mat-troi-gelta-100-watt-3d.webp\" data-ll-status=\"loaded\" \/><\/td>\n<\/tr>\n<tr>\n<td>C\u00f4ng su\u1ea5t<\/td>\n<td>100W<\/td>\n<\/tr>\n<tr>\n<td>T\u1ea5m quang \u0111i\u1ec7n<\/td>\n<td>Poly 6V\/30W<\/td>\n<\/tr>\n<tr>\n<td>Pin l\u01b0u tr\u1eef<\/td>\n<td>LiFePO4 76.8Wh<\/td>\n<\/tr>\n<tr>\n<td>Quang th\u00f4ng<\/td>\n<td>&gt;100Lm\/W (1500lm)<\/td>\n<\/tr>\n<tr>\n<td>Chip LED<\/td>\n<td>5730 SMD<\/td>\n<\/tr>\n<tr>\n<td>S\u1ed1 LED<\/td>\n<td>225<\/td>\n<\/tr>\n<tr>\n<td>Tu\u1ed5i th\u1ecd LED<\/td>\n<td>50,000 gi\u1edd<\/td>\n<\/tr>\n<tr>\n<td>Th\u1eddi gian s\u1ea1c<\/td>\n<td>4 \u2013 6 gi\u1edd<\/td>\n<\/tr>\n<tr>\n<td>Th\u1eddi gian s\u00e1ng<\/td>\n<td>12 \u2013 15 gi\u1edd<\/td>\n<\/tr>\n<tr>\n<td>CCT (Nhi\u1ec7t \u0111\u1ed9 m\u00e0u)<\/td>\n<td>6500 K<\/td>\n<\/tr>\n<tr>\n<td>K\u00edch th\u01b0\u1edbc \u0111\u00e8n<\/td>\n<td>320x273x56 mm<\/td>\n<\/tr>\n<tr>\n<td>CRI (Ch\u1ec9 s\u1ed1 ho\u00e0n m\u00e0u)<\/td>\n<td>&gt;=70<\/td>\n<\/tr>\n<tr>\n<td>V\u1eadt li\u1ec7u \u0111\u00e8n<\/td>\n<td>Nh\u00f4m \u0111\u00fac, K\u00ednh c\u01b0\u1eddng l\u1ef1c<\/td>\n<\/tr>\n<tr>\n<td>G\u00f3c pha<\/td>\n<td>120\u00b0<\/td>\n<\/tr>\n<tr>\n<td>Nhi\u1ec7t \u0111\u1ed9 l\u00e0m vi\u1ec7c<\/td>\n<td>S\u1ea1c: 0\u00b0C ~ 50\u00b0C\/X\u1ea3: -20\u00b0C ~ 50\u00b0C<\/td>\n<\/tr>\n<tr>\n<td>\u0110\u1ed9 \u1ea9m cho ph\u00e9p<\/td>\n<td>10% ~ 90% RH<\/td>\n<\/tr>\n<tr>\n<td>Ch\u1ebf \u0111\u1ed9 l\u00e0m vi\u1ec7c<\/td>\n<td>T\u1ef1 \u0111\u1ed9ng s\u00e1ng\/H\u1eb9n gi\u1edd\/T\u00f9y ch\u1ec9nh qua Remote<\/td>\n<\/tr>\n<tr>\n<td>B\u1ea3o qu\u1ea3n<\/td>\n<td>0\u00b0C~+40\u00b0C<\/td>\n<\/tr>\n<tr>\n<td>Kh\u00e1ng n\u01b0\u1edbc<\/td>\n<td>IP67<\/td>\n<\/tr>\n<\/tbody>\n<\/table>\n<h2>B\u1ea3o d\u01b0\u1ee1ng v\u1eadn h\u00e0nh<\/h2>\n<ul class=\"listype--none\">\n<li><i class=\"fa-solid fa-circle-check color--orangebold marr--5\"><\/i>L\u1eafp \u0111\u1eb7t vui l\u00f2ng tu\u00e2n theo h\u01b0\u1edbng d\u1eabn \u0111i k\u00e8m.<\/li>\n<li><i class=\"fa-solid fa-circle-check color--orangebold marr--5\"><\/i>Ki\u1ec3m tra, v\u1ec7 sinh \u0111\u00e8n v\u00e0 t\u1ea5m pin quang \u0111i\u1ec7n \u0111\u1ecbnh k\u1ef3 \u0111\u1ec3 \u0111\u1ea3m b\u1ea3o hi\u1ec7u su\u1ea5t ho\u1ea1t \u0111\u1ed9ng t\u1ed1t nh\u1ea5t.<\/li>\n<\/ul>\n<p class=\"text--italic fz--14\">*L\u01b0u \u00fd: Th\u00f4ng s\u1ed1 k\u1ef9 thu\u1eadt n\u00eau tr\u00ean c\u00f3 dung sai +-5%. C\u00e1c th\u00f4ng s\u1ed1 tr\u00ean c\u00f3 th\u1ec3 thay \u0111\u1ed5i b\u1edfi nh\u00e0 s\u1ea3n xu\u1ea5t m\u00e0 kh\u00f4ng b\u00e1o tr\u01b0\u1edbc.<\/p>\n<\/div>\n","protected":false},"excerpt":{"rendered":"<ul>\n<li class=\"shortdes--product\">Model:\u00a0Gelta 100W | FLE-100-B<\/li>\n<li class=\"shortdes--product\">Th\u01b0\u01a1ng hi\u1ec7u:\u00a0Gelta<\/li>\n<li class=\"shortdes--product\">C\u00f4ng su\u1ea5t t\u1ed1i \u0111a:\u00a0100 W<\/li>\n<li class=\"shortdes--product\">T\u1ea5m pin:\u00a030W Polycrystalline<\/li>\n<li class=\"shortdes--product\">Pin l\u01b0u tr\u1eef:\u00a0Lihium ion 76.8Wh<\/li>\n<li class=\"shortdes--product\">B\u1ea3o h\u00e0nh:\u00a03 n\u0103m<\/li>\n<\/ul>\n","protected":false},"featured_media":3065,"comment_status":"open","ping_status":"closed","template":"","meta":{"_eb_attr":""},"product_cat":[102],"product_tag":[108,109,110,107],"class_list":{"0":"post-3064","1":"product","2":"type-product","3":"status-publish","4":"has-post-thumbnail","6":"product_cat-gelta","7":"product_tag-den-led-nang-luong-mat-troi","8":"product_tag-den-nang-luong-mat-troi-duong-pho","9":"product_tag-den-nang-luong-mat-troi-san-vuon","10":"product_tag-gelta","11":"pa_gia-khong-lap-dat","12":"pa_gia-lap-dat","14":"first","15":"instock","16":"shipping-taxable","17":"purchasable","18":"product-type-variable"},"yoast_head":"<!-- This site is optimized with the Yoast SEO plugin v20.9 - https:\/\/yoast.com\/wordpress\/plugins\/seo\/ -->\r\n<title>\u0110\u00e8n LED Pha N\u0103ng L\u01b0\u1ee3ng M\u1eb7t Tr\u1eddi Gelta \u2013 FLE100B - Thuan Phong Solar Energy<\/title>\r\n<meta name=\"description\" content=\"\u0110\u00e8n LED Pha N\u0103ng L\u01b0\u1ee3ng M\u1eb7t Tr\u1eddi Gelta \u2013 FLE100B\" \/>\r\n<meta name=\"robots\" content=\"index, follow, max-snippet:-1, max-image-preview:large, max-video-preview:-1\" \/>\r\n<link rel=\"canonical\" href=\"https:\/\/tpenergy.com.vn\/?product=https-tpenergy-com-vn-product_catgelta\" \/>\r\n<meta property=\"og:locale\" content=\"vi_VN\" \/>\r\n<meta property=\"og:type\" content=\"article\" \/>\r\n<meta property=\"og:title\" content=\"\u0110\u00e8n LED Pha N\u0103ng L\u01b0\u1ee3ng M\u1eb7t Tr\u1eddi Gelta \u2013 FLE100B - Thuan Phong Solar Energy\" \/>\r\n<meta property=\"og:description\" content=\"\u0110\u00e8n LED Pha N\u0103ng L\u01b0\u1ee3ng M\u1eb7t Tr\u1eddi Gelta \u2013 FLE100B\" \/>\r\n<meta property=\"og:url\" content=\"https:\/\/tpenergy.com.vn\/?product=https-tpenergy-com-vn-product_catgelta\" \/>\r\n<meta property=\"og:site_name\" content=\"Thuan Phong Solar Energy\" \/>\r\n<meta property=\"article:modified_time\" content=\"2023-11-06T08:41:54+00:00\" \/>\r\n<meta property=\"og:image\" content=\"https:\/\/tpenergy.com.vn\/wp-content\/uploads\/2023\/08\/bo-den-led-nang-luong-mat-troi-gelta-100-watt.png\" \/>\r\n\t<meta property=\"og:image:width\" content=\"800\" \/>\r\n\t<meta property=\"og:image:height\" content=\"800\" \/>\r\n\t<meta property=\"og:image:type\" content=\"image\/png\" \/>\r\n<meta name=\"twitter:card\" content=\"summary_large_image\" \/>\r\n<meta name=\"twitter:label1\" content=\"\u01af\u1edbc t\u00ednh th\u1eddi gian \u0111\u1ecdc\" \/>\n\t<meta name=\"twitter:data1\" content=\"2 ph\u00fat\" \/>\r\n<script type=\"application\/ld+json\" class=\"yoast-schema-graph\">{\"@context\":\"https:\/\/schema.org\",\"@graph\":[{\"@type\":\"WebPage\",\"@id\":\"https:\/\/tpenergy.com.vn\/?product=https-tpenergy-com-vn-product_catgelta\",\"url\":\"https:\/\/tpenergy.com.vn\/?product=https-tpenergy-com-vn-product_catgelta\",\"name\":\"\u0110\u00e8n LED Pha N\u0103ng L\u01b0\u1ee3ng M\u1eb7t Tr\u1eddi Gelta \u2013 FLE100B - Thuan Phong Solar Energy\",\"isPartOf\":{\"@id\":\"https:\/\/tpenergy.com.vn\/#website\"},\"datePublished\":\"2023-08-03T08:46:10+00:00\",\"dateModified\":\"2023-11-06T08:41:54+00:00\",\"description\":\"\u0110\u00e8n LED Pha N\u0103ng L\u01b0\u1ee3ng M\u1eb7t Tr\u1eddi Gelta \u2013 FLE100B\",\"breadcrumb\":{\"@id\":\"https:\/\/tpenergy.com.vn\/?product=https-tpenergy-com-vn-product_catgelta#breadcrumb\"},\"inLanguage\":\"vi\",\"potentialAction\":[{\"@type\":\"ReadAction\",\"target\":[\"https:\/\/tpenergy.com.vn\/?product=https-tpenergy-com-vn-product_catgelta\"]}]},{\"@type\":\"BreadcrumbList\",\"@id\":\"https:\/\/tpenergy.com.vn\/?product=https-tpenergy-com-vn-product_catgelta#breadcrumb\",\"itemListElement\":[{\"@type\":\"ListItem\",\"position\":1,\"name\":\"Trang ch\u1ee7\",\"item\":\"https:\/\/tpenergy.com.vn\/\"},{\"@type\":\"ListItem\",\"position\":2,\"name\":\"Shop\",\"item\":\"https:\/\/tpenergy.com.vn\/?page_id=5\"},{\"@type\":\"ListItem\",\"position\":3,\"name\":\"\u0110\u00c8N N\u0102NG L\u01af\u1ee2NG M\u1eb6T TR\u1edcI\",\"item\":\"https:\/\/tpenergy.com.vn\/?product_cat=den-nang-luong-mat-troi\"},{\"@type\":\"ListItem\",\"position\":4,\"name\":\"GELTA\",\"item\":\"https:\/\/tpenergy.com.vn\/?product_cat=gelta\"},{\"@type\":\"ListItem\",\"position\":5,\"name\":\"\u0110\u00e8n LED Pha N\u0103ng L\u01b0\u1ee3ng M\u1eb7t Tr\u1eddi Gelta \u2013 FLE100B\"}]},{\"@type\":\"WebSite\",\"@id\":\"https:\/\/tpenergy.com.vn\/#website\",\"url\":\"https:\/\/tpenergy.com.vn\/\",\"name\":\"Thuan Phong Solar Energy\",\"description\":\"\",\"potentialAction\":[{\"@type\":\"SearchAction\",\"target\":{\"@type\":\"EntryPoint\",\"urlTemplate\":\"https:\/\/tpenergy.com.vn\/?s={search_term_string}\"},\"query-input\":\"required name=search_term_string\"}],\"inLanguage\":\"vi\"}]}<\/script>\r\n<!-- \/ Yoast SEO plugin. -->","yoast_head_json":{"title":"\u0110\u00e8n LED Pha N\u0103ng L\u01b0\u1ee3ng M\u1eb7t Tr\u1eddi Gelta \u2013 FLE100B - Thuan Phong Solar Energy","description":"\u0110\u00e8n LED Pha N\u0103ng L\u01b0\u1ee3ng M\u1eb7t Tr\u1eddi Gelta \u2013 FLE100B","robots":{"index":"index","follow":"follow","max-snippet":"max-snippet:-1","max-image-preview":"max-image-preview:large","max-video-preview":"max-video-preview:-1"},"canonical":"https:\/\/tpenergy.com.vn\/?product=https-tpenergy-com-vn-product_catgelta","og_locale":"vi_VN","og_type":"article","og_title":"\u0110\u00e8n LED Pha N\u0103ng L\u01b0\u1ee3ng M\u1eb7t Tr\u1eddi Gelta \u2013 FLE100B - Thuan Phong Solar Energy","og_description":"\u0110\u00e8n LED Pha N\u0103ng L\u01b0\u1ee3ng M\u1eb7t Tr\u1eddi Gelta \u2013 FLE100B","og_url":"https:\/\/tpenergy.com.vn\/?product=https-tpenergy-com-vn-product_catgelta","og_site_name":"Thuan Phong Solar Energy","article_modified_time":"2023-11-06T08:41:54+00:00","og_image":[{"width":800,"height":800,"url":"https:\/\/tpenergy.com.vn\/wp-content\/uploads\/2023\/08\/bo-den-led-nang-luong-mat-troi-gelta-100-watt.png","type":"image\/png"}],"twitter_card":"summary_large_image","twitter_misc":{"\u01af\u1edbc t\u00ednh th\u1eddi gian \u0111\u1ecdc":"2 ph\u00fat"},"schema":{"@context":"https:\/\/schema.org","@graph":[{"@type":"WebPage","@id":"https:\/\/tpenergy.com.vn\/?product=https-tpenergy-com-vn-product_catgelta","url":"https:\/\/tpenergy.com.vn\/?product=https-tpenergy-com-vn-product_catgelta","name":"\u0110\u00e8n LED Pha N\u0103ng L\u01b0\u1ee3ng M\u1eb7t Tr\u1eddi Gelta \u2013 FLE100B - Thuan Phong Solar Energy","isPartOf":{"@id":"https:\/\/tpenergy.com.vn\/#website"},"datePublished":"2023-08-03T08:46:10+00:00","dateModified":"2023-11-06T08:41:54+00:00","description":"\u0110\u00e8n LED Pha N\u0103ng L\u01b0\u1ee3ng M\u1eb7t Tr\u1eddi Gelta \u2013 FLE100B","breadcrumb":{"@id":"https:\/\/tpenergy.com.vn\/?product=https-tpenergy-com-vn-product_catgelta#breadcrumb"},"inLanguage":"vi","potentialAction":[{"@type":"ReadAction","target":["https:\/\/tpenergy.com.vn\/?product=https-tpenergy-com-vn-product_catgelta"]}]},{"@type":"BreadcrumbList","@id":"https:\/\/tpenergy.com.vn\/?product=https-tpenergy-com-vn-product_catgelta#breadcrumb","itemListElement":[{"@type":"ListItem","position":1,"name":"Trang ch\u1ee7","item":"https:\/\/tpenergy.com.vn\/"},{"@type":"ListItem","position":2,"name":"Shop","item":"https:\/\/tpenergy.com.vn\/?page_id=5"},{"@type":"ListItem","position":3,"name":"\u0110\u00c8N N\u0102NG L\u01af\u1ee2NG M\u1eb6T TR\u1edcI","item":"https:\/\/tpenergy.com.vn\/?product_cat=den-nang-luong-mat-troi"},{"@type":"ListItem","position":4,"name":"GELTA","item":"https:\/\/tpenergy.com.vn\/?product_cat=gelta"},{"@type":"ListItem","position":5,"name":"\u0110\u00e8n LED Pha N\u0103ng L\u01b0\u1ee3ng M\u1eb7t Tr\u1eddi Gelta \u2013 FLE100B"}]},{"@type":"WebSite","@id":"https:\/\/tpenergy.com.vn\/#website","url":"https:\/\/tpenergy.com.vn\/","name":"Thuan Phong Solar Energy","description":"","potentialAction":[{"@type":"SearchAction","target":{"@type":"EntryPoint","urlTemplate":"https:\/\/tpenergy.com.vn\/?s={search_term_string}"},"query-input":"required name=search_term_string"}],"inLanguage":"vi"}]}},"_links":{"self":[{"href":"https:\/\/tpenergy.com.vn\/index.php?rest_route=\/wp\/v2\/product\/3064"}],"collection":[{"href":"https:\/\/tpenergy.com.vn\/index.php?rest_route=\/wp\/v2\/product"}],"about":[{"href":"https:\/\/tpenergy.com.vn\/index.php?rest_route=\/wp\/v2\/types\/product"}],"replies":[{"embeddable":true,"href":"https:\/\/tpenergy.com.vn\/index.php?rest_route=%2Fwp%2Fv2%2Fcomments&post=3064"}],"wp:featuredmedia":[{"embeddable":true,"href":"https:\/\/tpenergy.com.vn\/index.php?rest_route=\/wp\/v2\/media\/3065"}],"wp:attachment":[{"href":"https:\/\/tpenergy.com.vn\/index.php?rest_route=%2Fwp%2Fv2%2Fmedia&parent=3064"}],"wp:term":[{"taxonomy":"product_cat","embeddable":true,"href":"https:\/\/tpenergy.com.vn\/index.php?rest_route=%2Fwp%2Fv2%2Fproduct_cat&post=3064"},{"taxonomy":"product_tag","embeddable":true,"href":"https:\/\/tpenergy.com.vn\/index.php?rest_route=%2Fwp%2Fv2%2Fproduct_tag&post=3064"}],"curies":[{"name":"wp","href":"https:\/\/api.w.org\/{rel}","templated":true}]}}