{"id":2805,"date":"2023-07-25T14:48:48","date_gmt":"2023-07-25T07:48:48","guid":{"rendered":"https:\/\/tpenergy.com.vn\/?post_type=product&#038;p=2805"},"modified":"2024-04-06T09:37:17","modified_gmt":"2024-04-06T02:37:17","slug":"tron-bo-hoa-luoi-5kwp-kehua-1-pha","status":"publish","type":"product","link":"https:\/\/tpenergy.com.vn\/?product=tron-bo-hoa-luoi-5kwp-kehua-1-pha","title":{"rendered":"Combo \u0110i\u1ec7n m\u1eb7t tr\u1eddi ho\u00e0 l\u01b0\u1edbi 5kW"},"content":{"rendered":"<table width=\"1026\">\n<tbody>\n<tr>\n<td style=\"text-align: center;\" colspan=\"7\" width=\"786\"><strong>TR\u1eccN B\u1ed8 C\u00d4NG SU\u1ea4T H\u00d2A L\u01af\u1edaI B\u00c1M T\u1ea2I 5 KWP 1 PHA<\/strong><\/td>\n<\/tr>\n<tr>\n<td style=\"text-align: center;\" width=\"32\"><strong>STT<\/strong><\/td>\n<td style=\"text-align: center;\" width=\"116\"><strong>Model<\/strong><\/td>\n<td style=\"text-align: center;\" width=\"428\"><strong>Th\u00f4ng s\u1ed1 k\u1ef9 thu\u1eadt<\/strong><\/td>\n<td style=\"text-align: center;\" width=\"81\"><strong>Xu\u1ea5t x\u1ee9<\/strong><\/td>\n<td style=\"text-align: center;\" width=\"36\"><strong>SL<\/strong><\/td>\n<td style=\"text-align: center;\" width=\"34\"><strong>DVT<\/strong><\/td>\n<td style=\"text-align: center;\" width=\"60\"><strong>B\u1ea3o h\u00e0nh<\/strong><\/td>\n<\/tr>\n<tr>\n<td style=\"text-align: center;\" width=\"32\"><strong>1<\/strong><\/td>\n<td style=\"text-align: center;\" width=\"116\">\n<p class=\"product-title product_title entry-title\"><strong>RSM144-9-575BNDG<\/strong><\/p>\n<\/td>\n<td style=\"text-align: center;\" width=\"428\">\n<p style=\"text-align: left;\"><a href=\"https:\/\/tpenergy.com.vn\/?product=tam-pin-nang-luong-mat-troi-risen-solar-575w\"><strong>T\u1ea5m pin N\u0103ng l\u01b0\u1ee3ng m\u1eb7t tr\u1eddi <\/strong><strong>Risen NTYPE TOPCON 575W<\/strong><\/a><\/p>\n<ul>\n<li style=\"text-align: left;\">C\u00f4ng su\u1ea5t: 575WP<\/li>\n<li style=\"text-align: left;\">Hi\u1ec7u su\u1ea5t: 22.3%<\/li>\n<li style=\"text-align: left;\">Tr\u1ecdng L\u01b0\u1ee3ng: 31kg<\/li>\n<li style=\"text-align: left;\">K\u00edch Th\u01b0\u1edbc:\u00a0 2278\u00d71134\u00d730mm<span style=\"font-family: inherit; font-size: inherit;\">.<\/span><\/li>\n<\/ul>\n<\/td>\n<td style=\"text-align: center;\" width=\"81\">RISEN<\/td>\n<td style=\"text-align: center;\" width=\"36\">\u00a09<\/td>\n<td style=\"text-align: center;\" width=\"34\">\u00a0T\u1ea5m<\/td>\n<td style=\"text-align: center;\" width=\"60\">\u00a0<strong style=\"color: #555555; font-family: inherit; font-size: inherit;\">15<\/strong><strong style=\"color: #555555; font-family: inherit; font-size: inherit;\">\u00a0N\u0102M<\/strong><\/td>\n<\/tr>\n<tr>\n<td style=\"text-align: center;\" width=\"32\"><strong>\u00a0<\/strong><strong>2<\/strong><\/td>\n<td style=\"text-align: center;\" width=\"116\"><strong>SUN5K-G<\/strong><\/td>\n<td style=\"text-align: center;\" width=\"428\">\n<p class=\"product-title product_title entry-title\" style=\"text-align: left;\"><a href=\"https:\/\/tpenergy.com.vn\/?product=inverter-deye-hoa-luoi-1-pha-5-kw-2-mmpt\"><strong>Inverter Deye ho\u00e0 l\u01b0\u1edbi 1 pha 5 kW 2 MPPT<\/strong><\/a><\/p>\n<ul>\n<li style=\"text-align: left;\">C\u00f4ng su\u1ea5t ra AC: 5000W<\/li>\n<li style=\"text-align: left;\">Hi\u1ec7u su\u1ea5t: 97.5%<\/li>\n<li style=\"text-align: left;\">C\u1ea5p ch\u1ed1ng n\u01b0\u1edbc: IP65<\/li>\n<li style=\"text-align: left;\">K\u00edch th\u01b0\u1edbc: 330x323x190(mm)<\/li>\n<li style=\"text-align: left;\">Kh\u1ed1i L\u01b0\u1ee3ng: 8kg- K\u1ebft n\u1ed1i: Wifi, RS485, RS232, LAN<\/li>\n<\/ul>\n<\/td>\n<td style=\"text-align: center;\" width=\"81\">DEYE<\/td>\n<td style=\"text-align: center;\" width=\"36\">\u00a0<strong style=\"color: #555555; font-family: inherit; font-size: inherit;\">1<\/strong><\/td>\n<td style=\"text-align: center;\" width=\"34\">\u00a0B\u1ed9<\/td>\n<td style=\"text-align: center;\" width=\"60\">\u00a0<strong style=\"color: #555555; font-family: inherit; font-size: inherit;\">5 N\u0102M<\/strong><\/td>\n<\/tr>\n<tr>\n<td width=\"32\"><strong>\u00a0<\/strong><strong>\u00a0<\/strong><\/p>\n<p style=\"text-align: center;\"><strong>3<\/strong><\/p>\n<\/td>\n<td style=\"text-align: center;\" width=\"116\"><strong>KGD<\/strong><\/td>\n<td style=\"text-align: center;\" width=\"428\"><strong>KHUNG GI\u00c1 \u0110\u1ee0, T\u1ee6 \u0110I\u1ec0U KHI\u1ec2N, C\u00c1P \u0110I\u1ec6N, THI\u1ebeT B\u1eca B\u1ea2O V\u1ec6 &amp; \u0110\u1ea4U N\u1ed0I<\/strong><\/p>\n<ul>\n<li style=\"text-align: left;\">Khung \u00e1p m\u00e1i \u2013 di\u1ec7n t\u00edch l\u1eafp \u0111\u1eb7t 25 m2 \u2013 L\u1eafp t\u1ea7ng m\u00e1i<\/li>\n<li style=\"text-align: left;\">\u0110\u01b0\u1ee3c l\u00e0m b\u1eb1ng nh\u00f4m chuy\u00ean d\u1ee5ng d\u00e0nh cho Solar<\/li>\n<li style=\"text-align: left;\">T\u1ee7 \u0111i\u1ec7n 2 l\u1edbp chuy\u00ean d\u00f9ng, thi\u1ebft b\u1ecb \u0111\u00f3ng ng\u1eaft DC, AC<\/li>\n<li style=\"text-align: left;\">D\u00e2y c\u00e1p chuy\u00ean d\u1ee5ng cho Solar, AC<\/li>\n<li style=\"text-align: left;\">\u1ed0ng b\u1ea3o v\u1ec7 v\u00e0 c\u00e1c thi\u1ebft b\u1ecb kh\u00e1c (\u0111\u1ea7u cos, diode v..v)<\/li>\n<\/ul>\n<\/td>\n<td style=\"text-align: center;\" width=\"81\">Vi\u1ec7t Nam<\/td>\n<td style=\"text-align: center;\" width=\"36\">\u00a0<strong style=\"color: #555555; font-family: inherit; font-size: inherit;\">1<\/strong><\/td>\n<td style=\"text-align: center;\" width=\"34\">\u00a0G\u00f3i<\/td>\n<td style=\"text-align: center;\" width=\"60\">\u00a02<strong style=\"color: #555555; font-family: inherit; font-size: inherit;\">\u00a0N\u0102M<\/strong><\/td>\n<\/tr>\n<tr>\n<td style=\"text-align: center;\" width=\"32\"><strong>4<\/strong><\/td>\n<td style=\"text-align: center;\" width=\"116\"><strong>TK-LD<\/strong><\/td>\n<td style=\"text-align: center;\" width=\"428\"><strong>THI\u1ebeT K\u1ebe, L\u1eaeP \u0110\u1eb6T, B\u1ea2O H\u00c0NH<\/strong><\/p>\n<ul>\n<li style=\"text-align: left;\">Thi\u1ebft k\u1ebf h\u1ec7 khung gi\u00e1 \u0111\u1ee1 ph\u00f9 h\u1ee3p v\u1edbi ki\u1ebfn tr\u00fac to\u00e0 nh\u00e0<\/li>\n<li style=\"text-align: left;\">L\u1eafp \u0111\u1eb7t v\u00e0 chuy\u1ec3n giao h\u1ec7 th\u1ed1ng cho kh\u00e1ch h\u00e0ng<\/li>\n<\/ul>\n<\/td>\n<td style=\"text-align: center;\" width=\"81\">Vi\u1ec7t Nam<\/td>\n<td style=\"text-align: center;\" width=\"36\">\u00a0<strong style=\"color: #555555; font-family: inherit; font-size: inherit;\">1<\/strong><\/td>\n<td style=\"text-align: center;\" width=\"34\">\u00a0G\u00f3i<\/td>\n<td style=\"text-align: center;\" width=\"60\">\u00a02<strong style=\"color: #555555; font-family: inherit; font-size: inherit;\">\u00a0N\u0102M<\/strong><\/td>\n<\/tr>\n<\/tbody>\n<\/table>\n","protected":false},"excerpt":{"rendered":"<ul>\n<li>\u00a0S\u1ea3n l\u01b0\u1ee3ng: <strong>550 &#8211; 600\u00a0KWh\/th\u00e1ng<\/strong><\/li>\n<li>\u00a0Gi\u1ea3m ti\u1ec1n \u0111i\u1ec7n h\u00e0ng th\u00e1ng<\/li>\n<li>Gi\u1ea3m nhi\u1ec7t cho ng\u00f4i nh\u00e0 c\u1ee7a b\u1ea1n<\/li>\n<li>Gi\u1ea3m ph\u00e1t th\u1ea3i CO<sub>2<\/sub>\u00a0hi\u1ec7u \u1ee9ng nh\u00e0 k\u00ednh<\/li>\n<\/ul>\n","protected":false},"featured_media":4460,"comment_status":"open","ping_status":"closed","template":"","meta":{"_eb_attr":""},"product_cat":[70],"product_tag":[374,373,371,372],"class_list":{"0":"post-2805","1":"product","2":"type-product","3":"status-publish","4":"has-post-thumbnail","6":"product_cat-combo-hoa-luoi","7":"product_tag-5kw","8":"product_tag-bao-gia-lap-dat-dien-mat-troi-hoa-luoi-5kw","9":"product_tag-combo-dien-mat-troi-kw-cho-ho-gia-dinh","10":"product_tag-lap-dat-he-thong-dien-amt-troi-5kw","11":"pa_gia-khong-lap-dat","12":"pa_gia-lap-dat","14":"first","15":"instock","16":"shipping-taxable","17":"purchasable","18":"product-type-variable"},"yoast_head":"<!-- This site is optimized with the Yoast SEO plugin v20.9 - https:\/\/yoast.com\/wordpress\/plugins\/seo\/ -->\r\n<title>Combo \u0110i\u1ec7n m\u1eb7t tr\u1eddi ho\u00e0 l\u01b0\u1edbi 5kW - Thuan Phong Solar Energy<\/title>\r\n<meta name=\"description\" content=\"Thu\u1eadn Phong Energy gi\u1edbi thi\u1ec7u combo h\u1ec7 th\u1ed1ng \u0111i\u1ec7n m\u1eb7t tr\u1eddi ho\u00e0 l\u01b0\u1edbi 5kw cho h\u1ed9 gia \u0111\u00ecnh c\u00f3 h\u00f3a \u0111\u01a1n ti\u1ec1n \u0111i\u1ec7n t\u1eeb 1-2 tri\u1ec7u\/th\u00e1ng\" \/>\r\n<meta name=\"robots\" content=\"index, follow, max-snippet:-1, max-image-preview:large, max-video-preview:-1\" \/>\r\n<link rel=\"canonical\" href=\"https:\/\/tpenergy.com.vn\/?product=tron-bo-hoa-luoi-5kwp-kehua-1-pha\" \/>\r\n<meta property=\"og:locale\" content=\"vi_VN\" \/>\r\n<meta property=\"og:type\" content=\"article\" \/>\r\n<meta property=\"og:title\" content=\"Combo \u0110i\u1ec7n m\u1eb7t tr\u1eddi ho\u00e0 l\u01b0\u1edbi 5kW - Thuan Phong Solar Energy\" \/>\r\n<meta property=\"og:description\" content=\"Thu\u1eadn Phong Energy gi\u1edbi thi\u1ec7u combo h\u1ec7 th\u1ed1ng \u0111i\u1ec7n m\u1eb7t tr\u1eddi ho\u00e0 l\u01b0\u1edbi 5kw cho h\u1ed9 gia \u0111\u00ecnh c\u00f3 h\u00f3a \u0111\u01a1n ti\u1ec1n \u0111i\u1ec7n t\u1eeb 1-2 tri\u1ec7u\/th\u00e1ng\" \/>\r\n<meta property=\"og:url\" content=\"https:\/\/tpenergy.com.vn\/?product=tron-bo-hoa-luoi-5kwp-kehua-1-pha\" \/>\r\n<meta property=\"og:site_name\" content=\"Thuan Phong Solar Energy\" \/>\r\n<meta property=\"article:modified_time\" content=\"2024-04-06T02:37:17+00:00\" \/>\r\n<meta property=\"og:image\" content=\"https:\/\/tpenergy.com.vn\/wp-content\/uploads\/2023\/07\/qqq.jpg\" \/>\r\n\t<meta property=\"og:image:width\" content=\"2560\" \/>\r\n\t<meta property=\"og:image:height\" content=\"2560\" \/>\r\n\t<meta property=\"og:image:type\" content=\"image\/jpeg\" \/>\r\n<meta name=\"twitter:card\" content=\"summary_large_image\" \/>\r\n<meta name=\"twitter:label1\" content=\"\u01af\u1edbc t\u00ednh th\u1eddi gian \u0111\u1ecdc\" \/>\n\t<meta name=\"twitter:data1\" content=\"2 ph\u00fat\" \/>\r\n<script type=\"application\/ld+json\" class=\"yoast-schema-graph\">{\"@context\":\"https:\/\/schema.org\",\"@graph\":[{\"@type\":\"WebPage\",\"@id\":\"https:\/\/tpenergy.com.vn\/?product=tron-bo-hoa-luoi-5kwp-kehua-1-pha\",\"url\":\"https:\/\/tpenergy.com.vn\/?product=tron-bo-hoa-luoi-5kwp-kehua-1-pha\",\"name\":\"Combo \u0110i\u1ec7n m\u1eb7t tr\u1eddi ho\u00e0 l\u01b0\u1edbi 5kW - Thuan Phong Solar Energy\",\"isPartOf\":{\"@id\":\"https:\/\/tpenergy.com.vn\/#website\"},\"datePublished\":\"2023-07-25T07:48:48+00:00\",\"dateModified\":\"2024-04-06T02:37:17+00:00\",\"description\":\"Thu\u1eadn Phong Energy gi\u1edbi thi\u1ec7u combo h\u1ec7 th\u1ed1ng \u0111i\u1ec7n m\u1eb7t tr\u1eddi ho\u00e0 l\u01b0\u1edbi 5kw cho h\u1ed9 gia \u0111\u00ecnh c\u00f3 h\u00f3a \u0111\u01a1n ti\u1ec1n \u0111i\u1ec7n t\u1eeb 1-2 tri\u1ec7u\/th\u00e1ng\",\"breadcrumb\":{\"@id\":\"https:\/\/tpenergy.com.vn\/?product=tron-bo-hoa-luoi-5kwp-kehua-1-pha#breadcrumb\"},\"inLanguage\":\"vi\",\"potentialAction\":[{\"@type\":\"ReadAction\",\"target\":[\"https:\/\/tpenergy.com.vn\/?product=tron-bo-hoa-luoi-5kwp-kehua-1-pha\"]}]},{\"@type\":\"BreadcrumbList\",\"@id\":\"https:\/\/tpenergy.com.vn\/?product=tron-bo-hoa-luoi-5kwp-kehua-1-pha#breadcrumb\",\"itemListElement\":[{\"@type\":\"ListItem\",\"position\":1,\"name\":\"Trang ch\u1ee7\",\"item\":\"https:\/\/tpenergy.com.vn\/\"},{\"@type\":\"ListItem\",\"position\":2,\"name\":\"Shop\",\"item\":\"https:\/\/tpenergy.com.vn\/?page_id=5\"},{\"@type\":\"ListItem\",\"position\":3,\"name\":\"COMBO L\u1eaeP \u0110\u1eb6T H\u1ed8 GIA \u0110\u00ccNH\",\"item\":\"https:\/\/tpenergy.com.vn\/?product_cat=combo-lap-dat-ho-gia-dinh\"},{\"@type\":\"ListItem\",\"position\":4,\"name\":\"Combo \u0110i\u1ec7n m\u1eb7t tr\u1eddi ho\u00e0 l\u01b0\u1edbi\",\"item\":\"https:\/\/tpenergy.com.vn\/?product_cat=combo-hoa-luoi\"},{\"@type\":\"ListItem\",\"position\":5,\"name\":\"Combo \u0110i\u1ec7n m\u1eb7t tr\u1eddi ho\u00e0 l\u01b0\u1edbi 5kW\"}]},{\"@type\":\"WebSite\",\"@id\":\"https:\/\/tpenergy.com.vn\/#website\",\"url\":\"https:\/\/tpenergy.com.vn\/\",\"name\":\"Thuan Phong Solar Energy\",\"description\":\"\",\"potentialAction\":[{\"@type\":\"SearchAction\",\"target\":{\"@type\":\"EntryPoint\",\"urlTemplate\":\"https:\/\/tpenergy.com.vn\/?s={search_term_string}\"},\"query-input\":\"required name=search_term_string\"}],\"inLanguage\":\"vi\"}]}<\/script>\r\n<!-- \/ Yoast SEO plugin. -->","yoast_head_json":{"title":"Combo \u0110i\u1ec7n m\u1eb7t tr\u1eddi ho\u00e0 l\u01b0\u1edbi 5kW - Thuan Phong Solar Energy","description":"Thu\u1eadn Phong Energy gi\u1edbi thi\u1ec7u combo h\u1ec7 th\u1ed1ng \u0111i\u1ec7n m\u1eb7t tr\u1eddi ho\u00e0 l\u01b0\u1edbi 5kw cho h\u1ed9 gia \u0111\u00ecnh c\u00f3 h\u00f3a \u0111\u01a1n ti\u1ec1n \u0111i\u1ec7n t\u1eeb 1-2 tri\u1ec7u\/th\u00e1ng","robots":{"index":"index","follow":"follow","max-snippet":"max-snippet:-1","max-image-preview":"max-image-preview:large","max-video-preview":"max-video-preview:-1"},"canonical":"https:\/\/tpenergy.com.vn\/?product=tron-bo-hoa-luoi-5kwp-kehua-1-pha","og_locale":"vi_VN","og_type":"article","og_title":"Combo \u0110i\u1ec7n m\u1eb7t tr\u1eddi ho\u00e0 l\u01b0\u1edbi 5kW - Thuan Phong Solar Energy","og_description":"Thu\u1eadn Phong Energy gi\u1edbi thi\u1ec7u combo h\u1ec7 th\u1ed1ng \u0111i\u1ec7n m\u1eb7t tr\u1eddi ho\u00e0 l\u01b0\u1edbi 5kw cho h\u1ed9 gia \u0111\u00ecnh c\u00f3 h\u00f3a \u0111\u01a1n ti\u1ec1n \u0111i\u1ec7n t\u1eeb 1-2 tri\u1ec7u\/th\u00e1ng","og_url":"https:\/\/tpenergy.com.vn\/?product=tron-bo-hoa-luoi-5kwp-kehua-1-pha","og_site_name":"Thuan Phong Solar Energy","article_modified_time":"2024-04-06T02:37:17+00:00","og_image":[{"width":2560,"height":2560,"url":"https:\/\/tpenergy.com.vn\/wp-content\/uploads\/2023\/07\/qqq.jpg","type":"image\/jpeg"}],"twitter_card":"summary_large_image","twitter_misc":{"\u01af\u1edbc t\u00ednh th\u1eddi gian \u0111\u1ecdc":"2 ph\u00fat"},"schema":{"@context":"https:\/\/schema.org","@graph":[{"@type":"WebPage","@id":"https:\/\/tpenergy.com.vn\/?product=tron-bo-hoa-luoi-5kwp-kehua-1-pha","url":"https:\/\/tpenergy.com.vn\/?product=tron-bo-hoa-luoi-5kwp-kehua-1-pha","name":"Combo \u0110i\u1ec7n m\u1eb7t tr\u1eddi ho\u00e0 l\u01b0\u1edbi 5kW - Thuan Phong Solar Energy","isPartOf":{"@id":"https:\/\/tpenergy.com.vn\/#website"},"datePublished":"2023-07-25T07:48:48+00:00","dateModified":"2024-04-06T02:37:17+00:00","description":"Thu\u1eadn Phong Energy gi\u1edbi thi\u1ec7u combo h\u1ec7 th\u1ed1ng \u0111i\u1ec7n m\u1eb7t tr\u1eddi ho\u00e0 l\u01b0\u1edbi 5kw cho h\u1ed9 gia \u0111\u00ecnh c\u00f3 h\u00f3a \u0111\u01a1n ti\u1ec1n \u0111i\u1ec7n t\u1eeb 1-2 tri\u1ec7u\/th\u00e1ng","breadcrumb":{"@id":"https:\/\/tpenergy.com.vn\/?product=tron-bo-hoa-luoi-5kwp-kehua-1-pha#breadcrumb"},"inLanguage":"vi","potentialAction":[{"@type":"ReadAction","target":["https:\/\/tpenergy.com.vn\/?product=tron-bo-hoa-luoi-5kwp-kehua-1-pha"]}]},{"@type":"BreadcrumbList","@id":"https:\/\/tpenergy.com.vn\/?product=tron-bo-hoa-luoi-5kwp-kehua-1-pha#breadcrumb","itemListElement":[{"@type":"ListItem","position":1,"name":"Trang ch\u1ee7","item":"https:\/\/tpenergy.com.vn\/"},{"@type":"ListItem","position":2,"name":"Shop","item":"https:\/\/tpenergy.com.vn\/?page_id=5"},{"@type":"ListItem","position":3,"name":"COMBO L\u1eaeP \u0110\u1eb6T H\u1ed8 GIA \u0110\u00ccNH","item":"https:\/\/tpenergy.com.vn\/?product_cat=combo-lap-dat-ho-gia-dinh"},{"@type":"ListItem","position":4,"name":"Combo \u0110i\u1ec7n m\u1eb7t tr\u1eddi ho\u00e0 l\u01b0\u1edbi","item":"https:\/\/tpenergy.com.vn\/?product_cat=combo-hoa-luoi"},{"@type":"ListItem","position":5,"name":"Combo \u0110i\u1ec7n m\u1eb7t tr\u1eddi ho\u00e0 l\u01b0\u1edbi 5kW"}]},{"@type":"WebSite","@id":"https:\/\/tpenergy.com.vn\/#website","url":"https:\/\/tpenergy.com.vn\/","name":"Thuan Phong Solar Energy","description":"","potentialAction":[{"@type":"SearchAction","target":{"@type":"EntryPoint","urlTemplate":"https:\/\/tpenergy.com.vn\/?s={search_term_string}"},"query-input":"required name=search_term_string"}],"inLanguage":"vi"}]}},"_links":{"self":[{"href":"https:\/\/tpenergy.com.vn\/index.php?rest_route=\/wp\/v2\/product\/2805"}],"collection":[{"href":"https:\/\/tpenergy.com.vn\/index.php?rest_route=\/wp\/v2\/product"}],"about":[{"href":"https:\/\/tpenergy.com.vn\/index.php?rest_route=\/wp\/v2\/types\/product"}],"replies":[{"embeddable":true,"href":"https:\/\/tpenergy.com.vn\/index.php?rest_route=%2Fwp%2Fv2%2Fcomments&post=2805"}],"wp:featuredmedia":[{"embeddable":true,"href":"https:\/\/tpenergy.com.vn\/index.php?rest_route=\/wp\/v2\/media\/4460"}],"wp:attachment":[{"href":"https:\/\/tpenergy.com.vn\/index.php?rest_route=%2Fwp%2Fv2%2Fmedia&parent=2805"}],"wp:term":[{"taxonomy":"product_cat","embeddable":true,"href":"https:\/\/tpenergy.com.vn\/index.php?rest_route=%2Fwp%2Fv2%2Fproduct_cat&post=2805"},{"taxonomy":"product_tag","embeddable":true,"href":"https:\/\/tpenergy.com.vn\/index.php?rest_route=%2Fwp%2Fv2%2Fproduct_tag&post=2805"}],"curies":[{"name":"wp","href":"https:\/\/api.w.org\/{rel}","templated":true}]}}