{"id":2641,"date":"2023-07-24T09:08:58","date_gmt":"2023-07-24T02:08:58","guid":{"rendered":"https:\/\/tpenergy.com.vn\/?post_type=product&#038;p=2641"},"modified":"2023-11-07T15:47:28","modified_gmt":"2023-11-07T08:47:28","slug":"sokoyo-coolex-60w","status":"publish","type":"product","link":"https:\/\/tpenergy.com.vn\/?product=sokoyo-coolex-60w","title":{"rendered":"SOKOYO COOLEX 60W"},"content":{"rendered":"","protected":false},"excerpt":{"rendered":"<h2 id=\"tongquan\" class=\"heading_h2\">TH\u00d4NG S\u1ed0 K\u1ef8 THU\u1eacT<\/h2>\n<div class=\"content\">\n<table border=\"1\">\n<tbody>\n<tr>\n<td><strong>C\u00f4ng su\u1ea5t:<\/strong>\u00a060W, 80W, 100W, 120W<\/td>\n<td><strong>Pin Lithium LiFePo4:<\/strong>\u00a0691WH \u2013 1382WH<\/td>\n<\/tr>\n<tr>\n<td><strong>Th\u01b0\u01a1ng hi\u1ec7u:<\/strong>\u00a0SOKOYO<\/td>\n<td><strong>T\u1ea5m pin NLMT:\u00a0<\/strong>\u00a0Mono Panel 18V\/120W \u2013 36V\/240W<\/td>\n<\/tr>\n<tr>\n<td><strong>D\u00f2ng s\u1ea3n ph\u1ea9m:<\/strong>\u00a0All in One<\/td>\n<td><strong>Chip LED:<\/strong>\u00a0LUMILEDS3030<\/td>\n<\/tr>\n<\/tbody>\n<\/table>\n<\/div>\n<div class=\"content specifications_datails active\">\n<div>\n<table border=\"0\" cellspacing=\"0\" cellpadding=\"0\">\n<tbody>\n<tr>\n<td colspan=\"6\" bgcolor=\"#1c91d0\"><strong>COOLEX 60W \u2013 120W<\/strong><\/td>\n<\/tr>\n<tr>\n<td>M\u00e3 s\u1ea3n ph\u1ea9m<\/td>\n<td><strong>KY-Y-YJ-001 (32650)<\/strong><\/td>\n<td><strong>KY-Y-YJ-002 (32650)<\/strong><\/td>\n<td><strong>KY-Y-YJ-002-C1 (32650)<\/strong><\/td>\n<td><strong>KY-Y-YJ-003-C1 (32650)<\/strong><\/td>\n<td><strong>KY-Y-YJ-003 (32650)<\/strong><\/td>\n<\/tr>\n<tr>\n<td>C\u00f4ng su\u1ea5t t\u1ed1i \u0111a \u0111\u00e8n LED<\/td>\n<td>60W<\/td>\n<td>80W<\/td>\n<td>100W<\/td>\n<td>100W<\/td>\n<td>120W<\/td>\n<\/tr>\n<tr>\n<td>\u0110i\u1ec7n \u00e1p ng\u00f5 v\u00e0o<\/td>\n<td>DC 12V<\/td>\n<td colspan=\"4\">DC 24V<\/td>\n<\/tr>\n<tr>\n<td>Pin l\u01b0u tr\u1eef Lithium<\/td>\n<td>LifePo4, 12.8V\/48AH<\/td>\n<td colspan=\"2\">LifePo4, 25.6V\/36AH<\/td>\n<td colspan=\"2\">LifePo4, 25.6V\/48AH<\/td>\n<\/tr>\n<tr>\n<td>Dung l\u01b0\u1ee3ng pin<\/td>\n<td>691WH<br \/>\n(\u0111i\u1ec7n \u00e1p khi s\u1ea1c \u0111\u1ea7y: 14.4V)<\/td>\n<td colspan=\"2\">1037WH<br \/>\n(\u0111i\u1ec7n \u00e1p khi s\u1ea1c \u0111\u1ea7y: 28.8V)<\/td>\n<td colspan=\"2\">1382WH<br \/>\n(\u0111i\u1ec7n \u00e1p khi s\u1ea1c \u0111\u1ea7y: 28.8V)<\/td>\n<\/tr>\n<tr>\n<td>H\u1ed9p \u0111\u1ef1ng pin l\u01b0u tr\u1eef v\u00e0 b\u1ed9 \u0111i\u1ec1u khi\u1ec3n<\/td>\n<td colspan=\"5\">Nh\u00f4m \u0111\u00fac<\/td>\n<\/tr>\n<tr>\n<td>T\u1ea5m pin n\u0103ng l\u01b0\u1ee3ng m\u1eb7t tr\u1eddi<\/td>\n<td>Mono, 18V\/120W<\/td>\n<td colspan=\"4\">Mono, 36V\/240W<\/td>\n<\/tr>\n<tr>\n<td>B\u1ed9 \u0111i\u1ec1u khi\u1ec3n<\/td>\n<td>PWM, 12V, 15A<\/td>\n<td colspan=\"4\">PWM, 24V, 15A<\/td>\n<\/tr>\n<tr>\n<td>Lo\u1ea1i Chip LED<\/td>\n<td>Philips, Chip 3030, 1 Modular<\/td>\n<td colspan=\"4\">Philips, Chip 3030, 2 Modulars<\/td>\n<\/tr>\n<tr>\n<td>Ph\u00e2n b\u1ed1 \u00e1nh s\u00e1ng<\/td>\n<td colspan=\"5\">Ki\u1ec3u c\u00e1nh d\u01a1i<\/td>\n<\/tr>\n<tr>\n<td>G\u00f3c m\u1edf c\u1ee7a \u0111\u00e8n<\/td>\n<td colspan=\"5\">150\u00b0 x 75\u00b0<\/td>\n<\/tr>\n<tr>\n<td>Hi\u1ec7u su\u1ea5t c\u1ee7a m\u1ed9t Chip LED \u0111\u01a1n<\/td>\n<td colspan=\"5\">170LM\/W<\/td>\n<\/tr>\n<tr>\n<td>Tu\u1ed5i th\u1ecd LED<\/td>\n<td colspan=\"5\">\uff1e50000H<\/td>\n<\/tr>\n<tr>\n<td>Nhi\u1ec7t \u0111\u1ed9 m\u00e0u<\/td>\n<td colspan=\"5\">&gt;3000K\/4000K\/5700K\/6500K<\/td>\n<\/tr>\n<tr>\n<td>Ch\u1ec9 s\u1ed1 ho\u00e0n m\u00e0u (CRI)<\/td>\n<td colspan=\"5\">\u2265Ra70<\/td>\n<\/tr>\n<tr>\n<td>C\u1ea5p b\u1ea3o v\u1ec7 IP<\/td>\n<td colspan=\"5\">IP65<\/td>\n<\/tr>\n<tr>\n<td>C\u1ea5p b\u1ea3o v\u1ec7 IK<\/td>\n<td colspan=\"5\">IK08<\/td>\n<\/tr>\n<tr>\n<td>Nhi\u1ec7t \u0111\u1ed9 ho\u1ea1t \u0111\u1ed9ng<\/td>\n<td colspan=\"5\">-10\u2103~+60\u2103<\/td>\n<\/tr>\n<tr>\n<td>K\u00edch th\u01b0\u1edbc \u0111\u00e8n<\/td>\n<td>1010*680*90mm<\/td>\n<td colspan=\"4\">1980*680*90mm<\/td>\n<\/tr>\n<tr>\n<td>K\u00edch th\u01b0\u1edbc ki\u1ec7n h\u00e0ng)<\/td>\n<td>1087x730x217mm<\/td>\n<td colspan=\"4\">2057x730x217mm<\/td>\n<\/tr>\n<tr>\n<td>Kh\u1ed1i l\u01b0\u1ee3ng\/1 b\u1ed9<\/td>\n<td>24.9KG<\/td>\n<td colspan=\"2\">40.3KG<\/td>\n<td colspan=\"2\">43.4KG<\/td>\n<\/tr>\n<tr>\n<td>\u0110\u01b0\u1eddng k\u00ednh tay \u0111\u1ee1 l\u1eafp tr\u1ee5<\/td>\n<td>\u03c689mm<\/td>\n<td colspan=\"4\">\u03c6102mm<\/td>\n<\/tr>\n<tr>\n<td>Th\u1eddi gian l\u00e0m vi\u1ec7c trong 1 \u0111\u00eam<\/td>\n<td colspan=\"5\">12 gi\u1edd<\/td>\n<\/tr>\n<tr>\n<td rowspan=\"2\">Ch\u1ebf \u0111\u1ed9 s\u00e1ng v\u00e0 th\u1eddi gian ho\u1ea1t \u0111\u1ed9ng<\/td>\n<td>0.5H 30%;<br \/>\n2.0H 100%;<br \/>\n3.0H 50%;<br \/>\n6.5H 30%<\/td>\n<td>0.5H 30%;<br \/>\n2.0H 100%;<br \/>\n3.0H 50%;<br \/>\n6.5H 30%<\/td>\n<td>0.5H 20%;<br \/>\n2.0H 100%;<br \/>\n3.0H 50%;<br \/>\n6.5H 20%<\/td>\n<td>0.5H 30%;<br \/>\n3.0H 100%;<br \/>\n3.0H 50%;<br \/>\n6.5H 30%<\/td>\n<td>0.5H 30%;<br \/>\n2.0H 100%;<br \/>\n3.0H 50%;<br \/>\n6.5H 30%<\/td>\n<\/tr>\n<tr>\n<td colspan=\"5\">(Ch\u1ebf \u0111\u1ed9 n\u00e0y c\u00f3 th\u1ec3 t\u00f9y ch\u1ec9nh th\u1eddi gian v\u00e0 \u0111\u1ed9 s\u00e1ng theo nhu c\u1ea7u ri\u00eang b\u1eb1ng b\u1ed9 \u0111i\u1ec1u khi\u1ec3n (remote))<\/td>\n<\/tr>\n<tr>\n<td>Th\u1eddi gian ho\u1ea1t \u0111\u1ed9ng \u0111\u1ed9c l\u1eadp<br \/>\n(Ng\u00e0y m\u01b0a k\u00e9o d\u00e0i, ho\u00e0n to\u00e0n kh\u00f4ng c\u00f3 n\u1eafng)<\/td>\n<td>3.5 ng\u00e0y<\/td>\n<td>3.5 ng\u00e0y<\/td>\n<td>3 ng\u00e0y<\/td>\n<td>3 ng\u00e0y<\/td>\n<td>3 ng\u00e0y<\/td>\n<\/tr>\n<\/tbody>\n<\/table>\n<\/div>\n<\/div>\n","protected":false},"featured_media":2645,"comment_status":"open","ping_status":"closed","template":"","meta":{"_eb_attr":""},"product_cat":[68],"product_tag":[],"class_list":{"0":"post-2641","1":"product","2":"type-product","3":"status-publish","4":"has-post-thumbnail","6":"product_cat-sokoyo","7":"pa_gia-khong-lap-dat","8":"pa_gia-lap-dat","10":"first","11":"instock","12":"shipping-taxable","13":"purchasable","14":"product-type-variable"},"yoast_head":"<!-- This site is optimized with the Yoast SEO plugin v20.9 - https:\/\/yoast.com\/wordpress\/plugins\/seo\/ -->\r\n<title>SOKOYO COOLEX 60W - Thuan Phong Solar Energy<\/title>\r\n<meta name=\"robots\" content=\"index, follow, max-snippet:-1, max-image-preview:large, max-video-preview:-1\" \/>\r\n<link rel=\"canonical\" href=\"https:\/\/tpenergy.com.vn\/?product=sokoyo-coolex-60w\" \/>\r\n<meta property=\"og:locale\" content=\"vi_VN\" \/>\r\n<meta property=\"og:type\" content=\"article\" \/>\r\n<meta property=\"og:title\" content=\"SOKOYO COOLEX 60W - Thuan Phong Solar Energy\" \/>\r\n<meta property=\"og:description\" content=\"TH\u00d4NG S\u1ed0 K\u1ef8 THU\u1eacT     C\u00f4ng su\u1ea5t:\u00a060W, 80W, 100W, 120W Pin Lithium LiFePo4:\u00a0691WH \u2013 1382WH   Th\u01b0\u01a1ng hi\u1ec7u:\u00a0SOKOYO T\u1ea5m pin NLMT:\u00a0\u00a0Mono Panel 18V\/120W \u2013 36V\/240W   D\u00f2ng s\u1ea3n ph\u1ea9m:\u00a0All in One Chip LED:\u00a0LUMILEDS3030          COOLEX 60W \u2013 120W   M\u00e3 s\u1ea3n ph\u1ea9m KY-Y-YJ-001 (32650) KY-Y-YJ-002 (32650) KY-Y-YJ-002-C1 (32650) KY-Y-YJ-003-C1 (32650) KY-Y-YJ-003 (32650)   C\u00f4ng su\u1ea5t t\u1ed1i \u0111a \u0111\u00e8n LED 60W 80W 100W 100W 120W   \u0110i\u1ec7n \u00e1p ng\u00f5 v\u00e0o DC 12V DC 24V   Pin l\u01b0u tr\u1eef Lithium LifePo4, 12.8V\/48AH LifePo4, 25.6V\/36AH LifePo4, 25.6V\/48AH   Dung l\u01b0\u1ee3ng pin 691WH (\u0111i\u1ec7n \u00e1p khi s\u1ea1c \u0111\u1ea7y: 14.4V) 1037WH (\u0111i\u1ec7n \u00e1p khi s\u1ea1c \u0111\u1ea7y: 28.8V) 1382WH (\u0111i\u1ec7n \u00e1p khi s\u1ea1c \u0111\u1ea7y: 28.8V)   H\u1ed9p \u0111\u1ef1ng pin l\u01b0u tr\u1eef v\u00e0 b\u1ed9 \u0111i\u1ec1u khi\u1ec3n Nh\u00f4m \u0111\u00fac   T\u1ea5m pin n\u0103ng l\u01b0\u1ee3ng m\u1eb7t tr\u1eddi Mono, 18V\/120W Mono, 36V\/240W   B\u1ed9 \u0111i\u1ec1u khi\u1ec3n PWM, 12V, 15A PWM, 24V, 15A   Lo\u1ea1i Chip LED Philips, Chip 3030, 1 Modular Philips, Chip 3030, 2 Modulars   Ph\u00e2n b\u1ed1 \u00e1nh s\u00e1ng Ki\u1ec3u c\u00e1nh d\u01a1i   G\u00f3c m\u1edf c\u1ee7a \u0111\u00e8n 150\u00b0 x 75\u00b0   Hi\u1ec7u su\u1ea5t c\u1ee7a m\u1ed9t Chip LED \u0111\u01a1n 170LM\/W   Tu\u1ed5i th\u1ecd LED \uff1e50000H   Nhi\u1ec7t \u0111\u1ed9 m\u00e0u &gt;3000K\/4000K\/5700K\/6500K   Ch\u1ec9 s\u1ed1 ho\u00e0n m\u00e0u (CRI) \u2265Ra70   C\u1ea5p b\u1ea3o v\u1ec7 IP IP65   C\u1ea5p b\u1ea3o v\u1ec7 IK IK08   Nhi\u1ec7t \u0111\u1ed9 ho\u1ea1t \u0111\u1ed9ng -10\u2103~+60\u2103   K\u00edch th\u01b0\u1edbc \u0111\u00e8n 1010*680*90mm 1980*680*90mm   K\u00edch th\u01b0\u1edbc ki\u1ec7n h\u00e0ng) 1087x730x217mm 2057x730x217mm   Kh\u1ed1i l\u01b0\u1ee3ng\/1 b\u1ed9 24.9KG 40.3KG 43.4KG   \u0110\u01b0\u1eddng k\u00ednh tay \u0111\u1ee1 l\u1eafp tr\u1ee5 \u03c689mm \u03c6102mm   Th\u1eddi gian l\u00e0m vi\u1ec7c trong 1 \u0111\u00eam 12 gi\u1edd   Ch\u1ebf \u0111\u1ed9 s\u00e1ng v\u00e0 th\u1eddi gian ho\u1ea1t \u0111\u1ed9ng 0.5H 30%; 2.0H 100%; 3.0H 50%; 6.5H 30% 0.5H 30%; 2.0H 100%; 3.0H 50%; 6.5H 30% 0.5H 20%; 2.0H 100%; 3.0H 50%; 6.5H 20% 0.5H 30%; 3.0H 100%; 3.0H 50%; 6.5H 30% 0.5H 30%; 2.0H 100%; 3.0H 50%; 6.5H 30%   (Ch\u1ebf \u0111\u1ed9 n\u00e0y c\u00f3 th\u1ec3 t\u00f9y ch\u1ec9nh th\u1eddi gian v\u00e0 \u0111\u1ed9 s\u00e1ng theo nhu c\u1ea7u ri\u00eang b\u1eb1ng b\u1ed9 \u0111i\u1ec1u khi\u1ec3n (remote))   Th\u1eddi gian ho\u1ea1t \u0111\u1ed9ng \u0111\u1ed9c l\u1eadp (Ng\u00e0y m\u01b0a k\u00e9o d\u00e0i, ho\u00e0n to\u00e0n kh\u00f4ng c\u00f3 n\u1eafng) 3.5 ng\u00e0y 3.5 ng\u00e0y 3 ng\u00e0y 3 ng\u00e0y 3 ng\u00e0y\" \/>\r\n<meta property=\"og:url\" content=\"https:\/\/tpenergy.com.vn\/?product=sokoyo-coolex-60w\" \/>\r\n<meta property=\"og:site_name\" content=\"Thuan Phong Solar Energy\" \/>\r\n<meta property=\"article:modified_time\" content=\"2023-11-07T08:47:28+00:00\" \/>\r\n<meta property=\"og:image\" content=\"https:\/\/tpenergy.com.vn\/wp-content\/uploads\/2023\/07\/den-led-nang-luong-mat-troi-sokoyo-coolex-60w-80w-100w-120w-h8308.png\" \/>\r\n\t<meta property=\"og:image:width\" content=\"517\" \/>\r\n\t<meta property=\"og:image:height\" content=\"401\" \/>\r\n\t<meta property=\"og:image:type\" content=\"image\/png\" \/>\r\n<meta name=\"twitter:card\" content=\"summary_large_image\" \/>\r\n<script type=\"application\/ld+json\" class=\"yoast-schema-graph\">{\"@context\":\"https:\/\/schema.org\",\"@graph\":[{\"@type\":\"WebPage\",\"@id\":\"https:\/\/tpenergy.com.vn\/?product=sokoyo-coolex-60w\",\"url\":\"https:\/\/tpenergy.com.vn\/?product=sokoyo-coolex-60w\",\"name\":\"SOKOYO COOLEX 60W - Thuan Phong Solar Energy\",\"isPartOf\":{\"@id\":\"https:\/\/tpenergy.com.vn\/#website\"},\"datePublished\":\"2023-07-24T02:08:58+00:00\",\"dateModified\":\"2023-11-07T08:47:28+00:00\",\"breadcrumb\":{\"@id\":\"https:\/\/tpenergy.com.vn\/?product=sokoyo-coolex-60w#breadcrumb\"},\"inLanguage\":\"vi\",\"potentialAction\":[{\"@type\":\"ReadAction\",\"target\":[\"https:\/\/tpenergy.com.vn\/?product=sokoyo-coolex-60w\"]}]},{\"@type\":\"BreadcrumbList\",\"@id\":\"https:\/\/tpenergy.com.vn\/?product=sokoyo-coolex-60w#breadcrumb\",\"itemListElement\":[{\"@type\":\"ListItem\",\"position\":1,\"name\":\"Trang ch\u1ee7\",\"item\":\"https:\/\/tpenergy.com.vn\/\"},{\"@type\":\"ListItem\",\"position\":2,\"name\":\"Shop\",\"item\":\"https:\/\/tpenergy.com.vn\/?page_id=5\"},{\"@type\":\"ListItem\",\"position\":3,\"name\":\"\u0110\u00c8N N\u0102NG L\u01af\u1ee2NG M\u1eb6T TR\u1edcI\",\"item\":\"https:\/\/tpenergy.com.vn\/?product_cat=den-nang-luong-mat-troi\"},{\"@type\":\"ListItem\",\"position\":4,\"name\":\"SOKOYO\",\"item\":\"https:\/\/tpenergy.com.vn\/?product_cat=sokoyo\"},{\"@type\":\"ListItem\",\"position\":5,\"name\":\"SOKOYO COOLEX 60W\"}]},{\"@type\":\"WebSite\",\"@id\":\"https:\/\/tpenergy.com.vn\/#website\",\"url\":\"https:\/\/tpenergy.com.vn\/\",\"name\":\"Thuan Phong Solar Energy\",\"description\":\"\",\"potentialAction\":[{\"@type\":\"SearchAction\",\"target\":{\"@type\":\"EntryPoint\",\"urlTemplate\":\"https:\/\/tpenergy.com.vn\/?s={search_term_string}\"},\"query-input\":\"required name=search_term_string\"}],\"inLanguage\":\"vi\"}]}<\/script>\r\n<!-- \/ Yoast SEO plugin. -->","yoast_head_json":{"title":"SOKOYO COOLEX 60W - Thuan Phong Solar Energy","robots":{"index":"index","follow":"follow","max-snippet":"max-snippet:-1","max-image-preview":"max-image-preview:large","max-video-preview":"max-video-preview:-1"},"canonical":"https:\/\/tpenergy.com.vn\/?product=sokoyo-coolex-60w","og_locale":"vi_VN","og_type":"article","og_title":"SOKOYO COOLEX 60W - Thuan Phong Solar Energy","og_description":"TH\u00d4NG S\u1ed0 K\u1ef8 THU\u1eacT     C\u00f4ng su\u1ea5t:\u00a060W, 80W, 100W, 120W Pin Lithium LiFePo4:\u00a0691WH \u2013 1382WH   Th\u01b0\u01a1ng hi\u1ec7u:\u00a0SOKOYO T\u1ea5m pin NLMT:\u00a0\u00a0Mono Panel 18V\/120W \u2013 36V\/240W   D\u00f2ng s\u1ea3n ph\u1ea9m:\u00a0All in One Chip LED:\u00a0LUMILEDS3030          COOLEX 60W \u2013 120W   M\u00e3 s\u1ea3n ph\u1ea9m KY-Y-YJ-001 (32650) KY-Y-YJ-002 (32650) KY-Y-YJ-002-C1 (32650) KY-Y-YJ-003-C1 (32650) KY-Y-YJ-003 (32650)   C\u00f4ng su\u1ea5t t\u1ed1i \u0111a \u0111\u00e8n LED 60W 80W 100W 100W 120W   \u0110i\u1ec7n \u00e1p ng\u00f5 v\u00e0o DC 12V DC 24V   Pin l\u01b0u tr\u1eef Lithium LifePo4, 12.8V\/48AH LifePo4, 25.6V\/36AH LifePo4, 25.6V\/48AH   Dung l\u01b0\u1ee3ng pin 691WH (\u0111i\u1ec7n \u00e1p khi s\u1ea1c \u0111\u1ea7y: 14.4V) 1037WH (\u0111i\u1ec7n \u00e1p khi s\u1ea1c \u0111\u1ea7y: 28.8V) 1382WH (\u0111i\u1ec7n \u00e1p khi s\u1ea1c \u0111\u1ea7y: 28.8V)   H\u1ed9p \u0111\u1ef1ng pin l\u01b0u tr\u1eef v\u00e0 b\u1ed9 \u0111i\u1ec1u khi\u1ec3n Nh\u00f4m \u0111\u00fac   T\u1ea5m pin n\u0103ng l\u01b0\u1ee3ng m\u1eb7t tr\u1eddi Mono, 18V\/120W Mono, 36V\/240W   B\u1ed9 \u0111i\u1ec1u khi\u1ec3n PWM, 12V, 15A PWM, 24V, 15A   Lo\u1ea1i Chip LED Philips, Chip 3030, 1 Modular Philips, Chip 3030, 2 Modulars   Ph\u00e2n b\u1ed1 \u00e1nh s\u00e1ng Ki\u1ec3u c\u00e1nh d\u01a1i   G\u00f3c m\u1edf c\u1ee7a \u0111\u00e8n 150\u00b0 x 75\u00b0   Hi\u1ec7u su\u1ea5t c\u1ee7a m\u1ed9t Chip LED \u0111\u01a1n 170LM\/W   Tu\u1ed5i th\u1ecd LED \uff1e50000H   Nhi\u1ec7t \u0111\u1ed9 m\u00e0u &gt;3000K\/4000K\/5700K\/6500K   Ch\u1ec9 s\u1ed1 ho\u00e0n m\u00e0u (CRI) \u2265Ra70   C\u1ea5p b\u1ea3o v\u1ec7 IP IP65   C\u1ea5p b\u1ea3o v\u1ec7 IK IK08   Nhi\u1ec7t \u0111\u1ed9 ho\u1ea1t \u0111\u1ed9ng -10\u2103~+60\u2103   K\u00edch th\u01b0\u1edbc \u0111\u00e8n 1010*680*90mm 1980*680*90mm   K\u00edch th\u01b0\u1edbc ki\u1ec7n h\u00e0ng) 1087x730x217mm 2057x730x217mm   Kh\u1ed1i l\u01b0\u1ee3ng\/1 b\u1ed9 24.9KG 40.3KG 43.4KG   \u0110\u01b0\u1eddng k\u00ednh tay \u0111\u1ee1 l\u1eafp tr\u1ee5 \u03c689mm \u03c6102mm   Th\u1eddi gian l\u00e0m vi\u1ec7c trong 1 \u0111\u00eam 12 gi\u1edd   Ch\u1ebf \u0111\u1ed9 s\u00e1ng v\u00e0 th\u1eddi gian ho\u1ea1t \u0111\u1ed9ng 0.5H 30%; 2.0H 100%; 3.0H 50%; 6.5H 30% 0.5H 30%; 2.0H 100%; 3.0H 50%; 6.5H 30% 0.5H 20%; 2.0H 100%; 3.0H 50%; 6.5H 20% 0.5H 30%; 3.0H 100%; 3.0H 50%; 6.5H 30% 0.5H 30%; 2.0H 100%; 3.0H 50%; 6.5H 30%   (Ch\u1ebf \u0111\u1ed9 n\u00e0y c\u00f3 th\u1ec3 t\u00f9y ch\u1ec9nh th\u1eddi gian v\u00e0 \u0111\u1ed9 s\u00e1ng theo nhu c\u1ea7u ri\u00eang b\u1eb1ng b\u1ed9 \u0111i\u1ec1u khi\u1ec3n (remote))   Th\u1eddi gian ho\u1ea1t \u0111\u1ed9ng \u0111\u1ed9c l\u1eadp (Ng\u00e0y m\u01b0a k\u00e9o d\u00e0i, ho\u00e0n to\u00e0n kh\u00f4ng c\u00f3 n\u1eafng) 3.5 ng\u00e0y 3.5 ng\u00e0y 3 ng\u00e0y 3 ng\u00e0y 3 ng\u00e0y","og_url":"https:\/\/tpenergy.com.vn\/?product=sokoyo-coolex-60w","og_site_name":"Thuan Phong Solar Energy","article_modified_time":"2023-11-07T08:47:28+00:00","og_image":[{"width":517,"height":401,"url":"https:\/\/tpenergy.com.vn\/wp-content\/uploads\/2023\/07\/den-led-nang-luong-mat-troi-sokoyo-coolex-60w-80w-100w-120w-h8308.png","type":"image\/png"}],"twitter_card":"summary_large_image","schema":{"@context":"https:\/\/schema.org","@graph":[{"@type":"WebPage","@id":"https:\/\/tpenergy.com.vn\/?product=sokoyo-coolex-60w","url":"https:\/\/tpenergy.com.vn\/?product=sokoyo-coolex-60w","name":"SOKOYO COOLEX 60W - Thuan Phong Solar Energy","isPartOf":{"@id":"https:\/\/tpenergy.com.vn\/#website"},"datePublished":"2023-07-24T02:08:58+00:00","dateModified":"2023-11-07T08:47:28+00:00","breadcrumb":{"@id":"https:\/\/tpenergy.com.vn\/?product=sokoyo-coolex-60w#breadcrumb"},"inLanguage":"vi","potentialAction":[{"@type":"ReadAction","target":["https:\/\/tpenergy.com.vn\/?product=sokoyo-coolex-60w"]}]},{"@type":"BreadcrumbList","@id":"https:\/\/tpenergy.com.vn\/?product=sokoyo-coolex-60w#breadcrumb","itemListElement":[{"@type":"ListItem","position":1,"name":"Trang ch\u1ee7","item":"https:\/\/tpenergy.com.vn\/"},{"@type":"ListItem","position":2,"name":"Shop","item":"https:\/\/tpenergy.com.vn\/?page_id=5"},{"@type":"ListItem","position":3,"name":"\u0110\u00c8N N\u0102NG L\u01af\u1ee2NG M\u1eb6T TR\u1edcI","item":"https:\/\/tpenergy.com.vn\/?product_cat=den-nang-luong-mat-troi"},{"@type":"ListItem","position":4,"name":"SOKOYO","item":"https:\/\/tpenergy.com.vn\/?product_cat=sokoyo"},{"@type":"ListItem","position":5,"name":"SOKOYO COOLEX 60W"}]},{"@type":"WebSite","@id":"https:\/\/tpenergy.com.vn\/#website","url":"https:\/\/tpenergy.com.vn\/","name":"Thuan Phong Solar Energy","description":"","potentialAction":[{"@type":"SearchAction","target":{"@type":"EntryPoint","urlTemplate":"https:\/\/tpenergy.com.vn\/?s={search_term_string}"},"query-input":"required name=search_term_string"}],"inLanguage":"vi"}]}},"_links":{"self":[{"href":"https:\/\/tpenergy.com.vn\/index.php?rest_route=\/wp\/v2\/product\/2641"}],"collection":[{"href":"https:\/\/tpenergy.com.vn\/index.php?rest_route=\/wp\/v2\/product"}],"about":[{"href":"https:\/\/tpenergy.com.vn\/index.php?rest_route=\/wp\/v2\/types\/product"}],"replies":[{"embeddable":true,"href":"https:\/\/tpenergy.com.vn\/index.php?rest_route=%2Fwp%2Fv2%2Fcomments&post=2641"}],"wp:featuredmedia":[{"embeddable":true,"href":"https:\/\/tpenergy.com.vn\/index.php?rest_route=\/wp\/v2\/media\/2645"}],"wp:attachment":[{"href":"https:\/\/tpenergy.com.vn\/index.php?rest_route=%2Fwp%2Fv2%2Fmedia&parent=2641"}],"wp:term":[{"taxonomy":"product_cat","embeddable":true,"href":"https:\/\/tpenergy.com.vn\/index.php?rest_route=%2Fwp%2Fv2%2Fproduct_cat&post=2641"},{"taxonomy":"product_tag","embeddable":true,"href":"https:\/\/tpenergy.com.vn\/index.php?rest_route=%2Fwp%2Fv2%2Fproduct_tag&post=2641"}],"curies":[{"name":"wp","href":"https:\/\/api.w.org\/{rel}","templated":true}]}}