{"id":2639,"date":"2023-07-24T09:02:25","date_gmt":"2023-07-24T02:02:25","guid":{"rendered":"https:\/\/tpenergy.com.vn\/?post_type=product&#038;p=2639"},"modified":"2023-11-07T15:48:59","modified_gmt":"2023-11-07T08:48:59","slug":"sokoyo-nova-60w","status":"publish","type":"product","link":"https:\/\/tpenergy.com.vn\/?product=sokoyo-nova-60w","title":{"rendered":"SOKOYO NOVA 60W"},"content":{"rendered":"","protected":false},"excerpt":{"rendered":"<h2 id=\"tongquan\" class=\"heading_h2\">TH\u00d4NG S\u1ed0 K\u1ef8 THU\u1eacT<\/h2>\n<div class=\"content\">\n<table border=\"1\">\n<tbody>\n<tr>\n<td><strong>C\u00f4ng su\u1ea5t:<\/strong>\u00a030W, 40W, 50W, 60W<\/td>\n<td><strong>Pin Lithium LiFePo4:<\/strong>\u00a0432WH \u2013 864WH<\/td>\n<\/tr>\n<tr>\n<td><strong>Th\u01b0\u01a1ng hi\u1ec7u:<\/strong>\u00a0SOKOYO<\/td>\n<td><strong>T\u1ea5m pin NLMT:<\/strong>\u00a0Mono Panel 18V\/60W \u2013 18V\/120W<\/td>\n<\/tr>\n<tr>\n<td><strong>D\u00f2ng s\u1ea3n ph\u1ea9m:<\/strong>\u00a0All in One<\/td>\n<td><strong>Chip LED:<\/strong>\u00a0LUMILEDS3030<\/td>\n<\/tr>\n<\/tbody>\n<\/table>\n<\/div>\n<div class=\"content specifications_datails active\">\n<div>\n<table border=\"0\" width=\"100%\" cellspacing=\"0\" cellpadding=\"0\">\n<tbody>\n<tr>\n<td colspan=\"5\" bgcolor=\"#1c91d0\"><strong>NOVA 30 \u2013 60W<\/strong><\/td>\n<\/tr>\n<tr>\n<td>M\u00e3 s\u1ea3n ph\u1ea9m<\/td>\n<td>KY-Y-YF-001 (32650)<\/td>\n<td>KY-Y-YF-002<br \/>\n(32650)<\/td>\n<td>KY-Y-YF-003<br \/>\n(32650)<\/td>\n<td>KY-Y-YF-004<br \/>\n(32650)<\/td>\n<\/tr>\n<tr>\n<td>C\u00f4ng su\u1ea5t \u0111\u1ecbnh m\u1ee9c<\/td>\n<td>30W<\/td>\n<td>40W<\/td>\n<td>50W<\/td>\n<td>60W<\/td>\n<\/tr>\n<tr>\n<td>\u0110i\u1ec7n \u00e1p h\u1ec7 th\u1ed1ng<\/td>\n<td colspan=\"4\">DC 12V<\/td>\n<\/tr>\n<tr>\n<td>Dung l\u01b0\u1ee3ng pin<br \/>\n(\u0111i\u1ec7n \u00e1p khi s\u1ea1c \u0111\u1ea7y: 14.4V)<\/td>\n<td>432WH<\/td>\n<td>605WH<\/td>\n<td>691WH<\/td>\n<td>864WH<\/td>\n<\/tr>\n<tr>\n<td>T\u1ea5m pin<\/td>\n<td>Mono Panel: 18V\/60W (410x1053mm)<\/td>\n<td>Mono Panel: 18V\/90W (505x1020mm)<\/td>\n<td>Mono Panel: 18V\/120W (505\u00d71330mm\uff09<\/td>\n<td>Mono Panel: 18V\/120W (505\u00d71330mm\uff09<\/td>\n<\/tr>\n<tr>\n<td>Chip LED<\/td>\n<td colspan=\"4\">LUMILEDS3030\/5050<\/td>\n<\/tr>\n<tr>\n<td>Ki\u1ec3u ph\u00e2n b\u1ed1 \u00e1nh s\u00e1ng<\/td>\n<td colspan=\"4\">Ph\u00e2n b\u1ed1 \u00e1nh s\u00e1ng ki\u1ec3u c\u00e1nh d\u01a1i\uff08150\u00b0x75\u00b0\uff09<\/td>\n<\/tr>\n<tr>\n<td>Hi\u1ec7u su\u1ea5t Chip LED<\/td>\n<td>170LM\/W<\/td>\n<td>170LM\/W<\/td>\n<td>170LM\/W<\/td>\n<td>170LM\/W<\/td>\n<\/tr>\n<tr>\n<td>Nhi\u1ec7t \u0111\u1ed9 m\u00e0u<\/td>\n<td colspan=\"4\">3000K\/4000K\/5700K\/6500K<\/td>\n<\/tr>\n<tr>\n<td>Ch\u1ec9 s\u1ed1 ho\u00e0n m\u00e0u<\/td>\n<td colspan=\"4\">Ra\u226570<\/td>\n<\/tr>\n<tr>\n<td>C\u1ea5p b\u1ea3o v\u1ec7 IP<\/td>\n<td colspan=\"4\">IP65<\/td>\n<\/tr>\n<tr>\n<td>C\u1ea5p b\u1ea3o v\u1ec7 IK<\/td>\n<td colspan=\"4\">IK08<\/td>\n<\/tr>\n<tr>\n<td>Nhi\u1ec7t \u0111\u1ed9 ho\u1ea1t \u0111\u1ed9ng<\/td>\n<td colspan=\"4\">-10\u2103~+60\u2103<\/td>\n<\/tr>\n<tr>\n<td>Kh\u1ed1i l\u01b0\u1ee3ng<\/td>\n<td>15kg<\/td>\n<td>17kg<\/td>\n<td>21.5kg<\/td>\n<td>22.3kg<\/td>\n<\/tr>\n<tr>\n<td>Tu\u1ed5i th\u1ecd LED<\/td>\n<td colspan=\"4\">\u226550000H<\/td>\n<\/tr>\n<tr>\n<td>B\u1ed9 \u0111i\u1ec1u khi\u1ec3n<\/td>\n<td colspan=\"2\">PWM, 12V, 10A<\/td>\n<td colspan=\"2\">PWM, 12V, 15A<\/td>\n<\/tr>\n<tr>\n<td>\u0110\u01b0\u1eddng k\u00ednh tr\u1ee5 \u0111\u1ee1<\/td>\n<td>\u03c660mm<\/td>\n<td>\u03c676mm<\/td>\n<td colspan=\"2\">\u03c676mm<\/td>\n<\/tr>\n<tr>\n<td>Ch\u1ebf \u0111\u1ed9 s\u00e1ng v\u00e0 th\u1eddi gian ho\u1ea1t \u0111\u1ed9ng<\/td>\n<td colspan=\"4\">0.5 gi\u1edd \u0111\u1ea7u s\u00e1ng 20%; 1 gi\u1edd ti\u1ebfp theo s\u00e1ng 100%;<br \/>\n3 gi\u1edd ti\u1ebfp theo s\u00e1ng 50%; 7.5 gi\u1edd cu\u1ed1i s\u00e1ng 20%<br \/>\n(Ch\u1ebf \u0111\u1ed9 n\u00e0y c\u00f3 th\u1ec3 t\u00f9y ch\u1ec9nh th\u1eddi gian v\u00e0 \u0111\u1ed9 s\u00e1ng theo nhu c\u1ea7u ri\u00eang b\u1eb1ng b\u1ed9 \u0111i\u1ec1u khi\u1ec3n (remote))<\/td>\n<\/tr>\n<tr>\n<td>Th\u1eddi gian ho\u1ea1t \u0111\u1ed9ng \u0111\u1ed9c l\u1eadp<\/td>\n<td colspan=\"4\">3 ng\u00e0y<br \/>\n(ng\u00e0y m\u01b0a k\u00e9o d\u00e0i, ho\u00e0n to\u00e0n kh\u00f4ng c\u00f3 n\u1eafng)<\/td>\n<\/tr>\n<tr>\n<td>K\u00edch th\u01b0\u1edbc \u0111\u00e8n<\/td>\n<td>1090x420x89mm<\/td>\n<td>1057x518x89mm<\/td>\n<td>1367x518x89mm<\/td>\n<td>1367x518x105mm<\/td>\n<\/tr>\n<tr>\n<td>K\u00edch th\u01b0\u1edbc ki\u1ec7n h\u00e0ng<\/td>\n<td>1150x470x145mm (1pcs\/carton)<\/td>\n<td>1120x570x150mm (1pcs\/carton)<\/td>\n<td colspan=\"2\">1423x570x165mm (1pcs\/carton)<\/td>\n<\/tr>\n<tr>\n<td>Chi\u1ec1u cao l\u1eafp \u0111\u1eb7t<\/td>\n<td>6m \/ 7m<\/td>\n<td>6m \/ 7 m \/ 8m<\/td>\n<td colspan=\"2\">7 m \/ 8 m \/ 9 m<\/td>\n<\/tr>\n<\/tbody>\n<\/table>\n<\/div>\n<\/div>\n","protected":false},"featured_media":2632,"comment_status":"open","ping_status":"closed","template":"","meta":{"_eb_attr":""},"product_cat":[68],"product_tag":[],"class_list":{"0":"post-2639","1":"product","2":"type-product","3":"status-publish","4":"has-post-thumbnail","6":"product_cat-sokoyo","7":"pa_gia-khong-lap-dat","8":"pa_gia-lap-dat","10":"first","11":"instock","12":"shipping-taxable","13":"purchasable","14":"product-type-variable"},"yoast_head":"<!-- This site is optimized with the Yoast SEO plugin v20.9 - https:\/\/yoast.com\/wordpress\/plugins\/seo\/ -->\r\n<title>SOKOYO NOVA 60W - Thuan Phong Solar Energy<\/title>\r\n<meta name=\"robots\" content=\"index, follow, max-snippet:-1, max-image-preview:large, max-video-preview:-1\" \/>\r\n<link rel=\"canonical\" href=\"https:\/\/tpenergy.com.vn\/?product=sokoyo-nova-60w\" \/>\r\n<meta property=\"og:locale\" content=\"vi_VN\" \/>\r\n<meta property=\"og:type\" content=\"article\" \/>\r\n<meta property=\"og:title\" content=\"SOKOYO NOVA 60W - Thuan Phong Solar Energy\" \/>\r\n<meta property=\"og:description\" content=\"TH\u00d4NG S\u1ed0 K\u1ef8 THU\u1eacT     C\u00f4ng su\u1ea5t:\u00a030W, 40W, 50W, 60W Pin Lithium LiFePo4:\u00a0432WH \u2013 864WH   Th\u01b0\u01a1ng hi\u1ec7u:\u00a0SOKOYO T\u1ea5m pin NLMT:\u00a0Mono Panel 18V\/60W \u2013 18V\/120W   D\u00f2ng s\u1ea3n ph\u1ea9m:\u00a0All in One Chip LED:\u00a0LUMILEDS3030          NOVA 30 \u2013 60W   M\u00e3 s\u1ea3n ph\u1ea9m KY-Y-YF-001 (32650) KY-Y-YF-002 (32650) KY-Y-YF-003 (32650) KY-Y-YF-004 (32650)   C\u00f4ng su\u1ea5t \u0111\u1ecbnh m\u1ee9c 30W 40W 50W 60W   \u0110i\u1ec7n \u00e1p h\u1ec7 th\u1ed1ng DC 12V   Dung l\u01b0\u1ee3ng pin (\u0111i\u1ec7n \u00e1p khi s\u1ea1c \u0111\u1ea7y: 14.4V) 432WH 605WH 691WH 864WH   T\u1ea5m pin Mono Panel: 18V\/60W (410x1053mm) Mono Panel: 18V\/90W (505x1020mm) Mono Panel: 18V\/120W (505\u00d71330mm\uff09 Mono Panel: 18V\/120W (505\u00d71330mm\uff09   Chip LED LUMILEDS3030\/5050   Ki\u1ec3u ph\u00e2n b\u1ed1 \u00e1nh s\u00e1ng Ph\u00e2n b\u1ed1 \u00e1nh s\u00e1ng ki\u1ec3u c\u00e1nh d\u01a1i\uff08150\u00b0x75\u00b0\uff09   Hi\u1ec7u su\u1ea5t Chip LED 170LM\/W 170LM\/W 170LM\/W 170LM\/W   Nhi\u1ec7t \u0111\u1ed9 m\u00e0u 3000K\/4000K\/5700K\/6500K   Ch\u1ec9 s\u1ed1 ho\u00e0n m\u00e0u Ra\u226570   C\u1ea5p b\u1ea3o v\u1ec7 IP IP65   C\u1ea5p b\u1ea3o v\u1ec7 IK IK08   Nhi\u1ec7t \u0111\u1ed9 ho\u1ea1t \u0111\u1ed9ng -10\u2103~+60\u2103   Kh\u1ed1i l\u01b0\u1ee3ng 15kg 17kg 21.5kg 22.3kg   Tu\u1ed5i th\u1ecd LED \u226550000H   B\u1ed9 \u0111i\u1ec1u khi\u1ec3n PWM, 12V, 10A PWM, 12V, 15A   \u0110\u01b0\u1eddng k\u00ednh tr\u1ee5 \u0111\u1ee1 \u03c660mm \u03c676mm \u03c676mm   Ch\u1ebf \u0111\u1ed9 s\u00e1ng v\u00e0 th\u1eddi gian ho\u1ea1t \u0111\u1ed9ng 0.5 gi\u1edd \u0111\u1ea7u s\u00e1ng 20%; 1 gi\u1edd ti\u1ebfp theo s\u00e1ng 100%; 3 gi\u1edd ti\u1ebfp theo s\u00e1ng 50%; 7.5 gi\u1edd cu\u1ed1i s\u00e1ng 20% (Ch\u1ebf \u0111\u1ed9 n\u00e0y c\u00f3 th\u1ec3 t\u00f9y ch\u1ec9nh th\u1eddi gian v\u00e0 \u0111\u1ed9 s\u00e1ng theo nhu c\u1ea7u ri\u00eang b\u1eb1ng b\u1ed9 \u0111i\u1ec1u khi\u1ec3n (remote))   Th\u1eddi gian ho\u1ea1t \u0111\u1ed9ng \u0111\u1ed9c l\u1eadp 3 ng\u00e0y (ng\u00e0y m\u01b0a k\u00e9o d\u00e0i, ho\u00e0n to\u00e0n kh\u00f4ng c\u00f3 n\u1eafng)   K\u00edch th\u01b0\u1edbc \u0111\u00e8n 1090x420x89mm 1057x518x89mm 1367x518x89mm 1367x518x105mm   K\u00edch th\u01b0\u1edbc ki\u1ec7n h\u00e0ng 1150x470x145mm (1pcs\/carton) 1120x570x150mm (1pcs\/carton) 1423x570x165mm (1pcs\/carton)   Chi\u1ec1u cao l\u1eafp \u0111\u1eb7t 6m \/ 7m 6m \/ 7 m \/ 8m 7 m \/ 8 m \/ 9 m\" \/>\r\n<meta property=\"og:url\" content=\"https:\/\/tpenergy.com.vn\/?product=sokoyo-nova-60w\" \/>\r\n<meta property=\"og:site_name\" content=\"Thuan Phong Solar Energy\" \/>\r\n<meta property=\"article:modified_time\" content=\"2023-11-07T08:48:59+00:00\" \/>\r\n<meta property=\"og:image\" content=\"https:\/\/tpenergy.com.vn\/wp-content\/uploads\/2023\/07\/den-led-nang-luong-mat-troi-sokoyo-nova-30w-h5.png\" \/>\r\n\t<meta property=\"og:image:width\" content=\"517\" \/>\r\n\t<meta property=\"og:image:height\" content=\"401\" \/>\r\n\t<meta property=\"og:image:type\" content=\"image\/png\" \/>\r\n<meta name=\"twitter:card\" content=\"summary_large_image\" \/>\r\n<script type=\"application\/ld+json\" class=\"yoast-schema-graph\">{\"@context\":\"https:\/\/schema.org\",\"@graph\":[{\"@type\":\"WebPage\",\"@id\":\"https:\/\/tpenergy.com.vn\/?product=sokoyo-nova-60w\",\"url\":\"https:\/\/tpenergy.com.vn\/?product=sokoyo-nova-60w\",\"name\":\"SOKOYO NOVA 60W - Thuan Phong Solar Energy\",\"isPartOf\":{\"@id\":\"https:\/\/tpenergy.com.vn\/#website\"},\"datePublished\":\"2023-07-24T02:02:25+00:00\",\"dateModified\":\"2023-11-07T08:48:59+00:00\",\"breadcrumb\":{\"@id\":\"https:\/\/tpenergy.com.vn\/?product=sokoyo-nova-60w#breadcrumb\"},\"inLanguage\":\"vi\",\"potentialAction\":[{\"@type\":\"ReadAction\",\"target\":[\"https:\/\/tpenergy.com.vn\/?product=sokoyo-nova-60w\"]}]},{\"@type\":\"BreadcrumbList\",\"@id\":\"https:\/\/tpenergy.com.vn\/?product=sokoyo-nova-60w#breadcrumb\",\"itemListElement\":[{\"@type\":\"ListItem\",\"position\":1,\"name\":\"Trang ch\u1ee7\",\"item\":\"https:\/\/tpenergy.com.vn\/\"},{\"@type\":\"ListItem\",\"position\":2,\"name\":\"Shop\",\"item\":\"https:\/\/tpenergy.com.vn\/?page_id=5\"},{\"@type\":\"ListItem\",\"position\":3,\"name\":\"\u0110\u00c8N N\u0102NG L\u01af\u1ee2NG M\u1eb6T TR\u1edcI\",\"item\":\"https:\/\/tpenergy.com.vn\/?product_cat=den-nang-luong-mat-troi\"},{\"@type\":\"ListItem\",\"position\":4,\"name\":\"SOKOYO\",\"item\":\"https:\/\/tpenergy.com.vn\/?product_cat=sokoyo\"},{\"@type\":\"ListItem\",\"position\":5,\"name\":\"SOKOYO NOVA 60W\"}]},{\"@type\":\"WebSite\",\"@id\":\"https:\/\/tpenergy.com.vn\/#website\",\"url\":\"https:\/\/tpenergy.com.vn\/\",\"name\":\"Thuan Phong Solar Energy\",\"description\":\"\",\"potentialAction\":[{\"@type\":\"SearchAction\",\"target\":{\"@type\":\"EntryPoint\",\"urlTemplate\":\"https:\/\/tpenergy.com.vn\/?s={search_term_string}\"},\"query-input\":\"required name=search_term_string\"}],\"inLanguage\":\"vi\"}]}<\/script>\r\n<!-- \/ Yoast SEO plugin. -->","yoast_head_json":{"title":"SOKOYO NOVA 60W - Thuan Phong Solar Energy","robots":{"index":"index","follow":"follow","max-snippet":"max-snippet:-1","max-image-preview":"max-image-preview:large","max-video-preview":"max-video-preview:-1"},"canonical":"https:\/\/tpenergy.com.vn\/?product=sokoyo-nova-60w","og_locale":"vi_VN","og_type":"article","og_title":"SOKOYO NOVA 60W - Thuan Phong Solar Energy","og_description":"TH\u00d4NG S\u1ed0 K\u1ef8 THU\u1eacT     C\u00f4ng su\u1ea5t:\u00a030W, 40W, 50W, 60W Pin Lithium LiFePo4:\u00a0432WH \u2013 864WH   Th\u01b0\u01a1ng hi\u1ec7u:\u00a0SOKOYO T\u1ea5m pin NLMT:\u00a0Mono Panel 18V\/60W \u2013 18V\/120W   D\u00f2ng s\u1ea3n ph\u1ea9m:\u00a0All in One Chip LED:\u00a0LUMILEDS3030          NOVA 30 \u2013 60W   M\u00e3 s\u1ea3n ph\u1ea9m KY-Y-YF-001 (32650) KY-Y-YF-002 (32650) KY-Y-YF-003 (32650) KY-Y-YF-004 (32650)   C\u00f4ng su\u1ea5t \u0111\u1ecbnh m\u1ee9c 30W 40W 50W 60W   \u0110i\u1ec7n \u00e1p h\u1ec7 th\u1ed1ng DC 12V   Dung l\u01b0\u1ee3ng pin (\u0111i\u1ec7n \u00e1p khi s\u1ea1c \u0111\u1ea7y: 14.4V) 432WH 605WH 691WH 864WH   T\u1ea5m pin Mono Panel: 18V\/60W (410x1053mm) Mono Panel: 18V\/90W (505x1020mm) Mono Panel: 18V\/120W (505\u00d71330mm\uff09 Mono Panel: 18V\/120W (505\u00d71330mm\uff09   Chip LED LUMILEDS3030\/5050   Ki\u1ec3u ph\u00e2n b\u1ed1 \u00e1nh s\u00e1ng Ph\u00e2n b\u1ed1 \u00e1nh s\u00e1ng ki\u1ec3u c\u00e1nh d\u01a1i\uff08150\u00b0x75\u00b0\uff09   Hi\u1ec7u su\u1ea5t Chip LED 170LM\/W 170LM\/W 170LM\/W 170LM\/W   Nhi\u1ec7t \u0111\u1ed9 m\u00e0u 3000K\/4000K\/5700K\/6500K   Ch\u1ec9 s\u1ed1 ho\u00e0n m\u00e0u Ra\u226570   C\u1ea5p b\u1ea3o v\u1ec7 IP IP65   C\u1ea5p b\u1ea3o v\u1ec7 IK IK08   Nhi\u1ec7t \u0111\u1ed9 ho\u1ea1t \u0111\u1ed9ng -10\u2103~+60\u2103   Kh\u1ed1i l\u01b0\u1ee3ng 15kg 17kg 21.5kg 22.3kg   Tu\u1ed5i th\u1ecd LED \u226550000H   B\u1ed9 \u0111i\u1ec1u khi\u1ec3n PWM, 12V, 10A PWM, 12V, 15A   \u0110\u01b0\u1eddng k\u00ednh tr\u1ee5 \u0111\u1ee1 \u03c660mm \u03c676mm \u03c676mm   Ch\u1ebf \u0111\u1ed9 s\u00e1ng v\u00e0 th\u1eddi gian ho\u1ea1t \u0111\u1ed9ng 0.5 gi\u1edd \u0111\u1ea7u s\u00e1ng 20%; 1 gi\u1edd ti\u1ebfp theo s\u00e1ng 100%; 3 gi\u1edd ti\u1ebfp theo s\u00e1ng 50%; 7.5 gi\u1edd cu\u1ed1i s\u00e1ng 20% (Ch\u1ebf \u0111\u1ed9 n\u00e0y c\u00f3 th\u1ec3 t\u00f9y ch\u1ec9nh th\u1eddi gian v\u00e0 \u0111\u1ed9 s\u00e1ng theo nhu c\u1ea7u ri\u00eang b\u1eb1ng b\u1ed9 \u0111i\u1ec1u khi\u1ec3n (remote))   Th\u1eddi gian ho\u1ea1t \u0111\u1ed9ng \u0111\u1ed9c l\u1eadp 3 ng\u00e0y (ng\u00e0y m\u01b0a k\u00e9o d\u00e0i, ho\u00e0n to\u00e0n kh\u00f4ng c\u00f3 n\u1eafng)   K\u00edch th\u01b0\u1edbc \u0111\u00e8n 1090x420x89mm 1057x518x89mm 1367x518x89mm 1367x518x105mm   K\u00edch th\u01b0\u1edbc ki\u1ec7n h\u00e0ng 1150x470x145mm (1pcs\/carton) 1120x570x150mm (1pcs\/carton) 1423x570x165mm (1pcs\/carton)   Chi\u1ec1u cao l\u1eafp \u0111\u1eb7t 6m \/ 7m 6m \/ 7 m \/ 8m 7 m \/ 8 m \/ 9 m","og_url":"https:\/\/tpenergy.com.vn\/?product=sokoyo-nova-60w","og_site_name":"Thuan Phong Solar Energy","article_modified_time":"2023-11-07T08:48:59+00:00","og_image":[{"width":517,"height":401,"url":"https:\/\/tpenergy.com.vn\/wp-content\/uploads\/2023\/07\/den-led-nang-luong-mat-troi-sokoyo-nova-30w-h5.png","type":"image\/png"}],"twitter_card":"summary_large_image","schema":{"@context":"https:\/\/schema.org","@graph":[{"@type":"WebPage","@id":"https:\/\/tpenergy.com.vn\/?product=sokoyo-nova-60w","url":"https:\/\/tpenergy.com.vn\/?product=sokoyo-nova-60w","name":"SOKOYO NOVA 60W - Thuan Phong Solar Energy","isPartOf":{"@id":"https:\/\/tpenergy.com.vn\/#website"},"datePublished":"2023-07-24T02:02:25+00:00","dateModified":"2023-11-07T08:48:59+00:00","breadcrumb":{"@id":"https:\/\/tpenergy.com.vn\/?product=sokoyo-nova-60w#breadcrumb"},"inLanguage":"vi","potentialAction":[{"@type":"ReadAction","target":["https:\/\/tpenergy.com.vn\/?product=sokoyo-nova-60w"]}]},{"@type":"BreadcrumbList","@id":"https:\/\/tpenergy.com.vn\/?product=sokoyo-nova-60w#breadcrumb","itemListElement":[{"@type":"ListItem","position":1,"name":"Trang ch\u1ee7","item":"https:\/\/tpenergy.com.vn\/"},{"@type":"ListItem","position":2,"name":"Shop","item":"https:\/\/tpenergy.com.vn\/?page_id=5"},{"@type":"ListItem","position":3,"name":"\u0110\u00c8N N\u0102NG L\u01af\u1ee2NG M\u1eb6T TR\u1edcI","item":"https:\/\/tpenergy.com.vn\/?product_cat=den-nang-luong-mat-troi"},{"@type":"ListItem","position":4,"name":"SOKOYO","item":"https:\/\/tpenergy.com.vn\/?product_cat=sokoyo"},{"@type":"ListItem","position":5,"name":"SOKOYO NOVA 60W"}]},{"@type":"WebSite","@id":"https:\/\/tpenergy.com.vn\/#website","url":"https:\/\/tpenergy.com.vn\/","name":"Thuan Phong Solar Energy","description":"","potentialAction":[{"@type":"SearchAction","target":{"@type":"EntryPoint","urlTemplate":"https:\/\/tpenergy.com.vn\/?s={search_term_string}"},"query-input":"required name=search_term_string"}],"inLanguage":"vi"}]}},"_links":{"self":[{"href":"https:\/\/tpenergy.com.vn\/index.php?rest_route=\/wp\/v2\/product\/2639"}],"collection":[{"href":"https:\/\/tpenergy.com.vn\/index.php?rest_route=\/wp\/v2\/product"}],"about":[{"href":"https:\/\/tpenergy.com.vn\/index.php?rest_route=\/wp\/v2\/types\/product"}],"replies":[{"embeddable":true,"href":"https:\/\/tpenergy.com.vn\/index.php?rest_route=%2Fwp%2Fv2%2Fcomments&post=2639"}],"wp:featuredmedia":[{"embeddable":true,"href":"https:\/\/tpenergy.com.vn\/index.php?rest_route=\/wp\/v2\/media\/2632"}],"wp:attachment":[{"href":"https:\/\/tpenergy.com.vn\/index.php?rest_route=%2Fwp%2Fv2%2Fmedia&parent=2639"}],"wp:term":[{"taxonomy":"product_cat","embeddable":true,"href":"https:\/\/tpenergy.com.vn\/index.php?rest_route=%2Fwp%2Fv2%2Fproduct_cat&post=2639"},{"taxonomy":"product_tag","embeddable":true,"href":"https:\/\/tpenergy.com.vn\/index.php?rest_route=%2Fwp%2Fv2%2Fproduct_tag&post=2639"}],"curies":[{"name":"wp","href":"https:\/\/api.w.org\/{rel}","templated":true}]}}