{"id":2622,"date":"2023-07-24T08:08:52","date_gmt":"2023-07-24T01:08:52","guid":{"rendered":"https:\/\/tpenergy.com.vn\/?post_type=product&#038;p=2622"},"modified":"2023-11-07T16:03:50","modified_gmt":"2023-11-07T09:03:50","slug":"sokoyo-matrix-10w","status":"publish","type":"product","link":"https:\/\/tpenergy.com.vn\/?product=sokoyo-matrix-10w","title":{"rendered":"SOKOYO MATRIX 10W"},"content":{"rendered":"<h2 class=\"heading_h2\">\u0110\u00c8N N\u0102NG L\u01af\u1ee2NG M\u1eb6T TR\u1edcI SOKOYO MATRIX 10W<\/h2>\n<div class=\"content\">\n<p>MATRIX \u2013 \u0110\u00e8n n\u0103ng l\u01b0\u1ee3ng m\u1eb7t tr\u1eddi li\u1ec1n th\u1ec3 (All in One) c\u00f3 thi\u1ebft k\u1ebf \u0111\u01b0\u1ee3c c\u1ea5p b\u1eb1ng s\u00e1ng ch\u1ebf, v\u1ebb ngo\u00e0i tinh t\u1ebf, sang tr\u1ecdng. \u0110\u00e8n s\u1eed d\u1ee5ng Chip LED San\u2019an 3030, hi\u1ec7u su\u1ea5t Chip LED cao &gt;180lm\/W, tu\u1ed5i th\u1ecd LED h\u01a1n 50.000 gi\u1edd (\u0111\u1ed9 b\u1ec1n t\u01b0\u01a1ng \u0111\u01b0\u01a1ng 12 n\u0103m). \u0110\u00e8n s\u1eed d\u1ee5ng pin Lithium LiFePo4, dung l\u01b0\u1ee3ng pin l\u1edbn v\u00e0 an to\u00e0n. \u0110i\u1ec1u khi\u1ec3n th\u00f4ng minh gi\u00fap k\u00e9o d\u00e0i tu\u1ed5i th\u1ecd c\u1ee7a \u0111\u00e8n, ti\u1ebft ki\u1ec7m n\u0103ng l\u01b0\u1ee3ng v\u00e0 b\u1ea3o v\u1ec7 m\u00f4i tr\u01b0\u1eddng. H\u1ed9p \u0111\u1ef1ng pin t\u00edch h\u1ee3p c\u00f3 th\u1ec3 th\u00e1o r\u1eddi v\u00e0 d\u1ec5 d\u00e0ng b\u1ea3o tr\u00ec. \u0110\u00e8n thi\u1ebft k\u1ebf th\u1ea5u k\u00ednh ki\u1ec3u c\u00e1nh d\u01a1i, g\u00f3c chi\u1ebfu s\u00e1ng r\u1ed9ng (150\u00b0 x 75\u00b0), \u0111\u1ed9 \u0111\u1ed3ng \u0111\u1ec1u \u00e1nh s\u00e1ng t\u1ed1t\u2026<\/p>\n<p>*** \u0110\u00e8n n\u0103ng l\u01b0\u1ee3ng m\u1eb7t tr\u1eddi li\u1ec1n th\u1ec3 (All in One) l\u00e0 d\u1ea1ng \u0111\u00e8n t\u00edch h\u1ee3p t\u1ea5t c\u1ea3 th\u00e0nh ph\u1ea7n bao g\u1ed3m: t\u1ea5m pin n\u0103ng l\u01b0\u1ee3ng m\u1eb7t tr\u1eddi, pin l\u01b0u tr\u1eef Lithium LiFePo4, \u0111\u00e8n LED h\u1ee3p th\u00e0nh m\u1ed9t th\u1ec3 th\u1ed1ng nh\u1ea5t. Gi\u00fap v\u1eadn chuy\u1ec3n d\u1ec5 d\u00e0ng h\u01a1n, l\u1eafp \u0111\u1eb7t nhanh ch\u00f3ng, ti\u1ebft ki\u1ec7m chi ph\u00ed l\u1eafp \u0111\u1eb7t.<\/p>\n<p>\u1ee8ng d\u1ee5ng: L\u1eafp tr\u1ef1c ti\u1ebfp v\u00e0o tr\u1ee5 \u0111\u00e8n; \u1ee9ng d\u1ee5ng cho gia \u0111\u00ecnh, kh\u00e1ch s\u1ea1n v\u00e0 khu ngh\u1ec9 d\u01b0\u1ee1ng, \u0111\u01b0\u1eddng nh\u1ecf \u1edf c\u00e1c v\u00f9ng n\u00f4ng th\u00f4n.<\/p>\n<\/div>\n","protected":false},"excerpt":{"rendered":"<h2 id=\"tongquan\" class=\"heading_h2\">TH\u00d4NG S\u1ed0 K\u1ef8 THU\u1eacT<\/h2>\n<div class=\"content\">\n<table border=\"1\">\n<tbody>\n<tr>\n<td><strong>C\u00f4ng su\u1ea5t:<\/strong>\u00a010W<\/td>\n<td><strong>Pin Lithium LiFePo4:<\/strong>\u00a0146WH<\/td>\n<\/tr>\n<tr>\n<td><strong>Th\u01b0\u01a1ng hi\u1ec7u:<\/strong>\u00a0SOKOYO<\/td>\n<td><strong>T\u1ea5m pin NLMT:\u00a0<\/strong>\u00a0Mono Panel 5V\/23W<\/td>\n<\/tr>\n<tr>\n<td><strong>D\u00f2ng s\u1ea3n ph\u1ea9m:<\/strong>\u00a0All in One<\/td>\n<td><strong>Chip LED:<\/strong>\u00a0San\u2019an 3030<\/td>\n<\/tr>\n<\/tbody>\n<\/table>\n<\/div>\n<div class=\"content specifications_datails active\">\n<table border=\"0\" width=\"100%\" cellspacing=\"0\" cellpadding=\"0\">\n<tbody>\n<tr>\n<td bgcolor=\"#1c91d0\"><strong>Model<\/strong><\/td>\n<td bgcolor=\"#1c91d0\"><strong>MATRIX 10W<\/strong><\/td>\n<\/tr>\n<tr>\n<td>M\u00e3 s\u1ea3n ph\u1ea9m<\/td>\n<td>KY-Y-YG-001<\/td>\n<\/tr>\n<tr>\n<td>C\u00f4ng su\u1ea5t t\u1ed1i \u0111a \u0111\u00e8n LED<\/td>\n<td>10W<\/td>\n<\/tr>\n<tr>\n<td>\u0110i\u1ec7n \u00e1p ng\u00f5 v\u00e0o<\/td>\n<td>DC 3.2V<\/td>\n<\/tr>\n<tr>\n<td>Pin l\u01b0u tr\u1eef Lithium<\/td>\n<td>LiFePo4, 3.2V\/40AH<\/td>\n<\/tr>\n<tr>\n<td>Dung l\u01b0\u1ee3ng pin (\u0111i\u1ec7n \u00e1p khi s\u1ea1c \u0111\u1ea7y: 3.65V)<\/td>\n<td>146WH<\/td>\n<\/tr>\n<tr>\n<td>T\u1ea5m pin n\u0103ng l\u01b0\u1ee3ng m\u1eb7t tr\u1eddi<\/td>\n<td>Mono, 5V\/23W<\/td>\n<\/tr>\n<tr>\n<td>B\u1ed9 \u0111i\u1ec1u khi\u1ec3n<\/td>\n<td>PWM, 3.2V, 8A<\/td>\n<\/tr>\n<tr>\n<td>Chip LED<\/td>\n<td>San\u2019an 3030<\/td>\n<\/tr>\n<tr>\n<td>Ph\u00e2n b\u1ed1 \u00e1nh s\u00e1ng<\/td>\n<td>Ki\u1ec3u c\u00e1nh d\u01a1i; 150\u00b0 x 75\u00b0<\/td>\n<\/tr>\n<tr>\n<td>Hi\u1ec7u su\u1ea5t Chip LED<\/td>\n<td>&gt; 180LM\/W<\/td>\n<\/tr>\n<tr>\n<td>Tu\u1ed5i th\u1ecd LED<\/td>\n<td>\uff1e50000H<\/td>\n<\/tr>\n<tr>\n<td>Nhi\u1ec7t \u0111\u1ed9 m\u00e0u<\/td>\n<td>6000K<\/td>\n<\/tr>\n<tr>\n<td>Ch\u1ec9 s\u1ed1 ho\u00e0n m\u00e0u (CRI)<\/td>\n<td>\u2265Ra70<\/td>\n<\/tr>\n<tr>\n<td>C\u1ea5p b\u1ea3o v\u1ec7 IP<\/td>\n<td>IP65<\/td>\n<\/tr>\n<tr>\n<td>C\u1ea5p b\u1ea3o v\u1ec7 IK<\/td>\n<td>IK08<\/td>\n<\/tr>\n<tr>\n<td>Nhi\u1ec7t \u0111\u1ed9 ho\u1ea1t \u0111\u1ed9ng<\/td>\n<td>-10\u2103~+60\u2103<\/td>\n<\/tr>\n<tr>\n<td>K\u00edch th\u01b0\u1edbc \u0111\u00e8n<\/td>\n<td>835x203x88mm<\/td>\n<\/tr>\n<tr>\n<td>K\u00edch th\u01b0\u1edbc ki\u1ec7n h\u00e0ng<\/td>\n<td>910x250x198mm (2pcs\/carton)<\/td>\n<\/tr>\n<tr>\n<td>Kh\u1ed1i l\u01b0\u1ee3ng<\/td>\n<td>4.5kg<\/td>\n<\/tr>\n<tr>\n<td>\u0110\u01b0\u1eddng k\u00ednh v\u00e0 chi\u1ec1u cao tr\u1ee5 \u0111\u00e8n<\/td>\n<td>\u03a676mm v\u00e0 3-4m<\/td>\n<\/tr>\n<tr>\n<td>Ch\u1ebf \u0111\u1ed9 s\u00e1ng v\u00e0 th\u1eddi gian ho\u1ea1t \u0111\u1ed9ng<\/td>\n<td>0.5 gi\u1edd \u0111\u1ea7u s\u00e1ng 30%; 1 gi\u1edd ti\u1ebfp theo s\u00e1ng 100%;<br \/>\n2.5 gi\u1edd ti\u1ebfp theo s\u00e1ng 50%; 4 gi\u1edd cu\u1ed1i s\u00e1ng 30%<br \/>\n(Ch\u1ebf \u0111\u1ed9 n\u00e0y c\u00f3 th\u1ec3 t\u00f9y ch\u1ec9nh th\u1eddi gian v\u00e0 \u0111\u1ed9 s\u00e1ng theo b\u1ed9 \u0111i\u1ec1u khi\u1ec3n (remote))<\/td>\n<\/tr>\n<tr>\n<td>Th\u1eddi gian ho\u1ea1t \u0111\u1ed9ng \u0111\u1ed9c l\u1eadp<\/td>\n<td>3.5 ng\u00e0y<br \/>\n(ng\u00e0y m\u01b0a k\u00e9o d\u00e0i, ho\u00e0n to\u00e0n kh\u00f4ng c\u00f3 n\u1eafng)<\/td>\n<\/tr>\n<\/tbody>\n<\/table>\n<\/div>\n","protected":false},"featured_media":2623,"comment_status":"open","ping_status":"closed","template":"","meta":{"_eb_attr":""},"product_cat":[68],"product_tag":[],"class_list":{"0":"post-2622","1":"product","2":"type-product","3":"status-publish","4":"has-post-thumbnail","6":"product_cat-sokoyo","7":"pa_gia-khong-lap-dat","8":"pa_gia-lap-dat","10":"first","11":"instock","12":"shipping-taxable","13":"purchasable","14":"product-type-variable"},"yoast_head":"<!-- This site is optimized with the Yoast SEO plugin v20.9 - https:\/\/yoast.com\/wordpress\/plugins\/seo\/ -->\r\n<title>SOKOYO MATRIX 10W - Thuan Phong Solar Energy<\/title>\r\n<meta name=\"robots\" content=\"index, follow, max-snippet:-1, max-image-preview:large, max-video-preview:-1\" \/>\r\n<link rel=\"canonical\" href=\"https:\/\/tpenergy.com.vn\/?product=sokoyo-matrix-10w\" \/>\r\n<meta property=\"og:locale\" content=\"vi_VN\" \/>\r\n<meta property=\"og:type\" content=\"article\" \/>\r\n<meta property=\"og:title\" content=\"SOKOYO MATRIX 10W - Thuan Phong Solar Energy\" \/>\r\n<meta property=\"og:description\" content=\"TH\u00d4NG S\u1ed0 K\u1ef8 THU\u1eacT     C\u00f4ng su\u1ea5t:\u00a010W Pin Lithium LiFePo4:\u00a0146WH   Th\u01b0\u01a1ng hi\u1ec7u:\u00a0SOKOYO T\u1ea5m pin NLMT:\u00a0\u00a0Mono Panel 5V\/23W   D\u00f2ng s\u1ea3n ph\u1ea9m:\u00a0All in One Chip LED:\u00a0San\u2019an 3030         Model MATRIX 10W   M\u00e3 s\u1ea3n ph\u1ea9m KY-Y-YG-001   C\u00f4ng su\u1ea5t t\u1ed1i \u0111a \u0111\u00e8n LED 10W   \u0110i\u1ec7n \u00e1p ng\u00f5 v\u00e0o DC 3.2V   Pin l\u01b0u tr\u1eef Lithium LiFePo4, 3.2V\/40AH   Dung l\u01b0\u1ee3ng pin (\u0111i\u1ec7n \u00e1p khi s\u1ea1c \u0111\u1ea7y: 3.65V) 146WH   T\u1ea5m pin n\u0103ng l\u01b0\u1ee3ng m\u1eb7t tr\u1eddi Mono, 5V\/23W   B\u1ed9 \u0111i\u1ec1u khi\u1ec3n PWM, 3.2V, 8A   Chip LED San\u2019an 3030   Ph\u00e2n b\u1ed1 \u00e1nh s\u00e1ng Ki\u1ec3u c\u00e1nh d\u01a1i; 150\u00b0 x 75\u00b0   Hi\u1ec7u su\u1ea5t Chip LED &gt; 180LM\/W   Tu\u1ed5i th\u1ecd LED \uff1e50000H   Nhi\u1ec7t \u0111\u1ed9 m\u00e0u 6000K   Ch\u1ec9 s\u1ed1 ho\u00e0n m\u00e0u (CRI) \u2265Ra70   C\u1ea5p b\u1ea3o v\u1ec7 IP IP65   C\u1ea5p b\u1ea3o v\u1ec7 IK IK08   Nhi\u1ec7t \u0111\u1ed9 ho\u1ea1t \u0111\u1ed9ng -10\u2103~+60\u2103   K\u00edch th\u01b0\u1edbc \u0111\u00e8n 835x203x88mm   K\u00edch th\u01b0\u1edbc ki\u1ec7n h\u00e0ng 910x250x198mm (2pcs\/carton)   Kh\u1ed1i l\u01b0\u1ee3ng 4.5kg   \u0110\u01b0\u1eddng k\u00ednh v\u00e0 chi\u1ec1u cao tr\u1ee5 \u0111\u00e8n \u03a676mm v\u00e0 3-4m   Ch\u1ebf \u0111\u1ed9 s\u00e1ng v\u00e0 th\u1eddi gian ho\u1ea1t \u0111\u1ed9ng 0.5 gi\u1edd \u0111\u1ea7u s\u00e1ng 30%; 1 gi\u1edd ti\u1ebfp theo s\u00e1ng 100%; 2.5 gi\u1edd ti\u1ebfp theo s\u00e1ng 50%; 4 gi\u1edd cu\u1ed1i s\u00e1ng 30% (Ch\u1ebf \u0111\u1ed9 n\u00e0y c\u00f3 th\u1ec3 t\u00f9y ch\u1ec9nh th\u1eddi gian v\u00e0 \u0111\u1ed9 s\u00e1ng theo b\u1ed9 \u0111i\u1ec1u khi\u1ec3n (remote))   Th\u1eddi gian ho\u1ea1t \u0111\u1ed9ng \u0111\u1ed9c l\u1eadp 3.5 ng\u00e0y (ng\u00e0y m\u01b0a k\u00e9o d\u00e0i, ho\u00e0n to\u00e0n kh\u00f4ng c\u00f3 n\u1eafng)\" \/>\r\n<meta property=\"og:url\" content=\"https:\/\/tpenergy.com.vn\/?product=sokoyo-matrix-10w\" \/>\r\n<meta property=\"og:site_name\" content=\"Thuan Phong Solar Energy\" \/>\r\n<meta property=\"article:modified_time\" content=\"2023-11-07T09:03:50+00:00\" \/>\r\n<meta property=\"og:image\" content=\"https:\/\/tpenergy.com.vn\/wp-content\/uploads\/2023\/07\/den-led-nang-luong-mat-troi-sokoyo-matrix-10w-h2308.png\" \/>\r\n\t<meta property=\"og:image:width\" content=\"517\" \/>\r\n\t<meta property=\"og:image:height\" content=\"401\" \/>\r\n\t<meta property=\"og:image:type\" content=\"image\/png\" \/>\r\n<meta name=\"twitter:card\" content=\"summary_large_image\" \/>\r\n<meta name=\"twitter:label1\" content=\"\u01af\u1edbc t\u00ednh th\u1eddi gian \u0111\u1ecdc\" \/>\n\t<meta name=\"twitter:data1\" content=\"2 ph\u00fat\" \/>\r\n<script type=\"application\/ld+json\" class=\"yoast-schema-graph\">{\"@context\":\"https:\/\/schema.org\",\"@graph\":[{\"@type\":\"WebPage\",\"@id\":\"https:\/\/tpenergy.com.vn\/?product=sokoyo-matrix-10w\",\"url\":\"https:\/\/tpenergy.com.vn\/?product=sokoyo-matrix-10w\",\"name\":\"SOKOYO MATRIX 10W - Thuan Phong Solar Energy\",\"isPartOf\":{\"@id\":\"https:\/\/tpenergy.com.vn\/#website\"},\"datePublished\":\"2023-07-24T01:08:52+00:00\",\"dateModified\":\"2023-11-07T09:03:50+00:00\",\"breadcrumb\":{\"@id\":\"https:\/\/tpenergy.com.vn\/?product=sokoyo-matrix-10w#breadcrumb\"},\"inLanguage\":\"vi\",\"potentialAction\":[{\"@type\":\"ReadAction\",\"target\":[\"https:\/\/tpenergy.com.vn\/?product=sokoyo-matrix-10w\"]}]},{\"@type\":\"BreadcrumbList\",\"@id\":\"https:\/\/tpenergy.com.vn\/?product=sokoyo-matrix-10w#breadcrumb\",\"itemListElement\":[{\"@type\":\"ListItem\",\"position\":1,\"name\":\"Trang ch\u1ee7\",\"item\":\"https:\/\/tpenergy.com.vn\/\"},{\"@type\":\"ListItem\",\"position\":2,\"name\":\"Shop\",\"item\":\"https:\/\/tpenergy.com.vn\/?page_id=5\"},{\"@type\":\"ListItem\",\"position\":3,\"name\":\"\u0110\u00c8N N\u0102NG L\u01af\u1ee2NG M\u1eb6T TR\u1edcI\",\"item\":\"https:\/\/tpenergy.com.vn\/?product_cat=den-nang-luong-mat-troi\"},{\"@type\":\"ListItem\",\"position\":4,\"name\":\"SOKOYO\",\"item\":\"https:\/\/tpenergy.com.vn\/?product_cat=sokoyo\"},{\"@type\":\"ListItem\",\"position\":5,\"name\":\"SOKOYO MATRIX 10W\"}]},{\"@type\":\"WebSite\",\"@id\":\"https:\/\/tpenergy.com.vn\/#website\",\"url\":\"https:\/\/tpenergy.com.vn\/\",\"name\":\"Thuan Phong Solar Energy\",\"description\":\"\",\"potentialAction\":[{\"@type\":\"SearchAction\",\"target\":{\"@type\":\"EntryPoint\",\"urlTemplate\":\"https:\/\/tpenergy.com.vn\/?s={search_term_string}\"},\"query-input\":\"required name=search_term_string\"}],\"inLanguage\":\"vi\"}]}<\/script>\r\n<!-- \/ Yoast SEO plugin. -->","yoast_head_json":{"title":"SOKOYO MATRIX 10W - Thuan Phong Solar Energy","robots":{"index":"index","follow":"follow","max-snippet":"max-snippet:-1","max-image-preview":"max-image-preview:large","max-video-preview":"max-video-preview:-1"},"canonical":"https:\/\/tpenergy.com.vn\/?product=sokoyo-matrix-10w","og_locale":"vi_VN","og_type":"article","og_title":"SOKOYO MATRIX 10W - Thuan Phong Solar Energy","og_description":"TH\u00d4NG S\u1ed0 K\u1ef8 THU\u1eacT     C\u00f4ng su\u1ea5t:\u00a010W Pin Lithium LiFePo4:\u00a0146WH   Th\u01b0\u01a1ng hi\u1ec7u:\u00a0SOKOYO T\u1ea5m pin NLMT:\u00a0\u00a0Mono Panel 5V\/23W   D\u00f2ng s\u1ea3n ph\u1ea9m:\u00a0All in One Chip LED:\u00a0San\u2019an 3030         Model MATRIX 10W   M\u00e3 s\u1ea3n ph\u1ea9m KY-Y-YG-001   C\u00f4ng su\u1ea5t t\u1ed1i \u0111a \u0111\u00e8n LED 10W   \u0110i\u1ec7n \u00e1p ng\u00f5 v\u00e0o DC 3.2V   Pin l\u01b0u tr\u1eef Lithium LiFePo4, 3.2V\/40AH   Dung l\u01b0\u1ee3ng pin (\u0111i\u1ec7n \u00e1p khi s\u1ea1c \u0111\u1ea7y: 3.65V) 146WH   T\u1ea5m pin n\u0103ng l\u01b0\u1ee3ng m\u1eb7t tr\u1eddi Mono, 5V\/23W   B\u1ed9 \u0111i\u1ec1u khi\u1ec3n PWM, 3.2V, 8A   Chip LED San\u2019an 3030   Ph\u00e2n b\u1ed1 \u00e1nh s\u00e1ng Ki\u1ec3u c\u00e1nh d\u01a1i; 150\u00b0 x 75\u00b0   Hi\u1ec7u su\u1ea5t Chip LED &gt; 180LM\/W   Tu\u1ed5i th\u1ecd LED \uff1e50000H   Nhi\u1ec7t \u0111\u1ed9 m\u00e0u 6000K   Ch\u1ec9 s\u1ed1 ho\u00e0n m\u00e0u (CRI) \u2265Ra70   C\u1ea5p b\u1ea3o v\u1ec7 IP IP65   C\u1ea5p b\u1ea3o v\u1ec7 IK IK08   Nhi\u1ec7t \u0111\u1ed9 ho\u1ea1t \u0111\u1ed9ng -10\u2103~+60\u2103   K\u00edch th\u01b0\u1edbc \u0111\u00e8n 835x203x88mm   K\u00edch th\u01b0\u1edbc ki\u1ec7n h\u00e0ng 910x250x198mm (2pcs\/carton)   Kh\u1ed1i l\u01b0\u1ee3ng 4.5kg   \u0110\u01b0\u1eddng k\u00ednh v\u00e0 chi\u1ec1u cao tr\u1ee5 \u0111\u00e8n \u03a676mm v\u00e0 3-4m   Ch\u1ebf \u0111\u1ed9 s\u00e1ng v\u00e0 th\u1eddi gian ho\u1ea1t \u0111\u1ed9ng 0.5 gi\u1edd \u0111\u1ea7u s\u00e1ng 30%; 1 gi\u1edd ti\u1ebfp theo s\u00e1ng 100%; 2.5 gi\u1edd ti\u1ebfp theo s\u00e1ng 50%; 4 gi\u1edd cu\u1ed1i s\u00e1ng 30% (Ch\u1ebf \u0111\u1ed9 n\u00e0y c\u00f3 th\u1ec3 t\u00f9y ch\u1ec9nh th\u1eddi gian v\u00e0 \u0111\u1ed9 s\u00e1ng theo b\u1ed9 \u0111i\u1ec1u khi\u1ec3n (remote))   Th\u1eddi gian ho\u1ea1t \u0111\u1ed9ng \u0111\u1ed9c l\u1eadp 3.5 ng\u00e0y (ng\u00e0y m\u01b0a k\u00e9o d\u00e0i, ho\u00e0n to\u00e0n kh\u00f4ng c\u00f3 n\u1eafng)","og_url":"https:\/\/tpenergy.com.vn\/?product=sokoyo-matrix-10w","og_site_name":"Thuan Phong Solar Energy","article_modified_time":"2023-11-07T09:03:50+00:00","og_image":[{"width":517,"height":401,"url":"https:\/\/tpenergy.com.vn\/wp-content\/uploads\/2023\/07\/den-led-nang-luong-mat-troi-sokoyo-matrix-10w-h2308.png","type":"image\/png"}],"twitter_card":"summary_large_image","twitter_misc":{"\u01af\u1edbc t\u00ednh th\u1eddi gian \u0111\u1ecdc":"2 ph\u00fat"},"schema":{"@context":"https:\/\/schema.org","@graph":[{"@type":"WebPage","@id":"https:\/\/tpenergy.com.vn\/?product=sokoyo-matrix-10w","url":"https:\/\/tpenergy.com.vn\/?product=sokoyo-matrix-10w","name":"SOKOYO MATRIX 10W - Thuan Phong Solar Energy","isPartOf":{"@id":"https:\/\/tpenergy.com.vn\/#website"},"datePublished":"2023-07-24T01:08:52+00:00","dateModified":"2023-11-07T09:03:50+00:00","breadcrumb":{"@id":"https:\/\/tpenergy.com.vn\/?product=sokoyo-matrix-10w#breadcrumb"},"inLanguage":"vi","potentialAction":[{"@type":"ReadAction","target":["https:\/\/tpenergy.com.vn\/?product=sokoyo-matrix-10w"]}]},{"@type":"BreadcrumbList","@id":"https:\/\/tpenergy.com.vn\/?product=sokoyo-matrix-10w#breadcrumb","itemListElement":[{"@type":"ListItem","position":1,"name":"Trang ch\u1ee7","item":"https:\/\/tpenergy.com.vn\/"},{"@type":"ListItem","position":2,"name":"Shop","item":"https:\/\/tpenergy.com.vn\/?page_id=5"},{"@type":"ListItem","position":3,"name":"\u0110\u00c8N N\u0102NG L\u01af\u1ee2NG M\u1eb6T TR\u1edcI","item":"https:\/\/tpenergy.com.vn\/?product_cat=den-nang-luong-mat-troi"},{"@type":"ListItem","position":4,"name":"SOKOYO","item":"https:\/\/tpenergy.com.vn\/?product_cat=sokoyo"},{"@type":"ListItem","position":5,"name":"SOKOYO MATRIX 10W"}]},{"@type":"WebSite","@id":"https:\/\/tpenergy.com.vn\/#website","url":"https:\/\/tpenergy.com.vn\/","name":"Thuan Phong Solar Energy","description":"","potentialAction":[{"@type":"SearchAction","target":{"@type":"EntryPoint","urlTemplate":"https:\/\/tpenergy.com.vn\/?s={search_term_string}"},"query-input":"required name=search_term_string"}],"inLanguage":"vi"}]}},"_links":{"self":[{"href":"https:\/\/tpenergy.com.vn\/index.php?rest_route=\/wp\/v2\/product\/2622"}],"collection":[{"href":"https:\/\/tpenergy.com.vn\/index.php?rest_route=\/wp\/v2\/product"}],"about":[{"href":"https:\/\/tpenergy.com.vn\/index.php?rest_route=\/wp\/v2\/types\/product"}],"replies":[{"embeddable":true,"href":"https:\/\/tpenergy.com.vn\/index.php?rest_route=%2Fwp%2Fv2%2Fcomments&post=2622"}],"wp:featuredmedia":[{"embeddable":true,"href":"https:\/\/tpenergy.com.vn\/index.php?rest_route=\/wp\/v2\/media\/2623"}],"wp:attachment":[{"href":"https:\/\/tpenergy.com.vn\/index.php?rest_route=%2Fwp%2Fv2%2Fmedia&parent=2622"}],"wp:term":[{"taxonomy":"product_cat","embeddable":true,"href":"https:\/\/tpenergy.com.vn\/index.php?rest_route=%2Fwp%2Fv2%2Fproduct_cat&post=2622"},{"taxonomy":"product_tag","embeddable":true,"href":"https:\/\/tpenergy.com.vn\/index.php?rest_route=%2Fwp%2Fv2%2Fproduct_tag&post=2622"}],"curies":[{"name":"wp","href":"https:\/\/api.w.org\/{rel}","templated":true}]}}