{"id":2618,"date":"2023-07-24T07:59:09","date_gmt":"2023-07-24T00:59:09","guid":{"rendered":"https:\/\/tpenergy.com.vn\/?post_type=product&#038;p=2618"},"modified":"2023-11-07T16:09:28","modified_gmt":"2023-11-07T09:09:28","slug":"sokoyo-capsol-10w","status":"publish","type":"product","link":"https:\/\/tpenergy.com.vn\/?product=sokoyo-capsol-10w","title":{"rendered":"SOKOYO CAPSOL 10W"},"content":{"rendered":"","protected":false},"excerpt":{"rendered":"<h2 id=\"tongquan\" class=\"heading_h2\">TH\u00d4NG S\u1ed0 K\u1ef8 THU\u1eacT<\/h2>\n<div class=\"content\">\n<table border=\"1\">\n<tbody>\n<tr>\n<td><strong>C\u00f4ng su\u1ea5t:<\/strong>\u00a010 W<\/td>\n<td><strong>Pin Lithium LiFePo4:<\/strong>\u00a0110Wh<\/td>\n<\/tr>\n<tr>\n<td><strong>Th\u01b0\u01a1ng hi\u1ec7u:<\/strong>\u00a0SOKOYO<\/td>\n<td><strong>T\u1ea5m pin NLMT:<\/strong>\u00a0Mono Panel: 5V\/15W<\/td>\n<\/tr>\n<tr>\n<td><strong>D\u00f2ng s\u1ea3n ph\u1ea9m:<\/strong>\u00a0All in One<\/td>\n<td><strong>Chip LED:<\/strong>\u00a0San\u2019an 3030<\/td>\n<\/tr>\n<\/tbody>\n<\/table>\n<\/div>\n<div class=\"content specifications_datails active\">\n<table border=\"0\" width=\"100%\" cellspacing=\"0\" cellpadding=\"0\">\n<tbody>\n<tr>\n<td bgcolor=\"#1c91d0\">\n<div>Model<\/div>\n<\/td>\n<td colspan=\"2\" bgcolor=\"#1c91d0\">\n<div>CAPSOL 10W<\/div>\n<\/td>\n<\/tr>\n<tr>\n<td>\n<div>M\u00e3 s\u1ea3n ph\u1ea9m<\/div>\n<\/td>\n<td colspan=\"2\">\n<div>M\u00e0u \u0111en: KY-Y-YYB-001 (32650)<br \/>\nM\u00e0u v\u00e0ng: KY-Y-YYG-001 (32650)<\/div>\n<\/td>\n<\/tr>\n<tr>\n<td>\n<div>C\u00f4ng su\u1ea5t<\/div>\n<\/td>\n<td colspan=\"2\">\n<div>10W<\/div>\n<\/td>\n<\/tr>\n<tr>\n<td>\n<div>\u0110i\u1ec7n \u00e1p<\/div>\n<\/td>\n<td colspan=\"2\">\n<div>DC 3.2V<\/div>\n<\/td>\n<\/tr>\n<tr>\n<td>\n<div>Dung l\u01b0\u1ee3ng pin<br \/>\n(\u0111i\u1ec7n \u00e1p khi s\u1ea1c \u0111\u1ea7y: 3.65V)<\/div>\n<\/td>\n<td colspan=\"2\">\n<div>110WH<\/div>\n<\/td>\n<\/tr>\n<tr>\n<td>\n<div>B\u1ed9 \u0111i\u1ec1u khi\u1ec3n<\/div>\n<\/td>\n<td colspan=\"2\">\n<div>PWM, 3.2V, 8A<\/div>\n<\/td>\n<\/tr>\n<tr>\n<td>\n<div>T\u1ea5m pin NLMT<\/div>\n<\/td>\n<td colspan=\"2\">\n<div>Mono Panel: 5V\/15W<\/div>\n<\/td>\n<\/tr>\n<tr>\n<td>\n<div>Chip LED<\/div>\n<\/td>\n<td colspan=\"2\">\n<div>San\u2019an 3030<\/div>\n<\/td>\n<\/tr>\n<tr>\n<td>\n<div>Ph\u00e2n b\u1ed1 \u00e1nh s\u00e1ng<\/div>\n<\/td>\n<td colspan=\"2\">\n<div>Ph\u00e2n b\u1ed1 \u00e1nh s\u00e1ng ki\u1ec3u c\u00e1nh d\u01a1i\uff08150\u00b0x75\u00b0\uff09<\/div>\n<\/td>\n<\/tr>\n<tr>\n<td>\n<div>Hi\u1ec7u su\u1ea5t Chip LED<\/div>\n<\/td>\n<td colspan=\"2\">\n<div>&gt;180LM\/W<\/div>\n<\/td>\n<\/tr>\n<tr>\n<td>\n<div>Nhi\u1ec7t \u0111\u1ed9 m\u00e0u<\/div>\n<\/td>\n<td colspan=\"2\">\n<div>6000K<\/div>\n<\/td>\n<\/tr>\n<tr>\n<td>\n<div>Ch\u1ec9 s\u1ed1 ho\u00e0n m\u00e0u<\/div>\n<\/td>\n<td colspan=\"2\">\n<div>Ra\u226570<\/div>\n<\/td>\n<\/tr>\n<tr>\n<td>\n<div>C\u1ea5p b\u1ea3o v\u1ec7 IP<\/div>\n<\/td>\n<td colspan=\"2\">\n<div>IP65<\/div>\n<\/td>\n<\/tr>\n<tr>\n<td>\n<div>C\u1ea5p b\u1ea3o v\u1ec7 IK<\/div>\n<\/td>\n<td colspan=\"2\">\n<div>IK08<\/div>\n<\/td>\n<\/tr>\n<tr>\n<td>\n<div>Nhi\u1ec7t \u0111\u1ed9 ho\u1ea1t \u0111\u1ed9ng<\/div>\n<\/td>\n<td colspan=\"2\">\n<div>-10\u00b0C~+60\u00b0C<\/div>\n<\/td>\n<\/tr>\n<tr>\n<td>\n<div>Kh\u1ed1i l\u01b0\u1ee3ng<\/div>\n<\/td>\n<td colspan=\"2\">\n<div>3.75kg<\/div>\n<\/td>\n<\/tr>\n<tr>\n<td>\n<div>Tu\u1ed5i th\u1ecd LED<\/div>\n<\/td>\n<td colspan=\"2\">\n<div>\u226550000H<\/div>\n<\/td>\n<\/tr>\n<tr>\n<td>\n<div>K\u00edch th\u01b0\u1edbc \u0111\u00e8n<\/div>\n<\/td>\n<td colspan=\"2\">\n<div>660x190x67mm<\/div>\n<\/td>\n<\/tr>\n<tr>\n<td>\n<div>K\u00edch th\u01b0\u1edbc ki\u1ec7n h\u00e0ng<\/div>\n<\/td>\n<td colspan=\"2\">\n<div>771x107x240mm (1pcs\/carton)<\/div>\n<\/td>\n<\/tr>\n<tr>\n<td>\n<div>Ch\u1ebf \u0111\u1ed9 s\u00e1ng<\/div>\n<\/td>\n<td colspan=\"2\">\n<div>0.5 gi\u1edd \u0111\u1ea7u s\u00e1ng 30%; 1 gi\u1edd ti\u1ebfp theo s\u00e1ng 100%;<\/div>\n<div>2.5 gi\u1edd ti\u1ebfp theo s\u00e1ng 50%;\u00a04 gi\u1edd cu\u1ed1i s\u00e1ng 30%<br \/>\n(Ch\u1ebf \u0111\u1ed9 n\u00e0y c\u00f3 th\u1ec3 t\u00f9y ch\u1ec9nh th\u1eddi gian v\u00e0 \u0111\u1ed9 s\u00e1ng theo b\u1ed9 \u0111i\u1ec1u khi\u1ec3n (remote))<\/div>\n<\/td>\n<\/tr>\n<tr>\n<td>\n<div>Th\u1eddi gian ho\u1ea1t \u0111\u1ed9ng \u0111\u1ed9c l\u1eadp<\/div>\n<\/td>\n<td colspan=\"2\">\n<div>2.7 ng\u00e0y<br \/>\n(ng\u00e0y m\u01b0a k\u00e9o d\u00e0i, ho\u00e0n to\u00e0n kh\u00f4ng c\u00f3 n\u1eafng)<\/div>\n<\/td>\n<\/tr>\n<tr>\n<td>\n<div>Chi ti\u1ebft c\u1ed9t \u0111\u00e8n<\/div>\n<\/td>\n<td>\n<div>Lo\u1ea1i treo t\u01b0\u1eddng: L\u1eafp \u0111\u1eb7t b\u1eb1ng bu l\u00f4ng<\/div>\n<\/td>\n<td>\n<div>L\u1eafp \u0111\u1eb7t v\u1edbi tay \u0111\u00e8n 49, d\u00e0i 400mm<\/div>\n<\/td>\n<\/tr>\n<\/tbody>\n<\/table>\n<\/div>\n","protected":false},"featured_media":2619,"comment_status":"open","ping_status":"closed","template":"","meta":{"_eb_attr":""},"product_cat":[68],"product_tag":[],"class_list":{"0":"post-2618","1":"product","2":"type-product","3":"status-publish","4":"has-post-thumbnail","6":"product_cat-sokoyo","7":"pa_gia-khong-lap-dat","8":"pa_gia-lap-dat","10":"first","11":"instock","12":"shipping-taxable","13":"purchasable","14":"product-type-variable"},"yoast_head":"<!-- This site is optimized with the Yoast SEO plugin v20.9 - https:\/\/yoast.com\/wordpress\/plugins\/seo\/ -->\r\n<title>SOKOYO CAPSOL 10W - Thuan Phong Solar Energy<\/title>\r\n<meta name=\"robots\" content=\"index, follow, max-snippet:-1, max-image-preview:large, max-video-preview:-1\" \/>\r\n<link rel=\"canonical\" href=\"https:\/\/tpenergy.com.vn\/?product=sokoyo-capsol-10w\" \/>\r\n<meta property=\"og:locale\" content=\"vi_VN\" \/>\r\n<meta property=\"og:type\" content=\"article\" \/>\r\n<meta property=\"og:title\" content=\"SOKOYO CAPSOL 10W - Thuan Phong Solar Energy\" \/>\r\n<meta property=\"og:description\" content=\"TH\u00d4NG S\u1ed0 K\u1ef8 THU\u1eacT     C\u00f4ng su\u1ea5t:\u00a010 W Pin Lithium LiFePo4:\u00a0110Wh   Th\u01b0\u01a1ng hi\u1ec7u:\u00a0SOKOYO T\u1ea5m pin NLMT:\u00a0Mono Panel: 5V\/15W   D\u00f2ng s\u1ea3n ph\u1ea9m:\u00a0All in One Chip LED:\u00a0San\u2019an 3030          Model  CAPSOL 10W    M\u00e3 s\u1ea3n ph\u1ea9m  M\u00e0u \u0111en: KY-Y-YYB-001 (32650) M\u00e0u v\u00e0ng: KY-Y-YYG-001 (32650)    C\u00f4ng su\u1ea5t  10W    \u0110i\u1ec7n \u00e1p  DC 3.2V    Dung l\u01b0\u1ee3ng pin (\u0111i\u1ec7n \u00e1p khi s\u1ea1c \u0111\u1ea7y: 3.65V)  110WH    B\u1ed9 \u0111i\u1ec1u khi\u1ec3n  PWM, 3.2V, 8A    T\u1ea5m pin NLMT  Mono Panel: 5V\/15W    Chip LED  San\u2019an 3030    Ph\u00e2n b\u1ed1 \u00e1nh s\u00e1ng  Ph\u00e2n b\u1ed1 \u00e1nh s\u00e1ng ki\u1ec3u c\u00e1nh d\u01a1i\uff08150\u00b0x75\u00b0\uff09    Hi\u1ec7u su\u1ea5t Chip LED  &gt;180LM\/W    Nhi\u1ec7t \u0111\u1ed9 m\u00e0u  6000K    Ch\u1ec9 s\u1ed1 ho\u00e0n m\u00e0u  Ra\u226570    C\u1ea5p b\u1ea3o v\u1ec7 IP  IP65    C\u1ea5p b\u1ea3o v\u1ec7 IK  IK08    Nhi\u1ec7t \u0111\u1ed9 ho\u1ea1t \u0111\u1ed9ng  -10\u00b0C~+60\u00b0C    Kh\u1ed1i l\u01b0\u1ee3ng  3.75kg    Tu\u1ed5i th\u1ecd LED  \u226550000H    K\u00edch th\u01b0\u1edbc \u0111\u00e8n  660x190x67mm    K\u00edch th\u01b0\u1edbc ki\u1ec7n h\u00e0ng  771x107x240mm (1pcs\/carton)    Ch\u1ebf \u0111\u1ed9 s\u00e1ng  0.5 gi\u1edd \u0111\u1ea7u s\u00e1ng 30%; 1 gi\u1edd ti\u1ebfp theo s\u00e1ng 100%; 2.5 gi\u1edd ti\u1ebfp theo s\u00e1ng 50%;\u00a04 gi\u1edd cu\u1ed1i s\u00e1ng 30% (Ch\u1ebf \u0111\u1ed9 n\u00e0y c\u00f3 th\u1ec3 t\u00f9y ch\u1ec9nh th\u1eddi gian v\u00e0 \u0111\u1ed9 s\u00e1ng theo b\u1ed9 \u0111i\u1ec1u khi\u1ec3n (remote))    Th\u1eddi gian ho\u1ea1t \u0111\u1ed9ng \u0111\u1ed9c l\u1eadp  2.7 ng\u00e0y (ng\u00e0y m\u01b0a k\u00e9o d\u00e0i, ho\u00e0n to\u00e0n kh\u00f4ng c\u00f3 n\u1eafng)    Chi ti\u1ebft c\u1ed9t \u0111\u00e8n  Lo\u1ea1i treo t\u01b0\u1eddng: L\u1eafp \u0111\u1eb7t b\u1eb1ng bu l\u00f4ng  L\u1eafp \u0111\u1eb7t v\u1edbi tay \u0111\u00e8n 49, d\u00e0i 400mm\" \/>\r\n<meta property=\"og:url\" content=\"https:\/\/tpenergy.com.vn\/?product=sokoyo-capsol-10w\" \/>\r\n<meta property=\"og:site_name\" content=\"Thuan Phong Solar Energy\" \/>\r\n<meta property=\"article:modified_time\" content=\"2023-11-07T09:09:28+00:00\" \/>\r\n<meta property=\"og:image\" content=\"https:\/\/tpenergy.com.vn\/wp-content\/uploads\/2023\/07\/den-led-nang-luong-mat-troi-sokoyo-capsol-10w-h4.png\" \/>\r\n\t<meta property=\"og:image:width\" content=\"517\" \/>\r\n\t<meta property=\"og:image:height\" content=\"401\" \/>\r\n\t<meta property=\"og:image:type\" content=\"image\/png\" \/>\r\n<meta name=\"twitter:card\" content=\"summary_large_image\" \/>\r\n<script type=\"application\/ld+json\" class=\"yoast-schema-graph\">{\"@context\":\"https:\/\/schema.org\",\"@graph\":[{\"@type\":\"WebPage\",\"@id\":\"https:\/\/tpenergy.com.vn\/?product=sokoyo-capsol-10w\",\"url\":\"https:\/\/tpenergy.com.vn\/?product=sokoyo-capsol-10w\",\"name\":\"SOKOYO CAPSOL 10W - Thuan Phong Solar Energy\",\"isPartOf\":{\"@id\":\"https:\/\/tpenergy.com.vn\/#website\"},\"datePublished\":\"2023-07-24T00:59:09+00:00\",\"dateModified\":\"2023-11-07T09:09:28+00:00\",\"breadcrumb\":{\"@id\":\"https:\/\/tpenergy.com.vn\/?product=sokoyo-capsol-10w#breadcrumb\"},\"inLanguage\":\"vi\",\"potentialAction\":[{\"@type\":\"ReadAction\",\"target\":[\"https:\/\/tpenergy.com.vn\/?product=sokoyo-capsol-10w\"]}]},{\"@type\":\"BreadcrumbList\",\"@id\":\"https:\/\/tpenergy.com.vn\/?product=sokoyo-capsol-10w#breadcrumb\",\"itemListElement\":[{\"@type\":\"ListItem\",\"position\":1,\"name\":\"Trang ch\u1ee7\",\"item\":\"https:\/\/tpenergy.com.vn\/\"},{\"@type\":\"ListItem\",\"position\":2,\"name\":\"Shop\",\"item\":\"https:\/\/tpenergy.com.vn\/?page_id=5\"},{\"@type\":\"ListItem\",\"position\":3,\"name\":\"\u0110\u00c8N N\u0102NG L\u01af\u1ee2NG M\u1eb6T TR\u1edcI\",\"item\":\"https:\/\/tpenergy.com.vn\/?product_cat=den-nang-luong-mat-troi\"},{\"@type\":\"ListItem\",\"position\":4,\"name\":\"SOKOYO\",\"item\":\"https:\/\/tpenergy.com.vn\/?product_cat=sokoyo\"},{\"@type\":\"ListItem\",\"position\":5,\"name\":\"SOKOYO CAPSOL 10W\"}]},{\"@type\":\"WebSite\",\"@id\":\"https:\/\/tpenergy.com.vn\/#website\",\"url\":\"https:\/\/tpenergy.com.vn\/\",\"name\":\"Thuan Phong Solar Energy\",\"description\":\"\",\"potentialAction\":[{\"@type\":\"SearchAction\",\"target\":{\"@type\":\"EntryPoint\",\"urlTemplate\":\"https:\/\/tpenergy.com.vn\/?s={search_term_string}\"},\"query-input\":\"required name=search_term_string\"}],\"inLanguage\":\"vi\"}]}<\/script>\r\n<!-- \/ Yoast SEO plugin. -->","yoast_head_json":{"title":"SOKOYO CAPSOL 10W - Thuan Phong Solar Energy","robots":{"index":"index","follow":"follow","max-snippet":"max-snippet:-1","max-image-preview":"max-image-preview:large","max-video-preview":"max-video-preview:-1"},"canonical":"https:\/\/tpenergy.com.vn\/?product=sokoyo-capsol-10w","og_locale":"vi_VN","og_type":"article","og_title":"SOKOYO CAPSOL 10W - Thuan Phong Solar Energy","og_description":"TH\u00d4NG S\u1ed0 K\u1ef8 THU\u1eacT     C\u00f4ng su\u1ea5t:\u00a010 W Pin Lithium LiFePo4:\u00a0110Wh   Th\u01b0\u01a1ng hi\u1ec7u:\u00a0SOKOYO T\u1ea5m pin NLMT:\u00a0Mono Panel: 5V\/15W   D\u00f2ng s\u1ea3n ph\u1ea9m:\u00a0All in One Chip LED:\u00a0San\u2019an 3030          Model  CAPSOL 10W    M\u00e3 s\u1ea3n ph\u1ea9m  M\u00e0u \u0111en: KY-Y-YYB-001 (32650) M\u00e0u v\u00e0ng: KY-Y-YYG-001 (32650)    C\u00f4ng su\u1ea5t  10W    \u0110i\u1ec7n \u00e1p  DC 3.2V    Dung l\u01b0\u1ee3ng pin (\u0111i\u1ec7n \u00e1p khi s\u1ea1c \u0111\u1ea7y: 3.65V)  110WH    B\u1ed9 \u0111i\u1ec1u khi\u1ec3n  PWM, 3.2V, 8A    T\u1ea5m pin NLMT  Mono Panel: 5V\/15W    Chip LED  San\u2019an 3030    Ph\u00e2n b\u1ed1 \u00e1nh s\u00e1ng  Ph\u00e2n b\u1ed1 \u00e1nh s\u00e1ng ki\u1ec3u c\u00e1nh d\u01a1i\uff08150\u00b0x75\u00b0\uff09    Hi\u1ec7u su\u1ea5t Chip LED  &gt;180LM\/W    Nhi\u1ec7t \u0111\u1ed9 m\u00e0u  6000K    Ch\u1ec9 s\u1ed1 ho\u00e0n m\u00e0u  Ra\u226570    C\u1ea5p b\u1ea3o v\u1ec7 IP  IP65    C\u1ea5p b\u1ea3o v\u1ec7 IK  IK08    Nhi\u1ec7t \u0111\u1ed9 ho\u1ea1t \u0111\u1ed9ng  -10\u00b0C~+60\u00b0C    Kh\u1ed1i l\u01b0\u1ee3ng  3.75kg    Tu\u1ed5i th\u1ecd LED  \u226550000H    K\u00edch th\u01b0\u1edbc \u0111\u00e8n  660x190x67mm    K\u00edch th\u01b0\u1edbc ki\u1ec7n h\u00e0ng  771x107x240mm (1pcs\/carton)    Ch\u1ebf \u0111\u1ed9 s\u00e1ng  0.5 gi\u1edd \u0111\u1ea7u s\u00e1ng 30%; 1 gi\u1edd ti\u1ebfp theo s\u00e1ng 100%; 2.5 gi\u1edd ti\u1ebfp theo s\u00e1ng 50%;\u00a04 gi\u1edd cu\u1ed1i s\u00e1ng 30% (Ch\u1ebf \u0111\u1ed9 n\u00e0y c\u00f3 th\u1ec3 t\u00f9y ch\u1ec9nh th\u1eddi gian v\u00e0 \u0111\u1ed9 s\u00e1ng theo b\u1ed9 \u0111i\u1ec1u khi\u1ec3n (remote))    Th\u1eddi gian ho\u1ea1t \u0111\u1ed9ng \u0111\u1ed9c l\u1eadp  2.7 ng\u00e0y (ng\u00e0y m\u01b0a k\u00e9o d\u00e0i, ho\u00e0n to\u00e0n kh\u00f4ng c\u00f3 n\u1eafng)    Chi ti\u1ebft c\u1ed9t \u0111\u00e8n  Lo\u1ea1i treo t\u01b0\u1eddng: L\u1eafp \u0111\u1eb7t b\u1eb1ng bu l\u00f4ng  L\u1eafp \u0111\u1eb7t v\u1edbi tay \u0111\u00e8n 49, d\u00e0i 400mm","og_url":"https:\/\/tpenergy.com.vn\/?product=sokoyo-capsol-10w","og_site_name":"Thuan Phong Solar Energy","article_modified_time":"2023-11-07T09:09:28+00:00","og_image":[{"width":517,"height":401,"url":"https:\/\/tpenergy.com.vn\/wp-content\/uploads\/2023\/07\/den-led-nang-luong-mat-troi-sokoyo-capsol-10w-h4.png","type":"image\/png"}],"twitter_card":"summary_large_image","schema":{"@context":"https:\/\/schema.org","@graph":[{"@type":"WebPage","@id":"https:\/\/tpenergy.com.vn\/?product=sokoyo-capsol-10w","url":"https:\/\/tpenergy.com.vn\/?product=sokoyo-capsol-10w","name":"SOKOYO CAPSOL 10W - Thuan Phong Solar Energy","isPartOf":{"@id":"https:\/\/tpenergy.com.vn\/#website"},"datePublished":"2023-07-24T00:59:09+00:00","dateModified":"2023-11-07T09:09:28+00:00","breadcrumb":{"@id":"https:\/\/tpenergy.com.vn\/?product=sokoyo-capsol-10w#breadcrumb"},"inLanguage":"vi","potentialAction":[{"@type":"ReadAction","target":["https:\/\/tpenergy.com.vn\/?product=sokoyo-capsol-10w"]}]},{"@type":"BreadcrumbList","@id":"https:\/\/tpenergy.com.vn\/?product=sokoyo-capsol-10w#breadcrumb","itemListElement":[{"@type":"ListItem","position":1,"name":"Trang ch\u1ee7","item":"https:\/\/tpenergy.com.vn\/"},{"@type":"ListItem","position":2,"name":"Shop","item":"https:\/\/tpenergy.com.vn\/?page_id=5"},{"@type":"ListItem","position":3,"name":"\u0110\u00c8N N\u0102NG L\u01af\u1ee2NG M\u1eb6T TR\u1edcI","item":"https:\/\/tpenergy.com.vn\/?product_cat=den-nang-luong-mat-troi"},{"@type":"ListItem","position":4,"name":"SOKOYO","item":"https:\/\/tpenergy.com.vn\/?product_cat=sokoyo"},{"@type":"ListItem","position":5,"name":"SOKOYO CAPSOL 10W"}]},{"@type":"WebSite","@id":"https:\/\/tpenergy.com.vn\/#website","url":"https:\/\/tpenergy.com.vn\/","name":"Thuan Phong Solar Energy","description":"","potentialAction":[{"@type":"SearchAction","target":{"@type":"EntryPoint","urlTemplate":"https:\/\/tpenergy.com.vn\/?s={search_term_string}"},"query-input":"required name=search_term_string"}],"inLanguage":"vi"}]}},"_links":{"self":[{"href":"https:\/\/tpenergy.com.vn\/index.php?rest_route=\/wp\/v2\/product\/2618"}],"collection":[{"href":"https:\/\/tpenergy.com.vn\/index.php?rest_route=\/wp\/v2\/product"}],"about":[{"href":"https:\/\/tpenergy.com.vn\/index.php?rest_route=\/wp\/v2\/types\/product"}],"replies":[{"embeddable":true,"href":"https:\/\/tpenergy.com.vn\/index.php?rest_route=%2Fwp%2Fv2%2Fcomments&post=2618"}],"wp:featuredmedia":[{"embeddable":true,"href":"https:\/\/tpenergy.com.vn\/index.php?rest_route=\/wp\/v2\/media\/2619"}],"wp:attachment":[{"href":"https:\/\/tpenergy.com.vn\/index.php?rest_route=%2Fwp%2Fv2%2Fmedia&parent=2618"}],"wp:term":[{"taxonomy":"product_cat","embeddable":true,"href":"https:\/\/tpenergy.com.vn\/index.php?rest_route=%2Fwp%2Fv2%2Fproduct_cat&post=2618"},{"taxonomy":"product_tag","embeddable":true,"href":"https:\/\/tpenergy.com.vn\/index.php?rest_route=%2Fwp%2Fv2%2Fproduct_tag&post=2618"}],"curies":[{"name":"wp","href":"https:\/\/api.w.org\/{rel}","templated":true}]}}