{"id":2406,"date":"2023-07-18T10:42:33","date_gmt":"2023-07-18T03:42:33","guid":{"rendered":"https:\/\/tpenergy.com.vn\/?post_type=product&#038;p=2406"},"modified":"2025-11-13T10:02:54","modified_gmt":"2025-11-13T03:02:54","slug":"inverter-off-grid-epever-3kw-48v-up3000-hm5042rt-u","status":"publish","type":"product","link":"https:\/\/tpenergy.com.vn\/?product=inverter-off-grid-epever-3kw-48v-up3000-hm5042rt-u","title":{"rendered":"Inverter Off-Grid Epever 3KW 48V"},"content":{"rendered":"<p>B\u1ed9 bi\u1ebfn t\u1ea7n \u0111\u1ed9c l\u1eadp\u00a0<strong>Inverter Off-Grid EPEVER 3kW<\/strong>\u00a0c\u00f4ng ngh\u1ec7 m\u1edbi, th\u01b0\u01a1ng hi\u1ec7u r\u1ea5t n\u1ed5i ti\u1ebfng Epever v\u00e0 ch\u1ea5t l\u01b0\u1ee3ng \u0111\u00e3 \u0111\u01b0\u1ee3c ki\u1ec3m ch\u1ee9ng t\u1ea1i th\u1ecb tr\u01b0\u1eddng Vi\u1ec7t Nam v\u00e0 v\u1edbi gi\u00e1 th\u00e0nh ph\u00f9 h\u1ee3p cho qu\u00fd kh\u00e1ch h\u00e0ng:\u00a0<strong>Inverter Off-grid 3kW Epever UP3000-HM5042<\/strong><\/p>\n<blockquote><p>Qu\u00fd kh\u00e1ch h\u00e0ng c\u00f3 nhu c\u1ea7u mua bi\u1ebfn t\u1ea7n \u0111\u1ed9c l\u1eadp\u00a0<strong>Inverter Off-Grid EPEVER 3kW <\/strong>li\u00ean h\u1ec7 <strong>Thu\u1eadn Phong<\/strong> qua hotline: <a href=\"https:\/\/www.facebook.com\/DienMatTroi.SolarQuangBinh\"><span style=\"color: #ff6600\"><strong>0869564567<\/strong><\/span><\/a><\/p><\/blockquote>\n<p>D\u00f2ng UPower-Hi l\u00e0 b\u1ed9 bi\u1ebfn t\u1ea7n s\u1ea1c \u0111\u1ebfn t\u1eeb Eveper h\u1ed7 tr\u1ee3 c\u00e1c ch\u1ebf \u0111\u1ed9 qu\u1ea3n l\u00fd n\u0103ng l\u01b0\u1ee3ng \u0111a d\u1ea1ng khi s\u1ea1c n\u0103ng l\u01b0\u1ee3ng m\u1eb7t tr\u1eddi \/ \u0111i\u1ec7n l\u01b0\u1edbi \/ m\u00e1y ph\u00e1t \/ bi\u1ebfn t\u1ea7n cho t\u1ea3i AC. B\u1ed9 s\u1ea1c bi\u1ebfn t\u1ea7n n\u00e0y ph\u00f9 h\u1ee3p v\u1edbi c\u00e1c h\u1ec7 th\u1ed1ng k\u1ebft h\u1ee3p gi\u1eefa n\u0103ng l\u01b0\u1ee3ng m\u1eb7t tr\u1eddi, \u0111i\u1ec7n l\u01b0\u1edbi\/ m\u00e1y ph\u00e1t \u0111i\u1ec7n ch\u1ea1y d\u1ea7u. M\u1ee5c \u0111\u00edch cung c\u1ea5p cho ng\u01b0\u1eddi d\u00f9ng n\u0103ng l\u01b0\u1ee3ng \u0111i\u1ec7n ch\u1ea5t l\u01b0\u1ee3ng cao, \u0111\u1ed9 \u1ed5n \u0111\u1ecbnh cao v\u00e0 \u0111\u1ed9 tin c\u1eady cao. V\u1edbi hai c\u00f4ng su\u1ea5t t\u00f9y ch\u1ecdn l\u00e0 3000W v\u00e0 5000W t\u00f9y theo nhu c\u1ea7u s\u1eed d\u1ee5ng c\u1ee7a c\u00e1c c\u00f4ng tr\u00ecnh c\u1ee5 th\u1ec3. D\u01b0\u1edbi \u0111\u00e2y l\u00e0 th\u00f4ng tin c\u01a1 b\u1ea3n v\u1ec1<strong> bi\u1ebfn t\u1ea7n s\u1ea1c Eveper 3000W.<\/strong><\/p>\n<h3>1. Th\u00f4ng s\u1ed1 c\u01a1 b\u1ea3n bi\u1ebfn t\u1ea7n s\u1ea1c Eveper 3000W:<\/h3>\n<p><img loading=\"lazy\" decoding=\"async\" class=\"wp-image-4892 aligncenter\" src=\"https:\/\/tpenergy.com.vn\/wp-content\/uploads\/2023\/07\/EPEVER-Datasheet_UP-HI_220V_001.png\" alt=\"\" width=\"621\" height=\"879\" srcset=\"https:\/\/tpenergy.com.vn\/wp-content\/uploads\/2023\/07\/EPEVER-Datasheet_UP-HI_220V_001.png 595w, https:\/\/tpenergy.com.vn\/wp-content\/uploads\/2023\/07\/EPEVER-Datasheet_UP-HI_220V_001-247x350.png 247w, https:\/\/tpenergy.com.vn\/wp-content\/uploads\/2023\/07\/EPEVER-Datasheet_UP-HI_220V_001-510x722.png 510w\" sizes=\"(max-width: 621px) 100vw, 621px\" \/> <img loading=\"lazy\" decoding=\"async\" class=\" wp-image-4893 aligncenter\" src=\"https:\/\/tpenergy.com.vn\/wp-content\/uploads\/2023\/07\/EPEVER-Datasheet_UP-HI_220V_002.png\" alt=\"\" width=\"620\" height=\"877\" srcset=\"https:\/\/tpenergy.com.vn\/wp-content\/uploads\/2023\/07\/EPEVER-Datasheet_UP-HI_220V_002.png 595w, https:\/\/tpenergy.com.vn\/wp-content\/uploads\/2023\/07\/EPEVER-Datasheet_UP-HI_220V_002-247x350.png 247w, https:\/\/tpenergy.com.vn\/wp-content\/uploads\/2023\/07\/EPEVER-Datasheet_UP-HI_220V_002-510x722.png 510w\" sizes=\"(max-width: 620px) 100vw, 620px\" \/><\/p>\n<h3>2. T\u00ednh n\u0103ng n\u1ed5i b\u1eadt c\u1ee7a B\u1ed9 bi\u1ebfn t\u1ea7n \u0111\u1ed9c l\u1eadp <strong>Inverter Off-Grid EPEVER 3kW<\/strong><\/h3>\n<ul>\n<li>H\u1ed7 tr\u1ee3 ch\u1ebf \u0111\u1ed9 ch\u1ea1y c\u00f3 pin l\u01b0u tr\u1eef ho\u1eb7c kh\u00f4ng pin l\u01b0u tr\u1eef (Tu\u1ef3 ch\u1ecdn).<\/li>\n<li>Ch\u1ee9c n\u0103ng b\u1ea3o v\u1ec7 qu\u00e1 d\u00f2ng v\u00e0 b\u1ea3o v\u1ec7 ng\u01b0\u1ee3c c\u1ef1c.<\/li>\n<li>H\u1ed7 tr\u1ee3 ch\u1ea1y chung v\u1edbi pin Litthium lo\u1ea1i 15 cells v\u00e0 16 cells.<\/li>\n<li>Ch\u1ebf \u0111\u1ed9 s\u1ea1c b\u1eb1ng \u0111i\u1ec7n m\u1eb7t tr\u1eddi ho\u1eb7c \u0111i\u1ec7n l\u01b0\u1edbi.<\/li>\n<li>C\u00f3 2 ch\u1ebf \u0111\u1ed9 \u0111\u1ea7u ra AC: \u01afu ti\u00ean \u0111i\u1ec7n l\u01b0\u1edbi v\u00e0 \u01b0u ti\u00ean bi\u1ebfn t\u1ea7n.<\/li>\n<li>Hi\u1ec7u su\u1ea5t s\u1ea1c MPPT cao tr\u00ean\u00a099,5%.<\/li>\n<li>C\u00f4ng ngh\u1ec7 PFC gi\u00fap \u0111\u1ea1t \u0111\u01b0\u1ee3c h\u1ec7 s\u1ed1 c\u00f4ng su\u1ea5t cao khi chuy\u1ec3n t\u1eeb AC sang DC.<\/li>\n<li>C\u00f4ng ngh\u1ec7 SPWM ti\u00ean ti\u1ebfn v\u00e0 cho \u0111\u1ea7u ra s\u00f3ng sin chu\u1ea9n thu\u1ea7n t\u00fay.<\/li>\n<li>Tu\u1ef3 ch\u1ecdn c\u00e0i \u0111\u1eb7t linh ho\u1ea1t tr\u00ean m\u00e0n h\u00ecnh inverter: d\u00f2ng s\u1ea1c, \u0111i\u1ec7n \u00e1p s\u1ea1c, \u0111i\u1ec7n \u00e1p ng\u01b0ng x\u1ea3.<\/li>\n<li>M\u00e0n h\u00ecnh LCD 4,2 inch \u0111\u1ec3 theo d\u00f5i v\u00e0 c\u00e0i \u0111\u1eb7t c\u00e1c th\u00f4ng s\u1ed1 c\u1ee7a h\u1ec7 th\u1ed1ng.<\/li>\n<li>T\u00f9y ch\u1ecdn WiFi ho\u1eb7c GPRS \u0110i\u1ec1u khi\u1ec3n t\u1eeb xa qua c\u1ed5ng giao ti\u1ebfp RS485.<\/li>\n<li>C\u00f3 ch\u00ednh s\u00e1ch b\u1ea3o h\u00e0nh 2 n\u0103m.<\/li>\n<\/ul>\n<h3>3. Gi\u1edbi thi\u1ec7u c\u00f4ng ty Epsolar s\u1ea3n xu\u1ea5t Inverter Off-grid Epever 3kw<\/h3>\n<p>C\u00f4ng ty Epsolar \u0111\u01b0\u1ee3c th\u00e0nh l\u1eadp v\u00e0o th\u00e1ng 3 n\u0103m 2007 v\u1edbi v\u1ed1n \u0111\u0103ng k\u00fd h\u01a1n 30 tri\u1ec7u RMB. Epsolar l\u00e0 m\u1ed9t doanh nghi\u1ec7p m\u1edbi v\u00e0 c\u00f4ng ngh\u1ec7 cao chuy\u00ean nghi\u00ean c\u1ee9u, s\u1ea3n xu\u1ea5t v\u00e0 ti\u1ebfp th\u1ecb c\u00e1c s\u1ea3n ph\u1ea9m \u0111i\u1ec7n. Bi\u1ebfn t\u1ea7n \u0111\u1ed9c l\u1eadp EPEVER 3kW<\/p>\n<p>Epsolar cung c\u1ea5p c\u00e1c s\u1ea3n ph\u1ea9m bao g\u1ed3m b\u1ed9 \u0111i\u1ec1u khi\u1ec3n s\u1ea1c n\u0103ng l\u01b0\u1ee3ng m\u1eb7t tr\u1eddi, Inverter \u0111\u1ed9c l\u1eadp kh\u00f4ng n\u1ed1i l\u01b0\u1edbi, B\u1ed9 \u0111i\u1ec1u khi\u1ec3n \u0111\u00e8n LED v\u00e0 c\u00e1c b\u1ed9 ngu\u1ed3n \u0111\u1eb7c bi\u1ec7t, v.v., c\u0169ng nh\u01b0 thi\u1ebft k\u1ebf v\u00e0 cung c\u1ea5p c\u00e1c h\u1ec7 th\u1ed1ng \u1ee9ng d\u1ee5ng n\u0103ng l\u01b0\u1ee3ng m\u1eb7t tr\u1eddi c\u00f3 li\u00ean quan. C\u00f4ng ty \u0111\u00e3 \u0111\u1ea1t ch\u1ee9ng ch\u1ec9\u00a0ISO9001: 2008, v\u00e0 c\u00e1c s\u1ea3n ph\u1ea9m \u0111\u00e3 \u0111\u1ea1t ch\u1ee9ng ch\u1ec9\u00a0CGC-SOLAR, CE, ROSH, FCC v\u00e0 ETL, c\u0169ng nh\u01b0 c\u00e1c ch\u1ee9ng nh\u1eadn c\u00f3 th\u1ea9m quy\u1ec1n trong n\u01b0\u1edbc v\u00e0 qu\u1ed1c t\u1ebf c\u00f9ng m\u1ed9t s\u1ed1 b\u1eb1ng s\u00e1ng ch\u1ebf. S\u1ea3n ph\u1ea9m \u0111\u00e3 \u0111\u01b0\u1ee3c \u1ee9ng d\u1ee5ng r\u1ed9ng r\u00e3i v\u00e0 \u0111\u01b0\u1ee3c \u0111\u00e1nh gi\u00e1 cao t\u1ea1i m\u1ed9t s\u1ed1 d\u1ef1 \u00e1n l\u1edbn trong v\u00e0 ngo\u00e0i n\u01b0\u1edbc. V\u00e0 b\u00e1n \u1edf h\u01a1n 120 qu\u1ed1c gia v\u00e0 khu v\u1ef1c n\u01b0\u1edbc ngo\u00e0i.<\/p>\n<p>V\u00e0o th\u00e1ng 7 n\u0103m 2014, Epsolar th\u00e0nh l\u1eadp chi nh\u00e1nh Th\u00e2m Quy\u1ebfn l\u00e0m c\u01a1 s\u1edf s\u1ea3n xu\u1ea5t c\u1ee7a m\u00ecnh. V\u00e0o th\u00e1ng 8 n\u0103m 2014, Epsolar \u0111\u00e3 \u0111\u01b0\u1ee3c ni\u00eam y\u1ebft tr\u00ean s\u00e0n giao d\u1ecbch v\u00e0 b\u00e1o gi\u00e1 ch\u1ee9ng kho\u00e1n qu\u1ed1c gia v\u00e0 \u0111\u01b0\u1ee3c tung ra th\u1ecb tr\u01b0\u1eddng v\u1ed1n th\u00e0nh c\u00f4ng<\/p>\n<h3>4. \u0110\u01a1n v\u1ecb ph\u00e2n ph\u1ed1i Inverter Off-grid EPEVER uy t\u00edn:<\/h3>\n<p>Thu\u1eadn Phong chuy\u00ean ph\u00e2n ph\u1ed1i thi\u1ebft b\u1ecb \u0110i\u1ec7n n\u0103ng l\u01b0\u1ee3ng m\u1eb7t tr\u1eddi c\u1ee7a Epever nh\u01b0<a href=\"https:\/\/tpenergy.com.vn\/?product_cat=bo-sac\"> <strong>b\u1ed9 \u0111i\u1ec1u khi\u1ec3n s\u1ea1c n\u0103ng l\u01b0\u1ee3ng m\u1eb7t tr\u1eddi<\/strong><\/a>, k\u00edch \u0111i\u1ec7n 12V l\u00ean 220V, Bi\u1ebfn t\u1ea7n \u0111\u1ed9c l\u1eadp EPVER 3kW v\u00e0 5kW tr\u00ean to\u00e0n qu\u1ed1c. Bi\u1ebfn t\u1ea7n \u0111\u1ed9c l\u1eadp EPEVER 3kW ch\u1ea5t l\u01b0\u1ee3ng cao.<\/p>\n<div dir=\"auto\">\n<div dir=\"auto\">\u2014\u2014\u2014\u2014\u2014\u2014\u2014\u2014\u2014\u2014\u2014\u2013<\/div>\n<div dir=\"auto\"><a href=\"https:\/\/www.facebook.com\/DienMatTroi.SolarQuangBinh\">CH\u1eccN THU\u1eacN PHONG \u2013 CH\u1eccN S\u1ef0 AN T\u00c2M<\/a><br \/>\nHotline: 0869.564.567<br \/>\nKinh doanh: 0867.577.357<br \/>\nK\u1ef9 thu\u1eadt: 0899.768.777<br \/>\nService: 0867.118.636<br \/>\nTr\u1ee5 s\u1edf ch\u00ednh: 30 Nguy\u1ec5n H\u1eefu D\u1eadt, ph\u01b0\u1eddng \u0110\u1ed3ng H\u1edbi, t\u1ec9nh Qu\u1ea3ng Tr\u1ecb, Vi\u1ec7t Nam<br \/>\nTr\u1ee5 s\u1edf H\u00e0 N\u1ed9i: Nh\u00e0 ph\u1ed1 th\u01b0\u01a1ng m\u1ea1i Khai S\u01a1n Town s\u1ed1 18 thu\u1ed9c Town 7, khu \u0111\u00f4 th\u1ecb Khai S\u01a1n City, ph\u01b0\u1eddng B\u1ed3 \u0110\u1ec1, Th\u00e0nh ph\u1ed1 H\u00e0 N\u1ed9i<br \/>\nWebsite:\u00a0<a href=\"https:\/\/tpenergy.com.vn\/\">https:\/\/tpenergy.com.vn\/<\/a><br \/>\nShopee:\u00a0<a href=\"https:\/\/shopee.vn\/thuanphongenergy?entryPoint=ShopBySearch&amp;searchKeyword=thu%E1%BA%ADn%20phong%20solar%20energy\">https:\/\/byvn.net\/E1oJ<\/a><br \/>\nLazada:\u00a0<a href=\"https:\/\/byvn.net\/VYPr\">https:\/\/byvn.net\/VYPr<\/a><\/div>\n<div class=\"blog-share text-center\">\n<div class=\"social-icons share-icons share-row relative\"><\/div>\n<\/div>\n<\/div>\n","protected":false},"excerpt":{"rendered":"<h3>V\u1ec1 s\u1ea3n ph\u1ea9m:<\/h3>\n<ul>\n<li>C\u00f4ng su\u1ea5t \u0111\u1ea7u ra: 3000W<\/li>\n<li>\u0110i\u1ec7n \u00e1p battery: 48V<\/li>\n<li>Theo ti\u00eau chu\u1ea9n: IP30<\/li>\n<li>K\u00edch th\u01b0\u1edbc: 607mm x 382mm x 149mm<\/li>\n<li>Kh\u1ed1i L\u01b0\u1ee3ng: 18kg<\/li>\n<li>B\u1ea3o h\u00e0nh: 2 n\u0103m<\/li>\n<\/ul>\n<h3><strong>\u00a0 <i class=\"fas fa-download\"><\/i> Download\u00a0 \u00a0\u00a0<\/strong><\/h3>\n<ul>\n<li><a href=\"https:\/\/tpenergy.com.vn\/wp-content\/uploads\/2023\/07\/EPEVER-Datasheet_UP-HI_220V-1.pdf\">DATASHEET<\/a><\/li>\n<\/ul>\n","protected":false},"featured_media":4896,"comment_status":"open","ping_status":"closed","template":"","meta":{"_eb_attr":""},"product_cat":[41],"product_tag":[],"class_list":{"0":"post-2406","1":"product","2":"type-product","3":"status-publish","4":"has-post-thumbnail","6":"product_cat-epever","7":"pa_gia-khong-lap-dat","8":"pa_gia-lap-dat","10":"first","11":"instock","12":"shipping-taxable","13":"purchasable","14":"product-type-variable"},"yoast_head":"<!-- This site is optimized with the Yoast SEO plugin v20.9 - https:\/\/yoast.com\/wordpress\/plugins\/seo\/ -->\r\n<title>Inverter Off-Grid Epever 3KW 48V | Thu\u1eadn Phong Energy<\/title>\r\n<meta name=\"description\" content=\"B\u1ed9 bi\u1ebfn t\u1ea7n \u0111\u1ed9c l\u1eadp\u00a0Inverter Off-Grid Epever 3KW 48V\u00a0c\u00f4ng ngh\u1ec7 m\u1edbi, th\u01b0\u01a1ng hi\u1ec7u r\u1ea5t n\u1ed5i ti\u1ebfng Epever v\u00e0 ch\u1ea5t l\u01b0\u1ee3ng \u0111\u00e3 \u0111\u01b0\u1ee3c ki\u1ec3m ch\u1ee9ng t\u1ea1i th\u1ecb tr\u01b0\u1eddng Vi\u1ec7t\" \/>\r\n<meta name=\"robots\" content=\"index, follow, max-snippet:-1, max-image-preview:large, max-video-preview:-1\" \/>\r\n<link rel=\"canonical\" href=\"https:\/\/tpenergy.com.vn\/?product=inverter-off-grid-epever-3kw-48v-up3000-hm5042rt-u\" \/>\r\n<meta property=\"og:locale\" content=\"vi_VN\" \/>\r\n<meta property=\"og:type\" content=\"article\" \/>\r\n<meta property=\"og:title\" content=\"Inverter Off-Grid Epever 3KW 48V | Thu\u1eadn Phong Energy\" \/>\r\n<meta property=\"og:description\" content=\"B\u1ed9 bi\u1ebfn t\u1ea7n \u0111\u1ed9c l\u1eadp\u00a0Inverter Off-Grid Epever 3KW 48V\u00a0c\u00f4ng ngh\u1ec7 m\u1edbi, th\u01b0\u01a1ng hi\u1ec7u r\u1ea5t n\u1ed5i ti\u1ebfng Epever v\u00e0 ch\u1ea5t l\u01b0\u1ee3ng \u0111\u00e3 \u0111\u01b0\u1ee3c ki\u1ec3m ch\u1ee9ng t\u1ea1i th\u1ecb tr\u01b0\u1eddng Vi\u1ec7t\" \/>\r\n<meta property=\"og:url\" content=\"https:\/\/tpenergy.com.vn\/?product=inverter-off-grid-epever-3kw-48v-up3000-hm5042rt-u\" \/>\r\n<meta property=\"og:site_name\" content=\"Thuan Phong Solar Energy\" \/>\r\n<meta property=\"article:modified_time\" content=\"2025-11-13T03:02:54+00:00\" \/>\r\n<meta property=\"og:image\" content=\"https:\/\/tpenergy.com.vn\/wp-content\/uploads\/2023\/07\/w_UP-Hi-Front.jpg\" \/>\r\n\t<meta property=\"og:image:width\" content=\"2084\" \/>\r\n\t<meta property=\"og:image:height\" content=\"2084\" \/>\r\n\t<meta property=\"og:image:type\" content=\"image\/jpeg\" \/>\r\n<meta name=\"twitter:card\" content=\"summary_large_image\" \/>\r\n<meta name=\"twitter:label1\" content=\"\u01af\u1edbc t\u00ednh th\u1eddi gian \u0111\u1ecdc\" \/>\n\t<meta name=\"twitter:data1\" content=\"5 ph\u00fat\" \/>\r\n<script type=\"application\/ld+json\" class=\"yoast-schema-graph\">{\"@context\":\"https:\/\/schema.org\",\"@graph\":[{\"@type\":\"WebPage\",\"@id\":\"https:\/\/tpenergy.com.vn\/?product=inverter-off-grid-epever-3kw-48v-up3000-hm5042rt-u\",\"url\":\"https:\/\/tpenergy.com.vn\/?product=inverter-off-grid-epever-3kw-48v-up3000-hm5042rt-u\",\"name\":\"Inverter Off-Grid Epever 3KW 48V | Thu\u1eadn Phong Energy\",\"isPartOf\":{\"@id\":\"https:\/\/tpenergy.com.vn\/#website\"},\"datePublished\":\"2023-07-18T03:42:33+00:00\",\"dateModified\":\"2025-11-13T03:02:54+00:00\",\"description\":\"B\u1ed9 bi\u1ebfn t\u1ea7n \u0111\u1ed9c l\u1eadp\u00a0Inverter Off-Grid Epever 3KW 48V\u00a0c\u00f4ng ngh\u1ec7 m\u1edbi, th\u01b0\u01a1ng hi\u1ec7u r\u1ea5t n\u1ed5i ti\u1ebfng Epever v\u00e0 ch\u1ea5t l\u01b0\u1ee3ng \u0111\u00e3 \u0111\u01b0\u1ee3c ki\u1ec3m ch\u1ee9ng t\u1ea1i th\u1ecb tr\u01b0\u1eddng Vi\u1ec7t\",\"breadcrumb\":{\"@id\":\"https:\/\/tpenergy.com.vn\/?product=inverter-off-grid-epever-3kw-48v-up3000-hm5042rt-u#breadcrumb\"},\"inLanguage\":\"vi\",\"potentialAction\":[{\"@type\":\"ReadAction\",\"target\":[\"https:\/\/tpenergy.com.vn\/?product=inverter-off-grid-epever-3kw-48v-up3000-hm5042rt-u\"]}]},{\"@type\":\"BreadcrumbList\",\"@id\":\"https:\/\/tpenergy.com.vn\/?product=inverter-off-grid-epever-3kw-48v-up3000-hm5042rt-u#breadcrumb\",\"itemListElement\":[{\"@type\":\"ListItem\",\"position\":1,\"name\":\"Trang ch\u1ee7\",\"item\":\"https:\/\/tpenergy.com.vn\/\"},{\"@type\":\"ListItem\",\"position\":2,\"name\":\"Shop\",\"item\":\"https:\/\/tpenergy.com.vn\/?page_id=5\"},{\"@type\":\"ListItem\",\"position\":3,\"name\":\"BI\u1ebeN T\u1ea6N\",\"item\":\"https:\/\/tpenergy.com.vn\/?product_cat=bien-tan\"},{\"@type\":\"ListItem\",\"position\":4,\"name\":\"EPEVER\",\"item\":\"https:\/\/tpenergy.com.vn\/?product_cat=epever\"},{\"@type\":\"ListItem\",\"position\":5,\"name\":\"Inverter Off-Grid Epever 3KW 48V\"}]},{\"@type\":\"WebSite\",\"@id\":\"https:\/\/tpenergy.com.vn\/#website\",\"url\":\"https:\/\/tpenergy.com.vn\/\",\"name\":\"Thuan Phong Solar Energy\",\"description\":\"\",\"potentialAction\":[{\"@type\":\"SearchAction\",\"target\":{\"@type\":\"EntryPoint\",\"urlTemplate\":\"https:\/\/tpenergy.com.vn\/?s={search_term_string}\"},\"query-input\":\"required name=search_term_string\"}],\"inLanguage\":\"vi\"}]}<\/script>\r\n<!-- \/ Yoast SEO plugin. -->","yoast_head_json":{"title":"Inverter Off-Grid Epever 3KW 48V | Thu\u1eadn Phong Energy","description":"B\u1ed9 bi\u1ebfn t\u1ea7n \u0111\u1ed9c l\u1eadp\u00a0Inverter Off-Grid Epever 3KW 48V\u00a0c\u00f4ng ngh\u1ec7 m\u1edbi, th\u01b0\u01a1ng hi\u1ec7u r\u1ea5t n\u1ed5i ti\u1ebfng Epever v\u00e0 ch\u1ea5t l\u01b0\u1ee3ng \u0111\u00e3 \u0111\u01b0\u1ee3c ki\u1ec3m ch\u1ee9ng t\u1ea1i th\u1ecb tr\u01b0\u1eddng Vi\u1ec7t","robots":{"index":"index","follow":"follow","max-snippet":"max-snippet:-1","max-image-preview":"max-image-preview:large","max-video-preview":"max-video-preview:-1"},"canonical":"https:\/\/tpenergy.com.vn\/?product=inverter-off-grid-epever-3kw-48v-up3000-hm5042rt-u","og_locale":"vi_VN","og_type":"article","og_title":"Inverter Off-Grid Epever 3KW 48V | Thu\u1eadn Phong Energy","og_description":"B\u1ed9 bi\u1ebfn t\u1ea7n \u0111\u1ed9c l\u1eadp\u00a0Inverter Off-Grid Epever 3KW 48V\u00a0c\u00f4ng ngh\u1ec7 m\u1edbi, th\u01b0\u01a1ng hi\u1ec7u r\u1ea5t n\u1ed5i ti\u1ebfng Epever v\u00e0 ch\u1ea5t l\u01b0\u1ee3ng \u0111\u00e3 \u0111\u01b0\u1ee3c ki\u1ec3m ch\u1ee9ng t\u1ea1i th\u1ecb tr\u01b0\u1eddng Vi\u1ec7t","og_url":"https:\/\/tpenergy.com.vn\/?product=inverter-off-grid-epever-3kw-48v-up3000-hm5042rt-u","og_site_name":"Thuan Phong Solar Energy","article_modified_time":"2025-11-13T03:02:54+00:00","og_image":[{"width":2084,"height":2084,"url":"https:\/\/tpenergy.com.vn\/wp-content\/uploads\/2023\/07\/w_UP-Hi-Front.jpg","type":"image\/jpeg"}],"twitter_card":"summary_large_image","twitter_misc":{"\u01af\u1edbc t\u00ednh th\u1eddi gian \u0111\u1ecdc":"5 ph\u00fat"},"schema":{"@context":"https:\/\/schema.org","@graph":[{"@type":"WebPage","@id":"https:\/\/tpenergy.com.vn\/?product=inverter-off-grid-epever-3kw-48v-up3000-hm5042rt-u","url":"https:\/\/tpenergy.com.vn\/?product=inverter-off-grid-epever-3kw-48v-up3000-hm5042rt-u","name":"Inverter Off-Grid Epever 3KW 48V | Thu\u1eadn Phong Energy","isPartOf":{"@id":"https:\/\/tpenergy.com.vn\/#website"},"datePublished":"2023-07-18T03:42:33+00:00","dateModified":"2025-11-13T03:02:54+00:00","description":"B\u1ed9 bi\u1ebfn t\u1ea7n \u0111\u1ed9c l\u1eadp\u00a0Inverter Off-Grid Epever 3KW 48V\u00a0c\u00f4ng ngh\u1ec7 m\u1edbi, th\u01b0\u01a1ng hi\u1ec7u r\u1ea5t n\u1ed5i ti\u1ebfng Epever v\u00e0 ch\u1ea5t l\u01b0\u1ee3ng \u0111\u00e3 \u0111\u01b0\u1ee3c ki\u1ec3m ch\u1ee9ng t\u1ea1i th\u1ecb tr\u01b0\u1eddng Vi\u1ec7t","breadcrumb":{"@id":"https:\/\/tpenergy.com.vn\/?product=inverter-off-grid-epever-3kw-48v-up3000-hm5042rt-u#breadcrumb"},"inLanguage":"vi","potentialAction":[{"@type":"ReadAction","target":["https:\/\/tpenergy.com.vn\/?product=inverter-off-grid-epever-3kw-48v-up3000-hm5042rt-u"]}]},{"@type":"BreadcrumbList","@id":"https:\/\/tpenergy.com.vn\/?product=inverter-off-grid-epever-3kw-48v-up3000-hm5042rt-u#breadcrumb","itemListElement":[{"@type":"ListItem","position":1,"name":"Trang ch\u1ee7","item":"https:\/\/tpenergy.com.vn\/"},{"@type":"ListItem","position":2,"name":"Shop","item":"https:\/\/tpenergy.com.vn\/?page_id=5"},{"@type":"ListItem","position":3,"name":"BI\u1ebeN T\u1ea6N","item":"https:\/\/tpenergy.com.vn\/?product_cat=bien-tan"},{"@type":"ListItem","position":4,"name":"EPEVER","item":"https:\/\/tpenergy.com.vn\/?product_cat=epever"},{"@type":"ListItem","position":5,"name":"Inverter Off-Grid Epever 3KW 48V"}]},{"@type":"WebSite","@id":"https:\/\/tpenergy.com.vn\/#website","url":"https:\/\/tpenergy.com.vn\/","name":"Thuan Phong Solar Energy","description":"","potentialAction":[{"@type":"SearchAction","target":{"@type":"EntryPoint","urlTemplate":"https:\/\/tpenergy.com.vn\/?s={search_term_string}"},"query-input":"required name=search_term_string"}],"inLanguage":"vi"}]}},"_links":{"self":[{"href":"https:\/\/tpenergy.com.vn\/index.php?rest_route=\/wp\/v2\/product\/2406"}],"collection":[{"href":"https:\/\/tpenergy.com.vn\/index.php?rest_route=\/wp\/v2\/product"}],"about":[{"href":"https:\/\/tpenergy.com.vn\/index.php?rest_route=\/wp\/v2\/types\/product"}],"replies":[{"embeddable":true,"href":"https:\/\/tpenergy.com.vn\/index.php?rest_route=%2Fwp%2Fv2%2Fcomments&post=2406"}],"wp:featuredmedia":[{"embeddable":true,"href":"https:\/\/tpenergy.com.vn\/index.php?rest_route=\/wp\/v2\/media\/4896"}],"wp:attachment":[{"href":"https:\/\/tpenergy.com.vn\/index.php?rest_route=%2Fwp%2Fv2%2Fmedia&parent=2406"}],"wp:term":[{"taxonomy":"product_cat","embeddable":true,"href":"https:\/\/tpenergy.com.vn\/index.php?rest_route=%2Fwp%2Fv2%2Fproduct_cat&post=2406"},{"taxonomy":"product_tag","embeddable":true,"href":"https:\/\/tpenergy.com.vn\/index.php?rest_route=%2Fwp%2Fv2%2Fproduct_tag&post=2406"}],"curies":[{"name":"wp","href":"https:\/\/api.w.org\/{rel}","templated":true}]}}