{"id":4736,"date":"2024-05-16T15:36:33","date_gmt":"2024-05-16T08:36:33","guid":{"rendered":"https:\/\/tpenergy.com.vn\/?page_id=4736"},"modified":"2024-05-16T15:38:09","modified_gmt":"2024-05-16T08:38:09","slug":"chinh-sach-kiem-hang","status":"publish","type":"page","link":"https:\/\/tpenergy.com.vn\/?page_id=4736","title":{"rendered":"Ch\u00ednh s\u00e1ch ki\u1ec3m h\u00e0ng"},"content":{"rendered":"<p><strong>Th\u1eddi \u0111i\u1ec3m ki\u1ec3m h\u00e0ng.<\/strong><\/p>\n<p><span style=\"font-weight: 400;\">Thu\u1eadn Phong Energy ch\u1ea5p nh\u1eadn cho kh\u00e1ch h\u00e0ng \u0111\u1ed3ng ki\u1ec3m v\u1edbi nh\u00e2n vi\u00ean giao h\u00e0ng t\u1ea1i th\u1eddi \u0111i\u1ec3m nh\u1eadn h\u00e0ng. Kh\u00f4ng h\u1ed7 tr\u1ee3 th\u1eed h\u00e0ng.<\/span><\/p>\n<p><span style=\"font-weight: 400;\">Sau khi nh\u1eadn h\u00e0ng, kh\u00e1ch h\u00e0ng ki\u1ec3m l\u1ea1i ph\u00e1t hi\u1ec7n sai, c\u00f3 th\u1ec3 li\u00ean l\u1ea1c v\u1edbi b\u1ed9 ph\u1eadn ch\u0103m s\u00f3c kh\u00e1ch h\u00e0ng \u0111\u1ec3 \u0111\u01b0\u1ee3c h\u1ed7 tr\u1ee3 \u0111\u1ed5i tr\u1ea3. L\u01b0u \u00fd, qu\u00fd kh\u00e1ch quay video l\u00fac m\u1edf th\u00f9ng h\u00e0ng \u0111\u1ec3 \u0111\u1ed1i chi\u1ebfu khi c\u1ea7n thi\u1ebft.<\/span><\/p>\n<p><strong>Ph\u1ea1m vi ki\u1ec3m tra h\u00e0ng h\u00f3a.<\/strong><\/p>\n<p><span style=\"font-weight: 400;\">Kh\u00e1ch h\u00e0ng \u0111\u01b0\u1ee3c ki\u1ec3m tra c\u00e1c s\u1ea3n ph\u1ea9m th\u1ef1c nh\u1eadn, \u0111\u1ed1i chi\u1ebfu, so s\u00e1nh c\u00e1c s\u1ea3n ph\u1ea9m nh\u1eadn \u0111\u01b0\u1ee3c v\u1edbi s\u1ea3n ph\u1ea9m \u0111\u00e3 \u0111\u1eb7t tr\u00ean \u0111\u01a1n sau khi nh\u00e2n vi\u00ean Thu\u1eadn Phong Energy x\u00e1c nh\u1eadn \u0111\u01a1n h\u00e0ng theo c\u00e1c ti\u00eau ch\u00ed: \u1ea3nh m\u1eabu, m\u00e3 s\u1ea3n ph\u1ea9m, k\u00edch th\u01b0\u1edbc, m\u00e0u s\u1eafc. ch\u1ea5t li\u1ec7u\u2026<\/span><\/p>\n<p><span style=\"font-weight: 400;\">Tuy\u1ec7t \u0111\u1ed1i kh\u00f4ng b\u00f3c, m\u1edf c\u00e1c h\u1ed9p s\u1ea3n ph\u1ea9m c\u00f3 tem ni\u00eam phong, tem \u0111\u1ea3m b\u1ea3o.<\/span><\/p>\n<p><span style=\"font-weight: 400;\">Kh\u00f4ng \u0111\u01b0\u1ee3c c\u00e0o l\u1ea5y m\u00e3 c\u00e1c s\u1ea3n ph\u1ea9m c\u00f3 t\u00edch \u0111i\u1ec3m, \u0111\u1ed5i qu\u00e0. N\u1ebfu b\u00ean giao h\u00e0ng kh\u00f4ng c\u00f3 ch\u1ee9ng t\u1eeb, ho\u00e1 \u0111\u01a1n, &#8230; th\u00ec KH c\u00f3 th\u1ec3 ho\u00e0n tr\u1ea3 h\u00e0ng mi\u1ec5n ph\u00ed ho\u1eb7c t\u1eeb ch\u1ed1i nh\u1eadn h\u00e0ng ngay t\u1eeb \u0111\u1ea7u.<\/span><\/p>\n<p><strong>C\u00e1c b\u01b0\u1edbc x\u1eed l\u00fd khi h\u00e0ng h\u00f3a nh\u1eadn \u0111\u01b0\u1ee3c kh\u00f4ng nh\u01b0 \u0111\u01a1n \u0111\u1eb7t h\u00e0ng.<\/strong><\/p>\n<p><span style=\"font-weight: 400;\">Khi qu\u00fd kh\u00e1ch \u0111\u1ed3ng ki\u1ec3m, s\u1ea3n ph\u1ea9m nh\u1eadn \u0111\u01b0\u1ee3c kh\u00f4ng nh\u01b0 s\u1ea3n ph\u1ea9m kh\u00e1ch \u0111\u1eb7t tr\u00ean \u0111\u01a1n h\u00e0ng. Xin h\u00e3y li\u00ean h\u1ec7 v\u1edbi hotline 0869 56 4567 ho\u1eb7c Email: info@tp-electric.vn \u0111\u1ec3 \u0111\u01b0\u1ee3c g\u1eb7p b\u1ed9 ph\u1eadn ch\u0103m s\u00f3c kh\u00e1ch h\u00e0ng x\u00e1c nh\u1eadn l\u1ea1i \u0111\u01a1n h\u00e0ng.<\/span><\/p>\n<p><span style=\"font-weight: 400;\">Tr\u01b0\u1eddng h\u1ee3p Thu\u1eadn Phong Energy \u0111\u00f3ng sai \u0111\u01a1n h\u00e0ng theo y\u00eau c\u1ea7u c\u1ee7a kh\u00e1ch, kh\u00e1ch c\u00f3 th\u1ec3 kh\u00f4ng nh\u1eadn h\u00e0ng, kh\u00f4ng thanh to\u00e1n. Trong tr\u01b0\u1eddng h\u1ee3p \u0111\u01a1n h\u00e0ng \u0111\u00e3 thanh to\u00e1n, kh\u00e1ch h\u00e0ng c\u00f3 th\u1ec3 y\u00eau c\u1ea7u g\u1eedi l\u1ea1i \u0111\u01a1n m\u1edbi ho\u1eb7c kh\u00f4ng, Thu\u1eadn Phong Energy s\u1ebd ho\u00e0n l\u1ea1i ti\u1ec1n cho qu\u00fd kh\u00e1ch trong th\u1eddi gian s\u1edbm nh\u1ea5t.<\/span><\/p>\n<p><span style=\"font-weight: 400;\">Tr\u01b0\u1eddng h\u1ee3p Thu\u1eadn Phong Energy \u0111\u00f3ng h\u00e0ng \u0111\u00fang theo \u0111\u01a1n h\u00e0ng, nh\u01b0ng kh\u00e1ch h\u00e0ng thay \u0111\u1ed5i nhu c\u1ea7u, kh\u00e1ch h\u00e0ng c\u00f3 th\u1ec3 y\u00eau c\u1ea7u \u0111\u1ed5i tr\u1ea3 v\u00e0 \u00e1p d\u1ee5ng ch\u00ednh s\u00e1ch \u0111\u1ed5i tr\u1ea3 h\u00e0ng h\u00f3a. Tr\u01b0\u1eddng h\u1ee3p n\u00e0y kh\u00e1ch h\u00e0ng s\u1ebd thanh to\u00e1n chi ph\u00ed giao h\u00e0ng (n\u1ebfu c\u00f3).<\/span><\/p>\n<p><strong>C\u00e1c k\u00eanh th\u00f4ng tin ti\u1ebfp nh\u1eadn khi\u1ebfu n\u1ea1i c\u1ee7a kh\u00e1ch h\u00e0ng.<\/strong><\/p>\n<p><span style=\"font-weight: 400;\">Ng\u01b0\u1eddi d\u00f9ng c\u00f3 th\u1ec3 g\u1eedi email t\u1edbi \u0111\u1ecba ch\u1ec9 info@tp-electric.vn ho\u1eb7c g\u1ecdi \u0111i\u1ec7n t\u1edbi Hotline 0869 56 4567\u0111\u1ec3 \u0111i\u1ec1u ch\u1ec9nh ho\u1eb7c x\u00f3a \u0111i d\u1eef li\u1ec7u c\u00e1 nh\u00e2n c\u1ee7a m\u00ecnh.<\/span><\/p>\n","protected":false},"excerpt":{"rendered":"<p>Th\u1eddi \u0111i\u1ec3m ki\u1ec3m h\u00e0ng. Thu\u1eadn Phong Energy ch\u1ea5p nh\u1eadn cho kh\u00e1ch h\u00e0ng \u0111\u1ed3ng ki\u1ec3m v\u1edbi nh\u00e2n vi\u00ean giao h\u00e0ng t\u1ea1i th\u1eddi \u0111i\u1ec3m nh\u1eadn h\u00e0ng. Kh\u00f4ng h\u1ed7 tr\u1ee3 th\u1eed h\u00e0ng. Sau khi nh\u1eadn h\u00e0ng, kh\u00e1ch h\u00e0ng ki\u1ec3m l\u1ea1i ph\u00e1t hi\u1ec7n sai, c\u00f3 th\u1ec3 li\u00ean l\u1ea1c v\u1edbi b\u1ed9 ph\u1eadn ch\u0103m s\u00f3c kh\u00e1ch h\u00e0ng \u0111\u1ec3 \u0111\u01b0\u1ee3c h\u1ed7 tr\u1ee3&#8230;<\/p>\n","protected":false},"author":4,"featured_media":0,"parent":0,"menu_order":0,"comment_status":"closed","ping_status":"closed","template":"","meta":{"_eb_attr":"","footnotes":""},"class_list":["post-4736","page","type-page","status-publish","hentry"],"yoast_head":"<!-- This site is optimized with the Yoast SEO plugin v20.9 - https:\/\/yoast.com\/wordpress\/plugins\/seo\/ -->\r\n<title>Ch\u00ednh s\u00e1ch ki\u1ec3m h\u00e0ng - Thuan Phong Solar Energy<\/title>\r\n<meta name=\"robots\" content=\"index, follow, max-snippet:-1, max-image-preview:large, max-video-preview:-1\" \/>\r\n<link rel=\"canonical\" href=\"https:\/\/tpenergy.com.vn\/?page_id=4736\" \/>\r\n<meta property=\"og:locale\" content=\"vi_VN\" \/>\r\n<meta property=\"og:type\" content=\"article\" \/>\r\n<meta property=\"og:title\" content=\"Ch\u00ednh s\u00e1ch ki\u1ec3m h\u00e0ng - Thuan Phong Solar Energy\" \/>\r\n<meta property=\"og:description\" content=\"Th\u1eddi \u0111i\u1ec3m ki\u1ec3m h\u00e0ng. Thu\u1eadn Phong Energy ch\u1ea5p nh\u1eadn cho kh\u00e1ch h\u00e0ng \u0111\u1ed3ng ki\u1ec3m v\u1edbi nh\u00e2n vi\u00ean giao h\u00e0ng t\u1ea1i th\u1eddi \u0111i\u1ec3m nh\u1eadn h\u00e0ng. Kh\u00f4ng h\u1ed7 tr\u1ee3 th\u1eed h\u00e0ng. Sau khi nh\u1eadn h\u00e0ng, kh\u00e1ch h\u00e0ng ki\u1ec3m l\u1ea1i ph\u00e1t hi\u1ec7n sai, c\u00f3 th\u1ec3 li\u00ean l\u1ea1c v\u1edbi b\u1ed9 ph\u1eadn ch\u0103m s\u00f3c kh\u00e1ch h\u00e0ng \u0111\u1ec3 \u0111\u01b0\u1ee3c h\u1ed7 tr\u1ee3...\" \/>\r\n<meta property=\"og:url\" content=\"https:\/\/tpenergy.com.vn\/?page_id=4736\" \/>\r\n<meta property=\"og:site_name\" content=\"Thuan Phong Solar Energy\" \/>\r\n<meta property=\"article:modified_time\" content=\"2024-05-16T08:38:09+00:00\" \/>\r\n<meta name=\"twitter:card\" content=\"summary_large_image\" \/>\r\n<script type=\"application\/ld+json\" class=\"yoast-schema-graph\">{\"@context\":\"https:\/\/schema.org\",\"@graph\":[{\"@type\":\"WebPage\",\"@id\":\"https:\/\/tpenergy.com.vn\/?page_id=4736\",\"url\":\"https:\/\/tpenergy.com.vn\/?page_id=4736\",\"name\":\"Ch\u00ednh s\u00e1ch ki\u1ec3m h\u00e0ng - Thuan Phong Solar Energy\",\"isPartOf\":{\"@id\":\"https:\/\/tpenergy.com.vn\/#website\"},\"datePublished\":\"2024-05-16T08:36:33+00:00\",\"dateModified\":\"2024-05-16T08:38:09+00:00\",\"breadcrumb\":{\"@id\":\"https:\/\/tpenergy.com.vn\/?page_id=4736#breadcrumb\"},\"inLanguage\":\"vi\",\"potentialAction\":[{\"@type\":\"ReadAction\",\"target\":[\"https:\/\/tpenergy.com.vn\/?page_id=4736\"]}]},{\"@type\":\"BreadcrumbList\",\"@id\":\"https:\/\/tpenergy.com.vn\/?page_id=4736#breadcrumb\",\"itemListElement\":[{\"@type\":\"ListItem\",\"position\":1,\"name\":\"Trang ch\u1ee7\",\"item\":\"https:\/\/tpenergy.com.vn\/\"},{\"@type\":\"ListItem\",\"position\":2,\"name\":\"Ch\u00ednh s\u00e1ch ki\u1ec3m h\u00e0ng\"}]},{\"@type\":\"WebSite\",\"@id\":\"https:\/\/tpenergy.com.vn\/#website\",\"url\":\"https:\/\/tpenergy.com.vn\/\",\"name\":\"Thuan Phong Solar Energy\",\"description\":\"\",\"potentialAction\":[{\"@type\":\"SearchAction\",\"target\":{\"@type\":\"EntryPoint\",\"urlTemplate\":\"https:\/\/tpenergy.com.vn\/?s={search_term_string}\"},\"query-input\":\"required name=search_term_string\"}],\"inLanguage\":\"vi\"}]}<\/script>\r\n<!-- \/ Yoast SEO plugin. -->","yoast_head_json":{"title":"Ch\u00ednh s\u00e1ch ki\u1ec3m h\u00e0ng - Thuan Phong Solar Energy","robots":{"index":"index","follow":"follow","max-snippet":"max-snippet:-1","max-image-preview":"max-image-preview:large","max-video-preview":"max-video-preview:-1"},"canonical":"https:\/\/tpenergy.com.vn\/?page_id=4736","og_locale":"vi_VN","og_type":"article","og_title":"Ch\u00ednh s\u00e1ch ki\u1ec3m h\u00e0ng - Thuan Phong Solar Energy","og_description":"Th\u1eddi \u0111i\u1ec3m ki\u1ec3m h\u00e0ng. Thu\u1eadn Phong Energy ch\u1ea5p nh\u1eadn cho kh\u00e1ch h\u00e0ng \u0111\u1ed3ng ki\u1ec3m v\u1edbi nh\u00e2n vi\u00ean giao h\u00e0ng t\u1ea1i th\u1eddi \u0111i\u1ec3m nh\u1eadn h\u00e0ng. Kh\u00f4ng h\u1ed7 tr\u1ee3 th\u1eed h\u00e0ng. Sau khi nh\u1eadn h\u00e0ng, kh\u00e1ch h\u00e0ng ki\u1ec3m l\u1ea1i ph\u00e1t hi\u1ec7n sai, c\u00f3 th\u1ec3 li\u00ean l\u1ea1c v\u1edbi b\u1ed9 ph\u1eadn ch\u0103m s\u00f3c kh\u00e1ch h\u00e0ng \u0111\u1ec3 \u0111\u01b0\u1ee3c h\u1ed7 tr\u1ee3...","og_url":"https:\/\/tpenergy.com.vn\/?page_id=4736","og_site_name":"Thuan Phong Solar Energy","article_modified_time":"2024-05-16T08:38:09+00:00","twitter_card":"summary_large_image","schema":{"@context":"https:\/\/schema.org","@graph":[{"@type":"WebPage","@id":"https:\/\/tpenergy.com.vn\/?page_id=4736","url":"https:\/\/tpenergy.com.vn\/?page_id=4736","name":"Ch\u00ednh s\u00e1ch ki\u1ec3m h\u00e0ng - Thuan Phong Solar Energy","isPartOf":{"@id":"https:\/\/tpenergy.com.vn\/#website"},"datePublished":"2024-05-16T08:36:33+00:00","dateModified":"2024-05-16T08:38:09+00:00","breadcrumb":{"@id":"https:\/\/tpenergy.com.vn\/?page_id=4736#breadcrumb"},"inLanguage":"vi","potentialAction":[{"@type":"ReadAction","target":["https:\/\/tpenergy.com.vn\/?page_id=4736"]}]},{"@type":"BreadcrumbList","@id":"https:\/\/tpenergy.com.vn\/?page_id=4736#breadcrumb","itemListElement":[{"@type":"ListItem","position":1,"name":"Trang ch\u1ee7","item":"https:\/\/tpenergy.com.vn\/"},{"@type":"ListItem","position":2,"name":"Ch\u00ednh s\u00e1ch ki\u1ec3m h\u00e0ng"}]},{"@type":"WebSite","@id":"https:\/\/tpenergy.com.vn\/#website","url":"https:\/\/tpenergy.com.vn\/","name":"Thuan Phong Solar Energy","description":"","potentialAction":[{"@type":"SearchAction","target":{"@type":"EntryPoint","urlTemplate":"https:\/\/tpenergy.com.vn\/?s={search_term_string}"},"query-input":"required name=search_term_string"}],"inLanguage":"vi"}]}},"_links":{"self":[{"href":"https:\/\/tpenergy.com.vn\/index.php?rest_route=\/wp\/v2\/pages\/4736"}],"collection":[{"href":"https:\/\/tpenergy.com.vn\/index.php?rest_route=\/wp\/v2\/pages"}],"about":[{"href":"https:\/\/tpenergy.com.vn\/index.php?rest_route=\/wp\/v2\/types\/page"}],"author":[{"embeddable":true,"href":"https:\/\/tpenergy.com.vn\/index.php?rest_route=\/wp\/v2\/users\/4"}],"replies":[{"embeddable":true,"href":"https:\/\/tpenergy.com.vn\/index.php?rest_route=%2Fwp%2Fv2%2Fcomments&post=4736"}],"version-history":[{"count":2,"href":"https:\/\/tpenergy.com.vn\/index.php?rest_route=\/wp\/v2\/pages\/4736\/revisions"}],"predecessor-version":[{"id":4738,"href":"https:\/\/tpenergy.com.vn\/index.php?rest_route=\/wp\/v2\/pages\/4736\/revisions\/4738"}],"wp:attachment":[{"href":"https:\/\/tpenergy.com.vn\/index.php?rest_route=%2Fwp%2Fv2%2Fmedia&parent=4736"}],"curies":[{"name":"wp","href":"https:\/\/api.w.org\/{rel}","templated":true}]}}